{"id":8635,"date":"2018-10-11T14:32:17","date_gmt":"2018-10-11T12:32:17","guid":{"rendered":"https:\/\/www.blackfridaydeals.ch\/?page_id=8635"},"modified":"2026-02-17T08:48:43","modified_gmt":"2026-02-17T07:48:43","slug":"nintendo-switch-oled-it","status":"publish","type":"page","link":"https:\/\/www.blackfridaydeals.ch\/it\/nintendo-switch-oled-it\/","title":{"rendered":"Nintendo Switch OLED per il Black Friday"},"content":{"rendered":"<p>[vc_row][vc_column]\n[vc_column_text]<img decoding=\"async\" class=\"alignright\" src=\"https:\/\/www.blackfridaydeals.ch\/wp-content\/uploads\/2021\/08\/nintendo-nintendo-switch-oled-weiss-konsole-240x300.jpg\" alt=\"nintendo switch oled\" \/>La console OLED di Nintendo Switch \u00e8 stata lanciata l\u20198 ottobre 2021 e ha continuato a conquistare un grande pubblico grazie al suo schermo rinnovato e alle sue funzionalit\u00e0 migliorate. Oltre alla versione classica in bianco\/nero, sono state introdotte varianti speciali, come l\u2019edizione Splatoon 3 e la pi\u00f9 recente Zelda: Tears of the Kingdom Edition, con un design ispirato alle rispettive saghe. La differenza principale rispetto al normale Nintendo Switch rimane comunque il nuovo e migliorato schermo con la famosa tecnologia OLED, che offre migliori valori di contrasto e quindi una migliore riproduzione dei colori.<\/p>\n<p>Come gi\u00e0 sappiamo, le console Nintendo Switch hanno sempre un prezzo piuttosto elevato e raramente vengono scontate. Tuttavia, ci sono gi\u00e0 state alcune buone promozioni di pre-ordine, dove si poteva, per esempio, acquistare la nuova console da <a href=\"https:\/\/www.blackfridaydeals.ch\/it\/shops\/amazon-it\/\">Amazon<\/a> per 344 franchi.<\/p>\n<p><img decoding=\"async\" class=\"aligncenter\" src=\"https:\/\/www.blackfridaydeals.ch\/wp-content\/uploads\/2021\/08\/nintendo-switch-oled-bestpreis.png\" alt=\"nintendo switch oled bestpreis\" \/><br \/>\nNel frattempo, la console \u00e8 stata anche disponibile a meno su <a href=\"https:\/\/www.blackfridaydeals.ch\/it\/shops\/interdiscount-it\/\">Interdiscount<\/a> come parte di una promozione del 10%. A parte questo, non ci sono state offerte speciali e la console \u00e8 spesso disponibile solo al prezzo di vendita consigliato di 399 CHF.<\/p>\n<p>La nuova console portatile o casalinga Nintendo Switch OLED \u00e8 dotata di un display OLED a colori, che \u00e8 anche pi\u00f9 grande di quello della Nintendo Switch V2 (come puoi gi\u00e0 intuire dal nome). La tecnologia OLED \u00e8 molto conosciuta nei televisori OLED di LG, Sony, Philips e Panasonic. I diodi auto-illuminanti possono essere spenti completamente, a seconda della situazione, generando cos\u00ec neri veramente profondi. Raggiunge livelli di contrasto impareggiabili, permettendo una riproduzione dei colori pi\u00f9 accurata. Anche la dimensione dello schermo \u00e8 aumentata a un impressionante 7 pollici invece dei 6,2 pollici del modello precedente.<\/p>\n<p>Un&#8217;altra innovazione \u00e8 il supporto dietro la console in modalit\u00e0 manuale. Ora \u00e8 molto pi\u00f9 grande e offre una maggiore stabilit\u00e0. L&#8217;angolo \u00e8 anche liberamente regolabile fino a un certo punto ed \u00e8 un grande valore aggiunto, specialmente per i giochi da tavolo.<\/p>\n<p>Un altro cambiamento notevole \u00e8 la memoria integrata. Mentre la Nintendo Switch V2 aveva 32 GB, la Nintendo Switch OLED ora offre 64 GB nella versione standard.<\/p>\n<p>Da segnalare anche i nuovi altoparlanti, che sono pi\u00f9 potenti e dovrebbero offrire una sensazione maggiormente spaziale.<\/p>\n<p>Infine, ci sono alcune aggiunte per quanto riguarda le porte. Oltre alle porte HDMI e USB 2.1, che sono disponibili anche sul vecchio modello, ora c&#8217;\u00e8 una porta LAN in pi\u00f9. Questo consente di avere una connessione internet pi\u00f9 stabile se la LAN wireless non funziona in modo affidabile o se ci sono altri dispositivi collegati.<\/p>\n<h2>La Nintendo Switch OLED sar\u00e0 disponibile ad un prezzo vantaggioso durante il Black Friday 2026?<\/h2>\n<p>Fare una stima per il <a href=\"https:\/\/www.blackfridaydeals.ch\/black-friday-2026\/\">Black Friday 2026<\/a> non \u00e8 cos\u00ec semplice. Da un lato, bisogna tenere conto delle continue difficolt\u00e0 di approvvigionamento dei componenti elettronici, che hanno portato a limitazioni di scorte e aumenti di prezzo (come per le schede grafiche o la Playstation 5). Dall\u2019altro, la console Nintendo Switch OLED (inclusa la nuova Zelda Edition) continua ad essere molto richiesta. Pensiamo che anche la Svizzera potrebbe trovarsi a corto di Nintendo Switch OLED e che quindi non ci saranno ulteriori campagne di sconto clamorose. Ma chiss\u00e0, forse la concorrenza di <a href=\"https:\/\/www.blackfridaydeals.ch\/it\/playstation-5-black-friday\/\">Playstation 5<\/a> e <a href=\"https:\/\/www.blackfridaydeals.ch\/it\/xbox-series-x-2\/\">Xbox Series X<\/a> potrebbe comunque fare effetto e potremmo vedere degli sconti sulla nuova console di Nintendo.<\/p>\n<h2><span>Questa \u00e8 la Nintendo Switch OLED!<\/span><\/h2>\n<p><iframe title=\"SWITCH OLED: RECENSIONE e CONFRONTO con Switch STANDARD e LITE\" src=\"https:\/\/www.youtube.com\/embed\/iAhF3EjJnKg\" width=\"1280\" height=\"720\" frameborder=\"0\" allowfullscreen=\"allowfullscreen\"><\/iframe>[\/vc_column_text][\/vc_column][\/vc_row]<\/p>\n","protected":false},"excerpt":{"rendered":"<p>[vc_row][vc_column][vc_column_text]La console OLED di Nintendo Switch \u00e8 stata lanciata l\u20198 ottobre 2021 e ha continuato a conquistare un grande pubblico grazie al suo schermo rinnovato e alle sue funzionalit\u00e0 migliorate. Oltre alla versione classica in bianco\/nero, sono state introdotte varianti speciali, come l\u2019edizione Splatoon 3 e la pi\u00f9 recente Zelda: Tears of the Kingdom Edition, [&hellip;]<\/p>\n","protected":false},"author":40,"featured_media":35852,"parent":0,"menu_order":0,"comment_status":"closed","ping_status":"closed","template":"","meta":[],"yoast_head":"<!-- This site is optimized with the Yoast SEO plugin v20.5 - https:\/\/yoast.com\/wordpress\/plugins\/seo\/ -->\n<title>Nintendo Switch OLED per il Black Friday 2026<\/title>\n<meta name=\"description\" content=\"Le migliori offerte del Black Friday 2026 per il Nintendo Switch OLED. Solo su blackfridaydeals.ch puoi trovare la grande panoramica.\" \/>\n<meta name=\"robots\" content=\"index, follow, max-snippet:-1, max-image-preview:large, max-video-preview:-1\" \/>\n<link rel=\"canonical\" href=\"https:\/\/www.blackfridaydeals.ch\/it\/nintendo-switch-oled-it\/\" \/>\n<meta property=\"og:locale\" content=\"it_IT\" \/>\n<meta property=\"og:type\" content=\"article\" \/>\n<meta property=\"og:title\" content=\"Nintendo Switch OLED per il Black Friday 2026\" \/>\n<meta property=\"og:description\" content=\"Le migliori offerte del Black Friday 2026 per il Nintendo Switch OLED. Solo su blackfridaydeals.ch puoi trovare la grande panoramica.\" \/>\n<meta property=\"og:url\" content=\"https:\/\/www.blackfridaydeals.ch\/it\/nintendo-switch-oled-it\/\" \/>\n<meta property=\"og:site_name\" content=\"blackfridaydeals.ch\" \/>\n<meta property=\"article:publisher\" content=\"https:\/\/www.facebook.com\/blackfridaydealsch\/\" \/>\n<meta property=\"article:modified_time\" content=\"2026-02-17T07:48:43+00:00\" \/>\n<meta property=\"og:image\" content=\"https:\/\/www.blackfridaydeals.ch\/wp-content\/uploads\/2021\/08\/nintendo-switch-oled.jpg\" \/>\n\t<meta property=\"og:image:width\" content=\"1280\" \/>\n\t<meta property=\"og:image:height\" content=\"720\" \/>\n\t<meta property=\"og:image:type\" content=\"image\/jpeg\" \/>\n<meta name=\"twitter:card\" content=\"summary_large_image\" \/>\n<meta name=\"twitter:site\" content=\"@blackfridaych\" \/>\n<meta name=\"twitter:label1\" content=\"Est. reading time\" \/>\n\t<meta name=\"twitter:data1\" content=\"4 minutes\" \/>\n<script type=\"application\/ld+json\" class=\"yoast-schema-graph\">{\"@context\":\"https:\/\/schema.org\",\"@graph\":[{\"@type\":\"WebPage\",\"@id\":\"https:\/\/www.blackfridaydeals.ch\/it\/nintendo-switch-oled-it\/\",\"url\":\"https:\/\/www.blackfridaydeals.ch\/it\/nintendo-switch-oled-it\/\",\"name\":\"Nintendo Switch OLED per il Black Friday 2026\",\"isPartOf\":{\"@id\":\"https:\/\/www.blackfridaydeals.ch\/it\/#website\"},\"datePublished\":\"2018-10-11T12:32:17+00:00\",\"dateModified\":\"2026-02-17T07:48:43+00:00\",\"description\":\"Le migliori offerte del Black Friday 2026 per il Nintendo Switch OLED. Solo su blackfridaydeals.ch puoi trovare la grande panoramica.\",\"breadcrumb\":{\"@id\":\"https:\/\/www.blackfridaydeals.ch\/it\/nintendo-switch-oled-it\/#breadcrumb\"},\"inLanguage\":\"it-CH\",\"potentialAction\":[{\"@type\":\"ReadAction\",\"target\":[\"https:\/\/www.blackfridaydeals.ch\/it\/nintendo-switch-oled-it\/\"]}]},{\"@type\":\"BreadcrumbList\",\"@id\":\"https:\/\/www.blackfridaydeals.ch\/it\/nintendo-switch-oled-it\/#breadcrumb\",\"itemListElement\":[{\"@type\":\"ListItem\",\"position\":1,\"name\":\"Startseite\",\"item\":\"https:\/\/www.blackfridaydeals.ch\/it\/\"},{\"@type\":\"ListItem\",\"position\":2,\"name\":\"Nintendo Switch OLED per il Black Friday\"}]},{\"@type\":\"WebSite\",\"@id\":\"https:\/\/www.blackfridaydeals.ch\/it\/#website\",\"url\":\"https:\/\/www.blackfridaydeals.ch\/it\/\",\"name\":\"blackfridaydeals.ch\",\"description\":\"Tutte le offerte del Black Friday 2025 in Svizzera\",\"publisher\":{\"@id\":\"https:\/\/www.blackfridaydeals.ch\/it\/#organization\"},\"alternateName\":\"Black Friday Deals\",\"potentialAction\":[{\"@type\":\"SearchAction\",\"target\":{\"@type\":\"EntryPoint\",\"urlTemplate\":\"https:\/\/www.blackfridaydeals.ch\/it\/?s={search_term_string}\"},\"query-input\":\"required name=search_term_string\"}],\"inLanguage\":\"it-CH\"},{\"@type\":\"Organization\",\"@id\":\"https:\/\/www.blackfridaydeals.ch\/it\/#organization\",\"name\":\"blackfridaydeals.ch\",\"alternateName\":\"Black Friday Deals\",\"url\":\"https:\/\/www.blackfridaydeals.ch\/it\/\",\"logo\":{\"@type\":\"ImageObject\",\"inLanguage\":\"it-CH\",\"@id\":\"https:\/\/www.blackfridaydeals.ch\/it\/#\/schema\/logo\/image\/\",\"url\":\"https:\/\/www.blackfridaydeals.ch\/wp-content\/uploads\/2023\/03\/app-icon-white-bg-jpg.jpg\",\"contentUrl\":\"https:\/\/www.blackfridaydeals.ch\/wp-content\/uploads\/2023\/03\/app-icon-white-bg-jpg.jpg\",\"width\":512,\"height\":512,\"caption\":\"blackfridaydeals.ch\"},\"image\":{\"@id\":\"https:\/\/www.blackfridaydeals.ch\/it\/#\/schema\/logo\/image\/\"},\"sameAs\":[\"https:\/\/www.facebook.com\/blackfridaydealsch\/\",\"https:\/\/twitter.com\/blackfridaych\",\"https:\/\/www.youtube.com\/channel\/UCNKXHacMw8AS34mBgzVx3FQ\",\"https:\/\/www.instagram.com\/blackfridaydeals.ch\/\"]}]}<\/script>\n<!-- \/ Yoast SEO plugin. -->","yoast_head_json":{"title":"Nintendo Switch OLED per il Black Friday 2026","description":"Le migliori offerte del Black Friday 2026 per il Nintendo Switch OLED. Solo su blackfridaydeals.ch puoi trovare la grande panoramica.","robots":{"index":"index","follow":"follow","max-snippet":"max-snippet:-1","max-image-preview":"max-image-preview:large","max-video-preview":"max-video-preview:-1"},"canonical":"https:\/\/www.blackfridaydeals.ch\/it\/nintendo-switch-oled-it\/","og_locale":"it_IT","og_type":"article","og_title":"Nintendo Switch OLED per il Black Friday 2026","og_description":"Le migliori offerte del Black Friday 2026 per il Nintendo Switch OLED. Solo su blackfridaydeals.ch puoi trovare la grande panoramica.","og_url":"https:\/\/www.blackfridaydeals.ch\/it\/nintendo-switch-oled-it\/","og_site_name":"blackfridaydeals.ch","article_publisher":"https:\/\/www.facebook.com\/blackfridaydealsch\/","article_modified_time":"2026-02-17T07:48:43+00:00","og_image":[{"width":1280,"height":720,"url":"https:\/\/www.blackfridaydeals.ch\/wp-content\/uploads\/2021\/08\/nintendo-switch-oled.jpg","type":"image\/jpeg"}],"twitter_card":"summary_large_image","twitter_site":"@blackfridaych","twitter_misc":{"Est. reading time":"4 minutes"},"schema":{"@context":"https:\/\/schema.org","@graph":[{"@type":"WebPage","@id":"https:\/\/www.blackfridaydeals.ch\/it\/nintendo-switch-oled-it\/","url":"https:\/\/www.blackfridaydeals.ch\/it\/nintendo-switch-oled-it\/","name":"Nintendo Switch OLED per il Black Friday 2026","isPartOf":{"@id":"https:\/\/www.blackfridaydeals.ch\/it\/#website"},"datePublished":"2018-10-11T12:32:17+00:00","dateModified":"2026-02-17T07:48:43+00:00","description":"Le migliori offerte del Black Friday 2026 per il Nintendo Switch OLED. Solo su blackfridaydeals.ch puoi trovare la grande panoramica.","breadcrumb":{"@id":"https:\/\/www.blackfridaydeals.ch\/it\/nintendo-switch-oled-it\/#breadcrumb"},"inLanguage":"it-CH","potentialAction":[{"@type":"ReadAction","target":["https:\/\/www.blackfridaydeals.ch\/it\/nintendo-switch-oled-it\/"]}]},{"@type":"BreadcrumbList","@id":"https:\/\/www.blackfridaydeals.ch\/it\/nintendo-switch-oled-it\/#breadcrumb","itemListElement":[{"@type":"ListItem","position":1,"name":"Startseite","item":"https:\/\/www.blackfridaydeals.ch\/it\/"},{"@type":"ListItem","position":2,"name":"Nintendo Switch OLED per il Black Friday"}]},{"@type":"WebSite","@id":"https:\/\/www.blackfridaydeals.ch\/it\/#website","url":"https:\/\/www.blackfridaydeals.ch\/it\/","name":"blackfridaydeals.ch","description":"Tutte le offerte del Black Friday 2025 in Svizzera","publisher":{"@id":"https:\/\/www.blackfridaydeals.ch\/it\/#organization"},"alternateName":"Black Friday Deals","potentialAction":[{"@type":"SearchAction","target":{"@type":"EntryPoint","urlTemplate":"https:\/\/www.blackfridaydeals.ch\/it\/?s={search_term_string}"},"query-input":"required name=search_term_string"}],"inLanguage":"it-CH"},{"@type":"Organization","@id":"https:\/\/www.blackfridaydeals.ch\/it\/#organization","name":"blackfridaydeals.ch","alternateName":"Black Friday Deals","url":"https:\/\/www.blackfridaydeals.ch\/it\/","logo":{"@type":"ImageObject","inLanguage":"it-CH","@id":"https:\/\/www.blackfridaydeals.ch\/it\/#\/schema\/logo\/image\/","url":"https:\/\/www.blackfridaydeals.ch\/wp-content\/uploads\/2023\/03\/app-icon-white-bg-jpg.jpg","contentUrl":"https:\/\/www.blackfridaydeals.ch\/wp-content\/uploads\/2023\/03\/app-icon-white-bg-jpg.jpg","width":512,"height":512,"caption":"blackfridaydeals.ch"},"image":{"@id":"https:\/\/www.blackfridaydeals.ch\/it\/#\/schema\/logo\/image\/"},"sameAs":["https:\/\/www.facebook.com\/blackfridaydealsch\/","https:\/\/twitter.com\/blackfridaych","https:\/\/www.youtube.com\/channel\/UCNKXHacMw8AS34mBgzVx3FQ","https:\/\/www.instagram.com\/blackfridaydeals.ch\/"]}]}},"_links":{"self":[{"href":"https:\/\/www.blackfridaydeals.ch\/it\/wp-json\/wp\/v2\/pages\/8635"}],"collection":[{"href":"https:\/\/www.blackfridaydeals.ch\/it\/wp-json\/wp\/v2\/pages"}],"about":[{"href":"https:\/\/www.blackfridaydeals.ch\/it\/wp-json\/wp\/v2\/types\/page"}],"author":[{"embeddable":true,"href":"https:\/\/www.blackfridaydeals.ch\/it\/wp-json\/wp\/v2\/users\/40"}],"replies":[{"embeddable":true,"href":"https:\/\/www.blackfridaydeals.ch\/it\/wp-json\/wp\/v2\/comments?post=8635"}],"version-history":[{"count":17,"href":"https:\/\/www.blackfridaydeals.ch\/it\/wp-json\/wp\/v2\/pages\/8635\/revisions"}],"predecessor-version":[{"id":110024,"href":"https:\/\/www.blackfridaydeals.ch\/it\/wp-json\/wp\/v2\/pages\/8635\/revisions\/110024"}],"wp:featuredmedia":[{"embeddable":true,"href":"https:\/\/www.blackfridaydeals.ch\/it\/wp-json\/wp\/v2\/media\/35852"}],"wp:attachment":[{"href":"https:\/\/www.blackfridaydeals.ch\/it\/wp-json\/wp\/v2\/media?parent=8635"}],"curies":[{"name":"wp","href":"https:\/\/api.w.org\/{rel}","templated":true}]}}