{"id":8617,"date":"2018-10-11T13:50:00","date_gmt":"2018-10-11T11:50:00","guid":{"rendered":"https:\/\/www.blackfridaydeals.ch\/?page_id=8617"},"modified":"2026-02-17T08:47:44","modified_gmt":"2026-02-17T07:47:44","slug":"nintendo-switch-black-friday","status":"publish","type":"page","link":"https:\/\/www.blackfridaydeals.ch\/it\/nintendo-switch-black-friday\/","title":{"rendered":"Nintendo Switch: Quale sar\u00e0 il prezzo della console per il Black Friday?"},"content":{"rendered":"<p>[vc_row][vc_column][vc_custom_heading text=&#8221;Nintendo Switch: quale sar\u00e0 il prezzo della console in occasione del Black Friday ?&#8221; font_container=&#8221;tag:h1|font_size:30px|text_align:center|line_height:36px&#8221; google_fonts=&#8221;font_family:Raleway%3A100%2C200%2C300%2Cregular%2C500%2C600%2C700%2C800%2C900|font_style:400%20regular%3A400%3Anormal&#8221;]\n[vc_column_text]<img decoding=\"async\" class=\"alignright\" title=\"Nintendo Switch Black Friday\" src=\"https:\/\/www.blackfridaydeals.ch\/wp-content\/uploads\/2018\/04\/Nintendo-Switch-300x220.jpg\" alt=\"Nintendo Switch Black Friday\" width=\"300\" height=\"220\" \/><br \/>\nLa Nintendo Switch \u00e8 una delle tre console di gioco pi\u00f9 famose, accanto alla PlayStation 5 e alla Xbox Serie X. La Switch \u00e8 stata rilasciata nel marzo 2017, quindi \u00e8 gi\u00e0 sul mercato da diversi anni. Per questo motivo sarebbe una candidata ideale per un posto in prima fila al\u00a0<a href=\"https:\/\/www.blackfridaydeals.ch\/it\/\"><strong>Black Friday<\/strong><\/a>\u00a02026 ad un prezzo eccezionale.<\/p>\n<p>In occasione del Black Friday 2019, Nintendo ha annunciato l&#8217;uscita della nuova Nintendo Switch V2. Successivamente, abbiamo assistito al lancio della <a href=\"https:\/\/www.blackfridaydeals.ch\/it\/nintendo-switch-oled-it\/\">versione OLED<\/a>, proposta anche in edizioni speciali ispirate a Pok\u00e9mon, Splatoon 3 e The Legend of Zelda: Tears of the Kingdom. Ci\u00f2 rende gli sconti particolarmente attesi, soprattutto perch\u00e9 Sony, con la sempre popolarissima <a href=\"https:\/\/www.blackfridaydeals.ch\/it\/playstation-5-black-friday\/\">PlayStation 5<\/a>, e Microsoft, con la\u00a0<a href=\"https:\/\/www.blackfridaydeals.ch\/it\/xbox-series-x-2\/\">Xbox Serie X<\/a>, continuano a suscitare curiosit\u00e0 in vista dell&#8217;evento commerciale.<\/p>\n<h2>Qual \u00e8 il prezzo di Nintendo Switch in occasione del Black Friday 2026?<\/h2>\n<p>Molti rivenditori svizzeri propongono la Nintendo Switch. E non \u00e8 certo una sorpresa, considerando la popolarit\u00e0 della console di gioco.<br \/>\nPossiamo ricordare diversi negozi, come\u00a0<a href=\"https:\/\/www.blackfridaydeals.ch\/it\/shops\/mediamarkt-it\/\">MediaMarkt<\/a>,\u00a0<a href=\"https:\/\/www.blackfridaydeals.ch\/it\/shops\/digitec-it\/\">digitec<\/a>, <a href=\"https:\/\/www.blackfridaydeals.ch\/it\/shops\/brack-it\/\">BRACK.ch<\/a> o\u00a0<a href=\"https:\/\/www.blackfridaydeals.ch\/it\/shops\/interdiscount-it\/\">Interdiscount<\/a>, tra gli altri, noti per lanciare offerte a prezzi stracciati in occasione del Black Friday.<\/p>\n<p>Per valutare il prezzo offerto durante il Black Friday, dobbiamo prima di tutto guardare il prezzo offerto per la Nintendo Switch durante le ultime offerte pi\u00f9 interessanti (in bundle e senza bundle) e vedere come si \u00e8 evoluto nel tempo. Il modo pi\u00f9 semplice ed efficace per farlo \u00e8 effettuare una ricerca sul sito <a href=\"https:\/\/www.preispirat.ch\">Preispirat.ch<\/a>:<\/p>\n<p><img decoding=\"async\" class=\"aligncenter size-large wp-image-36568\" src=\"https:\/\/www.blackfridaydeals.ch\/wp-content\/uploads\/2021\/09\/nintendo_switch_bestpreis-1024x337.png\" alt=\"\" width=\"840\" height=\"276\" srcset=\"https:\/\/www.blackfridaydeals.ch\/wp-content\/uploads\/2021\/09\/nintendo_switch_bestpreis-1024x337.png 1024w, https:\/\/www.blackfridaydeals.ch\/wp-content\/uploads\/2021\/09\/nintendo_switch_bestpreis-300x99.png 300w, https:\/\/www.blackfridaydeals.ch\/wp-content\/uploads\/2021\/09\/nintendo_switch_bestpreis-766x252.png 766w, https:\/\/www.blackfridaydeals.ch\/wp-content\/uploads\/2021\/09\/nintendo_switch_bestpreis-1536x505.png 1536w, https:\/\/www.blackfridaydeals.ch\/wp-content\/uploads\/2021\/09\/nintendo_switch_bestpreis-2048x674.png 2048w, https:\/\/www.blackfridaydeals.ch\/wp-content\/uploads\/2021\/09\/nintendo_switch_bestpreis-788x259.png 788w, https:\/\/www.blackfridaydeals.ch\/wp-content\/uploads\/2021\/09\/nintendo_switch_bestpreis-150x49.png 150w, https:\/\/www.blackfridaydeals.ch\/wp-content\/uploads\/2021\/09\/nintendo_switch_bestpreis.png 833w\" sizes=\"(max-width: 840px) 100vw, 840px\" \/><br \/>\nCome puoi vedere, l&#8217;ultima occasione interessante per la Nintendo Switch risale all&#8217;ottobre 2020, quindi puoi constatare che le offerte vantaggiose per la popolare console portatile sono piuttosto rare. Ecco perch\u00e9 devi essere veloce quando la console raggiunge un prezzo interessante o viene scontata. Nel corso degli anni, il prezzo della console \u00e8 rimasto stabile tra i 299 e i 329 franchi, una fascia che si ripresenta regolarmente nelle promozioni.<\/p>\n<p>Se un negozio propone ora un prezzo estremamente interessante per la console, questo deve essere almeno significativamente inferiore ai 299 CHF che sono stati offerti di tanto in tanto. Pertanto, ipotizziamo un&#8217;offerta di 249 franchi svizzeri in occasione del Black Friday 2026. Questo prezzo \u00e8 realistico se consideriamo che Nintendo potrebbe voler incrementare ancora le vendite delle sue console in un mercato dove i concorrenti stanno dominando con modelli next-gen.<\/p>\n<p>Il prezzo va anche messo in prospettiva: sinora, la Xbox One S 500GB con un gioco \u00e8 stata pi\u00f9 volte disponibile in Svizzera a meno di 130 franchi svizzeri, il che \u00e8 comprensibile visto che si tratta di un modello fuori produzione. La console Xbox Series S next-gen, invece, \u00e8 gi\u00e0 stata avvistata in offerta a soli 270 franchi svizzeri, un prezzo scontato davvero interessante.<\/p>\n<h2>Bundle delle console Nintendo in occasione del Black Friday 2026<\/h2>\n<p>Con ogni probabilit\u00e0, durante il Black Friday 2026, diversi bundle di Nintendo Switch verranno offerti a prezzo scontato. I bundle con Mario Kart 8 o Monster Hunter Rise Edition potrebbero essere i candidati pi\u00f9 gettonati. Anche i pacchetti con i giochi della serie The Legend of Zelda sono molto popolari e diffusi. Questo vale sia per Breath of the Wild, che ha venduto milioni di copie, sia per il pi\u00f9 recente Tears of the Kingdom, disponibile anche in una speciale versione OLED della console. Nintendo sta infatti puntando molto sulle edizioni personalizzate della Switch OLED, come quelle dedicate a Splatoon 3 o a Pok\u00e9mon Scarlatto e Violetto.<br \/>\nSalvo alcune offerte intorno a giugno 2022, il prezzo di pacchetti come Zelda &#8211; Breath of the Wild, Mario Kart 8 o New Super Mario Bros. U Deluxe \u00e8 rimasto quasi sempre sopra i 319 CHF. Attualmente, i bundle con i giochi pi\u00f9 recenti costano circa 350 CHF sul sito ufficiale. Puoi per\u00f2 trovare anche pacchetti con giochi un po\u2019 pi\u00f9 datati per circa 300 CHF, o addirittura meno presso determinati rivenditori.<\/p>\n<p>Possiamo immaginare che le confezioni contenenti giochi meno recenti o i giochi sopra citati saranno offerte a partire da 279 franchi svizzeri. Sar\u00e0 anche possibile usufruire di sconti pi\u00f9 consistenti se un fornitore proporr\u00e0 sconti forfettari per il Black Friday. Con uno sconto del 30%, potremmo ipotizzare un bundle a poco pi\u00f9 di 200 CHF, anche se queste offerte non sono scontate. Pertanto, sar\u00e0 opportuno tenere gli occhi aperti sulle offerte relative alla console Nintendo Switch durante il Black Friday.<\/p>\n<p>Ecco un video con una prova della console Nintendo:<\/p>\n<p><iframe src=\"https:\/\/www.youtube.com\/embed\/sXQaL-YZSSc\" width=\"956\" height=\"538\" frameborder=\"0\" allowfullscreen=\"allowfullscreen\"><\/iframe>[\/vc_column_text][\/vc_column][\/vc_row]<\/p>\n","protected":false},"excerpt":{"rendered":"<p>[vc_row][vc_column][vc_custom_heading text=&#8221;Nintendo Switch: quale sar\u00e0 il prezzo della console in occasione del Black Friday ?&#8221; font_container=&#8221;tag:h1|font_size:30px|text_align:center|line_height:36px&#8221; google_fonts=&#8221;font_family:Raleway%3A100%2C200%2C300%2Cregular%2C500%2C600%2C700%2C800%2C900|font_style:400%20regular%3A400%3Anormal&#8221;][vc_column_text] La Nintendo Switch \u00e8 una delle tre console di gioco pi\u00f9 famose, accanto alla PlayStation 5 e alla Xbox Serie X. La Switch \u00e8 stata rilasciata nel marzo 2017, quindi \u00e8 gi\u00e0 sul mercato da diversi anni. Per [&hellip;]<\/p>\n","protected":false},"author":40,"featured_media":5915,"parent":0,"menu_order":0,"comment_status":"closed","ping_status":"closed","template":"","meta":[],"yoast_head":"<!-- This site is optimized with the Yoast SEO plugin v20.5 - https:\/\/yoast.com\/wordpress\/plugins\/seo\/ -->\n<title>Nintendo Switch: Quanto costa la console per il Black Friday?<\/title>\n<meta name=\"description\" content=\"Le migliori offerte del Black Friday 2026 per il Nintendo Switch. Solo su blackfridaydeals.ch puoi trovare la grande panoramica.\" \/>\n<meta name=\"robots\" content=\"index, follow, max-snippet:-1, max-image-preview:large, max-video-preview:-1\" \/>\n<link rel=\"canonical\" href=\"https:\/\/www.blackfridaydeals.ch\/it\/nintendo-switch-black-friday\/\" \/>\n<meta property=\"og:locale\" content=\"it_IT\" \/>\n<meta property=\"og:type\" content=\"article\" \/>\n<meta property=\"og:title\" content=\"Nintendo Switch: Quanto costa la console per il Black Friday?\" \/>\n<meta property=\"og:description\" content=\"Le migliori offerte del Black Friday 2026 per il Nintendo Switch. Solo su blackfridaydeals.ch puoi trovare la grande panoramica.\" \/>\n<meta property=\"og:url\" content=\"https:\/\/www.blackfridaydeals.ch\/it\/nintendo-switch-black-friday\/\" \/>\n<meta property=\"og:site_name\" content=\"blackfridaydeals.ch\" \/>\n<meta property=\"article:publisher\" content=\"https:\/\/www.facebook.com\/blackfridaydealsch\/\" \/>\n<meta property=\"article:modified_time\" content=\"2026-02-17T07:47:44+00:00\" \/>\n<meta property=\"og:image\" content=\"https:\/\/www.blackfridaydeals.ch\/wp-content\/uploads\/2018\/04\/Nintendo-Switch.jpg\" \/>\n\t<meta property=\"og:image:width\" content=\"425\" \/>\n\t<meta property=\"og:image:height\" content=\"312\" \/>\n\t<meta property=\"og:image:type\" content=\"image\/jpeg\" \/>\n<meta name=\"twitter:card\" content=\"summary_large_image\" \/>\n<meta name=\"twitter:site\" content=\"@blackfridaych\" \/>\n<meta name=\"twitter:label1\" content=\"Est. reading time\" \/>\n\t<meta name=\"twitter:data1\" content=\"5 minutes\" \/>\n<script type=\"application\/ld+json\" class=\"yoast-schema-graph\">{\"@context\":\"https:\/\/schema.org\",\"@graph\":[{\"@type\":\"WebPage\",\"@id\":\"https:\/\/www.blackfridaydeals.ch\/it\/nintendo-switch-black-friday\/\",\"url\":\"https:\/\/www.blackfridaydeals.ch\/it\/nintendo-switch-black-friday\/\",\"name\":\"Nintendo Switch: Quanto costa la console per il Black Friday?\",\"isPartOf\":{\"@id\":\"https:\/\/www.blackfridaydeals.ch\/it\/#website\"},\"datePublished\":\"2018-10-11T11:50:00+00:00\",\"dateModified\":\"2026-02-17T07:47:44+00:00\",\"description\":\"Le migliori offerte del Black Friday 2026 per il Nintendo Switch. Solo su blackfridaydeals.ch puoi trovare la grande panoramica.\",\"breadcrumb\":{\"@id\":\"https:\/\/www.blackfridaydeals.ch\/it\/nintendo-switch-black-friday\/#breadcrumb\"},\"inLanguage\":\"it-CH\",\"potentialAction\":[{\"@type\":\"ReadAction\",\"target\":[\"https:\/\/www.blackfridaydeals.ch\/it\/nintendo-switch-black-friday\/\"]}]},{\"@type\":\"BreadcrumbList\",\"@id\":\"https:\/\/www.blackfridaydeals.ch\/it\/nintendo-switch-black-friday\/#breadcrumb\",\"itemListElement\":[{\"@type\":\"ListItem\",\"position\":1,\"name\":\"Startseite\",\"item\":\"https:\/\/www.blackfridaydeals.ch\/it\/\"},{\"@type\":\"ListItem\",\"position\":2,\"name\":\"Nintendo Switch: Quale sar\u00e0 il prezzo della console per il Black Friday?\"}]},{\"@type\":\"WebSite\",\"@id\":\"https:\/\/www.blackfridaydeals.ch\/it\/#website\",\"url\":\"https:\/\/www.blackfridaydeals.ch\/it\/\",\"name\":\"blackfridaydeals.ch\",\"description\":\"Tutte le offerte del Black Friday 2025 in Svizzera\",\"publisher\":{\"@id\":\"https:\/\/www.blackfridaydeals.ch\/it\/#organization\"},\"alternateName\":\"Black Friday Deals\",\"potentialAction\":[{\"@type\":\"SearchAction\",\"target\":{\"@type\":\"EntryPoint\",\"urlTemplate\":\"https:\/\/www.blackfridaydeals.ch\/it\/?s={search_term_string}\"},\"query-input\":\"required name=search_term_string\"}],\"inLanguage\":\"it-CH\"},{\"@type\":\"Organization\",\"@id\":\"https:\/\/www.blackfridaydeals.ch\/it\/#organization\",\"name\":\"blackfridaydeals.ch\",\"alternateName\":\"Black Friday Deals\",\"url\":\"https:\/\/www.blackfridaydeals.ch\/it\/\",\"logo\":{\"@type\":\"ImageObject\",\"inLanguage\":\"it-CH\",\"@id\":\"https:\/\/www.blackfridaydeals.ch\/it\/#\/schema\/logo\/image\/\",\"url\":\"https:\/\/www.blackfridaydeals.ch\/wp-content\/uploads\/2023\/03\/app-icon-white-bg-jpg.jpg\",\"contentUrl\":\"https:\/\/www.blackfridaydeals.ch\/wp-content\/uploads\/2023\/03\/app-icon-white-bg-jpg.jpg\",\"width\":512,\"height\":512,\"caption\":\"blackfridaydeals.ch\"},\"image\":{\"@id\":\"https:\/\/www.blackfridaydeals.ch\/it\/#\/schema\/logo\/image\/\"},\"sameAs\":[\"https:\/\/www.facebook.com\/blackfridaydealsch\/\",\"https:\/\/twitter.com\/blackfridaych\",\"https:\/\/www.youtube.com\/channel\/UCNKXHacMw8AS34mBgzVx3FQ\",\"https:\/\/www.instagram.com\/blackfridaydeals.ch\/\"]}]}<\/script>\n<!-- \/ Yoast SEO plugin. -->","yoast_head_json":{"title":"Nintendo Switch: Quanto costa la console per il Black Friday?","description":"Le migliori offerte del Black Friday 2026 per il Nintendo Switch. Solo su blackfridaydeals.ch puoi trovare la grande panoramica.","robots":{"index":"index","follow":"follow","max-snippet":"max-snippet:-1","max-image-preview":"max-image-preview:large","max-video-preview":"max-video-preview:-1"},"canonical":"https:\/\/www.blackfridaydeals.ch\/it\/nintendo-switch-black-friday\/","og_locale":"it_IT","og_type":"article","og_title":"Nintendo Switch: Quanto costa la console per il Black Friday?","og_description":"Le migliori offerte del Black Friday 2026 per il Nintendo Switch. Solo su blackfridaydeals.ch puoi trovare la grande panoramica.","og_url":"https:\/\/www.blackfridaydeals.ch\/it\/nintendo-switch-black-friday\/","og_site_name":"blackfridaydeals.ch","article_publisher":"https:\/\/www.facebook.com\/blackfridaydealsch\/","article_modified_time":"2026-02-17T07:47:44+00:00","og_image":[{"width":425,"height":312,"url":"https:\/\/www.blackfridaydeals.ch\/wp-content\/uploads\/2018\/04\/Nintendo-Switch.jpg","type":"image\/jpeg"}],"twitter_card":"summary_large_image","twitter_site":"@blackfridaych","twitter_misc":{"Est. reading time":"5 minutes"},"schema":{"@context":"https:\/\/schema.org","@graph":[{"@type":"WebPage","@id":"https:\/\/www.blackfridaydeals.ch\/it\/nintendo-switch-black-friday\/","url":"https:\/\/www.blackfridaydeals.ch\/it\/nintendo-switch-black-friday\/","name":"Nintendo Switch: Quanto costa la console per il Black Friday?","isPartOf":{"@id":"https:\/\/www.blackfridaydeals.ch\/it\/#website"},"datePublished":"2018-10-11T11:50:00+00:00","dateModified":"2026-02-17T07:47:44+00:00","description":"Le migliori offerte del Black Friday 2026 per il Nintendo Switch. Solo su blackfridaydeals.ch puoi trovare la grande panoramica.","breadcrumb":{"@id":"https:\/\/www.blackfridaydeals.ch\/it\/nintendo-switch-black-friday\/#breadcrumb"},"inLanguage":"it-CH","potentialAction":[{"@type":"ReadAction","target":["https:\/\/www.blackfridaydeals.ch\/it\/nintendo-switch-black-friday\/"]}]},{"@type":"BreadcrumbList","@id":"https:\/\/www.blackfridaydeals.ch\/it\/nintendo-switch-black-friday\/#breadcrumb","itemListElement":[{"@type":"ListItem","position":1,"name":"Startseite","item":"https:\/\/www.blackfridaydeals.ch\/it\/"},{"@type":"ListItem","position":2,"name":"Nintendo Switch: Quale sar\u00e0 il prezzo della console per il Black Friday?"}]},{"@type":"WebSite","@id":"https:\/\/www.blackfridaydeals.ch\/it\/#website","url":"https:\/\/www.blackfridaydeals.ch\/it\/","name":"blackfridaydeals.ch","description":"Tutte le offerte del Black Friday 2025 in Svizzera","publisher":{"@id":"https:\/\/www.blackfridaydeals.ch\/it\/#organization"},"alternateName":"Black Friday Deals","potentialAction":[{"@type":"SearchAction","target":{"@type":"EntryPoint","urlTemplate":"https:\/\/www.blackfridaydeals.ch\/it\/?s={search_term_string}"},"query-input":"required name=search_term_string"}],"inLanguage":"it-CH"},{"@type":"Organization","@id":"https:\/\/www.blackfridaydeals.ch\/it\/#organization","name":"blackfridaydeals.ch","alternateName":"Black Friday Deals","url":"https:\/\/www.blackfridaydeals.ch\/it\/","logo":{"@type":"ImageObject","inLanguage":"it-CH","@id":"https:\/\/www.blackfridaydeals.ch\/it\/#\/schema\/logo\/image\/","url":"https:\/\/www.blackfridaydeals.ch\/wp-content\/uploads\/2023\/03\/app-icon-white-bg-jpg.jpg","contentUrl":"https:\/\/www.blackfridaydeals.ch\/wp-content\/uploads\/2023\/03\/app-icon-white-bg-jpg.jpg","width":512,"height":512,"caption":"blackfridaydeals.ch"},"image":{"@id":"https:\/\/www.blackfridaydeals.ch\/it\/#\/schema\/logo\/image\/"},"sameAs":["https:\/\/www.facebook.com\/blackfridaydealsch\/","https:\/\/twitter.com\/blackfridaych","https:\/\/www.youtube.com\/channel\/UCNKXHacMw8AS34mBgzVx3FQ","https:\/\/www.instagram.com\/blackfridaydeals.ch\/"]}]}},"_links":{"self":[{"href":"https:\/\/www.blackfridaydeals.ch\/it\/wp-json\/wp\/v2\/pages\/8617"}],"collection":[{"href":"https:\/\/www.blackfridaydeals.ch\/it\/wp-json\/wp\/v2\/pages"}],"about":[{"href":"https:\/\/www.blackfridaydeals.ch\/it\/wp-json\/wp\/v2\/types\/page"}],"author":[{"embeddable":true,"href":"https:\/\/www.blackfridaydeals.ch\/it\/wp-json\/wp\/v2\/users\/40"}],"replies":[{"embeddable":true,"href":"https:\/\/www.blackfridaydeals.ch\/it\/wp-json\/wp\/v2\/comments?post=8617"}],"version-history":[{"count":16,"href":"https:\/\/www.blackfridaydeals.ch\/it\/wp-json\/wp\/v2\/pages\/8617\/revisions"}],"predecessor-version":[{"id":110023,"href":"https:\/\/www.blackfridaydeals.ch\/it\/wp-json\/wp\/v2\/pages\/8617\/revisions\/110023"}],"wp:featuredmedia":[{"embeddable":true,"href":"https:\/\/www.blackfridaydeals.ch\/it\/wp-json\/wp\/v2\/media\/5915"}],"wp:attachment":[{"href":"https:\/\/www.blackfridaydeals.ch\/it\/wp-json\/wp\/v2\/media?parent=8617"}],"curies":[{"name":"wp","href":"https:\/\/api.w.org\/{rel}","templated":true}]}}