{"id":7135,"date":"2018-09-08T18:25:15","date_gmt":"2018-09-08T16:25:15","guid":{"rendered":"https:\/\/www.blackfridaydeals.ch\/?page_id=7135"},"modified":"2026-02-26T08:44:49","modified_gmt":"2026-02-26T07:44:49","slug":"condizioni-generali","status":"publish","type":"page","link":"https:\/\/www.blackfridaydeals.ch\/it\/condizioni-generali\/","title":{"rendered":"Condizioni Generali"},"content":{"rendered":"<p>Blackfridaydeals.ch \u00e8 un sito web della:<\/p>\n<p><strong>Shopping Events Digital GmbH<\/strong><br \/>\nSchachenstrasse 8<br \/>\n6102 Malters<\/p>\n<p><strong>Informazioni di contatto<\/strong><br \/>\nTelefono: 076 673 44 42<br \/>\nE-mail: julian@patoc.ch<\/p>\n<p>Registro delle imprese: CHE-477.594.737<br \/>\nSede: 6102 Malters<\/p>\n<p><strong>Responsabile per l&#8217;intero sito web blackfridaydeals.ch<\/strong><br \/>\nJulian Zrotz<\/p>\n<h2>impronta<\/h2>\n<h3><strong>Ambito di applicazione delle condizioni d&#8217;uso<\/strong><\/h3>\n<p>Le presenti condizioni di utilizzo si applicano a tutti i siti Blackfridaydeals.ch.<br \/>\nLe condizioni di utilizzo a disposizione dell&#8217;utente al momento dell&#8217;utilizzo effettivo dei servizi su Blackfridaydeals.ch si applicano in ogni caso.<br \/>\nUtilizzando i servizi di Blackfridaydeals.ch, l&#8217;utente accetta automaticamente le presenti condizioni di utilizzo.<\/p>\n<h3>Contenuto dell&#8217;offerta online<\/h3>\n<p>Blackfridaydeals.ch \u00c3\u00a8 un servizio d&#8217;informazione del Venerd\u00c3\u00ac nero della Svizzera e del Liechtenstein su Internet.<br \/>\nIl gestore di Blackfridaydeals.ch non si assume alcuna responsabilit\u00e0 per l&#8217;attualit\u00e0, l&#8217;esattezza, la completezza o la qualit\u00e0 delle informazioni fornite.<br \/>\nLe rivendicazioni di responsabilit\u00e0 nei confronti del gestore di Blackfridaydeals.ch, che si riferiscono a danni materiali o ideali, che sono stati causati dall&#8217;uso o dal mancato uso delle informazioni presentate e\/o dall&#8217;uso di informazioni errate e incomplete, sono fondamentalmente escluse, a condizione che il gestore di Blackfridaydeals.ch non possa provare l&#8217;esistenza di dolo o colpa grave da parte del gestore di Blackfridaydeals.ch.<\/p>\n<h3>Utilizzo dell&#8217;offerta online<\/h3>\n<p>Tutti i dati visualizzati su Blackfridaydeals.ch sono informazioni non contrattuali fornite dai gestori dei negozi online collegati a Blackfridaydeals.ch. Non tutti sono rivenditori in Svizzera e nel Liechtenstein, ma solo rivenditori che hanno un negozio online e sono entrati nel portale dei prezzi Blackfridaydeals.ch.<br \/>\nI prezzi indicati sono senza impegno e sono soggetti a errori da parte del rivenditore. A causa dei diversi intervalli di aggiornamento del database Blackfridaydeals.ch, i prezzi dei prodotti presentati possono gi\u00e0 essere superati.<br \/>\nTutti i prezzi includono l&#8217;imposta sul valore aggiunto legale.<\/p>\n<p>Blackfridaydeals.ch non ha alcuna influenza sulle informazioni sulla disponibilit\u00e0 riportate nelle singole offerte dei negozi online. Questi dati sono forniti dai vari negozi online e vengono visualizzati solo da Blackfridaydeals.ch senza verifica della loro esattezza.<br \/>\nI negozi online indicano i tempi di consegna in base alla disponibilit\u00e0 del mercato.<\/p>\n<p>L&#8217;operatore di Blackfridaydeals.ch non consiglia alcun acquisto. Tutti i prodotti sono ordinati in base ai prezzi correnti dei rivenditori, l&#8217;offerta pi\u00f9 economica in cima alla lista. Anche tutte le liste non sono una raccomandazione per l&#8217;acquisto. Queste liste sono utilizzate per informare l&#8217;utente su quali articoli del gruppo di articoli selezionato sono stati visualizzati pi\u00f9 frequentemente da altri utenti.<\/p>\n<h3>Rapporti contrattuali<\/h3>\n<p>Blackfridaydeals.ch fornisce informazioni gratuite e non vincolanti ai consumatori finali. L&#8217;utilizzo dell&#8217;offerta online di Blackfridaydeals.ch non crea alcun rapporto contrattuale tra l&#8217;utente e l&#8217;operatore Blackfridaydeals.ch.<br \/>\nUn rapporto contrattuale pu\u00f2 insorgere solo tra il rivenditore del prodotto in questione nel suo negozio online e l&#8217;utente.<\/p>\n<h3>Riferimenti (Link ipertestuali)<\/h3>\n<p>Il gestore di Blackfridaydeals.ch non si assume alcuna responsabilit\u00e0 per il contenuto delle offerte online a cui fa riferimento Blackfridaydeals.ch. L&#8217;operatore si \u00e8 assicurato che le pagine collegate fossero prive di contenuti illegali al momento della creazione dei link. Il gestore di Blackfridaydeals.ch non ha alcuna influenza sulla struttura attuale e futura delle offerte online collegate e pertanto ne prende espressamente le distanze. Questa dissociazione include anche voci esterne nei forum, guest book e mailing list creati da Blackfridaydeals.ch.<\/p>\n<h3>Copyright<\/h3>\n<p>Tutti i dati offerti su Blackfridaydeals.ch sono protetti dal diritto d&#8217;autore svizzero. La riproduzione, la modifica o la duplicazione di tutta o parte dell&#8217;offerta online \u00e8 vietata senza l&#8217;autorizzazione scritta dell&#8217;operatore Blackfridaydeals.ch.<\/p>\n<h3>Informazioni generali<\/h3>\n<p>L&#8217;utilizzo di questa offerta online \u00e8 soggetto al diritto svizzero. Il foro competente per tutte le controversie derivanti dall&#8217;utilizzo di questa offerta online \u00e8 Malters, Svizzera.<\/p>\n","protected":false},"excerpt":{"rendered":"<p>Blackfridaydeals.ch \u00e8 un sito web della: Shopping Events Digital GmbH Schachenstrasse 8 6102 Malters Informazioni di contatto Telefono: 076 673 44 42 E-mail: julian@patoc.ch Registro delle imprese: CHE-477.594.737 Sede: 6102 Malters Responsabile per l&#8217;intero sito web blackfridaydeals.ch Julian Zrotz impronta Ambito di applicazione delle condizioni d&#8217;uso Le presenti condizioni di utilizzo si applicano a tutti [&hellip;]<\/p>\n","protected":false},"author":40,"featured_media":0,"parent":0,"menu_order":0,"comment_status":"closed","ping_status":"closed","template":"","meta":[],"yoast_head":"<!-- This site is optimized with the Yoast SEO plugin v20.5 - https:\/\/yoast.com\/wordpress\/plugins\/seo\/ -->\n<title>Condizioni Generali - blackfridaydeals.ch<\/title>\n<meta name=\"description\" content=\"Blackfridaydeals.ch \u00e8 un sito web della: Shopping Events Digital GmbH Schachenstrasse 8 6102 Malters Informazioni di contatto Telefono: 076 673 44 42\" \/>\n<meta name=\"robots\" content=\"index, follow, max-snippet:-1, max-image-preview:large, max-video-preview:-1\" \/>\n<link rel=\"canonical\" href=\"https:\/\/www.blackfridaydeals.ch\/it\/condizioni-generali\/\" \/>\n<meta property=\"og:locale\" content=\"it_IT\" \/>\n<meta property=\"og:type\" content=\"article\" \/>\n<meta property=\"og:title\" content=\"Condizioni Generali - blackfridaydeals.ch\" \/>\n<meta property=\"og:description\" content=\"Blackfridaydeals.ch \u00e8 un sito web della: Shopping Events Digital GmbH Schachenstrasse 8 6102 Malters Informazioni di contatto Telefono: 076 673 44 42\" \/>\n<meta property=\"og:url\" content=\"https:\/\/www.blackfridaydeals.ch\/it\/condizioni-generali\/\" \/>\n<meta property=\"og:site_name\" content=\"blackfridaydeals.ch\" \/>\n<meta property=\"article:publisher\" content=\"https:\/\/www.facebook.com\/blackfridaydealsch\/\" \/>\n<meta property=\"article:modified_time\" content=\"2026-02-26T07:44:49+00:00\" \/>\n<meta property=\"og:image\" content=\"https:\/\/www.blackfridaydeals.ch\/wp-content\/uploads\/2025\/02\/Black-Friday-2025_2.png\" \/>\n\t<meta property=\"og:image:width\" content=\"1200\" \/>\n\t<meta property=\"og:image:height\" content=\"500\" \/>\n\t<meta property=\"og:image:type\" content=\"image\/png\" \/>\n<meta name=\"twitter:card\" content=\"summary_large_image\" \/>\n<meta name=\"twitter:site\" content=\"@blackfridaych\" \/>\n<meta name=\"twitter:label1\" content=\"Est. reading time\" \/>\n\t<meta name=\"twitter:data1\" content=\"4 minutes\" \/>\n<script type=\"application\/ld+json\" class=\"yoast-schema-graph\">{\"@context\":\"https:\/\/schema.org\",\"@graph\":[{\"@type\":\"WebPage\",\"@id\":\"https:\/\/www.blackfridaydeals.ch\/it\/condizioni-generali\/\",\"url\":\"https:\/\/www.blackfridaydeals.ch\/it\/condizioni-generali\/\",\"name\":\"Condizioni Generali - blackfridaydeals.ch\",\"isPartOf\":{\"@id\":\"https:\/\/www.blackfridaydeals.ch\/it\/#website\"},\"datePublished\":\"2018-09-08T16:25:15+00:00\",\"dateModified\":\"2026-02-26T07:44:49+00:00\",\"description\":\"Blackfridaydeals.ch \u00e8 un sito web della: Shopping Events Digital GmbH Schachenstrasse 8 6102 Malters Informazioni di contatto Telefono: 076 673 44 42\",\"breadcrumb\":{\"@id\":\"https:\/\/www.blackfridaydeals.ch\/it\/condizioni-generali\/#breadcrumb\"},\"inLanguage\":\"it-CH\",\"potentialAction\":[{\"@type\":\"ReadAction\",\"target\":[\"https:\/\/www.blackfridaydeals.ch\/it\/condizioni-generali\/\"]}]},{\"@type\":\"BreadcrumbList\",\"@id\":\"https:\/\/www.blackfridaydeals.ch\/it\/condizioni-generali\/#breadcrumb\",\"itemListElement\":[{\"@type\":\"ListItem\",\"position\":1,\"name\":\"Startseite\",\"item\":\"https:\/\/www.blackfridaydeals.ch\/it\/\"},{\"@type\":\"ListItem\",\"position\":2,\"name\":\"Condizioni Generali\"}]},{\"@type\":\"WebSite\",\"@id\":\"https:\/\/www.blackfridaydeals.ch\/it\/#website\",\"url\":\"https:\/\/www.blackfridaydeals.ch\/it\/\",\"name\":\"blackfridaydeals.ch\",\"description\":\"Tutte le offerte del Black Friday 2025 in Svizzera\",\"publisher\":{\"@id\":\"https:\/\/www.blackfridaydeals.ch\/it\/#organization\"},\"alternateName\":\"Black Friday Deals\",\"potentialAction\":[{\"@type\":\"SearchAction\",\"target\":{\"@type\":\"EntryPoint\",\"urlTemplate\":\"https:\/\/www.blackfridaydeals.ch\/it\/?s={search_term_string}\"},\"query-input\":\"required name=search_term_string\"}],\"inLanguage\":\"it-CH\"},{\"@type\":\"Organization\",\"@id\":\"https:\/\/www.blackfridaydeals.ch\/it\/#organization\",\"name\":\"blackfridaydeals.ch\",\"alternateName\":\"Black Friday Deals\",\"url\":\"https:\/\/www.blackfridaydeals.ch\/it\/\",\"logo\":{\"@type\":\"ImageObject\",\"inLanguage\":\"it-CH\",\"@id\":\"https:\/\/www.blackfridaydeals.ch\/it\/#\/schema\/logo\/image\/\",\"url\":\"https:\/\/www.blackfridaydeals.ch\/wp-content\/uploads\/2023\/03\/app-icon-white-bg-jpg.jpg\",\"contentUrl\":\"https:\/\/www.blackfridaydeals.ch\/wp-content\/uploads\/2023\/03\/app-icon-white-bg-jpg.jpg\",\"width\":512,\"height\":512,\"caption\":\"blackfridaydeals.ch\"},\"image\":{\"@id\":\"https:\/\/www.blackfridaydeals.ch\/it\/#\/schema\/logo\/image\/\"},\"sameAs\":[\"https:\/\/www.facebook.com\/blackfridaydealsch\/\",\"https:\/\/twitter.com\/blackfridaych\",\"https:\/\/www.youtube.com\/channel\/UCNKXHacMw8AS34mBgzVx3FQ\",\"https:\/\/www.instagram.com\/blackfridaydeals.ch\/\"]}]}<\/script>\n<!-- \/ Yoast SEO plugin. -->","yoast_head_json":{"title":"Condizioni Generali - blackfridaydeals.ch","description":"Blackfridaydeals.ch \u00e8 un sito web della: Shopping Events Digital GmbH Schachenstrasse 8 6102 Malters Informazioni di contatto Telefono: 076 673 44 42","robots":{"index":"index","follow":"follow","max-snippet":"max-snippet:-1","max-image-preview":"max-image-preview:large","max-video-preview":"max-video-preview:-1"},"canonical":"https:\/\/www.blackfridaydeals.ch\/it\/condizioni-generali\/","og_locale":"it_IT","og_type":"article","og_title":"Condizioni Generali - blackfridaydeals.ch","og_description":"Blackfridaydeals.ch \u00e8 un sito web della: Shopping Events Digital GmbH Schachenstrasse 8 6102 Malters Informazioni di contatto Telefono: 076 673 44 42","og_url":"https:\/\/www.blackfridaydeals.ch\/it\/condizioni-generali\/","og_site_name":"blackfridaydeals.ch","article_publisher":"https:\/\/www.facebook.com\/blackfridaydealsch\/","article_modified_time":"2026-02-26T07:44:49+00:00","og_image":[{"width":1200,"height":500,"url":"https:\/\/www.blackfridaydeals.ch\/wp-content\/uploads\/2025\/02\/Black-Friday-2025_2.png","type":"image\/png"}],"twitter_card":"summary_large_image","twitter_site":"@blackfridaych","twitter_misc":{"Est. reading time":"4 minutes"},"schema":{"@context":"https:\/\/schema.org","@graph":[{"@type":"WebPage","@id":"https:\/\/www.blackfridaydeals.ch\/it\/condizioni-generali\/","url":"https:\/\/www.blackfridaydeals.ch\/it\/condizioni-generali\/","name":"Condizioni Generali - blackfridaydeals.ch","isPartOf":{"@id":"https:\/\/www.blackfridaydeals.ch\/it\/#website"},"datePublished":"2018-09-08T16:25:15+00:00","dateModified":"2026-02-26T07:44:49+00:00","description":"Blackfridaydeals.ch \u00e8 un sito web della: Shopping Events Digital GmbH Schachenstrasse 8 6102 Malters Informazioni di contatto Telefono: 076 673 44 42","breadcrumb":{"@id":"https:\/\/www.blackfridaydeals.ch\/it\/condizioni-generali\/#breadcrumb"},"inLanguage":"it-CH","potentialAction":[{"@type":"ReadAction","target":["https:\/\/www.blackfridaydeals.ch\/it\/condizioni-generali\/"]}]},{"@type":"BreadcrumbList","@id":"https:\/\/www.blackfridaydeals.ch\/it\/condizioni-generali\/#breadcrumb","itemListElement":[{"@type":"ListItem","position":1,"name":"Startseite","item":"https:\/\/www.blackfridaydeals.ch\/it\/"},{"@type":"ListItem","position":2,"name":"Condizioni Generali"}]},{"@type":"WebSite","@id":"https:\/\/www.blackfridaydeals.ch\/it\/#website","url":"https:\/\/www.blackfridaydeals.ch\/it\/","name":"blackfridaydeals.ch","description":"Tutte le offerte del Black Friday 2025 in Svizzera","publisher":{"@id":"https:\/\/www.blackfridaydeals.ch\/it\/#organization"},"alternateName":"Black Friday Deals","potentialAction":[{"@type":"SearchAction","target":{"@type":"EntryPoint","urlTemplate":"https:\/\/www.blackfridaydeals.ch\/it\/?s={search_term_string}"},"query-input":"required name=search_term_string"}],"inLanguage":"it-CH"},{"@type":"Organization","@id":"https:\/\/www.blackfridaydeals.ch\/it\/#organization","name":"blackfridaydeals.ch","alternateName":"Black Friday Deals","url":"https:\/\/www.blackfridaydeals.ch\/it\/","logo":{"@type":"ImageObject","inLanguage":"it-CH","@id":"https:\/\/www.blackfridaydeals.ch\/it\/#\/schema\/logo\/image\/","url":"https:\/\/www.blackfridaydeals.ch\/wp-content\/uploads\/2023\/03\/app-icon-white-bg-jpg.jpg","contentUrl":"https:\/\/www.blackfridaydeals.ch\/wp-content\/uploads\/2023\/03\/app-icon-white-bg-jpg.jpg","width":512,"height":512,"caption":"blackfridaydeals.ch"},"image":{"@id":"https:\/\/www.blackfridaydeals.ch\/it\/#\/schema\/logo\/image\/"},"sameAs":["https:\/\/www.facebook.com\/blackfridaydealsch\/","https:\/\/twitter.com\/blackfridaych","https:\/\/www.youtube.com\/channel\/UCNKXHacMw8AS34mBgzVx3FQ","https:\/\/www.instagram.com\/blackfridaydeals.ch\/"]}]}},"_links":{"self":[{"href":"https:\/\/www.blackfridaydeals.ch\/it\/wp-json\/wp\/v2\/pages\/7135"}],"collection":[{"href":"https:\/\/www.blackfridaydeals.ch\/it\/wp-json\/wp\/v2\/pages"}],"about":[{"href":"https:\/\/www.blackfridaydeals.ch\/it\/wp-json\/wp\/v2\/types\/page"}],"author":[{"embeddable":true,"href":"https:\/\/www.blackfridaydeals.ch\/it\/wp-json\/wp\/v2\/users\/40"}],"replies":[{"embeddable":true,"href":"https:\/\/www.blackfridaydeals.ch\/it\/wp-json\/wp\/v2\/comments?post=7135"}],"version-history":[{"count":8,"href":"https:\/\/www.blackfridaydeals.ch\/it\/wp-json\/wp\/v2\/pages\/7135\/revisions"}],"predecessor-version":[{"id":110058,"href":"https:\/\/www.blackfridaydeals.ch\/it\/wp-json\/wp\/v2\/pages\/7135\/revisions\/110058"}],"wp:attachment":[{"href":"https:\/\/www.blackfridaydeals.ch\/it\/wp-json\/wp\/v2\/media?parent=7135"}],"curies":[{"name":"wp","href":"https:\/\/api.w.org\/{rel}","templated":true}]}}