{"id":6983,"date":"2018-09-03T14:46:07","date_gmt":"2018-09-03T12:46:07","guid":{"rendered":"https:\/\/www.blackfridaydeals.ch\/?page_id=6983"},"modified":"2026-02-17T09:19:57","modified_gmt":"2026-02-17T08:19:57","slug":"previsioni","status":"publish","type":"page","link":"https:\/\/www.blackfridaydeals.ch\/it\/previsioni\/","title":{"rendered":"Black Friday : le previsioni"},"content":{"rendered":"<p>[vc_row][vc_column]\n[vc_column_text]<img decoding=\"async\" class=\"alignright size-medium wp-image-26672\" src=\"https:\/\/www.blackfridaydeals.ch\/wp-content\/uploads\/2020\/10\/02-300x115.jpg\" alt=\"\" width=\"300\" height=\"115\" srcset=\"https:\/\/www.blackfridaydeals.ch\/wp-content\/uploads\/2020\/10\/02-300x115.jpg 300w, https:\/\/www.blackfridaydeals.ch\/wp-content\/uploads\/2020\/10\/02-1024x391.jpg 1024w, https:\/\/www.blackfridaydeals.ch\/wp-content\/uploads\/2020\/10\/02-767x293.jpg 767w, https:\/\/www.blackfridaydeals.ch\/wp-content\/uploads\/2020\/10\/02-1536x587.jpg 1536w, https:\/\/www.blackfridaydeals.ch\/wp-content\/uploads\/2020\/10\/02-2048x782.jpg 2048w, https:\/\/www.blackfridaydeals.ch\/wp-content\/uploads\/2020\/10\/02-788x301.jpg 788w, https:\/\/www.blackfridaydeals.ch\/wp-content\/uploads\/2020\/10\/02.jpg 1000w\" sizes=\"(max-width: 300px) 100vw, 300px\" \/>Il Black Friday si \u00e8 affermato per sempre nel nostro Paese, diventando la giornata dello shopping pi\u00f9 importante in Svizzera. Possiamo anche notare che la festa dello shopping non si limitava pi\u00f9 al solo <a href=\"https:\/\/www.blackfridaydeals.ch\/it\/\">Black Friday<\/a>, ma durava quasi 8 giorni, diventando la settimana del Black Friday, chiamata anche Cyber Week.<\/p>\n<p>Il nostro compito \u00e8 quello di accompagnarti in questa avventura di marketing in modo che tu possa fare la scelta giusta e avere successo con il tuo Black Friday.<\/p>\n<p><strong>Lo sapevi che ogni anno trattiamo con i negozi sconti aggiuntivi esclusivi per i visitatori di blackfridaydeals.ch?<\/strong><\/p>\n<h2><strong>Per il Black Friday 2026, ci aspettiamo queste belle offerte durante la Cyber Week :<\/strong><\/h2>\n<ul>\n<li>Sconto del 40% sull&#8217;intera gamma La Redoute, valido per tutta la Cyber Week.<\/li>\n<li>Sconto del 30% su quasi tutti gli articoli di Manor, anche quest&#8217;anno ripartito su pi\u00f9 giorni.<\/li>\n<li>Sconto fino all&#8217;80% su Apfelkiste, il pi\u00f9 grande negozio svizzero di smartphone, tablet e accessori per cellulari, da luned\u00ec 19 novembre.<\/li>\n<li>Fino al 75% di sconto e consegna gratuita su ideecadeau.ch, il pi\u00f9 grande fornitore online di articoli da regalo, accessori per la casa e prodotti lifestyle in Svizzera. L&#8217;offerta \u00e8 valida anche per il Cyber Monday.<\/li>\n<li>Amazon Highlights: Kindle, Echo e prezzi incredibili durante la Cyber Week &#8211; ma solo per poche ore per volta.<\/li>\n<\/ul>\n<p>Potremo dirvi di pi\u00f9 a met\u00e0 novembre 2026! Non dimenticarti di iscriverti alla nostra newsletter per restare informato tempestivamente su tutte le offerte vantaggiose.<\/p>\n<h2><strong>Previsioni per gli articoli di punta<\/strong><\/h2>\n<p>Qui ti mostrer\u00f2 come articoli costosi come PlayStation 5, iPhone 16, Samsung Galaxy S24, Microsoft Surface Pro 9 e MacBook Pro 13\u201d M2 saranno durante il Black Friday.<br \/>\n\u00c8 difficile prevedere quanto a buon mercato alcuni degli articoli di punta saranno durante il Black Friday.<\/p>\n<p><strong>Immagino che tu ti stia chiedendo come ho ottenuto tutte queste informazioni!<\/strong><\/p>\n<p>Beh, dall&#8217;avvento dei grandi eventi dello shopping in Svizzera, sono sempre stato in prima fila! Da un lato, ho consigliato a molti negozi e ad alcuni produttori in merito alle loro offerte.<\/p>\n<p>D&#8217;altra parte, dal 2015, ho anche riassunto le migliori offerte sul mio sito web.<\/p>\n<p>Durante l&#8217;ultima settimana del Black Friday, pi\u00f9 di 1&#8217;500&#8217;000 svizzeri hanno visitato il mio sito web e ottenuto una panoramica completa delle migliori offerte.<\/p>\n<p>L&#8217;anno scorso, durante la &#8220;fase calda&#8221; del Black Friday, ero sulla prima pagina dei 20 Minuten, sull&#8217;SRF CLUB, sono stato citato su varie radio e naturalmente ho fatto interviste a molti siti web e giornali.<\/p>\n<p>Per questo mi permetto di anticiparti le seguenti previsioni:<\/p>\n<ul>\n<li><strong>iPhone 17<\/strong>: L\u2019iPhone 17 non sar\u00e0 estremamente economico nel suo primo anno completo sul mercato. Prevedo un prezzo inferiore a 899.00 CHF per la versione da 128 GB e sotto i 999.00 CHF per la versione da 256 GB. Le versioni Pro difficilmente scenderanno sotto i 1&#8217;049.00 CHF.<\/li>\n<li><strong>PlayStation 5 Slim \/ PlayStation 5 Pro<\/strong>: Dopo l\u2019introduzione del modello Slim e della versione Pro, mi aspetto che la PlayStation 5 Slim possa essere trovata a meno di 429.90 CHF. La PlayStation 5 Pro, invece, difficilmente scender\u00e0 sotto i 699.90 CHF nel primo anno.<\/li>\n<li><strong>Samsung Neo QLED 4K UHD 65&#8243; TV (2026)<\/strong>: I modelli Neo QLED 65&#8243; di ultima generazione dovrebbero essere disponibili a meno di 899 CHF. I modelli LED 4K 65&#8243; di fascia media potrebbero scendere sotto i 699 CHF durante il Black Friday.<\/li>\n<li><strong>Samsung Galaxy S25<\/strong>: Lo smartphone Samsung Galaxy S25, lanciato nel 2025, potrebbe essere offerto per meno di 549 franchi nella versione da 128 GB, senza abbonamento di telefonia mobile. Il modello S25 Ultra difficilmente scender\u00e0 sotto gli 850 franchi.<\/li>\n<li><strong>Microsoft Surface Pro 10 \/ Surface Pro (ultima generazione)<\/strong>: Le varianti con processore Intel Core Ultra o Snapdragon X potrebbero essere offerte con ribassi tra 200 e 300 franchi rispetto al prezzo di listino, in particolare sui modelli con 16 GB di RAM.<\/li>\n<li><strong>MacBook Pro 14\u201d M3 \/ M4<\/strong>: La versione base da 14&#8243;, con chip Apple Silicon di ultima generazione, 8\u201316 GB di RAM e 512 GB di SSD, potrebbe essere disponibile a meno di 1&#8217;699 CHF. Le configurazioni superiori resteranno probabilmente sopra i 1&#8217;999 CHF.<\/li>\n<\/ul>\n<h2>Di riporto alcune previsioni per altre categorie:<\/h2>\n<p><strong>Moda<\/strong>: Mi aspetto il 20-40% di sconto su intere collezioni o singoli elementi dell&#8217;assortimento presso la maggior parte dei rivenditori. Alcuni come H&amp;M sono pi\u00f9 tradizionalisti e offrono solo sconti sugli &#8220;articoli selezionati&#8221;.<br \/>\n<strong>Bellezza<\/strong>: Forti riduzioni tra il 20 e il 35% sono prevedibili su tutte le collezioni o sui singoli elementi dell&#8217;assortimento. Possiamo sperare di pi\u00f9 per il prossimo Black Friday, un universo pieno di risorse. Anche se l&#8217;anno scorso non ci sono stati casi entusiasmanti in questo settore.<\/p>\n<p><strong>Home &amp; Living<\/strong>: Molti rivenditori come IKEA, Conforama, Home24 e Pfister possono offrire sconti significativi su singoli prodotti come divani, cassettiere o armadietti. Tuttavia, Home24 sar\u00e0 l&#8217;unico a consegnare tutti gli articoli senza dover spendere un centesimo in spedizioni, anche quest&#8217;anno. Con gli altri rivenditori, siete voi che dovrete andare alla cassa.<\/p>\n<p><strong>Varie<\/strong>: Mi aspetto diversi buoni affari nel campo del cibo per cani, o in corsi di negoziazione o seminari nel favoloso mondo dei cristalli Swarovski.[\/vc_column_text][\/vc_column][\/vc_row]<\/p>\n","protected":false},"excerpt":{"rendered":"<p>[vc_row][vc_column][vc_column_text]Il Black Friday si \u00e8 affermato per sempre nel nostro Paese, diventando la giornata dello shopping pi\u00f9 importante in Svizzera. Possiamo anche notare che la festa dello shopping non si limitava pi\u00f9 al solo Black Friday, ma durava quasi 8 giorni, diventando la settimana del Black Friday, chiamata anche Cyber Week. Il nostro compito \u00e8 [&hellip;]<\/p>\n","protected":false},"author":40,"featured_media":0,"parent":0,"menu_order":0,"comment_status":"closed","ping_status":"closed","template":"","meta":[],"yoast_head":"<!-- This site is optimized with the Yoast SEO plugin v20.5 - https:\/\/yoast.com\/wordpress\/plugins\/seo\/ -->\n<title>Black Friday : le previsioni - blackfridaydeals.ch<\/title>\n<meta name=\"description\" content=\"Il Black Friday si \u00e8 affermato per sempre nel nostro Paese, diventando la giornata dello shopping pi\u00f9 importante in Svizzera.\" \/>\n<meta name=\"robots\" content=\"noindex, follow\" \/>\n<meta property=\"og:locale\" content=\"it_IT\" \/>\n<meta property=\"og:type\" content=\"article\" \/>\n<meta property=\"og:title\" content=\"Black Friday : le previsioni - blackfridaydeals.ch\" \/>\n<meta property=\"og:description\" content=\"Il Black Friday si \u00e8 affermato per sempre nel nostro Paese, diventando la giornata dello shopping pi\u00f9 importante in Svizzera.\" \/>\n<meta property=\"og:url\" content=\"https:\/\/www.blackfridaydeals.ch\/it\/previsioni\/\" \/>\n<meta property=\"og:site_name\" content=\"blackfridaydeals.ch\" \/>\n<meta property=\"article:publisher\" content=\"https:\/\/www.facebook.com\/blackfridaydealsch\/\" \/>\n<meta property=\"article:modified_time\" content=\"2026-02-17T08:19:57+00:00\" \/>\n<meta property=\"og:image\" content=\"https:\/\/www.blackfridaydeals.ch\/wp-content\/uploads\/2020\/10\/02-300x115.jpg\" \/>\n<meta name=\"twitter:card\" content=\"summary_large_image\" \/>\n<meta name=\"twitter:site\" content=\"@blackfridaych\" \/>\n<meta name=\"twitter:label1\" content=\"Est. reading time\" \/>\n\t<meta name=\"twitter:data1\" content=\"5 minutes\" \/>\n<script type=\"application\/ld+json\" class=\"yoast-schema-graph\">{\"@context\":\"https:\/\/schema.org\",\"@graph\":[{\"@type\":\"WebPage\",\"@id\":\"https:\/\/www.blackfridaydeals.ch\/it\/previsioni\/\",\"url\":\"https:\/\/www.blackfridaydeals.ch\/it\/previsioni\/\",\"name\":\"Black Friday : le previsioni - blackfridaydeals.ch\",\"isPartOf\":{\"@id\":\"https:\/\/www.blackfridaydeals.ch\/it\/#website\"},\"datePublished\":\"2018-09-03T12:46:07+00:00\",\"dateModified\":\"2026-02-17T08:19:57+00:00\",\"description\":\"Il Black Friday si \u00e8 affermato per sempre nel nostro Paese, diventando la giornata dello shopping pi\u00f9 importante in Svizzera.\",\"breadcrumb\":{\"@id\":\"https:\/\/www.blackfridaydeals.ch\/it\/previsioni\/#breadcrumb\"},\"inLanguage\":\"it-CH\",\"potentialAction\":[{\"@type\":\"ReadAction\",\"target\":[\"https:\/\/www.blackfridaydeals.ch\/it\/previsioni\/\"]}]},{\"@type\":\"BreadcrumbList\",\"@id\":\"https:\/\/www.blackfridaydeals.ch\/it\/previsioni\/#breadcrumb\",\"itemListElement\":[{\"@type\":\"ListItem\",\"position\":1,\"name\":\"Startseite\",\"item\":\"https:\/\/www.blackfridaydeals.ch\/it\/\"},{\"@type\":\"ListItem\",\"position\":2,\"name\":\"Black Friday : le previsioni\"}]},{\"@type\":\"WebSite\",\"@id\":\"https:\/\/www.blackfridaydeals.ch\/it\/#website\",\"url\":\"https:\/\/www.blackfridaydeals.ch\/it\/\",\"name\":\"blackfridaydeals.ch\",\"description\":\"Tutte le offerte del Black Friday 2025 in Svizzera\",\"publisher\":{\"@id\":\"https:\/\/www.blackfridaydeals.ch\/it\/#organization\"},\"alternateName\":\"Black Friday Deals\",\"potentialAction\":[{\"@type\":\"SearchAction\",\"target\":{\"@type\":\"EntryPoint\",\"urlTemplate\":\"https:\/\/www.blackfridaydeals.ch\/it\/?s={search_term_string}\"},\"query-input\":\"required name=search_term_string\"}],\"inLanguage\":\"it-CH\"},{\"@type\":\"Organization\",\"@id\":\"https:\/\/www.blackfridaydeals.ch\/it\/#organization\",\"name\":\"blackfridaydeals.ch\",\"alternateName\":\"Black Friday Deals\",\"url\":\"https:\/\/www.blackfridaydeals.ch\/it\/\",\"logo\":{\"@type\":\"ImageObject\",\"inLanguage\":\"it-CH\",\"@id\":\"https:\/\/www.blackfridaydeals.ch\/it\/#\/schema\/logo\/image\/\",\"url\":\"https:\/\/www.blackfridaydeals.ch\/wp-content\/uploads\/2023\/03\/app-icon-white-bg-jpg.jpg\",\"contentUrl\":\"https:\/\/www.blackfridaydeals.ch\/wp-content\/uploads\/2023\/03\/app-icon-white-bg-jpg.jpg\",\"width\":512,\"height\":512,\"caption\":\"blackfridaydeals.ch\"},\"image\":{\"@id\":\"https:\/\/www.blackfridaydeals.ch\/it\/#\/schema\/logo\/image\/\"},\"sameAs\":[\"https:\/\/www.facebook.com\/blackfridaydealsch\/\",\"https:\/\/twitter.com\/blackfridaych\",\"https:\/\/www.youtube.com\/channel\/UCNKXHacMw8AS34mBgzVx3FQ\",\"https:\/\/www.instagram.com\/blackfridaydeals.ch\/\"]}]}<\/script>\n<!-- \/ Yoast SEO plugin. -->","yoast_head_json":{"title":"Black Friday : le previsioni - blackfridaydeals.ch","description":"Il Black Friday si \u00e8 affermato per sempre nel nostro Paese, diventando la giornata dello shopping pi\u00f9 importante in Svizzera.","robots":{"index":"noindex","follow":"follow"},"og_locale":"it_IT","og_type":"article","og_title":"Black Friday : le previsioni - blackfridaydeals.ch","og_description":"Il Black Friday si \u00e8 affermato per sempre nel nostro Paese, diventando la giornata dello shopping pi\u00f9 importante in Svizzera.","og_url":"https:\/\/www.blackfridaydeals.ch\/it\/previsioni\/","og_site_name":"blackfridaydeals.ch","article_publisher":"https:\/\/www.facebook.com\/blackfridaydealsch\/","article_modified_time":"2026-02-17T08:19:57+00:00","og_image":[{"url":"https:\/\/www.blackfridaydeals.ch\/wp-content\/uploads\/2020\/10\/02-300x115.jpg"}],"twitter_card":"summary_large_image","twitter_site":"@blackfridaych","twitter_misc":{"Est. reading time":"5 minutes"},"schema":{"@context":"https:\/\/schema.org","@graph":[{"@type":"WebPage","@id":"https:\/\/www.blackfridaydeals.ch\/it\/previsioni\/","url":"https:\/\/www.blackfridaydeals.ch\/it\/previsioni\/","name":"Black Friday : le previsioni - blackfridaydeals.ch","isPartOf":{"@id":"https:\/\/www.blackfridaydeals.ch\/it\/#website"},"datePublished":"2018-09-03T12:46:07+00:00","dateModified":"2026-02-17T08:19:57+00:00","description":"Il Black Friday si \u00e8 affermato per sempre nel nostro Paese, diventando la giornata dello shopping pi\u00f9 importante in Svizzera.","breadcrumb":{"@id":"https:\/\/www.blackfridaydeals.ch\/it\/previsioni\/#breadcrumb"},"inLanguage":"it-CH","potentialAction":[{"@type":"ReadAction","target":["https:\/\/www.blackfridaydeals.ch\/it\/previsioni\/"]}]},{"@type":"BreadcrumbList","@id":"https:\/\/www.blackfridaydeals.ch\/it\/previsioni\/#breadcrumb","itemListElement":[{"@type":"ListItem","position":1,"name":"Startseite","item":"https:\/\/www.blackfridaydeals.ch\/it\/"},{"@type":"ListItem","position":2,"name":"Black Friday : le previsioni"}]},{"@type":"WebSite","@id":"https:\/\/www.blackfridaydeals.ch\/it\/#website","url":"https:\/\/www.blackfridaydeals.ch\/it\/","name":"blackfridaydeals.ch","description":"Tutte le offerte del Black Friday 2025 in Svizzera","publisher":{"@id":"https:\/\/www.blackfridaydeals.ch\/it\/#organization"},"alternateName":"Black Friday Deals","potentialAction":[{"@type":"SearchAction","target":{"@type":"EntryPoint","urlTemplate":"https:\/\/www.blackfridaydeals.ch\/it\/?s={search_term_string}"},"query-input":"required name=search_term_string"}],"inLanguage":"it-CH"},{"@type":"Organization","@id":"https:\/\/www.blackfridaydeals.ch\/it\/#organization","name":"blackfridaydeals.ch","alternateName":"Black Friday Deals","url":"https:\/\/www.blackfridaydeals.ch\/it\/","logo":{"@type":"ImageObject","inLanguage":"it-CH","@id":"https:\/\/www.blackfridaydeals.ch\/it\/#\/schema\/logo\/image\/","url":"https:\/\/www.blackfridaydeals.ch\/wp-content\/uploads\/2023\/03\/app-icon-white-bg-jpg.jpg","contentUrl":"https:\/\/www.blackfridaydeals.ch\/wp-content\/uploads\/2023\/03\/app-icon-white-bg-jpg.jpg","width":512,"height":512,"caption":"blackfridaydeals.ch"},"image":{"@id":"https:\/\/www.blackfridaydeals.ch\/it\/#\/schema\/logo\/image\/"},"sameAs":["https:\/\/www.facebook.com\/blackfridaydealsch\/","https:\/\/twitter.com\/blackfridaych","https:\/\/www.youtube.com\/channel\/UCNKXHacMw8AS34mBgzVx3FQ","https:\/\/www.instagram.com\/blackfridaydeals.ch\/"]}]}},"_links":{"self":[{"href":"https:\/\/www.blackfridaydeals.ch\/it\/wp-json\/wp\/v2\/pages\/6983"}],"collection":[{"href":"https:\/\/www.blackfridaydeals.ch\/it\/wp-json\/wp\/v2\/pages"}],"about":[{"href":"https:\/\/www.blackfridaydeals.ch\/it\/wp-json\/wp\/v2\/types\/page"}],"author":[{"embeddable":true,"href":"https:\/\/www.blackfridaydeals.ch\/it\/wp-json\/wp\/v2\/users\/40"}],"replies":[{"embeddable":true,"href":"https:\/\/www.blackfridaydeals.ch\/it\/wp-json\/wp\/v2\/comments?post=6983"}],"version-history":[{"count":14,"href":"https:\/\/www.blackfridaydeals.ch\/it\/wp-json\/wp\/v2\/pages\/6983\/revisions"}],"predecessor-version":[{"id":110034,"href":"https:\/\/www.blackfridaydeals.ch\/it\/wp-json\/wp\/v2\/pages\/6983\/revisions\/110034"}],"wp:attachment":[{"href":"https:\/\/www.blackfridaydeals.ch\/it\/wp-json\/wp\/v2\/media?parent=6983"}],"curies":[{"name":"wp","href":"https:\/\/api.w.org\/{rel}","templated":true}]}}