{"id":65116,"date":"2023-10-09T16:42:29","date_gmt":"2023-10-09T14:42:29","guid":{"rendered":"https:\/\/www.blackfridaydeals.ch\/?page_id=65116"},"modified":"2026-02-17T08:46:38","modified_gmt":"2026-02-17T07:46:38","slug":"playstation-portal-black-friday","status":"publish","type":"page","link":"https:\/\/www.blackfridaydeals.ch\/it\/playstation-portal-black-friday\/","title":{"rendered":"Offerte incredibili per la Playstation Portal in occasione del Black Friday &#8211; Tutte le informazioni sulla nuova console portatile di Sony"},"content":{"rendered":"<p>Il mercato dei dispositivi portatili \u00e8 attualmente molto competitivo. Oltre a console conosciute come la <a href=\"https:\/\/www.blackfridaydeals.ch\/nintendo-switch-black-friday\/\">Nintendo Switch<\/a> o lo Steam Deck di Valve, sempre pi\u00f9 aziende trovano interessante il rilascio di un proprio dispositivo per giocare in mobilit\u00e0. ASUS, ad esempio, ha presentato il ROG Ally e versioni aggiornate come il ROG Ally X, ancora pi\u00f9 potenti dello Steam Deck, e altri dispositivi interessanti come le nuove console AYANEO stanno attirando l&#8217;interesse della comunit\u00e0 gaming. Anche <a href=\"https:\/\/www.blackfridaydeals.ch\/it\/shops\/microsoft-store-it\/\">Microsoft<\/a>, il principale concorrente di Sony, continua a puntare su Xbox Cloud Gaming, che permette di giocare ai titoli Xbox in streaming su smartphone, tablet o laptop mentre si \u00e8 in movimento.<\/p>\n<p>Nel 2023, Sony ha rilasciato una console portatile dedicata al Remote Play: la Playstation Portal. Questa permette di fare streaming dei giochi per PS5 tramite WiFi. Tuttavia, non \u00e8 una console autonoma, ma piuttosto un accessorio per la PS5. Nel seguente articolo, risponderemo a molte domande importanti sulla Playstation Portal: quanto costa? Si possono prevedere sconti per la console durante il <a href=\"https:\/\/www.blackfridaydeals.ch\/it\/\">Black Friday<\/a> di quest&#8217;anno e come potrebbero essere questi sconti? Si poteva acquistare il dispositivo a prezzi promozionali durante l\u2019ultima Black Week?<\/p>\n<h2>Quando \u00e8 stato il rilascio della Playstation Portal?<\/h2>\n<p> Il 23 maggio 2023, Sony ha annunciato per la prima volta alcune informazioni su un nuovo dispositivo di streaming, il cosiddetto Project Q. Alla Gamescom di agosto, il nuovo sistema portatile \u00e8 stato presentato ufficialmente. Il rilascio \u00e8 seguito alcuni mesi dopo. In molti paesi europei, come la Germania, la console portatile \u00e8 stata disponibile a partire dal 15 novembre 2023 in vari negozi. In Svizzera \u00e8 arrivata circa due settimane dopo, precisamente il 30 dicembre. Cos\u00ec \u00e8 stata disponibile anche per la stagione natalizia. <img decoding=\"async\" class=\"alignright wp-image-64105 size-medium\" src=\"https:\/\/www.blackfridaydeals.ch\/wp-content\/uploads\/2023\/08\/playstation-portal-blackfriday-300x300.jpg\" alt=\"playstation portal offerte al black friday\" width=\"300\" height=\"300\" srcset=\"https:\/\/www.blackfridaydeals.ch\/wp-content\/uploads\/2023\/08\/playstation-portal-blackfriday-300x300.jpg 300w, https:\/\/www.blackfridaydeals.ch\/wp-content\/uploads\/2023\/08\/playstation-portal-blackfriday-1024x1024.jpg 1024w, https:\/\/www.blackfridaydeals.ch\/wp-content\/uploads\/2023\/08\/playstation-portal-blackfriday-150x150.jpg 150w, https:\/\/www.blackfridaydeals.ch\/wp-content\/uploads\/2023\/08\/playstation-portal-blackfriday-768x768.jpg 768w, https:\/\/www.blackfridaydeals.ch\/wp-content\/uploads\/2023\/08\/playstation-portal-blackfriday-1536x1536.jpg 1536w, https:\/\/www.blackfridaydeals.ch\/wp-content\/uploads\/2023\/08\/playstation-portal-blackfriday-2048x2048.jpg 2048w, https:\/\/www.blackfridaydeals.ch\/wp-content\/uploads\/2023\/08\/playstation-portal-blackfriday-100x100.jpg 100w, https:\/\/www.blackfridaydeals.ch\/wp-content\/uploads\/2023\/08\/playstation-portal-blackfriday-350x350.jpg 350w, https:\/\/www.blackfridaydeals.ch\/wp-content\/uploads\/2023\/08\/playstation-portal-blackfriday-788x788.jpg 788w, https:\/\/www.blackfridaydeals.ch\/wp-content\/uploads\/2023\/08\/playstation-portal-blackfriday.jpg 1100w\" sizes=\"(max-width: 300px) 100vw, 300px\" \/><br \/>\nDopo il rilascio nel 2023, la console portatile di Sony \u00e8 andata rapidamente esaurita a causa dell\u2019elevata domanda. Nel frattempo la disponibilit\u00e0 si \u00e8 stabilizzata, anche se in occasione di promozioni importanti il dispositivo pu\u00f2 esaurirsi temporaneamente. Anche in Svizzera la Playstation Portal rimane molto popolare. Attualmente \u00e8 possibile ordinarla da <a href=\"https:\/\/www.blackfridaydeals.ch\/it\/shops\/interdiscount-it\/\">Interdiscount<\/a>, <a href=\"https:\/\/www.blackfridaydeals.ch\/it\/shops\/fust-it\/\">Fust<\/a>, <a href=\"https:\/\/www.blackfridaydeals.ch\/it\/shops\/brack-it\/\">Brack.ch<\/a>, <a href=\"https:\/\/www.blackfridaydeals.ch\/it\/shops\/wog-world-of-games-it\/\">WOG World of Games<\/a> o <a href=\"https:\/\/www.blackfridaydeals.ch\/it\/shops\/digitec-it\/\">Digitec<\/a>.<\/p>\n<h2>Quanto costa la Playstation Portal?<\/h2>\n<p> Alla Gamescom 2023, Sony ha annunciato che il prezzo di vendita consigliato per la Playstation Portal in Germania sarebbe stato di 219,99\u20ac. Negli Stati Uniti, il gadget <a href=\"https:\/\/www.blackfridaydeals.ch\/it\/shops\/playstation-it\/\">Playstation<\/a> costava inizialmente 199,99$. Attualmente, in Germania \u00e8 possibile acquistare la console a partire da circa 219\u2013229 euro. In Svizzera, la Playstation Portal di Sony \u00e8 generalmente disponibile a partire da CHF 219\u2013229, a seconda del rivenditore. Durante alcune promozioni si \u00e8 gi\u00e0 vista anche sotto i 200 franchi.<\/p>\n<p>Per fare un confronto: la <a href=\"https:\/\/www.blackfridaydeals.ch\/nintendo-switch-oled\/\">Nintendo Switch OLED<\/a> \u00e8 attualmente disponibile a partire da circa CHF 279\u2013299 e lo Steam Deck a partire da circa CHF 399\u2013449, a seconda della versione.<br \/>\nTuttavia, chi non possiede ancora una Playstation 5, trover\u00e0 pi\u00f9 conveniente l\u2019acquisto di una console di gioco portatile alternativa come la Nintendo Switch o un PC handheld. Infatti, \u00e8 necessaria la PS5 per utilizzare la Playstation Portal. Attualmente, la PS5 \u00e8 disponibile a partire da circa 399 franchi \u2013 insieme alla console portatile, si dovrebbero prevedere costi complessivi di almeno 620 franchi.<\/p>\n<h2>Si possono prevedere offerte per la Playstation Portal al Black Friday 2026?<\/h2>\n<p> Chi cerca offerte vantaggiose sa che nei momenti clou dello shopping di novembre si pu\u00f2 risparmiare molto. Nel giorno di shopping pi\u00f9 importante della Svizzera, il Black Friday, i rivenditori si daranno battaglia anche nel 2026 per conquistare i clienti. In passato, abbiamo gi\u00e0 rilevato offerte del Black Friday per prodotti recentissimi come i pi\u00f9 recenti <a href=\"https:\/\/www.blackfridaydeals.ch\/iphone-black-friday\/\">iPhone<\/a> presentati in autunno, o console di gioco come la <a href=\"https:\/\/www.blackfridaydeals.ch\/die-xbox-series-x\/\">Xbox Series X<\/a>. Per la Playstation 5 (incluse le versioni Slim e Pro), i controller DualSense, i giochi per PS5 e il visore Playstation VR2, ci aspettiamo alcune offerte interessanti per il <a href=\"https:\/\/www.blackfridaydeals.ch\/it\/black-friday-2026\/\">Black Friday 2026<\/a>.<\/p>\n<p>Ma si possono prevedere offerte anche per la Playstation Portal al Black Friday? Secondo noi, s\u00ec. Negli ultimi due anni la console portatile \u00e8 gi\u00e0 stata proposta con piccoli ribassi di prezzo durante le settimane promozionali. \u00c8 quindi consigliabile tenere d\u2019occhio i vari negozi durante la Black Week 2026 per trovare una buona offerta. Non ci aspettiamo per\u00f2 sconti estremamente elevati: realisticamente il prezzo potrebbe scendere temporaneamente intorno ai 189\u2013199 franchi.<\/p>\n<p><img decoding=\"async\" class=\"alignright wp-image-64178 size-medium\" src=\"https:\/\/www.blackfridaydeals.ch\/wp-content\/uploads\/2023\/09\/playstation-black-friday-1-300x158.webp\" alt=\"offerte playstation black friday\" width=\"300\" height=\"158\" srcset=\"https:\/\/www.blackfridaydeals.ch\/wp-content\/uploads\/2023\/09\/playstation-black-friday-1-300x158.webp 300w, https:\/\/www.blackfridaydeals.ch\/wp-content\/uploads\/2023\/09\/playstation-black-friday-1-1024x538.webp 1024w, https:\/\/www.blackfridaydeals.ch\/wp-content\/uploads\/2023\/09\/playstation-black-friday-1-768x403.webp 768w, https:\/\/www.blackfridaydeals.ch\/wp-content\/uploads\/2023\/09\/playstation-black-friday-1-1536x806.webp 1536w, https:\/\/www.blackfridaydeals.ch\/wp-content\/uploads\/2023\/09\/playstation-black-friday-1-2048x1075.webp 2048w, https:\/\/www.blackfridaydeals.ch\/wp-content\/uploads\/2023\/09\/playstation-black-friday-1-286x150.webp 286w, https:\/\/www.blackfridaydeals.ch\/wp-content\/uploads\/2023\/09\/playstation-black-friday-1-100x53.webp 100w, https:\/\/www.blackfridaydeals.ch\/wp-content\/uploads\/2023\/09\/playstation-black-friday-1-667x350.webp 667w, https:\/\/www.blackfridaydeals.ch\/wp-content\/uploads\/2023\/09\/playstation-black-friday-1-788x413.webp 788w, https:\/\/www.blackfridaydeals.ch\/wp-content\/uploads\/2023\/09\/playstation-black-friday-1.webp 1200w\" sizes=\"(max-width: 300px) 100vw, 300px\" \/><br \/>\nPer il Black Friday 2026 possiamo anche immaginare bundle con Playstation Portal e accessori PS5 a prezzo promozionale. In passato, alcuni rivenditori hanno proposto sconti su prodotti Sony selezionati, inclusi accessori gaming. \u00c8 quindi possibile che durante il prossimo Black Friday vengano inclusi anche controller, cuffie Pulse o la stessa Playstation Portal in offerte combinate.<\/p>\n<p>Indipendentemente dall\u2019offerta disponibile al prossimo Black Friday, il 27 novembre 2026, vale la pena fare attenzione: se si trova la console portatile a un prezzo interessante, conviene non aspettare troppo, perch\u00e9 le quantit\u00e0 promozionali possono esaurirsi rapidamente.<\/p>\n<h2>C\u2019erano gi\u00e0 buone offerte per la Playstation Portal al Black Friday scorso?<\/h2>\n<p> Durante le ultime Black Week, sia la Playstation 5 che vari accessori sono stati offerti a prezzi scontati. Anche la Playstation Portal \u00e8 gi\u00e0 stata inclusa in alcune promozioni negli ultimi anni, con ribassi fino a circa 20\u201330 franchi rispetto al prezzo standard. <img decoding=\"async\" class=\"alignright size-medium wp-image-64169\" src=\"https:\/\/www.blackfridaydeals.ch\/wp-content\/uploads\/2023\/09\/playstation-portal-black-friday-gaming-300x168.jpg\" alt=\"\" width=\"300\" height=\"168\" srcset=\"https:\/\/www.blackfridaydeals.ch\/wp-content\/uploads\/2023\/09\/playstation-portal-black-friday-gaming-300x168.jpg 300w, https:\/\/www.blackfridaydeals.ch\/wp-content\/uploads\/2023\/09\/playstation-portal-black-friday-gaming-1024x575.jpg 1024w, https:\/\/www.blackfridaydeals.ch\/wp-content\/uploads\/2023\/09\/playstation-portal-black-friday-gaming-768x431.jpg 768w, https:\/\/www.blackfridaydeals.ch\/wp-content\/uploads\/2023\/09\/playstation-portal-black-friday-gaming-1536x862.jpg 1536w, https:\/\/www.blackfridaydeals.ch\/wp-content\/uploads\/2023\/09\/playstation-portal-black-friday-gaming-2048x1149.jpg 2048w, https:\/\/www.blackfridaydeals.ch\/wp-content\/uploads\/2023\/09\/playstation-portal-black-friday-gaming-267x150.jpg 267w, https:\/\/www.blackfridaydeals.ch\/wp-content\/uploads\/2023\/09\/playstation-portal-black-friday-gaming-100x56.jpg 100w, https:\/\/www.blackfridaydeals.ch\/wp-content\/uploads\/2023\/09\/playstation-portal-black-friday-gaming-624x350.jpg 624w, https:\/\/www.blackfridaydeals.ch\/wp-content\/uploads\/2023\/09\/playstation-portal-black-friday-gaming-788x442.jpg 788w\" sizes=\"(max-width: 300px) 100vw, 300px\" \/><br \/>\nIn diverse occasioni, la console portatile \u00e8 stata proposta intorno ai 199 franchi da rivenditori svizzeri. Pertanto, conviene tenere d\u2019occhio le offerte durante tutto l\u2019anno e non solo a novembre.<\/p>\n<h2>La Playstation Portal al Singles Day o al Cyber Monday 2026<\/h2>\n<p> Oltre al Black Friday, ci sono altri due giorni di shopping importanti a novembre. Anche al <a href=\"https:\/\/www.blackfridaydeals.ch\/it\/singles-day\/\">Singles Day<\/a>, che si svolge sempre l\u201911\/11, si possono trovare sconti su singoli prodotti o sull\u2019intero assortimento. Negli ultimi anni, vari rivenditori svizzeri hanno esteso le promozioni per diversi giorni, con ribassi anche su prodotti gaming. Pertanto, \u00e8 possibile che al Singles Day 2026 ci sia uno sconto anche sulla Playstation Portal. <img decoding=\"async\" class=\"alignright wp-image-64175 size-medium\" src=\"https:\/\/www.blackfridaydeals.ch\/wp-content\/uploads\/2023\/09\/black-friday-rabatte-playstation-portal-300x200.jpg\" alt=\"playstation portal sconto\" width=\"300\" height=\"200\" srcset=\"https:\/\/www.blackfridaydeals.ch\/wp-content\/uploads\/2023\/09\/black-friday-rabatte-playstation-portal-300x200.jpg 300w, https:\/\/www.blackfridaydeals.ch\/wp-content\/uploads\/2023\/09\/black-friday-rabatte-playstation-portal-1024x683.jpg 1024w, https:\/\/www.blackfridaydeals.ch\/wp-content\/uploads\/2023\/09\/black-friday-rabatte-playstation-portal-768x512.jpg 768w, https:\/\/www.blackfridaydeals.ch\/wp-content\/uploads\/2023\/09\/black-friday-rabatte-playstation-portal-1536x1024.jpg 1536w, https:\/\/www.blackfridaydeals.ch\/wp-content\/uploads\/2023\/09\/black-friday-rabatte-playstation-portal-2048x1365.jpg 2048w, https:\/\/www.blackfridaydeals.ch\/wp-content\/uploads\/2023\/09\/black-friday-rabatte-playstation-portal-225x150.jpg 225w, https:\/\/www.blackfridaydeals.ch\/wp-content\/uploads\/2023\/09\/black-friday-rabatte-playstation-portal-100x67.jpg 100w, https:\/\/www.blackfridaydeals.ch\/wp-content\/uploads\/2023\/09\/black-friday-rabatte-playstation-portal-525x350.jpg 525w, https:\/\/www.blackfridaydeals.ch\/wp-content\/uploads\/2023\/09\/black-friday-rabatte-playstation-portal-788x525.jpg 788w\" sizes=\"(max-width: 300px) 100vw, 300px\" \/><br \/>\nUn altro interessante giorno di shopping si svolge subito dopo il Black Friday. Stiamo parlando del <a href=\"https:\/\/www.blackfridaydeals.ch\/cyber-monday\/\">Cyber Monday<\/a> o della Cyber Week. Anche qui si possono trovare vari sconti su articoli per il gaming come la Playstation 5 o su prodotti come notebook e <a href=\"https:\/\/www.blackfridaydeals.ch\/smartphone-black-friday\/\">smartphone<\/a>. Durante la Cyber Week 2026, vale quindi la pena monitorare eventuali offerte per il Playstation Portal Remote Player.<\/p>\n","protected":false},"excerpt":{"rendered":"<p>Il mercato dei dispositivi portatili \u00e8 attualmente molto competitivo. Oltre a console conosciute come la Nintendo Switch o lo Steam Deck di Valve, sempre pi\u00f9 aziende trovano interessante il rilascio di un proprio dispositivo per giocare in mobilit\u00e0. ASUS, ad esempio, ha presentato il ROG Ally e versioni aggiornate come il ROG Ally X, ancora [&hellip;]<\/p>\n","protected":false},"author":319,"featured_media":64107,"parent":0,"menu_order":0,"comment_status":"closed","ping_status":"closed","template":"","meta":[],"yoast_head":"<!-- This site is optimized with the Yoast SEO plugin v20.5 - https:\/\/yoast.com\/wordpress\/plugins\/seo\/ -->\n<title>Offerte del Playstation Portal per il Black Friday 2026<\/title>\n<meta name=\"description\" content=\"L&#039;ultima console portatile di Sony \u00e8 una seria concorrenza per lo Switch? Scopri le offerte del Black Friday 2026 del Playstation Portal!\" \/>\n<meta name=\"robots\" content=\"index, follow, max-snippet:-1, max-image-preview:large, max-video-preview:-1\" \/>\n<link rel=\"canonical\" href=\"https:\/\/www.blackfridaydeals.ch\/it\/playstation-portal-black-friday\/\" \/>\n<meta property=\"og:locale\" content=\"it_IT\" \/>\n<meta property=\"og:type\" content=\"article\" \/>\n<meta property=\"og:title\" content=\"Offerte del Playstation Portal per il Black Friday 2026\" \/>\n<meta property=\"og:description\" content=\"L&#039;ultima console portatile di Sony \u00e8 una seria concorrenza per lo Switch? Scopri le offerte del Black Friday 2026 del Playstation Portal!\" \/>\n<meta property=\"og:url\" content=\"https:\/\/www.blackfridaydeals.ch\/it\/playstation-portal-black-friday\/\" \/>\n<meta property=\"og:site_name\" content=\"blackfridaydeals.ch\" \/>\n<meta property=\"article:publisher\" content=\"https:\/\/www.facebook.com\/blackfridaydealsch\/\" \/>\n<meta property=\"article:modified_time\" content=\"2026-02-17T07:46:38+00:00\" \/>\n<meta property=\"og:image\" content=\"https:\/\/www.blackfridaydeals.ch\/wp-content\/uploads\/2023\/08\/playstation-portal-blackfriday.jpg\" \/>\n\t<meta property=\"og:image:width\" content=\"1100\" \/>\n\t<meta property=\"og:image:height\" content=\"1100\" \/>\n\t<meta property=\"og:image:type\" content=\"image\/jpeg\" \/>\n<meta name=\"twitter:card\" content=\"summary_large_image\" \/>\n<meta name=\"twitter:site\" content=\"@blackfridaych\" \/>\n<meta name=\"twitter:label1\" content=\"Est. reading time\" \/>\n\t<meta name=\"twitter:data1\" content=\"7 minutes\" \/>\n<script type=\"application\/ld+json\" class=\"yoast-schema-graph\">{\"@context\":\"https:\/\/schema.org\",\"@graph\":[{\"@type\":\"WebPage\",\"@id\":\"https:\/\/www.blackfridaydeals.ch\/it\/playstation-portal-black-friday\/\",\"url\":\"https:\/\/www.blackfridaydeals.ch\/it\/playstation-portal-black-friday\/\",\"name\":\"Offerte del Playstation Portal per il Black Friday 2026\",\"isPartOf\":{\"@id\":\"https:\/\/www.blackfridaydeals.ch\/it\/#website\"},\"datePublished\":\"2023-10-09T14:42:29+00:00\",\"dateModified\":\"2026-02-17T07:46:38+00:00\",\"description\":\"L'ultima console portatile di Sony \u00e8 una seria concorrenza per lo Switch? Scopri le offerte del Black Friday 2026 del Playstation Portal!\",\"breadcrumb\":{\"@id\":\"https:\/\/www.blackfridaydeals.ch\/it\/playstation-portal-black-friday\/#breadcrumb\"},\"inLanguage\":\"it-CH\",\"potentialAction\":[{\"@type\":\"ReadAction\",\"target\":[\"https:\/\/www.blackfridaydeals.ch\/it\/playstation-portal-black-friday\/\"]}]},{\"@type\":\"BreadcrumbList\",\"@id\":\"https:\/\/www.blackfridaydeals.ch\/it\/playstation-portal-black-friday\/#breadcrumb\",\"itemListElement\":[{\"@type\":\"ListItem\",\"position\":1,\"name\":\"Startseite\",\"item\":\"https:\/\/www.blackfridaydeals.ch\/it\/\"},{\"@type\":\"ListItem\",\"position\":2,\"name\":\"Offerte incredibili per la Playstation Portal in occasione del Black Friday &#8211; Tutte le informazioni sulla nuova console portatile di Sony\"}]},{\"@type\":\"WebSite\",\"@id\":\"https:\/\/www.blackfridaydeals.ch\/it\/#website\",\"url\":\"https:\/\/www.blackfridaydeals.ch\/it\/\",\"name\":\"blackfridaydeals.ch\",\"description\":\"Tutte le offerte del Black Friday 2025 in Svizzera\",\"publisher\":{\"@id\":\"https:\/\/www.blackfridaydeals.ch\/it\/#organization\"},\"alternateName\":\"Black Friday Deals\",\"potentialAction\":[{\"@type\":\"SearchAction\",\"target\":{\"@type\":\"EntryPoint\",\"urlTemplate\":\"https:\/\/www.blackfridaydeals.ch\/it\/?s={search_term_string}\"},\"query-input\":\"required name=search_term_string\"}],\"inLanguage\":\"it-CH\"},{\"@type\":\"Organization\",\"@id\":\"https:\/\/www.blackfridaydeals.ch\/it\/#organization\",\"name\":\"blackfridaydeals.ch\",\"alternateName\":\"Black Friday Deals\",\"url\":\"https:\/\/www.blackfridaydeals.ch\/it\/\",\"logo\":{\"@type\":\"ImageObject\",\"inLanguage\":\"it-CH\",\"@id\":\"https:\/\/www.blackfridaydeals.ch\/it\/#\/schema\/logo\/image\/\",\"url\":\"https:\/\/www.blackfridaydeals.ch\/wp-content\/uploads\/2023\/03\/app-icon-white-bg-jpg.jpg\",\"contentUrl\":\"https:\/\/www.blackfridaydeals.ch\/wp-content\/uploads\/2023\/03\/app-icon-white-bg-jpg.jpg\",\"width\":512,\"height\":512,\"caption\":\"blackfridaydeals.ch\"},\"image\":{\"@id\":\"https:\/\/www.blackfridaydeals.ch\/it\/#\/schema\/logo\/image\/\"},\"sameAs\":[\"https:\/\/www.facebook.com\/blackfridaydealsch\/\",\"https:\/\/twitter.com\/blackfridaych\",\"https:\/\/www.youtube.com\/channel\/UCNKXHacMw8AS34mBgzVx3FQ\",\"https:\/\/www.instagram.com\/blackfridaydeals.ch\/\"]}]}<\/script>\n<!-- \/ Yoast SEO plugin. -->","yoast_head_json":{"title":"Offerte del Playstation Portal per il Black Friday 2026","description":"L'ultima console portatile di Sony \u00e8 una seria concorrenza per lo Switch? Scopri le offerte del Black Friday 2026 del Playstation Portal!","robots":{"index":"index","follow":"follow","max-snippet":"max-snippet:-1","max-image-preview":"max-image-preview:large","max-video-preview":"max-video-preview:-1"},"canonical":"https:\/\/www.blackfridaydeals.ch\/it\/playstation-portal-black-friday\/","og_locale":"it_IT","og_type":"article","og_title":"Offerte del Playstation Portal per il Black Friday 2026","og_description":"L'ultima console portatile di Sony \u00e8 una seria concorrenza per lo Switch? Scopri le offerte del Black Friday 2026 del Playstation Portal!","og_url":"https:\/\/www.blackfridaydeals.ch\/it\/playstation-portal-black-friday\/","og_site_name":"blackfridaydeals.ch","article_publisher":"https:\/\/www.facebook.com\/blackfridaydealsch\/","article_modified_time":"2026-02-17T07:46:38+00:00","og_image":[{"width":1100,"height":1100,"url":"https:\/\/www.blackfridaydeals.ch\/wp-content\/uploads\/2023\/08\/playstation-portal-blackfriday.jpg","type":"image\/jpeg"}],"twitter_card":"summary_large_image","twitter_site":"@blackfridaych","twitter_misc":{"Est. reading time":"7 minutes"},"schema":{"@context":"https:\/\/schema.org","@graph":[{"@type":"WebPage","@id":"https:\/\/www.blackfridaydeals.ch\/it\/playstation-portal-black-friday\/","url":"https:\/\/www.blackfridaydeals.ch\/it\/playstation-portal-black-friday\/","name":"Offerte del Playstation Portal per il Black Friday 2026","isPartOf":{"@id":"https:\/\/www.blackfridaydeals.ch\/it\/#website"},"datePublished":"2023-10-09T14:42:29+00:00","dateModified":"2026-02-17T07:46:38+00:00","description":"L'ultima console portatile di Sony \u00e8 una seria concorrenza per lo Switch? Scopri le offerte del Black Friday 2026 del Playstation Portal!","breadcrumb":{"@id":"https:\/\/www.blackfridaydeals.ch\/it\/playstation-portal-black-friday\/#breadcrumb"},"inLanguage":"it-CH","potentialAction":[{"@type":"ReadAction","target":["https:\/\/www.blackfridaydeals.ch\/it\/playstation-portal-black-friday\/"]}]},{"@type":"BreadcrumbList","@id":"https:\/\/www.blackfridaydeals.ch\/it\/playstation-portal-black-friday\/#breadcrumb","itemListElement":[{"@type":"ListItem","position":1,"name":"Startseite","item":"https:\/\/www.blackfridaydeals.ch\/it\/"},{"@type":"ListItem","position":2,"name":"Offerte incredibili per la Playstation Portal in occasione del Black Friday &#8211; Tutte le informazioni sulla nuova console portatile di Sony"}]},{"@type":"WebSite","@id":"https:\/\/www.blackfridaydeals.ch\/it\/#website","url":"https:\/\/www.blackfridaydeals.ch\/it\/","name":"blackfridaydeals.ch","description":"Tutte le offerte del Black Friday 2025 in Svizzera","publisher":{"@id":"https:\/\/www.blackfridaydeals.ch\/it\/#organization"},"alternateName":"Black Friday Deals","potentialAction":[{"@type":"SearchAction","target":{"@type":"EntryPoint","urlTemplate":"https:\/\/www.blackfridaydeals.ch\/it\/?s={search_term_string}"},"query-input":"required name=search_term_string"}],"inLanguage":"it-CH"},{"@type":"Organization","@id":"https:\/\/www.blackfridaydeals.ch\/it\/#organization","name":"blackfridaydeals.ch","alternateName":"Black Friday Deals","url":"https:\/\/www.blackfridaydeals.ch\/it\/","logo":{"@type":"ImageObject","inLanguage":"it-CH","@id":"https:\/\/www.blackfridaydeals.ch\/it\/#\/schema\/logo\/image\/","url":"https:\/\/www.blackfridaydeals.ch\/wp-content\/uploads\/2023\/03\/app-icon-white-bg-jpg.jpg","contentUrl":"https:\/\/www.blackfridaydeals.ch\/wp-content\/uploads\/2023\/03\/app-icon-white-bg-jpg.jpg","width":512,"height":512,"caption":"blackfridaydeals.ch"},"image":{"@id":"https:\/\/www.blackfridaydeals.ch\/it\/#\/schema\/logo\/image\/"},"sameAs":["https:\/\/www.facebook.com\/blackfridaydealsch\/","https:\/\/twitter.com\/blackfridaych","https:\/\/www.youtube.com\/channel\/UCNKXHacMw8AS34mBgzVx3FQ","https:\/\/www.instagram.com\/blackfridaydeals.ch\/"]}]}},"_links":{"self":[{"href":"https:\/\/www.blackfridaydeals.ch\/it\/wp-json\/wp\/v2\/pages\/65116"}],"collection":[{"href":"https:\/\/www.blackfridaydeals.ch\/it\/wp-json\/wp\/v2\/pages"}],"about":[{"href":"https:\/\/www.blackfridaydeals.ch\/it\/wp-json\/wp\/v2\/types\/page"}],"author":[{"embeddable":true,"href":"https:\/\/www.blackfridaydeals.ch\/it\/wp-json\/wp\/v2\/users\/319"}],"replies":[{"embeddable":true,"href":"https:\/\/www.blackfridaydeals.ch\/it\/wp-json\/wp\/v2\/comments?post=65116"}],"version-history":[{"count":9,"href":"https:\/\/www.blackfridaydeals.ch\/it\/wp-json\/wp\/v2\/pages\/65116\/revisions"}],"predecessor-version":[{"id":110022,"href":"https:\/\/www.blackfridaydeals.ch\/it\/wp-json\/wp\/v2\/pages\/65116\/revisions\/110022"}],"wp:featuredmedia":[{"embeddable":true,"href":"https:\/\/www.blackfridaydeals.ch\/it\/wp-json\/wp\/v2\/media\/64107"}],"wp:attachment":[{"href":"https:\/\/www.blackfridaydeals.ch\/it\/wp-json\/wp\/v2\/media?parent=65116"}],"curies":[{"name":"wp","href":"https:\/\/api.w.org\/{rel}","templated":true}]}}