{"id":62513,"date":"2023-07-10T10:31:54","date_gmt":"2023-07-10T08:31:54","guid":{"rendered":"https:\/\/www.blackfridaydeals.ch\/?page_id=62513"},"modified":"2025-02-10T10:39:31","modified_gmt":"2025-02-10T09:39:31","slug":"abbigliamento-e-moda","status":"publish","type":"page","link":"https:\/\/www.blackfridaydeals.ch\/it\/abbigliamento-e-moda\/","title":{"rendered":"Abbigliamento e moda: le occasioni del Black Friday"},"content":{"rendered":"<p>[vc_row][vc_column]\n[vc_column_text]<span>Il Black Friday \u00e8 un evento di particolare interesse e molto atteso dagli amanti della moda. Tutte le principali maison di moda, come Zara, Zalando, H&amp;M, C&amp;A, About You e molte altre, partecipano al Black Friday, una giornata di saldi straordinari che \u00e8 diventata un appuntamento imperdibile. Anche i negozi di outlet come Outlet City partecipano all&#8217;evento. Nel settore della moda, \u00e8 generalmente una buona idea approfittare di queste occasioni. I rivenditori approfittano di questa giornata per svendere le collezioni degli anni precedenti e fare spazio ai nuovi articoli. Oltre che, naturalmente, per incrementare le vendite di fine anno! <\/span><\/p>\n<p><span>In questo articolo vogliamo offrirti una panoramica delle offerte del Black Friday e spiegarti brevemente cosa potrai aspettarti dal Cyber Monday e dal Singles Day. Troverai tutte le offerte relative alla moda nella categoria <a href=\"https:\/\/www.blackfridaydeals.ch\/it\/moda-gioielleria\/\">Moda e Gioielli<\/a>.<\/span>[\/vc_column_text][\/vc_column][\/vc_row][vc_row bwd_tbc4vd_show_weekday=&#8221;&#8221;][vc_column width=&#8221;1\/3&#8243;]<a target=\"\" rel=\"\" href=\"https:\/\/www.blackfridaydeals.ch\/it\/shops\/zara-it\/\"> <div class=\"categoriesbox\"><div class=\"categoriesbox-bg\" style=\"background-image: url(https:\/\/www.blackfridaydeals.ch\/wp-content\/uploads\/2023\/05\/Zara-Logo.png);\"><\/div><div class=\"categoriesbox-content\">Le offerte del Black Friday di Zara<p> La moda di Zara si differenzia per la sua diversit\u00e0, i colori vivaci e le collezioni al passo con i tempi, proprio come le offerte del Black Friday. In occasione di questo evento, Zara offre un'ampia variet\u00e0 di prodotti, con un'attenzione particolare ai propri marchi. Negli anni scorsi, gli sconti raggiungevano il 40% su un'ampia gamma di articoli selezionati. Inoltre, un'ampia selezione di articoli \u00e8 stata offerta con uno sconto del 20%. Queste offerte sono state disponibili sia online che in negozio. Ci aspettiamo un'offerta simile per il Black Friday.<\/p> <div class=\"frontpagebuttons\">Pi\u00f9 informazioni<\/div><\/div><\/div><\/a><a target=\"\" rel=\"\" href=\"https:\/\/www.blackfridaydeals.ch\/it\/shops\/hm-it\/\"> <div class=\"categoriesbox\"><div class=\"categoriesbox-bg\" style=\"background-image: url(https:\/\/www.blackfridaydeals.ch\/wp-content\/uploads\/2023\/05\/HM-Logo.png);\"><\/div><div class=\"categoriesbox-content\">Le offerte del Black Friday di H&amp;M<p> La casa di moda svedese H&amp;M \u00e8 molto popolare in Svizzera. Proprio come Zara, H&amp;M si concentra principalmente sui propri marchi. Tuttavia, negli ultimi anni, a differenza di Zara, gli sconti di H&amp;M sono rimasti confinati al 20% e sono stati disponibili solo per i membri del programma H&amp;M. A proposito, diventare membri di H&amp;M \u00e8 facile e gratuito. D'altra parte, a differenza di Zara, l'offerta di H&amp;M valeva per l'intero assortimento e anche per gli articoli gi\u00e0 scontati. Nelle filiali locali, a volte si potevano trovare iniziative aggiuntive su alcuni prodotti e queste erano frequenti anche al di fuori del periodo del Black Friday. Quest'anno ci aspettiamo di vedere ancora uno sconto del 20% per i soci H&amp;M, ma potremmo anche immaginarne uno del 30%.<\/p> <div class=\"frontpagebuttons\">Pi\u00f9 informazioni<\/div><\/div><\/div><\/a>[\/vc_column][vc_column width=&#8221;1\/3&#8243;]<a target=\"\" rel=\"\" href=\"https:\/\/www.blackfridaydeals.ch\/it\/shops\/about-you-it\/\"> <div class=\"categoriesbox\"><div class=\"categoriesbox-bg\" style=\"background-image: url(https:\/\/www.blackfridaydeals.ch\/wp-content\/uploads\/2022\/11\/About-You-Logo1-4-580x408-1.png);\"><\/div><div class=\"categoriesbox-content\">Le offerte del Black Friday di About You<p> ``Fashion isn't about anyone else. It's about you``! Questo \u00e8 lo slogan del marchio, che si potrebbe tradurre cos\u00ec: la moda non \u00e8 pensata per gli altri. \u00c8 fatta per te! Un raffinato gioco di parole che dice gi\u00e0 tanto! In poche parole, il Black Friday di About You \u00e8 interamente dedicato a te! Negli ultimi anni, About You \u00e8 riuscita ad incrementare rapidamente la propria fetta di mercato in Svizzera grazie a un servizio di qualit\u00e0 e a prezzi interessanti sui prodotti di marca. L'anno scorso gli sconti ``extra`` hanno raggiunto il 70% su tutto. La parola chiave \u00e8 sicuramente ``fino a``. Infatti, la maggior parte dei prodotti \u00e8 stata scontata solo del 10-15%. Nel complesso, \u00e8 comunque meglio dell'anno precedente, quando lo sconto massimo era solo del 40%. Pertanto, ti consigliamo vivamente di visitare il negozio online About You durante il Black Friday, ma non solo, perch\u00e9 i prezzi sono interessanti anche durante il resto dell'anno e potresti trovare uno sconto del 70% su un prodotto che ti interessa.<\/p> <div class=\"frontpagebuttons\">Pi\u00f9 informazioni<\/div><\/div><\/div><\/a><a target=\"\" rel=\"\" href=\"https:\/\/www.blackfridaydeals.ch\/it\/shops\/zalando-it\/\"> <div class=\"categoriesbox\"><div class=\"categoriesbox-bg\" style=\"background-image: url(https:\/\/www.blackfridaydeals.ch\/wp-content\/uploads\/2020\/11\/zalando-1.png);\"><\/div><div class=\"categoriesbox-content\">Le offerte del Black Friday di Zalando<p> Zalando \u00e8 uno dei pi\u00f9 grandi rivenditori online in Svizzera. Il negozio offre sia marche a buon mercato che marchi di alta gamma a prezzi vantaggiosi. I prezzi sono ancora pi\u00f9 interessanti e allettanti in occasione del Black Friday. Per realizzare questo obiettivo, Zalando ha provato diverse formule. In alcuni casi, il negozio ha offerto sconti su tutta la gamma, mentre in altri le offerte erano limitate a una selezione di articoli. Tuttavia, va detto che la scelta dei prodotti selezionati non rende giustizia alla qualit\u00e0 della campagna. L'anno scorso, ad esempio, i prodotti scontati erano pi\u00f9 di 100.000. Che \u00e8 comunque un dato eccezionale! Anche Zalando pubblicizza sconti fino al 70%, ma come nel caso di About You, gli sconti effettivi su molti articoli erano compresi tra il 10% e il 20%. Ci aspettiamo che il Black Friday sar\u00e0 analogo.<\/p> <div class=\"frontpagebuttons\">Pi\u00f9 informazioni<\/div><\/div><\/div><\/a>[\/vc_column][vc_column width=&#8221;1\/3&#8243;]<a target=\"\" rel=\"\" href=\"https:\/\/www.blackfridaydeals.ch\/it\/shops\/ca-it\/\"> <div class=\"categoriesbox\"><div class=\"categoriesbox-bg\" style=\"background-image: url(https:\/\/www.blackfridaydeals.ch\/wp-content\/uploads\/2022\/11\/ca.png);\"><\/div><div class=\"categoriesbox-content\">Le offerte del Black Friday di C&amp;A<p> C&amp;A si \u00e8 imposta l'obiettivo di offrire moda a prezzi vantaggiosi e di alta qualit\u00e0. Seguendo questo principio, C&amp;A \u00e8 sempre stata pronta a offrire grandi sconti durante il Black Friday. Ogni anno l'offerta si \u00e8 ripetuta. C&amp;A ha proposto uno sconto del 20% su tutta la merce con un minimo d'ordine. L'anno scorso, per approfittare di questa offerta, dovevi acquistare almeno 39 CHF. Anche per il Black Friday ci aspettiamo un'offerta simile, se non leggermente migliore, magari del 25%.<\/p> <div class=\"frontpagebuttons\">Pi\u00f9 informazioni<\/div><\/div><\/div><\/a>[\/vc_column][\/vc_row][vc_row][vc_column][vc_column_text]<\/p>\n<h2><strong><span>Le promozioni del mondo della moda del Singles Day<\/span><\/strong><\/h2>\n<p><span>Il <a href=\"https:\/\/www.blackfridaydeals.ch\/it\/singles-day\/\">Singles Day<\/a>, un evento nato nella lontana Cina, \u00e8 ancora relativamente nuovo in Svizzera. Questo spiega perch\u00e9 le maison della moda, soprattutto, sono state un po&#8217; pi\u00f9 restie ad accettare questa nuova giornata di shopping rispetto ai negozi di elettronica, ad esempio. Ad ogni modo, il Singles Day merita di essere celebrato e vissuto appieno. C&amp;A e Zalando, ad esempio, hanno gi\u00e0 offerto uno sconto dell&#8217;11% su tutta la loro collezione. Il Singles Day \u00e8 particolarmente interessante per i rivenditori cinesi, alcuni dei quali offrono anche articoli di abbigliamento. Shein, ad esempio, noto per il suo fast-fashion, offre offerte interessanti in occasione del Singles Day. Anche AliExpress vende vestiti a prezzi particolarmente vantaggiosi durante la Settimana dei Single. Questi due negozi offrono gi\u00e0 prezzi molto interessanti durante tutto l&#8217;anno, tuttavia sarebbe pi\u00f9 saggio non perderli di vista, e senz&#8217;altro anche altri, in occasione del Singles Day 2026.<\/span><\/p>\n<p>&nbsp;<\/p>\n<h2><strong><span>Le promozioni del mondo della moda del Cyber Monday<\/span><\/strong><\/h2>\n<p><span>Il <a href=\"https:\/\/www.blackfridaydeals.ch\/it\/cyber-monday\/\">Cyber Monday<\/a>, evento che arriva subito dopo il Black Friday, riguarda principalmente l&#8217;elettronica, motivo per cui le grandi case di moda come H&amp;M, C&amp;A e Zara non hanno ancora partecipato, a quanto ci risulta.<\/span><\/p>\n<p><span>Tuttavia, la situazione \u00e8 diversa per le aziende che si occupano di vendite per corrispondenza. Zalando e About You hanno entrambe prorogato le loro promozioni del Black Friday al Cyber Monday. In passato anche Adidas ha sfruttato il Cyber Monday. Il produttore di abbigliamento sportivo non solo ha esteso le promozioni del Black Friday, ma ha anche offerto uno sconto aggiuntivo per il Cyber Monday. La concorrenza, come Dosenbach, Nike o D\u00e9cathlon, seguir\u00e0 l&#8217;esempio? Noi siamo piuttosto scettici, ma riteniamo che Adidas offrir\u00e0 al massimo lo stesso sconto sul Cyber Monday 2026 che ha applicato durante il Black Friday.<\/span>[\/vc_column_text][\/vc_column][\/vc_row]<\/p>\n","protected":false},"excerpt":{"rendered":"<p>[vc_row][vc_column][vc_column_text]Il Black Friday \u00e8 un evento di particolare interesse e molto atteso dagli amanti della moda. Tutte le principali maison di moda, come Zara, Zalando, H&amp;M, C&amp;A, About You e molte altre, partecipano al Black Friday, una giornata di saldi straordinari che \u00e8 diventata un appuntamento imperdibile. Anche i negozi di outlet come Outlet City [&hellip;]<\/p>\n","protected":false},"author":319,"featured_media":62264,"parent":0,"menu_order":0,"comment_status":"closed","ping_status":"closed","template":"","meta":[],"yoast_head":"<!-- This site is optimized with the Yoast SEO plugin v20.5 - https:\/\/yoast.com\/wordpress\/plugins\/seo\/ -->\n<title>Abbigliamento e moda: le occasioni del Black Friday 2026<\/title>\n<meta name=\"description\" content=\"Scopri le migliori offerte del Black Friday su BlackFridayDeals.ch. Grandi sconti su Zara, Zalando, H&amp;M, C&amp;A e molto altro!\" \/>\n<meta name=\"robots\" content=\"index, follow, max-snippet:-1, max-image-preview:large, max-video-preview:-1\" \/>\n<link rel=\"canonical\" href=\"https:\/\/www.blackfridaydeals.ch\/it\/abbigliamento-e-moda\/\" \/>\n<meta property=\"og:locale\" content=\"it_IT\" \/>\n<meta property=\"og:type\" content=\"article\" \/>\n<meta property=\"og:title\" content=\"Abbigliamento e moda: le occasioni del Black Friday 2026\" \/>\n<meta property=\"og:description\" content=\"Scopri le migliori offerte del Black Friday su BlackFridayDeals.ch. Grandi sconti su Zara, Zalando, H&amp;M, C&amp;A e molto altro!\" \/>\n<meta property=\"og:url\" content=\"https:\/\/www.blackfridaydeals.ch\/it\/abbigliamento-e-moda\/\" \/>\n<meta property=\"og:site_name\" content=\"blackfridaydeals.ch\" \/>\n<meta property=\"article:publisher\" content=\"https:\/\/www.facebook.com\/blackfridaydealsch\/\" \/>\n<meta property=\"article:modified_time\" content=\"2025-02-10T09:39:31+00:00\" \/>\n<meta property=\"og:image\" content=\"https:\/\/www.blackfridaydeals.ch\/wp-content\/uploads\/2023\/07\/Fashion-Mode-Black-Friday-Schmuck.jpg\" \/>\n\t<meta property=\"og:image:width\" content=\"1585\" \/>\n\t<meta property=\"og:image:height\" content=\"1345\" \/>\n\t<meta property=\"og:image:type\" content=\"image\/jpeg\" \/>\n<meta name=\"twitter:card\" content=\"summary_large_image\" \/>\n<meta name=\"twitter:site\" content=\"@blackfridaych\" \/>\n<meta name=\"twitter:label1\" content=\"Est. reading time\" \/>\n\t<meta name=\"twitter:data1\" content=\"6 minutes\" \/>\n<script type=\"application\/ld+json\" class=\"yoast-schema-graph\">{\"@context\":\"https:\/\/schema.org\",\"@graph\":[{\"@type\":\"WebPage\",\"@id\":\"https:\/\/www.blackfridaydeals.ch\/it\/abbigliamento-e-moda\/\",\"url\":\"https:\/\/www.blackfridaydeals.ch\/it\/abbigliamento-e-moda\/\",\"name\":\"Abbigliamento e moda: le occasioni del Black Friday 2026\",\"isPartOf\":{\"@id\":\"https:\/\/www.blackfridaydeals.ch\/it\/#website\"},\"datePublished\":\"2023-07-10T08:31:54+00:00\",\"dateModified\":\"2025-02-10T09:39:31+00:00\",\"description\":\"Scopri le migliori offerte del Black Friday su BlackFridayDeals.ch. Grandi sconti su Zara, Zalando, H&M, C&A e molto altro!\",\"breadcrumb\":{\"@id\":\"https:\/\/www.blackfridaydeals.ch\/it\/abbigliamento-e-moda\/#breadcrumb\"},\"inLanguage\":\"it-CH\",\"potentialAction\":[{\"@type\":\"ReadAction\",\"target\":[\"https:\/\/www.blackfridaydeals.ch\/it\/abbigliamento-e-moda\/\"]}]},{\"@type\":\"BreadcrumbList\",\"@id\":\"https:\/\/www.blackfridaydeals.ch\/it\/abbigliamento-e-moda\/#breadcrumb\",\"itemListElement\":[{\"@type\":\"ListItem\",\"position\":1,\"name\":\"Startseite\",\"item\":\"https:\/\/www.blackfridaydeals.ch\/it\/\"},{\"@type\":\"ListItem\",\"position\":2,\"name\":\"Abbigliamento e moda: le occasioni del Black Friday\"}]},{\"@type\":\"WebSite\",\"@id\":\"https:\/\/www.blackfridaydeals.ch\/it\/#website\",\"url\":\"https:\/\/www.blackfridaydeals.ch\/it\/\",\"name\":\"blackfridaydeals.ch\",\"description\":\"Tutte le offerte del Black Friday 2025 in Svizzera\",\"publisher\":{\"@id\":\"https:\/\/www.blackfridaydeals.ch\/it\/#organization\"},\"alternateName\":\"Black Friday Deals\",\"potentialAction\":[{\"@type\":\"SearchAction\",\"target\":{\"@type\":\"EntryPoint\",\"urlTemplate\":\"https:\/\/www.blackfridaydeals.ch\/it\/?s={search_term_string}\"},\"query-input\":\"required name=search_term_string\"}],\"inLanguage\":\"it-CH\"},{\"@type\":\"Organization\",\"@id\":\"https:\/\/www.blackfridaydeals.ch\/it\/#organization\",\"name\":\"blackfridaydeals.ch\",\"alternateName\":\"Black Friday Deals\",\"url\":\"https:\/\/www.blackfridaydeals.ch\/it\/\",\"logo\":{\"@type\":\"ImageObject\",\"inLanguage\":\"it-CH\",\"@id\":\"https:\/\/www.blackfridaydeals.ch\/it\/#\/schema\/logo\/image\/\",\"url\":\"https:\/\/www.blackfridaydeals.ch\/wp-content\/uploads\/2023\/03\/app-icon-white-bg-jpg.jpg\",\"contentUrl\":\"https:\/\/www.blackfridaydeals.ch\/wp-content\/uploads\/2023\/03\/app-icon-white-bg-jpg.jpg\",\"width\":512,\"height\":512,\"caption\":\"blackfridaydeals.ch\"},\"image\":{\"@id\":\"https:\/\/www.blackfridaydeals.ch\/it\/#\/schema\/logo\/image\/\"},\"sameAs\":[\"https:\/\/www.facebook.com\/blackfridaydealsch\/\",\"https:\/\/twitter.com\/blackfridaych\",\"https:\/\/www.youtube.com\/channel\/UCNKXHacMw8AS34mBgzVx3FQ\",\"https:\/\/www.instagram.com\/blackfridaydeals.ch\/\"]}]}<\/script>\n<!-- \/ Yoast SEO plugin. -->","yoast_head_json":{"title":"Abbigliamento e moda: le occasioni del Black Friday 2026","description":"Scopri le migliori offerte del Black Friday su BlackFridayDeals.ch. Grandi sconti su Zara, Zalando, H&M, C&A e molto altro!","robots":{"index":"index","follow":"follow","max-snippet":"max-snippet:-1","max-image-preview":"max-image-preview:large","max-video-preview":"max-video-preview:-1"},"canonical":"https:\/\/www.blackfridaydeals.ch\/it\/abbigliamento-e-moda\/","og_locale":"it_IT","og_type":"article","og_title":"Abbigliamento e moda: le occasioni del Black Friday 2026","og_description":"Scopri le migliori offerte del Black Friday su BlackFridayDeals.ch. Grandi sconti su Zara, Zalando, H&M, C&A e molto altro!","og_url":"https:\/\/www.blackfridaydeals.ch\/it\/abbigliamento-e-moda\/","og_site_name":"blackfridaydeals.ch","article_publisher":"https:\/\/www.facebook.com\/blackfridaydealsch\/","article_modified_time":"2025-02-10T09:39:31+00:00","og_image":[{"width":1585,"height":1345,"url":"https:\/\/www.blackfridaydeals.ch\/wp-content\/uploads\/2023\/07\/Fashion-Mode-Black-Friday-Schmuck.jpg","type":"image\/jpeg"}],"twitter_card":"summary_large_image","twitter_site":"@blackfridaych","twitter_misc":{"Est. reading time":"6 minutes"},"schema":{"@context":"https:\/\/schema.org","@graph":[{"@type":"WebPage","@id":"https:\/\/www.blackfridaydeals.ch\/it\/abbigliamento-e-moda\/","url":"https:\/\/www.blackfridaydeals.ch\/it\/abbigliamento-e-moda\/","name":"Abbigliamento e moda: le occasioni del Black Friday 2026","isPartOf":{"@id":"https:\/\/www.blackfridaydeals.ch\/it\/#website"},"datePublished":"2023-07-10T08:31:54+00:00","dateModified":"2025-02-10T09:39:31+00:00","description":"Scopri le migliori offerte del Black Friday su BlackFridayDeals.ch. Grandi sconti su Zara, Zalando, H&M, C&A e molto altro!","breadcrumb":{"@id":"https:\/\/www.blackfridaydeals.ch\/it\/abbigliamento-e-moda\/#breadcrumb"},"inLanguage":"it-CH","potentialAction":[{"@type":"ReadAction","target":["https:\/\/www.blackfridaydeals.ch\/it\/abbigliamento-e-moda\/"]}]},{"@type":"BreadcrumbList","@id":"https:\/\/www.blackfridaydeals.ch\/it\/abbigliamento-e-moda\/#breadcrumb","itemListElement":[{"@type":"ListItem","position":1,"name":"Startseite","item":"https:\/\/www.blackfridaydeals.ch\/it\/"},{"@type":"ListItem","position":2,"name":"Abbigliamento e moda: le occasioni del Black Friday"}]},{"@type":"WebSite","@id":"https:\/\/www.blackfridaydeals.ch\/it\/#website","url":"https:\/\/www.blackfridaydeals.ch\/it\/","name":"blackfridaydeals.ch","description":"Tutte le offerte del Black Friday 2025 in Svizzera","publisher":{"@id":"https:\/\/www.blackfridaydeals.ch\/it\/#organization"},"alternateName":"Black Friday Deals","potentialAction":[{"@type":"SearchAction","target":{"@type":"EntryPoint","urlTemplate":"https:\/\/www.blackfridaydeals.ch\/it\/?s={search_term_string}"},"query-input":"required name=search_term_string"}],"inLanguage":"it-CH"},{"@type":"Organization","@id":"https:\/\/www.blackfridaydeals.ch\/it\/#organization","name":"blackfridaydeals.ch","alternateName":"Black Friday Deals","url":"https:\/\/www.blackfridaydeals.ch\/it\/","logo":{"@type":"ImageObject","inLanguage":"it-CH","@id":"https:\/\/www.blackfridaydeals.ch\/it\/#\/schema\/logo\/image\/","url":"https:\/\/www.blackfridaydeals.ch\/wp-content\/uploads\/2023\/03\/app-icon-white-bg-jpg.jpg","contentUrl":"https:\/\/www.blackfridaydeals.ch\/wp-content\/uploads\/2023\/03\/app-icon-white-bg-jpg.jpg","width":512,"height":512,"caption":"blackfridaydeals.ch"},"image":{"@id":"https:\/\/www.blackfridaydeals.ch\/it\/#\/schema\/logo\/image\/"},"sameAs":["https:\/\/www.facebook.com\/blackfridaydealsch\/","https:\/\/twitter.com\/blackfridaych","https:\/\/www.youtube.com\/channel\/UCNKXHacMw8AS34mBgzVx3FQ","https:\/\/www.instagram.com\/blackfridaydeals.ch\/"]}]}},"_links":{"self":[{"href":"https:\/\/www.blackfridaydeals.ch\/it\/wp-json\/wp\/v2\/pages\/62513"}],"collection":[{"href":"https:\/\/www.blackfridaydeals.ch\/it\/wp-json\/wp\/v2\/pages"}],"about":[{"href":"https:\/\/www.blackfridaydeals.ch\/it\/wp-json\/wp\/v2\/types\/page"}],"author":[{"embeddable":true,"href":"https:\/\/www.blackfridaydeals.ch\/it\/wp-json\/wp\/v2\/users\/319"}],"replies":[{"embeddable":true,"href":"https:\/\/www.blackfridaydeals.ch\/it\/wp-json\/wp\/v2\/comments?post=62513"}],"version-history":[{"count":6,"href":"https:\/\/www.blackfridaydeals.ch\/it\/wp-json\/wp\/v2\/pages\/62513\/revisions"}],"predecessor-version":[{"id":98854,"href":"https:\/\/www.blackfridaydeals.ch\/it\/wp-json\/wp\/v2\/pages\/62513\/revisions\/98854"}],"wp:featuredmedia":[{"embeddable":true,"href":"https:\/\/www.blackfridaydeals.ch\/it\/wp-json\/wp\/v2\/media\/62264"}],"wp:attachment":[{"href":"https:\/\/www.blackfridaydeals.ch\/it\/wp-json\/wp\/v2\/media?parent=62513"}],"curies":[{"name":"wp","href":"https:\/\/api.w.org\/{rel}","templated":true}]}}