{"id":61468,"date":"2023-05-09T11:47:51","date_gmt":"2023-05-09T09:47:51","guid":{"rendered":"https:\/\/www.blackfridaydeals.ch\/?page_id=61468"},"modified":"2024-02-29T15:52:54","modified_gmt":"2024-02-29T14:52:54","slug":"azione-meta-prezzo","status":"publish","type":"page","link":"https:\/\/www.blackfridaydeals.ch\/it\/azione-meta-prezzo\/","title":{"rendered":"Promozione met\u00e0 prezzo per il Black Friday di FFS e Interdiscount"},"content":{"rendered":"<p>[vc_row][vc_column][vc_custom_heading text=&#8221;Promozione met\u00e0 prezzo per il Black Friday di FFS e Interdiscount&#8221; font_container=&#8221;tag:h1|font_size:30px|text_align:center|color:%2330343b|line_height:36px&#8221; google_fonts=&#8221;font_family:Raleway%3A100%2C200%2C300%2Cregular%2C500%2C600%2C700%2C800%2C900|font_style:400%20regular%3A400%3Anormal&#8221;]\n[vc_column_text]In passato, <a href=\"https:\/\/www.blackfridaydeals.ch\/it\/shops\/coop-it\/\">Coop<\/a> &amp; <a href=\"https:\/\/www.blackfridaydeals.ch\/it\/shops\/interdiscount-it\/\">Interdiscount<\/a> hanno proposto diverse offerte speciali dedicate al trasporto pubblico, per la gioia di chi utilizza il treno. Ad esempio, il biglietto giornaliero delle FFS, che consente di viaggiare in tutta la Svizzera, \u00e8 sempre stato offerto a prezzi interessanti. Anche i biglietti giornalieri per il trasporto e gli sconti sugli abbonamenti a met\u00e0 prezzo sono offerte particolarmente interessanti e popolari. Fino a qualche tempo fa era possibile acquistare un abbonamento a met\u00e0 prezzo per un anno presso Interdiscount durante il Black Friday, ma purtroppo questa tradizione \u00e8 scomparsa nel 2022.<\/p>\n<p>Questo ci porta a chiederci se possiamo aspettarci un&#8217;offerta simile sugli abbonamenti met\u00e0 prezzo nel <a href=\"https:\/\/www.blackfridaydeals.ch\/it\/black-friday-2026\/\">Black Friday 2026<\/a>. Vediamo le possibilit\u00e0 e gli indizi ed esaminiamo le campagne a met\u00e0 prezzo che sono state lanciate nel corso dell&#8217;anno, al di fuori del Black Friday.<\/p>\n<h2>Com&#8217;erano le offerte a met\u00e0 prezzo del Black Friday negli anni precedenti?<\/h2>\n<p>Tutti vorrebbero approfittare di un abbonamento a met\u00e0 prezzo e il Black Friday si presta bene a questo scopo, poich\u00e9 \u00e8 l&#8217;occasione perfetta per risparmiare il 50%. Dopo diversi anni di latitanza (l&#8217;offerta esisteva gi\u00e0 nel 2017, ad esempio), Interdiscount ed FFS pare abbiano collaborato nuovamente per offrire l&#8217;abbonamento Mezza Tariffa a met\u00e0 prezzo. Tradotto in termini concreti, questo significa:<\/p>\n<ul>\n<li>Met\u00e0 prezzo per gli <strong>adulti<\/strong>: <strong>92.50 CHF<\/strong> anzich\u00e9 185 CHF<\/li>\n<li>Met\u00e0 prezzo per i <strong>giovani<\/strong>: <strong>60 CHF<\/strong> anzich\u00e9 120 CHF<\/li>\n<\/ul>\n<p><img decoding=\"async\" class=\"aligncenter size-large wp-image-8923\" src=\"https:\/\/www.blackfridaydeals.ch\/wp-content\/uploads\/2017\/11\/Interdiscount-Black-Friday-Halbtax-zum-halben-Preis-1024x518.jpg\" alt=\"Interdiscount Black Friday - Halbtax zum halben Preis\" width=\"840\" height=\"425\" srcset=\"https:\/\/www.blackfridaydeals.ch\/wp-content\/uploads\/2017\/11\/Interdiscount-Black-Friday-Halbtax-zum-halben-Preis-1024x518.jpg 1024w, https:\/\/www.blackfridaydeals.ch\/wp-content\/uploads\/2017\/11\/Interdiscount-Black-Friday-Halbtax-zum-halben-Preis-300x152.jpg 300w, https:\/\/www.blackfridaydeals.ch\/wp-content\/uploads\/2017\/11\/Interdiscount-Black-Friday-Halbtax-zum-halben-Preis-767x388.jpg 767w, https:\/\/www.blackfridaydeals.ch\/wp-content\/uploads\/2017\/11\/Interdiscount-Black-Friday-Halbtax-zum-halben-Preis-788x398.jpg 788w, https:\/\/www.blackfridaydeals.ch\/wp-content\/uploads\/2017\/11\/Interdiscount-Black-Friday-Halbtax-zum-halben-Preis.jpg 759w\" sizes=\"(max-width: 840px) 100vw, 840px\" \/><\/p>\n<p>L&#8217;offerta \u00e8 stata disponibile sia online che nei negozi durante il Black Friday 2021; tuttavia, il numero di abbonamenti disponibili era limitato e quindi occorreva muoversi in fretta per non lasciarsi sfuggire l&#8217;occasione. Questa offerta ha riscosso un grande successo e infatti durante la prima azione sull&#8217;abbonamento a met\u00e0 prezzo durante il Black Friday 2017, Interdiscount ha riscontrato persino dei crash del server.<\/p>\n<h2>Il biglietto a met\u00e0 prezzo sar\u00e0 di nuovo disponibile a met\u00e0 prezzo durante il Black Friday 2026?<\/h2>\n<p>Proprio come le offerte di molti altri rivenditori, rimane un mistero se durante il Black Friday 2026 sar\u00e0 proposta un&#8217;offerta di abbonamenti a met\u00e0 prezzo. Non possiamo quindi confermare con assoluta certezza se ci\u00f2 che Interdiscount ha fatto nel 2017 e nel 2021 verr\u00e0 ripetuto quest&#8217;anno; tuttavia, non \u00e8 affatto escluso che una promozione cos\u00ec interessante possa essere presentata, nonostante le accese critiche. Dopo tutto, Interdiscount e Coop hanno gi\u00e0 dimostrato che le loro promozioni con FFS durante l&#8217;anno hanno convinto molte persone a utilizzare i trasporti pubblici.<\/p>\n<p>In ogni caso, uno sconto pi\u00f9 contenuto sembra pi\u00f9 probabile. Per il Black Friday 2026, potremmo prevedere un 30% di riduzione sull&#8217;abbonamento a met\u00e0 prezzo. Una promozione di questo tipo continuerebbe a convincere un numero consistente di nuovi clienti a scegliere pi\u00f9 spesso il trasporto pubblico, generando cos\u00ec ulteriori entrate per FFS. Anche i clienti che hanno gi\u00e0 acquistato un abbonamento a met\u00e0 prezzo sarebbero meno insoddisfatti.<\/p>\n<h2>Non \u00e8 tutto rose e fiori: critiche contro l&#8217;offerta a met\u00e0 prezzo di Interdiscount<\/h2>\n<p>L&#8217;offerta a met\u00e0 prezzo del Black Friday non \u00e8 passata inosservata ed \u00e8 stata anche protagonista di un acceso dibattito. Alcuni hanno gi\u00e0 contestato i seguenti punti:<\/p>\n<ul>\n<li>FFS ha da sempre problemi con il Regolatore dei prezzi, quindi come mai all&#8217;improvviso ha iniziato a offrire la mezza tariffa a prezzo ridotto?<\/li>\n<li>Perch\u00e9 FFS, che appartiene allo Stato, sostiene cos\u00ec fortemente le attivit\u00e0 di marketing di un rivenditore privato? FFS avrebbe potuto lanciare questa offerta da sola.<\/li>\n<li>Solo i clienti che non possedevano un abbonamento Mezza Tariffa valido all&#8217;epoca hanno potuto usufruirne. Per un&#8217;azienda pubblica, in particolar modo, queste offerte sono ovviamente controverse.<\/li>\n<li>Interdiscount \u00e8 stata citata dai media per non aver aggiunto nulla all&#8217;accordo. Com&#8217;\u00e8 possibile, visto che FFS detiene il monopolio?<\/li>\n<li>FFS dipende in larga misura dalle sovvenzioni. Quindi come pu\u00f2 offrire uno sconto del 50% su un prodotto di cui ogni utente del trasporto pubblico ha comunque bisogno (se non si dispone di un abbonamento generale)?<\/li>\n<\/ul>\n<p>Gli attuali abbonamenti a met\u00e0 prezzo dovrebbero essere cancellati o non prorogati? Purtroppo non possiamo dirlo con certezza. Anzi, considerate le polemiche, ci chiediamo se Interdiscount offrir\u00e0 un&#8217;offerta a met\u00e0 prezzo anche per il Black Friday 2026. Del resto, le stesse polemiche si sono gi\u00e0 verificate dopo lo scorso Black Friday 2017 e, nonostante ci\u00f2, FFS e Interdiscount hanno fatto finta di niente e hanno deciso di ripetere l&#8217;iniziativa. Alla luce di questa incertezza, ti consigliamo di tenere le antene dritte e monitorare le offerte di FFS, perch\u00e9 se non ci sar\u00e0 nessuna mossa sul met\u00e0-prezzo, ci saranno sicuramente altre offerte interessanti. Promozioni sulla carta di viaggio GA o sulle nuove carte di credito? Pu\u00f2 darsi! In ogni caso, questo non pu\u00f2 che incentivarci a rimanere attenti e curiosi, e non si pu\u00f2 negare che ne valga la pena![\/vc_column_text][\/vc_column][\/vc_row]<\/p>\n","protected":false},"excerpt":{"rendered":"<p>[vc_row][vc_column][vc_custom_heading text=&#8221;Promozione met\u00e0 prezzo per il Black Friday di FFS e Interdiscount&#8221; font_container=&#8221;tag:h1|font_size:30px|text_align:center|color:%2330343b|line_height:36px&#8221; google_fonts=&#8221;font_family:Raleway%3A100%2C200%2C300%2Cregular%2C500%2C600%2C700%2C800%2C900|font_style:400%20regular%3A400%3Anormal&#8221;][vc_column_text]In passato, Coop &amp; Interdiscount hanno proposto diverse offerte speciali dedicate al trasporto pubblico, per la gioia di chi utilizza il treno. Ad esempio, il biglietto giornaliero delle FFS, che consente di viaggiare in tutta la Svizzera, \u00e8 sempre stato offerto a [&hellip;]<\/p>\n","protected":false},"author":319,"featured_media":44545,"parent":0,"menu_order":0,"comment_status":"closed","ping_status":"closed","template":"","meta":[],"yoast_head":"<!-- This site is optimized with the Yoast SEO plugin v20.5 - https:\/\/yoast.com\/wordpress\/plugins\/seo\/ -->\n<title>Promozione met\u00e0 prezzo FFS e Interdiscount Black Friday 2026<\/title>\n<meta name=\"description\" content=\"La Carta Mezza Tariffa era a met\u00e0 prezzo presso Interdiscount. I clienti possono aspettarsi uno sconto analogo durante il Black Friday 2026?\" \/>\n<meta name=\"robots\" content=\"index, follow, max-snippet:-1, max-image-preview:large, max-video-preview:-1\" \/>\n<link rel=\"canonical\" href=\"https:\/\/www.blackfridaydeals.ch\/it\/azione-meta-prezzo\/\" \/>\n<meta property=\"og:locale\" content=\"it_IT\" \/>\n<meta property=\"og:type\" content=\"article\" \/>\n<meta property=\"og:title\" content=\"Promozione met\u00e0 prezzo FFS e Interdiscount Black Friday 2026\" \/>\n<meta property=\"og:description\" content=\"La Carta Mezza Tariffa era a met\u00e0 prezzo presso Interdiscount. I clienti possono aspettarsi uno sconto analogo durante il Black Friday 2026?\" \/>\n<meta property=\"og:url\" content=\"https:\/\/www.blackfridaydeals.ch\/it\/azione-meta-prezzo\/\" \/>\n<meta property=\"og:site_name\" content=\"blackfridaydeals.ch\" \/>\n<meta property=\"article:publisher\" content=\"https:\/\/www.facebook.com\/blackfridaydealsch\/\" \/>\n<meta property=\"article:modified_time\" content=\"2024-02-29T14:52:54+00:00\" \/>\n<meta property=\"og:image\" content=\"https:\/\/www.blackfridaydeals.ch\/wp-content\/uploads\/2021\/11\/1200px-Halbtax_Logo.svg_.png\" \/>\n\t<meta property=\"og:image:width\" content=\"1200\" \/>\n\t<meta property=\"og:image:height\" content=\"1200\" \/>\n\t<meta property=\"og:image:type\" content=\"image\/png\" \/>\n<meta name=\"twitter:card\" content=\"summary_large_image\" \/>\n<meta name=\"twitter:site\" content=\"@blackfridaych\" \/>\n<meta name=\"twitter:label1\" content=\"Est. reading time\" \/>\n\t<meta name=\"twitter:data1\" content=\"5 minutes\" \/>\n<script type=\"application\/ld+json\" class=\"yoast-schema-graph\">{\"@context\":\"https:\/\/schema.org\",\"@graph\":[{\"@type\":\"WebPage\",\"@id\":\"https:\/\/www.blackfridaydeals.ch\/it\/azione-meta-prezzo\/\",\"url\":\"https:\/\/www.blackfridaydeals.ch\/it\/azione-meta-prezzo\/\",\"name\":\"Promozione met\u00e0 prezzo FFS e Interdiscount Black Friday 2026\",\"isPartOf\":{\"@id\":\"https:\/\/www.blackfridaydeals.ch\/it\/#website\"},\"datePublished\":\"2023-05-09T09:47:51+00:00\",\"dateModified\":\"2024-02-29T14:52:54+00:00\",\"description\":\"La Carta Mezza Tariffa era a met\u00e0 prezzo presso Interdiscount. I clienti possono aspettarsi uno sconto analogo durante il Black Friday 2026?\",\"breadcrumb\":{\"@id\":\"https:\/\/www.blackfridaydeals.ch\/it\/azione-meta-prezzo\/#breadcrumb\"},\"inLanguage\":\"it-CH\",\"potentialAction\":[{\"@type\":\"ReadAction\",\"target\":[\"https:\/\/www.blackfridaydeals.ch\/it\/azione-meta-prezzo\/\"]}]},{\"@type\":\"BreadcrumbList\",\"@id\":\"https:\/\/www.blackfridaydeals.ch\/it\/azione-meta-prezzo\/#breadcrumb\",\"itemListElement\":[{\"@type\":\"ListItem\",\"position\":1,\"name\":\"Startseite\",\"item\":\"https:\/\/www.blackfridaydeals.ch\/it\/\"},{\"@type\":\"ListItem\",\"position\":2,\"name\":\"Promozione met\u00e0 prezzo per il Black Friday di FFS e Interdiscount\"}]},{\"@type\":\"WebSite\",\"@id\":\"https:\/\/www.blackfridaydeals.ch\/it\/#website\",\"url\":\"https:\/\/www.blackfridaydeals.ch\/it\/\",\"name\":\"blackfridaydeals.ch\",\"description\":\"Tutte le offerte del Black Friday 2025 in Svizzera\",\"publisher\":{\"@id\":\"https:\/\/www.blackfridaydeals.ch\/it\/#organization\"},\"alternateName\":\"Black Friday Deals\",\"potentialAction\":[{\"@type\":\"SearchAction\",\"target\":{\"@type\":\"EntryPoint\",\"urlTemplate\":\"https:\/\/www.blackfridaydeals.ch\/it\/?s={search_term_string}\"},\"query-input\":\"required name=search_term_string\"}],\"inLanguage\":\"it-CH\"},{\"@type\":\"Organization\",\"@id\":\"https:\/\/www.blackfridaydeals.ch\/it\/#organization\",\"name\":\"blackfridaydeals.ch\",\"alternateName\":\"Black Friday Deals\",\"url\":\"https:\/\/www.blackfridaydeals.ch\/it\/\",\"logo\":{\"@type\":\"ImageObject\",\"inLanguage\":\"it-CH\",\"@id\":\"https:\/\/www.blackfridaydeals.ch\/it\/#\/schema\/logo\/image\/\",\"url\":\"https:\/\/www.blackfridaydeals.ch\/wp-content\/uploads\/2023\/03\/app-icon-white-bg-jpg.jpg\",\"contentUrl\":\"https:\/\/www.blackfridaydeals.ch\/wp-content\/uploads\/2023\/03\/app-icon-white-bg-jpg.jpg\",\"width\":512,\"height\":512,\"caption\":\"blackfridaydeals.ch\"},\"image\":{\"@id\":\"https:\/\/www.blackfridaydeals.ch\/it\/#\/schema\/logo\/image\/\"},\"sameAs\":[\"https:\/\/www.facebook.com\/blackfridaydealsch\/\",\"https:\/\/twitter.com\/blackfridaych\",\"https:\/\/www.youtube.com\/channel\/UCNKXHacMw8AS34mBgzVx3FQ\",\"https:\/\/www.instagram.com\/blackfridaydeals.ch\/\"]}]}<\/script>\n<!-- \/ Yoast SEO plugin. -->","yoast_head_json":{"title":"Promozione met\u00e0 prezzo FFS e Interdiscount Black Friday 2026","description":"La Carta Mezza Tariffa era a met\u00e0 prezzo presso Interdiscount. I clienti possono aspettarsi uno sconto analogo durante il Black Friday 2026?","robots":{"index":"index","follow":"follow","max-snippet":"max-snippet:-1","max-image-preview":"max-image-preview:large","max-video-preview":"max-video-preview:-1"},"canonical":"https:\/\/www.blackfridaydeals.ch\/it\/azione-meta-prezzo\/","og_locale":"it_IT","og_type":"article","og_title":"Promozione met\u00e0 prezzo FFS e Interdiscount Black Friday 2026","og_description":"La Carta Mezza Tariffa era a met\u00e0 prezzo presso Interdiscount. I clienti possono aspettarsi uno sconto analogo durante il Black Friday 2026?","og_url":"https:\/\/www.blackfridaydeals.ch\/it\/azione-meta-prezzo\/","og_site_name":"blackfridaydeals.ch","article_publisher":"https:\/\/www.facebook.com\/blackfridaydealsch\/","article_modified_time":"2024-02-29T14:52:54+00:00","og_image":[{"width":1200,"height":1200,"url":"https:\/\/www.blackfridaydeals.ch\/wp-content\/uploads\/2021\/11\/1200px-Halbtax_Logo.svg_.png","type":"image\/png"}],"twitter_card":"summary_large_image","twitter_site":"@blackfridaych","twitter_misc":{"Est. reading time":"5 minutes"},"schema":{"@context":"https:\/\/schema.org","@graph":[{"@type":"WebPage","@id":"https:\/\/www.blackfridaydeals.ch\/it\/azione-meta-prezzo\/","url":"https:\/\/www.blackfridaydeals.ch\/it\/azione-meta-prezzo\/","name":"Promozione met\u00e0 prezzo FFS e Interdiscount Black Friday 2026","isPartOf":{"@id":"https:\/\/www.blackfridaydeals.ch\/it\/#website"},"datePublished":"2023-05-09T09:47:51+00:00","dateModified":"2024-02-29T14:52:54+00:00","description":"La Carta Mezza Tariffa era a met\u00e0 prezzo presso Interdiscount. I clienti possono aspettarsi uno sconto analogo durante il Black Friday 2026?","breadcrumb":{"@id":"https:\/\/www.blackfridaydeals.ch\/it\/azione-meta-prezzo\/#breadcrumb"},"inLanguage":"it-CH","potentialAction":[{"@type":"ReadAction","target":["https:\/\/www.blackfridaydeals.ch\/it\/azione-meta-prezzo\/"]}]},{"@type":"BreadcrumbList","@id":"https:\/\/www.blackfridaydeals.ch\/it\/azione-meta-prezzo\/#breadcrumb","itemListElement":[{"@type":"ListItem","position":1,"name":"Startseite","item":"https:\/\/www.blackfridaydeals.ch\/it\/"},{"@type":"ListItem","position":2,"name":"Promozione met\u00e0 prezzo per il Black Friday di FFS e Interdiscount"}]},{"@type":"WebSite","@id":"https:\/\/www.blackfridaydeals.ch\/it\/#website","url":"https:\/\/www.blackfridaydeals.ch\/it\/","name":"blackfridaydeals.ch","description":"Tutte le offerte del Black Friday 2025 in Svizzera","publisher":{"@id":"https:\/\/www.blackfridaydeals.ch\/it\/#organization"},"alternateName":"Black Friday Deals","potentialAction":[{"@type":"SearchAction","target":{"@type":"EntryPoint","urlTemplate":"https:\/\/www.blackfridaydeals.ch\/it\/?s={search_term_string}"},"query-input":"required name=search_term_string"}],"inLanguage":"it-CH"},{"@type":"Organization","@id":"https:\/\/www.blackfridaydeals.ch\/it\/#organization","name":"blackfridaydeals.ch","alternateName":"Black Friday Deals","url":"https:\/\/www.blackfridaydeals.ch\/it\/","logo":{"@type":"ImageObject","inLanguage":"it-CH","@id":"https:\/\/www.blackfridaydeals.ch\/it\/#\/schema\/logo\/image\/","url":"https:\/\/www.blackfridaydeals.ch\/wp-content\/uploads\/2023\/03\/app-icon-white-bg-jpg.jpg","contentUrl":"https:\/\/www.blackfridaydeals.ch\/wp-content\/uploads\/2023\/03\/app-icon-white-bg-jpg.jpg","width":512,"height":512,"caption":"blackfridaydeals.ch"},"image":{"@id":"https:\/\/www.blackfridaydeals.ch\/it\/#\/schema\/logo\/image\/"},"sameAs":["https:\/\/www.facebook.com\/blackfridaydealsch\/","https:\/\/twitter.com\/blackfridaych","https:\/\/www.youtube.com\/channel\/UCNKXHacMw8AS34mBgzVx3FQ","https:\/\/www.instagram.com\/blackfridaydeals.ch\/"]}]}},"_links":{"self":[{"href":"https:\/\/www.blackfridaydeals.ch\/it\/wp-json\/wp\/v2\/pages\/61468"}],"collection":[{"href":"https:\/\/www.blackfridaydeals.ch\/it\/wp-json\/wp\/v2\/pages"}],"about":[{"href":"https:\/\/www.blackfridaydeals.ch\/it\/wp-json\/wp\/v2\/types\/page"}],"author":[{"embeddable":true,"href":"https:\/\/www.blackfridaydeals.ch\/it\/wp-json\/wp\/v2\/users\/319"}],"replies":[{"embeddable":true,"href":"https:\/\/www.blackfridaydeals.ch\/it\/wp-json\/wp\/v2\/comments?post=61468"}],"version-history":[{"count":6,"href":"https:\/\/www.blackfridaydeals.ch\/it\/wp-json\/wp\/v2\/pages\/61468\/revisions"}],"predecessor-version":[{"id":75049,"href":"https:\/\/www.blackfridaydeals.ch\/it\/wp-json\/wp\/v2\/pages\/61468\/revisions\/75049"}],"wp:featuredmedia":[{"embeddable":true,"href":"https:\/\/www.blackfridaydeals.ch\/it\/wp-json\/wp\/v2\/media\/44545"}],"wp:attachment":[{"href":"https:\/\/www.blackfridaydeals.ch\/it\/wp-json\/wp\/v2\/media?parent=61468"}],"curies":[{"name":"wp","href":"https:\/\/api.w.org\/{rel}","templated":true}]}}