{"id":51279,"date":"2022-10-19T09:32:30","date_gmt":"2022-10-19T07:32:30","guid":{"rendered":"https:\/\/www.blackfridaydeals.ch\/?page_id=51279"},"modified":"2026-02-17T08:58:10","modified_gmt":"2026-02-17T07:58:10","slug":"migliori-offerte-tutto-lanno","status":"publish","type":"page","link":"https:\/\/www.blackfridaydeals.ch\/it\/migliori-offerte-tutto-lanno\/","title":{"rendered":"Le migliori offerte tutto l&#8217;anno?"},"content":{"rendered":"<p>[vc_row][vc_column][vc_column_text]La registrazione \u00e8 andata a buon fine!<\/p>\n<p>Ecco alcuni trucchi per risparmiare che possono essere utilizzati tutto l&#8217;anno.[\/vc_column_text][vc_cta h2=&#8221;RECUPERA FINO AL 20% DI CASHBACK&#8221; color=&#8221;blue&#8221; add_button=&#8221;right&#8221; btn_title=&#8221;Recupero gratuito del Cashback&#8221; btn_color=&#8221;warning&#8221; btn_css_animation=&#8221;none&#8221; btn_link=&#8221;url:https%3A%2F%2Fmonerio.ch%2Fregistrazione%3Futm_source%3Dblackfridaydeals%26utm_medium%3Dthankyoubfd-it%26utm_campaign%3Dthankyoubfd-it||target:%20_blank|&#8221;]Con Monerio puoi risparmiare tutto l&#8217;anno (e anche durante il Black Friday ricevi un cashback sul tuo ordine!) Monerio ti offre fino al 20% del valore del tuo acquisto sotto forma di cashback. Pi\u00f9 di 1.100 negozi hanno gi\u00e0 aderito a Monerio e partecipare \u00e8 completamente gratuito per te! Puoi riscuotere il cashback che hai maturato a partire da un minimo di 10 CHF.[\/vc_cta][vc_empty_space][vc_cta h2=&#8221;OGNI GIORNO LE MIGLIORI OFFERTE IN SVIZZERA SU PIRATESDESPRIX&#8221; color=&#8221;blue&#8221; add_button=&#8221;right&#8221; btn_title=&#8221;Vai alle offerte disponibili&#8221; btn_color=&#8221;blue&#8221; btn_css_animation=&#8221;none&#8221; css_animation=&#8221;none&#8221; btn_link=&#8221;url:https%3A%2F%2Fwww.preispirat.ch%2F%3Futm_source%3Dblackfridaydealsch||target:%20_blank|&#8221;]La comunit\u00e0 di Pirates des Prix seleziona ogni giorno le migliori offerte e promozioni su Pirates des Prix. Cos\u00ec potrai approfittare di ottimi prezzi non solo durante il Black Friday, ma anche durante tutto l&#8217;anno..[\/vc_cta][\/vc_column][\/vc_row]<\/p>\n","protected":false},"excerpt":{"rendered":"<p>[vc_row][vc_column][vc_column_text]La registrazione \u00e8 andata a buon fine! Ecco alcuni trucchi per risparmiare che possono essere utilizzati tutto l&#8217;anno.[\/vc_column_text][vc_cta h2=&#8221;RECUPERA FINO AL 20% DI CASHBACK&#8221; color=&#8221;blue&#8221; add_button=&#8221;right&#8221; btn_title=&#8221;Recupero gratuito del Cashback&#8221; btn_color=&#8221;warning&#8221; btn_css_animation=&#8221;none&#8221; btn_link=&#8221;url:https%3A%2F%2Fmonerio.ch%2Fregistrazione%3Futm_source%3Dblackfridaydeals%26utm_medium%3Dthankyoubfd-it%26utm_campaign%3Dthankyoubfd-it||target:%20_blank|&#8221;]Con Monerio puoi risparmiare tutto l&#8217;anno (e anche durante il Black Friday ricevi un cashback sul tuo ordine!) Monerio ti offre fino al [&hellip;]<\/p>\n","protected":false},"author":40,"featured_media":0,"parent":0,"menu_order":0,"comment_status":"closed","ping_status":"closed","template":"","meta":[],"yoast_head":"<!-- This site is optimized with the Yoast SEO plugin v20.5 - https:\/\/yoast.com\/wordpress\/plugins\/seo\/ -->\n<title>Le migliori offerte tutto l&#039;anno? - blackfridaydeals.ch<\/title>\n<meta name=\"description\" content=\"La registrazione \u00e8 andata a buon fine! Ecco alcuni trucchi per risparmiare che possono essere utilizzati tutto l&#039;anno.Con Monerio puoi risparmiare tutto\" \/>\n<meta name=\"robots\" content=\"noindex, follow\" \/>\n<meta property=\"og:locale\" content=\"it_IT\" \/>\n<meta property=\"og:type\" content=\"article\" \/>\n<meta property=\"og:title\" content=\"Le migliori offerte tutto l&#039;anno? - blackfridaydeals.ch\" \/>\n<meta property=\"og:description\" content=\"La registrazione \u00e8 andata a buon fine! Ecco alcuni trucchi per risparmiare che possono essere utilizzati tutto l&#039;anno.Con Monerio puoi risparmiare tutto\" \/>\n<meta property=\"og:url\" content=\"https:\/\/www.blackfridaydeals.ch\/it\/migliori-offerte-tutto-lanno\/\" \/>\n<meta property=\"og:site_name\" content=\"blackfridaydeals.ch\" \/>\n<meta property=\"article:publisher\" content=\"https:\/\/www.facebook.com\/blackfridaydealsch\/\" \/>\n<meta property=\"article:modified_time\" content=\"2026-02-17T07:58:10+00:00\" \/>\n<meta property=\"og:image\" content=\"https:\/\/www.blackfridaydeals.ch\/wp-content\/uploads\/2025\/02\/Black-Friday-2025_2.png\" \/>\n\t<meta property=\"og:image:width\" content=\"1200\" \/>\n\t<meta property=\"og:image:height\" content=\"500\" \/>\n\t<meta property=\"og:image:type\" content=\"image\/png\" \/>\n<meta name=\"twitter:card\" content=\"summary_large_image\" \/>\n<meta name=\"twitter:site\" content=\"@blackfridaych\" \/>\n<meta name=\"twitter:label1\" content=\"Est. reading time\" \/>\n\t<meta name=\"twitter:data1\" content=\"1 minute\" \/>\n<script type=\"application\/ld+json\" class=\"yoast-schema-graph\">{\"@context\":\"https:\/\/schema.org\",\"@graph\":[{\"@type\":\"WebPage\",\"@id\":\"https:\/\/www.blackfridaydeals.ch\/it\/migliori-offerte-tutto-lanno\/\",\"url\":\"https:\/\/www.blackfridaydeals.ch\/it\/migliori-offerte-tutto-lanno\/\",\"name\":\"Le migliori offerte tutto l'anno? - blackfridaydeals.ch\",\"isPartOf\":{\"@id\":\"https:\/\/www.blackfridaydeals.ch\/it\/#website\"},\"datePublished\":\"2022-10-19T07:32:30+00:00\",\"dateModified\":\"2026-02-17T07:58:10+00:00\",\"description\":\"La registrazione \u00e8 andata a buon fine! Ecco alcuni trucchi per risparmiare che possono essere utilizzati tutto l'anno.Con Monerio puoi risparmiare tutto\",\"breadcrumb\":{\"@id\":\"https:\/\/www.blackfridaydeals.ch\/it\/migliori-offerte-tutto-lanno\/#breadcrumb\"},\"inLanguage\":\"it-CH\",\"potentialAction\":[{\"@type\":\"ReadAction\",\"target\":[\"https:\/\/www.blackfridaydeals.ch\/it\/migliori-offerte-tutto-lanno\/\"]}]},{\"@type\":\"BreadcrumbList\",\"@id\":\"https:\/\/www.blackfridaydeals.ch\/it\/migliori-offerte-tutto-lanno\/#breadcrumb\",\"itemListElement\":[{\"@type\":\"ListItem\",\"position\":1,\"name\":\"Startseite\",\"item\":\"https:\/\/www.blackfridaydeals.ch\/it\/\"},{\"@type\":\"ListItem\",\"position\":2,\"name\":\"Le migliori offerte tutto l&#8217;anno?\"}]},{\"@type\":\"WebSite\",\"@id\":\"https:\/\/www.blackfridaydeals.ch\/it\/#website\",\"url\":\"https:\/\/www.blackfridaydeals.ch\/it\/\",\"name\":\"blackfridaydeals.ch\",\"description\":\"Tutte le offerte del Black Friday 2025 in Svizzera\",\"publisher\":{\"@id\":\"https:\/\/www.blackfridaydeals.ch\/it\/#organization\"},\"alternateName\":\"Black Friday Deals\",\"potentialAction\":[{\"@type\":\"SearchAction\",\"target\":{\"@type\":\"EntryPoint\",\"urlTemplate\":\"https:\/\/www.blackfridaydeals.ch\/it\/?s={search_term_string}\"},\"query-input\":\"required name=search_term_string\"}],\"inLanguage\":\"it-CH\"},{\"@type\":\"Organization\",\"@id\":\"https:\/\/www.blackfridaydeals.ch\/it\/#organization\",\"name\":\"blackfridaydeals.ch\",\"alternateName\":\"Black Friday Deals\",\"url\":\"https:\/\/www.blackfridaydeals.ch\/it\/\",\"logo\":{\"@type\":\"ImageObject\",\"inLanguage\":\"it-CH\",\"@id\":\"https:\/\/www.blackfridaydeals.ch\/it\/#\/schema\/logo\/image\/\",\"url\":\"https:\/\/www.blackfridaydeals.ch\/wp-content\/uploads\/2023\/03\/app-icon-white-bg-jpg.jpg\",\"contentUrl\":\"https:\/\/www.blackfridaydeals.ch\/wp-content\/uploads\/2023\/03\/app-icon-white-bg-jpg.jpg\",\"width\":512,\"height\":512,\"caption\":\"blackfridaydeals.ch\"},\"image\":{\"@id\":\"https:\/\/www.blackfridaydeals.ch\/it\/#\/schema\/logo\/image\/\"},\"sameAs\":[\"https:\/\/www.facebook.com\/blackfridaydealsch\/\",\"https:\/\/twitter.com\/blackfridaych\",\"https:\/\/www.youtube.com\/channel\/UCNKXHacMw8AS34mBgzVx3FQ\",\"https:\/\/www.instagram.com\/blackfridaydeals.ch\/\"]}]}<\/script>\n<!-- \/ Yoast SEO plugin. -->","yoast_head_json":{"title":"Le migliori offerte tutto l'anno? - blackfridaydeals.ch","description":"La registrazione \u00e8 andata a buon fine! Ecco alcuni trucchi per risparmiare che possono essere utilizzati tutto l'anno.Con Monerio puoi risparmiare tutto","robots":{"index":"noindex","follow":"follow"},"og_locale":"it_IT","og_type":"article","og_title":"Le migliori offerte tutto l'anno? - blackfridaydeals.ch","og_description":"La registrazione \u00e8 andata a buon fine! Ecco alcuni trucchi per risparmiare che possono essere utilizzati tutto l'anno.Con Monerio puoi risparmiare tutto","og_url":"https:\/\/www.blackfridaydeals.ch\/it\/migliori-offerte-tutto-lanno\/","og_site_name":"blackfridaydeals.ch","article_publisher":"https:\/\/www.facebook.com\/blackfridaydealsch\/","article_modified_time":"2026-02-17T07:58:10+00:00","og_image":[{"width":1200,"height":500,"url":"https:\/\/www.blackfridaydeals.ch\/wp-content\/uploads\/2025\/02\/Black-Friday-2025_2.png","type":"image\/png"}],"twitter_card":"summary_large_image","twitter_site":"@blackfridaych","twitter_misc":{"Est. reading time":"1 minute"},"schema":{"@context":"https:\/\/schema.org","@graph":[{"@type":"WebPage","@id":"https:\/\/www.blackfridaydeals.ch\/it\/migliori-offerte-tutto-lanno\/","url":"https:\/\/www.blackfridaydeals.ch\/it\/migliori-offerte-tutto-lanno\/","name":"Le migliori offerte tutto l'anno? - blackfridaydeals.ch","isPartOf":{"@id":"https:\/\/www.blackfridaydeals.ch\/it\/#website"},"datePublished":"2022-10-19T07:32:30+00:00","dateModified":"2026-02-17T07:58:10+00:00","description":"La registrazione \u00e8 andata a buon fine! Ecco alcuni trucchi per risparmiare che possono essere utilizzati tutto l'anno.Con Monerio puoi risparmiare tutto","breadcrumb":{"@id":"https:\/\/www.blackfridaydeals.ch\/it\/migliori-offerte-tutto-lanno\/#breadcrumb"},"inLanguage":"it-CH","potentialAction":[{"@type":"ReadAction","target":["https:\/\/www.blackfridaydeals.ch\/it\/migliori-offerte-tutto-lanno\/"]}]},{"@type":"BreadcrumbList","@id":"https:\/\/www.blackfridaydeals.ch\/it\/migliori-offerte-tutto-lanno\/#breadcrumb","itemListElement":[{"@type":"ListItem","position":1,"name":"Startseite","item":"https:\/\/www.blackfridaydeals.ch\/it\/"},{"@type":"ListItem","position":2,"name":"Le migliori offerte tutto l&#8217;anno?"}]},{"@type":"WebSite","@id":"https:\/\/www.blackfridaydeals.ch\/it\/#website","url":"https:\/\/www.blackfridaydeals.ch\/it\/","name":"blackfridaydeals.ch","description":"Tutte le offerte del Black Friday 2025 in Svizzera","publisher":{"@id":"https:\/\/www.blackfridaydeals.ch\/it\/#organization"},"alternateName":"Black Friday Deals","potentialAction":[{"@type":"SearchAction","target":{"@type":"EntryPoint","urlTemplate":"https:\/\/www.blackfridaydeals.ch\/it\/?s={search_term_string}"},"query-input":"required name=search_term_string"}],"inLanguage":"it-CH"},{"@type":"Organization","@id":"https:\/\/www.blackfridaydeals.ch\/it\/#organization","name":"blackfridaydeals.ch","alternateName":"Black Friday Deals","url":"https:\/\/www.blackfridaydeals.ch\/it\/","logo":{"@type":"ImageObject","inLanguage":"it-CH","@id":"https:\/\/www.blackfridaydeals.ch\/it\/#\/schema\/logo\/image\/","url":"https:\/\/www.blackfridaydeals.ch\/wp-content\/uploads\/2023\/03\/app-icon-white-bg-jpg.jpg","contentUrl":"https:\/\/www.blackfridaydeals.ch\/wp-content\/uploads\/2023\/03\/app-icon-white-bg-jpg.jpg","width":512,"height":512,"caption":"blackfridaydeals.ch"},"image":{"@id":"https:\/\/www.blackfridaydeals.ch\/it\/#\/schema\/logo\/image\/"},"sameAs":["https:\/\/www.facebook.com\/blackfridaydealsch\/","https:\/\/twitter.com\/blackfridaych","https:\/\/www.youtube.com\/channel\/UCNKXHacMw8AS34mBgzVx3FQ","https:\/\/www.instagram.com\/blackfridaydeals.ch\/"]}]}},"_links":{"self":[{"href":"https:\/\/www.blackfridaydeals.ch\/it\/wp-json\/wp\/v2\/pages\/51279"}],"collection":[{"href":"https:\/\/www.blackfridaydeals.ch\/it\/wp-json\/wp\/v2\/pages"}],"about":[{"href":"https:\/\/www.blackfridaydeals.ch\/it\/wp-json\/wp\/v2\/types\/page"}],"author":[{"embeddable":true,"href":"https:\/\/www.blackfridaydeals.ch\/it\/wp-json\/wp\/v2\/users\/40"}],"replies":[{"embeddable":true,"href":"https:\/\/www.blackfridaydeals.ch\/it\/wp-json\/wp\/v2\/comments?post=51279"}],"version-history":[{"count":8,"href":"https:\/\/www.blackfridaydeals.ch\/it\/wp-json\/wp\/v2\/pages\/51279\/revisions"}],"predecessor-version":[{"id":110027,"href":"https:\/\/www.blackfridaydeals.ch\/it\/wp-json\/wp\/v2\/pages\/51279\/revisions\/110027"}],"wp:attachment":[{"href":"https:\/\/www.blackfridaydeals.ch\/it\/wp-json\/wp\/v2\/media?parent=51279"}],"curies":[{"name":"wp","href":"https:\/\/api.w.org\/{rel}","templated":true}]}}