{"id":49637,"date":"2022-04-06T15:00:37","date_gmt":"2022-04-06T13:00:37","guid":{"rendered":"https:\/\/www.blackfridaydeals.ch\/?page_id=49637"},"modified":"2025-02-10T10:59:02","modified_gmt":"2025-02-10T09:59:02","slug":"black-friday-2027","status":"publish","type":"page","link":"https:\/\/www.blackfridaydeals.ch\/it\/black-friday-2027\/","title":{"rendered":"Black Friday 2027"},"content":{"rendered":"<p>[vc_row css=&#8221;.vc_custom_1603714340216{background-color: #ffffff !important;}&#8221;][vc_column css=&#8221;.vc_custom_1603714426765{background-color: #ffffff !important;}&#8221;][vc_column_text]<\/p>\n<h1 style=\"text-align: center;\">BLACK FRIDAY 2027 &#8211; Queste offerte saranno disponibili nella giornata del 26.11.2027<\/h1>\n<p style=\"text-align: center;\">La prossima edizione del Black Friday si terr\u00e0 il 26 novembre 2027. Anche quest&#8217;anno, a fine novembre, oltre 300 negozi svizzeri presenteranno le migliori offerte e occasioni..<\/p>\n<p>[\/vc_column_text][vc_empty_space][vc_column_text]<div id=\"69e49ac74e563-countdown\" class=\"tminus_countdown\" style=\"width:auto; height:auto;\"><div class=\"hoth-countdown\"><div id=\"69e49ac74e563-tophtml\" class=\"hoth-tophtml\"><\/div><div id=\"69e49ac74e563-dashboard\" class=\"hoth-dashboard\"><div class=\"hoth-dash hoth-days_dash\" data-next=\"584\"><div class=\"hoth-dash_title\">giorni<\/div><div class=\"hoth-digit\" data-digit=\"5\">5<\/div><div class=\"hoth-digit\" data-digit=\"8\">8<\/div><div class=\"hoth-digit\" data-digit=\"5\">5<\/div><\/div><div class=\"hoth-dash hoth-hours_dash\" data-current=\"12\"><div class=\"hoth-dash_title\">ore<\/div><div class=\"hoth-digit\" data-digit=\"1\">1<\/div><div class=\"hoth-digit\" data-digit=\"2\">2<\/div><\/div><div class=\"hoth-dash hoth-minutes_dash\" data-current=\"54\"><div class=\"hoth-dash_title\">minuti<\/div><div class=\"hoth-digit\" data-digit=\"5\">5<\/div><div class=\"hoth-digit\" data-digit=\"4\">4<\/div><\/div><div class=\"hoth-dash hoth-seconds_dash\"><div class=\"hoth-dash_title\">secondi<\/div><div class=\"hoth-digit\" data-digit=\"4\">4<\/div><div class=\"hoth-digit\" data-digit=\"9\">9<\/div><\/div><\/div><div id=\"69e49ac74e563-bothtml\" class=\"hoth-bothtml\"><\/div><\/div><\/div><input type=\"hidden\" id=\"countdown-data\" value='{\"day\":\"26\",\"month\":\"11\",\"year\":\"2027\",\"hour\":\"00\",\"min\":\"00\",\"sec\":\"01\",\"target\":\"Fri Nov 26 2027 00:00:01 +0100\",\"localtime\":\"4\\\/19\\\/2026 11:05:11\",\"style\":\"hoth\",\"id\":\"69e49ac74e563\",\"event_id\":\"\",\"debug\":\"\",\"launchtarget\":\"countdown\",\"launchwidth\":\"auto\",\"launchheight\":\"auto\",\"content\":\"\"}' \/>[\/vc_column_text][vc_empty_space][\/vc_column][\/vc_row][vc_row css=&#8221;.vc_custom_1624622033237{background-color: #ffffff !important;}&#8221;][vc_column][vc_custom_heading text=&#8221;<strong>Black Friday 2027<\/strong> Top Shops&#8221; font_container=&#8221;tag:h3|font_size:36px|text_align:center|color:%2330343b|line_height:42px&#8221; google_fonts=&#8221;font_family:Raleway%3A100%2C200%2C300%2Cregular%2C500%2C600%2C700%2C800%2C900|font_style:400%20regular%3A400%3Anormal&#8221;][vc_row_inner gap=&#8221;10&#8243;][vc_column_inner width=&#8221;1\/4&#8243; offset=&#8221;vc_col-xs-6&#8243;][vc_column_text]<\/p>\n<p style=\"text-align: center;\"><a href=\"https:\/\/www.blackfridaydeals.ch\/it\/shops\/digitec-it\/\"><img decoding=\"async\" class=\"aligncenter wp-image-14231 size-medium\" title=\"digitec Black Friday\" src=\"https:\/\/www.blackfridaydeals.ch\/wp-content\/uploads\/2019\/01\/digitec-Black-Friday-300x150.png\" alt=\"digitec Black Friday\" width=\"300\" height=\"150\" srcset=\"https:\/\/www.blackfridaydeals.ch\/wp-content\/uploads\/2019\/01\/digitec-Black-Friday-300x150.png 300w, https:\/\/www.blackfridaydeals.ch\/wp-content\/uploads\/2019\/01\/digitec-Black-Friday.png 400w\" sizes=\"(max-width: 300px) 100vw, 300px\" \/><\/a><\/p>\n<p>[\/vc_column_text][vc_column_text]<\/p>\n<p style=\"text-align: center;\"><a href=\"https:\/\/www.blackfridaydeals.ch\/it\/shops\/ifolor-it\/\"><img decoding=\"async\" class=\"aligncenter wp-image-14408 size-medium\" title=\"ifolor Black Friday\" src=\"https:\/\/www.blackfridaydeals.ch\/wp-content\/uploads\/2019\/01\/ifolor-Black-Friday-1-300x150.png\" alt=\"ifolor Black Friday\" width=\"300\" height=\"150\" srcset=\"https:\/\/www.blackfridaydeals.ch\/wp-content\/uploads\/2019\/01\/ifolor-Black-Friday-1-300x150.png 300w, https:\/\/www.blackfridaydeals.ch\/wp-content\/uploads\/2019\/01\/ifolor-Black-Friday-1.png 400w\" sizes=\"(max-width: 300px) 100vw, 300px\" \/><\/a><\/p>\n<p>[\/vc_column_text][\/vc_column_inner][vc_column_inner width=&#8221;1\/4&#8243; offset=&#8221;vc_col-xs-6&#8243;][vc_column_text]<\/p>\n<p style=\"text-align: center;\"><a href=\"https:\/\/www.blackfridaydeals.ch\/it\/shops\/mediamarkt-it\/\"><img decoding=\"async\" class=\"aligncenter wp-image-14235 size-medium\" title=\"MediaMarkt Black Friday\" src=\"https:\/\/www.blackfridaydeals.ch\/wp-content\/uploads\/2019\/01\/MediaMarkt-Black-Friday-300x151.png\" alt=\"MediaMarkt Black Friday\" width=\"300\" height=\"151\" srcset=\"https:\/\/www.blackfridaydeals.ch\/wp-content\/uploads\/2019\/01\/MediaMarkt-Black-Friday-300x151.png 300w, https:\/\/www.blackfridaydeals.ch\/wp-content\/uploads\/2019\/01\/MediaMarkt-Black-Friday.png 400w\" sizes=\"(max-width: 300px) 100vw, 300px\" \/><\/a><\/p>\n<p>[\/vc_column_text][vc_column_text]<\/p>\n<p style=\"text-align: center;\"><a href=\"https:\/\/www.blackfridaydeals.ch\/it\/shops\/zalando-it\/\"><img decoding=\"async\" class=\"aligncenter wp-image-14244 size-medium\" title=\"Zalando Black Friday\" src=\"https:\/\/www.blackfridaydeals.ch\/wp-content\/uploads\/2019\/01\/Zalando-Black-Friday-300x150.png\" alt=\"Zalando Black Friday\" width=\"300\" height=\"150\" srcset=\"https:\/\/www.blackfridaydeals.ch\/wp-content\/uploads\/2019\/01\/Zalando-Black-Friday-300x150.png 300w, https:\/\/www.blackfridaydeals.ch\/wp-content\/uploads\/2019\/01\/Zalando-Black-Friday.png 400w\" sizes=\"(max-width: 300px) 100vw, 300px\" \/><\/a><\/p>\n<p>[\/vc_column_text][\/vc_column_inner][vc_column_inner width=&#8221;1\/4&#8243; offset=&#8221;vc_col-xs-6&#8243;][vc_column_text]<\/p>\n<p style=\"text-align: center;\"><a href=\"https:\/\/www.blackfridaydeals.ch\/it\/shops\/amazon-it\/\"><img decoding=\"async\" class=\"aligncenter wp-image-14404 size-medium\" title=\"amazon Black Friday\" src=\"https:\/\/www.blackfridaydeals.ch\/wp-content\/uploads\/2019\/01\/Amazon-Black-Friday-4-300x150.png\" alt=\"Amazon Black Friday\" width=\"300\" height=\"150\" srcset=\"https:\/\/www.blackfridaydeals.ch\/wp-content\/uploads\/2019\/01\/Amazon-Black-Friday-4-300x150.png 300w, https:\/\/www.blackfridaydeals.ch\/wp-content\/uploads\/2019\/01\/Amazon-Black-Friday-4.png 400w\" sizes=\"(max-width: 300px) 100vw, 300px\" \/><\/a><\/p>\n<p>[\/vc_column_text][vc_column_text]<\/p>\n<p style=\"text-align: center;\"><a href=\"https:\/\/www.blackfridaydeals.ch\/it\/shops\/galaxus-it\/\"><img decoding=\"async\" class=\"aligncenter wp-image-14271 size-medium\" title=\"Galaxus Black Friday\" src=\"https:\/\/www.blackfridaydeals.ch\/wp-content\/uploads\/2019\/01\/Galaxus-Black-Friday-1-300x150.png\" alt=\"Galaxus Black Friday\" width=\"300\" height=\"150\" srcset=\"https:\/\/www.blackfridaydeals.ch\/wp-content\/uploads\/2019\/01\/Galaxus-Black-Friday-1-300x150.png 300w, https:\/\/www.blackfridaydeals.ch\/wp-content\/uploads\/2019\/01\/Galaxus-Black-Friday-1.png 400w\" sizes=\"(max-width: 300px) 100vw, 300px\" \/><\/a><\/p>\n<p>[\/vc_column_text][\/vc_column_inner][vc_column_inner width=&#8221;1\/4&#8243; offset=&#8221;vc_col-xs-6&#8243;][vc_column_text]<\/p>\n<p style=\"text-align: center;\"><a href=\"https:\/\/www.blackfridaydeals.ch\/it\/shops\/manor-it\/\"><img decoding=\"async\" class=\"aligncenter wp-image-14238 size-medium\" title=\"Manor Black Friday\" src=\"https:\/\/www.blackfridaydeals.ch\/wp-content\/uploads\/2019\/01\/Manor-Black-Friday-300x150.png\" alt=\"Manor Black Friday\" width=\"300\" height=\"150\" srcset=\"https:\/\/www.blackfridaydeals.ch\/wp-content\/uploads\/2019\/01\/Manor-Black-Friday-300x150.png 300w, https:\/\/www.blackfridaydeals.ch\/wp-content\/uploads\/2019\/01\/Manor-Black-Friday.png 400w\" sizes=\"(max-width: 300px) 100vw, 300px\" \/><\/a><\/p>\n<p>[\/vc_column_text][vc_column_text]<\/p>\n<p style=\"text-align: center;\"><a href=\"https:\/\/www.blackfridaydeals.ch\/it\/shops\/apple-it\/\"><img decoding=\"async\" class=\"aligncenter wp-image-14412 size-medium\" title=\"Apple Black Friday\" src=\"https:\/\/www.blackfridaydeals.ch\/wp-content\/uploads\/2019\/01\/Apple-Black-Friday-1-300x150.png\" alt=\"Apple Black Friday\" width=\"300\" height=\"150\" srcset=\"https:\/\/www.blackfridaydeals.ch\/wp-content\/uploads\/2019\/01\/Apple-Black-Friday-1-300x150.png 300w, https:\/\/www.blackfridaydeals.ch\/wp-content\/uploads\/2019\/01\/Apple-Black-Friday-1.png 400w\" sizes=\"(max-width: 300px) 100vw, 300px\" \/><\/a><\/p>\n<p>[\/vc_column_text][\/vc_column_inner][\/vc_row_inner][vc_row_inner][vc_column_inner][vc_column_text]Il Black Friday \u00e8 un evento di shopping che si \u00e8 guadagnato grande popolarit\u00e0 in Svizzera e in tutto il mondo. Questo evento di shopping \u00e8 nato in America. Sin dalla sua nascita, probabilmente avvenuta negli anni &#8217;60, l&#8217;evento \u00e8 cresciuto ed \u00e8 diventato un fenomeno globale. La Svizzera non fa eccezione, quindi puoi trovare interessanti offerte del Black Friday in tantissimi negozi.<\/p>\n<p>Le attivit\u00e0 di marketing per il <a href=\"https:\/\/www.blackfridaydeals.ch\/it\/\">Black Friday<\/a> migliorano di anno in anno, dato che le aziende cercano di superarsi a vicenda. Ecco perch\u00e9 riteniamo che il Black Friday 2027 sar\u00e0 l&#8217;evento di shopping pi\u00f9 vantaggioso di sempre. Qui puoi scoprire con precisione quando avr\u00e0 luogo il Black Friday quest&#8217;anno e quali consigli puoi usare per sfruttare al massimo le grandi offerte in offerta!<\/p>\n<h2>Il Black Friday si svolge in questa data<\/h2>\n<p>Il Black Friday non cade in una data fissa, ma varia di anno in anno. Ma come si fa a sapere la data precisa? La cosa che devi sapere \u00e8 che si celebra ogni anno l&#8217;ultimo venerd\u00ec di novembre, il giorno dopo la tradizionale festa americana del Ringraziamento.<\/p>\n<p>Quest&#8217;anno, l&#8217;edizione 2027 del Black Friday si terr\u00e0 il 26 novembre! \u00c8 quindi importante prepararsi e cercare le offerte che possono essere di tuo interesse, dato che moltissime aziende pubblicizzano e annunciano le loro offerte gi\u00e0 prima dell&#8217;evento di shopping vero e proprio.<\/p>\n<h2>A partire da quando \u00e8 possibile conoscere le offerte del Black Friday e per quanto tempo rimangono valide?<\/h2>\n<p>La maggior parte dei negozi, anche in Svizzera, prolunga le sue offerte del Black Friday oltre l&#8217;effettivo evento di shopping. Quindi spesso puoi iniziare a risparmiare qualche giorno prima del Black Friday. Questa settimana viene spesso chiamata &#8220;Black Week&#8221;, dove le offerte sono particolarmente popolari. Riceverai quindi offerte durante tutta la settimana, che culmineranno con il Black Friday. A volte ogni giorno della Black Week ha le proprie offerte speciali, perch\u00e9 per attirare il maggior numero di clienti possibile, i negozi cercano di variare e cambiare le loro offerte quotidianamente, il che significa che ancora pi\u00f9 articoli diversi possono essere offerti a buon prezzo. Il fine settimana dopo il Black Friday e il <a href=\"https:\/\/www.blackfridaydeals.ch\/it\/cyber-monday\/\">Cyber Monday<\/a> sono solitamente inclusi nel periodo promozionale.<\/p>\n<p>Possiamo anche immaginare che quest&#8217;anno ci saranno iniziative a partire dall&#8217;11 novembre, cio\u00e8 il <a href=\"https:\/\/www.blackfridaydeals.ch\/it\/singles-day\/\">Singles Day<\/a>, e che si estenderanno fino al Cyber Monday. Cos\u00ec, la maggior parte del mese di novembre diventerebbe un&#8217;unica stagione di shopping. Cambiando regolarmente le occasioni, i negozi potranno proporre abbastanza variet\u00e0 per mantenere l&#8217;interesse dei clienti, anche per un lungo periodo.<\/p>\n<p>In pratica, si pu\u00f2 supporre che la maggior parte delle iniziative programmate per il Black Friday inizieranno il 22 novembre, cio\u00e8 il luned\u00ec prima del Black Friday 2027. La maggior parte delle azioni finir\u00e0 probabilmente con il Cyber Monday, cio\u00e8 il 29 novembre 2027. Tuttavia, \u00e8 stato riscontrato in passato che alcuni negozi hanno prolungato le loro offerte del Black Friday fino a dicembre.<\/p>\n<p>Alcune offerte del Black Friday sono disponibili solo per un breve periodo o in quantit\u00e0 limitate. In questo caso, \u00e8 meglio prestare attenzione e tenersi informati su ci\u00f2 che succede in modo da poter reagire rapidamente quando \u00e8 il momento giusto. E qui puoi contare su di noi. Ci impegniamo a tenerti aggiornato su tutto ci\u00f2 che riguarda il Black Friday, qui e in tempo reale. Inoltre ti consigliamo di iniziare a cercare offerte gi\u00e0 a mezzanotte, quando l&#8217;orologio fa scattare il Black Friday. Questo perch\u00e9 molte aziende iniziano le loro promozioni non appena scatta il nuovo giorno, cos\u00ec puoi avere un vantaggio sugli altri cercatori di occasioni.<\/p>\n<h2>Puoi contare su questi sconti per il Black Friday 2027<\/h2>\n<p>Ogni anno, il Black Friday diventa il teatro vivace e attivo di un grande caleidoscopio di modalit\u00e0 promozionali completamente diverse. Particolarmente popolari sono gli sconti forfettari, che sono generalmente disponibili su tutti i prodotti del negozio, con poche eccezioni. Di solito \u00e8 possibile ottenere uno sconto del 20%, anche se sono gi\u00e0 stati offerti sconti forfettari pi\u00f9 consistenti.<\/p>\n<p>Alcune aziende offrono sconti solo su alcune categorie di articoli. Questo \u00e8 il caso, per esempio, degli sconti sulle scarpe nei negozi di moda o sui divani nei negozi di mobili. Queste iniziative offrono una vasta gamma di prodotti, ma dato che gli sconti sono limitati a una selezione di articoli, di solito sono pi\u00f9 vantaggiosi degli sconti forfettari. Nella maggior parte dei casi, \u00e8 possibile ottenere il 30% di sconto sulle categorie di articoli.<\/p>\n<p>Alcuni negozi, specialmente quelli che offrono una vasta gamma di prodotti molto diversi o costosi, propongono anche sconti individuali solo su prodotti selezionati. Per esempio, potresti ottenere uno sconto del 10% su alcuni articoli, mentre per altri gli sconti possono superare il 70%. Questa strategia d&#8217;offerta include normalmente un gran numero di prodotti, il che potrebbe essere un incentivo per svolgere una ricerca approfondita e ottenere un concreto risparmio.<\/p>\n<p>Inoltre, alcuni negozi offrono altre iniziative durante il Black Friday. Per esempio, la consegna gratuita. Oppure offrono articoli da regalo o prodotti speciali o pacchetti creati appositamente per l&#8217;evento di shopping. Riteniamo che le offerte previste per il Black Friday 2027 avranno pi\u00f9 successo che mai. Non saremmo quindi sorpresi di vedere alcuni negozi che offrono la consegna gratuita e il 30% o pi\u00f9 di sconto su gran parte della gamma.<\/p>\n<p>&nbsp;<\/p>\n<h2>Date del Black Friday<\/h2>\n<p><span><img decoding=\"async\" class=\"alignright size-medium wp-image-49373\" src=\"https:\/\/www.blackfridaydeals.ch\/wp-content\/uploads\/2022\/03\/Black-Friday-300x114.jpg\" alt=\"\" width=\"300\" height=\"114\" srcset=\"https:\/\/www.blackfridaydeals.ch\/wp-content\/uploads\/2022\/03\/Black-Friday-300x114.jpg 300w, https:\/\/www.blackfridaydeals.ch\/wp-content\/uploads\/2022\/03\/Black-Friday-1024x390.jpg 1024w, https:\/\/www.blackfridaydeals.ch\/wp-content\/uploads\/2022\/03\/Black-Friday-767x292.jpg 767w, https:\/\/www.blackfridaydeals.ch\/wp-content\/uploads\/2022\/03\/Black-Friday-1536x585.jpg 1536w, https:\/\/www.blackfridaydeals.ch\/wp-content\/uploads\/2022\/03\/Black-Friday-2048x780.jpg 2048w, https:\/\/www.blackfridaydeals.ch\/wp-content\/uploads\/2022\/03\/Black-Friday-788x299.jpg 788w, https:\/\/www.blackfridaydeals.ch\/wp-content\/uploads\/2022\/03\/Black-Friday-150x57.jpg 150w\" sizes=\"(max-width: 300px) 100vw, 300px\" \/>Dato che il Black Friday non ha una data specifica, cambia ogni anno. Per offrirti una panoramica, abbiamo elencato qui le prossime date:<\/span><\/p>\n<ul>\n<li>Black Friday 2027: 26 novembre<\/li>\n<li>Black Friday 2028: 24 novembre<\/li>\n<li>Black Friday 2029: 23 novembre<\/li>\n<li>Black Friday 2030: 29 novembre<\/li>\n<li>Black Friday 2031: 28 novembre<\/li>\n<\/ul>\n<p>[\/vc_column_text][\/vc_column_inner][\/vc_row_inner][\/vc_column][\/vc_row]<\/p>\n","protected":false},"excerpt":{"rendered":"<p>[vc_row css=&#8221;.vc_custom_1603714340216{background-color: #ffffff !important;}&#8221;][vc_column css=&#8221;.vc_custom_1603714426765{background-color: #ffffff !important;}&#8221;][vc_column_text] BLACK FRIDAY 2027 &#8211; Queste offerte saranno disponibili nella giornata del 26.11.2027 La prossima edizione del Black Friday si terr\u00e0 il 26 novembre 2027. Anche quest&#8217;anno, a fine novembre, oltre 300 negozi svizzeri presenteranno le migliori offerte e occasioni.. [\/vc_column_text][vc_empty_space][vc_column_text][\/vc_column_text][vc_empty_space][\/vc_column][\/vc_row][vc_row css=&#8221;.vc_custom_1624622033237{background-color: #ffffff !important;}&#8221;][vc_column][vc_custom_heading text=&#8221;Black Friday 2027 Top Shops&#8221; [&hellip;]<\/p>\n","protected":false},"author":40,"featured_media":49373,"parent":0,"menu_order":0,"comment_status":"closed","ping_status":"closed","template":"","meta":[],"yoast_head":"<!-- This site is optimized with the Yoast SEO plugin v20.5 - https:\/\/yoast.com\/wordpress\/plugins\/seo\/ -->\n<title>Black Friday 2027 | 26 novembre 2027 | Tutte le promozioni<\/title>\n<meta name=\"description\" content=\"La prossima edizione del Black Friday si terr\u00e0 il 26 novembre 2027. Anche quest&#039;anno, a fine novembre, oltre 300 negozi presenteranno le migliori offerte.\" \/>\n<meta name=\"robots\" content=\"index, follow, max-snippet:-1, max-image-preview:large, max-video-preview:-1\" \/>\n<link rel=\"canonical\" href=\"https:\/\/www.blackfridaydeals.ch\/it\/black-friday-2027\/\" \/>\n<meta property=\"og:locale\" content=\"it_IT\" \/>\n<meta property=\"og:type\" content=\"article\" \/>\n<meta property=\"og:title\" content=\"Black Friday 2027 | 26 novembre 2027 | Tutte le promozioni\" \/>\n<meta property=\"og:description\" content=\"La prossima edizione del Black Friday si terr\u00e0 il 26 novembre 2027. Anche quest&#039;anno, a fine novembre, oltre 300 negozi presenteranno le migliori offerte.\" \/>\n<meta property=\"og:url\" content=\"https:\/\/www.blackfridaydeals.ch\/it\/black-friday-2027\/\" \/>\n<meta property=\"og:site_name\" content=\"blackfridaydeals.ch\" \/>\n<meta property=\"article:publisher\" content=\"https:\/\/www.facebook.com\/blackfridaydealsch\/\" \/>\n<meta property=\"article:modified_time\" content=\"2025-02-10T09:59:02+00:00\" \/>\n<meta property=\"og:image\" content=\"https:\/\/www.blackfridaydeals.ch\/wp-content\/uploads\/2022\/03\/Black-Friday-scaled.jpg\" \/>\n\t<meta property=\"og:image:width\" content=\"2560\" \/>\n\t<meta property=\"og:image:height\" content=\"975\" \/>\n\t<meta property=\"og:image:type\" content=\"image\/jpeg\" \/>\n<meta name=\"twitter:card\" content=\"summary_large_image\" \/>\n<meta name=\"twitter:site\" content=\"@blackfridaych\" \/>\n<meta name=\"twitter:label1\" content=\"Est. reading time\" \/>\n\t<meta name=\"twitter:data1\" content=\"8 minutes\" \/>\n<script type=\"application\/ld+json\" class=\"yoast-schema-graph\">{\"@context\":\"https:\/\/schema.org\",\"@graph\":[{\"@type\":\"WebPage\",\"@id\":\"https:\/\/www.blackfridaydeals.ch\/it\/black-friday-2027\/\",\"url\":\"https:\/\/www.blackfridaydeals.ch\/it\/black-friday-2027\/\",\"name\":\"Black Friday 2027 | 26 novembre 2027 | Tutte le promozioni\",\"isPartOf\":{\"@id\":\"https:\/\/www.blackfridaydeals.ch\/it\/#website\"},\"datePublished\":\"2022-04-06T13:00:37+00:00\",\"dateModified\":\"2025-02-10T09:59:02+00:00\",\"description\":\"La prossima edizione del Black Friday si terr\u00e0 il 26 novembre 2027. Anche quest'anno, a fine novembre, oltre 300 negozi presenteranno le migliori offerte.\",\"breadcrumb\":{\"@id\":\"https:\/\/www.blackfridaydeals.ch\/it\/black-friday-2027\/#breadcrumb\"},\"inLanguage\":\"it-CH\",\"potentialAction\":[{\"@type\":\"ReadAction\",\"target\":[\"https:\/\/www.blackfridaydeals.ch\/it\/black-friday-2027\/\"]}]},{\"@type\":\"BreadcrumbList\",\"@id\":\"https:\/\/www.blackfridaydeals.ch\/it\/black-friday-2027\/#breadcrumb\",\"itemListElement\":[{\"@type\":\"ListItem\",\"position\":1,\"name\":\"Startseite\",\"item\":\"https:\/\/www.blackfridaydeals.ch\/it\/\"},{\"@type\":\"ListItem\",\"position\":2,\"name\":\"Black Friday 2027\"}]},{\"@type\":\"WebSite\",\"@id\":\"https:\/\/www.blackfridaydeals.ch\/it\/#website\",\"url\":\"https:\/\/www.blackfridaydeals.ch\/it\/\",\"name\":\"blackfridaydeals.ch\",\"description\":\"Tutte le offerte del Black Friday 2025 in Svizzera\",\"publisher\":{\"@id\":\"https:\/\/www.blackfridaydeals.ch\/it\/#organization\"},\"alternateName\":\"Black Friday Deals\",\"potentialAction\":[{\"@type\":\"SearchAction\",\"target\":{\"@type\":\"EntryPoint\",\"urlTemplate\":\"https:\/\/www.blackfridaydeals.ch\/it\/?s={search_term_string}\"},\"query-input\":\"required name=search_term_string\"}],\"inLanguage\":\"it-CH\"},{\"@type\":\"Organization\",\"@id\":\"https:\/\/www.blackfridaydeals.ch\/it\/#organization\",\"name\":\"blackfridaydeals.ch\",\"alternateName\":\"Black Friday Deals\",\"url\":\"https:\/\/www.blackfridaydeals.ch\/it\/\",\"logo\":{\"@type\":\"ImageObject\",\"inLanguage\":\"it-CH\",\"@id\":\"https:\/\/www.blackfridaydeals.ch\/it\/#\/schema\/logo\/image\/\",\"url\":\"https:\/\/www.blackfridaydeals.ch\/wp-content\/uploads\/2023\/03\/app-icon-white-bg-jpg.jpg\",\"contentUrl\":\"https:\/\/www.blackfridaydeals.ch\/wp-content\/uploads\/2023\/03\/app-icon-white-bg-jpg.jpg\",\"width\":512,\"height\":512,\"caption\":\"blackfridaydeals.ch\"},\"image\":{\"@id\":\"https:\/\/www.blackfridaydeals.ch\/it\/#\/schema\/logo\/image\/\"},\"sameAs\":[\"https:\/\/www.facebook.com\/blackfridaydealsch\/\",\"https:\/\/twitter.com\/blackfridaych\",\"https:\/\/www.youtube.com\/channel\/UCNKXHacMw8AS34mBgzVx3FQ\",\"https:\/\/www.instagram.com\/blackfridaydeals.ch\/\"]}]}<\/script>\n<!-- \/ Yoast SEO plugin. -->","yoast_head_json":{"title":"Black Friday 2027 | 26 novembre 2027 | Tutte le promozioni","description":"La prossima edizione del Black Friday si terr\u00e0 il 26 novembre 2027. Anche quest'anno, a fine novembre, oltre 300 negozi presenteranno le migliori offerte.","robots":{"index":"index","follow":"follow","max-snippet":"max-snippet:-1","max-image-preview":"max-image-preview:large","max-video-preview":"max-video-preview:-1"},"canonical":"https:\/\/www.blackfridaydeals.ch\/it\/black-friday-2027\/","og_locale":"it_IT","og_type":"article","og_title":"Black Friday 2027 | 26 novembre 2027 | Tutte le promozioni","og_description":"La prossima edizione del Black Friday si terr\u00e0 il 26 novembre 2027. Anche quest'anno, a fine novembre, oltre 300 negozi presenteranno le migliori offerte.","og_url":"https:\/\/www.blackfridaydeals.ch\/it\/black-friday-2027\/","og_site_name":"blackfridaydeals.ch","article_publisher":"https:\/\/www.facebook.com\/blackfridaydealsch\/","article_modified_time":"2025-02-10T09:59:02+00:00","og_image":[{"width":2560,"height":975,"url":"https:\/\/www.blackfridaydeals.ch\/wp-content\/uploads\/2022\/03\/Black-Friday-scaled.jpg","type":"image\/jpeg"}],"twitter_card":"summary_large_image","twitter_site":"@blackfridaych","twitter_misc":{"Est. reading time":"8 minutes"},"schema":{"@context":"https:\/\/schema.org","@graph":[{"@type":"WebPage","@id":"https:\/\/www.blackfridaydeals.ch\/it\/black-friday-2027\/","url":"https:\/\/www.blackfridaydeals.ch\/it\/black-friday-2027\/","name":"Black Friday 2027 | 26 novembre 2027 | Tutte le promozioni","isPartOf":{"@id":"https:\/\/www.blackfridaydeals.ch\/it\/#website"},"datePublished":"2022-04-06T13:00:37+00:00","dateModified":"2025-02-10T09:59:02+00:00","description":"La prossima edizione del Black Friday si terr\u00e0 il 26 novembre 2027. Anche quest'anno, a fine novembre, oltre 300 negozi presenteranno le migliori offerte.","breadcrumb":{"@id":"https:\/\/www.blackfridaydeals.ch\/it\/black-friday-2027\/#breadcrumb"},"inLanguage":"it-CH","potentialAction":[{"@type":"ReadAction","target":["https:\/\/www.blackfridaydeals.ch\/it\/black-friday-2027\/"]}]},{"@type":"BreadcrumbList","@id":"https:\/\/www.blackfridaydeals.ch\/it\/black-friday-2027\/#breadcrumb","itemListElement":[{"@type":"ListItem","position":1,"name":"Startseite","item":"https:\/\/www.blackfridaydeals.ch\/it\/"},{"@type":"ListItem","position":2,"name":"Black Friday 2027"}]},{"@type":"WebSite","@id":"https:\/\/www.blackfridaydeals.ch\/it\/#website","url":"https:\/\/www.blackfridaydeals.ch\/it\/","name":"blackfridaydeals.ch","description":"Tutte le offerte del Black Friday 2025 in Svizzera","publisher":{"@id":"https:\/\/www.blackfridaydeals.ch\/it\/#organization"},"alternateName":"Black Friday Deals","potentialAction":[{"@type":"SearchAction","target":{"@type":"EntryPoint","urlTemplate":"https:\/\/www.blackfridaydeals.ch\/it\/?s={search_term_string}"},"query-input":"required name=search_term_string"}],"inLanguage":"it-CH"},{"@type":"Organization","@id":"https:\/\/www.blackfridaydeals.ch\/it\/#organization","name":"blackfridaydeals.ch","alternateName":"Black Friday Deals","url":"https:\/\/www.blackfridaydeals.ch\/it\/","logo":{"@type":"ImageObject","inLanguage":"it-CH","@id":"https:\/\/www.blackfridaydeals.ch\/it\/#\/schema\/logo\/image\/","url":"https:\/\/www.blackfridaydeals.ch\/wp-content\/uploads\/2023\/03\/app-icon-white-bg-jpg.jpg","contentUrl":"https:\/\/www.blackfridaydeals.ch\/wp-content\/uploads\/2023\/03\/app-icon-white-bg-jpg.jpg","width":512,"height":512,"caption":"blackfridaydeals.ch"},"image":{"@id":"https:\/\/www.blackfridaydeals.ch\/it\/#\/schema\/logo\/image\/"},"sameAs":["https:\/\/www.facebook.com\/blackfridaydealsch\/","https:\/\/twitter.com\/blackfridaych","https:\/\/www.youtube.com\/channel\/UCNKXHacMw8AS34mBgzVx3FQ","https:\/\/www.instagram.com\/blackfridaydeals.ch\/"]}]}},"_links":{"self":[{"href":"https:\/\/www.blackfridaydeals.ch\/it\/wp-json\/wp\/v2\/pages\/49637"}],"collection":[{"href":"https:\/\/www.blackfridaydeals.ch\/it\/wp-json\/wp\/v2\/pages"}],"about":[{"href":"https:\/\/www.blackfridaydeals.ch\/it\/wp-json\/wp\/v2\/types\/page"}],"author":[{"embeddable":true,"href":"https:\/\/www.blackfridaydeals.ch\/it\/wp-json\/wp\/v2\/users\/40"}],"replies":[{"embeddable":true,"href":"https:\/\/www.blackfridaydeals.ch\/it\/wp-json\/wp\/v2\/comments?post=49637"}],"version-history":[{"count":2,"href":"https:\/\/www.blackfridaydeals.ch\/it\/wp-json\/wp\/v2\/pages\/49637\/revisions"}],"predecessor-version":[{"id":49644,"href":"https:\/\/www.blackfridaydeals.ch\/it\/wp-json\/wp\/v2\/pages\/49637\/revisions\/49644"}],"wp:featuredmedia":[{"embeddable":true,"href":"https:\/\/www.blackfridaydeals.ch\/it\/wp-json\/wp\/v2\/media\/49373"}],"wp:attachment":[{"href":"https:\/\/www.blackfridaydeals.ch\/it\/wp-json\/wp\/v2\/media?parent=49637"}],"curies":[{"name":"wp","href":"https:\/\/api.w.org\/{rel}","templated":true}]}}