{"id":49458,"date":"2022-03-16T13:27:53","date_gmt":"2022-03-16T12:27:53","guid":{"rendered":"https:\/\/www.blackfridaydeals.ch\/?page_id=49458"},"modified":"2025-02-10T14:22:11","modified_gmt":"2025-02-10T13:22:11","slug":"black-friday-foto-video","status":"publish","type":"page","link":"https:\/\/www.blackfridaydeals.ch\/it\/black-friday-foto-video\/","title":{"rendered":"Le migliori occasioni del Black Friday per le foto e i video"},"content":{"rendered":"<p>[vc_row][vc_column]\n[vc_column_text]<span><img decoding=\"async\" class=\"alignright size-medium wp-image-38189\" src=\"https:\/\/www.blackfridaydeals.ch\/wp-content\/uploads\/2021\/10\/camera-g1b14ccc09_1920-300x225.jpg\" alt=\"\" width=\"300\" height=\"225\" srcset=\"https:\/\/www.blackfridaydeals.ch\/wp-content\/uploads\/2021\/10\/camera-g1b14ccc09_1920-300x225.jpg 300w, https:\/\/www.blackfridaydeals.ch\/wp-content\/uploads\/2021\/10\/camera-g1b14ccc09_1920-1024x768.jpg 1024w, https:\/\/www.blackfridaydeals.ch\/wp-content\/uploads\/2021\/10\/camera-g1b14ccc09_1920-768x576.jpg 768w, https:\/\/www.blackfridaydeals.ch\/wp-content\/uploads\/2021\/10\/camera-g1b14ccc09_1920-1536x1152.jpg 1536w, https:\/\/www.blackfridaydeals.ch\/wp-content\/uploads\/2021\/10\/camera-g1b14ccc09_1920-2048x1536.jpg 2048w, https:\/\/www.blackfridaydeals.ch\/wp-content\/uploads\/2021\/10\/camera-g1b14ccc09_1920-788x591.jpg 788w, https:\/\/www.blackfridaydeals.ch\/wp-content\/uploads\/2021\/10\/camera-g1b14ccc09_1920-853x640.jpg 853w, https:\/\/www.blackfridaydeals.ch\/wp-content\/uploads\/2021\/10\/camera-g1b14ccc09_1920-150x113.jpg 150w, https:\/\/www.blackfridaydeals.ch\/wp-content\/uploads\/2021\/10\/camera-g1b14ccc09_1920.jpg 1920w\" sizes=\"(max-width: 300px) 100vw, 300px\" \/><\/span><\/p>\n<p style=\"text-align: center;\"><a href=\"https:\/\/www.blackfridaydeals.ch\/it\/elettronica-intrattenimento\/\" target=\"_blank\" style=\"border-radius:5px\" class=\"wpsm-button btncolor medium rehub_btn_color\"><i class=\"rhicon rhi-none\"><\/i>Vedi le migliori offerte di foto e video<\/a><\/p>\n<p><span>Il <a href=\"https:\/\/www.blackfridaydeals.ch\/it\/\">Black Friday<\/a> \u00e8 il giorno delle grandi occasioni in tutti i settori, e le foto e i video non fanno eccezione. Anche in questo settore puoi trovare ottime occasioni. Sia che tu voglia acquistare una nuova macchina fotografica o accessori per la tua fotocamera o che tu voglia sviluppare delle foto, puoi trovare praticamente tutto ad un prezzo scontato alla fine di novembre. Abbiamo esaminato le possibili offerte.<\/span><\/p>\n<h2>Apparecchiature fotografiche con sconti interessanti<\/h2>\n<p><span>Solitamente, per acquistare una buona macchina fotografica bisogna spendere un sacco di soldi. Ma dovremmo disperarci e rinunciare a questo sogno? Non necessariamente, perch\u00e9 c\u2019\u00e8 sempre un barlume di speranza: basta aspettare per approfittare degli sconti. Quindi aspetta fino al Black Friday 2026, perch\u00e9 ci saranno sicuramente tantissime fantastiche offerte sulle fotocamere. Puoi aspettarti molte svendite che possono offrire sconti superiori al 50%.<\/span><br \/>\n<span>Nel settore delle fotocamere compatte, per esempio, la popolarissima SONY DSC-RX100 VII dotata di una risoluzione di 20,1 MP costa circa 1.000 CHF, ma prevediamo di trovarla molto pi\u00f9 economica durante il <a href=\"https:\/\/www.blackfridaydeals.ch\/it\/black-friday-2026\/\">Black Friday 2026<\/a>. Con un po\u2019 di fortuna, potrebbe essere disponibile per poco pi\u00f9 di 500 CHF. Allo stesso modo, potresti trovare forti sconti anche sui modelli pi\u00f9 recenti come la Sony ZV-1 II, ideale per i vlog, o su reflex e mirrorless di marchi noti come <a href=\"https:\/\/www.blackfridaydeals.ch\/it\/shops\/canon-it\/\">Canon<\/a> (ad esempio la Canon EOS R8), Nikon o Fuji. Molte fotocamere possono essere acquistate ai migliori prezzi di sempre durante i saldi di fine novembre. Quindi puoi ben capire che conviene aspettare, se non hai fretta. Se non vuoi attendere fino al Black Friday, puoi anche cercare delle buone occasioni durante il <a href=\"https:\/\/www.blackfridaydeals.ch\/it\/singles-day\/\">Singles Day<\/a>. Sono quasi buone o identiche a quelle offerte durante il Black Friday. Se ti serve pi\u00f9 tempo per riflettere, puoi risparmiare anche durante il <a href=\"https:\/\/www.blackfridaydeals.ch\/it\/cyber-monday\/\">Cyber Monday<\/a>.<\/span><\/p>\n<h2>Accessori per la macchina fotografica per scattare foto sempre migliori<\/h2>\n<p><span>Tanti svizzeri acquistano diversi obiettivi e magari anche un treppiede da abbinare alla loro macchina fotografica. Con questi accessori, puoi scattare foto e video pressoch\u00e9 professionali se sei esperto, e persino se sei ancora un principiante ma appassionato. A seconda del tipo di macchina fotografica che possiedi, potresti anche aver bisogno di attrezzature per sviluppare le foto. \u00c8 molto probabile che i prezzi vengano ridotti durante il Black Friday. Presso i rivenditori di elettronica o i produttori di fotocamere, troverai tutto ci\u00f2 che ti serve per scattare ottime foto.<\/span><\/p>\n<h2>Fotolibri e altri articoli a prezzi interessanti<\/h2>\n<p><span>Se possiedi gi\u00e0 delle foto e vuoi conservare i tuoi ricordi, i momenti fugaci e felici, puoi anche scegliere di stamparle. Le possibilit\u00e0 sono infinite, dalla wall art ai fotolibri, ai cuscini e alle tazze. Per esempio, puoi prendere ispirazione da Smartphoto, ma non solo, perch\u00e9 ci sono molti altri negozi in Svizzera e in altri paesi che offrono servizi simili.<\/span><br \/>\n<span>Qui, il Black Friday viene celebrato in modo leggermente diverso rispetto al settore dell\u2019elettronica. Spesso si pu\u00f2 trovare uno sconto forfettario su tutto, dato che i clienti sono interessati a stampare diverse immagini. Questo spesso si traduce in un risparmio di circa il 20% su tutto. Inoltre, ci potrebbero essere degli sconti per categoria, per esempio sui libri fotografici, se il negozio vede che questo prodotto \u00e8 molto richiesto. In questo caso puoi ottenere fino al 50% di sconto su uno o pi\u00f9 fotolibri. Questa promozione \u00e8 spesso combinata con lo sconto all-inclusive in modo che tutti possano risparmiare.<\/span><\/p>\n<h3>Altri articoli interessanti<\/h3>\n<ul>\n<li><a href=\"https:\/\/www.blackfridaydeals.ch\/it\/fotocamere-black-friday\/\">Le migliori occasioni per le fotocamere durante il Black Friday<\/a><\/li>\n<li><a href=\"https:\/\/www.blackfridaydeals.ch\/it\/articoli-ufficio-black-friday\/\">Le migliori offerte per gli articoli da ufficio del Black Friday<\/a><\/li>\n<li><a href=\"https:\/\/www.blackfridaydeals.ch\/it\/smartwatch-black-friday\/\">Le migliori offerte sugli smartwatch del Black Friday<\/a><\/li>\n<li><a href=\"https:\/\/www.blackfridaydeals.ch\/it\/black-friday-giocattoli\/\">Le migliori offerte del Black Friday sui giocattoli<\/a><\/li>\n<li><a href=\"https:\/\/www.blackfridaydeals.ch\/it\/black-friday-orologi\/\">Le migliori offerte del Black Friday sugli orologi<\/a><\/li>\n<li><a href=\"\/?page_id=49443\">Le migliori offerte nel mondo della bellezza del Black Friday<\/a><\/li>\n<li><a href=\"https:\/\/www.blackfridaydeals.ch\/it\/black-friday-sistemi-audio\/\">Le migliori offerte del Black Friday dei sistemi audio<\/a><\/li>\n<li><a href=\"https:\/\/www.blackfridaydeals.ch\/it\/black-friday-computer-portatili\/\">Le migliori offerte del Black Friday per i computer portatili<\/a><\/li>\n<li><a href=\"https:\/\/www.blackfridaydeals.ch\/it\/cucina-black-friday\/\">Una nuova cucina ad un prezzo vantaggioso per il Black Friday<\/a><\/li>\n<li><a href=\"https:\/\/www.blackfridaydeals.ch\/it\/profumi-black-friday\/\">Come trovare profumi delicati ad un prezzo scontato durante il Black Friday<\/a><\/li>\n<li><a href=\"https:\/\/www.blackfridaydeals.ch\/it\/scarpe-black-friday\/\">Scarpe di alta qualit\u00e0 a prezzi abbordabili \u2013 Black Friday<\/a><\/li>\n<li><a href=\"https:\/\/www.blackfridaydeals.ch\/it\/black-friday-home-cinema\/\">Le migliori offerte del Black Friday sull\u2019home cinema<\/a><\/li>\n<li><a href=\"https:\/\/www.blackfridaydeals.ch\/it\/black-friday-alimentari\/\">Le migliori occasioni del Black Friday per i prodotti alimentari<\/a><\/li>\n<li><a href=\"https:\/\/www.blackfridaydeals.ch\/it\/black-friday-mobili\/\">Le migliori offerte del Black Friday per i mobili<\/a><\/li>\n<li><a href=\"https:\/\/www.blackfridaydeals.ch\/it\/offerte-black-friday-fitness\/\">Le migliori offerte del Black Friday per il fitness<\/a><\/li>\n<li><a href=\"https:\/\/www.blackfridaydeals.ch\/it\/black-friday-trattamenti-viso\/\">Le migliori offerte del Black Friday per i trattamenti viso<\/a><\/li>\n<li><a href=\"https:\/\/www.blackfridaydeals.ch\/it\/casa-black-friday\/\">Tutto ci\u00f2 che ti serve per la casa per il Black Friday<\/a><\/li>\n<li><a href=\"https:\/\/www.blackfridaydeals.ch\/it\/viaggi-voli-hotel-black-friday\/\">Viaggi, voli e hotel del Black Friday<\/a><\/li>\n<\/ul>\n<p>[\/vc_column_text][\/vc_column][\/vc_row]<\/p>\n","protected":false},"excerpt":{"rendered":"<p>[vc_row][vc_column][vc_column_text] Il Black Friday \u00e8 il giorno delle grandi occasioni in tutti i settori, e le foto e i video non fanno eccezione. Anche in questo settore puoi trovare ottime occasioni. Sia che tu voglia acquistare una nuova macchina fotografica o accessori per la tua fotocamera o che tu voglia sviluppare delle foto, puoi trovare [&hellip;]<\/p>\n","protected":false},"author":40,"featured_media":38191,"parent":0,"menu_order":0,"comment_status":"closed","ping_status":"closed","template":"","meta":[],"yoast_head":"<!-- This site is optimized with the Yoast SEO plugin v20.5 - https:\/\/yoast.com\/wordpress\/plugins\/seo\/ -->\n<title>Le migliori occasioni del Black Friday 2026 per le foto e i video<\/title>\n<meta name=\"description\" content=\"Foto e video: offerte del Black Friday 2026 Qui troverai tutte le offerte del Black Friday nel mondo delle foto e dei video.\" \/>\n<meta name=\"robots\" content=\"noindex, follow\" \/>\n<meta property=\"og:locale\" content=\"it_IT\" \/>\n<meta property=\"og:type\" content=\"article\" \/>\n<meta property=\"og:title\" content=\"Le migliori occasioni del Black Friday 2026 per le foto e i video\" \/>\n<meta property=\"og:description\" content=\"Foto e video: offerte del Black Friday 2026 Qui troverai tutte le offerte del Black Friday nel mondo delle foto e dei video.\" \/>\n<meta property=\"og:url\" content=\"https:\/\/www.blackfridaydeals.ch\/it\/black-friday-foto-video\/\" \/>\n<meta property=\"og:site_name\" content=\"blackfridaydeals.ch\" \/>\n<meta property=\"article:publisher\" content=\"https:\/\/www.facebook.com\/blackfridaydealsch\/\" \/>\n<meta property=\"article:modified_time\" content=\"2025-02-10T13:22:11+00:00\" \/>\n<meta property=\"og:image\" content=\"https:\/\/www.blackfridaydeals.ch\/wp-content\/uploads\/2021\/10\/camera-g1b14ccc09_1920.jpg\" \/>\n\t<meta property=\"og:image:width\" content=\"1920\" \/>\n\t<meta property=\"og:image:height\" content=\"1440\" \/>\n\t<meta property=\"og:image:type\" content=\"image\/jpeg\" \/>\n<meta name=\"twitter:card\" content=\"summary_large_image\" \/>\n<meta name=\"twitter:site\" content=\"@blackfridaych\" \/>\n<meta name=\"twitter:label1\" content=\"Est. reading time\" \/>\n\t<meta name=\"twitter:data1\" content=\"5 minutes\" \/>\n<script type=\"application\/ld+json\" class=\"yoast-schema-graph\">{\"@context\":\"https:\/\/schema.org\",\"@graph\":[{\"@type\":\"WebPage\",\"@id\":\"https:\/\/www.blackfridaydeals.ch\/it\/black-friday-foto-video\/\",\"url\":\"https:\/\/www.blackfridaydeals.ch\/it\/black-friday-foto-video\/\",\"name\":\"Le migliori occasioni del Black Friday 2026 per le foto e i video\",\"isPartOf\":{\"@id\":\"https:\/\/www.blackfridaydeals.ch\/it\/#website\"},\"datePublished\":\"2022-03-16T12:27:53+00:00\",\"dateModified\":\"2025-02-10T13:22:11+00:00\",\"description\":\"Foto e video: offerte del Black Friday 2026 Qui troverai tutte le offerte del Black Friday nel mondo delle foto e dei video.\",\"breadcrumb\":{\"@id\":\"https:\/\/www.blackfridaydeals.ch\/it\/black-friday-foto-video\/#breadcrumb\"},\"inLanguage\":\"it-CH\",\"potentialAction\":[{\"@type\":\"ReadAction\",\"target\":[\"https:\/\/www.blackfridaydeals.ch\/it\/black-friday-foto-video\/\"]}]},{\"@type\":\"BreadcrumbList\",\"@id\":\"https:\/\/www.blackfridaydeals.ch\/it\/black-friday-foto-video\/#breadcrumb\",\"itemListElement\":[{\"@type\":\"ListItem\",\"position\":1,\"name\":\"Startseite\",\"item\":\"https:\/\/www.blackfridaydeals.ch\/it\/\"},{\"@type\":\"ListItem\",\"position\":2,\"name\":\"Le migliori occasioni del Black Friday per le foto e i video\"}]},{\"@type\":\"WebSite\",\"@id\":\"https:\/\/www.blackfridaydeals.ch\/it\/#website\",\"url\":\"https:\/\/www.blackfridaydeals.ch\/it\/\",\"name\":\"blackfridaydeals.ch\",\"description\":\"Tutte le offerte del Black Friday 2025 in Svizzera\",\"publisher\":{\"@id\":\"https:\/\/www.blackfridaydeals.ch\/it\/#organization\"},\"alternateName\":\"Black Friday Deals\",\"potentialAction\":[{\"@type\":\"SearchAction\",\"target\":{\"@type\":\"EntryPoint\",\"urlTemplate\":\"https:\/\/www.blackfridaydeals.ch\/it\/?s={search_term_string}\"},\"query-input\":\"required name=search_term_string\"}],\"inLanguage\":\"it-CH\"},{\"@type\":\"Organization\",\"@id\":\"https:\/\/www.blackfridaydeals.ch\/it\/#organization\",\"name\":\"blackfridaydeals.ch\",\"alternateName\":\"Black Friday Deals\",\"url\":\"https:\/\/www.blackfridaydeals.ch\/it\/\",\"logo\":{\"@type\":\"ImageObject\",\"inLanguage\":\"it-CH\",\"@id\":\"https:\/\/www.blackfridaydeals.ch\/it\/#\/schema\/logo\/image\/\",\"url\":\"https:\/\/www.blackfridaydeals.ch\/wp-content\/uploads\/2023\/03\/app-icon-white-bg-jpg.jpg\",\"contentUrl\":\"https:\/\/www.blackfridaydeals.ch\/wp-content\/uploads\/2023\/03\/app-icon-white-bg-jpg.jpg\",\"width\":512,\"height\":512,\"caption\":\"blackfridaydeals.ch\"},\"image\":{\"@id\":\"https:\/\/www.blackfridaydeals.ch\/it\/#\/schema\/logo\/image\/\"},\"sameAs\":[\"https:\/\/www.facebook.com\/blackfridaydealsch\/\",\"https:\/\/twitter.com\/blackfridaych\",\"https:\/\/www.youtube.com\/channel\/UCNKXHacMw8AS34mBgzVx3FQ\",\"https:\/\/www.instagram.com\/blackfridaydeals.ch\/\"]}]}<\/script>\n<!-- \/ Yoast SEO plugin. -->","yoast_head_json":{"title":"Le migliori occasioni del Black Friday 2026 per le foto e i video","description":"Foto e video: offerte del Black Friday 2026 Qui troverai tutte le offerte del Black Friday nel mondo delle foto e dei video.","robots":{"index":"noindex","follow":"follow"},"og_locale":"it_IT","og_type":"article","og_title":"Le migliori occasioni del Black Friday 2026 per le foto e i video","og_description":"Foto e video: offerte del Black Friday 2026 Qui troverai tutte le offerte del Black Friday nel mondo delle foto e dei video.","og_url":"https:\/\/www.blackfridaydeals.ch\/it\/black-friday-foto-video\/","og_site_name":"blackfridaydeals.ch","article_publisher":"https:\/\/www.facebook.com\/blackfridaydealsch\/","article_modified_time":"2025-02-10T13:22:11+00:00","og_image":[{"width":1920,"height":1440,"url":"https:\/\/www.blackfridaydeals.ch\/wp-content\/uploads\/2021\/10\/camera-g1b14ccc09_1920.jpg","type":"image\/jpeg"}],"twitter_card":"summary_large_image","twitter_site":"@blackfridaych","twitter_misc":{"Est. reading time":"5 minutes"},"schema":{"@context":"https:\/\/schema.org","@graph":[{"@type":"WebPage","@id":"https:\/\/www.blackfridaydeals.ch\/it\/black-friday-foto-video\/","url":"https:\/\/www.blackfridaydeals.ch\/it\/black-friday-foto-video\/","name":"Le migliori occasioni del Black Friday 2026 per le foto e i video","isPartOf":{"@id":"https:\/\/www.blackfridaydeals.ch\/it\/#website"},"datePublished":"2022-03-16T12:27:53+00:00","dateModified":"2025-02-10T13:22:11+00:00","description":"Foto e video: offerte del Black Friday 2026 Qui troverai tutte le offerte del Black Friday nel mondo delle foto e dei video.","breadcrumb":{"@id":"https:\/\/www.blackfridaydeals.ch\/it\/black-friday-foto-video\/#breadcrumb"},"inLanguage":"it-CH","potentialAction":[{"@type":"ReadAction","target":["https:\/\/www.blackfridaydeals.ch\/it\/black-friday-foto-video\/"]}]},{"@type":"BreadcrumbList","@id":"https:\/\/www.blackfridaydeals.ch\/it\/black-friday-foto-video\/#breadcrumb","itemListElement":[{"@type":"ListItem","position":1,"name":"Startseite","item":"https:\/\/www.blackfridaydeals.ch\/it\/"},{"@type":"ListItem","position":2,"name":"Le migliori occasioni del Black Friday per le foto e i video"}]},{"@type":"WebSite","@id":"https:\/\/www.blackfridaydeals.ch\/it\/#website","url":"https:\/\/www.blackfridaydeals.ch\/it\/","name":"blackfridaydeals.ch","description":"Tutte le offerte del Black Friday 2025 in Svizzera","publisher":{"@id":"https:\/\/www.blackfridaydeals.ch\/it\/#organization"},"alternateName":"Black Friday Deals","potentialAction":[{"@type":"SearchAction","target":{"@type":"EntryPoint","urlTemplate":"https:\/\/www.blackfridaydeals.ch\/it\/?s={search_term_string}"},"query-input":"required name=search_term_string"}],"inLanguage":"it-CH"},{"@type":"Organization","@id":"https:\/\/www.blackfridaydeals.ch\/it\/#organization","name":"blackfridaydeals.ch","alternateName":"Black Friday Deals","url":"https:\/\/www.blackfridaydeals.ch\/it\/","logo":{"@type":"ImageObject","inLanguage":"it-CH","@id":"https:\/\/www.blackfridaydeals.ch\/it\/#\/schema\/logo\/image\/","url":"https:\/\/www.blackfridaydeals.ch\/wp-content\/uploads\/2023\/03\/app-icon-white-bg-jpg.jpg","contentUrl":"https:\/\/www.blackfridaydeals.ch\/wp-content\/uploads\/2023\/03\/app-icon-white-bg-jpg.jpg","width":512,"height":512,"caption":"blackfridaydeals.ch"},"image":{"@id":"https:\/\/www.blackfridaydeals.ch\/it\/#\/schema\/logo\/image\/"},"sameAs":["https:\/\/www.facebook.com\/blackfridaydealsch\/","https:\/\/twitter.com\/blackfridaych","https:\/\/www.youtube.com\/channel\/UCNKXHacMw8AS34mBgzVx3FQ","https:\/\/www.instagram.com\/blackfridaydeals.ch\/"]}]}},"_links":{"self":[{"href":"https:\/\/www.blackfridaydeals.ch\/it\/wp-json\/wp\/v2\/pages\/49458"}],"collection":[{"href":"https:\/\/www.blackfridaydeals.ch\/it\/wp-json\/wp\/v2\/pages"}],"about":[{"href":"https:\/\/www.blackfridaydeals.ch\/it\/wp-json\/wp\/v2\/types\/page"}],"author":[{"embeddable":true,"href":"https:\/\/www.blackfridaydeals.ch\/it\/wp-json\/wp\/v2\/users\/40"}],"replies":[{"embeddable":true,"href":"https:\/\/www.blackfridaydeals.ch\/it\/wp-json\/wp\/v2\/comments?post=49458"}],"version-history":[{"count":8,"href":"https:\/\/www.blackfridaydeals.ch\/it\/wp-json\/wp\/v2\/pages\/49458\/revisions"}],"predecessor-version":[{"id":98877,"href":"https:\/\/www.blackfridaydeals.ch\/it\/wp-json\/wp\/v2\/pages\/49458\/revisions\/98877"}],"wp:featuredmedia":[{"embeddable":true,"href":"https:\/\/www.blackfridaydeals.ch\/it\/wp-json\/wp\/v2\/media\/38191"}],"wp:attachment":[{"href":"https:\/\/www.blackfridaydeals.ch\/it\/wp-json\/wp\/v2\/media?parent=49458"}],"curies":[{"name":"wp","href":"https:\/\/api.w.org\/{rel}","templated":true}]}}