{"id":49456,"date":"2022-03-16T13:24:27","date_gmt":"2022-03-16T12:24:27","guid":{"rendered":"https:\/\/www.blackfridaydeals.ch\/?page_id=49456"},"modified":"2025-02-10T14:23:42","modified_gmt":"2025-02-10T13:23:42","slug":"fotocamere-black-friday","status":"publish","type":"page","link":"https:\/\/www.blackfridaydeals.ch\/it\/fotocamere-black-friday\/","title":{"rendered":"Le migliori occasioni per le fotocamere durante il Black Friday"},"content":{"rendered":"<p>[vc_row][vc_column]\n[vc_column_text]<span><img decoding=\"async\" class=\"alignright size-medium wp-image-38197\" src=\"https:\/\/www.blackfridaydeals.ch\/wp-content\/uploads\/2021\/10\/camera-gfe2e1db27_1920-300x175.jpg\" alt=\"\" width=\"300\" height=\"175\" srcset=\"https:\/\/www.blackfridaydeals.ch\/wp-content\/uploads\/2021\/10\/camera-gfe2e1db27_1920-300x175.jpg 300w, https:\/\/www.blackfridaydeals.ch\/wp-content\/uploads\/2021\/10\/camera-gfe2e1db27_1920-1024x599.jpg 1024w, https:\/\/www.blackfridaydeals.ch\/wp-content\/uploads\/2021\/10\/camera-gfe2e1db27_1920-768x449.jpg 768w, https:\/\/www.blackfridaydeals.ch\/wp-content\/uploads\/2021\/10\/camera-gfe2e1db27_1920-1536x898.jpg 1536w, https:\/\/www.blackfridaydeals.ch\/wp-content\/uploads\/2021\/10\/camera-gfe2e1db27_1920-2048x1198.jpg 2048w, https:\/\/www.blackfridaydeals.ch\/wp-content\/uploads\/2021\/10\/camera-gfe2e1db27_1920-788x460.jpg 788w, https:\/\/www.blackfridaydeals.ch\/wp-content\/uploads\/2021\/10\/camera-gfe2e1db27_1920-150x88.jpg 150w, https:\/\/www.blackfridaydeals.ch\/wp-content\/uploads\/2021\/10\/camera-gfe2e1db27_1920.jpg 1920w\" sizes=\"(max-width: 300px) 100vw, 300px\" \/><\/span><\/p>\n<p style=\"text-align: center;\"><a href=\"https:\/\/www.blackfridaydeals.ch\/it\/elettronica-intrattenimento\/\" target=\"_blank\" style=\"border-radius:5px\" class=\"wpsm-button btncolor medium rehub_btn_color\"><i class=\"rhicon rhi-none\"><\/i>Visualizza le migliori offerte per Fotocamere<\/a><\/p>\n<p><span>Se stai cercando una nuova macchina fotografica, puoi trovare ottime offerte in molti negozi alla fine di novembre. Puoi anche contare su fotocamere di tutti i tipi e per tutte le esigenze che saranno scontate in modo significativo durante il <a href=\"https:\/\/www.blackfridaydeals.ch\/it\/black-friday-2026\/\">Black Friday 2026<\/a>. Non importa se si tratta di una simpatica fotocamera istantanea, di una fotocamera mirrorless di alta qualit\u00e0 o di una fotocamera ibrida, potrai approfittare di tantissime occasioni. Per aiutarti a trovare l&#8217;affare giusto, abbiamo riassunto le offerte dei rivenditori di elettronica e dei produttori di fotocamere per il Black Friday 2026.<\/span><\/p>\n<h2>Compra le fotocamere direttamente dal produttore<\/h2>\n<p><span>Se sei esperto di macchine fotografiche, probabilmente sai gi\u00e0 quale modello o marca preferisci. In questo caso, molti svizzeri scelgono di fare acquisti direttamente dal produttore per supportarlo. Di fatto, molti brand, da Olympus a Canon, probabilmente offriranno forti sconti durante il Black Friday 2026, una grande opportunit\u00e0 per acquistare la macchina fotografica dei tuoi sogni a un prezzo conveniente. Potresti anche trovare qualche promozione interessante su nuovi modelli come la **Canon EOS R6 Mark II**, la **Nikon Z8** o la **Sony \u03b17 IV**.<\/span><br \/>\n<span>Chi vuole risparmiare probabilmente vorr\u00e0 sapere a quanto ammontano gli sconti. In definitiva, il mese di novembre serve proprio a questo: trovare grandi offerte. In linea di massima \u00e8 cos\u00ec: la maggior parte delle fotocamere sar\u00e0 disponibile il <a href=\"https:\/\/www.blackfridaydeals.ch\/it\/\">Black Friday<\/a> al miglior prezzo di tutto l&#8217;anno. Si troveranno anche i migliori prezzi di sempre su molti modelli dal loro lancio. Questo \u00e8 possibile grazie ai saldi, dove gli sconti sui singoli modelli possono superare il 50%.<\/span><\/p>\n<h2>Grande selezione di fotocamere presso i rivenditori di elettronica<\/h2>\n<p><span>Se vuoi valutare alcuni modelli di diverse marche, il posto migliore dove rivolgersi \u00e8 uno dei maggiori rivenditori di elettronica. L\u00ec troverai molti modelli nuovi e vecchi di brand noti. Per esempio, tra le fotocamere SLR, la **CANON EOS 2000D+18-55MM\/F3.5-5.6 IS II** con una risoluzione di 24.1 MP \u00e8 attualmente molto richiesta dai clienti. Nel settore delle fotocamere compatte, molti sono attratti dalla **SONY DSC-RX100 VII**, che vanta una risoluzione di 20,1 MP. Queste fotocamere costano rispettivamente circa 400 CHF e 1.000 CHF, quindi puoi risparmiare su entrambe.<\/span><br \/>\n<span>Se Fust.ch e altri negozi del settore decidono di proporre offerte per il Black Friday 2026, probabilmente queste saranno strutturate come saldi, proprio come avviene per i produttori. Infatti, questo \u00e8 di solito il modo pi\u00f9 popolare di fare affari nel settore dell\u2019elettronica. Puoi aspettarti sconti fino all\u201980%. Tuttavia, \u00e8 sempre utile confrontare i prezzi di diversi negozi prima di decidere, dato che il vecchio prezzo non \u00e8 sempre del tutto veritiero.<\/span><\/p>\n<h2>Sconti sugli accessori per fotocamere<\/h2>\n<p><span>Oltre alle fotocamere, i negozi di elettronica e i produttori di fotocamere offrono anche numerosi accessori per aiutarti a scattare foto sempre migliori. Queste spaziano dalle borse ai treppiedi e agli obiettivi. A seconda della macchina fotografica che possiedi, ti servir\u00e0 anche un\u2019attrezzatura per sviluppare le foto. Anche questi vengono spesso scontati durante il Black Friday 2026. Se non vuoi aspettare troppo a lungo, puoi anche cercare offerte durante il <a href=\"https:\/\/www.blackfridaydeals.ch\/it\/singles-day\/\">Singles Day<\/a>. Inoltre, chi si perde il Black Friday ha comunque l\u2019opportunit\u00e0 di risparmiare molti franchi durante il <a href=\"https:\/\/www.blackfridaydeals.ch\/it\/cyber-monday\/\">Cyber Monday<\/a>.<\/span><\/p>\n<p>&nbsp;<\/p>\n<h3>Altri articoli interessanti<\/h3>\n<ul>\n<li><a href=\"https:\/\/www.blackfridaydeals.ch\/it\/black-friday-foto-video\/\">Le migliori occasioni del Black Friday per le foto e i video<\/a><\/li>\n<li><a href=\"https:\/\/www.blackfridaydeals.ch\/it\/articoli-ufficio-black-friday\/\">Le migliori offerte per gli articoli da ufficio del Black Friday<\/a><\/li>\n<li><a href=\"https:\/\/www.blackfridaydeals.ch\/it\/smartwatch-black-friday\/\">Le migliori offerte sugli smartwatch del Black Friday<\/a><\/li>\n<li><a href=\"https:\/\/www.blackfridaydeals.ch\/it\/black-friday-giocattoli\/\">Le migliori offerte del Black Friday sui giocattoli<\/a><\/li>\n<li><a href=\"https:\/\/www.blackfridaydeals.ch\/it\/black-friday-orologi\/\">Le migliori offerte del Black Friday sugli orologi<\/a><\/li>\n<li><a href=\"\/?page_id=49443\">Le migliori offerte nel mondo della bellezza del Black Friday<\/a><\/li>\n<li><a href=\"https:\/\/www.blackfridaydeals.ch\/it\/black-friday-sistemi-audio\/\">Le migliori offerte del Black Friday dei sistemi audio<\/a><\/li>\n<li><a href=\"https:\/\/www.blackfridaydeals.ch\/it\/black-friday-computer-portatili\/\">Le migliori offerte del Black Friday per i computer portatili<\/a><\/li>\n<li><a href=\"https:\/\/www.blackfridaydeals.ch\/it\/cucina-black-friday\/\">Una nuova cucina ad un prezzo vantaggioso per il Black Friday<\/a><\/li>\n<li><a href=\"https:\/\/www.blackfridaydeals.ch\/it\/profumi-black-friday\/\">Come trovare profumi delicati ad un prezzo scontato durante il Black Friday<\/a><\/li>\n<li><a href=\"https:\/\/www.blackfridaydeals.ch\/it\/scarpe-black-friday\/\">Scarpe di alta qualit\u00e0 a prezzi abbordabili \u2013 Black Friday<\/a><\/li>\n<li><a href=\"https:\/\/www.blackfridaydeals.ch\/it\/black-friday-home-cinema\/\">Le migliori offerte del Black Friday sull\u2019home cinema<\/a><\/li>\n<li><a href=\"https:\/\/www.blackfridaydeals.ch\/it\/black-friday-alimentari\/\">Le migliori occasioni del Black Friday per i prodotti alimentari<\/a><\/li>\n<li><a href=\"https:\/\/www.blackfridaydeals.ch\/it\/black-friday-mobili\/\">Le migliori offerte del Black Friday per i mobili<\/a><\/li>\n<li><a href=\"https:\/\/www.blackfridaydeals.ch\/it\/offerte-black-friday-fitness\/\">Le migliori offerte del Black Friday per il fitness<\/a><\/li>\n<li><a href=\"https:\/\/www.blackfridaydeals.ch\/it\/black-friday-trattamenti-viso\/\">Le migliori offerte del Black Friday per i trattamenti viso<\/a><\/li>\n<li><a href=\"https:\/\/www.blackfridaydeals.ch\/it\/casa-black-friday\/\">Tutto ci\u00f2 che ti serve per la casa per il Black Friday<\/a><\/li>\n<li><a href=\"https:\/\/www.blackfridaydeals.ch\/it\/viaggi-voli-hotel-black-friday\/\">Viaggi, voli e hotel del Black Friday<\/a><\/li>\n<\/ul>\n<p>[\/vc_column_text][\/vc_column][\/vc_row]<\/p>\n","protected":false},"excerpt":{"rendered":"<p>[vc_row][vc_column][vc_column_text] Se stai cercando una nuova macchina fotografica, puoi trovare ottime offerte in molti negozi alla fine di novembre. Puoi anche contare su fotocamere di tutti i tipi e per tutte le esigenze che saranno scontate in modo significativo durante il Black Friday . Non importa se si tratta di una simpatica fotocamera istantanea, di [&hellip;]<\/p>\n","protected":false},"author":40,"featured_media":38197,"parent":0,"menu_order":0,"comment_status":"closed","ping_status":"closed","template":"","meta":[],"yoast_head":"<!-- This site is optimized with the Yoast SEO plugin v20.5 - https:\/\/yoast.com\/wordpress\/plugins\/seo\/ -->\n<title>Le occasioni per le fotocamere durante il Black Friday<\/title>\n<meta name=\"description\" content=\"Macchine fotografiche: offerte del Black Friday 2026 Qui troverai tutte le offerte del Black Friday nel mondo delle macchine fotografiche.\" \/>\n<meta name=\"robots\" content=\"index, follow, max-snippet:-1, max-image-preview:large, max-video-preview:-1\" \/>\n<link rel=\"canonical\" href=\"https:\/\/www.blackfridaydeals.ch\/it\/fotocamere-black-friday\/\" \/>\n<meta property=\"og:locale\" content=\"it_IT\" \/>\n<meta property=\"og:type\" content=\"article\" \/>\n<meta property=\"og:title\" content=\"Le occasioni per le fotocamere durante il Black Friday\" \/>\n<meta property=\"og:description\" content=\"Macchine fotografiche: offerte del Black Friday 2026 Qui troverai tutte le offerte del Black Friday nel mondo delle macchine fotografiche.\" \/>\n<meta property=\"og:url\" content=\"https:\/\/www.blackfridaydeals.ch\/it\/fotocamere-black-friday\/\" \/>\n<meta property=\"og:site_name\" content=\"blackfridaydeals.ch\" \/>\n<meta property=\"article:publisher\" content=\"https:\/\/www.facebook.com\/blackfridaydealsch\/\" \/>\n<meta property=\"article:modified_time\" content=\"2025-02-10T13:23:42+00:00\" \/>\n<meta property=\"og:image\" content=\"https:\/\/www.blackfridaydeals.ch\/wp-content\/uploads\/2021\/10\/camera-gfe2e1db27_1920.jpg\" \/>\n\t<meta property=\"og:image:width\" content=\"1920\" \/>\n\t<meta property=\"og:image:height\" content=\"1123\" \/>\n\t<meta property=\"og:image:type\" content=\"image\/jpeg\" \/>\n<meta name=\"twitter:card\" content=\"summary_large_image\" \/>\n<meta name=\"twitter:site\" content=\"@blackfridaych\" \/>\n<meta name=\"twitter:label1\" content=\"Est. reading time\" \/>\n\t<meta name=\"twitter:data1\" content=\"5 minutes\" \/>\n<script type=\"application\/ld+json\" class=\"yoast-schema-graph\">{\"@context\":\"https:\/\/schema.org\",\"@graph\":[{\"@type\":\"WebPage\",\"@id\":\"https:\/\/www.blackfridaydeals.ch\/it\/fotocamere-black-friday\/\",\"url\":\"https:\/\/www.blackfridaydeals.ch\/it\/fotocamere-black-friday\/\",\"name\":\"Le occasioni per le fotocamere durante il Black Friday\",\"isPartOf\":{\"@id\":\"https:\/\/www.blackfridaydeals.ch\/it\/#website\"},\"datePublished\":\"2022-03-16T12:24:27+00:00\",\"dateModified\":\"2025-02-10T13:23:42+00:00\",\"description\":\"Macchine fotografiche: offerte del Black Friday 2026 Qui troverai tutte le offerte del Black Friday nel mondo delle macchine fotografiche.\",\"breadcrumb\":{\"@id\":\"https:\/\/www.blackfridaydeals.ch\/it\/fotocamere-black-friday\/#breadcrumb\"},\"inLanguage\":\"it-CH\",\"potentialAction\":[{\"@type\":\"ReadAction\",\"target\":[\"https:\/\/www.blackfridaydeals.ch\/it\/fotocamere-black-friday\/\"]}]},{\"@type\":\"BreadcrumbList\",\"@id\":\"https:\/\/www.blackfridaydeals.ch\/it\/fotocamere-black-friday\/#breadcrumb\",\"itemListElement\":[{\"@type\":\"ListItem\",\"position\":1,\"name\":\"Startseite\",\"item\":\"https:\/\/www.blackfridaydeals.ch\/it\/\"},{\"@type\":\"ListItem\",\"position\":2,\"name\":\"Le migliori occasioni per le fotocamere durante il Black Friday\"}]},{\"@type\":\"WebSite\",\"@id\":\"https:\/\/www.blackfridaydeals.ch\/it\/#website\",\"url\":\"https:\/\/www.blackfridaydeals.ch\/it\/\",\"name\":\"blackfridaydeals.ch\",\"description\":\"Tutte le offerte del Black Friday 2025 in Svizzera\",\"publisher\":{\"@id\":\"https:\/\/www.blackfridaydeals.ch\/it\/#organization\"},\"alternateName\":\"Black Friday Deals\",\"potentialAction\":[{\"@type\":\"SearchAction\",\"target\":{\"@type\":\"EntryPoint\",\"urlTemplate\":\"https:\/\/www.blackfridaydeals.ch\/it\/?s={search_term_string}\"},\"query-input\":\"required name=search_term_string\"}],\"inLanguage\":\"it-CH\"},{\"@type\":\"Organization\",\"@id\":\"https:\/\/www.blackfridaydeals.ch\/it\/#organization\",\"name\":\"blackfridaydeals.ch\",\"alternateName\":\"Black Friday Deals\",\"url\":\"https:\/\/www.blackfridaydeals.ch\/it\/\",\"logo\":{\"@type\":\"ImageObject\",\"inLanguage\":\"it-CH\",\"@id\":\"https:\/\/www.blackfridaydeals.ch\/it\/#\/schema\/logo\/image\/\",\"url\":\"https:\/\/www.blackfridaydeals.ch\/wp-content\/uploads\/2023\/03\/app-icon-white-bg-jpg.jpg\",\"contentUrl\":\"https:\/\/www.blackfridaydeals.ch\/wp-content\/uploads\/2023\/03\/app-icon-white-bg-jpg.jpg\",\"width\":512,\"height\":512,\"caption\":\"blackfridaydeals.ch\"},\"image\":{\"@id\":\"https:\/\/www.blackfridaydeals.ch\/it\/#\/schema\/logo\/image\/\"},\"sameAs\":[\"https:\/\/www.facebook.com\/blackfridaydealsch\/\",\"https:\/\/twitter.com\/blackfridaych\",\"https:\/\/www.youtube.com\/channel\/UCNKXHacMw8AS34mBgzVx3FQ\",\"https:\/\/www.instagram.com\/blackfridaydeals.ch\/\"]}]}<\/script>\n<!-- \/ Yoast SEO plugin. -->","yoast_head_json":{"title":"Le occasioni per le fotocamere durante il Black Friday","description":"Macchine fotografiche: offerte del Black Friday 2026 Qui troverai tutte le offerte del Black Friday nel mondo delle macchine fotografiche.","robots":{"index":"index","follow":"follow","max-snippet":"max-snippet:-1","max-image-preview":"max-image-preview:large","max-video-preview":"max-video-preview:-1"},"canonical":"https:\/\/www.blackfridaydeals.ch\/it\/fotocamere-black-friday\/","og_locale":"it_IT","og_type":"article","og_title":"Le occasioni per le fotocamere durante il Black Friday","og_description":"Macchine fotografiche: offerte del Black Friday 2026 Qui troverai tutte le offerte del Black Friday nel mondo delle macchine fotografiche.","og_url":"https:\/\/www.blackfridaydeals.ch\/it\/fotocamere-black-friday\/","og_site_name":"blackfridaydeals.ch","article_publisher":"https:\/\/www.facebook.com\/blackfridaydealsch\/","article_modified_time":"2025-02-10T13:23:42+00:00","og_image":[{"width":1920,"height":1123,"url":"https:\/\/www.blackfridaydeals.ch\/wp-content\/uploads\/2021\/10\/camera-gfe2e1db27_1920.jpg","type":"image\/jpeg"}],"twitter_card":"summary_large_image","twitter_site":"@blackfridaych","twitter_misc":{"Est. reading time":"5 minutes"},"schema":{"@context":"https:\/\/schema.org","@graph":[{"@type":"WebPage","@id":"https:\/\/www.blackfridaydeals.ch\/it\/fotocamere-black-friday\/","url":"https:\/\/www.blackfridaydeals.ch\/it\/fotocamere-black-friday\/","name":"Le occasioni per le fotocamere durante il Black Friday","isPartOf":{"@id":"https:\/\/www.blackfridaydeals.ch\/it\/#website"},"datePublished":"2022-03-16T12:24:27+00:00","dateModified":"2025-02-10T13:23:42+00:00","description":"Macchine fotografiche: offerte del Black Friday 2026 Qui troverai tutte le offerte del Black Friday nel mondo delle macchine fotografiche.","breadcrumb":{"@id":"https:\/\/www.blackfridaydeals.ch\/it\/fotocamere-black-friday\/#breadcrumb"},"inLanguage":"it-CH","potentialAction":[{"@type":"ReadAction","target":["https:\/\/www.blackfridaydeals.ch\/it\/fotocamere-black-friday\/"]}]},{"@type":"BreadcrumbList","@id":"https:\/\/www.blackfridaydeals.ch\/it\/fotocamere-black-friday\/#breadcrumb","itemListElement":[{"@type":"ListItem","position":1,"name":"Startseite","item":"https:\/\/www.blackfridaydeals.ch\/it\/"},{"@type":"ListItem","position":2,"name":"Le migliori occasioni per le fotocamere durante il Black Friday"}]},{"@type":"WebSite","@id":"https:\/\/www.blackfridaydeals.ch\/it\/#website","url":"https:\/\/www.blackfridaydeals.ch\/it\/","name":"blackfridaydeals.ch","description":"Tutte le offerte del Black Friday 2025 in Svizzera","publisher":{"@id":"https:\/\/www.blackfridaydeals.ch\/it\/#organization"},"alternateName":"Black Friday Deals","potentialAction":[{"@type":"SearchAction","target":{"@type":"EntryPoint","urlTemplate":"https:\/\/www.blackfridaydeals.ch\/it\/?s={search_term_string}"},"query-input":"required name=search_term_string"}],"inLanguage":"it-CH"},{"@type":"Organization","@id":"https:\/\/www.blackfridaydeals.ch\/it\/#organization","name":"blackfridaydeals.ch","alternateName":"Black Friday Deals","url":"https:\/\/www.blackfridaydeals.ch\/it\/","logo":{"@type":"ImageObject","inLanguage":"it-CH","@id":"https:\/\/www.blackfridaydeals.ch\/it\/#\/schema\/logo\/image\/","url":"https:\/\/www.blackfridaydeals.ch\/wp-content\/uploads\/2023\/03\/app-icon-white-bg-jpg.jpg","contentUrl":"https:\/\/www.blackfridaydeals.ch\/wp-content\/uploads\/2023\/03\/app-icon-white-bg-jpg.jpg","width":512,"height":512,"caption":"blackfridaydeals.ch"},"image":{"@id":"https:\/\/www.blackfridaydeals.ch\/it\/#\/schema\/logo\/image\/"},"sameAs":["https:\/\/www.facebook.com\/blackfridaydealsch\/","https:\/\/twitter.com\/blackfridaych","https:\/\/www.youtube.com\/channel\/UCNKXHacMw8AS34mBgzVx3FQ","https:\/\/www.instagram.com\/blackfridaydeals.ch\/"]}]}},"_links":{"self":[{"href":"https:\/\/www.blackfridaydeals.ch\/it\/wp-json\/wp\/v2\/pages\/49456"}],"collection":[{"href":"https:\/\/www.blackfridaydeals.ch\/it\/wp-json\/wp\/v2\/pages"}],"about":[{"href":"https:\/\/www.blackfridaydeals.ch\/it\/wp-json\/wp\/v2\/types\/page"}],"author":[{"embeddable":true,"href":"https:\/\/www.blackfridaydeals.ch\/it\/wp-json\/wp\/v2\/users\/40"}],"replies":[{"embeddable":true,"href":"https:\/\/www.blackfridaydeals.ch\/it\/wp-json\/wp\/v2\/comments?post=49456"}],"version-history":[{"count":8,"href":"https:\/\/www.blackfridaydeals.ch\/it\/wp-json\/wp\/v2\/pages\/49456\/revisions"}],"predecessor-version":[{"id":98878,"href":"https:\/\/www.blackfridaydeals.ch\/it\/wp-json\/wp\/v2\/pages\/49456\/revisions\/98878"}],"wp:featuredmedia":[{"embeddable":true,"href":"https:\/\/www.blackfridaydeals.ch\/it\/wp-json\/wp\/v2\/media\/38197"}],"wp:attachment":[{"href":"https:\/\/www.blackfridaydeals.ch\/it\/wp-json\/wp\/v2\/media?parent=49456"}],"curies":[{"name":"wp","href":"https:\/\/api.w.org\/{rel}","templated":true}]}}