{"id":49454,"date":"2022-03-16T13:21:35","date_gmt":"2022-03-16T12:21:35","guid":{"rendered":"https:\/\/www.blackfridaydeals.ch\/?page_id=49454"},"modified":"2025-02-10T14:35:51","modified_gmt":"2025-02-10T13:35:51","slug":"articoli-ufficio-black-friday","status":"publish","type":"page","link":"https:\/\/www.blackfridaydeals.ch\/it\/articoli-ufficio-black-friday\/","title":{"rendered":"Le migliori offerte per gli articoli da ufficio del Black Friday"},"content":{"rendered":"<p>[vc_row][vc_column]\n[vc_column_text]<span><img decoding=\"async\" class=\"alignright size-medium wp-image-37340\" src=\"https:\/\/www.blackfridaydeals.ch\/wp-content\/uploads\/2021\/10\/workplace-g6415412f0_1920-300x200.jpg\" alt=\"\" width=\"300\" height=\"200\" srcset=\"https:\/\/www.blackfridaydeals.ch\/wp-content\/uploads\/2021\/10\/workplace-g6415412f0_1920-300x200.jpg 300w, https:\/\/www.blackfridaydeals.ch\/wp-content\/uploads\/2021\/10\/workplace-g6415412f0_1920-1024x683.jpg 1024w, https:\/\/www.blackfridaydeals.ch\/wp-content\/uploads\/2021\/10\/workplace-g6415412f0_1920-768x512.jpg 768w, https:\/\/www.blackfridaydeals.ch\/wp-content\/uploads\/2021\/10\/workplace-g6415412f0_1920-1536x1024.jpg 1536w, https:\/\/www.blackfridaydeals.ch\/wp-content\/uploads\/2021\/10\/workplace-g6415412f0_1920-2048x1365.jpg 2048w, https:\/\/www.blackfridaydeals.ch\/wp-content\/uploads\/2021\/10\/workplace-g6415412f0_1920-788x525.jpg 788w, https:\/\/www.blackfridaydeals.ch\/wp-content\/uploads\/2021\/10\/workplace-g6415412f0_1920-150x100.jpg 150w, https:\/\/www.blackfridaydeals.ch\/wp-content\/uploads\/2021\/10\/workplace-g6415412f0_1920.jpg 1920w\" sizes=\"(max-width: 300px) 100vw, 300px\" \/><\/span><\/p>\n<p style=\"text-align: center;\"><a href=\"https:\/\/www.blackfridaydeals.ch\/it\/home-living\/\" target=\"_blank\" style=\"border-radius:5px\" class=\"wpsm-button btncolor medium rehub_btn_color\"><i class=\"rhicon rhi-none\"><\/i>Vedi le migliori offerte di forniture per ufficio<\/a><\/p>\n<p><span>Tutti prima o poi dobbiamo ammobiliare un nuovo ufficio, o fare dei cambiamenti ad uno esistente, o semplicemente fare scorta di materiali. \u00c8 naturale rivolgersi a un negozio specializzato in articoli per ufficio, dove puoi trovare tutto ci\u00f2 di cui hai bisogno nella loro offerta, dalle scrivanie ai contenitori. Ma puoi anche trovare molte forniture per ufficio presso i negozi di mobili, i negozi di computer, i grandi magazzini o le librerie. Tutti questi negozi potranno partecipare al <a href=\"https:\/\/www.blackfridaydeals.ch\/it\/\">Black Friday<\/a>, quindi potrai aspettarti una vera e propria festa de<\/span>lle occasion<span>i.<\/span><\/p>\n<h2>Fare le scelte giuste<\/h2>\n<p><span>Se fai acquisti in un negozio come Office World, potrai sicuramente trovare tutto ci\u00f2 che serve per l&#8217;ufficio. Siano essi mobili, tecnologia, software di contabilit\u00e0 o altri accessori, qui non mancher\u00e0 nulla.<\/span><\/p>\n<p><span>Nessuna di queste categorie \u00e8 obbligatoriamente pi\u00f9 richiesta di qualsiasi altra al <a href=\"https:\/\/www.blackfridaydeals.ch\/it\/black-friday-2026\/\">Black Friday 2026<\/a>. Tuttavia, per attirare e interessare i loro clienti, molti negozi di articoli per ufficio scelgono di offrire uno sconto forfettario su tutto. Il livello di sconto probabilmente non sar\u00e0 elevatissimo, circa il 20%. Tuttavia, questo risparmio potrebbe alleggerire la tua spesa. Cosa pi\u00f9 importante, tutti sono interessati perch\u00e9 tutti possono approfittare degli sconti, indipendentemente dalla <\/span>propria<span> lista dei desideri.<\/span><\/p>\n<h2>Black Friday 2026 nell&#8217;industria dell&#8217;arredamento: ecco le offerte che puoi aspettarti di trovare<\/h2>\n<p><span>Molti rivenditori di mobili, come <a href=\"https:\/\/www.blackfridaydeals.ch\/it\/shops\/conforama-it\/\">Conforama<\/a>, hanno scoperto il Black Friday da qualche anno. Sono gi\u00e0 abituati agli sconti e molti clienti adesso aspettano fino a novembre per acquistare mobili. Puoi anche trovare ottime offerte sui mobili durante il <a href=\"https:\/\/www.blackfridaydeals.ch\/it\/singles-day\/\">Singles Day<\/a> e il <a href=\"https:\/\/www.blackfridaydeals.ch\/it\/cyber-monday\/\">Cyber Monday<\/a>. Attendere fino alla fine di novembre \u00e8 il modo pi\u00f9 saggio per trovare delle occasioni.<\/span><\/p>\n<p><span>Molti rivenditori di mobili celebrano il Black Friday 2026 proponendo uno sconto del 20% o 30% su tutto. Ad ogni modo, anche uno sconto per categoria \u00e8 quasi altrettanto popolare. Questo ti consentir\u00e0 di risparmiare di pi\u00f9, ma solo una parte della linea viene scontata. Per esempio, puoi approfittare di un buon prezzo per i mobili da ufficio. Possiamo immaginare sconti fino al 40% in questo caso. Quindi, se trovi questa offerta e sei alla ricerca di mobili per ufficio, puoi aspettarti di fare un ottimo affare.<\/span><\/p>\n<h2>Rivenditori di articoli elettronici: per la digitalizzazione dell&#8217;ufficio<\/h2>\n<p><span>Chi cerca della nuova tecnologia per il proprio ufficio pu\u00f2 rivolgersi ad un rivenditore di prodotti elettronici durante il Black Friday 2026. Molti di essi pubblicano offerte similari, quindi si \u00e8 creata una tendenza da <a href=\"https:\/\/www.blackfridaydeals.ch\/it\/shops\/brack-it\/\">BRACK.ch<\/a> ad Alternate.<\/span><\/p>\n<p><span>La maggior parte dei rivenditori di prodotti elettronici offrono delle svendite, quindi molti articoli saranno disponibili al prezzo pi\u00f9 basso di sempre. Puoi trovare sconti fino all&#8217;80% sugli articoli elettronici in primo piano. Questi appartengono di solito a tutte le categorie della gamma, ma non tutti i modelli sono scontati.<\/span><\/p>\n<p><span>La maggior parte dei negozi seleziona i migliori sconti e gli articoli che dovrebbero godere di una promozione speciale. Se vuoi delle cuffie con cancellazione del rumore e un buon microfono, se stai cercando un nuovo computer portatile o desktop, se vuoi una lampada o semplicemente hai bisogno di una nuova stampante, puoi trovare tutta la tecnologia per l&#8217;ufficio al Black Friday 2026. Se non hai ancora scelto un modello, o se sarai fortunato, potrai approfittare di un ottimo affare <\/span>acquistando<span> un dispositivo di alta qualit\u00e0.<\/span><\/p>\n<p>&nbsp;<\/p>\n<h3>Altri articoli interessanti<\/h3>\n<ul>\n<li><a href=\"https:\/\/www.blackfridaydeals.ch\/it\/black-friday-foto-video\/\">Le migliori occasioni del Black Friday per le foto e i video<\/a><\/li>\n<li><a href=\"https:\/\/www.blackfridaydeals.ch\/it\/fotocamere-black-friday\/\">Le migliori occasioni per le fotocamere durante il Black Friday<\/a><\/li>\n<li><a href=\"https:\/\/www.blackfridaydeals.ch\/it\/smartwatch-black-friday\/\">Le migliori offerte sugli smartwatch del Black Friday<\/a><\/li>\n<li><a href=\"https:\/\/www.blackfridaydeals.ch\/it\/black-friday-giocattoli\/\">Le migliori offerte del Black Friday sui giocattoli<\/a><\/li>\n<li><a href=\"https:\/\/www.blackfridaydeals.ch\/it\/black-friday-orologi\/\">Le migliori offerte del Black Friday sugli orologi<\/a><\/li>\n<li><a href=\"\/?page_id=49443\">Le migliori offerte nel mondo della bellezza del Black Friday<\/a><\/li>\n<li><a href=\"https:\/\/www.blackfridaydeals.ch\/it\/black-friday-sistemi-audio\/\">Le migliori offerte del Black Friday dei sistemi audio<\/a><\/li>\n<li><a href=\"https:\/\/www.blackfridaydeals.ch\/it\/black-friday-computer-portatili\/\">Le migliori offerte del Black Friday per i computer portatili<\/a><\/li>\n<li><a href=\"https:\/\/www.blackfridaydeals.ch\/it\/cucina-black-friday\/\">Una nuova cucina ad un prezzo vantaggioso per il Black Friday<\/a><\/li>\n<li><a href=\"https:\/\/www.blackfridaydeals.ch\/it\/profumi-black-friday\/\">Come trovare profumi delicati ad un prezzo scontato durante il Black Friday<\/a><\/li>\n<li><a href=\"https:\/\/www.blackfridaydeals.ch\/it\/scarpe-black-friday\/\">Scarpe di alta qualit\u00e0 a prezzi abbordabili \u2013 Black Friday<\/a><\/li>\n<li><a href=\"https:\/\/www.blackfridaydeals.ch\/it\/black-friday-home-cinema\/\">Le migliori offerte del Black Friday sull\u2019home cinema<\/a><\/li>\n<li><a href=\"https:\/\/www.blackfridaydeals.ch\/it\/black-friday-alimentari\/\">Le migliori occasioni del Black Friday per i prodotti alimentari<\/a><\/li>\n<li><a href=\"https:\/\/www.blackfridaydeals.ch\/it\/black-friday-mobili\/\">Le migliori offerte del Black Friday per i mobili<\/a><\/li>\n<li><a href=\"https:\/\/www.blackfridaydeals.ch\/it\/offerte-black-friday-fitness\/\">Le migliori offerte del Black Friday per il fitness<\/a><\/li>\n<li><a href=\"https:\/\/www.blackfridaydeals.ch\/it\/black-friday-trattamenti-viso\/\">Le migliori offerte del Black Friday per i trattamenti viso<\/a><\/li>\n<li><a href=\"https:\/\/www.blackfridaydeals.ch\/it\/casa-black-friday\/\">Tutto ci\u00f2 che ti serve per la casa per il Black Friday<\/a><\/li>\n<li><a href=\"https:\/\/www.blackfridaydeals.ch\/it\/viaggi-voli-hotel-black-friday\/\">Viaggi, voli e hotel del Black Friday<\/a><\/li>\n<\/ul>\n<p>[\/vc_column_text][\/vc_column][\/vc_row]<\/p>\n","protected":false},"excerpt":{"rendered":"<p>[vc_row][vc_column][vc_column_text] Tutti prima o poi dobbiamo ammobiliare un nuovo ufficio, o fare dei cambiamenti ad uno esistente, o semplicemente fare scorta di materiali. \u00c8 naturale rivolgersi a un negozio specializzato in articoli per ufficio, dove puoi trovare tutto ci\u00f2 di cui hai bisogno nella loro offerta, dalle scrivanie ai contenitori. Ma puoi anche trovare molte [&hellip;]<\/p>\n","protected":false},"author":40,"featured_media":37340,"parent":0,"menu_order":0,"comment_status":"closed","ping_status":"closed","template":"","meta":[],"yoast_head":"<!-- This site is optimized with the Yoast SEO plugin v20.5 - https:\/\/yoast.com\/wordpress\/plugins\/seo\/ -->\n<title>Le migliori offerte per gli articoli da ufficio del Black Friday 2026<\/title>\n<meta name=\"description\" content=\"Forniture per ufficio: offerte del Black Friday 2026 Ecco tutte le offerte del Black Friday nel mondo delle forniture per ufficio.\" \/>\n<meta name=\"robots\" content=\"index, follow, max-snippet:-1, max-image-preview:large, max-video-preview:-1\" \/>\n<link rel=\"canonical\" href=\"https:\/\/www.blackfridaydeals.ch\/it\/articoli-ufficio-black-friday\/\" \/>\n<meta property=\"og:locale\" content=\"it_IT\" \/>\n<meta property=\"og:type\" content=\"article\" \/>\n<meta property=\"og:title\" content=\"Le migliori offerte per gli articoli da ufficio del Black Friday 2026\" \/>\n<meta property=\"og:description\" content=\"Forniture per ufficio: offerte del Black Friday 2026 Ecco tutte le offerte del Black Friday nel mondo delle forniture per ufficio.\" \/>\n<meta property=\"og:url\" content=\"https:\/\/www.blackfridaydeals.ch\/it\/articoli-ufficio-black-friday\/\" \/>\n<meta property=\"og:site_name\" content=\"blackfridaydeals.ch\" \/>\n<meta property=\"article:publisher\" content=\"https:\/\/www.facebook.com\/blackfridaydealsch\/\" \/>\n<meta property=\"article:modified_time\" content=\"2025-02-10T13:35:51+00:00\" \/>\n<meta property=\"og:image\" content=\"https:\/\/www.blackfridaydeals.ch\/wp-content\/uploads\/2021\/10\/workplace-g6415412f0_1920.jpg\" \/>\n\t<meta property=\"og:image:width\" content=\"1920\" \/>\n\t<meta property=\"og:image:height\" content=\"1280\" \/>\n\t<meta property=\"og:image:type\" content=\"image\/jpeg\" \/>\n<meta name=\"twitter:card\" content=\"summary_large_image\" \/>\n<meta name=\"twitter:site\" content=\"@blackfridaych\" \/>\n<meta name=\"twitter:label1\" content=\"Est. reading time\" \/>\n\t<meta name=\"twitter:data1\" content=\"5 minutes\" \/>\n<script type=\"application\/ld+json\" class=\"yoast-schema-graph\">{\"@context\":\"https:\/\/schema.org\",\"@graph\":[{\"@type\":\"WebPage\",\"@id\":\"https:\/\/www.blackfridaydeals.ch\/it\/articoli-ufficio-black-friday\/\",\"url\":\"https:\/\/www.blackfridaydeals.ch\/it\/articoli-ufficio-black-friday\/\",\"name\":\"Le migliori offerte per gli articoli da ufficio del Black Friday 2026\",\"isPartOf\":{\"@id\":\"https:\/\/www.blackfridaydeals.ch\/it\/#website\"},\"datePublished\":\"2022-03-16T12:21:35+00:00\",\"dateModified\":\"2025-02-10T13:35:51+00:00\",\"description\":\"Forniture per ufficio: offerte del Black Friday 2026 Ecco tutte le offerte del Black Friday nel mondo delle forniture per ufficio.\",\"breadcrumb\":{\"@id\":\"https:\/\/www.blackfridaydeals.ch\/it\/articoli-ufficio-black-friday\/#breadcrumb\"},\"inLanguage\":\"it-CH\",\"potentialAction\":[{\"@type\":\"ReadAction\",\"target\":[\"https:\/\/www.blackfridaydeals.ch\/it\/articoli-ufficio-black-friday\/\"]}]},{\"@type\":\"BreadcrumbList\",\"@id\":\"https:\/\/www.blackfridaydeals.ch\/it\/articoli-ufficio-black-friday\/#breadcrumb\",\"itemListElement\":[{\"@type\":\"ListItem\",\"position\":1,\"name\":\"Startseite\",\"item\":\"https:\/\/www.blackfridaydeals.ch\/it\/\"},{\"@type\":\"ListItem\",\"position\":2,\"name\":\"Le migliori offerte per gli articoli da ufficio del Black Friday\"}]},{\"@type\":\"WebSite\",\"@id\":\"https:\/\/www.blackfridaydeals.ch\/it\/#website\",\"url\":\"https:\/\/www.blackfridaydeals.ch\/it\/\",\"name\":\"blackfridaydeals.ch\",\"description\":\"Tutte le offerte del Black Friday 2025 in Svizzera\",\"publisher\":{\"@id\":\"https:\/\/www.blackfridaydeals.ch\/it\/#organization\"},\"alternateName\":\"Black Friday Deals\",\"potentialAction\":[{\"@type\":\"SearchAction\",\"target\":{\"@type\":\"EntryPoint\",\"urlTemplate\":\"https:\/\/www.blackfridaydeals.ch\/it\/?s={search_term_string}\"},\"query-input\":\"required name=search_term_string\"}],\"inLanguage\":\"it-CH\"},{\"@type\":\"Organization\",\"@id\":\"https:\/\/www.blackfridaydeals.ch\/it\/#organization\",\"name\":\"blackfridaydeals.ch\",\"alternateName\":\"Black Friday Deals\",\"url\":\"https:\/\/www.blackfridaydeals.ch\/it\/\",\"logo\":{\"@type\":\"ImageObject\",\"inLanguage\":\"it-CH\",\"@id\":\"https:\/\/www.blackfridaydeals.ch\/it\/#\/schema\/logo\/image\/\",\"url\":\"https:\/\/www.blackfridaydeals.ch\/wp-content\/uploads\/2023\/03\/app-icon-white-bg-jpg.jpg\",\"contentUrl\":\"https:\/\/www.blackfridaydeals.ch\/wp-content\/uploads\/2023\/03\/app-icon-white-bg-jpg.jpg\",\"width\":512,\"height\":512,\"caption\":\"blackfridaydeals.ch\"},\"image\":{\"@id\":\"https:\/\/www.blackfridaydeals.ch\/it\/#\/schema\/logo\/image\/\"},\"sameAs\":[\"https:\/\/www.facebook.com\/blackfridaydealsch\/\",\"https:\/\/twitter.com\/blackfridaych\",\"https:\/\/www.youtube.com\/channel\/UCNKXHacMw8AS34mBgzVx3FQ\",\"https:\/\/www.instagram.com\/blackfridaydeals.ch\/\"]}]}<\/script>\n<!-- \/ Yoast SEO plugin. -->","yoast_head_json":{"title":"Le migliori offerte per gli articoli da ufficio del Black Friday 2026","description":"Forniture per ufficio: offerte del Black Friday 2026 Ecco tutte le offerte del Black Friday nel mondo delle forniture per ufficio.","robots":{"index":"index","follow":"follow","max-snippet":"max-snippet:-1","max-image-preview":"max-image-preview:large","max-video-preview":"max-video-preview:-1"},"canonical":"https:\/\/www.blackfridaydeals.ch\/it\/articoli-ufficio-black-friday\/","og_locale":"it_IT","og_type":"article","og_title":"Le migliori offerte per gli articoli da ufficio del Black Friday 2026","og_description":"Forniture per ufficio: offerte del Black Friday 2026 Ecco tutte le offerte del Black Friday nel mondo delle forniture per ufficio.","og_url":"https:\/\/www.blackfridaydeals.ch\/it\/articoli-ufficio-black-friday\/","og_site_name":"blackfridaydeals.ch","article_publisher":"https:\/\/www.facebook.com\/blackfridaydealsch\/","article_modified_time":"2025-02-10T13:35:51+00:00","og_image":[{"width":1920,"height":1280,"url":"https:\/\/www.blackfridaydeals.ch\/wp-content\/uploads\/2021\/10\/workplace-g6415412f0_1920.jpg","type":"image\/jpeg"}],"twitter_card":"summary_large_image","twitter_site":"@blackfridaych","twitter_misc":{"Est. reading time":"5 minutes"},"schema":{"@context":"https:\/\/schema.org","@graph":[{"@type":"WebPage","@id":"https:\/\/www.blackfridaydeals.ch\/it\/articoli-ufficio-black-friday\/","url":"https:\/\/www.blackfridaydeals.ch\/it\/articoli-ufficio-black-friday\/","name":"Le migliori offerte per gli articoli da ufficio del Black Friday 2026","isPartOf":{"@id":"https:\/\/www.blackfridaydeals.ch\/it\/#website"},"datePublished":"2022-03-16T12:21:35+00:00","dateModified":"2025-02-10T13:35:51+00:00","description":"Forniture per ufficio: offerte del Black Friday 2026 Ecco tutte le offerte del Black Friday nel mondo delle forniture per ufficio.","breadcrumb":{"@id":"https:\/\/www.blackfridaydeals.ch\/it\/articoli-ufficio-black-friday\/#breadcrumb"},"inLanguage":"it-CH","potentialAction":[{"@type":"ReadAction","target":["https:\/\/www.blackfridaydeals.ch\/it\/articoli-ufficio-black-friday\/"]}]},{"@type":"BreadcrumbList","@id":"https:\/\/www.blackfridaydeals.ch\/it\/articoli-ufficio-black-friday\/#breadcrumb","itemListElement":[{"@type":"ListItem","position":1,"name":"Startseite","item":"https:\/\/www.blackfridaydeals.ch\/it\/"},{"@type":"ListItem","position":2,"name":"Le migliori offerte per gli articoli da ufficio del Black Friday"}]},{"@type":"WebSite","@id":"https:\/\/www.blackfridaydeals.ch\/it\/#website","url":"https:\/\/www.blackfridaydeals.ch\/it\/","name":"blackfridaydeals.ch","description":"Tutte le offerte del Black Friday 2025 in Svizzera","publisher":{"@id":"https:\/\/www.blackfridaydeals.ch\/it\/#organization"},"alternateName":"Black Friday Deals","potentialAction":[{"@type":"SearchAction","target":{"@type":"EntryPoint","urlTemplate":"https:\/\/www.blackfridaydeals.ch\/it\/?s={search_term_string}"},"query-input":"required name=search_term_string"}],"inLanguage":"it-CH"},{"@type":"Organization","@id":"https:\/\/www.blackfridaydeals.ch\/it\/#organization","name":"blackfridaydeals.ch","alternateName":"Black Friday Deals","url":"https:\/\/www.blackfridaydeals.ch\/it\/","logo":{"@type":"ImageObject","inLanguage":"it-CH","@id":"https:\/\/www.blackfridaydeals.ch\/it\/#\/schema\/logo\/image\/","url":"https:\/\/www.blackfridaydeals.ch\/wp-content\/uploads\/2023\/03\/app-icon-white-bg-jpg.jpg","contentUrl":"https:\/\/www.blackfridaydeals.ch\/wp-content\/uploads\/2023\/03\/app-icon-white-bg-jpg.jpg","width":512,"height":512,"caption":"blackfridaydeals.ch"},"image":{"@id":"https:\/\/www.blackfridaydeals.ch\/it\/#\/schema\/logo\/image\/"},"sameAs":["https:\/\/www.facebook.com\/blackfridaydealsch\/","https:\/\/twitter.com\/blackfridaych","https:\/\/www.youtube.com\/channel\/UCNKXHacMw8AS34mBgzVx3FQ","https:\/\/www.instagram.com\/blackfridaydeals.ch\/"]}]}},"_links":{"self":[{"href":"https:\/\/www.blackfridaydeals.ch\/it\/wp-json\/wp\/v2\/pages\/49454"}],"collection":[{"href":"https:\/\/www.blackfridaydeals.ch\/it\/wp-json\/wp\/v2\/pages"}],"about":[{"href":"https:\/\/www.blackfridaydeals.ch\/it\/wp-json\/wp\/v2\/types\/page"}],"author":[{"embeddable":true,"href":"https:\/\/www.blackfridaydeals.ch\/it\/wp-json\/wp\/v2\/users\/40"}],"replies":[{"embeddable":true,"href":"https:\/\/www.blackfridaydeals.ch\/it\/wp-json\/wp\/v2\/comments?post=49454"}],"version-history":[{"count":7,"href":"https:\/\/www.blackfridaydeals.ch\/it\/wp-json\/wp\/v2\/pages\/49454\/revisions"}],"predecessor-version":[{"id":98883,"href":"https:\/\/www.blackfridaydeals.ch\/it\/wp-json\/wp\/v2\/pages\/49454\/revisions\/98883"}],"wp:featuredmedia":[{"embeddable":true,"href":"https:\/\/www.blackfridaydeals.ch\/it\/wp-json\/wp\/v2\/media\/37340"}],"wp:attachment":[{"href":"https:\/\/www.blackfridaydeals.ch\/it\/wp-json\/wp\/v2\/media?parent=49454"}],"curies":[{"name":"wp","href":"https:\/\/api.w.org\/{rel}","templated":true}]}}