{"id":49452,"date":"2022-03-16T13:18:17","date_gmt":"2022-03-16T12:18:17","guid":{"rendered":"https:\/\/www.blackfridaydeals.ch\/?page_id=49452"},"modified":"2026-02-17T08:58:55","modified_gmt":"2026-02-17T07:58:55","slug":"smartwatch-black-friday","status":"publish","type":"page","link":"https:\/\/www.blackfridaydeals.ch\/it\/smartwatch-black-friday\/","title":{"rendered":"Le migliori offerte sugli smartwatch del Black Friday"},"content":{"rendered":"<p>[vc_row][vc_column]\n[vc_column_text]<span><img decoding=\"async\" class=\"alignright size-medium wp-image-37320\" src=\"https:\/\/www.blackfridaydeals.ch\/wp-content\/uploads\/2021\/10\/smartwatch-g8466638b4_1920-300x168.jpg\" alt=\"\" width=\"300\" height=\"168\" srcset=\"https:\/\/www.blackfridaydeals.ch\/wp-content\/uploads\/2021\/10\/smartwatch-g8466638b4_1920-300x168.jpg 300w, https:\/\/www.blackfridaydeals.ch\/wp-content\/uploads\/2021\/10\/smartwatch-g8466638b4_1920-1024x575.jpg 1024w, https:\/\/www.blackfridaydeals.ch\/wp-content\/uploads\/2021\/10\/smartwatch-g8466638b4_1920-768x431.jpg 768w, https:\/\/www.blackfridaydeals.ch\/wp-content\/uploads\/2021\/10\/smartwatch-g8466638b4_1920-1536x862.jpg 1536w, https:\/\/www.blackfridaydeals.ch\/wp-content\/uploads\/2021\/10\/smartwatch-g8466638b4_1920-2048x1150.jpg 2048w, https:\/\/www.blackfridaydeals.ch\/wp-content\/uploads\/2021\/10\/smartwatch-g8466638b4_1920-788x442.jpg 788w, https:\/\/www.blackfridaydeals.ch\/wp-content\/uploads\/2021\/10\/smartwatch-g8466638b4_1920-150x84.jpg 150w, https:\/\/www.blackfridaydeals.ch\/wp-content\/uploads\/2021\/10\/smartwatch-g8466638b4_1920.jpg 1920w\" sizes=\"(max-width: 300px) 100vw, 300px\" \/><\/span><\/p>\n<p style=\"text-align: center;\"><a href=\"https:\/\/www.blackfridaydeals.ch\/it\/elettronica-intrattenimento\/\" target=\"_blank\" style=\"border-radius:5px\" class=\"wpsm-button btncolor medium rehub_btn_color\"><i class=\"rhicon rhi-none\"><\/i>Le migliori offerte di smartwatch<\/a><\/p>\n<p><span>Negli ultimi anni, gli smartwatch si sono affermati nel settore dell&#8217;elettronica, quindi non c&#8217;\u00e8 da stupirsi che sempre pi\u00f9 svizzeri scelgano uno smartwatch quando devono comprare un nuovo orologio. Ma la verit\u00e0 \u00e8 che per la persona media questi non sono sempre accessibili, anzi, a seconda del modello, possono essere molto costosi. Questo \u00e8 il motivo per cui molte persone interessate aspettano di comprarlo fino a quando l&#8217;orologio desiderato \u00e8 disponibile ad un prezzo scontato. Di fatto, diversi modelli saranno soggetti a sconti significativi al <a href=\"\/it\/black-friday-2026\/\">Black Friday 2026<\/a>. Abbiamo studiato gli sconti:<\/span><\/p>\n<h2>Apple Watch: per chi cerca la semplicit\u00e0 e l\u2019efficienza<\/h2>\n<p><span>Con il suo Apple Watch, Apple ha creato un orologio che si integra alla perfezione con il resto dei prodotti del marchio. Tramite l&#8217;Apple Watch, puoi connetterti facilmente agli altri dispositivi Apple che possiedi. Dagli iPad agli iPhone ai MacBook, puoi sempre portare con te le tue chat, i file e i contatti con l&#8217;Apple Watch. Inoltre, l&#8217;Apple Watch \u00e8 compatibile con lo stesso sistema operativo, il che lo rende facile da usare e intuitivo, soprattutto per i fan di <a href=\"https:\/\/www.blackfridaydeals.ch\/it\/shops\/apple-it\/\">Apple<\/a>.<\/span><br \/>\n<span>Il problema \u00e8 che l&#8217;Apple Watch costa molto pi\u00f9 di 100 CHF. A seconda del modello, potresti pagare fino a 600 CHF per acquistare un nuovo Apple Watch. Tuttavia, ci sono anche modelli di fascia ancora pi\u00f9 alta come l\u2019Apple Watch Ultra o l\u2019Apple Watch Series 9, il cui prezzo di listino parte da cifre piuttosto elevate. Ma il Black Friday 2026 potrebbe essere il giorno della provvidenza che porta con s\u00e9 grandi sconti. Quindi possiamo immaginare che molti negozi scontino alcuni modelli fino all&#8217;80%. Ci\u00f2 \u00e8 possibile come parte di un&#8217;operazione di svendita, una promozione molto diffusa nel settore della tecnologia. Grazie a queste svendite, alla fine di novembre puoi acquistare molti articoli al miglior prezzo di tutto l&#8217;anno. Se confronti i prezzi tra diversi negozi, puoi risparmiare molti franchi. Per l&#8217;Apple Watch 6 o l\u2019Apple Watch SE, per esempio, pensiamo che tu possa avere un prezzo molto inferiore a CHF 300. Se sei fortunato, potresti anche spendere solo 200 CHF.<\/span><\/p>\n<h2>Samsung, FITBIT e altre marche<\/h2>\n<p><span>Ad ogni modo, esistono altri modelli che sono popolari quasi quanto l&#8217;Apple Watch. Qui puoi risparmiare molti franchi, a seconda della marca e del modello scelto. Per esempio, Samsung e FITBIT offrono smartwatch che stanno entusiasmando molti svizzeri negli ultimi mesi. Da FITBIT, per esempio, c&#8217;\u00e8 il FITBIT Versa 3 o il **Fitbit Sense 2**, che hanno raccolto molti consensi tra gli appassionati di sport e salute. Per poco meno di CHF 200 puoi acquistare uno smartwatch di alta qualit\u00e0. Il **Samsung Galaxy Watch 5** rimane un orologio molto diffuso, mentre il pi\u00f9 recente **Galaxy Watch 6** sta conquistando rapidamente il mercato svizzero: la versione 40 mm LTE costa poco meno di CHF 300.<\/span><br \/>\n<span>Durante i saldi, i negozi di elettronica offrono una vasta scelta di smartwatch. Di regola, puoi trovare diversi modelli scontati, spesso anche diversi esemplari della stessa marca. Puoi quindi attenderti sconti fino all&#8217;80% sugli smartwatch di FITBIT, Samsung e altre marche. Se hai messo gli occhi su un modello in particolare, hai buone possibilit\u00e0 di trovarlo ad un prezzo molto ridotto in almeno un rivenditore di elettronica.<\/span><\/p>\n<h2>Molti negozi e opportunit\u00e0 per risparmiare<\/h2>\n<p><span>Molti rivenditori di prodotti high-tech non celebrano solo il <a href=\"https:\/\/www.blackfridaydeals.ch\/it\/\">Black Friday<\/a>, ma anche il <a href=\"https:\/\/www.blackfridaydeals.ch\/it\/cyber-monday\/\">Cyber Monday<\/a> e il <a href=\"https:\/\/www.blackfridaydeals.ch\/it\/singles-day\/\">Singles Day<\/a>. Per esempio, presso rivenditori come <a href=\"https:\/\/www.blackfridaydeals.ch\/it\/shops\/digitec-it\/\">Digitec<\/a>, puoi trovare un sacco di promozioni in queste occasioni. Puoi anche acquistare direttamente dai produttori e approfittare delle offerte nei negozi di Apple, <a href=\"https:\/\/www.blackfridaydeals.ch\/it\/shops\/samsung-it\/\">Samsung<\/a> e altri. In ogni caso, molto probabilmente ci saranno dei saldi durante le festivit\u00e0 dello shopping a novembre. Questo fa s\u00ec che si possa risparmiare in modo significativo, che in molti casi diventa il modo pi\u00f9 conveniente per acquistare Smartwatch dal loro lancio sul mercato.<\/span><\/p>\n<p>&nbsp;<\/p>\n<h3>Altri articoli interessanti<\/h3>\n<ul>\n<li><a href=\"https:\/\/www.blackfridaydeals.ch\/it\/black-friday-foto-video\/\">Le migliori occasioni del Black Friday per le foto e i video<\/a><\/li>\n<li><a href=\"https:\/\/www.blackfridaydeals.ch\/it\/fotocamere-black-friday\/\">Le migliori occasioni per le fotocamere durante il Black Friday<\/a><\/li>\n<li><a href=\"https:\/\/www.blackfridaydeals.ch\/it\/articoli-ufficio-black-friday\/\">Le migliori offerte per gli articoli da ufficio del Black Friday<\/a><\/li>\n<li><a href=\"https:\/\/www.blackfridaydeals.ch\/it\/black-friday-giocattoli\/\">Le migliori offerte del Black Friday sui giocattoli<\/a><\/li>\n<li><a href=\"https:\/\/www.blackfridaydeals.ch\/it\/black-friday-orologi\/\">Le migliori offerte del Black Friday sugli orologi<\/a><\/li>\n<li><a href=\"\/?page_id=49443\">Le migliori offerte nel mondo della bellezza del Black Friday<\/a><\/li>\n<li><a href=\"https:\/\/www.blackfridaydeals.ch\/it\/black-friday-sistemi-audio\/\">Le migliori offerte del Black Friday dei sistemi audio<\/a><\/li>\n<li><a href=\"https:\/\/www.blackfridaydeals.ch\/it\/black-friday-computer-portatili\/\">Le migliori offerte del Black Friday per i computer portatili<\/a><\/li>\n<li><a href=\"https:\/\/www.blackfridaydeals.ch\/it\/cucina-black-friday\/\">Una nuova cucina ad un prezzo vantaggioso per il Black Friday<\/a><\/li>\n<li><a href=\"https:\/\/www.blackfridaydeals.ch\/it\/profumi-black-friday\/\">Come trovare profumi delicati ad un prezzo scontato durante il Black Friday<\/a><\/li>\n<li><a href=\"https:\/\/www.blackfridaydeals.ch\/it\/scarpe-black-friday\/\">Scarpe di alta qualit\u00e0 a prezzi abbordabili \u2013 Black Friday<\/a><\/li>\n<li><a href=\"https:\/\/www.blackfridaydeals.ch\/it\/black-friday-home-cinema\/\">Le migliori offerte del Black Friday sull\u2019home cinema<\/a><\/li>\n<li><a href=\"https:\/\/www.blackfridaydeals.ch\/it\/black-friday-alimentari\/\">Le migliori occasioni del Black Friday per i prodotti alimentari<\/a><\/li>\n<li><a href=\"https:\/\/www.blackfridaydeals.ch\/it\/black-friday-mobili\/\">Le migliori offerte del Black Friday per i mobili<\/a><\/li>\n<li><a href=\"https:\/\/www.blackfridaydeals.ch\/it\/offerte-black-friday-fitness\/\">Le migliori offerte del Black Friday per il fitness<\/a><\/li>\n<li><a href=\"https:\/\/www.blackfridaydeals.ch\/it\/black-friday-trattamenti-viso\/\">Le migliori offerte del Black Friday per i trattamenti viso<\/a><\/li>\n<li><a href=\"https:\/\/www.blackfridaydeals.ch\/it\/casa-black-friday\/\">Tutto ci\u00f2 che ti serve per la casa per il Black Friday<\/a><\/li>\n<li><a href=\"https:\/\/www.blackfridaydeals.ch\/it\/viaggi-voli-hotel-black-friday\/\">Viaggi, voli e hotel del Black Friday<\/a><\/li>\n<\/ul>\n<p>[\/vc_column_text][\/vc_column][\/vc_row]<\/p>\n","protected":false},"excerpt":{"rendered":"<p>[vc_row][vc_column][vc_column_text] Negli ultimi anni, gli smartwatch si sono affermati nel settore dell&#8217;elettronica, quindi non c&#8217;\u00e8 da stupirsi che sempre pi\u00f9 svizzeri scelgano uno smartwatch quando devono comprare un nuovo orologio. Ma la verit\u00e0 \u00e8 che per la persona media questi non sono sempre accessibili, anzi, a seconda del modello, possono essere molto costosi. Questo \u00e8 [&hellip;]<\/p>\n","protected":false},"author":40,"featured_media":37320,"parent":0,"menu_order":0,"comment_status":"closed","ping_status":"closed","template":"","meta":[],"yoast_head":"<!-- This site is optimized with the Yoast SEO plugin v20.5 - https:\/\/yoast.com\/wordpress\/plugins\/seo\/ -->\n<title>Le migliori offerte sugli smartwatch del Black Friday<\/title>\n<meta name=\"description\" content=\"Orologi connessi: offerte del Black Friday 2026 Qui troverete tutte le offerte del Black Friday nell&#039;universo Smartwatch.\" \/>\n<meta name=\"robots\" content=\"index, follow, max-snippet:-1, max-image-preview:large, max-video-preview:-1\" \/>\n<link rel=\"canonical\" href=\"https:\/\/www.blackfridaydeals.ch\/it\/smartwatch-black-friday\/\" \/>\n<meta property=\"og:locale\" content=\"it_IT\" \/>\n<meta property=\"og:type\" content=\"article\" \/>\n<meta property=\"og:title\" content=\"Le migliori offerte sugli smartwatch del Black Friday\" \/>\n<meta property=\"og:description\" content=\"Orologi connessi: offerte del Black Friday 2026 Qui troverete tutte le offerte del Black Friday nell&#039;universo Smartwatch.\" \/>\n<meta property=\"og:url\" content=\"https:\/\/www.blackfridaydeals.ch\/it\/smartwatch-black-friday\/\" \/>\n<meta property=\"og:site_name\" content=\"blackfridaydeals.ch\" \/>\n<meta property=\"article:publisher\" content=\"https:\/\/www.facebook.com\/blackfridaydealsch\/\" \/>\n<meta property=\"article:modified_time\" content=\"2026-02-17T07:58:55+00:00\" \/>\n<meta property=\"og:image\" content=\"https:\/\/www.blackfridaydeals.ch\/wp-content\/uploads\/2021\/10\/smartwatch-g8466638b4_1920.jpg\" \/>\n\t<meta property=\"og:image:width\" content=\"1920\" \/>\n\t<meta property=\"og:image:height\" content=\"1078\" \/>\n\t<meta property=\"og:image:type\" content=\"image\/jpeg\" \/>\n<meta name=\"twitter:card\" content=\"summary_large_image\" \/>\n<meta name=\"twitter:site\" content=\"@blackfridaych\" \/>\n<meta name=\"twitter:label1\" content=\"Est. reading time\" \/>\n\t<meta name=\"twitter:data1\" content=\"5 minutes\" \/>\n<script type=\"application\/ld+json\" class=\"yoast-schema-graph\">{\"@context\":\"https:\/\/schema.org\",\"@graph\":[{\"@type\":\"WebPage\",\"@id\":\"https:\/\/www.blackfridaydeals.ch\/it\/smartwatch-black-friday\/\",\"url\":\"https:\/\/www.blackfridaydeals.ch\/it\/smartwatch-black-friday\/\",\"name\":\"Le migliori offerte sugli smartwatch del Black Friday\",\"isPartOf\":{\"@id\":\"https:\/\/www.blackfridaydeals.ch\/it\/#website\"},\"datePublished\":\"2022-03-16T12:18:17+00:00\",\"dateModified\":\"2026-02-17T07:58:55+00:00\",\"description\":\"Orologi connessi: offerte del Black Friday 2026 Qui troverete tutte le offerte del Black Friday nell'universo Smartwatch.\",\"breadcrumb\":{\"@id\":\"https:\/\/www.blackfridaydeals.ch\/it\/smartwatch-black-friday\/#breadcrumb\"},\"inLanguage\":\"it-CH\",\"potentialAction\":[{\"@type\":\"ReadAction\",\"target\":[\"https:\/\/www.blackfridaydeals.ch\/it\/smartwatch-black-friday\/\"]}]},{\"@type\":\"BreadcrumbList\",\"@id\":\"https:\/\/www.blackfridaydeals.ch\/it\/smartwatch-black-friday\/#breadcrumb\",\"itemListElement\":[{\"@type\":\"ListItem\",\"position\":1,\"name\":\"Startseite\",\"item\":\"https:\/\/www.blackfridaydeals.ch\/it\/\"},{\"@type\":\"ListItem\",\"position\":2,\"name\":\"Le migliori offerte sugli smartwatch del Black Friday\"}]},{\"@type\":\"WebSite\",\"@id\":\"https:\/\/www.blackfridaydeals.ch\/it\/#website\",\"url\":\"https:\/\/www.blackfridaydeals.ch\/it\/\",\"name\":\"blackfridaydeals.ch\",\"description\":\"Tutte le offerte del Black Friday 2025 in Svizzera\",\"publisher\":{\"@id\":\"https:\/\/www.blackfridaydeals.ch\/it\/#organization\"},\"alternateName\":\"Black Friday Deals\",\"potentialAction\":[{\"@type\":\"SearchAction\",\"target\":{\"@type\":\"EntryPoint\",\"urlTemplate\":\"https:\/\/www.blackfridaydeals.ch\/it\/?s={search_term_string}\"},\"query-input\":\"required name=search_term_string\"}],\"inLanguage\":\"it-CH\"},{\"@type\":\"Organization\",\"@id\":\"https:\/\/www.blackfridaydeals.ch\/it\/#organization\",\"name\":\"blackfridaydeals.ch\",\"alternateName\":\"Black Friday Deals\",\"url\":\"https:\/\/www.blackfridaydeals.ch\/it\/\",\"logo\":{\"@type\":\"ImageObject\",\"inLanguage\":\"it-CH\",\"@id\":\"https:\/\/www.blackfridaydeals.ch\/it\/#\/schema\/logo\/image\/\",\"url\":\"https:\/\/www.blackfridaydeals.ch\/wp-content\/uploads\/2023\/03\/app-icon-white-bg-jpg.jpg\",\"contentUrl\":\"https:\/\/www.blackfridaydeals.ch\/wp-content\/uploads\/2023\/03\/app-icon-white-bg-jpg.jpg\",\"width\":512,\"height\":512,\"caption\":\"blackfridaydeals.ch\"},\"image\":{\"@id\":\"https:\/\/www.blackfridaydeals.ch\/it\/#\/schema\/logo\/image\/\"},\"sameAs\":[\"https:\/\/www.facebook.com\/blackfridaydealsch\/\",\"https:\/\/twitter.com\/blackfridaych\",\"https:\/\/www.youtube.com\/channel\/UCNKXHacMw8AS34mBgzVx3FQ\",\"https:\/\/www.instagram.com\/blackfridaydeals.ch\/\"]}]}<\/script>\n<!-- \/ Yoast SEO plugin. -->","yoast_head_json":{"title":"Le migliori offerte sugli smartwatch del Black Friday","description":"Orologi connessi: offerte del Black Friday 2026 Qui troverete tutte le offerte del Black Friday nell'universo Smartwatch.","robots":{"index":"index","follow":"follow","max-snippet":"max-snippet:-1","max-image-preview":"max-image-preview:large","max-video-preview":"max-video-preview:-1"},"canonical":"https:\/\/www.blackfridaydeals.ch\/it\/smartwatch-black-friday\/","og_locale":"it_IT","og_type":"article","og_title":"Le migliori offerte sugli smartwatch del Black Friday","og_description":"Orologi connessi: offerte del Black Friday 2026 Qui troverete tutte le offerte del Black Friday nell'universo Smartwatch.","og_url":"https:\/\/www.blackfridaydeals.ch\/it\/smartwatch-black-friday\/","og_site_name":"blackfridaydeals.ch","article_publisher":"https:\/\/www.facebook.com\/blackfridaydealsch\/","article_modified_time":"2026-02-17T07:58:55+00:00","og_image":[{"width":1920,"height":1078,"url":"https:\/\/www.blackfridaydeals.ch\/wp-content\/uploads\/2021\/10\/smartwatch-g8466638b4_1920.jpg","type":"image\/jpeg"}],"twitter_card":"summary_large_image","twitter_site":"@blackfridaych","twitter_misc":{"Est. reading time":"5 minutes"},"schema":{"@context":"https:\/\/schema.org","@graph":[{"@type":"WebPage","@id":"https:\/\/www.blackfridaydeals.ch\/it\/smartwatch-black-friday\/","url":"https:\/\/www.blackfridaydeals.ch\/it\/smartwatch-black-friday\/","name":"Le migliori offerte sugli smartwatch del Black Friday","isPartOf":{"@id":"https:\/\/www.blackfridaydeals.ch\/it\/#website"},"datePublished":"2022-03-16T12:18:17+00:00","dateModified":"2026-02-17T07:58:55+00:00","description":"Orologi connessi: offerte del Black Friday 2026 Qui troverete tutte le offerte del Black Friday nell'universo Smartwatch.","breadcrumb":{"@id":"https:\/\/www.blackfridaydeals.ch\/it\/smartwatch-black-friday\/#breadcrumb"},"inLanguage":"it-CH","potentialAction":[{"@type":"ReadAction","target":["https:\/\/www.blackfridaydeals.ch\/it\/smartwatch-black-friday\/"]}]},{"@type":"BreadcrumbList","@id":"https:\/\/www.blackfridaydeals.ch\/it\/smartwatch-black-friday\/#breadcrumb","itemListElement":[{"@type":"ListItem","position":1,"name":"Startseite","item":"https:\/\/www.blackfridaydeals.ch\/it\/"},{"@type":"ListItem","position":2,"name":"Le migliori offerte sugli smartwatch del Black Friday"}]},{"@type":"WebSite","@id":"https:\/\/www.blackfridaydeals.ch\/it\/#website","url":"https:\/\/www.blackfridaydeals.ch\/it\/","name":"blackfridaydeals.ch","description":"Tutte le offerte del Black Friday 2025 in Svizzera","publisher":{"@id":"https:\/\/www.blackfridaydeals.ch\/it\/#organization"},"alternateName":"Black Friday Deals","potentialAction":[{"@type":"SearchAction","target":{"@type":"EntryPoint","urlTemplate":"https:\/\/www.blackfridaydeals.ch\/it\/?s={search_term_string}"},"query-input":"required name=search_term_string"}],"inLanguage":"it-CH"},{"@type":"Organization","@id":"https:\/\/www.blackfridaydeals.ch\/it\/#organization","name":"blackfridaydeals.ch","alternateName":"Black Friday Deals","url":"https:\/\/www.blackfridaydeals.ch\/it\/","logo":{"@type":"ImageObject","inLanguage":"it-CH","@id":"https:\/\/www.blackfridaydeals.ch\/it\/#\/schema\/logo\/image\/","url":"https:\/\/www.blackfridaydeals.ch\/wp-content\/uploads\/2023\/03\/app-icon-white-bg-jpg.jpg","contentUrl":"https:\/\/www.blackfridaydeals.ch\/wp-content\/uploads\/2023\/03\/app-icon-white-bg-jpg.jpg","width":512,"height":512,"caption":"blackfridaydeals.ch"},"image":{"@id":"https:\/\/www.blackfridaydeals.ch\/it\/#\/schema\/logo\/image\/"},"sameAs":["https:\/\/www.facebook.com\/blackfridaydealsch\/","https:\/\/twitter.com\/blackfridaych","https:\/\/www.youtube.com\/channel\/UCNKXHacMw8AS34mBgzVx3FQ","https:\/\/www.instagram.com\/blackfridaydeals.ch\/"]}]}},"_links":{"self":[{"href":"https:\/\/www.blackfridaydeals.ch\/it\/wp-json\/wp\/v2\/pages\/49452"}],"collection":[{"href":"https:\/\/www.blackfridaydeals.ch\/it\/wp-json\/wp\/v2\/pages"}],"about":[{"href":"https:\/\/www.blackfridaydeals.ch\/it\/wp-json\/wp\/v2\/types\/page"}],"author":[{"embeddable":true,"href":"https:\/\/www.blackfridaydeals.ch\/it\/wp-json\/wp\/v2\/users\/40"}],"replies":[{"embeddable":true,"href":"https:\/\/www.blackfridaydeals.ch\/it\/wp-json\/wp\/v2\/comments?post=49452"}],"version-history":[{"count":7,"href":"https:\/\/www.blackfridaydeals.ch\/it\/wp-json\/wp\/v2\/pages\/49452\/revisions"}],"predecessor-version":[{"id":110028,"href":"https:\/\/www.blackfridaydeals.ch\/it\/wp-json\/wp\/v2\/pages\/49452\/revisions\/110028"}],"wp:featuredmedia":[{"embeddable":true,"href":"https:\/\/www.blackfridaydeals.ch\/it\/wp-json\/wp\/v2\/media\/37320"}],"wp:attachment":[{"href":"https:\/\/www.blackfridaydeals.ch\/it\/wp-json\/wp\/v2\/media?parent=49452"}],"curies":[{"name":"wp","href":"https:\/\/api.w.org\/{rel}","templated":true}]}}