{"id":49448,"date":"2022-03-16T13:12:21","date_gmt":"2022-03-16T12:12:21","guid":{"rendered":"https:\/\/www.blackfridaydeals.ch\/?page_id=49448"},"modified":"2025-02-10T14:33:33","modified_gmt":"2025-02-10T13:33:33","slug":"black-friday-giocattoli","status":"publish","type":"page","link":"https:\/\/www.blackfridaydeals.ch\/it\/black-friday-giocattoli\/","title":{"rendered":"Le migliori offerte del Black Friday sui giocattoli"},"content":{"rendered":"<p>[vc_row][vc_column]\n[vc_column_text]<span><img decoding=\"async\" class=\"alignright size-medium wp-image-37351\" src=\"https:\/\/www.blackfridaydeals.ch\/wp-content\/uploads\/2021\/10\/building-gda8526af1_1920-300x190.jpg\" alt=\"\" width=\"300\" height=\"190\" srcset=\"https:\/\/www.blackfridaydeals.ch\/wp-content\/uploads\/2021\/10\/building-gda8526af1_1920-300x190.jpg 300w, https:\/\/www.blackfridaydeals.ch\/wp-content\/uploads\/2021\/10\/building-gda8526af1_1920-1024x647.jpg 1024w, https:\/\/www.blackfridaydeals.ch\/wp-content\/uploads\/2021\/10\/building-gda8526af1_1920-768x485.jpg 768w, https:\/\/www.blackfridaydeals.ch\/wp-content\/uploads\/2021\/10\/building-gda8526af1_1920-1536x970.jpg 1536w, https:\/\/www.blackfridaydeals.ch\/wp-content\/uploads\/2021\/10\/building-gda8526af1_1920-2048x1294.jpg 2048w, https:\/\/www.blackfridaydeals.ch\/wp-content\/uploads\/2021\/10\/building-gda8526af1_1920-788x497.jpg 788w, https:\/\/www.blackfridaydeals.ch\/wp-content\/uploads\/2021\/10\/building-gda8526af1_1920-150x95.jpg 150w, https:\/\/www.blackfridaydeals.ch\/wp-content\/uploads\/2021\/10\/building-gda8526af1_1920.jpg 1920w\" sizes=\"(max-width: 300px) 100vw, 300px\" \/><\/span><\/p>\n<p style=\"text-align: center;\"><a href=\"https:\/\/www.blackfridaydeals.ch\/it\/regali-libri\/\" target=\"_blank\" style=\"border-radius:5px\" class=\"wpsm-button btncolor medium rehub_btn_color\"><i class=\"rhicon rhi-none\"><\/i>Le migliori offerte di giocattoli<\/a><\/p>\n<p><span>I giocattoli saranno senza ombra di dubbio in cima alla lista dei desideri di qualsiasi bambino quest&#8217;anno. Anche se i giocattoli a volte vengono usati solo per poche settimane e poi vengono abbandonati, le persone spendono molti soldi per acquistarli. Tuttavia qui, in questa sezione a misura di bambino, puoi anche ottenere le migliori offerte sui prodotti preferiti dai bambini. Ti sveliamo dove trovare le migliori offerte sui giocattoli durante il <a href=\"https:\/\/www.blackfridaydeals.ch\/it\/\">Black Friday<\/a>.<\/span><\/p>\n<h2>Negozi specializzati per bambini<\/h2>\n<p><span>I negozi dedicati appositamente ai bisogni e ai desideri dei bambini dispongono quasi sempre di un&#8217;ampia selezione di giocattoli per tutte le et\u00e0 e per tutti gli interessi. Se un bambino necessita dei suoi primi giocattoli per favorire le sue abilit\u00e0 motorie, se un bambino pi\u00f9 grande desidera i suoi primi giochi di apprendimento o se cerchi un gioco divertente da fare con la famiglia, qui troverai una vasta gamma di giocattoli.\u00a0Youpikids, per esempio, offre una vasta scelta di giochi per tutte le et\u00e0. Tuttavia, a seconda della tendenza del rivenditore, la linea pu\u00f2 anche concentrarsi sui bisogni dei bambini. Questo \u00e8 il caso di 4mybaby, per esempio.<\/span><\/p>\n<p><span>Grazie a questi negozi, possiamo immaginare tutta una serie di promozioni in occasione del <a href=\"https:\/\/www.blackfridaydeals.ch\/it\/black-friday-2026\/\">Black Friday 2026<\/a>. Secondo noi, comunque, quello pi\u00f9 probabile \u00e8 uno sconto generale su tutto. Puoi pensare di risparmiare circa il 20%, il che alleggerir\u00e0 comunque la tua spesa. Tuttavia, \u00e8 possibile che i negozi escludano dalla promozione alcune categorie di articoli come gli articoli in svendita.<\/span><\/p>\n<p><span>Un&#8217;altra possibilit\u00e0 \u00e8 quella di offrire uno sconto su una o pi\u00f9 categorie di articoli. Questa pratica \u00e8 molto diffusa nel settore durante gli eventi di shopping che sono meno popolari del Black Friday come il <a href=\"https:\/\/www.blackfridaydeals.ch\/it\/singles-day\/\">Singles Day<\/a> e il <a href=\"https:\/\/www.blackfridaydeals.ch\/it\/cyber-monday\/\">Cyber Monday<\/a>. Tuttavia questi stanno guadagnando popolarit\u00e0 e iniziano a diventare pi\u00f9 popolari di giorno in giorno, lasciando presagire ulteriori offerte generose in futuro. Detto questo, ci potr\u00e0 anche essere uno sconto di categoria sul Black Friday 2026, ma i negozi potrebbero combinarlo con uno sconto generale su tutto. Questa promozione consisterebbe in uno sconto del 35% su tutti i giocattoli, per esempio. In combinazione con uno sconto generale su tutto, questo significherebbe che tutto sarebbe scontato, ma la categoria selezionata verrebbe scontata leggermente di pi\u00f9 rispetto ad altre parti dell&#8217;assortimento.<\/span><\/p>\n<h2>Cercare i giocattoli nei grandi magazzini<\/h2>\n<p><span>Se ti piace effettuare la maggior parte dei tuoi acquisti in un unico posto, allora puoi anche cercare i giocattoli nei grandi magazzini. La scelta potrebbe essere un po&#8217; pi\u00f9 limitata rispetto a quella di un negozio specializzato, ma ovviamente troverai molti classici e giocattoli che sono molto gettonati in questo momento.\u00a0Galaxus, per esempio, offre una vasta gamma di giocattoli per bambini e adulti.<\/span><\/p>\n<p><span>Anche qui, riteniamo che uno sconto forfettario su tutto sia l&#8217;opzione pi\u00f9 probabile. Con una gamma di prodotti cos\u00ec ampia, \u00e8 difficile per i grandi magazzini attrarre tutti i clienti. Ma \u00e8 anche possibile organizzare una svendita in cui ci sono sconti su singoli articoli in tutte le categorie. Concretamente, questo significa che i rivenditori possono offrire sconti piuttosto consistenti su una selezione di articoli particolarmente popolari. A volte la scelta comprende anche articoli che i negozi vogliono promuovere per altre ragioni, per esempio perch\u00e9 sono nuovi nella gamma. Con i saldi, puoi risparmiare tranquillamente fino all&#8217;80% durante il Black Friday 2026.<\/span><\/p>\n<h2>Acquistare i giocattoli direttamente dal produttore<\/h2>\n<p>Se sai gi\u00e0 con precisione cosa desideri, puoi acquistare direttamente sul sito web del produttore, come ad esempio KAPLA. Le possibilit\u00e0 sono simili a quelle di un grande magazzino, dato che il produttore vuole logicamente attirare diverse fasce d&#8217;et\u00e0 e interessi con tutte le sue tendenze. Pertanto \u00e8 probabile che troverai sconti fino al 70% o uno sconto forfettario del 20 o 30% su tutta la gamma.<\/p>\n<p>&nbsp;<\/p>\n<h3>Altri articoli interessanti<\/h3>\n<ul>\n<li><a href=\"https:\/\/www.blackfridaydeals.ch\/it\/black-friday-foto-video\/\">Le migliori occasioni del Black Friday per le foto e i video<\/a><\/li>\n<li><a href=\"https:\/\/www.blackfridaydeals.ch\/it\/fotocamere-black-friday\/\">Le migliori occasioni per le fotocamere durante il Black Friday<\/a><\/li>\n<li><a href=\"https:\/\/www.blackfridaydeals.ch\/it\/articoli-ufficio-black-friday\/\">Le migliori offerte per gli articoli da ufficio del Black Friday<\/a><\/li>\n<li><a href=\"https:\/\/www.blackfridaydeals.ch\/it\/smartwatch-black-friday\/\">Le migliori offerte sugli smartwatch del Black Friday<\/a><\/li>\n<li><a href=\"https:\/\/www.blackfridaydeals.ch\/it\/black-friday-orologi\/\">Le migliori offerte del Black Friday sugli orologi<\/a><\/li>\n<li><a href=\"\/?page_id=49443\">Le migliori offerte nel mondo della bellezza del Black Friday<\/a><\/li>\n<li><a href=\"https:\/\/www.blackfridaydeals.ch\/it\/black-friday-sistemi-audio\/\">Le migliori offerte del Black Friday dei sistemi audio<\/a><\/li>\n<li><a href=\"https:\/\/www.blackfridaydeals.ch\/it\/black-friday-computer-portatili\/\">Le migliori offerte del Black Friday per i computer portatili<\/a><\/li>\n<li><a href=\"https:\/\/www.blackfridaydeals.ch\/it\/cucina-black-friday\/\">Una nuova cucina ad un prezzo vantaggioso per il Black Friday<\/a><\/li>\n<li><a href=\"https:\/\/www.blackfridaydeals.ch\/it\/profumi-black-friday\/\">Come trovare profumi delicati ad un prezzo scontato durante il Black Friday<\/a><\/li>\n<li><a href=\"https:\/\/www.blackfridaydeals.ch\/it\/scarpe-black-friday\/\">Scarpe di alta qualit\u00e0 a prezzi abbordabili \u2013 Black Friday<\/a><\/li>\n<li><a href=\"https:\/\/www.blackfridaydeals.ch\/it\/black-friday-home-cinema\/\">Le migliori offerte del Black Friday sull\u2019home cinema<\/a><\/li>\n<li><a href=\"https:\/\/www.blackfridaydeals.ch\/it\/black-friday-alimentari\/\">Le migliori occasioni del Black Friday per i prodotti alimentari<\/a><\/li>\n<li><a href=\"https:\/\/www.blackfridaydeals.ch\/it\/black-friday-mobili\/\">Le migliori offerte del Black Friday per i mobili<\/a><\/li>\n<li><a href=\"https:\/\/www.blackfridaydeals.ch\/it\/offerte-black-friday-fitness\/\">Le migliori offerte del Black Friday per il fitness<\/a><\/li>\n<li><a href=\"https:\/\/www.blackfridaydeals.ch\/it\/black-friday-trattamenti-viso\/\">Le migliori offerte del Black Friday per i trattamenti viso<\/a><\/li>\n<li><a href=\"https:\/\/www.blackfridaydeals.ch\/it\/casa-black-friday\/\">Tutto ci\u00f2 che ti serve per la casa per il Black Friday<\/a><\/li>\n<li><a href=\"https:\/\/www.blackfridaydeals.ch\/it\/viaggi-voli-hotel-black-friday\/\">Viaggi, voli e hotel del Black Friday<\/a><\/li>\n<\/ul>\n<p>[\/vc_column_text][\/vc_column][\/vc_row]<\/p>\n","protected":false},"excerpt":{"rendered":"<p>[vc_row][vc_column][vc_column_text] I giocattoli saranno senza ombra di dubbio in cima alla lista dei desideri di qualsiasi bambino quest&#8217;anno. Anche se i giocattoli a volte vengono usati solo per poche settimane e poi vengono abbandonati, le persone spendono molti soldi per acquistarli. Tuttavia qui, in questa sezione a misura di bambino, puoi anche ottenere le migliori [&hellip;]<\/p>\n","protected":false},"author":40,"featured_media":37351,"parent":0,"menu_order":0,"comment_status":"closed","ping_status":"closed","template":"","meta":[],"yoast_head":"<!-- This site is optimized with the Yoast SEO plugin v20.5 - https:\/\/yoast.com\/wordpress\/plugins\/seo\/ -->\n<title>Le migliori offerte del Black Friday sui giocattoli<\/title>\n<meta name=\"description\" content=\"Giocattoli: offerte del Black Friday 2026 Qui troverete tutte le offerte del Black Friday nel mondo dei giocattoli.\" \/>\n<meta name=\"robots\" content=\"noindex, follow\" \/>\n<meta property=\"og:locale\" content=\"it_IT\" \/>\n<meta property=\"og:type\" content=\"article\" \/>\n<meta property=\"og:title\" content=\"Le migliori offerte del Black Friday sui giocattoli\" \/>\n<meta property=\"og:description\" content=\"Giocattoli: offerte del Black Friday 2026 Qui troverete tutte le offerte del Black Friday nel mondo dei giocattoli.\" \/>\n<meta property=\"og:url\" content=\"https:\/\/www.blackfridaydeals.ch\/it\/black-friday-giocattoli\/\" \/>\n<meta property=\"og:site_name\" content=\"blackfridaydeals.ch\" \/>\n<meta property=\"article:publisher\" content=\"https:\/\/www.facebook.com\/blackfridaydealsch\/\" \/>\n<meta property=\"article:modified_time\" content=\"2025-02-10T13:33:33+00:00\" \/>\n<meta property=\"og:image\" content=\"https:\/\/www.blackfridaydeals.ch\/wp-content\/uploads\/2021\/10\/building-gda8526af1_1920.jpg\" \/>\n\t<meta property=\"og:image:width\" content=\"1920\" \/>\n\t<meta property=\"og:image:height\" content=\"1213\" \/>\n\t<meta property=\"og:image:type\" content=\"image\/jpeg\" \/>\n<meta name=\"twitter:card\" content=\"summary_large_image\" \/>\n<meta name=\"twitter:site\" content=\"@blackfridaych\" \/>\n<meta name=\"twitter:label1\" content=\"Est. reading time\" \/>\n\t<meta name=\"twitter:data1\" content=\"5 minutes\" \/>\n<script type=\"application\/ld+json\" class=\"yoast-schema-graph\">{\"@context\":\"https:\/\/schema.org\",\"@graph\":[{\"@type\":\"WebPage\",\"@id\":\"https:\/\/www.blackfridaydeals.ch\/it\/black-friday-giocattoli\/\",\"url\":\"https:\/\/www.blackfridaydeals.ch\/it\/black-friday-giocattoli\/\",\"name\":\"Le migliori offerte del Black Friday sui giocattoli\",\"isPartOf\":{\"@id\":\"https:\/\/www.blackfridaydeals.ch\/it\/#website\"},\"datePublished\":\"2022-03-16T12:12:21+00:00\",\"dateModified\":\"2025-02-10T13:33:33+00:00\",\"description\":\"Giocattoli: offerte del Black Friday 2026 Qui troverete tutte le offerte del Black Friday nel mondo dei giocattoli.\",\"breadcrumb\":{\"@id\":\"https:\/\/www.blackfridaydeals.ch\/it\/black-friday-giocattoli\/#breadcrumb\"},\"inLanguage\":\"it-CH\",\"potentialAction\":[{\"@type\":\"ReadAction\",\"target\":[\"https:\/\/www.blackfridaydeals.ch\/it\/black-friday-giocattoli\/\"]}]},{\"@type\":\"BreadcrumbList\",\"@id\":\"https:\/\/www.blackfridaydeals.ch\/it\/black-friday-giocattoli\/#breadcrumb\",\"itemListElement\":[{\"@type\":\"ListItem\",\"position\":1,\"name\":\"Startseite\",\"item\":\"https:\/\/www.blackfridaydeals.ch\/it\/\"},{\"@type\":\"ListItem\",\"position\":2,\"name\":\"Le migliori offerte del Black Friday sui giocattoli\"}]},{\"@type\":\"WebSite\",\"@id\":\"https:\/\/www.blackfridaydeals.ch\/it\/#website\",\"url\":\"https:\/\/www.blackfridaydeals.ch\/it\/\",\"name\":\"blackfridaydeals.ch\",\"description\":\"Tutte le offerte del Black Friday 2025 in Svizzera\",\"publisher\":{\"@id\":\"https:\/\/www.blackfridaydeals.ch\/it\/#organization\"},\"alternateName\":\"Black Friday Deals\",\"potentialAction\":[{\"@type\":\"SearchAction\",\"target\":{\"@type\":\"EntryPoint\",\"urlTemplate\":\"https:\/\/www.blackfridaydeals.ch\/it\/?s={search_term_string}\"},\"query-input\":\"required name=search_term_string\"}],\"inLanguage\":\"it-CH\"},{\"@type\":\"Organization\",\"@id\":\"https:\/\/www.blackfridaydeals.ch\/it\/#organization\",\"name\":\"blackfridaydeals.ch\",\"alternateName\":\"Black Friday Deals\",\"url\":\"https:\/\/www.blackfridaydeals.ch\/it\/\",\"logo\":{\"@type\":\"ImageObject\",\"inLanguage\":\"it-CH\",\"@id\":\"https:\/\/www.blackfridaydeals.ch\/it\/#\/schema\/logo\/image\/\",\"url\":\"https:\/\/www.blackfridaydeals.ch\/wp-content\/uploads\/2023\/03\/app-icon-white-bg-jpg.jpg\",\"contentUrl\":\"https:\/\/www.blackfridaydeals.ch\/wp-content\/uploads\/2023\/03\/app-icon-white-bg-jpg.jpg\",\"width\":512,\"height\":512,\"caption\":\"blackfridaydeals.ch\"},\"image\":{\"@id\":\"https:\/\/www.blackfridaydeals.ch\/it\/#\/schema\/logo\/image\/\"},\"sameAs\":[\"https:\/\/www.facebook.com\/blackfridaydealsch\/\",\"https:\/\/twitter.com\/blackfridaych\",\"https:\/\/www.youtube.com\/channel\/UCNKXHacMw8AS34mBgzVx3FQ\",\"https:\/\/www.instagram.com\/blackfridaydeals.ch\/\"]}]}<\/script>\n<!-- \/ Yoast SEO plugin. -->","yoast_head_json":{"title":"Le migliori offerte del Black Friday sui giocattoli","description":"Giocattoli: offerte del Black Friday 2026 Qui troverete tutte le offerte del Black Friday nel mondo dei giocattoli.","robots":{"index":"noindex","follow":"follow"},"og_locale":"it_IT","og_type":"article","og_title":"Le migliori offerte del Black Friday sui giocattoli","og_description":"Giocattoli: offerte del Black Friday 2026 Qui troverete tutte le offerte del Black Friday nel mondo dei giocattoli.","og_url":"https:\/\/www.blackfridaydeals.ch\/it\/black-friday-giocattoli\/","og_site_name":"blackfridaydeals.ch","article_publisher":"https:\/\/www.facebook.com\/blackfridaydealsch\/","article_modified_time":"2025-02-10T13:33:33+00:00","og_image":[{"width":1920,"height":1213,"url":"https:\/\/www.blackfridaydeals.ch\/wp-content\/uploads\/2021\/10\/building-gda8526af1_1920.jpg","type":"image\/jpeg"}],"twitter_card":"summary_large_image","twitter_site":"@blackfridaych","twitter_misc":{"Est. reading time":"5 minutes"},"schema":{"@context":"https:\/\/schema.org","@graph":[{"@type":"WebPage","@id":"https:\/\/www.blackfridaydeals.ch\/it\/black-friday-giocattoli\/","url":"https:\/\/www.blackfridaydeals.ch\/it\/black-friday-giocattoli\/","name":"Le migliori offerte del Black Friday sui giocattoli","isPartOf":{"@id":"https:\/\/www.blackfridaydeals.ch\/it\/#website"},"datePublished":"2022-03-16T12:12:21+00:00","dateModified":"2025-02-10T13:33:33+00:00","description":"Giocattoli: offerte del Black Friday 2026 Qui troverete tutte le offerte del Black Friday nel mondo dei giocattoli.","breadcrumb":{"@id":"https:\/\/www.blackfridaydeals.ch\/it\/black-friday-giocattoli\/#breadcrumb"},"inLanguage":"it-CH","potentialAction":[{"@type":"ReadAction","target":["https:\/\/www.blackfridaydeals.ch\/it\/black-friday-giocattoli\/"]}]},{"@type":"BreadcrumbList","@id":"https:\/\/www.blackfridaydeals.ch\/it\/black-friday-giocattoli\/#breadcrumb","itemListElement":[{"@type":"ListItem","position":1,"name":"Startseite","item":"https:\/\/www.blackfridaydeals.ch\/it\/"},{"@type":"ListItem","position":2,"name":"Le migliori offerte del Black Friday sui giocattoli"}]},{"@type":"WebSite","@id":"https:\/\/www.blackfridaydeals.ch\/it\/#website","url":"https:\/\/www.blackfridaydeals.ch\/it\/","name":"blackfridaydeals.ch","description":"Tutte le offerte del Black Friday 2025 in Svizzera","publisher":{"@id":"https:\/\/www.blackfridaydeals.ch\/it\/#organization"},"alternateName":"Black Friday Deals","potentialAction":[{"@type":"SearchAction","target":{"@type":"EntryPoint","urlTemplate":"https:\/\/www.blackfridaydeals.ch\/it\/?s={search_term_string}"},"query-input":"required name=search_term_string"}],"inLanguage":"it-CH"},{"@type":"Organization","@id":"https:\/\/www.blackfridaydeals.ch\/it\/#organization","name":"blackfridaydeals.ch","alternateName":"Black Friday Deals","url":"https:\/\/www.blackfridaydeals.ch\/it\/","logo":{"@type":"ImageObject","inLanguage":"it-CH","@id":"https:\/\/www.blackfridaydeals.ch\/it\/#\/schema\/logo\/image\/","url":"https:\/\/www.blackfridaydeals.ch\/wp-content\/uploads\/2023\/03\/app-icon-white-bg-jpg.jpg","contentUrl":"https:\/\/www.blackfridaydeals.ch\/wp-content\/uploads\/2023\/03\/app-icon-white-bg-jpg.jpg","width":512,"height":512,"caption":"blackfridaydeals.ch"},"image":{"@id":"https:\/\/www.blackfridaydeals.ch\/it\/#\/schema\/logo\/image\/"},"sameAs":["https:\/\/www.facebook.com\/blackfridaydealsch\/","https:\/\/twitter.com\/blackfridaych","https:\/\/www.youtube.com\/channel\/UCNKXHacMw8AS34mBgzVx3FQ","https:\/\/www.instagram.com\/blackfridaydeals.ch\/"]}]}},"_links":{"self":[{"href":"https:\/\/www.blackfridaydeals.ch\/it\/wp-json\/wp\/v2\/pages\/49448"}],"collection":[{"href":"https:\/\/www.blackfridaydeals.ch\/it\/wp-json\/wp\/v2\/pages"}],"about":[{"href":"https:\/\/www.blackfridaydeals.ch\/it\/wp-json\/wp\/v2\/types\/page"}],"author":[{"embeddable":true,"href":"https:\/\/www.blackfridaydeals.ch\/it\/wp-json\/wp\/v2\/users\/40"}],"replies":[{"embeddable":true,"href":"https:\/\/www.blackfridaydeals.ch\/it\/wp-json\/wp\/v2\/comments?post=49448"}],"version-history":[{"count":8,"href":"https:\/\/www.blackfridaydeals.ch\/it\/wp-json\/wp\/v2\/pages\/49448\/revisions"}],"predecessor-version":[{"id":64817,"href":"https:\/\/www.blackfridaydeals.ch\/it\/wp-json\/wp\/v2\/pages\/49448\/revisions\/64817"}],"wp:featuredmedia":[{"embeddable":true,"href":"https:\/\/www.blackfridaydeals.ch\/it\/wp-json\/wp\/v2\/media\/37351"}],"wp:attachment":[{"href":"https:\/\/www.blackfridaydeals.ch\/it\/wp-json\/wp\/v2\/media?parent=49448"}],"curies":[{"name":"wp","href":"https:\/\/api.w.org\/{rel}","templated":true}]}}