{"id":49446,"date":"2022-03-16T12:05:25","date_gmt":"2022-03-16T11:05:25","guid":{"rendered":"https:\/\/www.blackfridaydeals.ch\/?page_id=49446"},"modified":"2025-02-10T14:33:00","modified_gmt":"2025-02-10T13:33:00","slug":"black-friday-orologi","status":"publish","type":"page","link":"https:\/\/www.blackfridaydeals.ch\/it\/black-friday-orologi\/","title":{"rendered":"Le migliori offerte del Black Friday sugli orologi"},"content":{"rendered":"<p>[vc_row][vc_column]\n[vc_column_text]<span><img decoding=\"async\" class=\"alignright size-medium wp-image-37335\" src=\"https:\/\/www.blackfridaydeals.ch\/wp-content\/uploads\/2021\/10\/wrist-watch-g44b170230_1920-300x191.jpg\" alt=\"\" width=\"300\" height=\"191\" srcset=\"https:\/\/www.blackfridaydeals.ch\/wp-content\/uploads\/2021\/10\/wrist-watch-g44b170230_1920-300x191.jpg 300w, https:\/\/www.blackfridaydeals.ch\/wp-content\/uploads\/2021\/10\/wrist-watch-g44b170230_1920-1024x652.jpg 1024w, https:\/\/www.blackfridaydeals.ch\/wp-content\/uploads\/2021\/10\/wrist-watch-g44b170230_1920-768x489.jpg 768w, https:\/\/www.blackfridaydeals.ch\/wp-content\/uploads\/2021\/10\/wrist-watch-g44b170230_1920-1536x978.jpg 1536w, https:\/\/www.blackfridaydeals.ch\/wp-content\/uploads\/2021\/10\/wrist-watch-g44b170230_1920-2048x1305.jpg 2048w, https:\/\/www.blackfridaydeals.ch\/wp-content\/uploads\/2021\/10\/wrist-watch-g44b170230_1920-788x501.jpg 788w, https:\/\/www.blackfridaydeals.ch\/wp-content\/uploads\/2021\/10\/wrist-watch-g44b170230_1920-150x96.jpg 150w, https:\/\/www.blackfridaydeals.ch\/wp-content\/uploads\/2021\/10\/wrist-watch-g44b170230_1920.jpg 1920w\" sizes=\"(max-width: 300px) 100vw, 300px\" \/><\/span><\/p>\n<p style=\"text-align: center;\"><a href=\"https:\/\/www.blackfridaydeals.ch\/it\/moda-gioielleria\/\" target=\"_blank\" style=\"border-radius:5px\" class=\"wpsm-button btncolor medium rehub_btn_color\"><i class=\"rhicon rhi-none\"><\/i>Vedi le migliori offerte di orologi<\/a><\/p>\n<p><span>Periodicamente, potresti desiderare di acquistare un nuovo orologio. E se sei cerchi orologi di alta qualit\u00e0 di marche famose, allora dovrai pagare un prezzo piuttosto alto. Di conseguenza, conviene aspettare il giorno in cui ci sono sconti abbastanza consistenti sugli orologi di alta qualit\u00e0. Il <a href=\"https:\/\/www.blackfridaydeals.ch\/it\/\">Black Friday<\/a> \u00e8 un&#8217;ottima opportunit\u00e0 per trovare grandi sconti sugli orologi in molti <\/span>negozi<span>.<\/span><\/p>\n<h2>Orologi per tutte le tasche<\/h2>\n<p><span>Per il Black Friday 2026, non mancheranno le occasioni sugli orologi. La maggior parte dei rivenditori offre orologi per tutte le tasche cos\u00ec potrai anche risparmiare. Per esempio, da CHRIST troverai una vasta scelta di orologi prodotti in Svizzera e non solo. Troverai orologi della stessa Christ, ma anche di diversi altri produttori conosciuti e meno conosciuti. E l&#8217;offerta \u00e8 rivolta a tutti, uomini, donne e bambini. Troverai una vasta collezione di orologi in diversi stili, colori e materiali presso molti rivenditori di orologi come <a href=\"https:\/\/www.blackfridaydeals.ch\/it\/shops\/christ-orologi-gioielli\/\">CHRIST Uhren &amp; Schmuck<\/a> o CHRISTIAN.<\/span><\/p>\n<p><span>Quasi tutti i rivenditori di orologi parteciperanno al <a href=\"https:\/\/www.blackfridaydeals.ch\/it\/black-friday-2026\/\">Black Friday 2026<\/a> con promozioni simili, dato che nel settore sembra essersi stabilita questa tendenza. In linea generale, potrai approfittare di uno sconto del 20 o 30% su tutta la gamma. Alcune marche possono essere escluse dalla promozione, ma la maggior parte dei negozi escluder\u00e0 al massimo gli articoli gi\u00e0 in promozione.<\/span><\/p>\n<p><span>I rivenditori possono anche concedere uno sconto per categoria. Questo si traduce in un risparmio leggermente superiore, ma solo una parte della gamma viene scontata. Pertanto, non tutti i clienti troveranno automaticamente ci\u00f2 che cercano. Ma se trovi l&#8217;orologio che desideri, puoi aspettarti di trovare un&#8217;occasione. Durante il Black Friday 2026, di solito si pu\u00f2 risparmiare tra il 30 e il 40% se c&#8217;\u00e8 uno sconto di categoria. Di solito i rivenditori scelgono marche o categorie di prodotti che sono apprezzati dai clienti per questo scopo. E si pu\u00f2 dedurre che attraverso questa operazione i negozi cerchino principalmente di sedurre o addirittura incantare il maggior numero di persone possibile.<\/span><\/p>\n<p><span>Secondo noi, nessuno dei due \u00e8 significativamente migliore dell&#8217;altro. Se un rivenditore di orologi non riesce a decidere, pu\u00f2 anche combinare le due promozioni. In questo modo, tutto sarebbe ridotto nel Black Friday 2026, ma una marca o una categoria sarebbe <\/span>scontata<span> pi\u00f9 del resto della gamma.<\/span><\/p>\n<h2>Sconti su orologi di fascia alta per il Black Friday 2026<\/h2>\n<p><span>Non saranno solo gli orologi economici che verranno scontati durante il Black Friday 2026, ma anche i modelli di fascia alta. Molti svizzeri li acquistano in negozi specializzati come Sovogue.ch.<\/span><\/p>\n<p><span>Qui, il Black Friday viene celebrato in maniera un po&#8217; diversa dagli altri rivenditori di orologi, dato che i negozi di solito offrono dei saldi. Scelgono degli orologi e li offrono al miglior prezzo. Se sarai fortunato, questa offerta si tradurr\u00e0 in un orologio pi\u00f9 conveniente di quanto sia mai stato dal suo lancio. I negozi di lusso spesso organizzano i saldi del Black Friday con sconti fino all&#8217;80%. Tuttavia, conviene sempre fare un confronto dei prezzi prima di decidere. Ma quello che \u00e8 certo \u00e8 che con l&#8217;offerta giusta, puoi risparmiare parecchio se acquisti un Rolex<\/span>,<span> per esempio.<\/span><\/p>\n<h2>Altri accessori a prezzi imbattibili<\/h2>\n<p>In molti di questi negozi si possono trovare non solo orologi, ma anche bracciali, collane, orecchini e altri gioielli. Le promozioni sono abbastanza simili, quindi puoi aspettarti sconti forfettari su tutto, ma anche sconti per categorie e svendite. Con le offerte del Black Friday 2026, puoi aggiudicarti degli ottimi affari e risparmiare parecchi soldi acquistando un regalo che delizier\u00e0 i tuoi cari questo Natale. Anche il <a href=\"https:\/\/www.blackfridaydeals.ch\/it\/singles-day\/\">Singles Day<\/a> e il <a href=\"https:\/\/www.blackfridaydeals.ch\/it\/cyber-monday\/\">Cyber Monday<\/a> sono due giorni di shopping che sono diventati sempre pi\u00f9 importanti e quindi meritano la tua attenzione.<\/p>\n<p>&nbsp;<\/p>\n<h3>Altri articoli interessanti<\/h3>\n<ul>\n<li><a href=\"https:\/\/www.blackfridaydeals.ch\/it\/black-friday-foto-video\/\">Le migliori occasioni del Black Friday per le foto e i video<\/a><\/li>\n<li><a href=\"https:\/\/www.blackfridaydeals.ch\/it\/fotocamere-black-friday\/\">Le migliori occasioni per le fotocamere durante il Black Friday<\/a><\/li>\n<li><a href=\"https:\/\/www.blackfridaydeals.ch\/it\/articoli-ufficio-black-friday\/\">Le migliori offerte per gli articoli da ufficio del Black Friday<\/a><\/li>\n<li><a href=\"https:\/\/www.blackfridaydeals.ch\/it\/smartwatch-black-friday\/\">Le migliori offerte sugli smartwatch del Black Friday<\/a><\/li>\n<li><a href=\"https:\/\/www.blackfridaydeals.ch\/it\/black-friday-giocattoli\/\">Le migliori offerte del Black Friday sui giocattoli<\/a><\/li>\n<li><a href=\"\/?page_id=49443\">Le migliori offerte nel mondo della bellezza del Black Friday<\/a><\/li>\n<li><a href=\"https:\/\/www.blackfridaydeals.ch\/it\/black-friday-sistemi-audio\/\">Le migliori offerte del Black Friday dei sistemi audio<\/a><\/li>\n<li><a href=\"https:\/\/www.blackfridaydeals.ch\/it\/black-friday-computer-portatili\/\">Le migliori offerte del Black Friday per i computer portatili<\/a><\/li>\n<li><a href=\"https:\/\/www.blackfridaydeals.ch\/it\/cucina-black-friday\/\">Una nuova cucina ad un prezzo vantaggioso per il Black Friday<\/a><\/li>\n<li><a href=\"https:\/\/www.blackfridaydeals.ch\/it\/profumi-black-friday\/\">Come trovare profumi delicati ad un prezzo scontato durante il Black Friday<\/a><\/li>\n<li><a href=\"https:\/\/www.blackfridaydeals.ch\/it\/scarpe-black-friday\/\">Scarpe di alta qualit\u00e0 a prezzi abbordabili \u2013 Black Friday<\/a><\/li>\n<li><a href=\"https:\/\/www.blackfridaydeals.ch\/it\/black-friday-home-cinema\/\">Le migliori offerte del Black Friday sull\u2019home cinema<\/a><\/li>\n<li><a href=\"https:\/\/www.blackfridaydeals.ch\/it\/black-friday-alimentari\/\">Le migliori occasioni del Black Friday per i prodotti alimentari<\/a><\/li>\n<li><a href=\"https:\/\/www.blackfridaydeals.ch\/it\/black-friday-mobili\/\">Le migliori offerte del Black Friday per i mobili<\/a><\/li>\n<li><a href=\"https:\/\/www.blackfridaydeals.ch\/it\/offerte-black-friday-fitness\/\">Le migliori offerte del Black Friday per il fitness<\/a><\/li>\n<li><a href=\"https:\/\/www.blackfridaydeals.ch\/it\/black-friday-trattamenti-viso\/\">Le migliori offerte del Black Friday per i trattamenti viso<\/a><\/li>\n<li><a href=\"https:\/\/www.blackfridaydeals.ch\/it\/casa-black-friday\/\">Tutto ci\u00f2 che ti serve per la casa per il Black Friday<\/a><\/li>\n<li><a href=\"https:\/\/www.blackfridaydeals.ch\/it\/viaggi-voli-hotel-black-friday\/\">Viaggi, voli e hotel del Black Friday<\/a><\/li>\n<\/ul>\n<p>[\/vc_column_text][\/vc_column][\/vc_row]<\/p>\n","protected":false},"excerpt":{"rendered":"<p>[vc_row][vc_column][vc_column_text] Periodicamente, potresti desiderare di acquistare un nuovo orologio. E se sei cerchi orologi di alta qualit\u00e0 di marche famose, allora dovrai pagare un prezzo piuttosto alto. Di conseguenza, conviene aspettare il giorno in cui ci sono sconti abbastanza consistenti sugli orologi di alta qualit\u00e0. Il Black Friday \u00e8 un&#8217;ottima opportunit\u00e0 per trovare grandi sconti [&hellip;]<\/p>\n","protected":false},"author":40,"featured_media":37335,"parent":0,"menu_order":0,"comment_status":"closed","ping_status":"closed","template":"","meta":[],"yoast_head":"<!-- This site is optimized with the Yoast SEO plugin v20.5 - https:\/\/yoast.com\/wordpress\/plugins\/seo\/ -->\n<title>Le migliori offerte del Black Friday sugli orologi<\/title>\n<meta name=\"description\" content=\"Orologi: offerte del Black Friday 2026 Qui troverete tutte le offerte del Black Friday nel mondo degli orologi.\" \/>\n<meta name=\"robots\" content=\"index, follow, max-snippet:-1, max-image-preview:large, max-video-preview:-1\" \/>\n<link rel=\"canonical\" href=\"https:\/\/www.blackfridaydeals.ch\/it\/black-friday-orologi\/\" \/>\n<meta property=\"og:locale\" content=\"it_IT\" \/>\n<meta property=\"og:type\" content=\"article\" \/>\n<meta property=\"og:title\" content=\"Le migliori offerte del Black Friday sugli orologi\" \/>\n<meta property=\"og:description\" content=\"Orologi: offerte del Black Friday 2026 Qui troverete tutte le offerte del Black Friday nel mondo degli orologi.\" \/>\n<meta property=\"og:url\" content=\"https:\/\/www.blackfridaydeals.ch\/it\/black-friday-orologi\/\" \/>\n<meta property=\"og:site_name\" content=\"blackfridaydeals.ch\" \/>\n<meta property=\"article:publisher\" content=\"https:\/\/www.facebook.com\/blackfridaydealsch\/\" \/>\n<meta property=\"article:modified_time\" content=\"2025-02-10T13:33:00+00:00\" \/>\n<meta property=\"og:image\" content=\"https:\/\/www.blackfridaydeals.ch\/wp-content\/uploads\/2021\/10\/wrist-watch-g44b170230_1920.jpg\" \/>\n\t<meta property=\"og:image:width\" content=\"1920\" \/>\n\t<meta property=\"og:image:height\" content=\"1223\" \/>\n\t<meta property=\"og:image:type\" content=\"image\/jpeg\" \/>\n<meta name=\"twitter:card\" content=\"summary_large_image\" \/>\n<meta name=\"twitter:site\" content=\"@blackfridaych\" \/>\n<meta name=\"twitter:label1\" content=\"Est. reading time\" \/>\n\t<meta name=\"twitter:data1\" content=\"5 minutes\" \/>\n<script type=\"application\/ld+json\" class=\"yoast-schema-graph\">{\"@context\":\"https:\/\/schema.org\",\"@graph\":[{\"@type\":\"WebPage\",\"@id\":\"https:\/\/www.blackfridaydeals.ch\/it\/black-friday-orologi\/\",\"url\":\"https:\/\/www.blackfridaydeals.ch\/it\/black-friday-orologi\/\",\"name\":\"Le migliori offerte del Black Friday sugli orologi\",\"isPartOf\":{\"@id\":\"https:\/\/www.blackfridaydeals.ch\/it\/#website\"},\"datePublished\":\"2022-03-16T11:05:25+00:00\",\"dateModified\":\"2025-02-10T13:33:00+00:00\",\"description\":\"Orologi: offerte del Black Friday 2026 Qui troverete tutte le offerte del Black Friday nel mondo degli orologi.\",\"breadcrumb\":{\"@id\":\"https:\/\/www.blackfridaydeals.ch\/it\/black-friday-orologi\/#breadcrumb\"},\"inLanguage\":\"it-CH\",\"potentialAction\":[{\"@type\":\"ReadAction\",\"target\":[\"https:\/\/www.blackfridaydeals.ch\/it\/black-friday-orologi\/\"]}]},{\"@type\":\"BreadcrumbList\",\"@id\":\"https:\/\/www.blackfridaydeals.ch\/it\/black-friday-orologi\/#breadcrumb\",\"itemListElement\":[{\"@type\":\"ListItem\",\"position\":1,\"name\":\"Startseite\",\"item\":\"https:\/\/www.blackfridaydeals.ch\/it\/\"},{\"@type\":\"ListItem\",\"position\":2,\"name\":\"Le migliori offerte del Black Friday sugli orologi\"}]},{\"@type\":\"WebSite\",\"@id\":\"https:\/\/www.blackfridaydeals.ch\/it\/#website\",\"url\":\"https:\/\/www.blackfridaydeals.ch\/it\/\",\"name\":\"blackfridaydeals.ch\",\"description\":\"Tutte le offerte del Black Friday 2025 in Svizzera\",\"publisher\":{\"@id\":\"https:\/\/www.blackfridaydeals.ch\/it\/#organization\"},\"alternateName\":\"Black Friday Deals\",\"potentialAction\":[{\"@type\":\"SearchAction\",\"target\":{\"@type\":\"EntryPoint\",\"urlTemplate\":\"https:\/\/www.blackfridaydeals.ch\/it\/?s={search_term_string}\"},\"query-input\":\"required name=search_term_string\"}],\"inLanguage\":\"it-CH\"},{\"@type\":\"Organization\",\"@id\":\"https:\/\/www.blackfridaydeals.ch\/it\/#organization\",\"name\":\"blackfridaydeals.ch\",\"alternateName\":\"Black Friday Deals\",\"url\":\"https:\/\/www.blackfridaydeals.ch\/it\/\",\"logo\":{\"@type\":\"ImageObject\",\"inLanguage\":\"it-CH\",\"@id\":\"https:\/\/www.blackfridaydeals.ch\/it\/#\/schema\/logo\/image\/\",\"url\":\"https:\/\/www.blackfridaydeals.ch\/wp-content\/uploads\/2023\/03\/app-icon-white-bg-jpg.jpg\",\"contentUrl\":\"https:\/\/www.blackfridaydeals.ch\/wp-content\/uploads\/2023\/03\/app-icon-white-bg-jpg.jpg\",\"width\":512,\"height\":512,\"caption\":\"blackfridaydeals.ch\"},\"image\":{\"@id\":\"https:\/\/www.blackfridaydeals.ch\/it\/#\/schema\/logo\/image\/\"},\"sameAs\":[\"https:\/\/www.facebook.com\/blackfridaydealsch\/\",\"https:\/\/twitter.com\/blackfridaych\",\"https:\/\/www.youtube.com\/channel\/UCNKXHacMw8AS34mBgzVx3FQ\",\"https:\/\/www.instagram.com\/blackfridaydeals.ch\/\"]}]}<\/script>\n<!-- \/ Yoast SEO plugin. -->","yoast_head_json":{"title":"Le migliori offerte del Black Friday sugli orologi","description":"Orologi: offerte del Black Friday 2026 Qui troverete tutte le offerte del Black Friday nel mondo degli orologi.","robots":{"index":"index","follow":"follow","max-snippet":"max-snippet:-1","max-image-preview":"max-image-preview:large","max-video-preview":"max-video-preview:-1"},"canonical":"https:\/\/www.blackfridaydeals.ch\/it\/black-friday-orologi\/","og_locale":"it_IT","og_type":"article","og_title":"Le migliori offerte del Black Friday sugli orologi","og_description":"Orologi: offerte del Black Friday 2026 Qui troverete tutte le offerte del Black Friday nel mondo degli orologi.","og_url":"https:\/\/www.blackfridaydeals.ch\/it\/black-friday-orologi\/","og_site_name":"blackfridaydeals.ch","article_publisher":"https:\/\/www.facebook.com\/blackfridaydealsch\/","article_modified_time":"2025-02-10T13:33:00+00:00","og_image":[{"width":1920,"height":1223,"url":"https:\/\/www.blackfridaydeals.ch\/wp-content\/uploads\/2021\/10\/wrist-watch-g44b170230_1920.jpg","type":"image\/jpeg"}],"twitter_card":"summary_large_image","twitter_site":"@blackfridaych","twitter_misc":{"Est. reading time":"5 minutes"},"schema":{"@context":"https:\/\/schema.org","@graph":[{"@type":"WebPage","@id":"https:\/\/www.blackfridaydeals.ch\/it\/black-friday-orologi\/","url":"https:\/\/www.blackfridaydeals.ch\/it\/black-friday-orologi\/","name":"Le migliori offerte del Black Friday sugli orologi","isPartOf":{"@id":"https:\/\/www.blackfridaydeals.ch\/it\/#website"},"datePublished":"2022-03-16T11:05:25+00:00","dateModified":"2025-02-10T13:33:00+00:00","description":"Orologi: offerte del Black Friday 2026 Qui troverete tutte le offerte del Black Friday nel mondo degli orologi.","breadcrumb":{"@id":"https:\/\/www.blackfridaydeals.ch\/it\/black-friday-orologi\/#breadcrumb"},"inLanguage":"it-CH","potentialAction":[{"@type":"ReadAction","target":["https:\/\/www.blackfridaydeals.ch\/it\/black-friday-orologi\/"]}]},{"@type":"BreadcrumbList","@id":"https:\/\/www.blackfridaydeals.ch\/it\/black-friday-orologi\/#breadcrumb","itemListElement":[{"@type":"ListItem","position":1,"name":"Startseite","item":"https:\/\/www.blackfridaydeals.ch\/it\/"},{"@type":"ListItem","position":2,"name":"Le migliori offerte del Black Friday sugli orologi"}]},{"@type":"WebSite","@id":"https:\/\/www.blackfridaydeals.ch\/it\/#website","url":"https:\/\/www.blackfridaydeals.ch\/it\/","name":"blackfridaydeals.ch","description":"Tutte le offerte del Black Friday 2025 in Svizzera","publisher":{"@id":"https:\/\/www.blackfridaydeals.ch\/it\/#organization"},"alternateName":"Black Friday Deals","potentialAction":[{"@type":"SearchAction","target":{"@type":"EntryPoint","urlTemplate":"https:\/\/www.blackfridaydeals.ch\/it\/?s={search_term_string}"},"query-input":"required name=search_term_string"}],"inLanguage":"it-CH"},{"@type":"Organization","@id":"https:\/\/www.blackfridaydeals.ch\/it\/#organization","name":"blackfridaydeals.ch","alternateName":"Black Friday Deals","url":"https:\/\/www.blackfridaydeals.ch\/it\/","logo":{"@type":"ImageObject","inLanguage":"it-CH","@id":"https:\/\/www.blackfridaydeals.ch\/it\/#\/schema\/logo\/image\/","url":"https:\/\/www.blackfridaydeals.ch\/wp-content\/uploads\/2023\/03\/app-icon-white-bg-jpg.jpg","contentUrl":"https:\/\/www.blackfridaydeals.ch\/wp-content\/uploads\/2023\/03\/app-icon-white-bg-jpg.jpg","width":512,"height":512,"caption":"blackfridaydeals.ch"},"image":{"@id":"https:\/\/www.blackfridaydeals.ch\/it\/#\/schema\/logo\/image\/"},"sameAs":["https:\/\/www.facebook.com\/blackfridaydealsch\/","https:\/\/twitter.com\/blackfridaych","https:\/\/www.youtube.com\/channel\/UCNKXHacMw8AS34mBgzVx3FQ","https:\/\/www.instagram.com\/blackfridaydeals.ch\/"]}]}},"_links":{"self":[{"href":"https:\/\/www.blackfridaydeals.ch\/it\/wp-json\/wp\/v2\/pages\/49446"}],"collection":[{"href":"https:\/\/www.blackfridaydeals.ch\/it\/wp-json\/wp\/v2\/pages"}],"about":[{"href":"https:\/\/www.blackfridaydeals.ch\/it\/wp-json\/wp\/v2\/types\/page"}],"author":[{"embeddable":true,"href":"https:\/\/www.blackfridaydeals.ch\/it\/wp-json\/wp\/v2\/users\/40"}],"replies":[{"embeddable":true,"href":"https:\/\/www.blackfridaydeals.ch\/it\/wp-json\/wp\/v2\/comments?post=49446"}],"version-history":[{"count":6,"href":"https:\/\/www.blackfridaydeals.ch\/it\/wp-json\/wp\/v2\/pages\/49446\/revisions"}],"predecessor-version":[{"id":64808,"href":"https:\/\/www.blackfridaydeals.ch\/it\/wp-json\/wp\/v2\/pages\/49446\/revisions\/64808"}],"wp:featuredmedia":[{"embeddable":true,"href":"https:\/\/www.blackfridaydeals.ch\/it\/wp-json\/wp\/v2\/media\/37335"}],"wp:attachment":[{"href":"https:\/\/www.blackfridaydeals.ch\/it\/wp-json\/wp\/v2\/media?parent=49446"}],"curies":[{"name":"wp","href":"https:\/\/api.w.org\/{rel}","templated":true}]}}