{"id":49441,"date":"2022-03-16T11:56:35","date_gmt":"2022-03-16T10:56:35","guid":{"rendered":"https:\/\/www.blackfridaydeals.ch\/?page_id=49441"},"modified":"2025-02-10T14:24:56","modified_gmt":"2025-02-10T13:24:56","slug":"black-friday-sistemi-audio","status":"publish","type":"page","link":"https:\/\/www.blackfridaydeals.ch\/it\/black-friday-sistemi-audio\/","title":{"rendered":"Le migliori offerte del Black Friday dei sistemi audio"},"content":{"rendered":"<p>[vc_row][vc_column]\n[vc_column_text]<span><img decoding=\"async\" class=\"alignright size-medium wp-image-37345\" src=\"https:\/\/www.blackfridaydeals.ch\/wp-content\/uploads\/2021\/10\/electronics-g3d4e026bb_1280-300x169.jpg\" alt=\"\" width=\"300\" height=\"169\" srcset=\"https:\/\/www.blackfridaydeals.ch\/wp-content\/uploads\/2021\/10\/electronics-g3d4e026bb_1280-300x169.jpg 300w, https:\/\/www.blackfridaydeals.ch\/wp-content\/uploads\/2021\/10\/electronics-g3d4e026bb_1280-1024x576.jpg 1024w, https:\/\/www.blackfridaydeals.ch\/wp-content\/uploads\/2021\/10\/electronics-g3d4e026bb_1280-768x432.jpg 768w, https:\/\/www.blackfridaydeals.ch\/wp-content\/uploads\/2021\/10\/electronics-g3d4e026bb_1280-1536x864.jpg 1536w, https:\/\/www.blackfridaydeals.ch\/wp-content\/uploads\/2021\/10\/electronics-g3d4e026bb_1280-2048x1152.jpg 2048w, https:\/\/www.blackfridaydeals.ch\/wp-content\/uploads\/2021\/10\/electronics-g3d4e026bb_1280-788x443.jpg 788w, https:\/\/www.blackfridaydeals.ch\/wp-content\/uploads\/2021\/10\/electronics-g3d4e026bb_1280-150x84.jpg 150w, https:\/\/www.blackfridaydeals.ch\/wp-content\/uploads\/2021\/10\/electronics-g3d4e026bb_1280.jpg 1280w\" sizes=\"(max-width: 300px) 100vw, 300px\" \/><\/span><\/p>\n<p style=\"text-align: center;\"><a href=\"https:\/\/www.blackfridaydeals.ch\/it\/elettronica-intrattenimento\/\" target=\"_blank\" style=\"border-radius:5px\" class=\"wpsm-button btncolor medium rehub_btn_color\"><i class=\"rhicon rhi-none\"><\/i>Vedi le migliori offerte di sistemi audio<\/a><\/p>\n<p><span>Se stai cercando una buona qualit\u00e0 audio, sarai sicuramente felice di acquistare nuovi altoparlanti e cuffie a prezzi pi\u00f9 convenienti. Soprattutto perch\u00e9 i dispositivi di marca spesso hanno un prezzo piuttosto alto. Ma forse la buona notizia \u00e8 che alla fine di novembre, molti negozi scontano i loro prodotti in preparazione della stagione delle feste. Specialmente durante il <a href=\"https:\/\/www.blackfridaydeals.ch\/it\/\">Black Friday<\/a>, puoi contare su tante buone offerte. Abbiamo dato un&#8217;occhiata a quello che potrebbe succedere nel mondo del suono:<\/span><\/p>\n<h2>Goditi i film con un sistema home cinema<\/h2>\n<p><span>Sicuramente sogni di guardare un film nel tuo salotto, di trovarti nel pieno dell&#8217;azione come se fossi in un cinema. Perch\u00e9 no? Allora inizia a dedicare attenzione al sistema audio, perch\u00e9 con una buona qualit\u00e0 del suono ti sentirai proprio al centro dell&#8217;azione.<\/span><br \/>\n<span>Un sistema home cinema di solito \u00e8 costituito da un certo numero di altoparlanti che possono essere posizionati intorno alla stanza per offrire un suono che riempie tutto il tuo soggiorno. Tra i marchi noti che possono produrre questo effetto ci sono Sony e Bose, che si sono affermati tra gli intenditori di cuffie e altoparlanti di alta qualit\u00e0. Per esempio, il sistema audio SONY HT-A9 e il sistema home cinema BOSE Lifestyle 650 5.1 sono molto richiesti. La maggior parte dei modelli ha un prezzo di poco pi\u00f9 di CHF 2.000, e troverai molte opzioni che vanno fino a circa CHF 4.000.<\/span><\/p>\n<p><span>Durante il Black Friday 2026, sar\u00e0 possibile trovare grandi sconti sui sistemi di home cinema presso rivenditori come Media Markt. Secondo noi, questo avverr\u00e0 sotto forma di svendita, dove una selezione di singoli dispositivi sar\u00e0 presentata a prezzi sensibilmente ribassati. E potrebbe anche esserci tutta una serie di attrezzature disponibili al miglior prezzo possibile. Con un po&#8217; di fortuna, potrai risparmiare pi\u00f9 del 50% e vivere questa immersione totale nel mondo del cinema a casa tua per soli CHF 1.000. Possiamo immaginare che la promozione continuer\u00e0 fino al <a href=\"https:\/\/www.blackfridaydeals.ch\/it\/cyber-monday\/\">Cyber Monday<\/a>, ma sar\u00e0 anche possibile che i negozi presentino un&#8217;offerta analoga per quell&#8217;occasione.<\/span><\/p>\n<h2>Piacere del suono con cuffie di alta qualit\u00e0<\/h2>\n<p><span>Chi cerca una qualit\u00e0 del suono straordinaria in mobilit\u00e0 e senza disturbare gli altri pu\u00f2 contare su sconti su vari tipi di cuffie. Tutto diventa un piacere assoluto grazie all&#8217;ottima qualit\u00e0 del suono, alla tecnologia di riduzione del rumore e alla lunga durata della batteria: nuovi film, musica, telefonate e videoconferenze saranno tutti perfetti e ti conquisteranno.<\/span><br \/>\n<span>Un modello apprezzato, per esempio, sono le cuffie on-ear BOSE QuietComfort 35 II. Tuttavia, anche gli Apple AirPods Pro (2\u00aa generazione) e le cuffie on-ear BEATS Solo 3 Bluetooth vengono acquistati spesso. Ora sono molto popolari anche le BOSE QuietComfort 45, che offrono un noise cancelling migliorato e un&#8217;autonomia di circa 24 ore.<\/span><\/p>\n<p><span>Molte cuffie di fascia alta costano pi\u00f9 di 100 CHF e i prezzi sono in continua ascesa, come per molti gadget tecnologici. Al Black Friday 2026, tuttavia, troverai molti sconti interessanti. Possiamo immaginare che i rivenditori offriranno molti modelli per meno di 100 CHF. \u00c8 una gamma simile a quella dell&#8217;home cinema ma selezionata per essere presente nelle occasioni. Se sarai fortunato, potrai risparmiare fino all&#8217;80%.<\/span><\/p>\n<h2>Altoparlanti portatili e altri<\/h2>\n<p><span>Anche se i sistemi home cinema e le cuffie di alta qualit\u00e0 sono attualmente molto richiesti, questi non rappresentano l&#8217;intero settore del suono. Molti clienti sono anche interessati agli altoparlanti portatili che si possono collegare a un telefono cellulare o a un computer tramite Bluetooth. I modelli Ultimate Ears sono particolarmente popolari, ma anche Teufel e molti altri produttori offrono questi tipi di altoparlanti nella loro offerta.<\/span><br \/>\nCome per le cuffie e i sistemi audio, pensiamo che anche gli altoparlanti saranno selezionati per essere presenti tra i numerosi saldi del <a href=\"https:\/\/www.blackfridaydeals.ch\/it\/black-friday-2026\/\">Black Friday 2026<\/a>. \u00c8 possibile aspettarsi sconti di oltre il 50% su <a href=\"\/?dealstore=microspot-it\">microspot.ch<\/a> per esempio e in altri negozi di elettronica. Se vuoi un suono perfetto, aspetta fino alla fine di novembre per approfittare delle tante offerte interessanti. Si pu\u00f2 anche risparmiare molto durante il <a href=\"https:\/\/www.blackfridaydeals.ch\/it\/singles-day\/\">Singles Day<\/a> in molti negozi.<\/p>\n<p>&nbsp;<\/p>\n<h3>Altri articoli interessanti<\/h3>\n<ul>\n<li><a href=\"https:\/\/www.blackfridaydeals.ch\/it\/black-friday-foto-video\/\">Le migliori occasioni del Black Friday per le foto e i video<\/a><\/li>\n<li><a href=\"https:\/\/www.blackfridaydeals.ch\/it\/fotocamere-black-friday\/\">Le migliori occasioni per le fotocamere durante il Black Friday<\/a><\/li>\n<li><a href=\"https:\/\/www.blackfridaydeals.ch\/it\/articoli-ufficio-black-friday\/\">Le migliori offerte per gli articoli da ufficio del Black Friday<\/a><\/li>\n<li><a href=\"https:\/\/www.blackfridaydeals.ch\/it\/smartwatch-black-friday\/\">Le migliori offerte sugli smartwatch del Black Friday<\/a><\/li>\n<li><a href=\"https:\/\/www.blackfridaydeals.ch\/it\/black-friday-giocattoli\/\">Le migliori offerte del Black Friday sui giocattoli<\/a><\/li>\n<li><a href=\"https:\/\/www.blackfridaydeals.ch\/it\/black-friday-orologi\/\">Le migliori offerte del Black Friday sugli orologi<\/a><\/li>\n<li><a href=\"\/?page_id=49443\">Le migliori offerte nel mondo della bellezza del Black Friday<\/a><\/li>\n<li><a href=\"https:\/\/www.blackfridaydeals.ch\/it\/black-friday-computer-portatili\/\">Le migliori offerte del Black Friday per i computer portatili<\/a><\/li>\n<li><a href=\"https:\/\/www.blackfridaydeals.ch\/it\/cucina-black-friday\/\">Una nuova cucina ad un prezzo vantaggioso per il Black Friday<\/a><\/li>\n<li><a href=\"https:\/\/www.blackfridaydeals.ch\/it\/profumi-black-friday\/\">Come trovare profumi delicati ad un prezzo scontato durante il Black Friday<\/a><\/li>\n<li><a href=\"https:\/\/www.blackfridaydeals.ch\/it\/scarpe-black-friday\/\">Scarpe di alta qualit\u00e0 a prezzi abbordabili \u2013 Black Friday<\/a><\/li>\n<li><a href=\"https:\/\/www.blackfridaydeals.ch\/it\/black-friday-home-cinema\/\">Le migliori offerte del Black Friday sull\u2019home cinema<\/a><\/li>\n<li><a href=\"https:\/\/www.blackfridaydeals.ch\/it\/black-friday-alimentari\/\">Le migliori occasioni del Black Friday per i prodotti alimentari<\/a><\/li>\n<li><a href=\"https:\/\/www.blackfridaydeals.ch\/it\/black-friday-mobili\/\">Le migliori offerte del Black Friday per i mobili<\/a><\/li>\n<li><a href=\"https:\/\/www.blackfridaydeals.ch\/it\/offerte-black-friday-fitness\/\">Le migliori offerte del Black Friday per il fitness<\/a><\/li>\n<li><a href=\"https:\/\/www.blackfridaydeals.ch\/it\/black-friday-trattamenti-viso\/\">Le migliori offerte del Black Friday per i trattamenti viso<\/a><\/li>\n<li><a href=\"https:\/\/www.blackfridaydeals.ch\/it\/casa-black-friday\/\">Tutto ci\u00f2 che ti serve per la casa per il Black Friday<\/a><\/li>\n<li><a href=\"https:\/\/www.blackfridaydeals.ch\/it\/viaggi-voli-hotel-black-friday\/\">Viaggi, voli e hotel del Black Friday<\/a><\/li>\n<\/ul>\n<p>[\/vc_column_text][\/vc_column][\/vc_row]<\/p>\n","protected":false},"excerpt":{"rendered":"<p>[vc_row][vc_column][vc_column_text] Se stai cercando una buona qualit\u00e0 audio, sarai sicuramente felice di acquistare nuovi altoparlanti e cuffie a prezzi pi\u00f9 convenienti. Soprattutto perch\u00e9 i dispositivi di marca spesso hanno un prezzo piuttosto alto. Ma forse la buona notizia \u00e8 che alla fine di novembre, molti negozi scontano i loro prodotti in preparazione della stagione delle [&hellip;]<\/p>\n","protected":false},"author":40,"featured_media":37345,"parent":0,"menu_order":0,"comment_status":"closed","ping_status":"closed","template":"","meta":[],"yoast_head":"<!-- This site is optimized with the Yoast SEO plugin v20.5 - https:\/\/yoast.com\/wordpress\/plugins\/seo\/ -->\n<title>Le migliori offerte del Black Friday dei sistemi audio<\/title>\n<meta name=\"description\" content=\"Sistemi Audio: offerte del Black Friday 2026 Qui troverete tutte le offerte del Black Friday nel mondo del suono.\" \/>\n<meta name=\"robots\" content=\"noindex, follow\" \/>\n<meta property=\"og:locale\" content=\"it_IT\" \/>\n<meta property=\"og:type\" content=\"article\" \/>\n<meta property=\"og:title\" content=\"Le migliori offerte del Black Friday dei sistemi audio\" \/>\n<meta property=\"og:description\" content=\"Sistemi Audio: offerte del Black Friday 2026 Qui troverete tutte le offerte del Black Friday nel mondo del suono.\" \/>\n<meta property=\"og:url\" content=\"https:\/\/www.blackfridaydeals.ch\/it\/black-friday-sistemi-audio\/\" \/>\n<meta property=\"og:site_name\" content=\"blackfridaydeals.ch\" \/>\n<meta property=\"article:publisher\" content=\"https:\/\/www.facebook.com\/blackfridaydealsch\/\" \/>\n<meta property=\"article:modified_time\" content=\"2025-02-10T13:24:56+00:00\" \/>\n<meta property=\"og:image\" content=\"https:\/\/www.blackfridaydeals.ch\/wp-content\/uploads\/2021\/10\/electronics-g3d4e026bb_1280.jpg\" \/>\n\t<meta property=\"og:image:width\" content=\"1280\" \/>\n\t<meta property=\"og:image:height\" content=\"720\" \/>\n\t<meta property=\"og:image:type\" content=\"image\/jpeg\" \/>\n<meta name=\"twitter:card\" content=\"summary_large_image\" \/>\n<meta name=\"twitter:site\" content=\"@blackfridaych\" \/>\n<meta name=\"twitter:label1\" content=\"Est. reading time\" \/>\n\t<meta name=\"twitter:data1\" content=\"5 minutes\" \/>\n<script type=\"application\/ld+json\" class=\"yoast-schema-graph\">{\"@context\":\"https:\/\/schema.org\",\"@graph\":[{\"@type\":\"WebPage\",\"@id\":\"https:\/\/www.blackfridaydeals.ch\/it\/black-friday-sistemi-audio\/\",\"url\":\"https:\/\/www.blackfridaydeals.ch\/it\/black-friday-sistemi-audio\/\",\"name\":\"Le migliori offerte del Black Friday dei sistemi audio\",\"isPartOf\":{\"@id\":\"https:\/\/www.blackfridaydeals.ch\/it\/#website\"},\"datePublished\":\"2022-03-16T10:56:35+00:00\",\"dateModified\":\"2025-02-10T13:24:56+00:00\",\"description\":\"Sistemi Audio: offerte del Black Friday 2026 Qui troverete tutte le offerte del Black Friday nel mondo del suono.\",\"breadcrumb\":{\"@id\":\"https:\/\/www.blackfridaydeals.ch\/it\/black-friday-sistemi-audio\/#breadcrumb\"},\"inLanguage\":\"it-CH\",\"potentialAction\":[{\"@type\":\"ReadAction\",\"target\":[\"https:\/\/www.blackfridaydeals.ch\/it\/black-friday-sistemi-audio\/\"]}]},{\"@type\":\"BreadcrumbList\",\"@id\":\"https:\/\/www.blackfridaydeals.ch\/it\/black-friday-sistemi-audio\/#breadcrumb\",\"itemListElement\":[{\"@type\":\"ListItem\",\"position\":1,\"name\":\"Startseite\",\"item\":\"https:\/\/www.blackfridaydeals.ch\/it\/\"},{\"@type\":\"ListItem\",\"position\":2,\"name\":\"Le migliori offerte del Black Friday dei sistemi audio\"}]},{\"@type\":\"WebSite\",\"@id\":\"https:\/\/www.blackfridaydeals.ch\/it\/#website\",\"url\":\"https:\/\/www.blackfridaydeals.ch\/it\/\",\"name\":\"blackfridaydeals.ch\",\"description\":\"Tutte le offerte del Black Friday 2025 in Svizzera\",\"publisher\":{\"@id\":\"https:\/\/www.blackfridaydeals.ch\/it\/#organization\"},\"alternateName\":\"Black Friday Deals\",\"potentialAction\":[{\"@type\":\"SearchAction\",\"target\":{\"@type\":\"EntryPoint\",\"urlTemplate\":\"https:\/\/www.blackfridaydeals.ch\/it\/?s={search_term_string}\"},\"query-input\":\"required name=search_term_string\"}],\"inLanguage\":\"it-CH\"},{\"@type\":\"Organization\",\"@id\":\"https:\/\/www.blackfridaydeals.ch\/it\/#organization\",\"name\":\"blackfridaydeals.ch\",\"alternateName\":\"Black Friday Deals\",\"url\":\"https:\/\/www.blackfridaydeals.ch\/it\/\",\"logo\":{\"@type\":\"ImageObject\",\"inLanguage\":\"it-CH\",\"@id\":\"https:\/\/www.blackfridaydeals.ch\/it\/#\/schema\/logo\/image\/\",\"url\":\"https:\/\/www.blackfridaydeals.ch\/wp-content\/uploads\/2023\/03\/app-icon-white-bg-jpg.jpg\",\"contentUrl\":\"https:\/\/www.blackfridaydeals.ch\/wp-content\/uploads\/2023\/03\/app-icon-white-bg-jpg.jpg\",\"width\":512,\"height\":512,\"caption\":\"blackfridaydeals.ch\"},\"image\":{\"@id\":\"https:\/\/www.blackfridaydeals.ch\/it\/#\/schema\/logo\/image\/\"},\"sameAs\":[\"https:\/\/www.facebook.com\/blackfridaydealsch\/\",\"https:\/\/twitter.com\/blackfridaych\",\"https:\/\/www.youtube.com\/channel\/UCNKXHacMw8AS34mBgzVx3FQ\",\"https:\/\/www.instagram.com\/blackfridaydeals.ch\/\"]}]}<\/script>\n<!-- \/ Yoast SEO plugin. -->","yoast_head_json":{"title":"Le migliori offerte del Black Friday dei sistemi audio","description":"Sistemi Audio: offerte del Black Friday 2026 Qui troverete tutte le offerte del Black Friday nel mondo del suono.","robots":{"index":"noindex","follow":"follow"},"og_locale":"it_IT","og_type":"article","og_title":"Le migliori offerte del Black Friday dei sistemi audio","og_description":"Sistemi Audio: offerte del Black Friday 2026 Qui troverete tutte le offerte del Black Friday nel mondo del suono.","og_url":"https:\/\/www.blackfridaydeals.ch\/it\/black-friday-sistemi-audio\/","og_site_name":"blackfridaydeals.ch","article_publisher":"https:\/\/www.facebook.com\/blackfridaydealsch\/","article_modified_time":"2025-02-10T13:24:56+00:00","og_image":[{"width":1280,"height":720,"url":"https:\/\/www.blackfridaydeals.ch\/wp-content\/uploads\/2021\/10\/electronics-g3d4e026bb_1280.jpg","type":"image\/jpeg"}],"twitter_card":"summary_large_image","twitter_site":"@blackfridaych","twitter_misc":{"Est. reading time":"5 minutes"},"schema":{"@context":"https:\/\/schema.org","@graph":[{"@type":"WebPage","@id":"https:\/\/www.blackfridaydeals.ch\/it\/black-friday-sistemi-audio\/","url":"https:\/\/www.blackfridaydeals.ch\/it\/black-friday-sistemi-audio\/","name":"Le migliori offerte del Black Friday dei sistemi audio","isPartOf":{"@id":"https:\/\/www.blackfridaydeals.ch\/it\/#website"},"datePublished":"2022-03-16T10:56:35+00:00","dateModified":"2025-02-10T13:24:56+00:00","description":"Sistemi Audio: offerte del Black Friday 2026 Qui troverete tutte le offerte del Black Friday nel mondo del suono.","breadcrumb":{"@id":"https:\/\/www.blackfridaydeals.ch\/it\/black-friday-sistemi-audio\/#breadcrumb"},"inLanguage":"it-CH","potentialAction":[{"@type":"ReadAction","target":["https:\/\/www.blackfridaydeals.ch\/it\/black-friday-sistemi-audio\/"]}]},{"@type":"BreadcrumbList","@id":"https:\/\/www.blackfridaydeals.ch\/it\/black-friday-sistemi-audio\/#breadcrumb","itemListElement":[{"@type":"ListItem","position":1,"name":"Startseite","item":"https:\/\/www.blackfridaydeals.ch\/it\/"},{"@type":"ListItem","position":2,"name":"Le migliori offerte del Black Friday dei sistemi audio"}]},{"@type":"WebSite","@id":"https:\/\/www.blackfridaydeals.ch\/it\/#website","url":"https:\/\/www.blackfridaydeals.ch\/it\/","name":"blackfridaydeals.ch","description":"Tutte le offerte del Black Friday 2025 in Svizzera","publisher":{"@id":"https:\/\/www.blackfridaydeals.ch\/it\/#organization"},"alternateName":"Black Friday Deals","potentialAction":[{"@type":"SearchAction","target":{"@type":"EntryPoint","urlTemplate":"https:\/\/www.blackfridaydeals.ch\/it\/?s={search_term_string}"},"query-input":"required name=search_term_string"}],"inLanguage":"it-CH"},{"@type":"Organization","@id":"https:\/\/www.blackfridaydeals.ch\/it\/#organization","name":"blackfridaydeals.ch","alternateName":"Black Friday Deals","url":"https:\/\/www.blackfridaydeals.ch\/it\/","logo":{"@type":"ImageObject","inLanguage":"it-CH","@id":"https:\/\/www.blackfridaydeals.ch\/it\/#\/schema\/logo\/image\/","url":"https:\/\/www.blackfridaydeals.ch\/wp-content\/uploads\/2023\/03\/app-icon-white-bg-jpg.jpg","contentUrl":"https:\/\/www.blackfridaydeals.ch\/wp-content\/uploads\/2023\/03\/app-icon-white-bg-jpg.jpg","width":512,"height":512,"caption":"blackfridaydeals.ch"},"image":{"@id":"https:\/\/www.blackfridaydeals.ch\/it\/#\/schema\/logo\/image\/"},"sameAs":["https:\/\/www.facebook.com\/blackfridaydealsch\/","https:\/\/twitter.com\/blackfridaych","https:\/\/www.youtube.com\/channel\/UCNKXHacMw8AS34mBgzVx3FQ","https:\/\/www.instagram.com\/blackfridaydeals.ch\/"]}]}},"_links":{"self":[{"href":"https:\/\/www.blackfridaydeals.ch\/it\/wp-json\/wp\/v2\/pages\/49441"}],"collection":[{"href":"https:\/\/www.blackfridaydeals.ch\/it\/wp-json\/wp\/v2\/pages"}],"about":[{"href":"https:\/\/www.blackfridaydeals.ch\/it\/wp-json\/wp\/v2\/types\/page"}],"author":[{"embeddable":true,"href":"https:\/\/www.blackfridaydeals.ch\/it\/wp-json\/wp\/v2\/users\/40"}],"replies":[{"embeddable":true,"href":"https:\/\/www.blackfridaydeals.ch\/it\/wp-json\/wp\/v2\/comments?post=49441"}],"version-history":[{"count":7,"href":"https:\/\/www.blackfridaydeals.ch\/it\/wp-json\/wp\/v2\/pages\/49441\/revisions"}],"predecessor-version":[{"id":98879,"href":"https:\/\/www.blackfridaydeals.ch\/it\/wp-json\/wp\/v2\/pages\/49441\/revisions\/98879"}],"wp:featuredmedia":[{"embeddable":true,"href":"https:\/\/www.blackfridaydeals.ch\/it\/wp-json\/wp\/v2\/media\/37345"}],"wp:attachment":[{"href":"https:\/\/www.blackfridaydeals.ch\/it\/wp-json\/wp\/v2\/media?parent=49441"}],"curies":[{"name":"wp","href":"https:\/\/api.w.org\/{rel}","templated":true}]}}