{"id":49438,"date":"2022-03-16T11:51:00","date_gmt":"2022-03-16T10:51:00","guid":{"rendered":"https:\/\/www.blackfridaydeals.ch\/?page_id=49438"},"modified":"2025-02-10T14:25:58","modified_gmt":"2025-02-10T13:25:58","slug":"black-friday-computer-portatili","status":"publish","type":"page","link":"https:\/\/www.blackfridaydeals.ch\/it\/black-friday-computer-portatili\/","title":{"rendered":"Le migliori offerte del Black Friday per i computer portatili"},"content":{"rendered":"<p>[vc_row][vc_column]\n[vc_column_text]<span><img decoding=\"async\" class=\"alignright size-medium wp-image-37300\" src=\"https:\/\/www.blackfridaydeals.ch\/wp-content\/uploads\/2021\/10\/laptop-g9e46798c9_1920-300x200.jpg\" alt=\"\" width=\"300\" height=\"200\" srcset=\"https:\/\/www.blackfridaydeals.ch\/wp-content\/uploads\/2021\/10\/laptop-g9e46798c9_1920-300x200.jpg 300w, https:\/\/www.blackfridaydeals.ch\/wp-content\/uploads\/2021\/10\/laptop-g9e46798c9_1920-1024x683.jpg 1024w, https:\/\/www.blackfridaydeals.ch\/wp-content\/uploads\/2021\/10\/laptop-g9e46798c9_1920-768x512.jpg 768w, https:\/\/www.blackfridaydeals.ch\/wp-content\/uploads\/2021\/10\/laptop-g9e46798c9_1920-1536x1024.jpg 1536w, https:\/\/www.blackfridaydeals.ch\/wp-content\/uploads\/2021\/10\/laptop-g9e46798c9_1920-2048x1365.jpg 2048w, https:\/\/www.blackfridaydeals.ch\/wp-content\/uploads\/2021\/10\/laptop-g9e46798c9_1920-788x525.jpg 788w, https:\/\/www.blackfridaydeals.ch\/wp-content\/uploads\/2021\/10\/laptop-g9e46798c9_1920-150x100.jpg 150w, https:\/\/www.blackfridaydeals.ch\/wp-content\/uploads\/2021\/10\/laptop-g9e46798c9_1920.jpg 1920w\" sizes=\"(max-width: 300px) 100vw, 300px\" \/><\/span><\/p>\n<p style=\"text-align: center;\"><a href=\"https:\/\/www.blackfridaydeals.ch\/it\/elettronica-intrattenimento\/\" target=\"_blank\" style=\"border-radius:5px\" class=\"wpsm-button btncolor medium rehub_btn_color\"><i class=\"rhicon rhi-none\"><\/i>Vedi le migliori offerte di computer portatili<\/a><\/p>\n<p><span>Che sia per studio, lavoro o tempo libero, molti svizzeri possiedono un computer portatile o un tablet. Esistono molti prodotti di marca e costosi per i quali devi risparmiare per diversi mesi prima di poterli acquistare. Tuttavia, puoi risparmiare pi\u00f9 di 100 franchi se puoi aspettare fino al <a href=\"https:\/\/www.blackfridaydeals.ch\/it\/\">Black Friday<\/a> 2026. Ci sono molte occasioni che ti aspettano. Quindi abbiamo raccolto le informazioni pi\u00f9 importanti sulle offerte. Ecco cosa devi sapere:<\/span><\/p>\n<h2>Offerte per i computer portatili per il Black Friday 2026<\/h2>\n<p><span>Se desideri acquistare un nuovo computer portatile, \u00e8 molto probabile che potrai trovare grandi sconti durante il Black Friday. Molti rivenditori di elettronica offrono computer portatili per tutte le esigenze a prezzi scontati durante questa giornata. Quasi sempre i negozi di elettronica organizzano dei saldi con sconti fino all&#8217;80% sui singoli articoli. Per fare ci\u00f2, selezionano singoli modelli che sono particolarmente popolari tra i clienti. Spesso vengono scontate anche le novit\u00e0 o i modelli pi\u00f9 vecchi, in modo che la scelta risulti cos\u00ec ampia e diversificata da soddisfare ogni budget e necessit\u00e0.<\/span><br \/>\n<span>\u00c8 molto probabile che gli attuali bestseller del settore saranno scontati in occasione del Black Friday 2026. Puoi aspettarti degli sconti, ad esempio, sull\u2019APPLE MacBook Air (2020) M1 con un display da 13,3 pollici e SSD da 256GB. Potresti anche trovare ribassi sul MacBook Air (2022) M2, sebbene sia un modello pi\u00f9 recente e di solito pi\u00f9 costoso. Naturalmente, potrai anche trovare il LENOVO IdeaPad 3 15IGL05 con uno schermo da 15,6&#8243; di diagonale e 128GB SSD e molti altri portatili popolari a prezzi ridotti.<\/span><\/p>\n<h2>Tablet a prezzi convenienti per il Black Friday 2026<\/h2>\n<p><span>Chi preferisce lavorare con uno schermo pi\u00f9 piccolo o chi non usa spesso la tastiera tradizionale potrebbe preferire un tablet a un portatile. I tablet sono disponibili in molte marche diverse, con diversi sistemi operativi e per diversi budget. Un modello popolare, per esempio, \u00e8 l\u2019**APPLE iPad Air (2020) Wi-Fi** con uno schermo da 10,9 pollici e 64GB di spazio di archiviazione. Altrettanto richiesto \u00e8 il **SAMSUNG Galaxy Tab A7** Wi-Fi con uno schermo da 10,4 pollici e 32GB di memoria.<\/span><br \/>\n<span>Per il <a href=\"https:\/\/www.blackfridaydeals.ch\/it\/black-friday-2026\/\">Black Friday 2026<\/a>, potrai trovare i tablet ovunque a prezzi scontati. Li potrai acquistare da MediaMarkt e presso molti altri rivenditori di elettronica. Se sai gi\u00e0 di che marca vuoi il tuo nuovo tablet, potresti anche acquistarlo direttamente dal produttore. I produttori e i rivenditori di elettronica proporranno sicuramente offerte durante il Black Friday 2026 e potrai trovare molti tablet al miglior prezzo di sempre. Non dimenticare che potrebbero arrivare buoni sconti anche sui pi\u00f9 recenti modelli di iPad (come iPad 10a generazione o iPad Pro M2) o su tablet di fascia alta di Samsung (come il Galaxy Tab S8\/S9).<\/span><\/p>\n<h2>Tastiere, mouse e altri accessori per computer portatili e tablet<\/h2>\n<p><span>Molti svizzeri preferiscono comprare un mouse per lavorare comodamente con il loro laptop, cos\u00ec come tastiere e pennette compatibili con il loro tablet. Anche questi accessori saranno scontati durante il Black Friday 2026.<\/span><br \/>\n<span>Potrai aspettarti sconti simili a quelli per i dispositivi stessi. Tuttavia, \u00e8 importante ricordare che non tutti gli articoli sono scontati del 50% o pi\u00f9. Questo perch\u00e9 lo sconto per ogni articolo \u00e8 stabilito individualmente durante i saldi e solo alcuni prodotti arrivano effettivamente a riduzioni dell\u201980%. \u00c8 quindi possibile che le offerte per i singoli articoli siano migliori nel <a href=\"https:\/\/www.blackfridaydeals.ch\/it\/singles-day\/\">Singles Day<\/a> o nel <a href=\"https:\/\/www.blackfridaydeals.ch\/it\/cyber-monday\/\">Cyber Monday<\/a> rispetto al Black Friday 2026. In ogni caso, vale la pena dare un\u2019occhiata alle offerte nei vari negozi in tutte queste occasioni, cos\u00ec puoi confrontare i prezzi e ottenere la migliore offerta a novembre.<\/span><\/p>\n<p>&nbsp;<\/p>\n<h3>Altri articoli interessanti<\/h3>\n<ul>\n<li><a href=\"https:\/\/www.blackfridaydeals.ch\/it\/black-friday-foto-video\/\">Le migliori occasioni del Black Friday per le foto e i video<\/a><\/li>\n<li><a href=\"https:\/\/www.blackfridaydeals.ch\/it\/fotocamere-black-friday\/\">Le migliori occasioni per le fotocamere durante il Black Friday<\/a><\/li>\n<li><a href=\"https:\/\/www.blackfridaydeals.ch\/it\/articoli-ufficio-black-friday\/\">Le migliori offerte per gli articoli da ufficio del Black Friday<\/a><\/li>\n<li><a href=\"https:\/\/www.blackfridaydeals.ch\/it\/smartwatch-black-friday\/\">Le migliori offerte sugli smartwatch del Black Friday<\/a><\/li>\n<li><a href=\"https:\/\/www.blackfridaydeals.ch\/it\/black-friday-giocattoli\/\">Le migliori offerte del Black Friday sui giocattoli<\/a><\/li>\n<li><a href=\"https:\/\/www.blackfridaydeals.ch\/it\/black-friday-orologi\/\">Le migliori offerte del Black Friday sugli orologi<\/a><\/li>\n<li><a href=\"\/?page_id=49443\">Le migliori offerte nel mondo della bellezza del Black Friday<\/a><\/li>\n<li><a href=\"https:\/\/www.blackfridaydeals.ch\/it\/black-friday-sistemi-audio\/\">Le migliori offerte del Black Friday dei sistemi audio<\/a><\/li>\n<li><a href=\"https:\/\/www.blackfridaydeals.ch\/it\/cucina-black-friday\/\">Una nuova cucina ad un prezzo vantaggioso per il Black Friday<\/a><\/li>\n<li><a href=\"https:\/\/www.blackfridaydeals.ch\/it\/profumi-black-friday\/\">Come trovare profumi delicati ad un prezzo scontato durante il Black Friday<\/a><\/li>\n<li><a href=\"https:\/\/www.blackfridaydeals.ch\/it\/scarpe-black-friday\/\">Scarpe di alta qualit\u00e0 a prezzi abbordabili \u2013 Black Friday<\/a><\/li>\n<li><a href=\"https:\/\/www.blackfridaydeals.ch\/it\/black-friday-home-cinema\/\">Le migliori offerte del Black Friday sull\u2019home cinema<\/a><\/li>\n<li><a href=\"https:\/\/www.blackfridaydeals.ch\/it\/black-friday-alimentari\/\">Le migliori occasioni del Black Friday per i prodotti alimentari<\/a><\/li>\n<li><a href=\"https:\/\/www.blackfridaydeals.ch\/it\/black-friday-mobili\/\">Le migliori offerte del Black Friday per i mobili<\/a><\/li>\n<li><a href=\"https:\/\/www.blackfridaydeals.ch\/it\/offerte-black-friday-fitness\/\">Le migliori offerte del Black Friday per il fitness<\/a><\/li>\n<li><a href=\"https:\/\/www.blackfridaydeals.ch\/it\/black-friday-trattamenti-viso\/\">Le migliori offerte del Black Friday per i trattamenti viso<\/a><\/li>\n<li><a href=\"https:\/\/www.blackfridaydeals.ch\/it\/casa-black-friday\/\">Tutto ci\u00f2 che ti serve per la casa per il Black Friday<\/a><\/li>\n<li><a href=\"https:\/\/www.blackfridaydeals.ch\/it\/viaggi-voli-hotel-black-friday\/\">Viaggi, voli e hotel del Black Friday<\/a><\/li>\n<\/ul>\n<p>[\/vc_column_text][\/vc_column][\/vc_row]<\/p>\n","protected":false},"excerpt":{"rendered":"<p>[vc_row][vc_column][vc_column_text] Che sia per studio, lavoro o tempo libero, molti svizzeri possiedono un computer portatile o un tablet. Esistono molti prodotti di marca e costosi per i quali devi risparmiare per diversi mesi prima di poterli acquistare. Tuttavia, puoi risparmiare pi\u00f9 di 100 franchi se puoi aspettare fino al Black Friday . Ci sono molte [&hellip;]<\/p>\n","protected":false},"author":40,"featured_media":37300,"parent":0,"menu_order":0,"comment_status":"closed","ping_status":"closed","template":"","meta":[],"yoast_head":"<!-- This site is optimized with the Yoast SEO plugin v20.5 - https:\/\/yoast.com\/wordpress\/plugins\/seo\/ -->\n<title>Le migliori offerte del Black Friday per i computer portatili<\/title>\n<meta name=\"description\" content=\"Computer portatili: offerte del Black Friday 2026 Ecco tutte le offerte del Black Friday nel mondo dei computer portatili.\" \/>\n<meta name=\"robots\" content=\"index, follow, max-snippet:-1, max-image-preview:large, max-video-preview:-1\" \/>\n<link rel=\"canonical\" href=\"https:\/\/www.blackfridaydeals.ch\/it\/black-friday-computer-portatili\/\" \/>\n<meta property=\"og:locale\" content=\"it_IT\" \/>\n<meta property=\"og:type\" content=\"article\" \/>\n<meta property=\"og:title\" content=\"Le migliori offerte del Black Friday per i computer portatili\" \/>\n<meta property=\"og:description\" content=\"Computer portatili: offerte del Black Friday 2026 Ecco tutte le offerte del Black Friday nel mondo dei computer portatili.\" \/>\n<meta property=\"og:url\" content=\"https:\/\/www.blackfridaydeals.ch\/it\/black-friday-computer-portatili\/\" \/>\n<meta property=\"og:site_name\" content=\"blackfridaydeals.ch\" \/>\n<meta property=\"article:publisher\" content=\"https:\/\/www.facebook.com\/blackfridaydealsch\/\" \/>\n<meta property=\"article:modified_time\" content=\"2025-02-10T13:25:58+00:00\" \/>\n<meta property=\"og:image\" content=\"https:\/\/www.blackfridaydeals.ch\/wp-content\/uploads\/2021\/10\/laptop-g9e46798c9_1920.jpg\" \/>\n\t<meta property=\"og:image:width\" content=\"1920\" \/>\n\t<meta property=\"og:image:height\" content=\"1280\" \/>\n\t<meta property=\"og:image:type\" content=\"image\/jpeg\" \/>\n<meta name=\"twitter:card\" content=\"summary_large_image\" \/>\n<meta name=\"twitter:site\" content=\"@blackfridaych\" \/>\n<meta name=\"twitter:label1\" content=\"Est. reading time\" \/>\n\t<meta name=\"twitter:data1\" content=\"5 minutes\" \/>\n<script type=\"application\/ld+json\" class=\"yoast-schema-graph\">{\"@context\":\"https:\/\/schema.org\",\"@graph\":[{\"@type\":\"WebPage\",\"@id\":\"https:\/\/www.blackfridaydeals.ch\/it\/black-friday-computer-portatili\/\",\"url\":\"https:\/\/www.blackfridaydeals.ch\/it\/black-friday-computer-portatili\/\",\"name\":\"Le migliori offerte del Black Friday per i computer portatili\",\"isPartOf\":{\"@id\":\"https:\/\/www.blackfridaydeals.ch\/it\/#website\"},\"datePublished\":\"2022-03-16T10:51:00+00:00\",\"dateModified\":\"2025-02-10T13:25:58+00:00\",\"description\":\"Computer portatili: offerte del Black Friday 2026 Ecco tutte le offerte del Black Friday nel mondo dei computer portatili.\",\"breadcrumb\":{\"@id\":\"https:\/\/www.blackfridaydeals.ch\/it\/black-friday-computer-portatili\/#breadcrumb\"},\"inLanguage\":\"it-CH\",\"potentialAction\":[{\"@type\":\"ReadAction\",\"target\":[\"https:\/\/www.blackfridaydeals.ch\/it\/black-friday-computer-portatili\/\"]}]},{\"@type\":\"BreadcrumbList\",\"@id\":\"https:\/\/www.blackfridaydeals.ch\/it\/black-friday-computer-portatili\/#breadcrumb\",\"itemListElement\":[{\"@type\":\"ListItem\",\"position\":1,\"name\":\"Startseite\",\"item\":\"https:\/\/www.blackfridaydeals.ch\/it\/\"},{\"@type\":\"ListItem\",\"position\":2,\"name\":\"Le migliori offerte del Black Friday per i computer portatili\"}]},{\"@type\":\"WebSite\",\"@id\":\"https:\/\/www.blackfridaydeals.ch\/it\/#website\",\"url\":\"https:\/\/www.blackfridaydeals.ch\/it\/\",\"name\":\"blackfridaydeals.ch\",\"description\":\"Tutte le offerte del Black Friday 2025 in Svizzera\",\"publisher\":{\"@id\":\"https:\/\/www.blackfridaydeals.ch\/it\/#organization\"},\"alternateName\":\"Black Friday Deals\",\"potentialAction\":[{\"@type\":\"SearchAction\",\"target\":{\"@type\":\"EntryPoint\",\"urlTemplate\":\"https:\/\/www.blackfridaydeals.ch\/it\/?s={search_term_string}\"},\"query-input\":\"required name=search_term_string\"}],\"inLanguage\":\"it-CH\"},{\"@type\":\"Organization\",\"@id\":\"https:\/\/www.blackfridaydeals.ch\/it\/#organization\",\"name\":\"blackfridaydeals.ch\",\"alternateName\":\"Black Friday Deals\",\"url\":\"https:\/\/www.blackfridaydeals.ch\/it\/\",\"logo\":{\"@type\":\"ImageObject\",\"inLanguage\":\"it-CH\",\"@id\":\"https:\/\/www.blackfridaydeals.ch\/it\/#\/schema\/logo\/image\/\",\"url\":\"https:\/\/www.blackfridaydeals.ch\/wp-content\/uploads\/2023\/03\/app-icon-white-bg-jpg.jpg\",\"contentUrl\":\"https:\/\/www.blackfridaydeals.ch\/wp-content\/uploads\/2023\/03\/app-icon-white-bg-jpg.jpg\",\"width\":512,\"height\":512,\"caption\":\"blackfridaydeals.ch\"},\"image\":{\"@id\":\"https:\/\/www.blackfridaydeals.ch\/it\/#\/schema\/logo\/image\/\"},\"sameAs\":[\"https:\/\/www.facebook.com\/blackfridaydealsch\/\",\"https:\/\/twitter.com\/blackfridaych\",\"https:\/\/www.youtube.com\/channel\/UCNKXHacMw8AS34mBgzVx3FQ\",\"https:\/\/www.instagram.com\/blackfridaydeals.ch\/\"]}]}<\/script>\n<!-- \/ Yoast SEO plugin. -->","yoast_head_json":{"title":"Le migliori offerte del Black Friday per i computer portatili","description":"Computer portatili: offerte del Black Friday 2026 Ecco tutte le offerte del Black Friday nel mondo dei computer portatili.","robots":{"index":"index","follow":"follow","max-snippet":"max-snippet:-1","max-image-preview":"max-image-preview:large","max-video-preview":"max-video-preview:-1"},"canonical":"https:\/\/www.blackfridaydeals.ch\/it\/black-friday-computer-portatili\/","og_locale":"it_IT","og_type":"article","og_title":"Le migliori offerte del Black Friday per i computer portatili","og_description":"Computer portatili: offerte del Black Friday 2026 Ecco tutte le offerte del Black Friday nel mondo dei computer portatili.","og_url":"https:\/\/www.blackfridaydeals.ch\/it\/black-friday-computer-portatili\/","og_site_name":"blackfridaydeals.ch","article_publisher":"https:\/\/www.facebook.com\/blackfridaydealsch\/","article_modified_time":"2025-02-10T13:25:58+00:00","og_image":[{"width":1920,"height":1280,"url":"https:\/\/www.blackfridaydeals.ch\/wp-content\/uploads\/2021\/10\/laptop-g9e46798c9_1920.jpg","type":"image\/jpeg"}],"twitter_card":"summary_large_image","twitter_site":"@blackfridaych","twitter_misc":{"Est. reading time":"5 minutes"},"schema":{"@context":"https:\/\/schema.org","@graph":[{"@type":"WebPage","@id":"https:\/\/www.blackfridaydeals.ch\/it\/black-friday-computer-portatili\/","url":"https:\/\/www.blackfridaydeals.ch\/it\/black-friday-computer-portatili\/","name":"Le migliori offerte del Black Friday per i computer portatili","isPartOf":{"@id":"https:\/\/www.blackfridaydeals.ch\/it\/#website"},"datePublished":"2022-03-16T10:51:00+00:00","dateModified":"2025-02-10T13:25:58+00:00","description":"Computer portatili: offerte del Black Friday 2026 Ecco tutte le offerte del Black Friday nel mondo dei computer portatili.","breadcrumb":{"@id":"https:\/\/www.blackfridaydeals.ch\/it\/black-friday-computer-portatili\/#breadcrumb"},"inLanguage":"it-CH","potentialAction":[{"@type":"ReadAction","target":["https:\/\/www.blackfridaydeals.ch\/it\/black-friday-computer-portatili\/"]}]},{"@type":"BreadcrumbList","@id":"https:\/\/www.blackfridaydeals.ch\/it\/black-friday-computer-portatili\/#breadcrumb","itemListElement":[{"@type":"ListItem","position":1,"name":"Startseite","item":"https:\/\/www.blackfridaydeals.ch\/it\/"},{"@type":"ListItem","position":2,"name":"Le migliori offerte del Black Friday per i computer portatili"}]},{"@type":"WebSite","@id":"https:\/\/www.blackfridaydeals.ch\/it\/#website","url":"https:\/\/www.blackfridaydeals.ch\/it\/","name":"blackfridaydeals.ch","description":"Tutte le offerte del Black Friday 2025 in Svizzera","publisher":{"@id":"https:\/\/www.blackfridaydeals.ch\/it\/#organization"},"alternateName":"Black Friday Deals","potentialAction":[{"@type":"SearchAction","target":{"@type":"EntryPoint","urlTemplate":"https:\/\/www.blackfridaydeals.ch\/it\/?s={search_term_string}"},"query-input":"required name=search_term_string"}],"inLanguage":"it-CH"},{"@type":"Organization","@id":"https:\/\/www.blackfridaydeals.ch\/it\/#organization","name":"blackfridaydeals.ch","alternateName":"Black Friday Deals","url":"https:\/\/www.blackfridaydeals.ch\/it\/","logo":{"@type":"ImageObject","inLanguage":"it-CH","@id":"https:\/\/www.blackfridaydeals.ch\/it\/#\/schema\/logo\/image\/","url":"https:\/\/www.blackfridaydeals.ch\/wp-content\/uploads\/2023\/03\/app-icon-white-bg-jpg.jpg","contentUrl":"https:\/\/www.blackfridaydeals.ch\/wp-content\/uploads\/2023\/03\/app-icon-white-bg-jpg.jpg","width":512,"height":512,"caption":"blackfridaydeals.ch"},"image":{"@id":"https:\/\/www.blackfridaydeals.ch\/it\/#\/schema\/logo\/image\/"},"sameAs":["https:\/\/www.facebook.com\/blackfridaydealsch\/","https:\/\/twitter.com\/blackfridaych","https:\/\/www.youtube.com\/channel\/UCNKXHacMw8AS34mBgzVx3FQ","https:\/\/www.instagram.com\/blackfridaydeals.ch\/"]}]}},"_links":{"self":[{"href":"https:\/\/www.blackfridaydeals.ch\/it\/wp-json\/wp\/v2\/pages\/49438"}],"collection":[{"href":"https:\/\/www.blackfridaydeals.ch\/it\/wp-json\/wp\/v2\/pages"}],"about":[{"href":"https:\/\/www.blackfridaydeals.ch\/it\/wp-json\/wp\/v2\/types\/page"}],"author":[{"embeddable":true,"href":"https:\/\/www.blackfridaydeals.ch\/it\/wp-json\/wp\/v2\/users\/40"}],"replies":[{"embeddable":true,"href":"https:\/\/www.blackfridaydeals.ch\/it\/wp-json\/wp\/v2\/comments?post=49438"}],"version-history":[{"count":7,"href":"https:\/\/www.blackfridaydeals.ch\/it\/wp-json\/wp\/v2\/pages\/49438\/revisions"}],"predecessor-version":[{"id":98880,"href":"https:\/\/www.blackfridaydeals.ch\/it\/wp-json\/wp\/v2\/pages\/49438\/revisions\/98880"}],"wp:featuredmedia":[{"embeddable":true,"href":"https:\/\/www.blackfridaydeals.ch\/it\/wp-json\/wp\/v2\/media\/37300"}],"wp:attachment":[{"href":"https:\/\/www.blackfridaydeals.ch\/it\/wp-json\/wp\/v2\/media?parent=49438"}],"curies":[{"name":"wp","href":"https:\/\/api.w.org\/{rel}","templated":true}]}}