{"id":49436,"date":"2022-03-16T11:47:39","date_gmt":"2022-03-16T10:47:39","guid":{"rendered":"https:\/\/www.blackfridaydeals.ch\/?page_id=49436"},"modified":"2025-02-10T15:20:48","modified_gmt":"2025-02-10T14:20:48","slug":"cucina-black-friday","status":"publish","type":"page","link":"https:\/\/www.blackfridaydeals.ch\/it\/cucina-black-friday\/","title":{"rendered":"Una nuova cucina ad un prezzo vantaggioso per il Black Friday"},"content":{"rendered":"<p>[vc_row][vc_column]\n[vc_column_text]<span><img decoding=\"async\" class=\"alignright size-medium wp-image-37309\" src=\"https:\/\/www.blackfridaydeals.ch\/wp-content\/uploads\/2021\/10\/kitchen-gcb5534617_1920-300x199.jpg\" alt=\"\" width=\"300\" height=\"199\" srcset=\"https:\/\/www.blackfridaydeals.ch\/wp-content\/uploads\/2021\/10\/kitchen-gcb5534617_1920-300x199.jpg 300w, https:\/\/www.blackfridaydeals.ch\/wp-content\/uploads\/2021\/10\/kitchen-gcb5534617_1920-1024x678.jpg 1024w, https:\/\/www.blackfridaydeals.ch\/wp-content\/uploads\/2021\/10\/kitchen-gcb5534617_1920-767x508.jpg 767w, https:\/\/www.blackfridaydeals.ch\/wp-content\/uploads\/2021\/10\/kitchen-gcb5534617_1920-1536x1017.jpg 1536w, https:\/\/www.blackfridaydeals.ch\/wp-content\/uploads\/2021\/10\/kitchen-gcb5534617_1920-2048x1356.jpg 2048w, https:\/\/www.blackfridaydeals.ch\/wp-content\/uploads\/2021\/10\/kitchen-gcb5534617_1920-788x521.jpg 788w, https:\/\/www.blackfridaydeals.ch\/wp-content\/uploads\/2021\/10\/kitchen-gcb5534617_1920-150x99.jpg 150w, https:\/\/www.blackfridaydeals.ch\/wp-content\/uploads\/2021\/10\/kitchen-gcb5534617_1920.jpg 1920w\" sizes=\"(max-width: 300px) 100vw, 300px\" \/><\/span><\/p>\n<p style=\"text-align: center;\"><a href=\"https:\/\/www.blackfridaydeals.ch\/it\/home-living\/\" target=\"_blank\" style=\"border-radius:5px\" class=\"wpsm-button btncolor medium rehub_btn_color\"><i class=\"rhicon rhi-none\"><\/i>Mostra le migliori offerte su Cucine<\/a><\/p>\n<p><span>Comprare una nuova cucina significa affrontare una spesa importante, anche se ci si limita all&#8217;essenziale. Ecco perch\u00e9 molti svizzeri sono sempre alla ricerca, sperando di trovare offerte sulle cucine. Il Black Friday 2026 offre una fantastica opportunit\u00e0: che si tratti di un fornello, una padella o un altro utensile, tutto ci\u00f2 che ti serve per la cucina pu\u00f2 essere trovato ad un prezzo scontato. Ecco una panoramica delle occasioni di questo settore.<\/span><\/p>\n<h2>Sconti nei negozi di mobili il Black Friday 2026<\/h2>\n<p><span>Durante il <a href=\"https:\/\/www.blackfridaydeals.ch\/it\/?page_id=35521\">Black Friday<\/a>, puoi aspettarti forti sconti presso molti rivenditori di mobili. Naturalmente, la cucina non \u00e8 esclusa. Quindi puoi ottenere uno sconto su tutto ci\u00f2 che riguarda la cucina, e questo spazia dalle credenze ai fornelli e ai rubinetti.<\/span><\/p>\n<p><span>La migliore opportunit\u00e0 di trovare grossi sconti \u00e8 quando il rivenditore di mobili decide di applicare uno sconto di categoria. Questo si traduce in un risparmio considerevole su una parte della gamma. Se un negozio sceglie le cucine come categoria, potresti riuscire ad acquistare la tua nuova cucina ad un ottimo prezzo. Qui puoi immaginare uno sconto di circa il 30%, magari anche del 40%. Con una cucina che costa pi\u00f9 di 1.000 franchi come minimo, puoi ancora risparmiare diverse centinaia di franchi.<\/span><\/p>\n<p><span>Ma non \u00e8 affatto sicuro che i rivenditori di mobili offrano uno sconto sulla categoria cucina. Analogamente, Ikea e i suoi concorrenti probabilmente offriranno solo uno sconto forfettario su tutto, o anche una svendita.<\/span><\/p>\n<h2>Pentole, posate e stoviglie a prezzi convenienti<\/h2>\n<p><span>In una cucina, ci sono ovviamente gli utensili per cucinare e mangiare. Se cerchi un wok o una ciotola per cereali, anche questi verranno venduti a prezzi scontati durante il <a href=\"https:\/\/www.blackfridaydeals.ch\/it\/\">Black Friday<\/a>.<\/span><\/p>\n<p><span>In questo caso, uno sconto forfettario sugli utensili da cucina e da pranzo \u00e8 l&#8217;opzione pi\u00f9 interessante. Potresti attrezzare le tue credenze con un&#8217;offerta di questo tipo da Cornelia o in un grande negozio di mobili. L&#8217;unico problema \u00e8 che lo sconto \u00e8 un po&#8217; pi\u00f9 modesto di uno sconto di categoria. Infatti, con uno sconto generale su tutto il Black Friday, di solito si risparmia circa il 20%. Negli ultimi anni, alcuni negozi hanno anche optato per uno sconto del 30%.<\/span><\/p>\n<h2>Fai il pieno di ingredienti di alta qualit\u00e0 a prezzi vantaggiosi<\/h2>\n<p><span>Oltre allo spazio per riporre le cose, la tecnologia e gli utensili, naturalmente servono anche gli ingredienti in cucina. La maggior parte degli svizzeri fa la spesa al supermercato locale, ma puoi anche fare acquisti online al supermercato o approfittare di un negozio di gastronomia. Quindi da Migros a fust.ch, puoi aspettarti un&#8217;ampia scelta di ingredienti di alta qualit\u00e0.<\/span><\/p>\n<p>In questo settore, crediamo che le svendite siano lo scenario pi\u00f9 probabile per il Black Friday 2026. Questo consentirebbe ai negozi di selezionare singoli articoli che attirano molti clienti, come i prodotti di base o le prelibatezze rare. Con questa offerta, potresti quindi acquistare pasta e riso, ma anche squisiti mix di spezie e champagne a prezzi pi\u00f9 contenuti. Sono possibili sconti fino al 70%. Se sarai fortunato, potrai anche trovare offerte durante il <a href=\"https:\/\/www.blackfridaydeals.ch\/it\/singles-day\/\">Singles Day<\/a> e il <a href=\"https:\/\/www.blackfridaydeals.ch\/it\/cyber-monday\/\">Cyber Monday<\/a>. Quindi tieni d&#8217;occhio questi eventi di shopping, che stanno iniziando a prendere piede in Svizzera!<\/p>\n<p>&nbsp;<\/p>\n<h3>Altri articoli interessanti<\/h3>\n<ul>\n<li><a href=\"https:\/\/www.blackfridaydeals.ch\/it\/black-friday-foto-video\/\">Le migliori occasioni del Black Friday per le foto e i video<\/a><\/li>\n<li><a href=\"https:\/\/www.blackfridaydeals.ch\/it\/fotocamere-black-friday\/\">Le migliori occasioni per le fotocamere durante il Black Friday<\/a><\/li>\n<li><a href=\"https:\/\/www.blackfridaydeals.ch\/it\/articoli-ufficio-black-friday\/\">Le migliori offerte per gli articoli da ufficio del Black Friday<\/a><\/li>\n<li><a href=\"https:\/\/www.blackfridaydeals.ch\/it\/smartwatch-black-friday\/\">Le migliori offerte sugli smartwatch del Black Friday<\/a><\/li>\n<li><a href=\"https:\/\/www.blackfridaydeals.ch\/it\/black-friday-giocattoli\/\">Le migliori offerte del Black Friday sui giocattoli<\/a><\/li>\n<li><a href=\"https:\/\/www.blackfridaydeals.ch\/it\/black-friday-orologi\/\">Le migliori offerte del Black Friday sugli orologi<\/a><\/li>\n<li><a href=\"\/?page_id=49443\">Le migliori offerte nel mondo della bellezza del Black Friday<\/a><\/li>\n<li><a href=\"https:\/\/www.blackfridaydeals.ch\/it\/black-friday-sistemi-audio\/\">Le migliori offerte del Black Friday dei sistemi audio<\/a><\/li>\n<li><a href=\"https:\/\/www.blackfridaydeals.ch\/it\/black-friday-computer-portatili\/\">Le migliori offerte del Black Friday per i computer portatili<\/a><\/li>\n<li><a href=\"https:\/\/www.blackfridaydeals.ch\/it\/profumi-black-friday\/\">Come trovare profumi delicati ad un prezzo scontato durante il Black Friday<\/a><\/li>\n<li><a href=\"https:\/\/www.blackfridaydeals.ch\/it\/scarpe-black-friday\/\">Scarpe di alta qualit\u00e0 a prezzi abbordabili \u2013 Black Friday<\/a><\/li>\n<li><a href=\"https:\/\/www.blackfridaydeals.ch\/it\/black-friday-home-cinema\/\">Le migliori offerte del Black Friday sull\u2019home cinema<\/a><\/li>\n<li><a href=\"https:\/\/www.blackfridaydeals.ch\/it\/black-friday-alimentari\/\">Le migliori occasioni del Black Friday per i prodotti alimentari<\/a><\/li>\n<li><a href=\"https:\/\/www.blackfridaydeals.ch\/it\/black-friday-mobili\/\">Le migliori offerte del Black Friday per i mobili<\/a><\/li>\n<li><a href=\"https:\/\/www.blackfridaydeals.ch\/it\/offerte-black-friday-fitness\/\">Le migliori offerte del Black Friday per il fitness<\/a><\/li>\n<li><a href=\"https:\/\/www.blackfridaydeals.ch\/it\/black-friday-trattamenti-viso\/\">Le migliori offerte del Black Friday per i trattamenti viso<\/a><\/li>\n<li><a href=\"https:\/\/www.blackfridaydeals.ch\/it\/casa-black-friday\/\">Tutto ci\u00f2 che ti serve per la casa per il Black Friday<\/a><\/li>\n<li><a href=\"https:\/\/www.blackfridaydeals.ch\/it\/viaggi-voli-hotel-black-friday\/\">Viaggi, voli e hotel del Black Friday<\/a><\/li>\n<\/ul>\n<p>[\/vc_column_text][\/vc_column][\/vc_row]<\/p>\n","protected":false},"excerpt":{"rendered":"<p>[vc_row][vc_column][vc_column_text] Comprare una nuova cucina significa affrontare una spesa importante, anche se ci si limita all&#8217;essenziale. Ecco perch\u00e9 molti svizzeri sono sempre alla ricerca, sperando di trovare offerte sulle cucine. Il Black Friday offre una fantastica opportunit\u00e0: che si tratti di un fornello, una padella o un altro utensile, tutto ci\u00f2 che ti serve per [&hellip;]<\/p>\n","protected":false},"author":40,"featured_media":37310,"parent":0,"menu_order":0,"comment_status":"closed","ping_status":"closed","template":"","meta":[],"yoast_head":"<!-- This site is optimized with the Yoast SEO plugin v20.5 - https:\/\/yoast.com\/wordpress\/plugins\/seo\/ -->\n<title>Cucine economiche per il Black Friday 2026<\/title>\n<meta name=\"description\" content=\"Cucina: offerte del Black Friday 2026 Qui troverai tutte le offerte del Black Friday nel mondo della cucina.\" \/>\n<meta name=\"robots\" content=\"index, follow, max-snippet:-1, max-image-preview:large, max-video-preview:-1\" \/>\n<link rel=\"canonical\" href=\"https:\/\/www.blackfridaydeals.ch\/it\/cucina-black-friday\/\" \/>\n<meta property=\"og:locale\" content=\"it_IT\" \/>\n<meta property=\"og:type\" content=\"article\" \/>\n<meta property=\"og:title\" content=\"Cucine economiche per il Black Friday 2026\" \/>\n<meta property=\"og:description\" content=\"Cucina: offerte del Black Friday 2026 Qui troverai tutte le offerte del Black Friday nel mondo della cucina.\" \/>\n<meta property=\"og:url\" content=\"https:\/\/www.blackfridaydeals.ch\/it\/cucina-black-friday\/\" \/>\n<meta property=\"og:site_name\" content=\"blackfridaydeals.ch\" \/>\n<meta property=\"article:publisher\" content=\"https:\/\/www.facebook.com\/blackfridaydealsch\/\" \/>\n<meta property=\"article:modified_time\" content=\"2025-02-10T14:20:48+00:00\" \/>\n<meta property=\"og:image\" content=\"https:\/\/www.blackfridaydeals.ch\/wp-content\/uploads\/2021\/10\/kitchen-gcb5534617_1920.jpg\" \/>\n\t<meta property=\"og:image:width\" content=\"1920\" \/>\n\t<meta property=\"og:image:height\" content=\"1271\" \/>\n\t<meta property=\"og:image:type\" content=\"image\/jpeg\" \/>\n<meta name=\"twitter:card\" content=\"summary_large_image\" \/>\n<meta name=\"twitter:site\" content=\"@blackfridaych\" \/>\n<meta name=\"twitter:label1\" content=\"Est. reading time\" \/>\n\t<meta name=\"twitter:data1\" content=\"5 minutes\" \/>\n<script type=\"application\/ld+json\" class=\"yoast-schema-graph\">{\"@context\":\"https:\/\/schema.org\",\"@graph\":[{\"@type\":\"WebPage\",\"@id\":\"https:\/\/www.blackfridaydeals.ch\/it\/cucina-black-friday\/\",\"url\":\"https:\/\/www.blackfridaydeals.ch\/it\/cucina-black-friday\/\",\"name\":\"Cucine economiche per il Black Friday 2026\",\"isPartOf\":{\"@id\":\"https:\/\/www.blackfridaydeals.ch\/it\/#website\"},\"datePublished\":\"2022-03-16T10:47:39+00:00\",\"dateModified\":\"2025-02-10T14:20:48+00:00\",\"description\":\"Cucina: offerte del Black Friday 2026 Qui troverai tutte le offerte del Black Friday nel mondo della cucina.\",\"breadcrumb\":{\"@id\":\"https:\/\/www.blackfridaydeals.ch\/it\/cucina-black-friday\/#breadcrumb\"},\"inLanguage\":\"it-CH\",\"potentialAction\":[{\"@type\":\"ReadAction\",\"target\":[\"https:\/\/www.blackfridaydeals.ch\/it\/cucina-black-friday\/\"]}]},{\"@type\":\"BreadcrumbList\",\"@id\":\"https:\/\/www.blackfridaydeals.ch\/it\/cucina-black-friday\/#breadcrumb\",\"itemListElement\":[{\"@type\":\"ListItem\",\"position\":1,\"name\":\"Startseite\",\"item\":\"https:\/\/www.blackfridaydeals.ch\/it\/\"},{\"@type\":\"ListItem\",\"position\":2,\"name\":\"Una nuova cucina ad un prezzo vantaggioso per il Black Friday\"}]},{\"@type\":\"WebSite\",\"@id\":\"https:\/\/www.blackfridaydeals.ch\/it\/#website\",\"url\":\"https:\/\/www.blackfridaydeals.ch\/it\/\",\"name\":\"blackfridaydeals.ch\",\"description\":\"Tutte le offerte del Black Friday 2025 in Svizzera\",\"publisher\":{\"@id\":\"https:\/\/www.blackfridaydeals.ch\/it\/#organization\"},\"alternateName\":\"Black Friday Deals\",\"potentialAction\":[{\"@type\":\"SearchAction\",\"target\":{\"@type\":\"EntryPoint\",\"urlTemplate\":\"https:\/\/www.blackfridaydeals.ch\/it\/?s={search_term_string}\"},\"query-input\":\"required name=search_term_string\"}],\"inLanguage\":\"it-CH\"},{\"@type\":\"Organization\",\"@id\":\"https:\/\/www.blackfridaydeals.ch\/it\/#organization\",\"name\":\"blackfridaydeals.ch\",\"alternateName\":\"Black Friday Deals\",\"url\":\"https:\/\/www.blackfridaydeals.ch\/it\/\",\"logo\":{\"@type\":\"ImageObject\",\"inLanguage\":\"it-CH\",\"@id\":\"https:\/\/www.blackfridaydeals.ch\/it\/#\/schema\/logo\/image\/\",\"url\":\"https:\/\/www.blackfridaydeals.ch\/wp-content\/uploads\/2023\/03\/app-icon-white-bg-jpg.jpg\",\"contentUrl\":\"https:\/\/www.blackfridaydeals.ch\/wp-content\/uploads\/2023\/03\/app-icon-white-bg-jpg.jpg\",\"width\":512,\"height\":512,\"caption\":\"blackfridaydeals.ch\"},\"image\":{\"@id\":\"https:\/\/www.blackfridaydeals.ch\/it\/#\/schema\/logo\/image\/\"},\"sameAs\":[\"https:\/\/www.facebook.com\/blackfridaydealsch\/\",\"https:\/\/twitter.com\/blackfridaych\",\"https:\/\/www.youtube.com\/channel\/UCNKXHacMw8AS34mBgzVx3FQ\",\"https:\/\/www.instagram.com\/blackfridaydeals.ch\/\"]}]}<\/script>\n<!-- \/ Yoast SEO plugin. -->","yoast_head_json":{"title":"Cucine economiche per il Black Friday 2026","description":"Cucina: offerte del Black Friday 2026 Qui troverai tutte le offerte del Black Friday nel mondo della cucina.","robots":{"index":"index","follow":"follow","max-snippet":"max-snippet:-1","max-image-preview":"max-image-preview:large","max-video-preview":"max-video-preview:-1"},"canonical":"https:\/\/www.blackfridaydeals.ch\/it\/cucina-black-friday\/","og_locale":"it_IT","og_type":"article","og_title":"Cucine economiche per il Black Friday 2026","og_description":"Cucina: offerte del Black Friday 2026 Qui troverai tutte le offerte del Black Friday nel mondo della cucina.","og_url":"https:\/\/www.blackfridaydeals.ch\/it\/cucina-black-friday\/","og_site_name":"blackfridaydeals.ch","article_publisher":"https:\/\/www.facebook.com\/blackfridaydealsch\/","article_modified_time":"2025-02-10T14:20:48+00:00","og_image":[{"width":1920,"height":1271,"url":"https:\/\/www.blackfridaydeals.ch\/wp-content\/uploads\/2021\/10\/kitchen-gcb5534617_1920.jpg","type":"image\/jpeg"}],"twitter_card":"summary_large_image","twitter_site":"@blackfridaych","twitter_misc":{"Est. reading time":"5 minutes"},"schema":{"@context":"https:\/\/schema.org","@graph":[{"@type":"WebPage","@id":"https:\/\/www.blackfridaydeals.ch\/it\/cucina-black-friday\/","url":"https:\/\/www.blackfridaydeals.ch\/it\/cucina-black-friday\/","name":"Cucine economiche per il Black Friday 2026","isPartOf":{"@id":"https:\/\/www.blackfridaydeals.ch\/it\/#website"},"datePublished":"2022-03-16T10:47:39+00:00","dateModified":"2025-02-10T14:20:48+00:00","description":"Cucina: offerte del Black Friday 2026 Qui troverai tutte le offerte del Black Friday nel mondo della cucina.","breadcrumb":{"@id":"https:\/\/www.blackfridaydeals.ch\/it\/cucina-black-friday\/#breadcrumb"},"inLanguage":"it-CH","potentialAction":[{"@type":"ReadAction","target":["https:\/\/www.blackfridaydeals.ch\/it\/cucina-black-friday\/"]}]},{"@type":"BreadcrumbList","@id":"https:\/\/www.blackfridaydeals.ch\/it\/cucina-black-friday\/#breadcrumb","itemListElement":[{"@type":"ListItem","position":1,"name":"Startseite","item":"https:\/\/www.blackfridaydeals.ch\/it\/"},{"@type":"ListItem","position":2,"name":"Una nuova cucina ad un prezzo vantaggioso per il Black Friday"}]},{"@type":"WebSite","@id":"https:\/\/www.blackfridaydeals.ch\/it\/#website","url":"https:\/\/www.blackfridaydeals.ch\/it\/","name":"blackfridaydeals.ch","description":"Tutte le offerte del Black Friday 2025 in Svizzera","publisher":{"@id":"https:\/\/www.blackfridaydeals.ch\/it\/#organization"},"alternateName":"Black Friday Deals","potentialAction":[{"@type":"SearchAction","target":{"@type":"EntryPoint","urlTemplate":"https:\/\/www.blackfridaydeals.ch\/it\/?s={search_term_string}"},"query-input":"required name=search_term_string"}],"inLanguage":"it-CH"},{"@type":"Organization","@id":"https:\/\/www.blackfridaydeals.ch\/it\/#organization","name":"blackfridaydeals.ch","alternateName":"Black Friday Deals","url":"https:\/\/www.blackfridaydeals.ch\/it\/","logo":{"@type":"ImageObject","inLanguage":"it-CH","@id":"https:\/\/www.blackfridaydeals.ch\/it\/#\/schema\/logo\/image\/","url":"https:\/\/www.blackfridaydeals.ch\/wp-content\/uploads\/2023\/03\/app-icon-white-bg-jpg.jpg","contentUrl":"https:\/\/www.blackfridaydeals.ch\/wp-content\/uploads\/2023\/03\/app-icon-white-bg-jpg.jpg","width":512,"height":512,"caption":"blackfridaydeals.ch"},"image":{"@id":"https:\/\/www.blackfridaydeals.ch\/it\/#\/schema\/logo\/image\/"},"sameAs":["https:\/\/www.facebook.com\/blackfridaydealsch\/","https:\/\/twitter.com\/blackfridaych","https:\/\/www.youtube.com\/channel\/UCNKXHacMw8AS34mBgzVx3FQ","https:\/\/www.instagram.com\/blackfridaydeals.ch\/"]}]}},"_links":{"self":[{"href":"https:\/\/www.blackfridaydeals.ch\/it\/wp-json\/wp\/v2\/pages\/49436"}],"collection":[{"href":"https:\/\/www.blackfridaydeals.ch\/it\/wp-json\/wp\/v2\/pages"}],"about":[{"href":"https:\/\/www.blackfridaydeals.ch\/it\/wp-json\/wp\/v2\/types\/page"}],"author":[{"embeddable":true,"href":"https:\/\/www.blackfridaydeals.ch\/it\/wp-json\/wp\/v2\/users\/40"}],"replies":[{"embeddable":true,"href":"https:\/\/www.blackfridaydeals.ch\/it\/wp-json\/wp\/v2\/comments?post=49436"}],"version-history":[{"count":9,"href":"https:\/\/www.blackfridaydeals.ch\/it\/wp-json\/wp\/v2\/pages\/49436\/revisions"}],"predecessor-version":[{"id":74469,"href":"https:\/\/www.blackfridaydeals.ch\/it\/wp-json\/wp\/v2\/pages\/49436\/revisions\/74469"}],"wp:featuredmedia":[{"embeddable":true,"href":"https:\/\/www.blackfridaydeals.ch\/it\/wp-json\/wp\/v2\/media\/37310"}],"wp:attachment":[{"href":"https:\/\/www.blackfridaydeals.ch\/it\/wp-json\/wp\/v2\/media?parent=49436"}],"curies":[{"name":"wp","href":"https:\/\/api.w.org\/{rel}","templated":true}]}}