{"id":49432,"date":"2022-03-16T11:40:07","date_gmt":"2022-03-16T10:40:07","guid":{"rendered":"https:\/\/www.blackfridaydeals.ch\/?page_id=49432"},"modified":"2025-02-10T13:43:46","modified_gmt":"2025-02-10T12:43:46","slug":"profumi-black-friday","status":"publish","type":"page","link":"https:\/\/www.blackfridaydeals.ch\/it\/profumi-black-friday\/","title":{"rendered":"Come trovare profumi delicati ad un prezzo scontato durante il Black Friday"},"content":{"rendered":"<p>[vc_row][vc_column]\n[vc_column_text]<span><img decoding=\"async\" class=\"alignright size-medium wp-image-38778\" src=\"https:\/\/www.blackfridaydeals.ch\/wp-content\/uploads\/2021\/11\/perfume-g119e956f0_1920-300x199.jpg\" alt=\"\" width=\"300\" height=\"199\" srcset=\"https:\/\/www.blackfridaydeals.ch\/wp-content\/uploads\/2021\/11\/perfume-g119e956f0_1920-300x199.jpg 300w, https:\/\/www.blackfridaydeals.ch\/wp-content\/uploads\/2021\/11\/perfume-g119e956f0_1920-1024x680.jpg 1024w, https:\/\/www.blackfridaydeals.ch\/wp-content\/uploads\/2021\/11\/perfume-g119e956f0_1920-768x510.jpg 768w, https:\/\/www.blackfridaydeals.ch\/wp-content\/uploads\/2021\/11\/perfume-g119e956f0_1920-1536x1020.jpg 1536w, https:\/\/www.blackfridaydeals.ch\/wp-content\/uploads\/2021\/11\/perfume-g119e956f0_1920-2048x1360.jpg 2048w, https:\/\/www.blackfridaydeals.ch\/wp-content\/uploads\/2021\/11\/perfume-g119e956f0_1920-788x523.jpg 788w, https:\/\/www.blackfridaydeals.ch\/wp-content\/uploads\/2021\/11\/perfume-g119e956f0_1920-150x100.jpg 150w, https:\/\/www.blackfridaydeals.ch\/wp-content\/uploads\/2021\/11\/perfume-g119e956f0_1920.jpg 1920w\" sizes=\"(max-width: 300px) 100vw, 300px\" \/><\/span><\/p>\n<p style=\"text-align: center;\"><a href=\"https:\/\/www.blackfridaydeals.ch\/it\/bellezza-salute\/\" target=\"_blank\" style=\"border-radius:5px\" class=\"wpsm-button btncolor medium rehub_btn_color\"><i class=\"rhicon rhi-none\"><\/i>Vedi le migliori offerte di profumi<\/a><\/p>\n<p><span>Puoi acquistare un profumo nuovo per tutto l&#8217;anno. Ad ogni modo, molti svizzeri acquistano i profumi verso la fine dell&#8217;anno. Cos\u00ec possono acquistare regali per i loro cari a Natale, regalarsi qualcosa di nuovo durante i giorni freddi e bui dell&#8217;inverno o semplicemente fare scorta del loro profumo preferito. Durante tutto l&#8217;anno, si trovano sempre sconti nelle farmacie e nei negozi di profumi, ma le offerte del Black Friday 2026 sono particolarmente vantaggiose.<\/span><\/p>\n<h2>Questi negozi offrono grossi sconti sui profumi a novembre<\/h2>\n<p><span>Molte farmacie soddisfano i loro clienti con grandi offerte per il <a href=\"https:\/\/www.blackfridaydeals.ch\/it\/\">Black Friday<\/a> 2026. Non sappiamo con precisione quali negozi parteciperanno all&#8217;evento, ma basandoci sull&#8217;esperienza degli anni precedenti, possiamo desumere che quasi tutti i rivenditori di bellezza prevedono di applicare degli sconti. Questo significa che puoi risparmiare su molti rivenditori, da L&#8217;Occitane a parfum.ch. Questo vale sia per i produttori che per i grandi rivenditori. E chi desidera acquistare altri prodotti di bellezza oltre ai profumi, probabilmente trover\u00e0 di meglio con uno sconto in una grande farmacia.<\/span><\/p>\n<p><span>Oltre ai rivenditori specializzati in prodotti di bellezza, adesso puoi trovare i profumi in molti altri negozi. Ci sono, per esempio, molti rivenditori di moda che offrono una variet\u00e0 di prodotti di bellezza nel loro assortimento. Molti di loro non offrono solo prodotti di marche famose, ma producono anche i propri profumi, prodotti per <\/span>truccarsi<span> e creme.<\/span><\/p>\n<h2>Ecco come saranno scontati i profumi durante il Black Friday 2026<\/h2>\n<p><span>Ad oggi, quasi nessun negozio ha rivelato come celebrer\u00e0 il Black Friday. La maggior parte dei rivenditori non ha ancora annunciato se ha in programma qualche promozione per l&#8217;evento. Ci\u00f2 non \u00e8 insolito ed \u00e8 anche il caso del <a href=\"https:\/\/www.blackfridaydeals.ch\/it\/cyber-monday\/\">Cyber Monday<\/a> e del <a href=\"https:\/\/www.blackfridaydeals.ch\/it\/singles-day\/\">Singles Day<\/a>.<\/span><\/p>\n<p><span>Tuttavia, possiamo fare qualche ipotesi su quali sconti potrebbero essere applicati ai profumi durante il <a href=\"https:\/\/www.blackfridaydeals.ch\/it\/black-friday-2026\/\">Black Friday 2026<\/a>. Secondo noi, ci potrebbe essere uno sconto forfettario su tutta la gamma in molti negozi. Questo di solito comporta uno sconto del 20% o 30%. Negli ultimi anni, \u00e8 stato possibile risparmiare fino al 30% spesso e volentieri, il che significa un grande risparmio in occasione del Black Friday 2026.<\/span><\/p>\n<p><span>Anche se la promozione \u00e8 pubblicizzata come uno sconto fisso su tutta la collezione, i singoli articoli o gli articoli gi\u00e0 in saldo possono essere esclusi dallo sconto. Anche cos\u00ec, per\u00f2, puoi acquistare quasi tutta la linea con uno sconto, quindi ai nostri occhi la promozione \u00e8 tutt&#8217;altro che poco interessante, o addirittura insignificante!<\/span><\/p>\n<h2>Un&#8217;alternativa agli sconti generali: i saldi<\/h2>\n<p><span>Recentemente, anche alcuni rivenditori di profumi hanno iniziato a proporre i saldi. In questo caso, i negozi selezionano dei singoli articoli che pensano possano interessare molti clienti o che dovrebbero essere promossi maggiormente. Gli articoli appartengono di solito a tutta la categoria, ma \u00e8 anche possibile che, per esempio, vengano scontati solo i prodotti per la cura del viso o solo i profumi.<\/span><\/p>\n<p>Di norma, i negozi cercano di offrire una vasta scelta di prodotti in modo che ogni cliente possa trovare quello che desidera. Quindi se cerchi un nuovo profumo o vuoi trovare il tuo profumo preferito ad un prezzo scontato, potresti essere felice di questa offerta. Se trovi qualcosa durante i saldi, puoi approfittare di un risparmio considerevole. Spesso puoi trovare sconti superiori al 50%. Per il Black Friday 2026, possiamo anche immaginare sconti fino all&#8217;80%.<\/p>\n<p>&nbsp;<\/p>\n<h3>Altri articoli interessanti<\/h3>\n<ul>\n<li><a href=\"https:\/\/www.blackfridaydeals.ch\/it\/black-friday-foto-video\/\">Le migliori occasioni del Black Friday per le foto e i video<\/a><\/li>\n<li><a href=\"https:\/\/www.blackfridaydeals.ch\/it\/fotocamere-black-friday\/\">Le migliori occasioni per le fotocamere durante il Black Friday<\/a><\/li>\n<li><a href=\"https:\/\/www.blackfridaydeals.ch\/it\/articoli-ufficio-black-friday\/\">Le migliori offerte per gli articoli da ufficio del Black Friday<\/a><\/li>\n<li><a href=\"https:\/\/www.blackfridaydeals.ch\/it\/smartwatch-black-friday\/\">Le migliori offerte sugli smartwatch del Black Friday<\/a><\/li>\n<li><a href=\"https:\/\/www.blackfridaydeals.ch\/it\/black-friday-giocattoli\/\">Le migliori offerte del Black Friday sui giocattoli<\/a><\/li>\n<li><a href=\"https:\/\/www.blackfridaydeals.ch\/it\/black-friday-orologi\/\">Le migliori offerte del Black Friday sugli orologi<\/a><\/li>\n<li><a href=\"\/?page_id=49443\">Le migliori offerte nel mondo della bellezza del Black Friday<\/a><\/li>\n<li><a href=\"https:\/\/www.blackfridaydeals.ch\/it\/black-friday-sistemi-audio\/\">Le migliori offerte del Black Friday dei sistemi audio<\/a><\/li>\n<li><a href=\"https:\/\/www.blackfridaydeals.ch\/it\/black-friday-computer-portatili\/\">Le migliori offerte del Black Friday per i computer portatili<\/a><\/li>\n<li><a href=\"https:\/\/www.blackfridaydeals.ch\/it\/cucina-black-friday\/\">Una nuova cucina ad un prezzo vantaggioso per il Black Friday<\/a><\/li>\n<li><a href=\"https:\/\/www.blackfridaydeals.ch\/it\/scarpe-black-friday\/\">Scarpe di alta qualit\u00e0 a prezzi abbordabili \u2013 Black Friday<\/a><\/li>\n<li><a href=\"https:\/\/www.blackfridaydeals.ch\/it\/black-friday-home-cinema\/\">Le migliori offerte del Black Friday sull\u2019home cinema<\/a><\/li>\n<li><a href=\"https:\/\/www.blackfridaydeals.ch\/it\/black-friday-alimentari\/\">Le migliori occasioni del Black Friday per i prodotti alimentari<\/a><\/li>\n<li><a href=\"https:\/\/www.blackfridaydeals.ch\/it\/black-friday-mobili\/\">Le migliori offerte del Black Friday per i mobili<\/a><\/li>\n<li><a href=\"https:\/\/www.blackfridaydeals.ch\/it\/offerte-black-friday-fitness\/\">Le migliori offerte del Black Friday per il fitness<\/a><\/li>\n<li><a href=\"https:\/\/www.blackfridaydeals.ch\/it\/black-friday-trattamenti-viso\/\">Le migliori offerte del Black Friday per i trattamenti viso<\/a><\/li>\n<li><a href=\"https:\/\/www.blackfridaydeals.ch\/it\/casa-black-friday\/\">Tutto ci\u00f2 che ti serve per la casa per il Black Friday<\/a><\/li>\n<li><a href=\"https:\/\/www.blackfridaydeals.ch\/it\/viaggi-voli-hotel-black-friday\/\">Viaggi, voli e hotel del Black Friday<\/a><\/li>\n<\/ul>\n<p>[\/vc_column_text][\/vc_column][\/vc_row]<\/p>\n","protected":false},"excerpt":{"rendered":"<p>[vc_row][vc_column][vc_column_text] Puoi acquistare un profumo nuovo per tutto l&#8217;anno. Ad ogni modo, molti svizzeri acquistano i profumi verso la fine dell&#8217;anno. Cos\u00ec possono acquistare regali per i loro cari a Natale, regalarsi qualcosa di nuovo durante i giorni freddi e bui dell&#8217;inverno o semplicemente fare scorta del loro profumo preferito. Durante tutto l&#8217;anno, si trovano [&hellip;]<\/p>\n","protected":false},"author":40,"featured_media":38780,"parent":0,"menu_order":0,"comment_status":"closed","ping_status":"closed","template":"","meta":[],"yoast_head":"<!-- This site is optimized with the Yoast SEO plugin v20.5 - https:\/\/yoast.com\/wordpress\/plugins\/seo\/ -->\n<title>Le migliori offerte di profumi per il Black Friday 2026<\/title>\n<meta name=\"description\" content=\"Profumo: offerte del Black Friday 2026 Qui troverete tutte le offerte del Black Friday nel mondo dei profumi.\" \/>\n<meta name=\"robots\" content=\"noindex, follow\" \/>\n<meta property=\"og:locale\" content=\"it_IT\" \/>\n<meta property=\"og:type\" content=\"article\" \/>\n<meta property=\"og:title\" content=\"Le migliori offerte di profumi per il Black Friday 2026\" \/>\n<meta property=\"og:description\" content=\"Profumo: offerte del Black Friday 2026 Qui troverete tutte le offerte del Black Friday nel mondo dei profumi.\" \/>\n<meta property=\"og:url\" content=\"https:\/\/www.blackfridaydeals.ch\/it\/profumi-black-friday\/\" \/>\n<meta property=\"og:site_name\" content=\"blackfridaydeals.ch\" \/>\n<meta property=\"article:publisher\" content=\"https:\/\/www.facebook.com\/blackfridaydealsch\/\" \/>\n<meta property=\"article:modified_time\" content=\"2025-02-10T12:43:46+00:00\" \/>\n<meta property=\"og:image\" content=\"https:\/\/www.blackfridaydeals.ch\/wp-content\/uploads\/2021\/11\/perfume-g119e956f0_1920.jpg\" \/>\n\t<meta property=\"og:image:width\" content=\"1920\" \/>\n\t<meta property=\"og:image:height\" content=\"1275\" \/>\n\t<meta property=\"og:image:type\" content=\"image\/jpeg\" \/>\n<meta name=\"twitter:card\" content=\"summary_large_image\" \/>\n<meta name=\"twitter:site\" content=\"@blackfridaych\" \/>\n<meta name=\"twitter:label1\" content=\"Est. reading time\" \/>\n\t<meta name=\"twitter:data1\" content=\"5 minutes\" \/>\n<script type=\"application\/ld+json\" class=\"yoast-schema-graph\">{\"@context\":\"https:\/\/schema.org\",\"@graph\":[{\"@type\":\"WebPage\",\"@id\":\"https:\/\/www.blackfridaydeals.ch\/it\/profumi-black-friday\/\",\"url\":\"https:\/\/www.blackfridaydeals.ch\/it\/profumi-black-friday\/\",\"name\":\"Le migliori offerte di profumi per il Black Friday 2026\",\"isPartOf\":{\"@id\":\"https:\/\/www.blackfridaydeals.ch\/it\/#website\"},\"datePublished\":\"2022-03-16T10:40:07+00:00\",\"dateModified\":\"2025-02-10T12:43:46+00:00\",\"description\":\"Profumo: offerte del Black Friday 2026 Qui troverete tutte le offerte del Black Friday nel mondo dei profumi.\",\"breadcrumb\":{\"@id\":\"https:\/\/www.blackfridaydeals.ch\/it\/profumi-black-friday\/#breadcrumb\"},\"inLanguage\":\"it-CH\",\"potentialAction\":[{\"@type\":\"ReadAction\",\"target\":[\"https:\/\/www.blackfridaydeals.ch\/it\/profumi-black-friday\/\"]}]},{\"@type\":\"BreadcrumbList\",\"@id\":\"https:\/\/www.blackfridaydeals.ch\/it\/profumi-black-friday\/#breadcrumb\",\"itemListElement\":[{\"@type\":\"ListItem\",\"position\":1,\"name\":\"Startseite\",\"item\":\"https:\/\/www.blackfridaydeals.ch\/it\/\"},{\"@type\":\"ListItem\",\"position\":2,\"name\":\"Come trovare profumi delicati ad un prezzo scontato durante il Black Friday\"}]},{\"@type\":\"WebSite\",\"@id\":\"https:\/\/www.blackfridaydeals.ch\/it\/#website\",\"url\":\"https:\/\/www.blackfridaydeals.ch\/it\/\",\"name\":\"blackfridaydeals.ch\",\"description\":\"Tutte le offerte del Black Friday 2025 in Svizzera\",\"publisher\":{\"@id\":\"https:\/\/www.blackfridaydeals.ch\/it\/#organization\"},\"alternateName\":\"Black Friday Deals\",\"potentialAction\":[{\"@type\":\"SearchAction\",\"target\":{\"@type\":\"EntryPoint\",\"urlTemplate\":\"https:\/\/www.blackfridaydeals.ch\/it\/?s={search_term_string}\"},\"query-input\":\"required name=search_term_string\"}],\"inLanguage\":\"it-CH\"},{\"@type\":\"Organization\",\"@id\":\"https:\/\/www.blackfridaydeals.ch\/it\/#organization\",\"name\":\"blackfridaydeals.ch\",\"alternateName\":\"Black Friday Deals\",\"url\":\"https:\/\/www.blackfridaydeals.ch\/it\/\",\"logo\":{\"@type\":\"ImageObject\",\"inLanguage\":\"it-CH\",\"@id\":\"https:\/\/www.blackfridaydeals.ch\/it\/#\/schema\/logo\/image\/\",\"url\":\"https:\/\/www.blackfridaydeals.ch\/wp-content\/uploads\/2023\/03\/app-icon-white-bg-jpg.jpg\",\"contentUrl\":\"https:\/\/www.blackfridaydeals.ch\/wp-content\/uploads\/2023\/03\/app-icon-white-bg-jpg.jpg\",\"width\":512,\"height\":512,\"caption\":\"blackfridaydeals.ch\"},\"image\":{\"@id\":\"https:\/\/www.blackfridaydeals.ch\/it\/#\/schema\/logo\/image\/\"},\"sameAs\":[\"https:\/\/www.facebook.com\/blackfridaydealsch\/\",\"https:\/\/twitter.com\/blackfridaych\",\"https:\/\/www.youtube.com\/channel\/UCNKXHacMw8AS34mBgzVx3FQ\",\"https:\/\/www.instagram.com\/blackfridaydeals.ch\/\"]}]}<\/script>\n<!-- \/ Yoast SEO plugin. -->","yoast_head_json":{"title":"Le migliori offerte di profumi per il Black Friday 2026","description":"Profumo: offerte del Black Friday 2026 Qui troverete tutte le offerte del Black Friday nel mondo dei profumi.","robots":{"index":"noindex","follow":"follow"},"og_locale":"it_IT","og_type":"article","og_title":"Le migliori offerte di profumi per il Black Friday 2026","og_description":"Profumo: offerte del Black Friday 2026 Qui troverete tutte le offerte del Black Friday nel mondo dei profumi.","og_url":"https:\/\/www.blackfridaydeals.ch\/it\/profumi-black-friday\/","og_site_name":"blackfridaydeals.ch","article_publisher":"https:\/\/www.facebook.com\/blackfridaydealsch\/","article_modified_time":"2025-02-10T12:43:46+00:00","og_image":[{"width":1920,"height":1275,"url":"https:\/\/www.blackfridaydeals.ch\/wp-content\/uploads\/2021\/11\/perfume-g119e956f0_1920.jpg","type":"image\/jpeg"}],"twitter_card":"summary_large_image","twitter_site":"@blackfridaych","twitter_misc":{"Est. reading time":"5 minutes"},"schema":{"@context":"https:\/\/schema.org","@graph":[{"@type":"WebPage","@id":"https:\/\/www.blackfridaydeals.ch\/it\/profumi-black-friday\/","url":"https:\/\/www.blackfridaydeals.ch\/it\/profumi-black-friday\/","name":"Le migliori offerte di profumi per il Black Friday 2026","isPartOf":{"@id":"https:\/\/www.blackfridaydeals.ch\/it\/#website"},"datePublished":"2022-03-16T10:40:07+00:00","dateModified":"2025-02-10T12:43:46+00:00","description":"Profumo: offerte del Black Friday 2026 Qui troverete tutte le offerte del Black Friday nel mondo dei profumi.","breadcrumb":{"@id":"https:\/\/www.blackfridaydeals.ch\/it\/profumi-black-friday\/#breadcrumb"},"inLanguage":"it-CH","potentialAction":[{"@type":"ReadAction","target":["https:\/\/www.blackfridaydeals.ch\/it\/profumi-black-friday\/"]}]},{"@type":"BreadcrumbList","@id":"https:\/\/www.blackfridaydeals.ch\/it\/profumi-black-friday\/#breadcrumb","itemListElement":[{"@type":"ListItem","position":1,"name":"Startseite","item":"https:\/\/www.blackfridaydeals.ch\/it\/"},{"@type":"ListItem","position":2,"name":"Come trovare profumi delicati ad un prezzo scontato durante il Black Friday"}]},{"@type":"WebSite","@id":"https:\/\/www.blackfridaydeals.ch\/it\/#website","url":"https:\/\/www.blackfridaydeals.ch\/it\/","name":"blackfridaydeals.ch","description":"Tutte le offerte del Black Friday 2025 in Svizzera","publisher":{"@id":"https:\/\/www.blackfridaydeals.ch\/it\/#organization"},"alternateName":"Black Friday Deals","potentialAction":[{"@type":"SearchAction","target":{"@type":"EntryPoint","urlTemplate":"https:\/\/www.blackfridaydeals.ch\/it\/?s={search_term_string}"},"query-input":"required name=search_term_string"}],"inLanguage":"it-CH"},{"@type":"Organization","@id":"https:\/\/www.blackfridaydeals.ch\/it\/#organization","name":"blackfridaydeals.ch","alternateName":"Black Friday Deals","url":"https:\/\/www.blackfridaydeals.ch\/it\/","logo":{"@type":"ImageObject","inLanguage":"it-CH","@id":"https:\/\/www.blackfridaydeals.ch\/it\/#\/schema\/logo\/image\/","url":"https:\/\/www.blackfridaydeals.ch\/wp-content\/uploads\/2023\/03\/app-icon-white-bg-jpg.jpg","contentUrl":"https:\/\/www.blackfridaydeals.ch\/wp-content\/uploads\/2023\/03\/app-icon-white-bg-jpg.jpg","width":512,"height":512,"caption":"blackfridaydeals.ch"},"image":{"@id":"https:\/\/www.blackfridaydeals.ch\/it\/#\/schema\/logo\/image\/"},"sameAs":["https:\/\/www.facebook.com\/blackfridaydealsch\/","https:\/\/twitter.com\/blackfridaych","https:\/\/www.youtube.com\/channel\/UCNKXHacMw8AS34mBgzVx3FQ","https:\/\/www.instagram.com\/blackfridaydeals.ch\/"]}]}},"_links":{"self":[{"href":"https:\/\/www.blackfridaydeals.ch\/it\/wp-json\/wp\/v2\/pages\/49432"}],"collection":[{"href":"https:\/\/www.blackfridaydeals.ch\/it\/wp-json\/wp\/v2\/pages"}],"about":[{"href":"https:\/\/www.blackfridaydeals.ch\/it\/wp-json\/wp\/v2\/types\/page"}],"author":[{"embeddable":true,"href":"https:\/\/www.blackfridaydeals.ch\/it\/wp-json\/wp\/v2\/users\/40"}],"replies":[{"embeddable":true,"href":"https:\/\/www.blackfridaydeals.ch\/it\/wp-json\/wp\/v2\/comments?post=49432"}],"version-history":[{"count":7,"href":"https:\/\/www.blackfridaydeals.ch\/it\/wp-json\/wp\/v2\/pages\/49432\/revisions"}],"predecessor-version":[{"id":98867,"href":"https:\/\/www.blackfridaydeals.ch\/it\/wp-json\/wp\/v2\/pages\/49432\/revisions\/98867"}],"wp:featuredmedia":[{"embeddable":true,"href":"https:\/\/www.blackfridaydeals.ch\/it\/wp-json\/wp\/v2\/media\/38780"}],"wp:attachment":[{"href":"https:\/\/www.blackfridaydeals.ch\/it\/wp-json\/wp\/v2\/media?parent=49432"}],"curies":[{"name":"wp","href":"https:\/\/api.w.org\/{rel}","templated":true}]}}