{"id":49430,"date":"2022-03-16T11:37:01","date_gmt":"2022-03-16T10:37:01","guid":{"rendered":"https:\/\/www.blackfridaydeals.ch\/?page_id=49430"},"modified":"2025-02-10T15:05:11","modified_gmt":"2025-02-10T14:05:11","slug":"scarpe-black-friday","status":"publish","type":"page","link":"https:\/\/www.blackfridaydeals.ch\/it\/scarpe-black-friday\/","title":{"rendered":"Scarpe di alta qualit\u00e0 a prezzi abbordabili &#8211; Black Friday"},"content":{"rendered":"<p>[vc_row][vc_column]\n[vc_column_text]<span><img decoding=\"async\" class=\"alignright size-medium wp-image-38785\" src=\"https:\/\/www.blackfridaydeals.ch\/wp-content\/uploads\/2021\/11\/footwear-gced5af3dd_1920-300x169.jpg\" alt=\"\" width=\"300\" height=\"169\" srcset=\"https:\/\/www.blackfridaydeals.ch\/wp-content\/uploads\/2021\/11\/footwear-gced5af3dd_1920-300x169.jpg 300w, https:\/\/www.blackfridaydeals.ch\/wp-content\/uploads\/2021\/11\/footwear-gced5af3dd_1920-1024x575.jpg 1024w, https:\/\/www.blackfridaydeals.ch\/wp-content\/uploads\/2021\/11\/footwear-gced5af3dd_1920-767x431.jpg 767w, https:\/\/www.blackfridaydeals.ch\/wp-content\/uploads\/2021\/11\/footwear-gced5af3dd_1920-1536x863.jpg 1536w, https:\/\/www.blackfridaydeals.ch\/wp-content\/uploads\/2021\/11\/footwear-gced5af3dd_1920-2048x1151.jpg 2048w, https:\/\/www.blackfridaydeals.ch\/wp-content\/uploads\/2021\/11\/footwear-gced5af3dd_1920-788x442.jpg 788w, https:\/\/www.blackfridaydeals.ch\/wp-content\/uploads\/2021\/11\/footwear-gced5af3dd_1920-150x84.jpg 150w, https:\/\/www.blackfridaydeals.ch\/wp-content\/uploads\/2021\/11\/footwear-gced5af3dd_1920.jpg 1920w\" sizes=\"(max-width: 300px) 100vw, 300px\" \/><\/span><\/p>\n<p style=\"text-align: center;\"><a href=\"https:\/\/www.blackfridaydeals.ch\/it\/moda-gioielleria\/\" target=\"_blank\" style=\"border-radius:5px\" class=\"wpsm-button btncolor medium rehub_btn_color\"><i class=\"rhicon rhi-none\"><\/i>Vedi le migliori offerte di scarpe<\/a><\/p>\n<p><span>Nel corso dell&#8217;anno, c&#8217;\u00e8 sempre bisogno di scarpe nuove che siano giuste per il tempo e per l&#8217;occasione. Alla fine di novembre, per esempio, molti svizzeri cercano calzature calde per l&#8217;inverno e stili festivi per Natale e Capodanno. \u00c8 qui che gli sconti del <a href=\"https:\/\/www.blackfridaydeals.ch\/it\/\">Black Friday<\/a>\u00a0tornano utili. Presso molti negozi puoi trovare scarpe scontate in questa occasione, qualunque sia la scarpa che desideri acquistare.<\/span><\/p>\n<h2>Stivali e altre calzature invernali in vendita durante il Black Friday<\/h2>\n<p><span>Le calzature pi\u00f9 gettonate del Black Friday probabilmente saranno gli stivali e altre calde scarpe invernali. Molti negozi li offriranno ad un prezzo scontato per questa occasione. Si possono trovare nei negozi di moda e in quelli specializzati in calzature. Quindi se desideri davvero trovare le calzature perfette per le fredde giornate invernali, troverai un sacco di opportunit\u00e0 per risparmiare durante il <a href=\"https:\/\/www.blackfridaydeals.ch\/it\/?page_id=35521\">Black Friday<\/a>.<\/span><\/p>\n<p><span>Tuttavia, non ci chiediamo solo se ci saranno delle buone offerte, ma anche come potrebbero essere. Le scarpe sono generalmente offerte con sconti simili agli articoli di moda. Perci\u00f2 potrai risparmiare circa il 30%.<\/span><\/p>\n<p><span>La maggior parte dei negozi applicher\u00e0 uno sconto fisso su tutto, o su alcune categorie o anche su una sola categoria della collezione. Quindi potresti trovare sconti su scarpe e moda, solo scarpe o solo scarpe invernali. Ci si possono aspettare sconti tra il 20% e il 40%. Pi\u00f9 selettivamente vengono scelti gli articoli in promozione, pi\u00f9 alto sar\u00e0 lo sconto.<\/span><\/p>\n<p><span>Si pu\u00f2 risparmiare in modo particolarmente importante durante i saldi. In questo caso, il negozio selezioner\u00e0 i singoli modelli, ma non \u00e8 detto che tutti possano trovare la scarpa che gli piace. Per evitare che ci\u00f2 accada, i rivenditori solitamente cercano di selezionare una vasta gamma di scarpe che possano suscitare l&#8217;interesse di quante pi\u00f9 persone possibile. Coloro che trovano quello che stanno cercando possono aspettarsi di fare grandi risparmi. Non \u00e8 raro che le scarpe vengano scontate di pi\u00f9 del 50% durante i saldi. Possiamo immaginare queste offerte non solo per il Black Friday e il <a href=\"https:\/\/www.blackfridaydeals.ch\/it\/cyber-monday\/\">Cyber Monday<\/a>, ma anche per il <a href=\"https:\/\/www.blackfridaydeals.ch\/it\/singles-day\/\">Singles Day<\/a> dove i negozi di scarpe potrebbero gi\u00e0 offrire scarpe invernali in sconto.<\/span><\/p>\n<h2>Calzature da festa e grandi sconti per il Black Friday<\/h2>\n<p><span>Se ci tieni ad avere un bell&#8217;aspetto per Natale, Capodanno e altre feste, le scarpe trendy ed eleganti sono un elemento importante e se ti piace a approfittare delle offerte, il Black Friday 2026 \u00e8 il momento giusto per trovare tantissime scarpe a prezzi scontati. Troverai sconti su molti stili che puoi indossare sia per le feste di famiglia che per la discoteca. E se un negozio ha una promozione su d\u00e9collet\u00e9 o scarpe eleganti, c&#8217;\u00e8 una buona possibilit\u00e0 che riuscirai a trovare qualcosa di conveniente e vivace per le vacanze. Molte di queste scarpe sono gi\u00e0 scontate durante il Singles Day, quando molti negozi di moda offrono promozioni generose.<\/span><\/p>\n<p><span>Per le calzature per le feste, le prospettive degli sconti sono simili a quelle delle calzature invernali. Prevediamo che gli sconti si collocheranno prevalentemente nell&#8217;intervallo 20-30%. Potrai risparmiare nei negozi pi\u00f9 diversi come Vamos e eschuhe.ch. Negli ultimi anni, anche i negozi nei centri delle citt\u00e0 e nei centri commerciali hanno partecipato al Black Friday. Se ti piace provare le tue scarpe prima di prendere una decisione, questo \u00e8 il posto giusto&#8230;<\/span><\/p>\n<h2>Scarpe sportive in saldo per il Black Friday<\/h2>\n<p><span>Anche gli atleti possono aspettarsi sconti considerevoli durante il Black Friday. Gli sconti interesseranno sia le scarpe da calcio che le scarpe da ginnastica con un design casual e sportivo. Qui potrai trovare ci\u00f2 che cerchi non solo nei negozi di moda e di scarpe, ma anche nei negozi di sport come Puma. Spesso propongono sconti che comprendono le scarpe e a volte la promozione si applica solo alle scarpe. Se pratichi molto sport o semplicemente preferisci un look sportivo, allora questa \u00e8 la tua occasione per regalarti queste scarpe sportive e risparmiare circa il 30%.<\/span><\/p>\n<h3>Altri articoli interessanti<\/h3>\n<ul>\n<li><a href=\"https:\/\/www.blackfridaydeals.ch\/it\/black-friday-foto-video\/\">Le migliori occasioni del Black Friday per le foto e i video<\/a><\/li>\n<li><a href=\"https:\/\/www.blackfridaydeals.ch\/it\/fotocamere-black-friday\/\">Le migliori occasioni per le fotocamere durante il Black Friday<\/a><\/li>\n<li><a href=\"https:\/\/www.blackfridaydeals.ch\/it\/articoli-ufficio-black-friday\/\">Le migliori offerte per gli articoli da ufficio del Black Friday<\/a><\/li>\n<li><a href=\"https:\/\/www.blackfridaydeals.ch\/it\/smartwatch-black-friday\/\">Le migliori offerte sugli smartwatch del Black Friday<\/a><\/li>\n<li><a href=\"https:\/\/www.blackfridaydeals.ch\/it\/black-friday-giocattoli\/\">Le migliori offerte del Black Friday sui giocattoli<\/a><\/li>\n<li><a href=\"https:\/\/www.blackfridaydeals.ch\/it\/black-friday-orologi\/\">Le migliori offerte del Black Friday sugli orologi<\/a><\/li>\n<li><a href=\"\/?page_id=49443\">Le migliori offerte nel mondo della bellezza del Black Friday<\/a><\/li>\n<li><a href=\"https:\/\/www.blackfridaydeals.ch\/it\/black-friday-sistemi-audio\/\">Le migliori offerte del Black Friday dei sistemi audio<\/a><\/li>\n<li><a href=\"https:\/\/www.blackfridaydeals.ch\/it\/black-friday-computer-portatili\/\">Le migliori offerte del Black Friday per i computer portatili<\/a><\/li>\n<li><a href=\"https:\/\/www.blackfridaydeals.ch\/it\/cucina-black-friday\/\">Una nuova cucina ad un prezzo vantaggioso per il Black Friday<\/a><\/li>\n<li><a href=\"https:\/\/www.blackfridaydeals.ch\/it\/profumi-black-friday\/\">Come trovare profumi delicati ad un prezzo scontato durante il Black Friday<\/a><\/li>\n<li><a href=\"https:\/\/www.blackfridaydeals.ch\/it\/black-friday-home-cinema\/\">Le migliori offerte del Black Friday sull\u2019home cinema<\/a><\/li>\n<li><a href=\"https:\/\/www.blackfridaydeals.ch\/it\/black-friday-alimentari\/\">Le migliori occasioni del Black Friday per i prodotti alimentari<\/a><\/li>\n<li><a href=\"https:\/\/www.blackfridaydeals.ch\/it\/black-friday-mobili\/\">Le migliori offerte del Black Friday per i mobili<\/a><\/li>\n<li><a href=\"https:\/\/www.blackfridaydeals.ch\/it\/offerte-black-friday-fitness\/\">Le migliori offerte del Black Friday per il fitness<\/a><\/li>\n<li><a href=\"https:\/\/www.blackfridaydeals.ch\/it\/black-friday-trattamenti-viso\/\">Le migliori offerte del Black Friday per i trattamenti viso<\/a><\/li>\n<li><a href=\"https:\/\/www.blackfridaydeals.ch\/it\/casa-black-friday\/\">Tutto ci\u00f2 che ti serve per la casa per il Black Friday<\/a><\/li>\n<li><a href=\"https:\/\/www.blackfridaydeals.ch\/it\/viaggi-voli-hotel-black-friday\/\">Viaggi, voli e hotel del Black Friday<\/a><\/li>\n<\/ul>\n<p>[\/vc_column_text][\/vc_column][\/vc_row]<\/p>\n","protected":false},"excerpt":{"rendered":"<p>[vc_row][vc_column][vc_column_text] Nel corso dell&#8217;anno, c&#8217;\u00e8 sempre bisogno di scarpe nuove che siano giuste per il tempo e per l&#8217;occasione. Alla fine di novembre, per esempio, molti svizzeri cercano calzature calde per l&#8217;inverno e stili festivi per Natale e Capodanno. \u00c8 qui che gli sconti del Black Friday\u00a0tornano utili. Presso molti negozi puoi trovare scarpe scontate [&hellip;]<\/p>\n","protected":false},"author":40,"featured_media":38785,"parent":0,"menu_order":0,"comment_status":"closed","ping_status":"closed","template":"","meta":[],"yoast_head":"<!-- This site is optimized with the Yoast SEO plugin v20.5 - https:\/\/yoast.com\/wordpress\/plugins\/seo\/ -->\n<title>Scarpe di alta qualit\u00e0 a prezzi abbordabili - Black Friday<\/title>\n<meta name=\"description\" content=\"Scarpe: offerte del Black Friday 2026 Qui troverai tutte le offerte del Black Friday nel mondo delle scarpe.\" \/>\n<meta name=\"robots\" content=\"index, follow, max-snippet:-1, max-image-preview:large, max-video-preview:-1\" \/>\n<link rel=\"canonical\" href=\"https:\/\/www.blackfridaydeals.ch\/it\/scarpe-black-friday\/\" \/>\n<meta property=\"og:locale\" content=\"it_IT\" \/>\n<meta property=\"og:type\" content=\"article\" \/>\n<meta property=\"og:title\" content=\"Scarpe di alta qualit\u00e0 a prezzi abbordabili - Black Friday\" \/>\n<meta property=\"og:description\" content=\"Scarpe: offerte del Black Friday 2026 Qui troverai tutte le offerte del Black Friday nel mondo delle scarpe.\" \/>\n<meta property=\"og:url\" content=\"https:\/\/www.blackfridaydeals.ch\/it\/scarpe-black-friday\/\" \/>\n<meta property=\"og:site_name\" content=\"blackfridaydeals.ch\" \/>\n<meta property=\"article:publisher\" content=\"https:\/\/www.facebook.com\/blackfridaydealsch\/\" \/>\n<meta property=\"article:modified_time\" content=\"2025-02-10T14:05:11+00:00\" \/>\n<meta property=\"og:image\" content=\"https:\/\/www.blackfridaydeals.ch\/wp-content\/uploads\/2021\/11\/footwear-gced5af3dd_1920.jpg\" \/>\n\t<meta property=\"og:image:width\" content=\"1920\" \/>\n\t<meta property=\"og:image:height\" content=\"1079\" \/>\n\t<meta property=\"og:image:type\" content=\"image\/jpeg\" \/>\n<meta name=\"twitter:card\" content=\"summary_large_image\" \/>\n<meta name=\"twitter:site\" content=\"@blackfridaych\" \/>\n<meta name=\"twitter:label1\" content=\"Est. reading time\" \/>\n\t<meta name=\"twitter:data1\" content=\"5 minutes\" \/>\n<script type=\"application\/ld+json\" class=\"yoast-schema-graph\">{\"@context\":\"https:\/\/schema.org\",\"@graph\":[{\"@type\":\"WebPage\",\"@id\":\"https:\/\/www.blackfridaydeals.ch\/it\/scarpe-black-friday\/\",\"url\":\"https:\/\/www.blackfridaydeals.ch\/it\/scarpe-black-friday\/\",\"name\":\"Scarpe di alta qualit\u00e0 a prezzi abbordabili - Black Friday\",\"isPartOf\":{\"@id\":\"https:\/\/www.blackfridaydeals.ch\/it\/#website\"},\"datePublished\":\"2022-03-16T10:37:01+00:00\",\"dateModified\":\"2025-02-10T14:05:11+00:00\",\"description\":\"Scarpe: offerte del Black Friday 2026 Qui troverai tutte le offerte del Black Friday nel mondo delle scarpe.\",\"breadcrumb\":{\"@id\":\"https:\/\/www.blackfridaydeals.ch\/it\/scarpe-black-friday\/#breadcrumb\"},\"inLanguage\":\"it-CH\",\"potentialAction\":[{\"@type\":\"ReadAction\",\"target\":[\"https:\/\/www.blackfridaydeals.ch\/it\/scarpe-black-friday\/\"]}]},{\"@type\":\"BreadcrumbList\",\"@id\":\"https:\/\/www.blackfridaydeals.ch\/it\/scarpe-black-friday\/#breadcrumb\",\"itemListElement\":[{\"@type\":\"ListItem\",\"position\":1,\"name\":\"Startseite\",\"item\":\"https:\/\/www.blackfridaydeals.ch\/it\/\"},{\"@type\":\"ListItem\",\"position\":2,\"name\":\"Scarpe di alta qualit\u00e0 a prezzi abbordabili &#8211; Black Friday\"}]},{\"@type\":\"WebSite\",\"@id\":\"https:\/\/www.blackfridaydeals.ch\/it\/#website\",\"url\":\"https:\/\/www.blackfridaydeals.ch\/it\/\",\"name\":\"blackfridaydeals.ch\",\"description\":\"Tutte le offerte del Black Friday 2025 in Svizzera\",\"publisher\":{\"@id\":\"https:\/\/www.blackfridaydeals.ch\/it\/#organization\"},\"alternateName\":\"Black Friday Deals\",\"potentialAction\":[{\"@type\":\"SearchAction\",\"target\":{\"@type\":\"EntryPoint\",\"urlTemplate\":\"https:\/\/www.blackfridaydeals.ch\/it\/?s={search_term_string}\"},\"query-input\":\"required name=search_term_string\"}],\"inLanguage\":\"it-CH\"},{\"@type\":\"Organization\",\"@id\":\"https:\/\/www.blackfridaydeals.ch\/it\/#organization\",\"name\":\"blackfridaydeals.ch\",\"alternateName\":\"Black Friday Deals\",\"url\":\"https:\/\/www.blackfridaydeals.ch\/it\/\",\"logo\":{\"@type\":\"ImageObject\",\"inLanguage\":\"it-CH\",\"@id\":\"https:\/\/www.blackfridaydeals.ch\/it\/#\/schema\/logo\/image\/\",\"url\":\"https:\/\/www.blackfridaydeals.ch\/wp-content\/uploads\/2023\/03\/app-icon-white-bg-jpg.jpg\",\"contentUrl\":\"https:\/\/www.blackfridaydeals.ch\/wp-content\/uploads\/2023\/03\/app-icon-white-bg-jpg.jpg\",\"width\":512,\"height\":512,\"caption\":\"blackfridaydeals.ch\"},\"image\":{\"@id\":\"https:\/\/www.blackfridaydeals.ch\/it\/#\/schema\/logo\/image\/\"},\"sameAs\":[\"https:\/\/www.facebook.com\/blackfridaydealsch\/\",\"https:\/\/twitter.com\/blackfridaych\",\"https:\/\/www.youtube.com\/channel\/UCNKXHacMw8AS34mBgzVx3FQ\",\"https:\/\/www.instagram.com\/blackfridaydeals.ch\/\"]}]}<\/script>\n<!-- \/ Yoast SEO plugin. -->","yoast_head_json":{"title":"Scarpe di alta qualit\u00e0 a prezzi abbordabili - Black Friday","description":"Scarpe: offerte del Black Friday 2026 Qui troverai tutte le offerte del Black Friday nel mondo delle scarpe.","robots":{"index":"index","follow":"follow","max-snippet":"max-snippet:-1","max-image-preview":"max-image-preview:large","max-video-preview":"max-video-preview:-1"},"canonical":"https:\/\/www.blackfridaydeals.ch\/it\/scarpe-black-friday\/","og_locale":"it_IT","og_type":"article","og_title":"Scarpe di alta qualit\u00e0 a prezzi abbordabili - Black Friday","og_description":"Scarpe: offerte del Black Friday 2026 Qui troverai tutte le offerte del Black Friday nel mondo delle scarpe.","og_url":"https:\/\/www.blackfridaydeals.ch\/it\/scarpe-black-friday\/","og_site_name":"blackfridaydeals.ch","article_publisher":"https:\/\/www.facebook.com\/blackfridaydealsch\/","article_modified_time":"2025-02-10T14:05:11+00:00","og_image":[{"width":1920,"height":1079,"url":"https:\/\/www.blackfridaydeals.ch\/wp-content\/uploads\/2021\/11\/footwear-gced5af3dd_1920.jpg","type":"image\/jpeg"}],"twitter_card":"summary_large_image","twitter_site":"@blackfridaych","twitter_misc":{"Est. reading time":"5 minutes"},"schema":{"@context":"https:\/\/schema.org","@graph":[{"@type":"WebPage","@id":"https:\/\/www.blackfridaydeals.ch\/it\/scarpe-black-friday\/","url":"https:\/\/www.blackfridaydeals.ch\/it\/scarpe-black-friday\/","name":"Scarpe di alta qualit\u00e0 a prezzi abbordabili - Black Friday","isPartOf":{"@id":"https:\/\/www.blackfridaydeals.ch\/it\/#website"},"datePublished":"2022-03-16T10:37:01+00:00","dateModified":"2025-02-10T14:05:11+00:00","description":"Scarpe: offerte del Black Friday 2026 Qui troverai tutte le offerte del Black Friday nel mondo delle scarpe.","breadcrumb":{"@id":"https:\/\/www.blackfridaydeals.ch\/it\/scarpe-black-friday\/#breadcrumb"},"inLanguage":"it-CH","potentialAction":[{"@type":"ReadAction","target":["https:\/\/www.blackfridaydeals.ch\/it\/scarpe-black-friday\/"]}]},{"@type":"BreadcrumbList","@id":"https:\/\/www.blackfridaydeals.ch\/it\/scarpe-black-friday\/#breadcrumb","itemListElement":[{"@type":"ListItem","position":1,"name":"Startseite","item":"https:\/\/www.blackfridaydeals.ch\/it\/"},{"@type":"ListItem","position":2,"name":"Scarpe di alta qualit\u00e0 a prezzi abbordabili &#8211; Black Friday"}]},{"@type":"WebSite","@id":"https:\/\/www.blackfridaydeals.ch\/it\/#website","url":"https:\/\/www.blackfridaydeals.ch\/it\/","name":"blackfridaydeals.ch","description":"Tutte le offerte del Black Friday 2025 in Svizzera","publisher":{"@id":"https:\/\/www.blackfridaydeals.ch\/it\/#organization"},"alternateName":"Black Friday Deals","potentialAction":[{"@type":"SearchAction","target":{"@type":"EntryPoint","urlTemplate":"https:\/\/www.blackfridaydeals.ch\/it\/?s={search_term_string}"},"query-input":"required name=search_term_string"}],"inLanguage":"it-CH"},{"@type":"Organization","@id":"https:\/\/www.blackfridaydeals.ch\/it\/#organization","name":"blackfridaydeals.ch","alternateName":"Black Friday Deals","url":"https:\/\/www.blackfridaydeals.ch\/it\/","logo":{"@type":"ImageObject","inLanguage":"it-CH","@id":"https:\/\/www.blackfridaydeals.ch\/it\/#\/schema\/logo\/image\/","url":"https:\/\/www.blackfridaydeals.ch\/wp-content\/uploads\/2023\/03\/app-icon-white-bg-jpg.jpg","contentUrl":"https:\/\/www.blackfridaydeals.ch\/wp-content\/uploads\/2023\/03\/app-icon-white-bg-jpg.jpg","width":512,"height":512,"caption":"blackfridaydeals.ch"},"image":{"@id":"https:\/\/www.blackfridaydeals.ch\/it\/#\/schema\/logo\/image\/"},"sameAs":["https:\/\/www.facebook.com\/blackfridaydealsch\/","https:\/\/twitter.com\/blackfridaych","https:\/\/www.youtube.com\/channel\/UCNKXHacMw8AS34mBgzVx3FQ","https:\/\/www.instagram.com\/blackfridaydeals.ch\/"]}]}},"_links":{"self":[{"href":"https:\/\/www.blackfridaydeals.ch\/it\/wp-json\/wp\/v2\/pages\/49430"}],"collection":[{"href":"https:\/\/www.blackfridaydeals.ch\/it\/wp-json\/wp\/v2\/pages"}],"about":[{"href":"https:\/\/www.blackfridaydeals.ch\/it\/wp-json\/wp\/v2\/types\/page"}],"author":[{"embeddable":true,"href":"https:\/\/www.blackfridaydeals.ch\/it\/wp-json\/wp\/v2\/users\/40"}],"replies":[{"embeddable":true,"href":"https:\/\/www.blackfridaydeals.ch\/it\/wp-json\/wp\/v2\/comments?post=49430"}],"version-history":[{"count":8,"href":"https:\/\/www.blackfridaydeals.ch\/it\/wp-json\/wp\/v2\/pages\/49430\/revisions"}],"predecessor-version":[{"id":74454,"href":"https:\/\/www.blackfridaydeals.ch\/it\/wp-json\/wp\/v2\/pages\/49430\/revisions\/74454"}],"wp:featuredmedia":[{"embeddable":true,"href":"https:\/\/www.blackfridaydeals.ch\/it\/wp-json\/wp\/v2\/media\/38785"}],"wp:attachment":[{"href":"https:\/\/www.blackfridaydeals.ch\/it\/wp-json\/wp\/v2\/media?parent=49430"}],"curies":[{"name":"wp","href":"https:\/\/api.w.org\/{rel}","templated":true}]}}