{"id":49425,"date":"2022-03-16T10:54:31","date_gmt":"2022-03-16T09:54:31","guid":{"rendered":"https:\/\/www.blackfridaydeals.ch\/?page_id=49425"},"modified":"2025-02-10T14:20:56","modified_gmt":"2025-02-10T13:20:56","slug":"black-friday-alimentari","status":"publish","type":"page","link":"https:\/\/www.blackfridaydeals.ch\/it\/black-friday-alimentari\/","title":{"rendered":"Le migliori occasioni del Black Friday per i prodotti alimentari"},"content":{"rendered":"<p>[vc_row][vc_column]\n[vc_column_text]<span><img decoding=\"async\" class=\"alignright size-medium wp-image-38797\" src=\"https:\/\/www.blackfridaydeals.ch\/wp-content\/uploads\/2021\/11\/hamburger-g73bba9687_1920-300x200.jpg\" alt=\"\" width=\"300\" height=\"200\" srcset=\"https:\/\/www.blackfridaydeals.ch\/wp-content\/uploads\/2021\/11\/hamburger-g73bba9687_1920-300x200.jpg 300w, https:\/\/www.blackfridaydeals.ch\/wp-content\/uploads\/2021\/11\/hamburger-g73bba9687_1920-1024x683.jpg 1024w, https:\/\/www.blackfridaydeals.ch\/wp-content\/uploads\/2021\/11\/hamburger-g73bba9687_1920-768x512.jpg 768w, https:\/\/www.blackfridaydeals.ch\/wp-content\/uploads\/2021\/11\/hamburger-g73bba9687_1920-1536x1024.jpg 1536w, https:\/\/www.blackfridaydeals.ch\/wp-content\/uploads\/2021\/11\/hamburger-g73bba9687_1920-2048x1365.jpg 2048w, https:\/\/www.blackfridaydeals.ch\/wp-content\/uploads\/2021\/11\/hamburger-g73bba9687_1920-788x525.jpg 788w, https:\/\/www.blackfridaydeals.ch\/wp-content\/uploads\/2021\/11\/hamburger-g73bba9687_1920-150x100.jpg 150w, https:\/\/www.blackfridaydeals.ch\/wp-content\/uploads\/2021\/11\/hamburger-g73bba9687_1920.jpg 1920w\" sizes=\"(max-width: 300px) 100vw, 300px\" \/><\/span><\/p>\n<p style=\"text-align: center;\"><a href=\"https:\/\/www.blackfridaydeals.ch\/it\/varie\/\" target=\"_blank\" style=\"border-radius:5px\" class=\"wpsm-button btncolor medium rehub_btn_color\"><i class=\"rhicon rhi-none\"><\/i>Vedi le migliori offerte di alimentari<\/a><\/p>\n<p><span>Non ci sono solo moda ed elettronica al Black Friday 2026, ma puoi anche trovare ottime offerte su cibo e bevande. In questo settore, l&#8217;evento \u00e8 ancora agli inizi, magari un po&#8217; esitante, ma negli ultimi anni sempre pi\u00f9 ristoranti e rivenditori specializzati di prodotti alimentari e supermercati hanno scoperto questa festa novembrina. Alcuni di loro celebrano anche il <a href=\"https:\/\/www.blackfridaydeals.ch\/it\/singles-day\/\">Single Day<\/a> e il <a href=\"https:\/\/www.blackfridaydeals.ch\/it\/cyber-monday\/\">Cyber Monday<\/a> oltre al Black Friday. Tuttavia, qui vorremmo dare un&#8217;occhiata pi\u00f9 da vicino a ci\u00f2 che i negozi offrono per il <a href=\"https:\/\/www.blackfridaydeals.ch\/it\/\">Black Friday<\/a>.<\/span><\/p>\n<h2>Ristoranti: le occasioni del Black Friday 2026<\/h2>\n<p><span>Negli ultimi anni, alcuni ristoranti hanno gi\u00e0 fatto il grande passo pianificando un&#8217;offerta per il Black Friday. Per esempio, Miss Miu, un ristorante coreano a Zurigo e Zug. Le promozioni possono essere realizzate in diversi modi. Innanzitutto, vorresti sapere, per esempio, se lo sconto si applica alle ordinazioni o ai pasti nel ristorante. E se c&#8217;\u00e8 uno sconto sugli ordini, risparmierai solo sulla consegna o solo sul ritiro? Tutti questi scenari sono possibili, ma la promozione sarebbe ovviamente pi\u00f9 generosa se tu potessi risparmiare su tutte e tre le varianti.<\/span><\/p>\n<p><span>L&#8217;importo dello sconto \u00e8 quasi altrettanto importante. Si possono immaginare sconti tra il 10 e il 50%. Per esempio, i ristoranti potrebbero optare per uno sconto del 15% su tutti gli ordini. \u00c8 anche possibile ottenere due pasti al prezzo di uno. Inoltre, ci sono innumerevoli altri modi in cui i ristoranti possono celebrare il <a href=\"https:\/\/www.blackfridaydeals.ch\/it\/black-friday-2026\/\">Black Friday 2026<\/a>.<\/span><\/p>\n<h2>Ingredienti gourmet: prodotti alimentari in vendita al Black Friday 2026<\/h2>\n<p><span>Non solo i ristoranti, ma anche i distributori di alimenti partecipano al Black Friday. Per esempio, puoi rifornirti di utensili, ingredienti e dolcetti di alta qualit\u00e0 da Kitchen Corner, tutti con sconti per il Black Friday 2026. Anche molti altri negozi del settore hanno tentato la fortuna con campagne di sconti negli ultimi anni. \u00c8 emersa una tendenza che rende facile prevedere le promozioni di novembre.<\/span><\/p>\n<p><span>Molti rivenditori del settore alimentare offrono sconti per il Black Friday 2026, con i quali puoi risparmiare su gran parte dell&#8217;assortimento. Questi sono solitamente articoli richiesti o appena arrivati. Questo stimola i clienti a fare scorta dei loro prodotti preferiti e a provare qualcosa di nuovo. Per i negozi, l&#8217;obiettivo di raggiungere quasi tutti i clienti \u00e8 raggiunto, quindi tutti potranno trovare qualcosa, soprattutto perch\u00e9 i bestseller piacciono a quasi tutti. \u00c8 facile immaginare i saldi della drogheria con sconti fino al 70%. Se i negozi vogliono essere generosi, estenderanno la loro promozione fino al Cyber Monday.<\/span><\/p>\n<h2>Occasioni sulle categorie: l&#8217;ideale per fare scorta<\/h2>\n<p><span>Alcuni negozi preferiscono gli sconti di categoria, che ti permettono di approfittare di sconti applicati su una determinata categoria della gamma. Questo pu\u00f2 essere combinato con le svendite. Per esempio, alcuni rivenditori hanno gi\u00e0 offerto uno sconto sul vin brul\u00e9 al Black Friday 2026, una bevanda popolare e molto ricercata all&#8217;inizio dell&#8217;inverno. Analogamente, uno sconto sulla pasta di tutti i tipi potrebbe invogliare molti clienti. In questo modo, puoi riempire la tua dispensa spendendo meno e gustandoti ingredienti di alta qualit\u00e0 per molto tempo. Rispetto ai saldi, tuttavia, uno sconto di categoria fa risparmiare un po&#8217; meno. Infatti, risparmi il 20-30%.<\/span><\/p>\n<p><span>Possiamo ipotizzare questa promozione non solo nei negozi di alimentari specializzati, ma anche nei supermercati.<\/span><\/p>\n<p><span>Aspettiamo e vediamo quali occasioni puoi trovare su cibo e bevande alla fine di novembre!<\/span><\/p>\n<p>&nbsp;<\/p>\n<h3>Altri articoli interessanti<\/h3>\n<ul>\n<li><a href=\"https:\/\/www.blackfridaydeals.ch\/it\/black-friday-foto-video\/\">Le migliori occasioni del Black Friday per le foto e i video<\/a><\/li>\n<li><a href=\"https:\/\/www.blackfridaydeals.ch\/it\/fotocamere-black-friday\/\">Le migliori occasioni per le fotocamere durante il Black Friday<\/a><\/li>\n<li><a href=\"https:\/\/www.blackfridaydeals.ch\/it\/articoli-ufficio-black-friday\/\">Le migliori offerte per gli articoli da ufficio del Black Friday<\/a><\/li>\n<li><a href=\"https:\/\/www.blackfridaydeals.ch\/it\/smartwatch-black-friday\/\">Le migliori offerte sugli smartwatch del Black Friday<\/a><\/li>\n<li><a href=\"https:\/\/www.blackfridaydeals.ch\/it\/black-friday-giocattoli\/\">Le migliori offerte del Black Friday sui giocattoli<\/a><\/li>\n<li><a href=\"https:\/\/www.blackfridaydeals.ch\/it\/black-friday-orologi\/\">Le migliori offerte del Black Friday sugli orologi<\/a><\/li>\n<li><a href=\"\/?page_id=49443\">Le migliori offerte nel mondo della bellezza del Black Friday<\/a><\/li>\n<li><a href=\"https:\/\/www.blackfridaydeals.ch\/it\/black-friday-sistemi-audio\/\">Le migliori offerte del Black Friday dei sistemi audio<\/a><\/li>\n<li><a href=\"https:\/\/www.blackfridaydeals.ch\/it\/black-friday-computer-portatili\/\">Le migliori offerte del Black Friday per i computer portatili<\/a><\/li>\n<li><a href=\"https:\/\/www.blackfridaydeals.ch\/it\/cucina-black-friday\/\">Una nuova cucina ad un prezzo vantaggioso per il Black Friday<\/a><\/li>\n<li><a href=\"https:\/\/www.blackfridaydeals.ch\/it\/profumi-black-friday\/\">Come trovare profumi delicati ad un prezzo scontato durante il Black Friday<\/a><\/li>\n<li><a href=\"https:\/\/www.blackfridaydeals.ch\/it\/scarpe-black-friday\/\">Scarpe di alta qualit\u00e0 a prezzi abbordabili \u2013 Black Friday<\/a><\/li>\n<li><a href=\"https:\/\/www.blackfridaydeals.ch\/it\/black-friday-home-cinema\/\">Le migliori offerte del Black Friday sull\u2019home cinema<\/a><\/li>\n<li><a href=\"https:\/\/www.blackfridaydeals.ch\/it\/black-friday-mobili\/\">Le migliori offerte del Black Friday per i mobili<\/a><\/li>\n<li><a href=\"https:\/\/www.blackfridaydeals.ch\/it\/offerte-black-friday-fitness\/\">Le migliori offerte del Black Friday per il fitness<\/a><\/li>\n<li><a href=\"https:\/\/www.blackfridaydeals.ch\/it\/black-friday-trattamenti-viso\/\">Le migliori offerte del Black Friday per i trattamenti viso<\/a><\/li>\n<li><a href=\"https:\/\/www.blackfridaydeals.ch\/it\/casa-black-friday\/\">Tutto ci\u00f2 che ti serve per la casa per il Black Friday<\/a><\/li>\n<li><a href=\"https:\/\/www.blackfridaydeals.ch\/it\/viaggi-voli-hotel-black-friday\/\">Viaggi, voli e hotel del Black Friday<\/a><\/li>\n<\/ul>\n<p>[\/vc_column_text][\/vc_column][\/vc_row]<\/p>\n","protected":false},"excerpt":{"rendered":"<p>[vc_row][vc_column][vc_column_text] Non ci sono solo moda ed elettronica al Black Friday , ma puoi anche trovare ottime offerte su cibo e bevande. In questo settore, l&#8217;evento \u00e8 ancora agli inizi, magari un po&#8217; esitante, ma negli ultimi anni sempre pi\u00f9 ristoranti e rivenditori specializzati di prodotti alimentari e supermercati hanno scoperto questa festa novembrina. Alcuni [&hellip;]<\/p>\n","protected":false},"author":40,"featured_media":38799,"parent":0,"menu_order":0,"comment_status":"closed","ping_status":"closed","template":"","meta":[],"yoast_head":"<!-- This site is optimized with the Yoast SEO plugin v20.5 - https:\/\/yoast.com\/wordpress\/plugins\/seo\/ -->\n<title>Offerte del Black Friday 2026 per i prodotti alimentari<\/title>\n<meta name=\"description\" content=\"Alimentari: offerte del Black Friday 2026 Qui troverete tutte le offerte del Black Friday nel mondo del cibo.\" \/>\n<meta name=\"robots\" content=\"noindex, follow\" \/>\n<meta property=\"og:locale\" content=\"it_IT\" \/>\n<meta property=\"og:type\" content=\"article\" \/>\n<meta property=\"og:title\" content=\"Offerte del Black Friday 2026 per i prodotti alimentari\" \/>\n<meta property=\"og:description\" content=\"Alimentari: offerte del Black Friday 2026 Qui troverete tutte le offerte del Black Friday nel mondo del cibo.\" \/>\n<meta property=\"og:url\" content=\"https:\/\/www.blackfridaydeals.ch\/it\/black-friday-alimentari\/\" \/>\n<meta property=\"og:site_name\" content=\"blackfridaydeals.ch\" \/>\n<meta property=\"article:publisher\" content=\"https:\/\/www.facebook.com\/blackfridaydealsch\/\" \/>\n<meta property=\"article:modified_time\" content=\"2025-02-10T13:20:56+00:00\" \/>\n<meta property=\"og:image\" content=\"https:\/\/www.blackfridaydeals.ch\/wp-content\/uploads\/2021\/11\/hamburger-g73bba9687_1920.jpg\" \/>\n\t<meta property=\"og:image:width\" content=\"1920\" \/>\n\t<meta property=\"og:image:height\" content=\"1280\" \/>\n\t<meta property=\"og:image:type\" content=\"image\/jpeg\" \/>\n<meta name=\"twitter:card\" content=\"summary_large_image\" \/>\n<meta name=\"twitter:site\" content=\"@blackfridaych\" \/>\n<meta name=\"twitter:label1\" content=\"Est. reading time\" \/>\n\t<meta name=\"twitter:data1\" content=\"5 minutes\" \/>\n<script type=\"application\/ld+json\" class=\"yoast-schema-graph\">{\"@context\":\"https:\/\/schema.org\",\"@graph\":[{\"@type\":\"WebPage\",\"@id\":\"https:\/\/www.blackfridaydeals.ch\/it\/black-friday-alimentari\/\",\"url\":\"https:\/\/www.blackfridaydeals.ch\/it\/black-friday-alimentari\/\",\"name\":\"Offerte del Black Friday 2026 per i prodotti alimentari\",\"isPartOf\":{\"@id\":\"https:\/\/www.blackfridaydeals.ch\/it\/#website\"},\"datePublished\":\"2022-03-16T09:54:31+00:00\",\"dateModified\":\"2025-02-10T13:20:56+00:00\",\"description\":\"Alimentari: offerte del Black Friday 2026 Qui troverete tutte le offerte del Black Friday nel mondo del cibo.\",\"breadcrumb\":{\"@id\":\"https:\/\/www.blackfridaydeals.ch\/it\/black-friday-alimentari\/#breadcrumb\"},\"inLanguage\":\"it-CH\",\"potentialAction\":[{\"@type\":\"ReadAction\",\"target\":[\"https:\/\/www.blackfridaydeals.ch\/it\/black-friday-alimentari\/\"]}]},{\"@type\":\"BreadcrumbList\",\"@id\":\"https:\/\/www.blackfridaydeals.ch\/it\/black-friday-alimentari\/#breadcrumb\",\"itemListElement\":[{\"@type\":\"ListItem\",\"position\":1,\"name\":\"Startseite\",\"item\":\"https:\/\/www.blackfridaydeals.ch\/it\/\"},{\"@type\":\"ListItem\",\"position\":2,\"name\":\"Le migliori occasioni del Black Friday per i prodotti alimentari\"}]},{\"@type\":\"WebSite\",\"@id\":\"https:\/\/www.blackfridaydeals.ch\/it\/#website\",\"url\":\"https:\/\/www.blackfridaydeals.ch\/it\/\",\"name\":\"blackfridaydeals.ch\",\"description\":\"Tutte le offerte del Black Friday 2025 in Svizzera\",\"publisher\":{\"@id\":\"https:\/\/www.blackfridaydeals.ch\/it\/#organization\"},\"alternateName\":\"Black Friday Deals\",\"potentialAction\":[{\"@type\":\"SearchAction\",\"target\":{\"@type\":\"EntryPoint\",\"urlTemplate\":\"https:\/\/www.blackfridaydeals.ch\/it\/?s={search_term_string}\"},\"query-input\":\"required name=search_term_string\"}],\"inLanguage\":\"it-CH\"},{\"@type\":\"Organization\",\"@id\":\"https:\/\/www.blackfridaydeals.ch\/it\/#organization\",\"name\":\"blackfridaydeals.ch\",\"alternateName\":\"Black Friday Deals\",\"url\":\"https:\/\/www.blackfridaydeals.ch\/it\/\",\"logo\":{\"@type\":\"ImageObject\",\"inLanguage\":\"it-CH\",\"@id\":\"https:\/\/www.blackfridaydeals.ch\/it\/#\/schema\/logo\/image\/\",\"url\":\"https:\/\/www.blackfridaydeals.ch\/wp-content\/uploads\/2023\/03\/app-icon-white-bg-jpg.jpg\",\"contentUrl\":\"https:\/\/www.blackfridaydeals.ch\/wp-content\/uploads\/2023\/03\/app-icon-white-bg-jpg.jpg\",\"width\":512,\"height\":512,\"caption\":\"blackfridaydeals.ch\"},\"image\":{\"@id\":\"https:\/\/www.blackfridaydeals.ch\/it\/#\/schema\/logo\/image\/\"},\"sameAs\":[\"https:\/\/www.facebook.com\/blackfridaydealsch\/\",\"https:\/\/twitter.com\/blackfridaych\",\"https:\/\/www.youtube.com\/channel\/UCNKXHacMw8AS34mBgzVx3FQ\",\"https:\/\/www.instagram.com\/blackfridaydeals.ch\/\"]}]}<\/script>\n<!-- \/ Yoast SEO plugin. -->","yoast_head_json":{"title":"Offerte del Black Friday 2026 per i prodotti alimentari","description":"Alimentari: offerte del Black Friday 2026 Qui troverete tutte le offerte del Black Friday nel mondo del cibo.","robots":{"index":"noindex","follow":"follow"},"og_locale":"it_IT","og_type":"article","og_title":"Offerte del Black Friday 2026 per i prodotti alimentari","og_description":"Alimentari: offerte del Black Friday 2026 Qui troverete tutte le offerte del Black Friday nel mondo del cibo.","og_url":"https:\/\/www.blackfridaydeals.ch\/it\/black-friday-alimentari\/","og_site_name":"blackfridaydeals.ch","article_publisher":"https:\/\/www.facebook.com\/blackfridaydealsch\/","article_modified_time":"2025-02-10T13:20:56+00:00","og_image":[{"width":1920,"height":1280,"url":"https:\/\/www.blackfridaydeals.ch\/wp-content\/uploads\/2021\/11\/hamburger-g73bba9687_1920.jpg","type":"image\/jpeg"}],"twitter_card":"summary_large_image","twitter_site":"@blackfridaych","twitter_misc":{"Est. reading time":"5 minutes"},"schema":{"@context":"https:\/\/schema.org","@graph":[{"@type":"WebPage","@id":"https:\/\/www.blackfridaydeals.ch\/it\/black-friday-alimentari\/","url":"https:\/\/www.blackfridaydeals.ch\/it\/black-friday-alimentari\/","name":"Offerte del Black Friday 2026 per i prodotti alimentari","isPartOf":{"@id":"https:\/\/www.blackfridaydeals.ch\/it\/#website"},"datePublished":"2022-03-16T09:54:31+00:00","dateModified":"2025-02-10T13:20:56+00:00","description":"Alimentari: offerte del Black Friday 2026 Qui troverete tutte le offerte del Black Friday nel mondo del cibo.","breadcrumb":{"@id":"https:\/\/www.blackfridaydeals.ch\/it\/black-friday-alimentari\/#breadcrumb"},"inLanguage":"it-CH","potentialAction":[{"@type":"ReadAction","target":["https:\/\/www.blackfridaydeals.ch\/it\/black-friday-alimentari\/"]}]},{"@type":"BreadcrumbList","@id":"https:\/\/www.blackfridaydeals.ch\/it\/black-friday-alimentari\/#breadcrumb","itemListElement":[{"@type":"ListItem","position":1,"name":"Startseite","item":"https:\/\/www.blackfridaydeals.ch\/it\/"},{"@type":"ListItem","position":2,"name":"Le migliori occasioni del Black Friday per i prodotti alimentari"}]},{"@type":"WebSite","@id":"https:\/\/www.blackfridaydeals.ch\/it\/#website","url":"https:\/\/www.blackfridaydeals.ch\/it\/","name":"blackfridaydeals.ch","description":"Tutte le offerte del Black Friday 2025 in Svizzera","publisher":{"@id":"https:\/\/www.blackfridaydeals.ch\/it\/#organization"},"alternateName":"Black Friday Deals","potentialAction":[{"@type":"SearchAction","target":{"@type":"EntryPoint","urlTemplate":"https:\/\/www.blackfridaydeals.ch\/it\/?s={search_term_string}"},"query-input":"required name=search_term_string"}],"inLanguage":"it-CH"},{"@type":"Organization","@id":"https:\/\/www.blackfridaydeals.ch\/it\/#organization","name":"blackfridaydeals.ch","alternateName":"Black Friday Deals","url":"https:\/\/www.blackfridaydeals.ch\/it\/","logo":{"@type":"ImageObject","inLanguage":"it-CH","@id":"https:\/\/www.blackfridaydeals.ch\/it\/#\/schema\/logo\/image\/","url":"https:\/\/www.blackfridaydeals.ch\/wp-content\/uploads\/2023\/03\/app-icon-white-bg-jpg.jpg","contentUrl":"https:\/\/www.blackfridaydeals.ch\/wp-content\/uploads\/2023\/03\/app-icon-white-bg-jpg.jpg","width":512,"height":512,"caption":"blackfridaydeals.ch"},"image":{"@id":"https:\/\/www.blackfridaydeals.ch\/it\/#\/schema\/logo\/image\/"},"sameAs":["https:\/\/www.facebook.com\/blackfridaydealsch\/","https:\/\/twitter.com\/blackfridaych","https:\/\/www.youtube.com\/channel\/UCNKXHacMw8AS34mBgzVx3FQ","https:\/\/www.instagram.com\/blackfridaydeals.ch\/"]}]}},"_links":{"self":[{"href":"https:\/\/www.blackfridaydeals.ch\/it\/wp-json\/wp\/v2\/pages\/49425"}],"collection":[{"href":"https:\/\/www.blackfridaydeals.ch\/it\/wp-json\/wp\/v2\/pages"}],"about":[{"href":"https:\/\/www.blackfridaydeals.ch\/it\/wp-json\/wp\/v2\/types\/page"}],"author":[{"embeddable":true,"href":"https:\/\/www.blackfridaydeals.ch\/it\/wp-json\/wp\/v2\/users\/40"}],"replies":[{"embeddable":true,"href":"https:\/\/www.blackfridaydeals.ch\/it\/wp-json\/wp\/v2\/comments?post=49425"}],"version-history":[{"count":6,"href":"https:\/\/www.blackfridaydeals.ch\/it\/wp-json\/wp\/v2\/pages\/49425\/revisions"}],"predecessor-version":[{"id":64814,"href":"https:\/\/www.blackfridaydeals.ch\/it\/wp-json\/wp\/v2\/pages\/49425\/revisions\/64814"}],"wp:featuredmedia":[{"embeddable":true,"href":"https:\/\/www.blackfridaydeals.ch\/it\/wp-json\/wp\/v2\/media\/38799"}],"wp:attachment":[{"href":"https:\/\/www.blackfridaydeals.ch\/it\/wp-json\/wp\/v2\/media?parent=49425"}],"curies":[{"name":"wp","href":"https:\/\/api.w.org\/{rel}","templated":true}]}}