{"id":49422,"date":"2022-03-16T10:44:26","date_gmt":"2022-03-16T09:44:26","guid":{"rendered":"https:\/\/www.blackfridaydeals.ch\/?page_id=49422"},"modified":"2025-02-10T14:30:12","modified_gmt":"2025-02-10T13:30:12","slug":"black-friday-mobili","status":"publish","type":"page","link":"https:\/\/www.blackfridaydeals.ch\/it\/black-friday-mobili\/","title":{"rendered":"Le migliori offerte del Black Friday per i mobili"},"content":{"rendered":"<p>[vc_row][vc_column]\n[vc_column_text]<span><img decoding=\"async\" class=\"alignright size-medium wp-image-38804\" src=\"https:\/\/www.blackfridaydeals.ch\/wp-content\/uploads\/2021\/11\/bedroom-g1e74a5583_1920-300x200.jpg\" alt=\"\" width=\"300\" height=\"200\" srcset=\"https:\/\/www.blackfridaydeals.ch\/wp-content\/uploads\/2021\/11\/bedroom-g1e74a5583_1920-300x200.jpg 300w, https:\/\/www.blackfridaydeals.ch\/wp-content\/uploads\/2021\/11\/bedroom-g1e74a5583_1920-1024x683.jpg 1024w, https:\/\/www.blackfridaydeals.ch\/wp-content\/uploads\/2021\/11\/bedroom-g1e74a5583_1920-768x512.jpg 768w, https:\/\/www.blackfridaydeals.ch\/wp-content\/uploads\/2021\/11\/bedroom-g1e74a5583_1920-1536x1024.jpg 1536w, https:\/\/www.blackfridaydeals.ch\/wp-content\/uploads\/2021\/11\/bedroom-g1e74a5583_1920-2048x1365.jpg 2048w, https:\/\/www.blackfridaydeals.ch\/wp-content\/uploads\/2021\/11\/bedroom-g1e74a5583_1920-788x525.jpg 788w, https:\/\/www.blackfridaydeals.ch\/wp-content\/uploads\/2021\/11\/bedroom-g1e74a5583_1920-150x100.jpg 150w, https:\/\/www.blackfridaydeals.ch\/wp-content\/uploads\/2021\/11\/bedroom-g1e74a5583_1920.jpg 1920w\" sizes=\"(max-width: 300px) 100vw, 300px\" \/><\/span><\/p>\n<p style=\"text-align: center;\"><a href=\"https:\/\/www.blackfridaydeals.ch\/it\/home-living\/\" target=\"_blank\" style=\"border-radius:5px\" class=\"wpsm-button btncolor medium rehub_btn_color\"><i class=\"rhicon rhi-none\"><\/i>Vedi le migliori offerte di mobili<\/a><\/p>\n<p><span>Acquistare nuovi mobili costa caro. Questo \u00e8 un dettaglio innegabile. Ma dovresti rinunciare al piacere di arredare e vestire la tua casa nel modo pi\u00f9 bello? In realt\u00e0 esiste sempre una soluzione, ma devi essere paziente e scegliere il momento giusto, ovvero attendere le promozioni. Durante tutto l&#8217;anno, puoi sempre trovare ottime offerte nei negozi di mobili. Ma il must, l&#8217;apice delle occasioni, \u00e8 alla fine di novembre, quando quasi tutti i negozi offrono le promozioni del <a href=\"https:\/\/www.blackfridaydeals.ch\/it\/\">Black Friday<\/a>, che ti permetteranno di confrontare facilmente le diverse offerte e scegliere quella che ti far\u00e0 risparmiare di pi\u00f9. Diamo un&#8217;occhiata alle occasioni per i mobili in quel giorno:<\/span><\/p>\n<h2>Prospettive degli sconti nei negozi di mobili<\/h2>\n<p><span>Sia che tu desideri acquistare all\u2019<a href=\"https:\/\/www.blackfridaydeals.ch\/it\/shops\/ikea-it\/\">IKEA<\/a> o in un negozio di mobili locale, quasi tutti i grandi nomi del settore parteciperanno al <a href=\"https:\/\/www.blackfridaydeals.ch\/it\/black-friday-2026\/\">Black Friday 2026<\/a>. Infatti, \u00e8 abbastanza facile prevedere le offerte, dato che i rivenditori di mobili solitamente offrono promozioni piuttosto simili. Una tendenza che si \u00e8 consolidata nel settore \u00e8 che la maggior parte dei negozi sviluppano le loro campagne promozionali utilizzando uno dei due modi.<\/span><br \/>\n<span>Uno sconto forfettario su tutto \u00e8 lo scenario pi\u00f9 comune in questo settore. Nella maggior parte dei casi \u00e8 possibile risparmiare circa il 20%. Se un negozio \u00e8 pi\u00f9 generoso, puoi anche risparmiare il 30%, ed \u00e8 per questo che lo si vede di volta in volta. Fai attenzione a queste offerte: di solito sono escluse dalla promozione piccole parti dell\u2019assortimento, quindi, per esempio, gli articoli che sono gi\u00e0 in saldo non riceveranno uno sconto extra. A nostro parere, questo non diminuisce in alcun modo l\u2019attrattiva della promozione. Tuttavia, chi spera in sconti su un determinato articolo potrebbe rimanere deluso.<\/span><\/p>\n<p><span>Le svendite sono un po\u2019 meno frequenti. Se ce ne saranno, potremo vedere sconti abbastanza importanti su una selezione di articoli. Durante il Black Friday 2026, puoi addirittura risparmiare fino all\u201980% con questa promozione. Tuttavia, non tutti gli articoli della selezione sono cos\u00ec scontati. Per esempio, la maggior parte degli armadi, dei comodini e degli articoli decorativi sono ribassati del 30-50%. Questo ti d\u00e0 l\u2019opportunit\u00e0 di risparmiare parecchio se sei un po\u2019 flessibile. Se hai gi\u00e0 una combinazione di colori in mente, un determinato materiale e uno stile preferito, potresti essere abbastanza fortunato da trovare un buon affare. In ogni caso, i negozi cercano sempre di soddisfare i desideri di tutti offrendo la pi\u00f9 ampia selezione possibile.<\/span><\/p>\n<h2>Puoi anche trovare grandi affari nei negozi specializzati in mobili<\/h2>\n<p><span>Nel settore dell\u2019arredamento, tuttavia, sono presenti anche rivenditori che si sono specializzati in un particolare segmento. Casper, per esempio, si concentra su tutto ci\u00f2 che riguarda il riposo, dalle reti e i comodini ai materassi e alle lenzuola. Negli ultimi anni, marchi come Emma o Avocado hanno iniziato a proporre offerte simili, con un focus sui materassi e gli accessori per il sonno. Altri negozi sono specializzati in mobili per le camerette, il giardino o l\u2019ufficio.<\/span><br \/>\n<span>Qui puoi trovare le offerte del Black Friday 2026 simili a quelle dei grandi negozi di mobili. Sconti forfettari su tutto di circa il 30% sono abbastanza ipotizzabili, mentre i saldi potrebbero tradursi in risparmi decisamente maggiori. Ma \u00e8 anche possibile che i negozi specializzati in mobili possano offrire uno sconto su una categoria all\u2019interno della loro linea. Questo \u00e8 soprattutto probabile se una categoria, come i materassi, \u00e8 chiaramente al centro dell\u2019attenzione, mentre il resto della collezione serve a completarla.<\/span><\/p>\n<p><span>Nei grandi negozi di mobili, di solito non c\u2019\u00e8 una categoria simile, quindi una promozione del genere durante il Black Friday 2026 non attirerebbe molti clienti. Potremmo immaginarlo per il <a href=\"https:\/\/www.blackfridaydeals.ch\/it\/cyber-monday\/\">Cyber Monday<\/a> o il <a href=\"https:\/\/www.blackfridaydeals.ch\/it\/singles-day\/\">Singles Day<\/a> o per una promozione senza un\u2019occasione speciale.<\/span><\/p>\n<p>Tuttavia, molti clienti si rivolgono ai negozi specializzati specificamente per materassi, culle, sedie da giardino o qualsiasi altra categoria conosciuta. Se un negozio di mobili li taglia del 40%, per esempio, sar\u00e0 sicuramente un grande successo nel Black Friday 2026.<\/p>\n<p>&nbsp;<\/p>\n<h3>Altri articoli interessanti<\/h3>\n<ul>\n<li><a href=\"https:\/\/www.blackfridaydeals.ch\/it\/black-friday-foto-video\/\">Le migliori occasioni del Black Friday per le foto e i video<\/a><\/li>\n<li><a href=\"https:\/\/www.blackfridaydeals.ch\/it\/fotocamere-black-friday\/\">Le migliori occasioni per le fotocamere durante il Black Friday<\/a><\/li>\n<li><a href=\"https:\/\/www.blackfridaydeals.ch\/it\/articoli-ufficio-black-friday\/\">Le migliori offerte per gli articoli da ufficio del Black Friday<\/a><\/li>\n<li><a href=\"https:\/\/www.blackfridaydeals.ch\/it\/smartwatch-black-friday\/\">Le migliori offerte sugli smartwatch del Black Friday<\/a><\/li>\n<li><a href=\"https:\/\/www.blackfridaydeals.ch\/it\/black-friday-giocattoli\/\">Le migliori offerte del Black Friday sui giocattoli<\/a><\/li>\n<li><a href=\"https:\/\/www.blackfridaydeals.ch\/it\/black-friday-orologi\/\">Le migliori offerte del Black Friday sugli orologi<\/a><\/li>\n<li><a href=\"\/?page_id=49443\">Le migliori offerte nel mondo della bellezza del Black Friday<\/a><\/li>\n<li><a href=\"https:\/\/www.blackfridaydeals.ch\/it\/black-friday-sistemi-audio\/\">Le migliori offerte del Black Friday dei sistemi audio<\/a><\/li>\n<li><a href=\"https:\/\/www.blackfridaydeals.ch\/it\/black-friday-computer-portatili\/\">Le migliori offerte del Black Friday per i computer portatili<\/a><\/li>\n<li><a href=\"https:\/\/www.blackfridaydeals.ch\/it\/cucina-black-friday\/\">Una nuova cucina ad un prezzo vantaggioso per il Black Friday<\/a><\/li>\n<li><a href=\"https:\/\/www.blackfridaydeals.ch\/it\/profumi-black-friday\/\">Come trovare profumi delicati ad un prezzo scontato durante il Black Friday<\/a><\/li>\n<li><a href=\"https:\/\/www.blackfridaydeals.ch\/it\/scarpe-black-friday\/\">Scarpe di alta qualit\u00e0 a prezzi abbordabili \u2013 Black Friday<\/a><\/li>\n<li><a href=\"https:\/\/www.blackfridaydeals.ch\/it\/black-friday-home-cinema\/\">Le migliori offerte del Black Friday sull\u2019home cinema<\/a><\/li>\n<li><a href=\"https:\/\/www.blackfridaydeals.ch\/it\/black-friday-alimentari\/\">Le migliori occasioni del Black Friday per i prodotti alimentari<\/a><\/li>\n<li><a href=\"https:\/\/www.blackfridaydeals.ch\/it\/offerte-black-friday-fitness\/\">Le migliori offerte del Black Friday per il fitness<\/a><\/li>\n<li><a href=\"https:\/\/www.blackfridaydeals.ch\/it\/black-friday-trattamenti-viso\/\">Le migliori offerte del Black Friday per i trattamenti viso<\/a><\/li>\n<li><a href=\"https:\/\/www.blackfridaydeals.ch\/it\/casa-black-friday\/\">Tutto ci\u00f2 che ti serve per la casa per il Black Friday<\/a><\/li>\n<\/ul>\n<p>[\/vc_column_text][\/vc_column][\/vc_row]<\/p>\n","protected":false},"excerpt":{"rendered":"<p>[vc_row][vc_column][vc_column_text] Acquistare nuovi mobili costa caro. Questo \u00e8 un dettaglio innegabile. Ma dovresti rinunciare al piacere di arredare e vestire la tua casa nel modo pi\u00f9 bello? In realt\u00e0 esiste sempre una soluzione, ma devi essere paziente e scegliere il momento giusto, ovvero attendere le promozioni. Durante tutto l&#8217;anno, puoi sempre trovare ottime offerte nei [&hellip;]<\/p>\n","protected":false},"author":40,"featured_media":38806,"parent":0,"menu_order":0,"comment_status":"closed","ping_status":"closed","template":"","meta":[],"yoast_head":"<!-- This site is optimized with the Yoast SEO plugin v20.5 - https:\/\/yoast.com\/wordpress\/plugins\/seo\/ -->\n<title>Le migliori offerte del Black Friday 2026 per i mobili<\/title>\n<meta name=\"description\" content=\"Arredamento: offerte del Black Friday 2026 Qui troverai tutte le offerte del Black Friday nel mondo dell&#039;arredamento.\" \/>\n<meta name=\"robots\" content=\"index, follow, max-snippet:-1, max-image-preview:large, max-video-preview:-1\" \/>\n<link rel=\"canonical\" href=\"https:\/\/www.blackfridaydeals.ch\/it\/black-friday-mobili\/\" \/>\n<meta property=\"og:locale\" content=\"it_IT\" \/>\n<meta property=\"og:type\" content=\"article\" \/>\n<meta property=\"og:title\" content=\"Le migliori offerte del Black Friday 2026 per i mobili\" \/>\n<meta property=\"og:description\" content=\"Arredamento: offerte del Black Friday 2026 Qui troverai tutte le offerte del Black Friday nel mondo dell&#039;arredamento.\" \/>\n<meta property=\"og:url\" content=\"https:\/\/www.blackfridaydeals.ch\/it\/black-friday-mobili\/\" \/>\n<meta property=\"og:site_name\" content=\"blackfridaydeals.ch\" \/>\n<meta property=\"article:publisher\" content=\"https:\/\/www.facebook.com\/blackfridaydealsch\/\" \/>\n<meta property=\"article:modified_time\" content=\"2025-02-10T13:30:12+00:00\" \/>\n<meta property=\"og:image\" content=\"https:\/\/www.blackfridaydeals.ch\/wp-content\/uploads\/2021\/11\/bedroom-g1e74a5583_1920.jpg\" \/>\n\t<meta property=\"og:image:width\" content=\"1920\" \/>\n\t<meta property=\"og:image:height\" content=\"1280\" \/>\n\t<meta property=\"og:image:type\" content=\"image\/jpeg\" \/>\n<meta name=\"twitter:card\" content=\"summary_large_image\" \/>\n<meta name=\"twitter:site\" content=\"@blackfridaych\" \/>\n<meta name=\"twitter:label1\" content=\"Est. reading time\" \/>\n\t<meta name=\"twitter:data1\" content=\"5 minutes\" \/>\n<script type=\"application\/ld+json\" class=\"yoast-schema-graph\">{\"@context\":\"https:\/\/schema.org\",\"@graph\":[{\"@type\":\"WebPage\",\"@id\":\"https:\/\/www.blackfridaydeals.ch\/it\/black-friday-mobili\/\",\"url\":\"https:\/\/www.blackfridaydeals.ch\/it\/black-friday-mobili\/\",\"name\":\"Le migliori offerte del Black Friday 2026 per i mobili\",\"isPartOf\":{\"@id\":\"https:\/\/www.blackfridaydeals.ch\/it\/#website\"},\"datePublished\":\"2022-03-16T09:44:26+00:00\",\"dateModified\":\"2025-02-10T13:30:12+00:00\",\"description\":\"Arredamento: offerte del Black Friday 2026 Qui troverai tutte le offerte del Black Friday nel mondo dell'arredamento.\",\"breadcrumb\":{\"@id\":\"https:\/\/www.blackfridaydeals.ch\/it\/black-friday-mobili\/#breadcrumb\"},\"inLanguage\":\"it-CH\",\"potentialAction\":[{\"@type\":\"ReadAction\",\"target\":[\"https:\/\/www.blackfridaydeals.ch\/it\/black-friday-mobili\/\"]}]},{\"@type\":\"BreadcrumbList\",\"@id\":\"https:\/\/www.blackfridaydeals.ch\/it\/black-friday-mobili\/#breadcrumb\",\"itemListElement\":[{\"@type\":\"ListItem\",\"position\":1,\"name\":\"Startseite\",\"item\":\"https:\/\/www.blackfridaydeals.ch\/it\/\"},{\"@type\":\"ListItem\",\"position\":2,\"name\":\"Le migliori offerte del Black Friday per i mobili\"}]},{\"@type\":\"WebSite\",\"@id\":\"https:\/\/www.blackfridaydeals.ch\/it\/#website\",\"url\":\"https:\/\/www.blackfridaydeals.ch\/it\/\",\"name\":\"blackfridaydeals.ch\",\"description\":\"Tutte le offerte del Black Friday 2025 in Svizzera\",\"publisher\":{\"@id\":\"https:\/\/www.blackfridaydeals.ch\/it\/#organization\"},\"alternateName\":\"Black Friday Deals\",\"potentialAction\":[{\"@type\":\"SearchAction\",\"target\":{\"@type\":\"EntryPoint\",\"urlTemplate\":\"https:\/\/www.blackfridaydeals.ch\/it\/?s={search_term_string}\"},\"query-input\":\"required name=search_term_string\"}],\"inLanguage\":\"it-CH\"},{\"@type\":\"Organization\",\"@id\":\"https:\/\/www.blackfridaydeals.ch\/it\/#organization\",\"name\":\"blackfridaydeals.ch\",\"alternateName\":\"Black Friday Deals\",\"url\":\"https:\/\/www.blackfridaydeals.ch\/it\/\",\"logo\":{\"@type\":\"ImageObject\",\"inLanguage\":\"it-CH\",\"@id\":\"https:\/\/www.blackfridaydeals.ch\/it\/#\/schema\/logo\/image\/\",\"url\":\"https:\/\/www.blackfridaydeals.ch\/wp-content\/uploads\/2023\/03\/app-icon-white-bg-jpg.jpg\",\"contentUrl\":\"https:\/\/www.blackfridaydeals.ch\/wp-content\/uploads\/2023\/03\/app-icon-white-bg-jpg.jpg\",\"width\":512,\"height\":512,\"caption\":\"blackfridaydeals.ch\"},\"image\":{\"@id\":\"https:\/\/www.blackfridaydeals.ch\/it\/#\/schema\/logo\/image\/\"},\"sameAs\":[\"https:\/\/www.facebook.com\/blackfridaydealsch\/\",\"https:\/\/twitter.com\/blackfridaych\",\"https:\/\/www.youtube.com\/channel\/UCNKXHacMw8AS34mBgzVx3FQ\",\"https:\/\/www.instagram.com\/blackfridaydeals.ch\/\"]}]}<\/script>\n<!-- \/ Yoast SEO plugin. -->","yoast_head_json":{"title":"Le migliori offerte del Black Friday 2026 per i mobili","description":"Arredamento: offerte del Black Friday 2026 Qui troverai tutte le offerte del Black Friday nel mondo dell'arredamento.","robots":{"index":"index","follow":"follow","max-snippet":"max-snippet:-1","max-image-preview":"max-image-preview:large","max-video-preview":"max-video-preview:-1"},"canonical":"https:\/\/www.blackfridaydeals.ch\/it\/black-friday-mobili\/","og_locale":"it_IT","og_type":"article","og_title":"Le migliori offerte del Black Friday 2026 per i mobili","og_description":"Arredamento: offerte del Black Friday 2026 Qui troverai tutte le offerte del Black Friday nel mondo dell'arredamento.","og_url":"https:\/\/www.blackfridaydeals.ch\/it\/black-friday-mobili\/","og_site_name":"blackfridaydeals.ch","article_publisher":"https:\/\/www.facebook.com\/blackfridaydealsch\/","article_modified_time":"2025-02-10T13:30:12+00:00","og_image":[{"width":1920,"height":1280,"url":"https:\/\/www.blackfridaydeals.ch\/wp-content\/uploads\/2021\/11\/bedroom-g1e74a5583_1920.jpg","type":"image\/jpeg"}],"twitter_card":"summary_large_image","twitter_site":"@blackfridaych","twitter_misc":{"Est. reading time":"5 minutes"},"schema":{"@context":"https:\/\/schema.org","@graph":[{"@type":"WebPage","@id":"https:\/\/www.blackfridaydeals.ch\/it\/black-friday-mobili\/","url":"https:\/\/www.blackfridaydeals.ch\/it\/black-friday-mobili\/","name":"Le migliori offerte del Black Friday 2026 per i mobili","isPartOf":{"@id":"https:\/\/www.blackfridaydeals.ch\/it\/#website"},"datePublished":"2022-03-16T09:44:26+00:00","dateModified":"2025-02-10T13:30:12+00:00","description":"Arredamento: offerte del Black Friday 2026 Qui troverai tutte le offerte del Black Friday nel mondo dell'arredamento.","breadcrumb":{"@id":"https:\/\/www.blackfridaydeals.ch\/it\/black-friday-mobili\/#breadcrumb"},"inLanguage":"it-CH","potentialAction":[{"@type":"ReadAction","target":["https:\/\/www.blackfridaydeals.ch\/it\/black-friday-mobili\/"]}]},{"@type":"BreadcrumbList","@id":"https:\/\/www.blackfridaydeals.ch\/it\/black-friday-mobili\/#breadcrumb","itemListElement":[{"@type":"ListItem","position":1,"name":"Startseite","item":"https:\/\/www.blackfridaydeals.ch\/it\/"},{"@type":"ListItem","position":2,"name":"Le migliori offerte del Black Friday per i mobili"}]},{"@type":"WebSite","@id":"https:\/\/www.blackfridaydeals.ch\/it\/#website","url":"https:\/\/www.blackfridaydeals.ch\/it\/","name":"blackfridaydeals.ch","description":"Tutte le offerte del Black Friday 2025 in Svizzera","publisher":{"@id":"https:\/\/www.blackfridaydeals.ch\/it\/#organization"},"alternateName":"Black Friday Deals","potentialAction":[{"@type":"SearchAction","target":{"@type":"EntryPoint","urlTemplate":"https:\/\/www.blackfridaydeals.ch\/it\/?s={search_term_string}"},"query-input":"required name=search_term_string"}],"inLanguage":"it-CH"},{"@type":"Organization","@id":"https:\/\/www.blackfridaydeals.ch\/it\/#organization","name":"blackfridaydeals.ch","alternateName":"Black Friday Deals","url":"https:\/\/www.blackfridaydeals.ch\/it\/","logo":{"@type":"ImageObject","inLanguage":"it-CH","@id":"https:\/\/www.blackfridaydeals.ch\/it\/#\/schema\/logo\/image\/","url":"https:\/\/www.blackfridaydeals.ch\/wp-content\/uploads\/2023\/03\/app-icon-white-bg-jpg.jpg","contentUrl":"https:\/\/www.blackfridaydeals.ch\/wp-content\/uploads\/2023\/03\/app-icon-white-bg-jpg.jpg","width":512,"height":512,"caption":"blackfridaydeals.ch"},"image":{"@id":"https:\/\/www.blackfridaydeals.ch\/it\/#\/schema\/logo\/image\/"},"sameAs":["https:\/\/www.facebook.com\/blackfridaydealsch\/","https:\/\/twitter.com\/blackfridaych","https:\/\/www.youtube.com\/channel\/UCNKXHacMw8AS34mBgzVx3FQ","https:\/\/www.instagram.com\/blackfridaydeals.ch\/"]}]}},"_links":{"self":[{"href":"https:\/\/www.blackfridaydeals.ch\/it\/wp-json\/wp\/v2\/pages\/49422"}],"collection":[{"href":"https:\/\/www.blackfridaydeals.ch\/it\/wp-json\/wp\/v2\/pages"}],"about":[{"href":"https:\/\/www.blackfridaydeals.ch\/it\/wp-json\/wp\/v2\/types\/page"}],"author":[{"embeddable":true,"href":"https:\/\/www.blackfridaydeals.ch\/it\/wp-json\/wp\/v2\/users\/40"}],"replies":[{"embeddable":true,"href":"https:\/\/www.blackfridaydeals.ch\/it\/wp-json\/wp\/v2\/comments?post=49422"}],"version-history":[{"count":11,"href":"https:\/\/www.blackfridaydeals.ch\/it\/wp-json\/wp\/v2\/pages\/49422\/revisions"}],"predecessor-version":[{"id":98881,"href":"https:\/\/www.blackfridaydeals.ch\/it\/wp-json\/wp\/v2\/pages\/49422\/revisions\/98881"}],"wp:featuredmedia":[{"embeddable":true,"href":"https:\/\/www.blackfridaydeals.ch\/it\/wp-json\/wp\/v2\/media\/38806"}],"wp:attachment":[{"href":"https:\/\/www.blackfridaydeals.ch\/it\/wp-json\/wp\/v2\/media?parent=49422"}],"curies":[{"name":"wp","href":"https:\/\/api.w.org\/{rel}","templated":true}]}}