{"id":49420,"date":"2022-03-16T10:40:51","date_gmt":"2022-03-16T09:40:51","guid":{"rendered":"https:\/\/www.blackfridaydeals.ch\/?page_id=49420"},"modified":"2025-02-10T14:32:21","modified_gmt":"2025-02-10T13:32:21","slug":"offerte-black-friday-fitness","status":"publish","type":"page","link":"https:\/\/www.blackfridaydeals.ch\/it\/offerte-black-friday-fitness\/","title":{"rendered":"Le migliori offerte del Black Friday per il fitness"},"content":{"rendered":"<p>[vc_row][vc_column]\n[vc_column_text]<span><img decoding=\"async\" class=\"alignright size-medium wp-image-38809\" src=\"https:\/\/www.blackfridaydeals.ch\/wp-content\/uploads\/2021\/11\/weight-lifting-gd97300405_1920-300x200.jpg\" alt=\"\" width=\"300\" height=\"200\" srcset=\"https:\/\/www.blackfridaydeals.ch\/wp-content\/uploads\/2021\/11\/weight-lifting-gd97300405_1920-300x200.jpg 300w, https:\/\/www.blackfridaydeals.ch\/wp-content\/uploads\/2021\/11\/weight-lifting-gd97300405_1920-1024x682.jpg 1024w, https:\/\/www.blackfridaydeals.ch\/wp-content\/uploads\/2021\/11\/weight-lifting-gd97300405_1920-767x511.jpg 767w, https:\/\/www.blackfridaydeals.ch\/wp-content\/uploads\/2021\/11\/weight-lifting-gd97300405_1920-1536x1023.jpg 1536w, https:\/\/www.blackfridaydeals.ch\/wp-content\/uploads\/2021\/11\/weight-lifting-gd97300405_1920-2048x1364.jpg 2048w, https:\/\/www.blackfridaydeals.ch\/wp-content\/uploads\/2021\/11\/weight-lifting-gd97300405_1920-788x524.jpg 788w, https:\/\/www.blackfridaydeals.ch\/wp-content\/uploads\/2021\/11\/weight-lifting-gd97300405_1920-150x100.jpg 150w, https:\/\/www.blackfridaydeals.ch\/wp-content\/uploads\/2021\/11\/weight-lifting-gd97300405_1920.jpg 1920w\" sizes=\"(max-width: 300px) 100vw, 300px\" \/><\/span><\/p>\n<p style=\"text-align: center;\"><a href=\"https:\/\/www.blackfridaydeals.ch\/it\/sport-outdoor\/\" target=\"_blank\" style=\"border-radius:5px\" class=\"wpsm-button btncolor medium rehub_btn_color\"><i class=\"rhicon rhi-none\"><\/i>Le migliori offerte di sport e outdoor<\/a><\/p>\n<p><span>Se vuoi metterti e rimanere in forma, il <a href=\"https:\/\/www.blackfridaydeals.ch\/it\/\">Black Friday<\/a> \u00e8 il momento perfetto per acquistare ci\u00f2 che vuoi a prezzi vantaggiosi. Infatti, molti sconti sono offerti dai professionisti del settore. Dall&#8217;abbigliamento agli integratori alimentari alle attrezzature e agli abbonamenti in palestra, puoi trovare tutto ci\u00f2 che puoi immaginare in termini di fitness ad un prezzo scontato alla fine di novembre.<\/span><\/p>\n<h2>L&#8217;abbigliamento giusto scontato per ogni sport<\/h2>\n<p><span>Durante il Black Friday 2026, molti negozi di moda, come Zalando, offriranno una grande parte del loro assortimento a prezzi scontati. Anche se l&#8217;abbigliamento sportivo \u00e8 solo una parte della scelta, molti negozi metteranno in offerta centinaia o migliaia di articoli in questa categoria. A seconda del rivenditore, \u00e8 possibile anche trovare sconti su prodotti di marche sportive conosciute, la cui qualit\u00e0 \u00e8 garantita.<\/span><\/p>\n<p><span>Ma se preferisci fare acquisti in un negozio specializzato in sport o in alcuni sport, non andrai via a mani vuote. Puoi acquistare a meno in molti rivenditori di articoli sportivi o direttamente con i produttori. Che si tratti di Decathlon o di un produttore di abbigliamento sportivo di fascia alta, spesso puoi risparmiare sensibilmente durante il <a href=\"https:\/\/www.blackfridaydeals.ch\/it\/black-friday-2026\/\">Black Friday 2026<\/a>. Puoi anche approfittare degli stessi sconti nei negozi di moda e di sport. Questi sconti possono essere applicati su tutta la gamma o in una categoria. In genere, puoi risparmiare il 20% o il 30%, a volte un po&#8217; di pi\u00f9.<\/span><\/p>\n<h2>Per prestazioni superiori: sconti sugli integratori alimentari<\/h2>\n<p><span>Se vuoi mettere su muscoli, gli integratori alimentari possono darti una mano. Il corpo otterr\u00e0 tutti i nutrienti di cui ha bisogno per bruciare i grassi e sviluppare nuove fibre muscolari. Questi integratori alimentari beneficeranno di sconti durante il Black Friday 2026.\u00a0<a href=\"https:\/\/www.blackfridaydeals.ch\/it\/shops\/myprotein-it\/\">MyProtein<\/a>, per esempio, presenta spesso offerte di sconto. Molti negozi del settore offrono anche sconti piuttosto generosi durante il Black Friday, il <a href=\"https:\/\/www.blackfridaydeals.ch\/it\/cyber-monday\/\">Cyber Monday<\/a> e altri eventi, e questi possono facilmente superare il 50%. Queste campagne di sconti sono di solito strutturate in modo simile ai saldi, in modo da offrire solo gli articoli pi\u00f9 popolari con gli sconti pi\u00f9 alti. In questo modo, quasi tutti i clienti saranno soddisfatti dei bestseller.<\/span><\/p>\n<h2>Rendi l&#8217;allenamento pi\u00f9 efficace con le attrezzature<\/h2>\n<p><span>I negozi di sport non solo accontentano i loro clienti con vestiti e scarpe, ma si possono trovare anche tutti i tipi di attrezzature per diversi sport. Per esempio, se sei un appassionato di escursionismo, in genere troverai tende, zaini e molto altro. Per il fitness in senso stretto, ci sono manubri, pesi, kettlebell, Thera-Band e molti altri prodotti per rendere l&#8217;allenamento il pi\u00f9 efficace possibile. Questi possono essere scontati ulteriormente sotto la loro categoria. Tuttavia, se un negozio decide di offrire uno sconto fisso su tutti i prodotti, anche questi saranno scontati. Sebbene ci possano essere piccole eccezioni a questa promozione, raramente queste riguardano una parte cos\u00ec importante della gamma come l&#8217;attrezzatura.<\/span><\/p>\n<h2>Allenarsi in palestra<\/h2>\n<p><span>Negli ultimi anni, anche i centri fitness hanno scoperto il Black Friday. Da Holmes Place, per esempio, puoi trovare delle offerte gi\u00e0 in questa occasione. Se un centro offre un abbonamento scontato, puoi prevedere di trovare ottimi sconti. In questo caso possiamo immaginare sconti ben oltre il 50%. In questo modo, le palestre rendono i loro servizi accessibili ad un maggior numero di clienti e alla fine guadagneranno nuovi clienti regolari.<\/span><\/p>\n<p>Probabilmente anche alcune palestre si lasceranno ispirare dal <a href=\"https:\/\/www.blackfridaydeals.ch\/it\/singles-day\/\">Singles Day<\/a> di questo novembre. Quindi, l&#8217;11 novembre, i single e le coppie potrebbero iniziare un percorso per diventare pi\u00f9 sani. Ad ogni modo, gli sconti saranno probabilmente un po&#8217; pi\u00f9 contenuti rispetto al Black Friday 2026.<\/p>\n<p>&nbsp;<\/p>\n<h3>Altri articoli interessanti<\/h3>\n<ul>\n<li><a href=\"https:\/\/www.blackfridaydeals.ch\/it\/black-friday-foto-video\/\">Le migliori occasioni del Black Friday per le foto e i video<\/a><\/li>\n<li><a href=\"https:\/\/www.blackfridaydeals.ch\/it\/fotocamere-black-friday\/\">Le migliori occasioni per le fotocamere durante il Black Friday<\/a><\/li>\n<li><a href=\"https:\/\/www.blackfridaydeals.ch\/it\/articoli-ufficio-black-friday\/\">Le migliori offerte per gli articoli da ufficio del Black Friday<\/a><\/li>\n<li><a href=\"https:\/\/www.blackfridaydeals.ch\/it\/smartwatch-black-friday\/\">Le migliori offerte sugli smartwatch del Black Friday<\/a><\/li>\n<li><a href=\"https:\/\/www.blackfridaydeals.ch\/it\/black-friday-giocattoli\/\">Le migliori offerte del Black Friday sui giocattoli<\/a><\/li>\n<li><a href=\"https:\/\/www.blackfridaydeals.ch\/it\/black-friday-orologi\/\">Le migliori offerte del Black Friday sugli orologi<\/a><\/li>\n<li><a href=\"\/?page_id=49443\">Le migliori offerte nel mondo della bellezza del Black Friday<\/a><\/li>\n<li><a href=\"https:\/\/www.blackfridaydeals.ch\/it\/black-friday-sistemi-audio\/\">Le migliori offerte del Black Friday dei sistemi audio<\/a><\/li>\n<li><a href=\"https:\/\/www.blackfridaydeals.ch\/it\/black-friday-computer-portatili\/\">Le migliori offerte del Black Friday per i computer portatili<\/a><\/li>\n<li><a href=\"https:\/\/www.blackfridaydeals.ch\/it\/cucina-black-friday\/\">Una nuova cucina ad un prezzo vantaggioso per il Black Friday<\/a><\/li>\n<li><a href=\"https:\/\/www.blackfridaydeals.ch\/it\/profumi-black-friday\/\">Come trovare profumi delicati ad un prezzo scontato durante il Black Friday<\/a><\/li>\n<li><a href=\"https:\/\/www.blackfridaydeals.ch\/it\/scarpe-black-friday\/\">Scarpe di alta qualit\u00e0 a prezzi abbordabili \u2013 Black Friday<\/a><\/li>\n<li><a href=\"https:\/\/www.blackfridaydeals.ch\/it\/black-friday-home-cinema\/\">Le migliori offerte del Black Friday sull\u2019home cinema<\/a><\/li>\n<li><a href=\"https:\/\/www.blackfridaydeals.ch\/it\/black-friday-alimentari\/\">Le migliori occasioni del Black Friday per i prodotti alimentari<\/a><\/li>\n<li><a href=\"https:\/\/www.blackfridaydeals.ch\/it\/black-friday-mobili\/\">Le migliori offerte del Black Friday per i mobili<\/a><\/li>\n<li><a href=\"https:\/\/www.blackfridaydeals.ch\/it\/black-friday-trattamenti-viso\/\">Le migliori offerte del Black Friday per i trattamenti viso<\/a><\/li>\n<li><a href=\"https:\/\/www.blackfridaydeals.ch\/it\/casa-black-friday\/\">Tutto ci\u00f2 che ti serve per la casa per il Black Friday<\/a><\/li>\n<li><a href=\"https:\/\/www.blackfridaydeals.ch\/it\/viaggi-voli-hotel-black-friday\/\">Viaggi, voli e hotel del Black Friday<\/a><\/li>\n<\/ul>\n<p>[\/vc_column_text][\/vc_column][\/vc_row]<\/p>\n","protected":false},"excerpt":{"rendered":"<p>[vc_row][vc_column][vc_column_text] Se vuoi metterti e rimanere in forma, il Black Friday \u00e8 il momento perfetto per acquistare ci\u00f2 che vuoi a prezzi vantaggiosi. Infatti, molti sconti sono offerti dai professionisti del settore. Dall&#8217;abbigliamento agli integratori alimentari alle attrezzature e agli abbonamenti in palestra, puoi trovare tutto ci\u00f2 che puoi immaginare in termini di fitness ad [&hellip;]<\/p>\n","protected":false},"author":40,"featured_media":38811,"parent":0,"menu_order":0,"comment_status":"closed","ping_status":"closed","template":"","meta":[],"yoast_head":"<!-- This site is optimized with the Yoast SEO plugin v20.5 - https:\/\/yoast.com\/wordpress\/plugins\/seo\/ -->\n<title>Le migliori offerte del Black Friday 2026 per il fitness<\/title>\n<meta name=\"description\" content=\"Fitness: offerte del Black Friday 2026 Qui troverete tutte le offerte del Black Friday nel mondo del fitness.\" \/>\n<meta name=\"robots\" content=\"noindex, follow\" \/>\n<meta property=\"og:locale\" content=\"it_IT\" \/>\n<meta property=\"og:type\" content=\"article\" \/>\n<meta property=\"og:title\" content=\"Le migliori offerte del Black Friday 2026 per il fitness\" \/>\n<meta property=\"og:description\" content=\"Fitness: offerte del Black Friday 2026 Qui troverete tutte le offerte del Black Friday nel mondo del fitness.\" \/>\n<meta property=\"og:url\" content=\"https:\/\/www.blackfridaydeals.ch\/it\/offerte-black-friday-fitness\/\" \/>\n<meta property=\"og:site_name\" content=\"blackfridaydeals.ch\" \/>\n<meta property=\"article:publisher\" content=\"https:\/\/www.facebook.com\/blackfridaydealsch\/\" \/>\n<meta property=\"article:modified_time\" content=\"2025-02-10T13:32:21+00:00\" \/>\n<meta property=\"og:image\" content=\"https:\/\/www.blackfridaydeals.ch\/wp-content\/uploads\/2021\/11\/weight-lifting-gd97300405_1920.jpg\" \/>\n\t<meta property=\"og:image:width\" content=\"1920\" \/>\n\t<meta property=\"og:image:height\" content=\"1279\" \/>\n\t<meta property=\"og:image:type\" content=\"image\/jpeg\" \/>\n<meta name=\"twitter:card\" content=\"summary_large_image\" \/>\n<meta name=\"twitter:site\" content=\"@blackfridaych\" \/>\n<meta name=\"twitter:label1\" content=\"Est. reading time\" \/>\n\t<meta name=\"twitter:data1\" content=\"5 minutes\" \/>\n<script type=\"application\/ld+json\" class=\"yoast-schema-graph\">{\"@context\":\"https:\/\/schema.org\",\"@graph\":[{\"@type\":\"WebPage\",\"@id\":\"https:\/\/www.blackfridaydeals.ch\/it\/offerte-black-friday-fitness\/\",\"url\":\"https:\/\/www.blackfridaydeals.ch\/it\/offerte-black-friday-fitness\/\",\"name\":\"Le migliori offerte del Black Friday 2026 per il fitness\",\"isPartOf\":{\"@id\":\"https:\/\/www.blackfridaydeals.ch\/it\/#website\"},\"datePublished\":\"2022-03-16T09:40:51+00:00\",\"dateModified\":\"2025-02-10T13:32:21+00:00\",\"description\":\"Fitness: offerte del Black Friday 2026 Qui troverete tutte le offerte del Black Friday nel mondo del fitness.\",\"breadcrumb\":{\"@id\":\"https:\/\/www.blackfridaydeals.ch\/it\/offerte-black-friday-fitness\/#breadcrumb\"},\"inLanguage\":\"it-CH\",\"potentialAction\":[{\"@type\":\"ReadAction\",\"target\":[\"https:\/\/www.blackfridaydeals.ch\/it\/offerte-black-friday-fitness\/\"]}]},{\"@type\":\"BreadcrumbList\",\"@id\":\"https:\/\/www.blackfridaydeals.ch\/it\/offerte-black-friday-fitness\/#breadcrumb\",\"itemListElement\":[{\"@type\":\"ListItem\",\"position\":1,\"name\":\"Startseite\",\"item\":\"https:\/\/www.blackfridaydeals.ch\/it\/\"},{\"@type\":\"ListItem\",\"position\":2,\"name\":\"Le migliori offerte del Black Friday per il fitness\"}]},{\"@type\":\"WebSite\",\"@id\":\"https:\/\/www.blackfridaydeals.ch\/it\/#website\",\"url\":\"https:\/\/www.blackfridaydeals.ch\/it\/\",\"name\":\"blackfridaydeals.ch\",\"description\":\"Tutte le offerte del Black Friday 2025 in Svizzera\",\"publisher\":{\"@id\":\"https:\/\/www.blackfridaydeals.ch\/it\/#organization\"},\"alternateName\":\"Black Friday Deals\",\"potentialAction\":[{\"@type\":\"SearchAction\",\"target\":{\"@type\":\"EntryPoint\",\"urlTemplate\":\"https:\/\/www.blackfridaydeals.ch\/it\/?s={search_term_string}\"},\"query-input\":\"required name=search_term_string\"}],\"inLanguage\":\"it-CH\"},{\"@type\":\"Organization\",\"@id\":\"https:\/\/www.blackfridaydeals.ch\/it\/#organization\",\"name\":\"blackfridaydeals.ch\",\"alternateName\":\"Black Friday Deals\",\"url\":\"https:\/\/www.blackfridaydeals.ch\/it\/\",\"logo\":{\"@type\":\"ImageObject\",\"inLanguage\":\"it-CH\",\"@id\":\"https:\/\/www.blackfridaydeals.ch\/it\/#\/schema\/logo\/image\/\",\"url\":\"https:\/\/www.blackfridaydeals.ch\/wp-content\/uploads\/2023\/03\/app-icon-white-bg-jpg.jpg\",\"contentUrl\":\"https:\/\/www.blackfridaydeals.ch\/wp-content\/uploads\/2023\/03\/app-icon-white-bg-jpg.jpg\",\"width\":512,\"height\":512,\"caption\":\"blackfridaydeals.ch\"},\"image\":{\"@id\":\"https:\/\/www.blackfridaydeals.ch\/it\/#\/schema\/logo\/image\/\"},\"sameAs\":[\"https:\/\/www.facebook.com\/blackfridaydealsch\/\",\"https:\/\/twitter.com\/blackfridaych\",\"https:\/\/www.youtube.com\/channel\/UCNKXHacMw8AS34mBgzVx3FQ\",\"https:\/\/www.instagram.com\/blackfridaydeals.ch\/\"]}]}<\/script>\n<!-- \/ Yoast SEO plugin. -->","yoast_head_json":{"title":"Le migliori offerte del Black Friday 2026 per il fitness","description":"Fitness: offerte del Black Friday 2026 Qui troverete tutte le offerte del Black Friday nel mondo del fitness.","robots":{"index":"noindex","follow":"follow"},"og_locale":"it_IT","og_type":"article","og_title":"Le migliori offerte del Black Friday 2026 per il fitness","og_description":"Fitness: offerte del Black Friday 2026 Qui troverete tutte le offerte del Black Friday nel mondo del fitness.","og_url":"https:\/\/www.blackfridaydeals.ch\/it\/offerte-black-friday-fitness\/","og_site_name":"blackfridaydeals.ch","article_publisher":"https:\/\/www.facebook.com\/blackfridaydealsch\/","article_modified_time":"2025-02-10T13:32:21+00:00","og_image":[{"width":1920,"height":1279,"url":"https:\/\/www.blackfridaydeals.ch\/wp-content\/uploads\/2021\/11\/weight-lifting-gd97300405_1920.jpg","type":"image\/jpeg"}],"twitter_card":"summary_large_image","twitter_site":"@blackfridaych","twitter_misc":{"Est. reading time":"5 minutes"},"schema":{"@context":"https:\/\/schema.org","@graph":[{"@type":"WebPage","@id":"https:\/\/www.blackfridaydeals.ch\/it\/offerte-black-friday-fitness\/","url":"https:\/\/www.blackfridaydeals.ch\/it\/offerte-black-friday-fitness\/","name":"Le migliori offerte del Black Friday 2026 per il fitness","isPartOf":{"@id":"https:\/\/www.blackfridaydeals.ch\/it\/#website"},"datePublished":"2022-03-16T09:40:51+00:00","dateModified":"2025-02-10T13:32:21+00:00","description":"Fitness: offerte del Black Friday 2026 Qui troverete tutte le offerte del Black Friday nel mondo del fitness.","breadcrumb":{"@id":"https:\/\/www.blackfridaydeals.ch\/it\/offerte-black-friday-fitness\/#breadcrumb"},"inLanguage":"it-CH","potentialAction":[{"@type":"ReadAction","target":["https:\/\/www.blackfridaydeals.ch\/it\/offerte-black-friday-fitness\/"]}]},{"@type":"BreadcrumbList","@id":"https:\/\/www.blackfridaydeals.ch\/it\/offerte-black-friday-fitness\/#breadcrumb","itemListElement":[{"@type":"ListItem","position":1,"name":"Startseite","item":"https:\/\/www.blackfridaydeals.ch\/it\/"},{"@type":"ListItem","position":2,"name":"Le migliori offerte del Black Friday per il fitness"}]},{"@type":"WebSite","@id":"https:\/\/www.blackfridaydeals.ch\/it\/#website","url":"https:\/\/www.blackfridaydeals.ch\/it\/","name":"blackfridaydeals.ch","description":"Tutte le offerte del Black Friday 2025 in Svizzera","publisher":{"@id":"https:\/\/www.blackfridaydeals.ch\/it\/#organization"},"alternateName":"Black Friday Deals","potentialAction":[{"@type":"SearchAction","target":{"@type":"EntryPoint","urlTemplate":"https:\/\/www.blackfridaydeals.ch\/it\/?s={search_term_string}"},"query-input":"required name=search_term_string"}],"inLanguage":"it-CH"},{"@type":"Organization","@id":"https:\/\/www.blackfridaydeals.ch\/it\/#organization","name":"blackfridaydeals.ch","alternateName":"Black Friday Deals","url":"https:\/\/www.blackfridaydeals.ch\/it\/","logo":{"@type":"ImageObject","inLanguage":"it-CH","@id":"https:\/\/www.blackfridaydeals.ch\/it\/#\/schema\/logo\/image\/","url":"https:\/\/www.blackfridaydeals.ch\/wp-content\/uploads\/2023\/03\/app-icon-white-bg-jpg.jpg","contentUrl":"https:\/\/www.blackfridaydeals.ch\/wp-content\/uploads\/2023\/03\/app-icon-white-bg-jpg.jpg","width":512,"height":512,"caption":"blackfridaydeals.ch"},"image":{"@id":"https:\/\/www.blackfridaydeals.ch\/it\/#\/schema\/logo\/image\/"},"sameAs":["https:\/\/www.facebook.com\/blackfridaydealsch\/","https:\/\/twitter.com\/blackfridaych","https:\/\/www.youtube.com\/channel\/UCNKXHacMw8AS34mBgzVx3FQ","https:\/\/www.instagram.com\/blackfridaydeals.ch\/"]}]}},"_links":{"self":[{"href":"https:\/\/www.blackfridaydeals.ch\/it\/wp-json\/wp\/v2\/pages\/49420"}],"collection":[{"href":"https:\/\/www.blackfridaydeals.ch\/it\/wp-json\/wp\/v2\/pages"}],"about":[{"href":"https:\/\/www.blackfridaydeals.ch\/it\/wp-json\/wp\/v2\/types\/page"}],"author":[{"embeddable":true,"href":"https:\/\/www.blackfridaydeals.ch\/it\/wp-json\/wp\/v2\/users\/40"}],"replies":[{"embeddable":true,"href":"https:\/\/www.blackfridaydeals.ch\/it\/wp-json\/wp\/v2\/comments?post=49420"}],"version-history":[{"count":7,"href":"https:\/\/www.blackfridaydeals.ch\/it\/wp-json\/wp\/v2\/pages\/49420\/revisions"}],"predecessor-version":[{"id":65032,"href":"https:\/\/www.blackfridaydeals.ch\/it\/wp-json\/wp\/v2\/pages\/49420\/revisions\/65032"}],"wp:featuredmedia":[{"embeddable":true,"href":"https:\/\/www.blackfridaydeals.ch\/it\/wp-json\/wp\/v2\/media\/38811"}],"wp:attachment":[{"href":"https:\/\/www.blackfridaydeals.ch\/it\/wp-json\/wp\/v2\/media?parent=49420"}],"curies":[{"name":"wp","href":"https:\/\/api.w.org\/{rel}","templated":true}]}}