{"id":49415,"date":"2022-03-16T10:26:02","date_gmt":"2022-03-16T09:26:02","guid":{"rendered":"https:\/\/www.blackfridaydeals.ch\/?page_id=49415"},"modified":"2025-02-10T15:20:30","modified_gmt":"2025-02-10T14:20:30","slug":"casa-black-friday","status":"publish","type":"page","link":"https:\/\/www.blackfridaydeals.ch\/it\/casa-black-friday\/","title":{"rendered":"Tutto ci\u00f2 che ti serve per la casa per il Black Friday"},"content":{"rendered":"<p>[vc_row][vc_column]\n[vc_column_text]<span><img decoding=\"async\" class=\"alignright size-medium wp-image-38826\" src=\"https:\/\/www.blackfridaydeals.ch\/wp-content\/uploads\/2021\/11\/shelf-ga69a21069_1920-300x185.jpg\" alt=\"\" width=\"300\" height=\"185\" srcset=\"https:\/\/www.blackfridaydeals.ch\/wp-content\/uploads\/2021\/11\/shelf-ga69a21069_1920-300x185.jpg 300w, https:\/\/www.blackfridaydeals.ch\/wp-content\/uploads\/2021\/11\/shelf-ga69a21069_1920-1024x632.jpg 1024w, https:\/\/www.blackfridaydeals.ch\/wp-content\/uploads\/2021\/11\/shelf-ga69a21069_1920-768x474.jpg 768w, https:\/\/www.blackfridaydeals.ch\/wp-content\/uploads\/2021\/11\/shelf-ga69a21069_1920-1536x948.jpg 1536w, https:\/\/www.blackfridaydeals.ch\/wp-content\/uploads\/2021\/11\/shelf-ga69a21069_1920-2048x1264.jpg 2048w, https:\/\/www.blackfridaydeals.ch\/wp-content\/uploads\/2021\/11\/shelf-ga69a21069_1920-788x486.jpg 788w, https:\/\/www.blackfridaydeals.ch\/wp-content\/uploads\/2021\/11\/shelf-ga69a21069_1920-150x93.jpg 150w, https:\/\/www.blackfridaydeals.ch\/wp-content\/uploads\/2021\/11\/shelf-ga69a21069_1920.jpg 1920w\" sizes=\"(max-width: 300px) 100vw, 300px\" \/><\/span><\/p>\n<p style=\"text-align: center;\"><a href=\"https:\/\/www.blackfridaydeals.ch\/it\/home-living\/\" target=\"_blank\" style=\"border-radius:5px\" class=\"wpsm-button btncolor medium rehub_btn_color\"><i class=\"rhicon rhi-none\"><\/i>Vedi tutte le offerte Home &amp; Living<\/a><\/p>\n<p><span>Se ti stai per trasferire in un nuovo appartamento, se vuoi dare una sistemata alla tua vecchia casa o se vivi nella stessa abitazione da anni, ti servir\u00e0 sempre qualcosa per la casa. Pu\u00f2 essere qualcosa per pulire, per cucinare, per arredare o per decorare. Durante il <a href=\"https:\/\/www.blackfridaydeals.ch\/it\/\">Black Friday<\/a>, potrai trovare un sacco di cose per la casa a prezzi scontati. Negozi di mobili, supermercati, grandi magazzini e molti altri negozi offrono sconti sugli articoli per la casa.<\/span><\/p>\n<h2>Prospettive sulle offerte di mobili per il Black Friday 2026<\/h2>\n<p><span>Se stai cercando nuovi mobili, forse \u00e8 meglio che aspetti il <a href=\"https:\/\/www.blackfridaydeals.ch\/it\/?page_id=35521\">Black Friday<\/a>, quando molti negozi vi prenderanno parte. Potrai trovare tutto ci\u00f2 di cui hai bisogno presso i rivenditori specializzati in mobili come Interio, cos\u00ec come nei negozi di moda e in molti altri punti. La vasta scelta di negozi offre qualcosa per tutti i portafogli e per tutti gli stili, soprattutto perch\u00e9 quasi tutti i rivenditori del settore partecipano al Black Friday presentando un&#8217;offerta.<\/span><\/p>\n<p><span>La formula pi\u00f9 gettonata che la maggior parte dei rivenditori adotta per il Black Friday nel settore dell&#8217;arredamento \u00e8 lo sconto forfettario su tutte o alcune categorie della collezione. Ci\u00f2 significa, per esempio, che potrai trovare molti divani a prezzi pi\u00f9 bassi, o buone offerte su tutto ci\u00f2 che riguarda l&#8217;ufficio. Gli sconti nel settore dell&#8217;arredamento di solito si aggirano intorno al 20%. Negli ultimi anni, tuttavia, si sono visti sconti del 30% o pi\u00f9. Tranne alcune eccezioni, questa soluzione \u00e8 molto popolare nell&#8217;industria dell&#8217;arredamento.<\/span><\/p>\n<p><span>Queste offerte non sono esclusive del Black Friday. Se sarai fortunato, potrai anche approfittare di promozioni simili durante il <a href=\"https:\/\/www.blackfridaydeals.ch\/it\/singles-day\/\">Singles Day<\/a> e il <a href=\"https:\/\/www.blackfridaydeals.ch\/it\/cyber-monday\/\">Cyber Monday<\/a>. Negli ultimi anni, sempre pi\u00f9 negozi propongono ottime offerte in queste occasioni.<\/span><\/p>\n<h2>Decorazione: prezzi scontati presso i rivenditori di mobili e altri negozi<\/h2>\n<p><span>Se non stai cercando mobili, ma solo decorazioni, potrai trovarli in altri negozi. Molti negozi di moda, per esempio, offrono una selezione di accessori per la casa e anche i grandi magazzini, i supermercati e le farmacie propongono diversi articoli per la casa.<\/span><\/p>\n<p><span>Per questo motivo, potrai aspettarti che il Black Friday 2026 sar\u00e0 un festival di promozioni ad ampia portata sulle decorazioni dove potrai risparmiare. Si inizier\u00e0 con sconti generali su tutta la linea, che, come gi\u00e0 detto prima, che si traducono tipicamente in sconti del 20-30%. Ma puoi anche aspettarti dei saldi, dove gli sconti possono arrivare fino al 70%. Mentre la maggior parte dei rivenditori di mobili applicano sconti forfettari, i grandi magazzini tendono ad optare per i saldi. Da <a href=\"https:\/\/www.blackfridaydeals.ch\/it\/shops\/conforama-it\/\">Conforama<\/a>, per esempio, questo ha gi\u00e0 portato molti clienti a trovare ottime occasioni.<\/span><\/p>\n<h2>Il cuore pulsante della casa: la cucina<\/h2>\n<p><span>Chi vive con gli adolescenti sa che la cucina pu\u00f2 diventare facilmente il luogo pi\u00f9 importante della casa. \u00c8 qui che si cercano spuntini, si cucina e spesso si mangia. Quindi, oltre a credenze e piani di cottura, sono necessari molti taglieri, coltelli, pentole e padelle e cose del genere. Questi accessori possono essere oggetto di grandi promozioni nel Black Friday presso i rivenditori di mobili. Molti negozi sono specializzati in cucina, per esempio, e offrono coltelli di qualit\u00e0 o ingredienti deliziosi. Kitchen Corner, per esempio, si \u00e8 affermato con la sua vasta selezione di accessori da cucina. Ma anche nei supermercati puoi trovare quasi sempre gli elettrodomestici da cucina pi\u00f9 importanti e, naturalmente, ingredienti di varie qualit\u00e0. Molti rivenditori specializzati in cucine propongono sconti generali su tutto o su alcune categorie, mentre i supermercati, secondo la nostra esperienza, tendono a programmare i saldi per il Black Friday.<\/span><\/p>\n<p>&nbsp;<\/p>\n<h3>Altri articoli interessanti<\/h3>\n<ul>\n<li><a href=\"https:\/\/www.blackfridaydeals.ch\/it\/black-friday-foto-video\/\">Le migliori occasioni del Black Friday per le foto e i video<\/a><\/li>\n<li><a href=\"https:\/\/www.blackfridaydeals.ch\/it\/fotocamere-black-friday\/\">Le migliori occasioni per le fotocamere durante il Black Friday<\/a><\/li>\n<li><a href=\"https:\/\/www.blackfridaydeals.ch\/it\/articoli-ufficio-black-friday\/\">Le migliori offerte per gli articoli da ufficio del Black Friday<\/a><\/li>\n<li><a href=\"https:\/\/www.blackfridaydeals.ch\/it\/smartwatch-black-friday\/\">Le migliori offerte sugli smartwatch del Black Friday<\/a><\/li>\n<li><a href=\"https:\/\/www.blackfridaydeals.ch\/it\/black-friday-giocattoli\/\">Le migliori offerte del Black Friday sui giocattoli<\/a><\/li>\n<li><a href=\"https:\/\/www.blackfridaydeals.ch\/it\/black-friday-orologi\/\">Le migliori offerte del Black Friday sugli orologi<\/a><\/li>\n<li><a href=\"\/?page_id=49443\">Le migliori offerte nel mondo della bellezza del Black Friday<\/a><\/li>\n<li><a href=\"https:\/\/www.blackfridaydeals.ch\/it\/black-friday-sistemi-audio\/\">Le migliori offerte del Black Friday dei sistemi audio<\/a><\/li>\n<li><a href=\"https:\/\/www.blackfridaydeals.ch\/it\/black-friday-computer-portatili\/\">Le migliori offerte del Black Friday per i computer portatili<\/a><\/li>\n<li><a href=\"https:\/\/www.blackfridaydeals.ch\/it\/cucina-black-friday\/\">Una nuova cucina ad un prezzo vantaggioso per il Black Friday<\/a><\/li>\n<li><a href=\"https:\/\/www.blackfridaydeals.ch\/it\/profumi-black-friday\/\">Come trovare profumi delicati ad un prezzo scontato durante il Black Friday<\/a><\/li>\n<li><a href=\"https:\/\/www.blackfridaydeals.ch\/it\/scarpe-black-friday\/\">Scarpe di alta qualit\u00e0 a prezzi abbordabili \u2013 Black Friday<\/a><\/li>\n<li><a href=\"https:\/\/www.blackfridaydeals.ch\/it\/black-friday-home-cinema\/\">Le migliori offerte del Black Friday sull\u2019home cinema<\/a><\/li>\n<li><a href=\"https:\/\/www.blackfridaydeals.ch\/it\/black-friday-alimentari\/\">Le migliori occasioni del Black Friday per i prodotti alimentari<\/a><\/li>\n<li><a href=\"https:\/\/www.blackfridaydeals.ch\/it\/black-friday-mobili\/\">Le migliori offerte del Black Friday per i mobili<\/a><\/li>\n<li><a href=\"https:\/\/www.blackfridaydeals.ch\/it\/offerte-black-friday-fitness\/\">Le migliori offerte del Black Friday per il fitness<\/a><\/li>\n<li><a href=\"https:\/\/www.blackfridaydeals.ch\/it\/black-friday-trattamenti-viso\/\">Le migliori offerte del Black Friday per i trattamenti viso<\/a><\/li>\n<li><a href=\"https:\/\/www.blackfridaydeals.ch\/it\/viaggi-voli-hotel-black-friday\/\">Viaggi, voli e hotel del Black Friday<\/a><\/li>\n<\/ul>\n<p>[\/vc_column_text][\/vc_column][\/vc_row]<\/p>\n","protected":false},"excerpt":{"rendered":"<p>[vc_row][vc_column][vc_column_text] Se ti stai per trasferire in un nuovo appartamento, se vuoi dare una sistemata alla tua vecchia casa o se vivi nella stessa abitazione da anni, ti servir\u00e0 sempre qualcosa per la casa. Pu\u00f2 essere qualcosa per pulire, per cucinare, per arredare o per decorare. Durante il Black Friday, potrai trovare un sacco di [&hellip;]<\/p>\n","protected":false},"author":40,"featured_media":38826,"parent":0,"menu_order":0,"comment_status":"closed","ping_status":"closed","template":"","meta":[],"yoast_head":"<!-- This site is optimized with the Yoast SEO plugin v20.5 - https:\/\/yoast.com\/wordpress\/plugins\/seo\/ -->\n<title>Tutto ci\u00f2 che ti serve per la casa per il Black Friday 2026<\/title>\n<meta name=\"description\" content=\"Casa: Offerte del Black Friday 2026 Qui troverete tutte le offerte del Black Friday nel mondo della casa.\" \/>\n<meta name=\"robots\" content=\"noindex, follow\" \/>\n<meta property=\"og:locale\" content=\"it_IT\" \/>\n<meta property=\"og:type\" content=\"article\" \/>\n<meta property=\"og:title\" content=\"Tutto ci\u00f2 che ti serve per la casa per il Black Friday 2026\" \/>\n<meta property=\"og:description\" content=\"Casa: Offerte del Black Friday 2026 Qui troverete tutte le offerte del Black Friday nel mondo della casa.\" \/>\n<meta property=\"og:url\" content=\"https:\/\/www.blackfridaydeals.ch\/it\/casa-black-friday\/\" \/>\n<meta property=\"og:site_name\" content=\"blackfridaydeals.ch\" \/>\n<meta property=\"article:publisher\" content=\"https:\/\/www.facebook.com\/blackfridaydealsch\/\" \/>\n<meta property=\"article:modified_time\" content=\"2025-02-10T14:20:30+00:00\" \/>\n<meta property=\"og:image\" content=\"https:\/\/www.blackfridaydeals.ch\/wp-content\/uploads\/2021\/11\/shelf-ga69a21069_1920.jpg\" \/>\n\t<meta property=\"og:image:width\" content=\"1920\" \/>\n\t<meta property=\"og:image:height\" content=\"1185\" \/>\n\t<meta property=\"og:image:type\" content=\"image\/jpeg\" \/>\n<meta name=\"twitter:card\" content=\"summary_large_image\" \/>\n<meta name=\"twitter:site\" content=\"@blackfridaych\" \/>\n<meta name=\"twitter:label1\" content=\"Est. reading time\" \/>\n\t<meta name=\"twitter:data1\" content=\"5 minutes\" \/>\n<script type=\"application\/ld+json\" class=\"yoast-schema-graph\">{\"@context\":\"https:\/\/schema.org\",\"@graph\":[{\"@type\":\"WebPage\",\"@id\":\"https:\/\/www.blackfridaydeals.ch\/it\/casa-black-friday\/\",\"url\":\"https:\/\/www.blackfridaydeals.ch\/it\/casa-black-friday\/\",\"name\":\"Tutto ci\u00f2 che ti serve per la casa per il Black Friday 2026\",\"isPartOf\":{\"@id\":\"https:\/\/www.blackfridaydeals.ch\/it\/#website\"},\"datePublished\":\"2022-03-16T09:26:02+00:00\",\"dateModified\":\"2025-02-10T14:20:30+00:00\",\"description\":\"Casa: Offerte del Black Friday 2026 Qui troverete tutte le offerte del Black Friday nel mondo della casa.\",\"breadcrumb\":{\"@id\":\"https:\/\/www.blackfridaydeals.ch\/it\/casa-black-friday\/#breadcrumb\"},\"inLanguage\":\"it-CH\",\"potentialAction\":[{\"@type\":\"ReadAction\",\"target\":[\"https:\/\/www.blackfridaydeals.ch\/it\/casa-black-friday\/\"]}]},{\"@type\":\"BreadcrumbList\",\"@id\":\"https:\/\/www.blackfridaydeals.ch\/it\/casa-black-friday\/#breadcrumb\",\"itemListElement\":[{\"@type\":\"ListItem\",\"position\":1,\"name\":\"Startseite\",\"item\":\"https:\/\/www.blackfridaydeals.ch\/it\/\"},{\"@type\":\"ListItem\",\"position\":2,\"name\":\"Tutto ci\u00f2 che ti serve per la casa per il Black Friday\"}]},{\"@type\":\"WebSite\",\"@id\":\"https:\/\/www.blackfridaydeals.ch\/it\/#website\",\"url\":\"https:\/\/www.blackfridaydeals.ch\/it\/\",\"name\":\"blackfridaydeals.ch\",\"description\":\"Tutte le offerte del Black Friday 2025 in Svizzera\",\"publisher\":{\"@id\":\"https:\/\/www.blackfridaydeals.ch\/it\/#organization\"},\"alternateName\":\"Black Friday Deals\",\"potentialAction\":[{\"@type\":\"SearchAction\",\"target\":{\"@type\":\"EntryPoint\",\"urlTemplate\":\"https:\/\/www.blackfridaydeals.ch\/it\/?s={search_term_string}\"},\"query-input\":\"required name=search_term_string\"}],\"inLanguage\":\"it-CH\"},{\"@type\":\"Organization\",\"@id\":\"https:\/\/www.blackfridaydeals.ch\/it\/#organization\",\"name\":\"blackfridaydeals.ch\",\"alternateName\":\"Black Friday Deals\",\"url\":\"https:\/\/www.blackfridaydeals.ch\/it\/\",\"logo\":{\"@type\":\"ImageObject\",\"inLanguage\":\"it-CH\",\"@id\":\"https:\/\/www.blackfridaydeals.ch\/it\/#\/schema\/logo\/image\/\",\"url\":\"https:\/\/www.blackfridaydeals.ch\/wp-content\/uploads\/2023\/03\/app-icon-white-bg-jpg.jpg\",\"contentUrl\":\"https:\/\/www.blackfridaydeals.ch\/wp-content\/uploads\/2023\/03\/app-icon-white-bg-jpg.jpg\",\"width\":512,\"height\":512,\"caption\":\"blackfridaydeals.ch\"},\"image\":{\"@id\":\"https:\/\/www.blackfridaydeals.ch\/it\/#\/schema\/logo\/image\/\"},\"sameAs\":[\"https:\/\/www.facebook.com\/blackfridaydealsch\/\",\"https:\/\/twitter.com\/blackfridaych\",\"https:\/\/www.youtube.com\/channel\/UCNKXHacMw8AS34mBgzVx3FQ\",\"https:\/\/www.instagram.com\/blackfridaydeals.ch\/\"]}]}<\/script>\n<!-- \/ Yoast SEO plugin. -->","yoast_head_json":{"title":"Tutto ci\u00f2 che ti serve per la casa per il Black Friday 2026","description":"Casa: Offerte del Black Friday 2026 Qui troverete tutte le offerte del Black Friday nel mondo della casa.","robots":{"index":"noindex","follow":"follow"},"og_locale":"it_IT","og_type":"article","og_title":"Tutto ci\u00f2 che ti serve per la casa per il Black Friday 2026","og_description":"Casa: Offerte del Black Friday 2026 Qui troverete tutte le offerte del Black Friday nel mondo della casa.","og_url":"https:\/\/www.blackfridaydeals.ch\/it\/casa-black-friday\/","og_site_name":"blackfridaydeals.ch","article_publisher":"https:\/\/www.facebook.com\/blackfridaydealsch\/","article_modified_time":"2025-02-10T14:20:30+00:00","og_image":[{"width":1920,"height":1185,"url":"https:\/\/www.blackfridaydeals.ch\/wp-content\/uploads\/2021\/11\/shelf-ga69a21069_1920.jpg","type":"image\/jpeg"}],"twitter_card":"summary_large_image","twitter_site":"@blackfridaych","twitter_misc":{"Est. reading time":"5 minutes"},"schema":{"@context":"https:\/\/schema.org","@graph":[{"@type":"WebPage","@id":"https:\/\/www.blackfridaydeals.ch\/it\/casa-black-friday\/","url":"https:\/\/www.blackfridaydeals.ch\/it\/casa-black-friday\/","name":"Tutto ci\u00f2 che ti serve per la casa per il Black Friday 2026","isPartOf":{"@id":"https:\/\/www.blackfridaydeals.ch\/it\/#website"},"datePublished":"2022-03-16T09:26:02+00:00","dateModified":"2025-02-10T14:20:30+00:00","description":"Casa: Offerte del Black Friday 2026 Qui troverete tutte le offerte del Black Friday nel mondo della casa.","breadcrumb":{"@id":"https:\/\/www.blackfridaydeals.ch\/it\/casa-black-friday\/#breadcrumb"},"inLanguage":"it-CH","potentialAction":[{"@type":"ReadAction","target":["https:\/\/www.blackfridaydeals.ch\/it\/casa-black-friday\/"]}]},{"@type":"BreadcrumbList","@id":"https:\/\/www.blackfridaydeals.ch\/it\/casa-black-friday\/#breadcrumb","itemListElement":[{"@type":"ListItem","position":1,"name":"Startseite","item":"https:\/\/www.blackfridaydeals.ch\/it\/"},{"@type":"ListItem","position":2,"name":"Tutto ci\u00f2 che ti serve per la casa per il Black Friday"}]},{"@type":"WebSite","@id":"https:\/\/www.blackfridaydeals.ch\/it\/#website","url":"https:\/\/www.blackfridaydeals.ch\/it\/","name":"blackfridaydeals.ch","description":"Tutte le offerte del Black Friday 2025 in Svizzera","publisher":{"@id":"https:\/\/www.blackfridaydeals.ch\/it\/#organization"},"alternateName":"Black Friday Deals","potentialAction":[{"@type":"SearchAction","target":{"@type":"EntryPoint","urlTemplate":"https:\/\/www.blackfridaydeals.ch\/it\/?s={search_term_string}"},"query-input":"required name=search_term_string"}],"inLanguage":"it-CH"},{"@type":"Organization","@id":"https:\/\/www.blackfridaydeals.ch\/it\/#organization","name":"blackfridaydeals.ch","alternateName":"Black Friday Deals","url":"https:\/\/www.blackfridaydeals.ch\/it\/","logo":{"@type":"ImageObject","inLanguage":"it-CH","@id":"https:\/\/www.blackfridaydeals.ch\/it\/#\/schema\/logo\/image\/","url":"https:\/\/www.blackfridaydeals.ch\/wp-content\/uploads\/2023\/03\/app-icon-white-bg-jpg.jpg","contentUrl":"https:\/\/www.blackfridaydeals.ch\/wp-content\/uploads\/2023\/03\/app-icon-white-bg-jpg.jpg","width":512,"height":512,"caption":"blackfridaydeals.ch"},"image":{"@id":"https:\/\/www.blackfridaydeals.ch\/it\/#\/schema\/logo\/image\/"},"sameAs":["https:\/\/www.facebook.com\/blackfridaydealsch\/","https:\/\/twitter.com\/blackfridaych","https:\/\/www.youtube.com\/channel\/UCNKXHacMw8AS34mBgzVx3FQ","https:\/\/www.instagram.com\/blackfridaydeals.ch\/"]}]}},"_links":{"self":[{"href":"https:\/\/www.blackfridaydeals.ch\/it\/wp-json\/wp\/v2\/pages\/49415"}],"collection":[{"href":"https:\/\/www.blackfridaydeals.ch\/it\/wp-json\/wp\/v2\/pages"}],"about":[{"href":"https:\/\/www.blackfridaydeals.ch\/it\/wp-json\/wp\/v2\/types\/page"}],"author":[{"embeddable":true,"href":"https:\/\/www.blackfridaydeals.ch\/it\/wp-json\/wp\/v2\/users\/40"}],"replies":[{"embeddable":true,"href":"https:\/\/www.blackfridaydeals.ch\/it\/wp-json\/wp\/v2\/comments?post=49415"}],"version-history":[{"count":9,"href":"https:\/\/www.blackfridaydeals.ch\/it\/wp-json\/wp\/v2\/pages\/49415\/revisions"}],"predecessor-version":[{"id":98906,"href":"https:\/\/www.blackfridaydeals.ch\/it\/wp-json\/wp\/v2\/pages\/49415\/revisions\/98906"}],"wp:featuredmedia":[{"embeddable":true,"href":"https:\/\/www.blackfridaydeals.ch\/it\/wp-json\/wp\/v2\/media\/38826"}],"wp:attachment":[{"href":"https:\/\/www.blackfridaydeals.ch\/it\/wp-json\/wp\/v2\/media?parent=49415"}],"curies":[{"name":"wp","href":"https:\/\/api.w.org\/{rel}","templated":true}]}}