{"id":49412,"date":"2022-03-16T10:21:21","date_gmt":"2022-03-16T09:21:21","guid":{"rendered":"https:\/\/www.blackfridaydeals.ch\/?page_id=49412"},"modified":"2026-02-16T16:45:52","modified_gmt":"2026-02-16T15:45:52","slug":"viaggi-voli-hotel-black-friday","status":"publish","type":"page","link":"https:\/\/www.blackfridaydeals.ch\/it\/viaggi-voli-hotel-black-friday\/","title":{"rendered":"Viaggi, voli e hotel del Black Friday"},"content":{"rendered":"<p>[vc_row][vc_column]\n[vc_column_text]<span><img decoding=\"async\" class=\"alignright size-medium wp-image-38831\" src=\"https:\/\/www.blackfridaydeals.ch\/wp-content\/uploads\/2021\/11\/polynesia-g029d22441_1920-300x199.jpg\" alt=\"\" width=\"300\" height=\"199\" srcset=\"https:\/\/www.blackfridaydeals.ch\/wp-content\/uploads\/2021\/11\/polynesia-g029d22441_1920-300x199.jpg 300w, https:\/\/www.blackfridaydeals.ch\/wp-content\/uploads\/2021\/11\/polynesia-g029d22441_1920-1024x679.jpg 1024w, https:\/\/www.blackfridaydeals.ch\/wp-content\/uploads\/2021\/11\/polynesia-g029d22441_1920-767x509.jpg 767w, https:\/\/www.blackfridaydeals.ch\/wp-content\/uploads\/2021\/11\/polynesia-g029d22441_1920-1536x1019.jpg 1536w, https:\/\/www.blackfridaydeals.ch\/wp-content\/uploads\/2021\/11\/polynesia-g029d22441_1920-2048x1359.jpg 2048w, https:\/\/www.blackfridaydeals.ch\/wp-content\/uploads\/2021\/11\/polynesia-g029d22441_1920-788x522.jpg 788w, https:\/\/www.blackfridaydeals.ch\/wp-content\/uploads\/2021\/11\/polynesia-g029d22441_1920-150x100.jpg 150w, https:\/\/www.blackfridaydeals.ch\/wp-content\/uploads\/2021\/11\/polynesia-g029d22441_1920.jpg 1920w\" sizes=\"(max-width: 300px) 100vw, 300px\" \/><\/span><\/p>\n<p style=\"text-align: center;\"><a href=\"https:\/\/www.blackfridaydeals.ch\/it\/tempo-libero-viaggi\/\" target=\"_blank\" style=\"border-radius:5px\" class=\"wpsm-button btncolor medium rehub_btn_color\"><i class=\"rhicon rhi-none\"><\/i>Vedi tutte le offerte di viaggio<\/a><\/p>\n<p><span>Chi non desidererebbe trascorrere qualche giorno di vacanza rilassandosi sulla spiaggia sotto un sole splendente e dimenticando il tempo grigio di un novembre, tipicamente freddo e umido? Tuttavia i prezzi possono facilmente far naufragare questo sogno e rappresentare un ostacolo a questa felicit\u00e0 vacanziera. Ad ogni modo, se aspetti il momento giusto, puoi risparmiare parecchi soldi. Questo \u00e8 possibile, per esempio, con le offerte su viaggi, voli e hotel che molti fornitori di servizi di viaggio stanno programmando per il <a href=\"https:\/\/www.blackfridaydeals.ch\/it\/\">Black Friday<\/a>. Questo significa che puoi ottenere la vacanza dei tuoi sogni al miglior prezzo possibile quel giorno.<\/span><\/p>\n<p><span>Ti presentiamo le prospettive del <a href=\"\/it\/black-friday-2026\/\">Black Friday 2026<\/a>:<\/span><\/p>\n<h2>Prenota voli a prezzi scontati<\/h2>\n<p><span>Ormai quasi tutte le compagnie aeree partecipano al Black Friday. Da SWISS alle compagnie aeree low-cost e alle compagnie aeree di altri paesi del mondo, puoi prenotare praticamente qualsiasi volo che desideri ad un prezzo scontato. Non solo troverai voli economici, ma spesso anche offerte piuttosto elaborate e quindi dovrai leggere attentamente le clausole dell&#8217;offerta.<\/span><\/p>\n<p><span>Il modo pi\u00f9 semplice per le compagnie aeree di celebrare il Black Friday \u00e8 quello di offrire sconti su tutti i tipi di voli. Con questa promozione, per esempio, puoi approfittare di uno sconto del 30% su tutti i voli, a prescindere dalla classe prenotata, da quando si vola e da dove si vuole andare. Tuttavia, \u00e8 improbabile che questo sconto venga applicato a tutti i voli prenotati il giorno dell&#8217;evento. Dal nostro punto di vista, \u00e8 pi\u00f9 probabile, per esempio, che la compagnia aerea pratichi degli sconti ai primi 5.000 clienti che hanno prenotato in quel giorno.<\/span><\/p>\n<p><span>Una seconda opzione sar\u00e0 una sorta di vendita, che \u00e8 altrettanto popolare tra i venditori di pacchetti di viaggio. Qui di seguito te lo presentiamo in modo pi\u00f9 dettagliato:<\/span><\/p>\n<h2>Pacchetti vacanze con sconti significativi<\/h2>\n<p><span>Durante il Black Friday, oltre ai voli, puoi anche trovare sconti su interi pacchetti vacanze. <a href=\"https:\/\/www.blackfridaydeals.ch\/it\/shops\/tui-it\/\">TUI<\/a>, per esempio, \u00e8 un fornitore rinomato che manda migliaia di svizzeri in vacanza ogni anno, creando per loro un pacchetto completo per soddisfare tutti i loro desideri.<\/span><\/p>\n<p><span>La maggior parte dei fornitori di pacchetti turistici tiene promozioni in occasioni speciali, consentendoti di viaggiare verso destinazioni popolari a prezzi ridotti. Per esempio, se vuoi andare in Grecia, negli Stati Uniti o in Thailandia, puoi risparmiare parecchio. Tuttavia, dovresti leggere attentamente il regolamento dell&#8217;offerta, dato che il prezzo basso pubblicizzato \u00e8 spesso valido solo per un certo periodo. Ad esempio, pu\u00f2 essere un soggiorno nei prossimi sei mesi, nel prossimo anno o anche in un altro periodo. A volte i tour operator escludono i giorni festivi dalla promozione. Tuttavia, se non hai limitazioni sulla data delle vacanze, puoi approfittare di queste occasioni. Con un po&#8217; di fortuna, potrai risparmiare fino al 90%. La tanto attesa vacanza da sogno \u00e8 davvero <\/span>dietro l\u2019angolo<span>.<\/span><\/p>\n<h2>Prenota viaggi low-cost ed esperienze speciali<\/h2>\n<p>Se vuoi staccare per un po&#8217; e dimenticare la tua vita quotidiana, non puoi semplicemente andare in vacanza. Anche un concerto, un buon ristorante, un evento sportivo o un&#8217;altra attivit\u00e0 possono essere molto interessanti. Ci sono molti fornitori specializzati in avventure elettrizzanti, esperienze di lusso, relax, cibi deliziosi e molto altro ancora. Un fornitore che ha gi\u00e0 attirato l&#8217;attenzione con grandi campagne di sconto \u00e8 Daimani. Questa azienda \u00e8 specializzata in biglietti di lusso per eventi sportivi, musicali e culturali. Quindi anche se non hai molto tempo a disposizione per rilassarti, puoi approfittare degli sconti per evadere un po&#8217;. Se sarai fortunato, troverai le migliori offerte dell&#8217;anno durante il Black Friday. Le offerte proposte da molti fornitori di viaggi durante il <a href=\"https:\/\/www.blackfridaydeals.ch\/it\/singles-day\/\">Singles Day<\/a> e il <a href=\"https:\/\/www.blackfridaydeals.ch\/it\/cyber-monday\/\">Cyber Monday<\/a> sono pressoch\u00e9 altrettanto interessanti.<\/p>\n<p>&nbsp;<\/p>\n<h3>Altri articoli interessanti<\/h3>\n<ul>\n<li><a href=\"https:\/\/www.blackfridaydeals.ch\/it\/black-friday-foto-video\/\">Le migliori occasioni del Black Friday per le foto e i video<\/a><\/li>\n<li><a href=\"https:\/\/www.blackfridaydeals.ch\/it\/fotocamere-black-friday\/\">Le migliori occasioni per le fotocamere durante il Black Friday<\/a><\/li>\n<li><a href=\"https:\/\/www.blackfridaydeals.ch\/it\/articoli-ufficio-black-friday\/\">Le migliori offerte per gli articoli da ufficio del Black Friday<\/a><\/li>\n<li><a href=\"https:\/\/www.blackfridaydeals.ch\/it\/smartwatch-black-friday\/\">Le migliori offerte sugli smartwatch del Black Friday<\/a><\/li>\n<li><a href=\"https:\/\/www.blackfridaydeals.ch\/it\/black-friday-giocattoli\/\">Le migliori offerte del Black Friday sui giocattoli<\/a><\/li>\n<li><a href=\"https:\/\/www.blackfridaydeals.ch\/it\/black-friday-orologi\/\">Le migliori offerte del Black Friday sugli orologi<\/a><\/li>\n<li><a href=\"\/?page_id=49443\">Le migliori offerte nel mondo della bellezza del Black Friday<\/a><\/li>\n<li><a href=\"https:\/\/www.blackfridaydeals.ch\/it\/black-friday-sistemi-audio\/\">Le migliori offerte del Black Friday dei sistemi audio<\/a><\/li>\n<li><a href=\"https:\/\/www.blackfridaydeals.ch\/it\/black-friday-computer-portatili\/\">Le migliori offerte del Black Friday per i computer portatili<\/a><\/li>\n<li><a href=\"https:\/\/www.blackfridaydeals.ch\/it\/cucina-black-friday\/\">Una nuova cucina ad un prezzo vantaggioso per il Black Friday<\/a><\/li>\n<li><a href=\"https:\/\/www.blackfridaydeals.ch\/it\/profumi-black-friday\/\">Come trovare profumi delicati ad un prezzo scontato durante il Black Friday<\/a><\/li>\n<li><a href=\"https:\/\/www.blackfridaydeals.ch\/it\/scarpe-black-friday\/\">Scarpe di alta qualit\u00e0 a prezzi abbordabili \u2013 Black Friday<\/a><\/li>\n<li><a href=\"https:\/\/www.blackfridaydeals.ch\/it\/black-friday-home-cinema\/\">Le migliori offerte del Black Friday sull\u2019home cinema<\/a><\/li>\n<li><a href=\"https:\/\/www.blackfridaydeals.ch\/it\/black-friday-alimentari\/\">Le migliori occasioni del Black Friday per i prodotti alimentari<\/a><\/li>\n<li><a href=\"https:\/\/www.blackfridaydeals.ch\/it\/black-friday-mobili\/\">Le migliori offerte del Black Friday per i mobili<\/a><\/li>\n<li><a href=\"https:\/\/www.blackfridaydeals.ch\/it\/offerte-black-friday-fitness\/\">Le migliori offerte del Black Friday per il fitness<\/a><\/li>\n<li><a href=\"https:\/\/www.blackfridaydeals.ch\/it\/black-friday-trattamenti-viso\/\">Le migliori offerte del Black Friday per i trattamenti viso<\/a><\/li>\n<li><a href=\"https:\/\/www.blackfridaydeals.ch\/it\/casa-black-friday\/\">Tutto ci\u00f2 che ti serve per la casa per il Black Friday<\/a><\/li>\n<\/ul>\n<p>[\/vc_column_text][\/vc_column][\/vc_row]<\/p>\n","protected":false},"excerpt":{"rendered":"<p>[vc_row][vc_column][vc_column_text] Chi non desidererebbe trascorrere qualche giorno di vacanza rilassandosi sulla spiaggia sotto un sole splendente e dimenticando il tempo grigio di un novembre, tipicamente freddo e umido? Tuttavia i prezzi possono facilmente far naufragare questo sogno e rappresentare un ostacolo a questa felicit\u00e0 vacanziera. Ad ogni modo, se aspetti il momento giusto, puoi risparmiare [&hellip;]<\/p>\n","protected":false},"author":40,"featured_media":38831,"parent":0,"menu_order":0,"comment_status":"closed","ping_status":"closed","template":"","meta":[],"yoast_head":"<!-- This site is optimized with the Yoast SEO plugin v20.5 - https:\/\/yoast.com\/wordpress\/plugins\/seo\/ -->\n<title>Viaggi, voli e hotel del Black Friday 2026 - blackfridaydeals.ch<\/title>\n<meta name=\"description\" content=\"Viaggi, voli e hotel: offerte del Black Friday 2026 Ecco tutte le offerte del Black Friday nel mondo dei viaggi, voli e hotel.\" \/>\n<meta name=\"robots\" content=\"index, follow, max-snippet:-1, max-image-preview:large, max-video-preview:-1\" \/>\n<link rel=\"canonical\" href=\"https:\/\/www.blackfridaydeals.ch\/it\/viaggi-voli-hotel-black-friday\/\" \/>\n<meta property=\"og:locale\" content=\"it_IT\" \/>\n<meta property=\"og:type\" content=\"article\" \/>\n<meta property=\"og:title\" content=\"Viaggi, voli e hotel del Black Friday 2026 - blackfridaydeals.ch\" \/>\n<meta property=\"og:description\" content=\"Viaggi, voli e hotel: offerte del Black Friday 2026 Ecco tutte le offerte del Black Friday nel mondo dei viaggi, voli e hotel.\" \/>\n<meta property=\"og:url\" content=\"https:\/\/www.blackfridaydeals.ch\/it\/viaggi-voli-hotel-black-friday\/\" \/>\n<meta property=\"og:site_name\" content=\"blackfridaydeals.ch\" \/>\n<meta property=\"article:publisher\" content=\"https:\/\/www.facebook.com\/blackfridaydealsch\/\" \/>\n<meta property=\"article:modified_time\" content=\"2026-02-16T15:45:52+00:00\" \/>\n<meta property=\"og:image\" content=\"https:\/\/www.blackfridaydeals.ch\/wp-content\/uploads\/2021\/11\/polynesia-g029d22441_1920.jpg\" \/>\n\t<meta property=\"og:image:width\" content=\"1920\" \/>\n\t<meta property=\"og:image:height\" content=\"1274\" \/>\n\t<meta property=\"og:image:type\" content=\"image\/jpeg\" \/>\n<meta name=\"twitter:card\" content=\"summary_large_image\" \/>\n<meta name=\"twitter:site\" content=\"@blackfridaych\" \/>\n<meta name=\"twitter:label1\" content=\"Est. reading time\" \/>\n\t<meta name=\"twitter:data1\" content=\"5 minutes\" \/>\n<script type=\"application\/ld+json\" class=\"yoast-schema-graph\">{\"@context\":\"https:\/\/schema.org\",\"@graph\":[{\"@type\":\"WebPage\",\"@id\":\"https:\/\/www.blackfridaydeals.ch\/it\/viaggi-voli-hotel-black-friday\/\",\"url\":\"https:\/\/www.blackfridaydeals.ch\/it\/viaggi-voli-hotel-black-friday\/\",\"name\":\"Viaggi, voli e hotel del Black Friday 2026 - blackfridaydeals.ch\",\"isPartOf\":{\"@id\":\"https:\/\/www.blackfridaydeals.ch\/it\/#website\"},\"datePublished\":\"2022-03-16T09:21:21+00:00\",\"dateModified\":\"2026-02-16T15:45:52+00:00\",\"description\":\"Viaggi, voli e hotel: offerte del Black Friday 2026 Ecco tutte le offerte del Black Friday nel mondo dei viaggi, voli e hotel.\",\"breadcrumb\":{\"@id\":\"https:\/\/www.blackfridaydeals.ch\/it\/viaggi-voli-hotel-black-friday\/#breadcrumb\"},\"inLanguage\":\"it-CH\",\"potentialAction\":[{\"@type\":\"ReadAction\",\"target\":[\"https:\/\/www.blackfridaydeals.ch\/it\/viaggi-voli-hotel-black-friday\/\"]}]},{\"@type\":\"BreadcrumbList\",\"@id\":\"https:\/\/www.blackfridaydeals.ch\/it\/viaggi-voli-hotel-black-friday\/#breadcrumb\",\"itemListElement\":[{\"@type\":\"ListItem\",\"position\":1,\"name\":\"Startseite\",\"item\":\"https:\/\/www.blackfridaydeals.ch\/it\/\"},{\"@type\":\"ListItem\",\"position\":2,\"name\":\"Viaggi, voli e hotel del Black Friday\"}]},{\"@type\":\"WebSite\",\"@id\":\"https:\/\/www.blackfridaydeals.ch\/it\/#website\",\"url\":\"https:\/\/www.blackfridaydeals.ch\/it\/\",\"name\":\"blackfridaydeals.ch\",\"description\":\"Tutte le offerte del Black Friday 2025 in Svizzera\",\"publisher\":{\"@id\":\"https:\/\/www.blackfridaydeals.ch\/it\/#organization\"},\"alternateName\":\"Black Friday Deals\",\"potentialAction\":[{\"@type\":\"SearchAction\",\"target\":{\"@type\":\"EntryPoint\",\"urlTemplate\":\"https:\/\/www.blackfridaydeals.ch\/it\/?s={search_term_string}\"},\"query-input\":\"required name=search_term_string\"}],\"inLanguage\":\"it-CH\"},{\"@type\":\"Organization\",\"@id\":\"https:\/\/www.blackfridaydeals.ch\/it\/#organization\",\"name\":\"blackfridaydeals.ch\",\"alternateName\":\"Black Friday Deals\",\"url\":\"https:\/\/www.blackfridaydeals.ch\/it\/\",\"logo\":{\"@type\":\"ImageObject\",\"inLanguage\":\"it-CH\",\"@id\":\"https:\/\/www.blackfridaydeals.ch\/it\/#\/schema\/logo\/image\/\",\"url\":\"https:\/\/www.blackfridaydeals.ch\/wp-content\/uploads\/2023\/03\/app-icon-white-bg-jpg.jpg\",\"contentUrl\":\"https:\/\/www.blackfridaydeals.ch\/wp-content\/uploads\/2023\/03\/app-icon-white-bg-jpg.jpg\",\"width\":512,\"height\":512,\"caption\":\"blackfridaydeals.ch\"},\"image\":{\"@id\":\"https:\/\/www.blackfridaydeals.ch\/it\/#\/schema\/logo\/image\/\"},\"sameAs\":[\"https:\/\/www.facebook.com\/blackfridaydealsch\/\",\"https:\/\/twitter.com\/blackfridaych\",\"https:\/\/www.youtube.com\/channel\/UCNKXHacMw8AS34mBgzVx3FQ\",\"https:\/\/www.instagram.com\/blackfridaydeals.ch\/\"]}]}<\/script>\n<!-- \/ Yoast SEO plugin. -->","yoast_head_json":{"title":"Viaggi, voli e hotel del Black Friday 2026 - blackfridaydeals.ch","description":"Viaggi, voli e hotel: offerte del Black Friday 2026 Ecco tutte le offerte del Black Friday nel mondo dei viaggi, voli e hotel.","robots":{"index":"index","follow":"follow","max-snippet":"max-snippet:-1","max-image-preview":"max-image-preview:large","max-video-preview":"max-video-preview:-1"},"canonical":"https:\/\/www.blackfridaydeals.ch\/it\/viaggi-voli-hotel-black-friday\/","og_locale":"it_IT","og_type":"article","og_title":"Viaggi, voli e hotel del Black Friday 2026 - blackfridaydeals.ch","og_description":"Viaggi, voli e hotel: offerte del Black Friday 2026 Ecco tutte le offerte del Black Friday nel mondo dei viaggi, voli e hotel.","og_url":"https:\/\/www.blackfridaydeals.ch\/it\/viaggi-voli-hotel-black-friday\/","og_site_name":"blackfridaydeals.ch","article_publisher":"https:\/\/www.facebook.com\/blackfridaydealsch\/","article_modified_time":"2026-02-16T15:45:52+00:00","og_image":[{"width":1920,"height":1274,"url":"https:\/\/www.blackfridaydeals.ch\/wp-content\/uploads\/2021\/11\/polynesia-g029d22441_1920.jpg","type":"image\/jpeg"}],"twitter_card":"summary_large_image","twitter_site":"@blackfridaych","twitter_misc":{"Est. reading time":"5 minutes"},"schema":{"@context":"https:\/\/schema.org","@graph":[{"@type":"WebPage","@id":"https:\/\/www.blackfridaydeals.ch\/it\/viaggi-voli-hotel-black-friday\/","url":"https:\/\/www.blackfridaydeals.ch\/it\/viaggi-voli-hotel-black-friday\/","name":"Viaggi, voli e hotel del Black Friday 2026 - blackfridaydeals.ch","isPartOf":{"@id":"https:\/\/www.blackfridaydeals.ch\/it\/#website"},"datePublished":"2022-03-16T09:21:21+00:00","dateModified":"2026-02-16T15:45:52+00:00","description":"Viaggi, voli e hotel: offerte del Black Friday 2026 Ecco tutte le offerte del Black Friday nel mondo dei viaggi, voli e hotel.","breadcrumb":{"@id":"https:\/\/www.blackfridaydeals.ch\/it\/viaggi-voli-hotel-black-friday\/#breadcrumb"},"inLanguage":"it-CH","potentialAction":[{"@type":"ReadAction","target":["https:\/\/www.blackfridaydeals.ch\/it\/viaggi-voli-hotel-black-friday\/"]}]},{"@type":"BreadcrumbList","@id":"https:\/\/www.blackfridaydeals.ch\/it\/viaggi-voli-hotel-black-friday\/#breadcrumb","itemListElement":[{"@type":"ListItem","position":1,"name":"Startseite","item":"https:\/\/www.blackfridaydeals.ch\/it\/"},{"@type":"ListItem","position":2,"name":"Viaggi, voli e hotel del Black Friday"}]},{"@type":"WebSite","@id":"https:\/\/www.blackfridaydeals.ch\/it\/#website","url":"https:\/\/www.blackfridaydeals.ch\/it\/","name":"blackfridaydeals.ch","description":"Tutte le offerte del Black Friday 2025 in Svizzera","publisher":{"@id":"https:\/\/www.blackfridaydeals.ch\/it\/#organization"},"alternateName":"Black Friday Deals","potentialAction":[{"@type":"SearchAction","target":{"@type":"EntryPoint","urlTemplate":"https:\/\/www.blackfridaydeals.ch\/it\/?s={search_term_string}"},"query-input":"required name=search_term_string"}],"inLanguage":"it-CH"},{"@type":"Organization","@id":"https:\/\/www.blackfridaydeals.ch\/it\/#organization","name":"blackfridaydeals.ch","alternateName":"Black Friday Deals","url":"https:\/\/www.blackfridaydeals.ch\/it\/","logo":{"@type":"ImageObject","inLanguage":"it-CH","@id":"https:\/\/www.blackfridaydeals.ch\/it\/#\/schema\/logo\/image\/","url":"https:\/\/www.blackfridaydeals.ch\/wp-content\/uploads\/2023\/03\/app-icon-white-bg-jpg.jpg","contentUrl":"https:\/\/www.blackfridaydeals.ch\/wp-content\/uploads\/2023\/03\/app-icon-white-bg-jpg.jpg","width":512,"height":512,"caption":"blackfridaydeals.ch"},"image":{"@id":"https:\/\/www.blackfridaydeals.ch\/it\/#\/schema\/logo\/image\/"},"sameAs":["https:\/\/www.facebook.com\/blackfridaydealsch\/","https:\/\/twitter.com\/blackfridaych","https:\/\/www.youtube.com\/channel\/UCNKXHacMw8AS34mBgzVx3FQ","https:\/\/www.instagram.com\/blackfridaydeals.ch\/"]}]}},"_links":{"self":[{"href":"https:\/\/www.blackfridaydeals.ch\/it\/wp-json\/wp\/v2\/pages\/49412"}],"collection":[{"href":"https:\/\/www.blackfridaydeals.ch\/it\/wp-json\/wp\/v2\/pages"}],"about":[{"href":"https:\/\/www.blackfridaydeals.ch\/it\/wp-json\/wp\/v2\/types\/page"}],"author":[{"embeddable":true,"href":"https:\/\/www.blackfridaydeals.ch\/it\/wp-json\/wp\/v2\/users\/40"}],"replies":[{"embeddable":true,"href":"https:\/\/www.blackfridaydeals.ch\/it\/wp-json\/wp\/v2\/comments?post=49412"}],"version-history":[{"count":12,"href":"https:\/\/www.blackfridaydeals.ch\/it\/wp-json\/wp\/v2\/pages\/49412\/revisions"}],"predecessor-version":[{"id":110016,"href":"https:\/\/www.blackfridaydeals.ch\/it\/wp-json\/wp\/v2\/pages\/49412\/revisions\/110016"}],"wp:featuredmedia":[{"embeddable":true,"href":"https:\/\/www.blackfridaydeals.ch\/it\/wp-json\/wp\/v2\/media\/38831"}],"wp:attachment":[{"href":"https:\/\/www.blackfridaydeals.ch\/it\/wp-json\/wp\/v2\/media?parent=49412"}],"curies":[{"name":"wp","href":"https:\/\/api.w.org\/{rel}","templated":true}]}}