{"id":36730,"date":"2021-10-08T16:44:20","date_gmt":"2021-10-08T14:44:20","guid":{"rendered":"https:\/\/www.blackfridaydeals.ch\/?page_id=36730"},"modified":"2025-02-10T15:18:37","modified_gmt":"2025-02-10T14:18:37","slug":"televisori-oled-black-friday","status":"publish","type":"page","link":"https:\/\/www.blackfridaydeals.ch\/it\/televisori-oled-black-friday\/","title":{"rendered":"Televisori OLED per il Black Friday"},"content":{"rendered":"<p>[vc_row][vc_column]\n[vc_column_text]<\/p>\n<p style=\"text-align: center;\"><a href=\"https:\/\/www.blackfridaydeals.ch\/it\/elettronica-intrattenimento\/\" style=\"border-radius:5px\" class=\"wpsm-button btncolor medium rehub_btn_color\"><i class=\"rhicon rhi-none\"><\/i>Scopri le migliori offerte su prodotti di elettronica e intrattenimento<\/a><\/p>\n<p><img decoding=\"async\" class=\"alignright wp-image-36605 size-medium\" src=\"https:\/\/www.blackfridaydeals.ch\/wp-content\/uploads\/2021\/09\/LG_OLED-1-300x175.png\" alt=\"LG OLED Black Friday\" width=\"300\" height=\"175\" srcset=\"https:\/\/www.blackfridaydeals.ch\/wp-content\/uploads\/2021\/09\/LG_OLED-1.png 300w, https:\/\/www.blackfridaydeals.ch\/wp-content\/uploads\/2021\/09\/LG_OLED-1-1024x597.png 1024w, https:\/\/www.blackfridaydeals.ch\/wp-content\/uploads\/2021\/09\/LG_OLED-1-768x448.png 768w, https:\/\/www.blackfridaydeals.ch\/wp-content\/uploads\/2021\/09\/LG_OLED-1-1536x896.png 1536w, https:\/\/www.blackfridaydeals.ch\/wp-content\/uploads\/2021\/09\/LG_OLED-1-2048x1195.png 2048w, https:\/\/www.blackfridaydeals.ch\/wp-content\/uploads\/2021\/09\/LG_OLED-1-788x459.png 788w, https:\/\/www.blackfridaydeals.ch\/wp-content\/uploads\/2021\/09\/LG_OLED-1-150x88.png 150w\" sizes=\"(max-width: 300px) 100vw, 300px\" \/><br \/>\nOggi \u00e8 difficile orientarsi tra termini come OLED, AMOLED, P-OLED e altri. Tutti questi si riferiscono a una tecnologia basata sui diodi organici ad emissione di luce, in cui ogni pixel pu\u00f2 essere acceso o spento in modo indipendente. Al contrario, i televisori LCD tradizionali utilizzano una retroilluminazione comune, il che pu\u00f2 portare a problemi di \u201cblooming\u201d nelle scene ad alto contrasto: ad esempio, in un\u2019immagine con una luna, non solo la luna appare bianca, ma si intravede anche uno sfondo non completamente nero. Questo difetto \u00e8 assolutamente assente nei televisori OLED, rendendoli notevolmente superiori in termini di contrasto e fedelt\u00e0 dei colori.<\/p>\n<p>Oggi, molti produttori leader montano i loro dispositivi di fascia alta con display OLED, che non sono utilizzati solo nei televisori ma anche in computer portatili, monitor, smartphone, tablet, wearable e persino in alcuni elettrodomestici e automobili. Tra i marchi pi\u00f9 conosciuti in questo settore ci sono LG, Sony, Philips e Panasonic, che dominano il mercato dei televisori OLED.<br \/>\nTuttavia, manca ancora un gigante come Samsung: l&#8217;azienda \u00e8 attualmente concentrata sulla produzione di TV QLED, che offrono una riproduzione dei colori notevolmente migliorata rispetto ai tradizionali LCD. Recentemente, per\u00f2, Samsung ha cominciato a esplorare soluzioni QD-OLED, che combinano i punti di forza della tecnologia OLED con i vantaggi dei Quantum Dot, ma per ora la maggior parte delle offerte nel segmento OLED proviene dai marchi gi\u00e0 consolidati.<\/p>\n<h2>Quali sono i vantaggi di un televisore OLED rispetto a un QLED, MiniLED o LCD?<\/h2>\n<p><strong>1. I televisori OLED offrono i migliori valori di nero e contrasto<\/strong><br \/>\nGrazie alla capacit\u00e0 di accendere e spegnere ogni pixel in modo indipendente, i televisori OLED riproducono scene scure in maniera impeccabile, eliminando il problema del blooming che affligge i pannelli LCD.<\/p>\n<p><img decoding=\"async\" class=\"aligncenter\" src=\"https:\/\/www.blackfridaydeals.ch\/wp-content\/uploads\/2021\/09\/OLEDvsLCD.jpg\" alt=\"LED vs. OLED\" width=\"1600\" height=\"896\" \/><br \/>\n<strong>2. I televisori OLED offrono un angolo di visione pi\u00f9 ampio<\/strong><br \/>\nLe propriet\u00e0 intrinseche della tecnologia OLED permettono di visualizzare immagini senza distorsioni anche da angolazioni laterali. Anche se alcune TV IPS migliorano l\u2019angolo di visione, i pannelli OLED rimangono imbattibili in questo aspetto.<\/p>\n<p><img decoding=\"async\" class=\"aligncenter\" src=\"https:\/\/www.blackfridaydeals.ch\/wp-content\/uploads\/2021\/09\/oledvslcd_viewing_angle.jpg\" alt=\"LCD TV vs. OLED TV\" width=\"748\" height=\"560\" \/><br \/>\n<strong>3. I televisori OLED hanno un tempo di risposta estremamente veloce<\/strong><br \/>\nQuesta caratteristica \u00e8 particolarmente importante per i gamer: mentre i pannelli LCD impiegano decine di millisecondi per aggiornarsi, i singoli pixel OLED possono cambiare colore in pochi microsecondi, garantendo immagini nitide e senza motion blur durante le scene d\u2019azione. La maggior parte dei televisori OLED del 2026 sono ottimizzati per sfruttare al massimo il potenziale di console di nuova generazione come la <a href=\"https:\/\/www.blackfridaydeals.ch\/it\/xbox-series-x-2\/\">Xbox Series X<\/a> e la <a href=\"https:\/\/www.blackfridaydeals.ch\/it\/playstation-5-black-friday\/\">Playstation 5<\/a>, permettendo di godere di risoluzioni UHD a 120 fotogrammi al secondo.<\/p>\n<h2>Quanto costeranno i televisori OLED per il Black Friday 2026?<\/h2>\n<p>Ci aspettiamo che anche quest\u2019anno ci saranno sconti significativi sui televisori OLED, sia per i modelli dell\u2019anno corrente che per quelli delle generazioni precedenti. Ad esempio, abbiamo gi\u00e0 visto offerte in passato che hanno portato a prezzi inferiori a 1.000 franchi per TV OLED da 65\u2033. Nel 2020, <a href=\"https:\/\/www.blackfridaydeals.ch\/it\/shops\/interdiscount-it\/\">Interdiscount<\/a> ha lanciato un\u2019offerta a prezzo stracciato per un modello da 65 pollici, e da allora sono stati proposti vari altri modelli di questa dimensione a prezzi sotto i 1.000 franchi.<br \/>\nQuest&#8217;anno, per il Black Friday 2026, ci aspettiamo di trovare:<\/p>\n<p>TV OLED da 65\u2033 a prezzi inferiori a 1.000 CHF.<br \/>\nTV OLED da 55\u2033 intorno ai 700-750 CHF.<br \/>\nI modelli di fascia premium, come le serie top di LG (ad esempio, le serie OLED evo) o quelli di Sony e Panasonic, potrebbero avere sconti interessanti, anche se le riduzioni sui modelli di punta potrebbero essere meno marcate.<\/p>\n<h2>Alcuni consigli per l&#8217;acquisto di un televisore durante il Black Friday<\/h2>\n<ul>\n<li><strong>Risoluzione 4K:<\/strong> Assicurati che il televisore offra almeno una risoluzione 4K, poich\u00e9 \u00e8 ormai lo standard minimo per una buona qualit\u00e0 d&#8217;immagine.<\/li>\n<li><strong>Smart TV:<\/strong> Controlla che il sistema operativo del televisore sia fluido e aggiornato (Tizen, webOS, Google TV, ecc.). In caso contrario, valuta l\u2019acquisto di un dispositivo esterno come Apple TV, Fire TV o Chromecast.<\/li>\n<li><strong>Consumo energetico:<\/strong> Verifica l&#8217;etichetta energetica, specialmente se prevedi un uso intensivo.<\/li>\n<li><strong>Dimensioni:<\/strong> Scegli la diagonale giusta in base allo spazio disponibile e alla distanza di visione.<\/li>\n<li><strong>Tipo di pannello:<\/strong> Decidi quale tecnologia di schermo preferisci (OLED, QLED, QD-OLED o LED tradizionale). Visita un negozio per confrontare la resa dei colori e il contrasto.<\/li>\n<\/ul>\n<p>In sintesi, il Black Friday 2026 rappresenta un\u2019ottima opportunit\u00e0 per trovare televisori 4K di qualit\u00e0, sia di fascia media che alta. Ti consigliamo di confrontare i prezzi e monitorare i principali rivenditori (MediaMarkt, Interdiscount, Microspot, Digitec, Fust, ecc.) gi\u00e0 dalla settimana precedente, per assicurarti le migliori offerte prima che le scorte si esauriscano.[\/vc_column_text][\/vc_column][\/vc_row]<\/p>\n","protected":false},"excerpt":{"rendered":"<p>[vc_row][vc_column][vc_column_text] Oggi \u00e8 difficile orientarsi tra termini come OLED, AMOLED, P-OLED e altri. Tutti questi si riferiscono a una tecnologia basata sui diodi organici ad emissione di luce, in cui ogni pixel pu\u00f2 essere acceso o spento in modo indipendente. Al contrario, i televisori LCD tradizionali utilizzano una retroilluminazione comune, il che pu\u00f2 portare a [&hellip;]<\/p>\n","protected":false},"author":40,"featured_media":62010,"parent":0,"menu_order":0,"comment_status":"closed","ping_status":"closed","template":"","meta":[],"yoast_head":"<!-- This site is optimized with the Yoast SEO plugin v20.5 - https:\/\/yoast.com\/wordpress\/plugins\/seo\/ -->\n<title>Televisori OLED per il Black Friday 2026<\/title>\n<meta name=\"description\" content=\"Le 15 migliori offerte Black Friday 2026 di TV OLED. Solo su blackfridaydeals.ch puoi trovare la grande panoramica.\" \/>\n<meta name=\"robots\" content=\"index, follow, max-snippet:-1, max-image-preview:large, max-video-preview:-1\" \/>\n<link rel=\"canonical\" href=\"https:\/\/www.blackfridaydeals.ch\/it\/televisori-oled-black-friday\/\" \/>\n<meta property=\"og:locale\" content=\"it_IT\" \/>\n<meta property=\"og:type\" content=\"article\" \/>\n<meta property=\"og:title\" content=\"Televisori OLED per il Black Friday 2026\" \/>\n<meta property=\"og:description\" content=\"Le 15 migliori offerte Black Friday 2026 di TV OLED. Solo su blackfridaydeals.ch puoi trovare la grande panoramica.\" \/>\n<meta property=\"og:url\" content=\"https:\/\/www.blackfridaydeals.ch\/it\/televisori-oled-black-friday\/\" \/>\n<meta property=\"og:site_name\" content=\"blackfridaydeals.ch\" \/>\n<meta property=\"article:publisher\" content=\"https:\/\/www.facebook.com\/blackfridaydealsch\/\" \/>\n<meta property=\"article:modified_time\" content=\"2025-02-10T14:18:37+00:00\" \/>\n<meta property=\"og:image\" content=\"https:\/\/www.blackfridaydeals.ch\/wp-content\/uploads\/2023\/06\/TV-55-LG-OLED-A2.jpg\" \/>\n\t<meta property=\"og:image:width\" content=\"1000\" \/>\n\t<meta property=\"og:image:height\" content=\"1000\" \/>\n\t<meta property=\"og:image:type\" content=\"image\/jpeg\" \/>\n<meta name=\"twitter:card\" content=\"summary_large_image\" \/>\n<meta name=\"twitter:site\" content=\"@blackfridaych\" \/>\n<meta name=\"twitter:label1\" content=\"Est. reading time\" \/>\n\t<meta name=\"twitter:data1\" content=\"5 minutes\" \/>\n<script type=\"application\/ld+json\" class=\"yoast-schema-graph\">{\"@context\":\"https:\/\/schema.org\",\"@graph\":[{\"@type\":\"WebPage\",\"@id\":\"https:\/\/www.blackfridaydeals.ch\/it\/televisori-oled-black-friday\/\",\"url\":\"https:\/\/www.blackfridaydeals.ch\/it\/televisori-oled-black-friday\/\",\"name\":\"Televisori OLED per il Black Friday 2026\",\"isPartOf\":{\"@id\":\"https:\/\/www.blackfridaydeals.ch\/it\/#website\"},\"datePublished\":\"2021-10-08T14:44:20+00:00\",\"dateModified\":\"2025-02-10T14:18:37+00:00\",\"description\":\"Le 15 migliori offerte Black Friday 2026 di TV OLED. Solo su blackfridaydeals.ch puoi trovare la grande panoramica.\",\"breadcrumb\":{\"@id\":\"https:\/\/www.blackfridaydeals.ch\/it\/televisori-oled-black-friday\/#breadcrumb\"},\"inLanguage\":\"it-CH\",\"potentialAction\":[{\"@type\":\"ReadAction\",\"target\":[\"https:\/\/www.blackfridaydeals.ch\/it\/televisori-oled-black-friday\/\"]}]},{\"@type\":\"BreadcrumbList\",\"@id\":\"https:\/\/www.blackfridaydeals.ch\/it\/televisori-oled-black-friday\/#breadcrumb\",\"itemListElement\":[{\"@type\":\"ListItem\",\"position\":1,\"name\":\"Startseite\",\"item\":\"https:\/\/www.blackfridaydeals.ch\/it\/\"},{\"@type\":\"ListItem\",\"position\":2,\"name\":\"Televisori OLED per il Black Friday\"}]},{\"@type\":\"WebSite\",\"@id\":\"https:\/\/www.blackfridaydeals.ch\/it\/#website\",\"url\":\"https:\/\/www.blackfridaydeals.ch\/it\/\",\"name\":\"blackfridaydeals.ch\",\"description\":\"Tutte le offerte del Black Friday 2025 in Svizzera\",\"publisher\":{\"@id\":\"https:\/\/www.blackfridaydeals.ch\/it\/#organization\"},\"alternateName\":\"Black Friday Deals\",\"potentialAction\":[{\"@type\":\"SearchAction\",\"target\":{\"@type\":\"EntryPoint\",\"urlTemplate\":\"https:\/\/www.blackfridaydeals.ch\/it\/?s={search_term_string}\"},\"query-input\":\"required name=search_term_string\"}],\"inLanguage\":\"it-CH\"},{\"@type\":\"Organization\",\"@id\":\"https:\/\/www.blackfridaydeals.ch\/it\/#organization\",\"name\":\"blackfridaydeals.ch\",\"alternateName\":\"Black Friday Deals\",\"url\":\"https:\/\/www.blackfridaydeals.ch\/it\/\",\"logo\":{\"@type\":\"ImageObject\",\"inLanguage\":\"it-CH\",\"@id\":\"https:\/\/www.blackfridaydeals.ch\/it\/#\/schema\/logo\/image\/\",\"url\":\"https:\/\/www.blackfridaydeals.ch\/wp-content\/uploads\/2023\/03\/app-icon-white-bg-jpg.jpg\",\"contentUrl\":\"https:\/\/www.blackfridaydeals.ch\/wp-content\/uploads\/2023\/03\/app-icon-white-bg-jpg.jpg\",\"width\":512,\"height\":512,\"caption\":\"blackfridaydeals.ch\"},\"image\":{\"@id\":\"https:\/\/www.blackfridaydeals.ch\/it\/#\/schema\/logo\/image\/\"},\"sameAs\":[\"https:\/\/www.facebook.com\/blackfridaydealsch\/\",\"https:\/\/twitter.com\/blackfridaych\",\"https:\/\/www.youtube.com\/channel\/UCNKXHacMw8AS34mBgzVx3FQ\",\"https:\/\/www.instagram.com\/blackfridaydeals.ch\/\"]}]}<\/script>\n<!-- \/ Yoast SEO plugin. -->","yoast_head_json":{"title":"Televisori OLED per il Black Friday 2026","description":"Le 15 migliori offerte Black Friday 2026 di TV OLED. Solo su blackfridaydeals.ch puoi trovare la grande panoramica.","robots":{"index":"index","follow":"follow","max-snippet":"max-snippet:-1","max-image-preview":"max-image-preview:large","max-video-preview":"max-video-preview:-1"},"canonical":"https:\/\/www.blackfridaydeals.ch\/it\/televisori-oled-black-friday\/","og_locale":"it_IT","og_type":"article","og_title":"Televisori OLED per il Black Friday 2026","og_description":"Le 15 migliori offerte Black Friday 2026 di TV OLED. Solo su blackfridaydeals.ch puoi trovare la grande panoramica.","og_url":"https:\/\/www.blackfridaydeals.ch\/it\/televisori-oled-black-friday\/","og_site_name":"blackfridaydeals.ch","article_publisher":"https:\/\/www.facebook.com\/blackfridaydealsch\/","article_modified_time":"2025-02-10T14:18:37+00:00","og_image":[{"width":1000,"height":1000,"url":"https:\/\/www.blackfridaydeals.ch\/wp-content\/uploads\/2023\/06\/TV-55-LG-OLED-A2.jpg","type":"image\/jpeg"}],"twitter_card":"summary_large_image","twitter_site":"@blackfridaych","twitter_misc":{"Est. reading time":"5 minutes"},"schema":{"@context":"https:\/\/schema.org","@graph":[{"@type":"WebPage","@id":"https:\/\/www.blackfridaydeals.ch\/it\/televisori-oled-black-friday\/","url":"https:\/\/www.blackfridaydeals.ch\/it\/televisori-oled-black-friday\/","name":"Televisori OLED per il Black Friday 2026","isPartOf":{"@id":"https:\/\/www.blackfridaydeals.ch\/it\/#website"},"datePublished":"2021-10-08T14:44:20+00:00","dateModified":"2025-02-10T14:18:37+00:00","description":"Le 15 migliori offerte Black Friday 2026 di TV OLED. Solo su blackfridaydeals.ch puoi trovare la grande panoramica.","breadcrumb":{"@id":"https:\/\/www.blackfridaydeals.ch\/it\/televisori-oled-black-friday\/#breadcrumb"},"inLanguage":"it-CH","potentialAction":[{"@type":"ReadAction","target":["https:\/\/www.blackfridaydeals.ch\/it\/televisori-oled-black-friday\/"]}]},{"@type":"BreadcrumbList","@id":"https:\/\/www.blackfridaydeals.ch\/it\/televisori-oled-black-friday\/#breadcrumb","itemListElement":[{"@type":"ListItem","position":1,"name":"Startseite","item":"https:\/\/www.blackfridaydeals.ch\/it\/"},{"@type":"ListItem","position":2,"name":"Televisori OLED per il Black Friday"}]},{"@type":"WebSite","@id":"https:\/\/www.blackfridaydeals.ch\/it\/#website","url":"https:\/\/www.blackfridaydeals.ch\/it\/","name":"blackfridaydeals.ch","description":"Tutte le offerte del Black Friday 2025 in Svizzera","publisher":{"@id":"https:\/\/www.blackfridaydeals.ch\/it\/#organization"},"alternateName":"Black Friday Deals","potentialAction":[{"@type":"SearchAction","target":{"@type":"EntryPoint","urlTemplate":"https:\/\/www.blackfridaydeals.ch\/it\/?s={search_term_string}"},"query-input":"required name=search_term_string"}],"inLanguage":"it-CH"},{"@type":"Organization","@id":"https:\/\/www.blackfridaydeals.ch\/it\/#organization","name":"blackfridaydeals.ch","alternateName":"Black Friday Deals","url":"https:\/\/www.blackfridaydeals.ch\/it\/","logo":{"@type":"ImageObject","inLanguage":"it-CH","@id":"https:\/\/www.blackfridaydeals.ch\/it\/#\/schema\/logo\/image\/","url":"https:\/\/www.blackfridaydeals.ch\/wp-content\/uploads\/2023\/03\/app-icon-white-bg-jpg.jpg","contentUrl":"https:\/\/www.blackfridaydeals.ch\/wp-content\/uploads\/2023\/03\/app-icon-white-bg-jpg.jpg","width":512,"height":512,"caption":"blackfridaydeals.ch"},"image":{"@id":"https:\/\/www.blackfridaydeals.ch\/it\/#\/schema\/logo\/image\/"},"sameAs":["https:\/\/www.facebook.com\/blackfridaydealsch\/","https:\/\/twitter.com\/blackfridaych","https:\/\/www.youtube.com\/channel\/UCNKXHacMw8AS34mBgzVx3FQ","https:\/\/www.instagram.com\/blackfridaydeals.ch\/"]}]}},"_links":{"self":[{"href":"https:\/\/www.blackfridaydeals.ch\/it\/wp-json\/wp\/v2\/pages\/36730"}],"collection":[{"href":"https:\/\/www.blackfridaydeals.ch\/it\/wp-json\/wp\/v2\/pages"}],"about":[{"href":"https:\/\/www.blackfridaydeals.ch\/it\/wp-json\/wp\/v2\/types\/page"}],"author":[{"embeddable":true,"href":"https:\/\/www.blackfridaydeals.ch\/it\/wp-json\/wp\/v2\/users\/40"}],"replies":[{"embeddable":true,"href":"https:\/\/www.blackfridaydeals.ch\/it\/wp-json\/wp\/v2\/comments?post=36730"}],"version-history":[{"count":7,"href":"https:\/\/www.blackfridaydeals.ch\/it\/wp-json\/wp\/v2\/pages\/36730\/revisions"}],"predecessor-version":[{"id":98904,"href":"https:\/\/www.blackfridaydeals.ch\/it\/wp-json\/wp\/v2\/pages\/36730\/revisions\/98904"}],"wp:featuredmedia":[{"embeddable":true,"href":"https:\/\/www.blackfridaydeals.ch\/it\/wp-json\/wp\/v2\/media\/62010"}],"wp:attachment":[{"href":"https:\/\/www.blackfridaydeals.ch\/it\/wp-json\/wp\/v2\/media?parent=36730"}],"curies":[{"name":"wp","href":"https:\/\/api.w.org\/{rel}","templated":true}]}}