{"id":26841,"date":"2020-10-26T13:39:18","date_gmt":"2020-10-26T12:39:18","guid":{"rendered":"https:\/\/www.blackfridaydeals.ch\/?page_id=26841"},"modified":"2025-02-10T13:51:07","modified_gmt":"2025-02-10T12:51:07","slug":"xbox-series-x-2","status":"publish","type":"page","link":"https:\/\/www.blackfridaydeals.ch\/it\/xbox-series-x-2\/","title":{"rendered":"Console di gioco Xbox Series X per il Black Friday"},"content":{"rendered":"<p>[vc_row][vc_column]\n[vc_column_text]Microsoft ha lanciato la Xbox Series X e la Xbox Series S nel 2020. Pi\u00f9 di recente, \u00e8 stata introdotta anche una versione della Series S con 1 TB di spazio di archiviazione in colorazione Carbon Black. Non \u00e8 solo una nuova versione della celebre console di gioco, ma anche la pi\u00f9 potente e compatta versione della serie.<\/p>\n<p><a href=\"https:\/\/www.blackfridaydeals.ch\/wp-content\/uploads\/2020\/10\/xbox-series-x-black-friday.jpg\"><img decoding=\"async\" class=\"alignright size-medium wp-image-26483\" src=\"https:\/\/www.blackfridaydeals.ch\/wp-content\/uploads\/2020\/10\/xbox-series-x-black-friday-300x169.jpg\" alt=\"\" width=\"300\" height=\"169\" srcset=\"https:\/\/www.blackfridaydeals.ch\/wp-content\/uploads\/2020\/10\/xbox-series-x-black-friday-300x169.jpg 300w, https:\/\/www.blackfridaydeals.ch\/wp-content\/uploads\/2020\/10\/xbox-series-x-black-friday-1024x576.jpg 1024w, https:\/\/www.blackfridaydeals.ch\/wp-content\/uploads\/2020\/10\/xbox-series-x-black-friday-768x432.jpg 768w, https:\/\/www.blackfridaydeals.ch\/wp-content\/uploads\/2020\/10\/xbox-series-x-black-friday-1536x864.jpg 1536w, https:\/\/www.blackfridaydeals.ch\/wp-content\/uploads\/2020\/10\/xbox-series-x-black-friday-2048x1152.jpg 2048w, https:\/\/www.blackfridaydeals.ch\/wp-content\/uploads\/2020\/10\/xbox-series-x-black-friday-788x443.jpg 788w, https:\/\/www.blackfridaydeals.ch\/wp-content\/uploads\/2020\/10\/xbox-series-x-black-friday.jpg 1920w\" sizes=\"(max-width: 300px) 100vw, 300px\" \/><\/a>Ma cosa differenzia esattamente la nuova Xbox dalle console precedenti? Qui puoi trovare tutto ci\u00f2 che devi sapere sulla nuova Xbox. Diamo anche un&#8217;occhiata ai vantaggi che potresti ottenere durante il <a href=\"https:\/\/www.blackfridaydeals.ch\/it\/\">Black Friday<\/a> se sei interessato alla console. Soprattutto durante i maggiori eventi di shopping, ci sono buone possibilit\u00e0 di acquistare la Xbox Series X a meno.<\/p>\n<p style=\"text-align: center;\"><a href=\"https:\/\/www.blackfridaydeals.ch\/it\/elettronica-intrattenimento\/\" target=\"_blank\" style=\"border-radius:5px\" class=\"wpsm-button btncolor medium rehub_btn_color\"><i class=\"rhicon rhi-none\"><\/i>Guarda le migliori offerte per Xbox Series X<\/a><\/p>\n<h2>Le informazioni pi\u00f9 importanti sulla Xbox Series X al Black Friday 2026<\/h2>\n<p>Ogni nuova generazione di console cerca di sorprendere migliorando l&#8217;hardware, le prestazioni e la velocit\u00e0. Qui scoprirai le innovazioni che rendono la Xbox Series X cos\u00ec speciale:<\/p>\n<ul>\n<li>Giochi in 4K vero<\/li>\n<li>Fino a 120 fotogrammi al secondo<\/li>\n<li>8K High Dynamic Range<\/li>\n<li>Architettura Xbox Velocity<\/li>\n<\/ul>\n<p>Questi dati mostrano gi\u00e0 che la nuova Xbox vanta una grafica senza precedenti, che non era disponibile nelle edizioni precedenti. La Xbox Series X offre 12 teraflop di prestazioni contenute internamente in un unico chip (SoC). Questa potenza di elaborazione lavora con le architetture Zen 2 e RDNA di AMD per creare un&#8217;esperienza grafica unica.<br \/>\nLa console ha 1 TB di spazio di archiviazione (la Series S base ne ha 512 GB, mentre la nuova Series S da 1 TB offre pi\u00f9 capienza). Ti permette di regolare la frequenza di aggiornamento a tuo piacimento, con un massimo di 120 FPS. \u00c8 possibile anche acquistare altre memorie separatamente. La porta dedicata sul retro consente di inserire una scheda di espansione Seagate o WD da 1TB, che corrisponde alle prestazioni degli SSD e ti permetter\u00e0 quindi di avere pi\u00f9 spazio di archiviazione alla stessa velocit\u00e0.<\/p>\n<h2>Altre caratteristiche della Xbox Series X<\/h2>\n<p><img decoding=\"async\" class=\"alignright\" src=\"https:\/\/www.blackfridaydeals.ch\/wp-content\/uploads\/2020\/10\/xbox-series-X-specs-300x225.jpg\" alt=\"xbox series x specifications\" \/>Xbox Series X definisce nuovi standard, specialmente nell&#8217;illuminazione. DirectX Ray Tracing crea ombre realistiche e riflessi dettagliati. Questo fa sembrare i mondi in cui vivi ancora pi\u00f9 vividi e reali.<br \/>\nCon una scheda SSD personalizzata, vedrai che i giochi si caricano molto pi\u00f9 velocemente che su altre console. E con la funzione Quick Resume, puoi passare senza problemi da un titolo all&#8217;altro e riprendere da dove eri rimasto.<\/p>\n<p>Naturalmente, per l&#8217;esperienza completa della console, \u00e8 necessario anche un controller. Il nuovo controller wireless di Xbox \u00e8 facile da impugnare e presenta un design elegante ed ergonomico. La cosa migliore \u00e8 che i tuoi controller Xbox One e gli altri accessori rimangono compatibili, quindi non devi fare scorta di tutto.<\/p>\n<p>Per sfruttare appieno la potenza della tua console, devi scegliere i giochi giusti. I giochi creati con l&#8217;XS Development Kit hanno frame rate pi\u00f9 elevati e i tempi di caricamento pi\u00f9 brevi.<\/p>\n<h2>A quale prezzo posso acquistare la Xbox Series X?<\/h2>\n<p>Sul suo sito web, la Xbox Series X si trova al prezzo di 499 CHF. Nonostante questa sia l&#8217;ultima generazione di console, sono pur sempre un sacco di soldi. Per distinguersi dai concorrenti come Sony Playstation e Nintendo, Microsoft offre anche Xbox Game Pass Ultimate, che include Xbox Cloud Gaming e un\u2019enorme libreria di giochi a cui puoi accedere gratuitamente. Il Black Friday \u00e8 un ottimo momento per trovare degli ottimi affari e a volte puoi usufruire di grandi sconti. Tuttavia, \u00e8 improbabile che questo sia il caso quest&#8217;anno a causa della continua alta domanda.<br \/>\nSolo l&#8217;anno scorso la Xbox X-Series poteva essere acquistata due volte al prezzo ridotto di 444,90 franchi su Interdiscount, da allora \u00e8 stato ribassato solo una volta.<\/p>\n<p><img decoding=\"async\" class=\"aligncenter\" src=\"https:\/\/www.blackfridaydeals.ch\/wp-content\/uploads\/2021\/09\/xbox_series_x_bestpreis.png\" alt=\"Xbox Series X a Interdiscount\" width=\"829\" height=\"259\" \/> <img decoding=\"async\" class=\"aligncenter\" src=\"https:\/\/www.blackfridaydeals.ch\/wp-content\/uploads\/2021\/09\/xbox_series_x_bestpreis2.png\" alt=\"Xbox Series X da Interdiscount\" width=\"834\" height=\"255\" \/><\/p>\n<h2>Quanto \u00e8 probabile che ci saranno offerte per la Xbox Series X per il Black Friday 2026?<\/h2>\n<p>In effetti, \u00e8 difficile prevedere se ci saranno offerte sulla Xbox Series X. La sola disponibilit\u00e0 della console scatena gi\u00e0 una corsa nei negozi online, e le scorte terminano in pochi minuti. Quindi uno sconto sembra altamente improbabile, dato che la console sta vendendo come il pane e anche a prezzo pieno.<\/p>\n<h2>Ecco una panoramica delle offerte di Xbox X\/S Series per il Black Friday<\/h2>\n<p>Come gi\u00e0 accennato, la disponibilit\u00e0 stessa dovrebbe gi\u00e0 essere considerata un \u201caffare\u201d, dato che la Xbox X-Series \u00e8 costantemente non disponibile e raramente in magazzino. \u00c8 anche probabile che ci sar\u00e0 un aumento indiretto dei prezzi, dato che i rivenditori sono ora pi\u00f9 propensi ad offrire bundle piuttosto che solo la console. Tuttavia, la Series S (ora disponibile anche in versione Carbon Black da 1 TB) potrebbe ricevere uno sconto, dato che i componenti installati sono meno potenti e la console resta pi\u00f9 facilmente reperibile. Per esempio, ci potrebbero essere le seguenti offerte:<\/p>\n<ul>\n<li>Bundle Xbox Series X con controller e\/o gioco aggiuntivo.<\/li>\n<li>Bundle Xbox Series X con abbonamento a Game Pass Ultimate<\/li>\n<li>10-20% di sconto su Xbox Series S<\/li>\n<li>Bundle Xbox Series S scontato con accessori<\/li>\n<\/ul>\n<p>Esistono diverse strategie promozionali che sono particolarmente indicate per una nuova console. Pertanto, non saremmo sorpresi se una delle promozioni qui menzionate entrasse in gioco il Black Friday, che cadr\u00e0 il 27 novembre 2026. Non \u00e8 da escludere che ci siano sconti da diversi fornitori, permettendoti di scegliere il modello pi\u00f9 conveniente.<br \/>\nTuttavia, \u00e8 improbabile che ci sar\u00e0 uno sconto del 50% o pi\u00f9, dopo tutto, le console sono sempre in cima al podio. Tuttavia, anche un piccolo sconto potrebbe rendere l&#8217;offerta molto allettante. Puoi trovare le migliori offerte del Black Friday confrontando le offerte. Ti terremo aggiornato sugli annunci della serie Xbox X cos\u00ec non perderai nessuna occasione.<\/p>\n<h2>Si possono trovare questi giochi su Xbox Series X\/S<\/h2>\n<p>Sulla nuova Xbox, ovviamente, arriveranno nuovi giochi innovativi con una grafica senza precedenti e una qualit\u00e0 migliorata. I giochi della serie XS sfruttano tutta la potenza della Xbox Series X per un&#8217;esperienza di gioco straordinariamente coinvolgente. Tra questi ci sono Assassin&#8217;s Creed Valhalla, The Ascent, The Medium, Watch Dogs Legion e NBA 2K21. Inoltre, titoli recenti come Starfield o Forza Horizon 5 offrono un\u2019esperienza ancora pi\u00f9 immersiva.<br \/>\nInoltre, puoi anche installare i giochi delle precedenti console Xbox sul sistema. Questo non vale per tutti i titoli, ma per i titoli pi\u00f9 importanti e popolari, l&#8217;adattamento alla nuova generazione \u00e8 gi\u00e0 stato completato. Il fatto che non si perdano tutti i giochi acquistati in precedenza quando si passa alla nuova generazione dovrebbe essere un buon incentivo per molti giocatori. Quindi \u00e8 un buon affare, specialmente se si vende la vecchia console o si usufruisce di uno sconto quando si compra il nuovo modello.[\/vc_column_text][\/vc_column][\/vc_row]<\/p>\n","protected":false},"excerpt":{"rendered":"<p>[vc_row][vc_column][vc_column_text]Microsoft ha lanciato la Xbox Series X e la Xbox Series S nel 2020. Pi\u00f9 di recente, \u00e8 stata introdotta anche una versione della Series S con 1 TB di spazio di archiviazione in colorazione Carbon Black. Non \u00e8 solo una nuova versione della celebre console di gioco, ma anche la pi\u00f9 potente e compatta [&hellip;]<\/p>\n","protected":false},"author":40,"featured_media":64017,"parent":0,"menu_order":0,"comment_status":"closed","ping_status":"closed","template":"","meta":[],"yoast_head":"<!-- This site is optimized with the Yoast SEO plugin v20.5 - https:\/\/yoast.com\/wordpress\/plugins\/seo\/ -->\n<title>Xbox Series X Black Friday | Novembre 2026<\/title>\n<meta name=\"description\" content=\"Le 15 migliori offerte di Xbox Series X per il Black Friday 2026. Solo su blackfridaydeals.ch puoi trovare la grande panoramica.\" \/>\n<meta name=\"robots\" content=\"index, follow, max-snippet:-1, max-image-preview:large, max-video-preview:-1\" \/>\n<link rel=\"canonical\" href=\"https:\/\/www.blackfridaydeals.ch\/it\/xbox-series-x-2\/\" \/>\n<meta property=\"og:locale\" content=\"it_IT\" \/>\n<meta property=\"og:type\" content=\"article\" \/>\n<meta property=\"og:title\" content=\"Xbox Series X Black Friday | Novembre 2026\" \/>\n<meta property=\"og:description\" content=\"Le 15 migliori offerte di Xbox Series X per il Black Friday 2026. Solo su blackfridaydeals.ch puoi trovare la grande panoramica.\" \/>\n<meta property=\"og:url\" content=\"https:\/\/www.blackfridaydeals.ch\/it\/xbox-series-x-2\/\" \/>\n<meta property=\"og:site_name\" content=\"blackfridaydeals.ch\" \/>\n<meta property=\"article:publisher\" content=\"https:\/\/www.facebook.com\/blackfridaydealsch\/\" \/>\n<meta property=\"article:modified_time\" content=\"2025-02-10T12:51:07+00:00\" \/>\n<meta property=\"og:image\" content=\"https:\/\/www.blackfridaydeals.ch\/wp-content\/uploads\/2023\/08\/xbox-series-black-friday.jpg\" \/>\n\t<meta property=\"og:image:width\" content=\"1500\" \/>\n\t<meta property=\"og:image:height\" content=\"1500\" \/>\n\t<meta property=\"og:image:type\" content=\"image\/jpeg\" \/>\n<meta name=\"twitter:card\" content=\"summary_large_image\" \/>\n<meta name=\"twitter:site\" content=\"@blackfridaych\" \/>\n<meta name=\"twitter:label1\" content=\"Est. reading time\" \/>\n\t<meta name=\"twitter:data1\" content=\"7 minutes\" \/>\n<script type=\"application\/ld+json\" class=\"yoast-schema-graph\">{\"@context\":\"https:\/\/schema.org\",\"@graph\":[{\"@type\":\"WebPage\",\"@id\":\"https:\/\/www.blackfridaydeals.ch\/it\/xbox-series-x-2\/\",\"url\":\"https:\/\/www.blackfridaydeals.ch\/it\/xbox-series-x-2\/\",\"name\":\"Xbox Series X Black Friday | Novembre 2026\",\"isPartOf\":{\"@id\":\"https:\/\/www.blackfridaydeals.ch\/it\/#website\"},\"datePublished\":\"2020-10-26T12:39:18+00:00\",\"dateModified\":\"2025-02-10T12:51:07+00:00\",\"description\":\"Le 15 migliori offerte di Xbox Series X per il Black Friday 2026. Solo su blackfridaydeals.ch puoi trovare la grande panoramica.\",\"breadcrumb\":{\"@id\":\"https:\/\/www.blackfridaydeals.ch\/it\/xbox-series-x-2\/#breadcrumb\"},\"inLanguage\":\"it-CH\",\"potentialAction\":[{\"@type\":\"ReadAction\",\"target\":[\"https:\/\/www.blackfridaydeals.ch\/it\/xbox-series-x-2\/\"]}]},{\"@type\":\"BreadcrumbList\",\"@id\":\"https:\/\/www.blackfridaydeals.ch\/it\/xbox-series-x-2\/#breadcrumb\",\"itemListElement\":[{\"@type\":\"ListItem\",\"position\":1,\"name\":\"Startseite\",\"item\":\"https:\/\/www.blackfridaydeals.ch\/it\/\"},{\"@type\":\"ListItem\",\"position\":2,\"name\":\"Console di gioco Xbox Series X per il Black Friday\"}]},{\"@type\":\"WebSite\",\"@id\":\"https:\/\/www.blackfridaydeals.ch\/it\/#website\",\"url\":\"https:\/\/www.blackfridaydeals.ch\/it\/\",\"name\":\"blackfridaydeals.ch\",\"description\":\"Tutte le offerte del Black Friday 2025 in Svizzera\",\"publisher\":{\"@id\":\"https:\/\/www.blackfridaydeals.ch\/it\/#organization\"},\"alternateName\":\"Black Friday Deals\",\"potentialAction\":[{\"@type\":\"SearchAction\",\"target\":{\"@type\":\"EntryPoint\",\"urlTemplate\":\"https:\/\/www.blackfridaydeals.ch\/it\/?s={search_term_string}\"},\"query-input\":\"required name=search_term_string\"}],\"inLanguage\":\"it-CH\"},{\"@type\":\"Organization\",\"@id\":\"https:\/\/www.blackfridaydeals.ch\/it\/#organization\",\"name\":\"blackfridaydeals.ch\",\"alternateName\":\"Black Friday Deals\",\"url\":\"https:\/\/www.blackfridaydeals.ch\/it\/\",\"logo\":{\"@type\":\"ImageObject\",\"inLanguage\":\"it-CH\",\"@id\":\"https:\/\/www.blackfridaydeals.ch\/it\/#\/schema\/logo\/image\/\",\"url\":\"https:\/\/www.blackfridaydeals.ch\/wp-content\/uploads\/2023\/03\/app-icon-white-bg-jpg.jpg\",\"contentUrl\":\"https:\/\/www.blackfridaydeals.ch\/wp-content\/uploads\/2023\/03\/app-icon-white-bg-jpg.jpg\",\"width\":512,\"height\":512,\"caption\":\"blackfridaydeals.ch\"},\"image\":{\"@id\":\"https:\/\/www.blackfridaydeals.ch\/it\/#\/schema\/logo\/image\/\"},\"sameAs\":[\"https:\/\/www.facebook.com\/blackfridaydealsch\/\",\"https:\/\/twitter.com\/blackfridaych\",\"https:\/\/www.youtube.com\/channel\/UCNKXHacMw8AS34mBgzVx3FQ\",\"https:\/\/www.instagram.com\/blackfridaydeals.ch\/\"]}]}<\/script>\n<!-- \/ Yoast SEO plugin. -->","yoast_head_json":{"title":"Xbox Series X Black Friday | Novembre 2026","description":"Le 15 migliori offerte di Xbox Series X per il Black Friday 2026. Solo su blackfridaydeals.ch puoi trovare la grande panoramica.","robots":{"index":"index","follow":"follow","max-snippet":"max-snippet:-1","max-image-preview":"max-image-preview:large","max-video-preview":"max-video-preview:-1"},"canonical":"https:\/\/www.blackfridaydeals.ch\/it\/xbox-series-x-2\/","og_locale":"it_IT","og_type":"article","og_title":"Xbox Series X Black Friday | Novembre 2026","og_description":"Le 15 migliori offerte di Xbox Series X per il Black Friday 2026. Solo su blackfridaydeals.ch puoi trovare la grande panoramica.","og_url":"https:\/\/www.blackfridaydeals.ch\/it\/xbox-series-x-2\/","og_site_name":"blackfridaydeals.ch","article_publisher":"https:\/\/www.facebook.com\/blackfridaydealsch\/","article_modified_time":"2025-02-10T12:51:07+00:00","og_image":[{"width":1500,"height":1500,"url":"https:\/\/www.blackfridaydeals.ch\/wp-content\/uploads\/2023\/08\/xbox-series-black-friday.jpg","type":"image\/jpeg"}],"twitter_card":"summary_large_image","twitter_site":"@blackfridaych","twitter_misc":{"Est. reading time":"7 minutes"},"schema":{"@context":"https:\/\/schema.org","@graph":[{"@type":"WebPage","@id":"https:\/\/www.blackfridaydeals.ch\/it\/xbox-series-x-2\/","url":"https:\/\/www.blackfridaydeals.ch\/it\/xbox-series-x-2\/","name":"Xbox Series X Black Friday | Novembre 2026","isPartOf":{"@id":"https:\/\/www.blackfridaydeals.ch\/it\/#website"},"datePublished":"2020-10-26T12:39:18+00:00","dateModified":"2025-02-10T12:51:07+00:00","description":"Le 15 migliori offerte di Xbox Series X per il Black Friday 2026. Solo su blackfridaydeals.ch puoi trovare la grande panoramica.","breadcrumb":{"@id":"https:\/\/www.blackfridaydeals.ch\/it\/xbox-series-x-2\/#breadcrumb"},"inLanguage":"it-CH","potentialAction":[{"@type":"ReadAction","target":["https:\/\/www.blackfridaydeals.ch\/it\/xbox-series-x-2\/"]}]},{"@type":"BreadcrumbList","@id":"https:\/\/www.blackfridaydeals.ch\/it\/xbox-series-x-2\/#breadcrumb","itemListElement":[{"@type":"ListItem","position":1,"name":"Startseite","item":"https:\/\/www.blackfridaydeals.ch\/it\/"},{"@type":"ListItem","position":2,"name":"Console di gioco Xbox Series X per il Black Friday"}]},{"@type":"WebSite","@id":"https:\/\/www.blackfridaydeals.ch\/it\/#website","url":"https:\/\/www.blackfridaydeals.ch\/it\/","name":"blackfridaydeals.ch","description":"Tutte le offerte del Black Friday 2025 in Svizzera","publisher":{"@id":"https:\/\/www.blackfridaydeals.ch\/it\/#organization"},"alternateName":"Black Friday Deals","potentialAction":[{"@type":"SearchAction","target":{"@type":"EntryPoint","urlTemplate":"https:\/\/www.blackfridaydeals.ch\/it\/?s={search_term_string}"},"query-input":"required name=search_term_string"}],"inLanguage":"it-CH"},{"@type":"Organization","@id":"https:\/\/www.blackfridaydeals.ch\/it\/#organization","name":"blackfridaydeals.ch","alternateName":"Black Friday Deals","url":"https:\/\/www.blackfridaydeals.ch\/it\/","logo":{"@type":"ImageObject","inLanguage":"it-CH","@id":"https:\/\/www.blackfridaydeals.ch\/it\/#\/schema\/logo\/image\/","url":"https:\/\/www.blackfridaydeals.ch\/wp-content\/uploads\/2023\/03\/app-icon-white-bg-jpg.jpg","contentUrl":"https:\/\/www.blackfridaydeals.ch\/wp-content\/uploads\/2023\/03\/app-icon-white-bg-jpg.jpg","width":512,"height":512,"caption":"blackfridaydeals.ch"},"image":{"@id":"https:\/\/www.blackfridaydeals.ch\/it\/#\/schema\/logo\/image\/"},"sameAs":["https:\/\/www.facebook.com\/blackfridaydealsch\/","https:\/\/twitter.com\/blackfridaych","https:\/\/www.youtube.com\/channel\/UCNKXHacMw8AS34mBgzVx3FQ","https:\/\/www.instagram.com\/blackfridaydeals.ch\/"]}]}},"_links":{"self":[{"href":"https:\/\/www.blackfridaydeals.ch\/it\/wp-json\/wp\/v2\/pages\/26841"}],"collection":[{"href":"https:\/\/www.blackfridaydeals.ch\/it\/wp-json\/wp\/v2\/pages"}],"about":[{"href":"https:\/\/www.blackfridaydeals.ch\/it\/wp-json\/wp\/v2\/types\/page"}],"author":[{"embeddable":true,"href":"https:\/\/www.blackfridaydeals.ch\/it\/wp-json\/wp\/v2\/users\/40"}],"replies":[{"embeddable":true,"href":"https:\/\/www.blackfridaydeals.ch\/it\/wp-json\/wp\/v2\/comments?post=26841"}],"version-history":[{"count":14,"href":"https:\/\/www.blackfridaydeals.ch\/it\/wp-json\/wp\/v2\/pages\/26841\/revisions"}],"predecessor-version":[{"id":36701,"href":"https:\/\/www.blackfridaydeals.ch\/it\/wp-json\/wp\/v2\/pages\/26841\/revisions\/36701"}],"wp:featuredmedia":[{"embeddable":true,"href":"https:\/\/www.blackfridaydeals.ch\/it\/wp-json\/wp\/v2\/media\/64017"}],"wp:attachment":[{"href":"https:\/\/www.blackfridaydeals.ch\/it\/wp-json\/wp\/v2\/media?parent=26841"}],"curies":[{"name":"wp","href":"https:\/\/api.w.org\/{rel}","templated":true}]}}