{"id":16132,"date":"2019-07-08T14:47:08","date_gmt":"2019-07-08T12:47:08","guid":{"rendered":"https:\/\/www.blackfridaydeals.ch\/?page_id=16132"},"modified":"2026-02-16T16:38:19","modified_gmt":"2026-02-16T15:38:19","slug":"ultime-offerte","status":"publish","type":"page","link":"https:\/\/www.blackfridaydeals.ch\/it\/ultime-offerte\/","title":{"rendered":"Le ultime offerte di Black Friday"},"content":{"rendered":"<p>[vc_row][vc_column width=&#8221;2\/3&#8243; css=&#8221;.vc_custom_1560761202380{padding-right: 10px !important;padding-left: 10px !important;background-color: #ffffff !important;}&#8221;][vc_column_text]<\/p>\n<h1>Le ultime offerte di Black Friday 2026<\/h1>\n<p>In questa lista, troverete le ultime voci su blackfridaydeals.ch &#8211; ideale per coloro che visitano il nostro sito pi\u00f9 volte.[\/vc_column_text][vc_raw_html]JTNDZGl2JTIwY2xhc3MlM0QlMjJjYXRlZ29yaWVzc2Nyb2xsJTIyJTNFJTNDYSUyMGhyZWYlM0QlMjJodHRwcyUzQSUyRiUyRnd3dy5ibGFja2ZyaWRheWRlYWxzLmNoJTJGaXQlMkZlbGV0dHJvbmljYS1pbnRyYXR0ZW5pbWVudG8lMkYlMjIlM0VFbGV0dHJvbmljYSUzQyUyRmElM0UlMjAlM0NhJTIwaHJlZiUzRCUyMmh0dHBzJTNBJTJGJTJGd3d3LmJsYWNrZnJpZGF5ZGVhbHMuY2glMkZpdCUyRmNlbGx1bGFyaS1hYmJvbmFtZW50aSUyRiUyMiUzRUFiYm9uYW1lbnRpJTNDJTJGYSUzRSUyMCUzQ2ElMjBocmVmJTNEJTIyaHR0cHMlM0ElMkYlMkZ3d3cuYmxhY2tmcmlkYXlkZWFscy5jaCUyRml0JTJGbW9kYS1naW9pZWxsZXJpYSUyRiUyMiUzRU1vZGElM0MlMkZhJTNFJTIwJTNDYSUyMGhyZWYlM0QlMjJodHRwcyUzQSUyRiUyRnd3dy5ibGFja2ZyaWRheWRlYWxzLmNoJTJGaXQlMkZiZWxsZXp6YS1zYWx1dGUlMkYlMjIlM0VCZWxsZXp6YSUzQyUyRmElM0UlMjAlM0NhJTIwaHJlZiUzRCUyMmh0dHBzJTNBJTJGJTJGd3d3LmJsYWNrZnJpZGF5ZGVhbHMuY2glMkZpdCUyRmhvbWUtbGl2aW5nJTJGJTIyJTNFSG9tZSUzQyUyRmElM0UlMjAlM0NhJTIwaHJlZiUzRCUyMmh0dHBzJTNBJTJGJTJGd3d3LmJsYWNrZnJpZGF5ZGVhbHMuY2glMkZpdCUyRnJlZ2FsaS1saWJyaSUyRiUyMiUzRVJlZ2FsaSUzQyUyRmElM0UlMjAlM0NhJTIwaHJlZiUzRCUyMmh0dHBzJTNBJTJGJTJGd3d3LmJsYWNrZnJpZGF5ZGVhbHMuY2glMkZpdCUyRnNwb3J0LW91dGRvb3IlMkYlMjIlM0VTcG9ydCUzQyUyRmElM0UlM0MlMkZkaXYlM0U=[\/vc_raw_html]\n[vc_row_inner bwd_tbc4vd_show_weekday=&#8221;&#8221;][vc_column_inner][vc_column_text]<\/p>\n<h2>Offerte del Black Friday 2026<\/h2>\n<p>Il Black Friday \u00e8 arrivato in Svizzera qualche anno fa. Mentre negli Stati Uniti innumerevoli persone si precipitano nei negozi, in questo Paese il Black Friday si svolge principalmente online. Quest&#8217;anno, la settimana del Black Friday inizia il 23 novembre 2026. Durante questa settimana, molti negozi offrono buone offerte e sconti vantaggiosi. Per la maggior parte dei fornitori, le promozioni terminano il venerd\u00ec nero, che quest&#8217;anno cade il 27 novembre 2026. Sopra questo testo troverete una panoramica delle ultime offerte per il Black Friday 2026. Molti negozi iniziano il loro Black Friday prima, a volte addirittura nella prima settimana di novembre. Segnatevi questa pagina o seguite la nostra newsletter per essere sicuri di non perdere nessuna offerta.<\/p>\n<h2>Chi partecipa al Black Friday 2026?<\/h2>\n<p>All&#8217;inizio erano in pochi a partecipare, ma ora il Black Friday si \u00e8 affermato anche in Svizzera e centinaia di negozi come <a href=\"https:\/\/www.blackfridaydeals.ch\/it\/shops\/zara-it\/\">Zara<\/a>, <a href=\"https:\/\/www.blackfridaydeals.ch\/it\/shops\/hm-it\/\">H&amp;M<\/a>, <a href=\"https:\/\/www.blackfridaydeals.ch\/it\/shops\/brack-it\/\">BRACK.ch<\/a> e persino Migros pubblicano offerte. Il Black Friday \u00e8 stato notato per la prima volta dai grandi magazzini e dai negozi di elettronica, ma da qualche anno partecipano negozi di ogni settore. Dall&#8217;elettronica, all&#8217;abbigliamento, agli alimentari: la scelta \u00e8 vastissima! L&#8217;esperienza degli ultimi anni ha dimostrato che le offerte del Black Friday non vengono superate durante tutto l&#8217;anno. La maggior parte dei partecipanti riduce l&#8217;intero assortimento fino al 20%. Questo vale soprattutto per i prodotti che sono raramente in offerta, come i giocattoli o i dispositivi Apple. Altri negozi online offrono sconti generosi su una gamma selezionata. Si pu\u00f2 risparmiare fino al 70%.<\/p>\n<h2>Le migliori offerte del Cyber Monday e del Singles Day<\/h2>\n<p>Il Cyber Monday si svolge subito dopo il Black Friday. Questo giorno \u00e8 stato introdotto all&#8217;inizio del Black Friday dai rivenditori di elettronica per poter pubblicare nuovamente grandi offerte separatamente. Quest&#8217;anno il <a href=\"https:\/\/www.blackfridaydeals.ch\/it\/cyber-monday\/\">Cyber Monday<\/a> si terr\u00e0 il 30 Novembre 2026e ci aspettiamo forti sconti su Amazon, MediaMarkt, Brack e molti altri negozi. Alcuni partecipanti al Black Friday si limitano a prolungare la promozione del venerd\u00ec nero. In questo modo si ha ancora pi\u00f9 tempo per approfittare delle offerte. Tuttavia, se trovate una buona offerta durante il Black Friday, dovreste colpire. Nella maggior parte dei casi non \u00e8 possibile prevedere se la promozione sar\u00e0 prorogata per il Cyber Monday o se seguir\u00e0 un&#8217;offerta migliore.<\/p>\n<p>Avrete notato che nella nostra panoramica includiamo anche alcune offerte prima del Black Friday. Ci\u00f2 \u00e8 dovuto in parte al <a href=\"https:\/\/www.blackfridaydeals.ch\/it\/singles-day\/\">Singles Day<\/a>, che si svolge ogni anno l&#8217;11 novembre. Anche in questo giorno molti negozi online pubblicano sconti vantaggiosi. In linea con la data, di solito offrono sconti dell&#8217;11%, del 22% o addirittura del 33%. In Asia, il Singles Day \u00e8 ancora pi\u00f9 popolare del Black Friday e in Svizzera le vendite del Singles Day aumentano ogni anno. Nella nostra panoramica sul Singles Day troverete tutte le informazioni pi\u00f9 importanti.[\/vc_column_text][\/vc_column_inner][\/vc_row_inner][\/vc_column][vc_column width=&#8221;1\/3&#8243;][vc_widget_sidebar sidebar_id=&#8221;rhsidebar&#8221;][\/vc_column][\/vc_row]<\/p>\n","protected":false},"excerpt":{"rendered":"<p>[vc_row][vc_column width=&#8221;2\/3&#8243; css=&#8221;.vc_custom_1560761202380{padding-right: 10px !important;padding-left: 10px !important;background-color: #ffffff !important;}&#8221;][vc_column_text] Le ultime offerte di Black Friday In questa lista, troverete le ultime voci su blackfridaydeals.ch &#8211; ideale per coloro che visitano il nostro sito pi\u00f9 volte.[\/vc_column_text][vc_raw_html]JTNDZGl2JTIwY2xhc3MlM0QlMjJjYXRlZ29yaWVzc2Nyb2xsJTIyJTNFJTNDYSUyMGhyZWYlM0QlMjJodHRwcyUzQSUyRiUyRnd3dy5ibGFja2ZyaWRheWRlYWxzLmNoJTJGaXQlMkZlbGV0dHJvbmljYS1pbnRyYXR0ZW5pbWVudG8lMkYlMjIlM0VFbGV0dHJvbmljYSUzQyUyRmElM0UlMjAlM0NhJTIwaHJlZiUzRCUyMmh0dHBzJTNBJTJGJTJGd3d3LmJsYWNrZnJpZGF5ZGVhbHMuY2glMkZpdCUyRmNlbGx1bGFyaS1hYmJvbmFtZW50aSUyRiUyMiUzRUFiYm9uYW1lbnRpJTNDJTJGYSUzRSUyMCUzQ2ElMjBocmVmJTNEJTIyaHR0cHMlM0ElMkYlMkZ3d3cuYmxhY2tmcmlkYXlkZWFscy5jaCUyRml0JTJGbW9kYS1naW9pZWxsZXJpYSUyRiUyMiUzRU1vZGElM0MlMkZhJTNFJTIwJTNDYSUyMGhyZWYlM0QlMjJodHRwcyUzQSUyRiUyRnd3dy5ibGFja2ZyaWRheWRlYWxzLmNoJTJGaXQlMkZiZWxsZXp6YS1zYWx1dGUlMkYlMjIlM0VCZWxsZXp6YSUzQyUyRmElM0UlMjAlM0NhJTIwaHJlZiUzRCUyMmh0dHBzJTNBJTJGJTJGd3d3LmJsYWNrZnJpZGF5ZGVhbHMuY2glMkZpdCUyRmhvbWUtbGl2aW5nJTJGJTIyJTNFSG9tZSUzQyUyRmElM0UlMjAlM0NhJTIwaHJlZiUzRCUyMmh0dHBzJTNBJTJGJTJGd3d3LmJsYWNrZnJpZGF5ZGVhbHMuY2glMkZpdCUyRnJlZ2FsaS1saWJyaSUyRiUyMiUzRVJlZ2FsaSUzQyUyRmElM0UlMjAlM0NhJTIwaHJlZiUzRCUyMmh0dHBzJTNBJTJGJTJGd3d3LmJsYWNrZnJpZGF5ZGVhbHMuY2glMkZpdCUyRnNwb3J0LW91dGRvb3IlMkYlMjIlM0VTcG9ydCUzQyUyRmElM0UlM0MlMkZkaXYlM0U=[\/vc_raw_html][vc_row_inner bwd_tbc4vd_show_weekday=&#8221;&#8221;][vc_column_inner][vc_column_text] Offerte del Black Friday Il Black Friday \u00e8 arrivato in Svizzera qualche anno fa. Mentre negli Stati Uniti innumerevoli [&hellip;]<\/p>\n","protected":false},"author":40,"featured_media":109838,"parent":0,"menu_order":0,"comment_status":"closed","ping_status":"closed","template":"","meta":[],"yoast_head":"<!-- This site is optimized with the Yoast SEO plugin v20.5 - https:\/\/yoast.com\/wordpress\/plugins\/seo\/ -->\n<title>Le ultime offerte di Black Friday 2026 - blackfridaydeals.ch<\/title>\n<meta name=\"description\" content=\"In questa lista, troverete le ultime voci Black Friday - ideale per coloro che visitano il nostro sito pi\u00f9 volte.\" \/>\n<meta name=\"robots\" content=\"index, follow, max-snippet:-1, max-image-preview:large, max-video-preview:-1\" \/>\n<link rel=\"canonical\" href=\"https:\/\/www.blackfridaydeals.ch\/it\/ultime-offerte\/\" \/>\n<meta property=\"og:locale\" content=\"it_IT\" \/>\n<meta property=\"og:type\" content=\"article\" \/>\n<meta property=\"og:title\" content=\"Le ultime offerte di Black Friday 2026 - blackfridaydeals.ch\" \/>\n<meta property=\"og:description\" content=\"In questa lista, troverete le ultime voci Black Friday - ideale per coloro che visitano il nostro sito pi\u00f9 volte.\" \/>\n<meta property=\"og:url\" content=\"https:\/\/www.blackfridaydeals.ch\/it\/ultime-offerte\/\" \/>\n<meta property=\"og:site_name\" content=\"blackfridaydeals.ch\" \/>\n<meta property=\"article:publisher\" content=\"https:\/\/www.facebook.com\/blackfridaydealsch\/\" \/>\n<meta property=\"article:modified_time\" content=\"2026-02-16T15:38:19+00:00\" \/>\n<meta property=\"og:image\" content=\"https:\/\/www.blackfridaydeals.ch\/wp-content\/uploads\/2025\/12\/Black-Friday-2026-sq.png\" \/>\n\t<meta property=\"og:image:width\" content=\"1200\" \/>\n\t<meta property=\"og:image:height\" content=\"1200\" \/>\n\t<meta property=\"og:image:type\" content=\"image\/png\" \/>\n<meta name=\"twitter:card\" content=\"summary_large_image\" \/>\n<meta name=\"twitter:site\" content=\"@blackfridaych\" \/>\n<meta name=\"twitter:label1\" content=\"Est. reading time\" \/>\n\t<meta name=\"twitter:data1\" content=\"3 minutes\" \/>\n<script type=\"application\/ld+json\" class=\"yoast-schema-graph\">{\"@context\":\"https:\/\/schema.org\",\"@graph\":[{\"@type\":\"WebPage\",\"@id\":\"https:\/\/www.blackfridaydeals.ch\/it\/ultime-offerte\/\",\"url\":\"https:\/\/www.blackfridaydeals.ch\/it\/ultime-offerte\/\",\"name\":\"Le ultime offerte di Black Friday 2026 - blackfridaydeals.ch\",\"isPartOf\":{\"@id\":\"https:\/\/www.blackfridaydeals.ch\/it\/#website\"},\"datePublished\":\"2019-07-08T12:47:08+00:00\",\"dateModified\":\"2026-02-16T15:38:19+00:00\",\"description\":\"In questa lista, troverete le ultime voci Black Friday - ideale per coloro che visitano il nostro sito pi\u00f9 volte.\",\"breadcrumb\":{\"@id\":\"https:\/\/www.blackfridaydeals.ch\/it\/ultime-offerte\/#breadcrumb\"},\"inLanguage\":\"it-CH\",\"potentialAction\":[{\"@type\":\"ReadAction\",\"target\":[\"https:\/\/www.blackfridaydeals.ch\/it\/ultime-offerte\/\"]}]},{\"@type\":\"BreadcrumbList\",\"@id\":\"https:\/\/www.blackfridaydeals.ch\/it\/ultime-offerte\/#breadcrumb\",\"itemListElement\":[{\"@type\":\"ListItem\",\"position\":1,\"name\":\"Startseite\",\"item\":\"https:\/\/www.blackfridaydeals.ch\/it\/\"},{\"@type\":\"ListItem\",\"position\":2,\"name\":\"Le ultime offerte di Black Friday\"}]},{\"@type\":\"WebSite\",\"@id\":\"https:\/\/www.blackfridaydeals.ch\/it\/#website\",\"url\":\"https:\/\/www.blackfridaydeals.ch\/it\/\",\"name\":\"blackfridaydeals.ch\",\"description\":\"Tutte le offerte del Black Friday 2025 in Svizzera\",\"publisher\":{\"@id\":\"https:\/\/www.blackfridaydeals.ch\/it\/#organization\"},\"alternateName\":\"Black Friday Deals\",\"potentialAction\":[{\"@type\":\"SearchAction\",\"target\":{\"@type\":\"EntryPoint\",\"urlTemplate\":\"https:\/\/www.blackfridaydeals.ch\/it\/?s={search_term_string}\"},\"query-input\":\"required name=search_term_string\"}],\"inLanguage\":\"it-CH\"},{\"@type\":\"Organization\",\"@id\":\"https:\/\/www.blackfridaydeals.ch\/it\/#organization\",\"name\":\"blackfridaydeals.ch\",\"alternateName\":\"Black Friday Deals\",\"url\":\"https:\/\/www.blackfridaydeals.ch\/it\/\",\"logo\":{\"@type\":\"ImageObject\",\"inLanguage\":\"it-CH\",\"@id\":\"https:\/\/www.blackfridaydeals.ch\/it\/#\/schema\/logo\/image\/\",\"url\":\"https:\/\/www.blackfridaydeals.ch\/wp-content\/uploads\/2023\/03\/app-icon-white-bg-jpg.jpg\",\"contentUrl\":\"https:\/\/www.blackfridaydeals.ch\/wp-content\/uploads\/2023\/03\/app-icon-white-bg-jpg.jpg\",\"width\":512,\"height\":512,\"caption\":\"blackfridaydeals.ch\"},\"image\":{\"@id\":\"https:\/\/www.blackfridaydeals.ch\/it\/#\/schema\/logo\/image\/\"},\"sameAs\":[\"https:\/\/www.facebook.com\/blackfridaydealsch\/\",\"https:\/\/twitter.com\/blackfridaych\",\"https:\/\/www.youtube.com\/channel\/UCNKXHacMw8AS34mBgzVx3FQ\",\"https:\/\/www.instagram.com\/blackfridaydeals.ch\/\"]}]}<\/script>\n<!-- \/ Yoast SEO plugin. -->","yoast_head_json":{"title":"Le ultime offerte di Black Friday 2026 - blackfridaydeals.ch","description":"In questa lista, troverete le ultime voci Black Friday - ideale per coloro che visitano il nostro sito pi\u00f9 volte.","robots":{"index":"index","follow":"follow","max-snippet":"max-snippet:-1","max-image-preview":"max-image-preview:large","max-video-preview":"max-video-preview:-1"},"canonical":"https:\/\/www.blackfridaydeals.ch\/it\/ultime-offerte\/","og_locale":"it_IT","og_type":"article","og_title":"Le ultime offerte di Black Friday 2026 - blackfridaydeals.ch","og_description":"In questa lista, troverete le ultime voci Black Friday - ideale per coloro che visitano il nostro sito pi\u00f9 volte.","og_url":"https:\/\/www.blackfridaydeals.ch\/it\/ultime-offerte\/","og_site_name":"blackfridaydeals.ch","article_publisher":"https:\/\/www.facebook.com\/blackfridaydealsch\/","article_modified_time":"2026-02-16T15:38:19+00:00","og_image":[{"width":1200,"height":1200,"url":"https:\/\/www.blackfridaydeals.ch\/wp-content\/uploads\/2025\/12\/Black-Friday-2026-sq.png","type":"image\/png"}],"twitter_card":"summary_large_image","twitter_site":"@blackfridaych","twitter_misc":{"Est. reading time":"3 minutes"},"schema":{"@context":"https:\/\/schema.org","@graph":[{"@type":"WebPage","@id":"https:\/\/www.blackfridaydeals.ch\/it\/ultime-offerte\/","url":"https:\/\/www.blackfridaydeals.ch\/it\/ultime-offerte\/","name":"Le ultime offerte di Black Friday 2026 - blackfridaydeals.ch","isPartOf":{"@id":"https:\/\/www.blackfridaydeals.ch\/it\/#website"},"datePublished":"2019-07-08T12:47:08+00:00","dateModified":"2026-02-16T15:38:19+00:00","description":"In questa lista, troverete le ultime voci Black Friday - ideale per coloro che visitano il nostro sito pi\u00f9 volte.","breadcrumb":{"@id":"https:\/\/www.blackfridaydeals.ch\/it\/ultime-offerte\/#breadcrumb"},"inLanguage":"it-CH","potentialAction":[{"@type":"ReadAction","target":["https:\/\/www.blackfridaydeals.ch\/it\/ultime-offerte\/"]}]},{"@type":"BreadcrumbList","@id":"https:\/\/www.blackfridaydeals.ch\/it\/ultime-offerte\/#breadcrumb","itemListElement":[{"@type":"ListItem","position":1,"name":"Startseite","item":"https:\/\/www.blackfridaydeals.ch\/it\/"},{"@type":"ListItem","position":2,"name":"Le ultime offerte di Black Friday"}]},{"@type":"WebSite","@id":"https:\/\/www.blackfridaydeals.ch\/it\/#website","url":"https:\/\/www.blackfridaydeals.ch\/it\/","name":"blackfridaydeals.ch","description":"Tutte le offerte del Black Friday 2025 in Svizzera","publisher":{"@id":"https:\/\/www.blackfridaydeals.ch\/it\/#organization"},"alternateName":"Black Friday Deals","potentialAction":[{"@type":"SearchAction","target":{"@type":"EntryPoint","urlTemplate":"https:\/\/www.blackfridaydeals.ch\/it\/?s={search_term_string}"},"query-input":"required name=search_term_string"}],"inLanguage":"it-CH"},{"@type":"Organization","@id":"https:\/\/www.blackfridaydeals.ch\/it\/#organization","name":"blackfridaydeals.ch","alternateName":"Black Friday Deals","url":"https:\/\/www.blackfridaydeals.ch\/it\/","logo":{"@type":"ImageObject","inLanguage":"it-CH","@id":"https:\/\/www.blackfridaydeals.ch\/it\/#\/schema\/logo\/image\/","url":"https:\/\/www.blackfridaydeals.ch\/wp-content\/uploads\/2023\/03\/app-icon-white-bg-jpg.jpg","contentUrl":"https:\/\/www.blackfridaydeals.ch\/wp-content\/uploads\/2023\/03\/app-icon-white-bg-jpg.jpg","width":512,"height":512,"caption":"blackfridaydeals.ch"},"image":{"@id":"https:\/\/www.blackfridaydeals.ch\/it\/#\/schema\/logo\/image\/"},"sameAs":["https:\/\/www.facebook.com\/blackfridaydealsch\/","https:\/\/twitter.com\/blackfridaych","https:\/\/www.youtube.com\/channel\/UCNKXHacMw8AS34mBgzVx3FQ","https:\/\/www.instagram.com\/blackfridaydeals.ch\/"]}]}},"_links":{"self":[{"href":"https:\/\/www.blackfridaydeals.ch\/it\/wp-json\/wp\/v2\/pages\/16132"}],"collection":[{"href":"https:\/\/www.blackfridaydeals.ch\/it\/wp-json\/wp\/v2\/pages"}],"about":[{"href":"https:\/\/www.blackfridaydeals.ch\/it\/wp-json\/wp\/v2\/types\/page"}],"author":[{"embeddable":true,"href":"https:\/\/www.blackfridaydeals.ch\/it\/wp-json\/wp\/v2\/users\/40"}],"replies":[{"embeddable":true,"href":"https:\/\/www.blackfridaydeals.ch\/it\/wp-json\/wp\/v2\/comments?post=16132"}],"version-history":[{"count":22,"href":"https:\/\/www.blackfridaydeals.ch\/it\/wp-json\/wp\/v2\/pages\/16132\/revisions"}],"predecessor-version":[{"id":102221,"href":"https:\/\/www.blackfridaydeals.ch\/it\/wp-json\/wp\/v2\/pages\/16132\/revisions\/102221"}],"wp:featuredmedia":[{"embeddable":true,"href":"https:\/\/www.blackfridaydeals.ch\/it\/wp-json\/wp\/v2\/media\/109838"}],"wp:attachment":[{"href":"https:\/\/www.blackfridaydeals.ch\/it\/wp-json\/wp\/v2\/media?parent=16132"}],"curies":[{"name":"wp","href":"https:\/\/api.w.org\/{rel}","templated":true}]}}