{"id":99416,"date":"2025-05-06T10:35:34","date_gmt":"2025-05-06T08:35:34","guid":{"rendered":"https:\/\/www.blackfridaydeals.ch\/?page_id=99416"},"modified":"2025-05-06T10:42:40","modified_gmt":"2025-05-06T08:42:40","slug":"nintendo-switch-2-black-friday","status":"publish","type":"page","link":"https:\/\/www.blackfridaydeals.ch\/fr\/nintendo-switch-2-black-friday\/","title":{"rendered":"Nintendo Switch 2 Black Friday: Offres et promos"},"content":{"rendered":"<p>[vc_row][vc_column]\n[vc_column_text]La Nintendo Switch fait partie depuis des ann\u00e9es des consoles portables les plus populaires du march\u00e9. La Nintendo Switch 2 a r\u00e9cemment \u00e9t\u00e9 annonc\u00e9e, et elle offre des performances nettement sup\u00e9rieures \u00e0 celles du mod\u00e8le pr\u00e9c\u00e9dent. De plus, la Switch 2 pr\u00e9sente plusieurs avantages suppl\u00e9mentaires par rapport \u00e0 la Switch 1. Parmi eux, un meilleur \u00e9cran et une m\u00e9moire interne plus grande, qui s\u2019\u00e9l\u00e8ve \u00e0 256 Go.<\/p>\n<h2>Offres possibles pour la Nintendo Switch 2 pendant la prochaine Black Week<\/h2>\n<p><img decoding=\"async\" class=\"alignright size-medium wp-image-99411\" src=\"https:\/\/www.blackfridaydeals.ch\/wp-content\/uploads\/2025\/05\/Nintendo-Switch-2-300x272.jpg\" alt=\"\" width=\"300\" height=\"272\" srcset=\"https:\/\/www.blackfridaydeals.ch\/wp-content\/uploads\/2025\/05\/Nintendo-Switch-2-300x272.jpg 300w, https:\/\/www.blackfridaydeals.ch\/wp-content\/uploads\/2025\/05\/Nintendo-Switch-2-1024x927.jpg 1024w, https:\/\/www.blackfridaydeals.ch\/wp-content\/uploads\/2025\/05\/Nintendo-Switch-2-768x695.jpg 768w, https:\/\/www.blackfridaydeals.ch\/wp-content\/uploads\/2025\/05\/Nintendo-Switch-2-1536x1390.jpg 1536w, https:\/\/www.blackfridaydeals.ch\/wp-content\/uploads\/2025\/05\/Nintendo-Switch-2-2048x1853.jpg 2048w, https:\/\/www.blackfridaydeals.ch\/wp-content\/uploads\/2025\/05\/Nintendo-Switch-2-166x150.jpg 166w, https:\/\/www.blackfridaydeals.ch\/wp-content\/uploads\/2025\/05\/Nintendo-Switch-2-100x91.jpg 100w, https:\/\/www.blackfridaydeals.ch\/wp-content\/uploads\/2025\/05\/Nintendo-Switch-2-387x350.jpg 387w, https:\/\/www.blackfridaydeals.ch\/wp-content\/uploads\/2025\/05\/Nintendo-Switch-2-788x713.jpg 788w, https:\/\/www.blackfridaydeals.ch\/wp-content\/uploads\/2025\/05\/Nintendo-Switch-2.jpg 1000w\" sizes=\"(max-width: 300px) 100vw, 300px\" \/>Par rapport \u00e0 la Switch 1, le mod\u00e8le successeur est propos\u00e9 \u00e0 un prix plus \u00e9lev\u00e9. Elle co\u00fbte actuellement 469.90 francs. Ceux qui envisagent d\u2019acheter la Nintendo Switch 2 devraient peut-\u00eatre attendre jusqu\u2019au prochain <a href=\"https:\/\/www.blackfridaydeals.ch\/fr\/\">Black Friday<\/a>. Celui-ci aura lieu le 27 novembre 2026. De nombreux magasins d\u2019\u00e9lectronique et d\u00e9taillants en ligne organisent \u00e0 cette occasion une action de rabais, durant laquelle certains appareils sont propos\u00e9s \u00e0 des prix promotionnels. Il est donc possible qu\u2019un rabais Black Friday soit accord\u00e9 cette ann\u00e9e pour la Nintendo Switch 2. Certains shops pourraient aussi proposer des offres group\u00e9es sp\u00e9ciales Black Friday. Des r\u00e9ductions sont envisageables pour la Nintendo Switch 2 notamment dans les shops suivants :<\/p>\n<ul>\n<li><a href=\"https:\/\/www.blackfridaydeals.ch\/fr\/shops\/mediamarkt-fr\/\">MediaMarkt<\/a><\/li>\n<li><a href=\"https:\/\/www.blackfridaydeals.ch\/fr\/shops\/interdiscount-fr\/\">Interdiscount<\/a><\/li>\n<li><a href=\"https:\/\/www.blackfridaydeals.ch\/fr\/shops\/digitec-fr\/\">digitec<\/a><\/li>\n<li><a href=\"https:\/\/www.blackfridaydeals.ch\/fr\/shops\/galaxus-fr\/\">Galaxus<\/a><\/li>\n<li><a href=\"https:\/\/www.blackfridaydeals.ch\/fr\/shops\/fust-fr\/\">Fust<\/a><\/li>\n<li><a href=\"https:\/\/www.blackfridaydeals.ch\/fr\/shops\/brack-fr\/\">BRACK<\/a><\/li>\n<li><a href=\"https:\/\/www.blackfridaydeals.ch\/fr\/shops\/amazon-fr\/\">Amazon<\/a><\/li>\n<\/ul>\n<p>Il se peut \u00e9galement que certains revendeurs accordent un rabais sur l\u2019ensemble de leur assortiment. De telles r\u00e9ductions Black Friday ont d\u00e9j\u00e0 \u00e9t\u00e9 propos\u00e9es par le pass\u00e9, par exemple chez <a href=\"https:\/\/www.blackfridaydeals.ch\/fr\/shops\/conrad-fr\/\">Conrad<\/a>. Nous recommandons donc de surveiller les offres et actions de rabais des diff\u00e9rents commer\u00e7ants. S\u2019il y a une bonne affaire pour la Switch 2, il faudra agir vite \u2013 car cette console portable de Nintendo est tr\u00e8s populaire et risque donc d\u2019\u00eatre rapidement en rupture de stock.<\/p>\n<h2>Acheter la Nintendo Switch 2 lors du Black Friday 2026 : combien peut-on \u00e9conomiser ?<\/h2>\n<p><img decoding=\"async\" class=\"alignright size-medium wp-image-99425\" src=\"https:\/\/www.blackfridaydeals.ch\/wp-content\/uploads\/2025\/05\/Nintendo-Switch-2-Black-Friday-Deals-289x300.png\" alt=\"\" width=\"289\" height=\"300\" srcset=\"https:\/\/www.blackfridaydeals.ch\/wp-content\/uploads\/2025\/05\/Nintendo-Switch-2-Black-Friday-Deals-289x300.png 289w, https:\/\/www.blackfridaydeals.ch\/wp-content\/uploads\/2025\/05\/Nintendo-Switch-2-Black-Friday-Deals-986x1024.png 986w, https:\/\/www.blackfridaydeals.ch\/wp-content\/uploads\/2025\/05\/Nintendo-Switch-2-Black-Friday-Deals-767x797.png 767w, https:\/\/www.blackfridaydeals.ch\/wp-content\/uploads\/2025\/05\/Nintendo-Switch-2-Black-Friday-Deals-1479x1536.png 1479w, https:\/\/www.blackfridaydeals.ch\/wp-content\/uploads\/2025\/05\/Nintendo-Switch-2-Black-Friday-Deals-1972x2048.png 1972w, https:\/\/www.blackfridaydeals.ch\/wp-content\/uploads\/2025\/05\/Nintendo-Switch-2-Black-Friday-Deals-144x150.png 144w, https:\/\/www.blackfridaydeals.ch\/wp-content\/uploads\/2025\/05\/Nintendo-Switch-2-Black-Friday-Deals-100x104.png 100w, https:\/\/www.blackfridaydeals.ch\/wp-content\/uploads\/2025\/05\/Nintendo-Switch-2-Black-Friday-Deals-337x350.png 337w, https:\/\/www.blackfridaydeals.ch\/wp-content\/uploads\/2025\/05\/Nintendo-Switch-2-Black-Friday-Deals-788x818.png 788w\" sizes=\"(max-width: 289px) 100vw, 289px\" \/>Nous ne savons pas encore s\u2019il y aura une bonne offre pour la Nintendo Switch 2 au Black Friday 2026. Quant au montant de l\u2019\u00e9ventuelle \u00e9conomie, nous ne pouvons que sp\u00e9culer. La Switch 2 \u00e9tant encore tr\u00e8s r\u00e9cente, nous ne nous attendons pas \u00e0 de fortes r\u00e9ductions. Il se pourrait toutefois qu\u2019un rabais modeste de 5 \u00e0 10 % soit propos\u00e9.<\/p>\n<p>Ceux qui ne poss\u00e8dent pas encore de Nintendo Switch et souhaitent \u00e9conomiser pourraient \u00e9ventuellement se contenter de la Switch 1. Celle-ci pourrait b\u00e9n\u00e9ficier de r\u00e9ductions plus importantes allant jusqu\u2019\u00e0 30 % ou plus pendant la prochaine Black Week. Dans le pass\u00e9 d\u00e9j\u00e0, la Switch 1 avait souvent fait l\u2019objet de bonnes promotions Black Friday. Une offre int\u00e9ressante avait par exemple \u00e9t\u00e9 propos\u00e9e l\u2019ann\u00e9e derni\u00e8re sur Brack.ch : pendant la Black Week, on pouvait y acheter la Nintendo Switch OLED blanche \u00e0 un prix promotionnel de 199 francs.<\/p>\n<p>En plus du Black Friday, il faut \u00e9galement garder un \u0153il sur les autres journ\u00e9es promotionnelles de novembre : le <a href=\"https:\/\/www.blackfridaydeals.ch\/fr\/singles-day\/\">Singles Day 2026<\/a> et le <a href=\"https:\/\/www.blackfridaydeals.ch\/fr\/cyber-monday\/\">Cyber Monday 2026<\/a>. En particulier lors du Cyber Monday, il se pourrait que les consoles Nintendo Switch soient propos\u00e9es \u00e0 prix r\u00e9duit dans certains magasins en ligne. Il y a trois ans, ce fut par exemple le cas chez Fust, o\u00f9 la Nintendo Switch Lite turquoise \u00e9tait propos\u00e9e \u00e0 un prix sp\u00e9cial Cyber Monday de CHF 159.90.-[\/vc_column_text][\/vc_column][\/vc_row]<\/p>\n","protected":false},"excerpt":{"rendered":"<p>[vc_row][vc_column][vc_column_text]La Nintendo Switch fait partie depuis des ann\u00e9es des consoles portables les plus populaires du march\u00e9. La Nintendo Switch 2 a r\u00e9cemment \u00e9t\u00e9 annonc\u00e9e, et elle offre des performances nettement sup\u00e9rieures \u00e0 celles du mod\u00e8le pr\u00e9c\u00e9dent. De plus, la Switch 2 pr\u00e9sente plusieurs avantages suppl\u00e9mentaires par rapport \u00e0 la Switch 1. Parmi eux, un meilleur [&hellip;]<\/p>\n","protected":false},"author":40,"featured_media":99411,"parent":0,"menu_order":0,"comment_status":"closed","ping_status":"closed","template":"","meta":[],"yoast_head":"<!-- This site is optimized with the Yoast SEO plugin v20.5 - https:\/\/yoast.com\/wordpress\/plugins\/seo\/ -->\n<title>Nintendo Switch 2 Black Friday 2026<\/title>\n<meta name=\"description\" content=\"D\u00e9couvrez tous les deals pour la Nintendo Switch 2 au Black Friday 2026. Les meilleures offres chez Brack, digitec, MediaMarkt, ...\" \/>\n<meta name=\"robots\" content=\"index, follow, max-snippet:-1, max-image-preview:large, max-video-preview:-1\" \/>\n<link rel=\"canonical\" href=\"https:\/\/www.blackfridaydeals.ch\/fr\/nintendo-switch-2-black-friday\/\" \/>\n<meta property=\"og:locale\" content=\"fr_FR\" \/>\n<meta property=\"og:type\" content=\"article\" \/>\n<meta property=\"og:title\" content=\"Nintendo Switch 2 Black Friday 2026\" \/>\n<meta property=\"og:description\" content=\"D\u00e9couvrez tous les deals pour la Nintendo Switch 2 au Black Friday 2026. Les meilleures offres chez Brack, digitec, MediaMarkt, ...\" \/>\n<meta property=\"og:url\" content=\"https:\/\/www.blackfridaydeals.ch\/fr\/nintendo-switch-2-black-friday\/\" \/>\n<meta property=\"og:site_name\" content=\"blackfridaydeals.ch\" \/>\n<meta property=\"article:publisher\" content=\"https:\/\/www.facebook.com\/blackfridaydealsch\/\" \/>\n<meta property=\"article:modified_time\" content=\"2025-05-06T08:42:40+00:00\" \/>\n<meta property=\"og:image\" content=\"https:\/\/www.blackfridaydeals.ch\/wp-content\/uploads\/2025\/05\/Nintendo-Switch-2.jpg\" \/>\n\t<meta property=\"og:image:width\" content=\"1000\" \/>\n\t<meta property=\"og:image:height\" content=\"905\" \/>\n\t<meta property=\"og:image:type\" content=\"image\/jpeg\" \/>\n<meta name=\"twitter:card\" content=\"summary_large_image\" \/>\n<meta name=\"twitter:site\" content=\"@blackfridaych\" \/>\n<meta name=\"twitter:label1\" content=\"Est. reading time\" \/>\n\t<meta name=\"twitter:data1\" content=\"4 minutes\" \/>\n<script type=\"application\/ld+json\" class=\"yoast-schema-graph\">{\"@context\":\"https:\/\/schema.org\",\"@graph\":[{\"@type\":\"WebPage\",\"@id\":\"https:\/\/www.blackfridaydeals.ch\/fr\/nintendo-switch-2-black-friday\/\",\"url\":\"https:\/\/www.blackfridaydeals.ch\/fr\/nintendo-switch-2-black-friday\/\",\"name\":\"Nintendo Switch 2 Black Friday 2026\",\"isPartOf\":{\"@id\":\"https:\/\/www.blackfridaydeals.ch\/fr\/#website\"},\"datePublished\":\"2025-05-06T08:35:34+00:00\",\"dateModified\":\"2025-05-06T08:42:40+00:00\",\"description\":\"D\u00e9couvrez tous les deals pour la Nintendo Switch 2 au Black Friday 2026. Les meilleures offres chez Brack, digitec, MediaMarkt, ...\",\"breadcrumb\":{\"@id\":\"https:\/\/www.blackfridaydeals.ch\/fr\/nintendo-switch-2-black-friday\/#breadcrumb\"},\"inLanguage\":\"fr-CH\",\"potentialAction\":[{\"@type\":\"ReadAction\",\"target\":[\"https:\/\/www.blackfridaydeals.ch\/fr\/nintendo-switch-2-black-friday\/\"]}]},{\"@type\":\"BreadcrumbList\",\"@id\":\"https:\/\/www.blackfridaydeals.ch\/fr\/nintendo-switch-2-black-friday\/#breadcrumb\",\"itemListElement\":[{\"@type\":\"ListItem\",\"position\":1,\"name\":\"Startseite\",\"item\":\"https:\/\/www.blackfridaydeals.ch\/fr\/\"},{\"@type\":\"ListItem\",\"position\":2,\"name\":\"Nintendo Switch 2 Black Friday: Offres et promos\"}]},{\"@type\":\"WebSite\",\"@id\":\"https:\/\/www.blackfridaydeals.ch\/fr\/#website\",\"url\":\"https:\/\/www.blackfridaydeals.ch\/fr\/\",\"name\":\"blackfridaydeals.ch\",\"description\":\"Toutes les offres du Black Friday 2025 en Suisse\",\"publisher\":{\"@id\":\"https:\/\/www.blackfridaydeals.ch\/fr\/#organization\"},\"alternateName\":\"Black Friday Deals\",\"potentialAction\":[{\"@type\":\"SearchAction\",\"target\":{\"@type\":\"EntryPoint\",\"urlTemplate\":\"https:\/\/www.blackfridaydeals.ch\/fr\/?s={search_term_string}\"},\"query-input\":\"required name=search_term_string\"}],\"inLanguage\":\"fr-CH\"},{\"@type\":\"Organization\",\"@id\":\"https:\/\/www.blackfridaydeals.ch\/fr\/#organization\",\"name\":\"blackfridaydeals.ch\",\"alternateName\":\"Black Friday Deals\",\"url\":\"https:\/\/www.blackfridaydeals.ch\/fr\/\",\"logo\":{\"@type\":\"ImageObject\",\"inLanguage\":\"fr-CH\",\"@id\":\"https:\/\/www.blackfridaydeals.ch\/fr\/#\/schema\/logo\/image\/\",\"url\":\"https:\/\/www.blackfridaydeals.ch\/wp-content\/uploads\/2023\/03\/app-icon-white-bg-jpg.jpg\",\"contentUrl\":\"https:\/\/www.blackfridaydeals.ch\/wp-content\/uploads\/2023\/03\/app-icon-white-bg-jpg.jpg\",\"width\":512,\"height\":512,\"caption\":\"blackfridaydeals.ch\"},\"image\":{\"@id\":\"https:\/\/www.blackfridaydeals.ch\/fr\/#\/schema\/logo\/image\/\"},\"sameAs\":[\"https:\/\/www.facebook.com\/blackfridaydealsch\/\",\"https:\/\/twitter.com\/blackfridaych\",\"https:\/\/www.youtube.com\/channel\/UCNKXHacMw8AS34mBgzVx3FQ\",\"https:\/\/www.instagram.com\/blackfridaydeals.ch\/\"]}]}<\/script>\n<!-- \/ Yoast SEO plugin. -->","yoast_head_json":{"title":"Nintendo Switch 2 Black Friday 2026","description":"D\u00e9couvrez tous les deals pour la Nintendo Switch 2 au Black Friday 2026. Les meilleures offres chez Brack, digitec, MediaMarkt, ...","robots":{"index":"index","follow":"follow","max-snippet":"max-snippet:-1","max-image-preview":"max-image-preview:large","max-video-preview":"max-video-preview:-1"},"canonical":"https:\/\/www.blackfridaydeals.ch\/fr\/nintendo-switch-2-black-friday\/","og_locale":"fr_FR","og_type":"article","og_title":"Nintendo Switch 2 Black Friday 2026","og_description":"D\u00e9couvrez tous les deals pour la Nintendo Switch 2 au Black Friday 2026. Les meilleures offres chez Brack, digitec, MediaMarkt, ...","og_url":"https:\/\/www.blackfridaydeals.ch\/fr\/nintendo-switch-2-black-friday\/","og_site_name":"blackfridaydeals.ch","article_publisher":"https:\/\/www.facebook.com\/blackfridaydealsch\/","article_modified_time":"2025-05-06T08:42:40+00:00","og_image":[{"width":1000,"height":905,"url":"https:\/\/www.blackfridaydeals.ch\/wp-content\/uploads\/2025\/05\/Nintendo-Switch-2.jpg","type":"image\/jpeg"}],"twitter_card":"summary_large_image","twitter_site":"@blackfridaych","twitter_misc":{"Est. reading time":"4 minutes"},"schema":{"@context":"https:\/\/schema.org","@graph":[{"@type":"WebPage","@id":"https:\/\/www.blackfridaydeals.ch\/fr\/nintendo-switch-2-black-friday\/","url":"https:\/\/www.blackfridaydeals.ch\/fr\/nintendo-switch-2-black-friday\/","name":"Nintendo Switch 2 Black Friday 2026","isPartOf":{"@id":"https:\/\/www.blackfridaydeals.ch\/fr\/#website"},"datePublished":"2025-05-06T08:35:34+00:00","dateModified":"2025-05-06T08:42:40+00:00","description":"D\u00e9couvrez tous les deals pour la Nintendo Switch 2 au Black Friday 2026. Les meilleures offres chez Brack, digitec, MediaMarkt, ...","breadcrumb":{"@id":"https:\/\/www.blackfridaydeals.ch\/fr\/nintendo-switch-2-black-friday\/#breadcrumb"},"inLanguage":"fr-CH","potentialAction":[{"@type":"ReadAction","target":["https:\/\/www.blackfridaydeals.ch\/fr\/nintendo-switch-2-black-friday\/"]}]},{"@type":"BreadcrumbList","@id":"https:\/\/www.blackfridaydeals.ch\/fr\/nintendo-switch-2-black-friday\/#breadcrumb","itemListElement":[{"@type":"ListItem","position":1,"name":"Startseite","item":"https:\/\/www.blackfridaydeals.ch\/fr\/"},{"@type":"ListItem","position":2,"name":"Nintendo Switch 2 Black Friday: Offres et promos"}]},{"@type":"WebSite","@id":"https:\/\/www.blackfridaydeals.ch\/fr\/#website","url":"https:\/\/www.blackfridaydeals.ch\/fr\/","name":"blackfridaydeals.ch","description":"Toutes les offres du Black Friday 2025 en Suisse","publisher":{"@id":"https:\/\/www.blackfridaydeals.ch\/fr\/#organization"},"alternateName":"Black Friday Deals","potentialAction":[{"@type":"SearchAction","target":{"@type":"EntryPoint","urlTemplate":"https:\/\/www.blackfridaydeals.ch\/fr\/?s={search_term_string}"},"query-input":"required name=search_term_string"}],"inLanguage":"fr-CH"},{"@type":"Organization","@id":"https:\/\/www.blackfridaydeals.ch\/fr\/#organization","name":"blackfridaydeals.ch","alternateName":"Black Friday Deals","url":"https:\/\/www.blackfridaydeals.ch\/fr\/","logo":{"@type":"ImageObject","inLanguage":"fr-CH","@id":"https:\/\/www.blackfridaydeals.ch\/fr\/#\/schema\/logo\/image\/","url":"https:\/\/www.blackfridaydeals.ch\/wp-content\/uploads\/2023\/03\/app-icon-white-bg-jpg.jpg","contentUrl":"https:\/\/www.blackfridaydeals.ch\/wp-content\/uploads\/2023\/03\/app-icon-white-bg-jpg.jpg","width":512,"height":512,"caption":"blackfridaydeals.ch"},"image":{"@id":"https:\/\/www.blackfridaydeals.ch\/fr\/#\/schema\/logo\/image\/"},"sameAs":["https:\/\/www.facebook.com\/blackfridaydealsch\/","https:\/\/twitter.com\/blackfridaych","https:\/\/www.youtube.com\/channel\/UCNKXHacMw8AS34mBgzVx3FQ","https:\/\/www.instagram.com\/blackfridaydeals.ch\/"]}]}},"_links":{"self":[{"href":"https:\/\/www.blackfridaydeals.ch\/fr\/wp-json\/wp\/v2\/pages\/99416"}],"collection":[{"href":"https:\/\/www.blackfridaydeals.ch\/fr\/wp-json\/wp\/v2\/pages"}],"about":[{"href":"https:\/\/www.blackfridaydeals.ch\/fr\/wp-json\/wp\/v2\/types\/page"}],"author":[{"embeddable":true,"href":"https:\/\/www.blackfridaydeals.ch\/fr\/wp-json\/wp\/v2\/users\/40"}],"replies":[{"embeddable":true,"href":"https:\/\/www.blackfridaydeals.ch\/fr\/wp-json\/wp\/v2\/comments?post=99416"}],"version-history":[{"count":3,"href":"https:\/\/www.blackfridaydeals.ch\/fr\/wp-json\/wp\/v2\/pages\/99416\/revisions"}],"predecessor-version":[{"id":99429,"href":"https:\/\/www.blackfridaydeals.ch\/fr\/wp-json\/wp\/v2\/pages\/99416\/revisions\/99429"}],"wp:featuredmedia":[{"embeddable":true,"href":"https:\/\/www.blackfridaydeals.ch\/fr\/wp-json\/wp\/v2\/media\/99411"}],"wp:attachment":[{"href":"https:\/\/www.blackfridaydeals.ch\/fr\/wp-json\/wp\/v2\/media?parent=99416"}],"curies":[{"name":"wp","href":"https:\/\/api.w.org\/{rel}","templated":true}]}}