{"id":8291,"date":"2018-10-09T14:05:47","date_gmt":"2018-10-09T12:05:47","guid":{"rendered":"https:\/\/www.blackfridaydeals.ch\/?page_id=8291"},"modified":"2025-02-07T15:43:44","modified_gmt":"2025-02-07T14:43:44","slug":"nintendo-switch-oled","status":"publish","type":"page","link":"https:\/\/www.blackfridaydeals.ch\/fr\/nintendo-switch-oled\/","title":{"rendered":"Nintendo Switch OLED au Black Friday"},"content":{"rendered":"<p>[vc_row][vc_column]\n\n[vc_column_text]<img decoding=\"async\" class=\"alignright wp-image-35845\" src=\"https:\/\/www.blackfridaydeals.ch\/wp-content\/uploads\/2021\/08\/nintendo-nintendo-switch-oled-weiss-konsole-240x300.jpg\" alt=\"\" width=\"175\" height=\"219\" srcset=\"https:\/\/www.blackfridaydeals.ch\/wp-content\/uploads\/2021\/08\/nintendo-nintendo-switch-oled-weiss-konsole-240x300.jpg 240w, https:\/\/www.blackfridaydeals.ch\/wp-content\/uploads\/2021\/08\/nintendo-nintendo-switch-oled-weiss-konsole-819x1024.jpg 819w, https:\/\/www.blackfridaydeals.ch\/wp-content\/uploads\/2021\/08\/nintendo-nintendo-switch-oled-weiss-konsole-768x960.jpg 768w, https:\/\/www.blackfridaydeals.ch\/wp-content\/uploads\/2021\/08\/nintendo-nintendo-switch-oled-weiss-konsole-1229x1536.jpg 1229w, https:\/\/www.blackfridaydeals.ch\/wp-content\/uploads\/2021\/08\/nintendo-nintendo-switch-oled-weiss-konsole-1638x2048.jpg 1638w, https:\/\/www.blackfridaydeals.ch\/wp-content\/uploads\/2021\/08\/nintendo-nintendo-switch-oled-weiss-konsole-788x985.jpg 788w, https:\/\/www.blackfridaydeals.ch\/wp-content\/uploads\/2021\/08\/nintendo-nintendo-switch-oled-weiss-konsole-150x188.jpg 150w, https:\/\/www.blackfridaydeals.ch\/wp-content\/uploads\/2021\/08\/nintendo-nintendo-switch-oled-weiss-konsole.jpg 400w\" sizes=\"(max-width: 175px) 100vw, 175px\" \/>La nouvelle console Nintendo Switch OLED \u00e9tait lanc\u00e9e le 8 octobre. La diff\u00e9rence la plus importante par rapport \u00e0 la Nintendo Switch normale sera le nouvel \u00e9cran am\u00e9lior\u00e9 avec la technologie OLED bien connue, qui d\u00e9veloppe de meilleures valeurs de contraste et cr\u00e9\u00e9 donc une meilleure reproduction des couleurs.<\/p>\n<p>Comme on le sait, les consoles <a href=\"https:\/\/www.blackfridaydeals.ch\/fr\/nintendo-switch-black-friday\/\">Nintendo Switch<\/a> sont tr\u00e8s constantes au niveau des prix et elles sont rarement en action. N\u00e9anmoins, il y a d\u00e9j\u00e0 eu de bonnes promotions de pr\u00e9commande, o\u00f9 l&#8217;on pouvait, par exemple, se procurer la nouvelle console chez <a href=\"https:\/\/www.blackfridaydeals.ch\/fr\/shops\/amazon-fr\/\">Amazon<\/a> pour 326 francs.<\/p>\n<p>&nbsp;<\/p>\n<p><img decoding=\"async\" class=\"aligncenter size-full wp-image-37303\" src=\"https:\/\/www.blackfridaydeals.ch\/wp-content\/uploads\/2021\/10\/nintendo_switch_oled_fr.png\" alt=\"\" width=\"824\" height=\"257\" srcset=\"https:\/\/www.blackfridaydeals.ch\/wp-content\/uploads\/2021\/10\/nintendo_switch_oled_fr.png 824w, https:\/\/www.blackfridaydeals.ch\/wp-content\/uploads\/2021\/10\/nintendo_switch_oled_fr-300x94.png 300w, https:\/\/www.blackfridaydeals.ch\/wp-content\/uploads\/2021\/10\/nintendo_switch_oled_fr-1024x319.png 1024w, https:\/\/www.blackfridaydeals.ch\/wp-content\/uploads\/2021\/10\/nintendo_switch_oled_fr-766x239.png 766w, https:\/\/www.blackfridaydeals.ch\/wp-content\/uploads\/2021\/10\/nintendo_switch_oled_fr-1536x479.png 1536w, https:\/\/www.blackfridaydeals.ch\/wp-content\/uploads\/2021\/10\/nintendo_switch_oled_fr-2048x639.png 2048w, https:\/\/www.blackfridaydeals.ch\/wp-content\/uploads\/2021\/10\/nintendo_switch_oled_fr-788x245.png 788w, https:\/\/www.blackfridaydeals.ch\/wp-content\/uploads\/2021\/10\/nintendo_switch_oled_fr-150x47.png 150w\" sizes=\"(max-width: 824px) 100vw, 824px\" \/><\/p>\n<p>Entre-temps, la console \u00e9tait \u00e9galement disponible \u00e0 moindre prix chez <a href=\"https:\/\/www.blackfridaydeals.ch\/fr\/shops\/interdiscount-fr\/\">Interdiscount<\/a> dans le cadre d&#8217;une promotion de 10 %. En dehors de cela, il n&#8217;y a pas eu d&#8217;offres sp\u00e9ciales et la console n&#8217;est principalement disponible que pour le prix de vente conseill\u00e9 de 399 francs.<\/p>\n<h2>Quelles sont les nouveaut\u00e9s de la Nintendo Switch OLED par rapport \u00e0 la Nintendo Switch V2 normale?<\/h2>\n<p>La nouvelle console de poche ou de salon Nintendo Switch OLED dispose <strong>d&#8217;un \u00e9cran OLED aux couleurs fid\u00e8les, qui est aussi plus grand<\/strong> que celui de la Nintendo Switch V2 normale (comme on peut d\u00e9j\u00e0 le voir dans son nom). La technologie OLED est vraiment bien connue dans les <a href=\"https:\/\/www.blackfridaydeals.ch\/fr\/samsung-4k-television-black-friday\/\">t\u00e9l\u00e9viseurs OLED<\/a> de LG, Sony, Philips et Panasonic. Les diodes auto lumineuses peuvent s&#8217;\u00e9teindre compl\u00e8tement, en fonction de la situation, et produire ainsi un noir r\u00e9el et intense. Des niveaux de contraste in\u00e9gal\u00e9s sont atteints, ce qui permet de reproduire l&#8217;image avec une plus grande pr\u00e9cision des couleurs. <strong>Les dimensions de l&#8217;\u00e9cran sont \u00e9galement pass\u00e9es \u00e0 un impressionnant 7 pouces au lieu de 6,2 pouces de l&#8217;ancien mod\u00e8le<\/strong>.<\/p>\n<p>Une autre innovation est <strong>le support derri\u00e8re l&#8217;appareil en mode manuel<\/strong>. Il est maintenant <strong>beaucoup plus large et offre une stabilit\u00e9 plus importante<\/strong>. <strong>L&#8217;angle est \u00e9galement r\u00e9glable librement<\/strong> jusqu&#8217;\u00e0 un certain point et constitue une grande valeur ajout\u00e9e, notamment pour les jeux de bureau.<\/p>\n<p>Un autre changement notable se situe au <strong>niveau de la m\u00e9moire int\u00e9gr\u00e9e<\/strong>. Alors que la Nintendo Switch V2 disposait de 32 Go, <strong>la Nintendo Switch OLED offre d\u00e9sormais 64 Go<\/strong> dans la version standard.<\/p>\n<p>Il convient \u00e9galement de mentionner <strong>les nouveaux haut-parleurs<\/strong>, dont la puissance est plus \u00e9lev\u00e9e et qui devraient donner une sensation plus spatiale.<\/p>\n<p>Enfin, il y a des ajouts au niveau des ports. En plus des ports HDMI et USB 2.1, qui sont \u00e9galement disponibles sur l&#8217;ancien mod\u00e8le, il y a maintenant <strong>un port LAN suppl\u00e9mentaire<\/strong>. Cela permet notamment d&#8217;assurer une connexion Internet plus stable si le r\u00e9seau local sans fil ne fonctionne pas de mani\u00e8re fiable ou s\u2019il y a d&#8217;autres appareils connect\u00e9s.<\/p>\n<h2>La Nintendo Switch OLED sera-t-elle disponible \u00e0 bas prix lors du Black Friday 2026?<\/h2>\n<p>Une estimation pour le <a href=\"https:\/\/www.blackfridaydeals.ch\/fr\/\">Black Friday<\/a> n&#8217;est pas si simple. D&#8217;une part, il faut tenir compte de l&#8217;ann\u00e9e Corona et de ses effets. Ainsi, on peut s\u2019attendre \u00e0 une grande affluence, comme si les consommateurs tentaient d\u2019oublier cette ann\u00e9e difficile et de se faire de nouveau plaisir. En outre, il y a eu une p\u00e9nurie de composants \u00e9lectroniques, ce qui a entra\u00een\u00e9 d&#8217;immenses augmentations de prix (par exemple, cartes graphiques, Playstation 5). Nous pensons que la Suisse pourrait \u00e9galement \u00eatre peu approvisionn\u00e9e en Nintendo Switch OLED et qu&#8217;il n&#8217;y aura pas par cons\u00e9quent d&#8217;autres campagnes de rabais. Mais qui sait, peut-\u00eatre que la concurrence de la <a href=\"https:\/\/www.blackfridaydeals.ch\/fr\/playstation-5-black-friday\/\">Playstation 5<\/a> et de la <a href=\"https:\/\/www.blackfridaydeals.ch\/fr\/xbox-series-x-black-friday-1\/\">Xbox S\u00e9rie X<\/a> pourrait tout de m\u00eame agir et on verrait des r\u00e9ductions sur la nouvelle console de Nintendo.<\/p>\n<h2>Nintendo Switch OLED TEST ULTRA COMPLET: Faut il l&#8217;acheter?<\/h2>\n<p>https:\/\/www.youtube.com\/watch?v=oL_1rrNFAGc[\/vc_column_text][\/vc_column][\/vc_row]<\/p>\n","protected":false},"excerpt":{"rendered":"<p>[vc_row][vc_column][vc_column_text]La nouvelle console Nintendo Switch OLED \u00e9tait lanc\u00e9e le 8 octobre. La diff\u00e9rence la plus importante par rapport \u00e0 la Nintendo Switch normale sera le nouvel \u00e9cran am\u00e9lior\u00e9 avec la technologie OLED bien connue, qui d\u00e9veloppe de meilleures valeurs de contraste et cr\u00e9\u00e9 donc une meilleure reproduction des couleurs. Comme on le sait, les consoles [&hellip;]<\/p>\n","protected":false},"author":40,"featured_media":35851,"parent":0,"menu_order":0,"comment_status":"closed","ping_status":"closed","template":"","meta":[],"yoast_head":"<!-- This site is optimized with the Yoast SEO plugin v20.5 - https:\/\/yoast.com\/wordpress\/plugins\/seo\/ -->\n<title>Les offres Nintendo Switch OLED au Black Friday 2026<\/title>\n<meta name=\"description\" content=\"Toutes les informations sur les offres de la nouvelle console Nintendo Switch avec l&#039;\u00e9cran OLED au Black Friday 2026\" \/>\n<meta name=\"robots\" content=\"index, follow, max-snippet:-1, max-image-preview:large, max-video-preview:-1\" \/>\n<link rel=\"canonical\" href=\"https:\/\/www.blackfridaydeals.ch\/fr\/nintendo-switch-oled\/\" \/>\n<meta property=\"og:locale\" content=\"fr_FR\" \/>\n<meta property=\"og:type\" content=\"article\" \/>\n<meta property=\"og:title\" content=\"Les offres Nintendo Switch OLED au Black Friday 2026\" \/>\n<meta property=\"og:description\" content=\"Toutes les informations sur les offres de la nouvelle console Nintendo Switch avec l&#039;\u00e9cran OLED au Black Friday 2026\" \/>\n<meta property=\"og:url\" content=\"https:\/\/www.blackfridaydeals.ch\/fr\/nintendo-switch-oled\/\" \/>\n<meta property=\"og:site_name\" content=\"blackfridaydeals.ch\" \/>\n<meta property=\"article:publisher\" content=\"https:\/\/www.facebook.com\/blackfridaydealsch\/\" \/>\n<meta property=\"article:modified_time\" content=\"2025-02-07T14:43:44+00:00\" \/>\n<meta property=\"og:image\" content=\"https:\/\/www.blackfridaydeals.ch\/wp-content\/uploads\/2021\/08\/nintendo-switch-oled.jpg\" \/>\n\t<meta property=\"og:image:width\" content=\"1280\" \/>\n\t<meta property=\"og:image:height\" content=\"720\" \/>\n\t<meta property=\"og:image:type\" content=\"image\/jpeg\" \/>\n<meta name=\"twitter:card\" content=\"summary_large_image\" \/>\n<meta name=\"twitter:site\" content=\"@blackfridaych\" \/>\n<meta name=\"twitter:label1\" content=\"Est. reading time\" \/>\n\t<meta name=\"twitter:data1\" content=\"4 minutes\" \/>\n<script type=\"application\/ld+json\" class=\"yoast-schema-graph\">{\"@context\":\"https:\/\/schema.org\",\"@graph\":[{\"@type\":\"WebPage\",\"@id\":\"https:\/\/www.blackfridaydeals.ch\/fr\/nintendo-switch-oled\/\",\"url\":\"https:\/\/www.blackfridaydeals.ch\/fr\/nintendo-switch-oled\/\",\"name\":\"Les offres Nintendo Switch OLED au Black Friday 2026\",\"isPartOf\":{\"@id\":\"https:\/\/www.blackfridaydeals.ch\/fr\/#website\"},\"datePublished\":\"2018-10-09T12:05:47+00:00\",\"dateModified\":\"2025-02-07T14:43:44+00:00\",\"description\":\"Toutes les informations sur les offres de la nouvelle console Nintendo Switch avec l'\u00e9cran OLED au Black Friday 2026\",\"breadcrumb\":{\"@id\":\"https:\/\/www.blackfridaydeals.ch\/fr\/nintendo-switch-oled\/#breadcrumb\"},\"inLanguage\":\"fr-CH\",\"potentialAction\":[{\"@type\":\"ReadAction\",\"target\":[\"https:\/\/www.blackfridaydeals.ch\/fr\/nintendo-switch-oled\/\"]}]},{\"@type\":\"BreadcrumbList\",\"@id\":\"https:\/\/www.blackfridaydeals.ch\/fr\/nintendo-switch-oled\/#breadcrumb\",\"itemListElement\":[{\"@type\":\"ListItem\",\"position\":1,\"name\":\"Startseite\",\"item\":\"https:\/\/www.blackfridaydeals.ch\/fr\/\"},{\"@type\":\"ListItem\",\"position\":2,\"name\":\"Nintendo Switch OLED au Black Friday\"}]},{\"@type\":\"WebSite\",\"@id\":\"https:\/\/www.blackfridaydeals.ch\/fr\/#website\",\"url\":\"https:\/\/www.blackfridaydeals.ch\/fr\/\",\"name\":\"blackfridaydeals.ch\",\"description\":\"Alle Angebote des Black Friday 2025 in der Schweiz\",\"publisher\":{\"@id\":\"https:\/\/www.blackfridaydeals.ch\/fr\/#organization\"},\"alternateName\":\"Black Friday Deals\",\"potentialAction\":[{\"@type\":\"SearchAction\",\"target\":{\"@type\":\"EntryPoint\",\"urlTemplate\":\"https:\/\/www.blackfridaydeals.ch\/fr\/?s={search_term_string}\"},\"query-input\":\"required name=search_term_string\"}],\"inLanguage\":\"fr-CH\"},{\"@type\":\"Organization\",\"@id\":\"https:\/\/www.blackfridaydeals.ch\/fr\/#organization\",\"name\":\"blackfridaydeals.ch\",\"alternateName\":\"Black Friday Deals\",\"url\":\"https:\/\/www.blackfridaydeals.ch\/fr\/\",\"logo\":{\"@type\":\"ImageObject\",\"inLanguage\":\"fr-CH\",\"@id\":\"https:\/\/www.blackfridaydeals.ch\/fr\/#\/schema\/logo\/image\/\",\"url\":\"https:\/\/www.blackfridaydeals.ch\/wp-content\/uploads\/2023\/03\/app-icon-white-bg-jpg.jpg\",\"contentUrl\":\"https:\/\/www.blackfridaydeals.ch\/wp-content\/uploads\/2023\/03\/app-icon-white-bg-jpg.jpg\",\"width\":512,\"height\":512,\"caption\":\"blackfridaydeals.ch\"},\"image\":{\"@id\":\"https:\/\/www.blackfridaydeals.ch\/fr\/#\/schema\/logo\/image\/\"},\"sameAs\":[\"https:\/\/www.facebook.com\/blackfridaydealsch\/\",\"https:\/\/twitter.com\/blackfridaych\",\"https:\/\/www.youtube.com\/channel\/UCNKXHacMw8AS34mBgzVx3FQ\",\"https:\/\/www.instagram.com\/blackfridaydeals.ch\/\"]}]}<\/script>\n<!-- \/ Yoast SEO plugin. -->","yoast_head_json":{"title":"Les offres Nintendo Switch OLED au Black Friday 2026","description":"Toutes les informations sur les offres de la nouvelle console Nintendo Switch avec l'\u00e9cran OLED au Black Friday 2026","robots":{"index":"index","follow":"follow","max-snippet":"max-snippet:-1","max-image-preview":"max-image-preview:large","max-video-preview":"max-video-preview:-1"},"canonical":"https:\/\/www.blackfridaydeals.ch\/fr\/nintendo-switch-oled\/","og_locale":"fr_FR","og_type":"article","og_title":"Les offres Nintendo Switch OLED au Black Friday 2026","og_description":"Toutes les informations sur les offres de la nouvelle console Nintendo Switch avec l'\u00e9cran OLED au Black Friday 2026","og_url":"https:\/\/www.blackfridaydeals.ch\/fr\/nintendo-switch-oled\/","og_site_name":"blackfridaydeals.ch","article_publisher":"https:\/\/www.facebook.com\/blackfridaydealsch\/","article_modified_time":"2025-02-07T14:43:44+00:00","og_image":[{"width":1280,"height":720,"url":"https:\/\/www.blackfridaydeals.ch\/wp-content\/uploads\/2021\/08\/nintendo-switch-oled.jpg","type":"image\/jpeg"}],"twitter_card":"summary_large_image","twitter_site":"@blackfridaych","twitter_misc":{"Est. reading time":"4 minutes"},"schema":{"@context":"https:\/\/schema.org","@graph":[{"@type":"WebPage","@id":"https:\/\/www.blackfridaydeals.ch\/fr\/nintendo-switch-oled\/","url":"https:\/\/www.blackfridaydeals.ch\/fr\/nintendo-switch-oled\/","name":"Les offres Nintendo Switch OLED au Black Friday 2026","isPartOf":{"@id":"https:\/\/www.blackfridaydeals.ch\/fr\/#website"},"datePublished":"2018-10-09T12:05:47+00:00","dateModified":"2025-02-07T14:43:44+00:00","description":"Toutes les informations sur les offres de la nouvelle console Nintendo Switch avec l'\u00e9cran OLED au Black Friday 2026","breadcrumb":{"@id":"https:\/\/www.blackfridaydeals.ch\/fr\/nintendo-switch-oled\/#breadcrumb"},"inLanguage":"fr-CH","potentialAction":[{"@type":"ReadAction","target":["https:\/\/www.blackfridaydeals.ch\/fr\/nintendo-switch-oled\/"]}]},{"@type":"BreadcrumbList","@id":"https:\/\/www.blackfridaydeals.ch\/fr\/nintendo-switch-oled\/#breadcrumb","itemListElement":[{"@type":"ListItem","position":1,"name":"Startseite","item":"https:\/\/www.blackfridaydeals.ch\/fr\/"},{"@type":"ListItem","position":2,"name":"Nintendo Switch OLED au Black Friday"}]},{"@type":"WebSite","@id":"https:\/\/www.blackfridaydeals.ch\/fr\/#website","url":"https:\/\/www.blackfridaydeals.ch\/fr\/","name":"blackfridaydeals.ch","description":"Alle Angebote des Black Friday 2025 in der Schweiz","publisher":{"@id":"https:\/\/www.blackfridaydeals.ch\/fr\/#organization"},"alternateName":"Black Friday Deals","potentialAction":[{"@type":"SearchAction","target":{"@type":"EntryPoint","urlTemplate":"https:\/\/www.blackfridaydeals.ch\/fr\/?s={search_term_string}"},"query-input":"required name=search_term_string"}],"inLanguage":"fr-CH"},{"@type":"Organization","@id":"https:\/\/www.blackfridaydeals.ch\/fr\/#organization","name":"blackfridaydeals.ch","alternateName":"Black Friday Deals","url":"https:\/\/www.blackfridaydeals.ch\/fr\/","logo":{"@type":"ImageObject","inLanguage":"fr-CH","@id":"https:\/\/www.blackfridaydeals.ch\/fr\/#\/schema\/logo\/image\/","url":"https:\/\/www.blackfridaydeals.ch\/wp-content\/uploads\/2023\/03\/app-icon-white-bg-jpg.jpg","contentUrl":"https:\/\/www.blackfridaydeals.ch\/wp-content\/uploads\/2023\/03\/app-icon-white-bg-jpg.jpg","width":512,"height":512,"caption":"blackfridaydeals.ch"},"image":{"@id":"https:\/\/www.blackfridaydeals.ch\/fr\/#\/schema\/logo\/image\/"},"sameAs":["https:\/\/www.facebook.com\/blackfridaydealsch\/","https:\/\/twitter.com\/blackfridaych","https:\/\/www.youtube.com\/channel\/UCNKXHacMw8AS34mBgzVx3FQ","https:\/\/www.instagram.com\/blackfridaydeals.ch\/"]}]}},"_links":{"self":[{"href":"https:\/\/www.blackfridaydeals.ch\/fr\/wp-json\/wp\/v2\/pages\/8291"}],"collection":[{"href":"https:\/\/www.blackfridaydeals.ch\/fr\/wp-json\/wp\/v2\/pages"}],"about":[{"href":"https:\/\/www.blackfridaydeals.ch\/fr\/wp-json\/wp\/v2\/types\/page"}],"author":[{"embeddable":true,"href":"https:\/\/www.blackfridaydeals.ch\/fr\/wp-json\/wp\/v2\/users\/40"}],"replies":[{"embeddable":true,"href":"https:\/\/www.blackfridaydeals.ch\/fr\/wp-json\/wp\/v2\/comments?post=8291"}],"version-history":[{"count":14,"href":"https:\/\/www.blackfridaydeals.ch\/fr\/wp-json\/wp\/v2\/pages\/8291\/revisions"}],"predecessor-version":[{"id":98830,"href":"https:\/\/www.blackfridaydeals.ch\/fr\/wp-json\/wp\/v2\/pages\/8291\/revisions\/98830"}],"wp:featuredmedia":[{"embeddable":true,"href":"https:\/\/www.blackfridaydeals.ch\/fr\/wp-json\/wp\/v2\/media\/35851"}],"wp:attachment":[{"href":"https:\/\/www.blackfridaydeals.ch\/fr\/wp-json\/wp\/v2\/media?parent=8291"}],"curies":[{"name":"wp","href":"https:\/\/api.w.org\/{rel}","templated":true}]}}