{"id":8285,"date":"2018-10-09T13:38:53","date_gmt":"2018-10-09T11:38:53","guid":{"rendered":"https:\/\/www.blackfridaydeals.ch\/?page_id=8285"},"modified":"2025-02-07T16:41:45","modified_gmt":"2025-02-07T15:41:45","slug":"samsung-4k-television-black-friday","status":"publish","type":"page","link":"https:\/\/www.blackfridaydeals.ch\/fr\/samsung-4k-television-black-friday\/","title":{"rendered":"T\u00e9l\u00e9viseurs 4K \/ UHD bon march\u00e9 au Black Friday"},"content":{"rendered":"<p>[vc_row][vc_column]\n\n[vc_column_text]<\/p>\n<h1><img decoding=\"async\" class=\"alignright size-full wp-image-36488\" src=\"https:\/\/www.blackfridaydeals.ch\/wp-content\/uploads\/2021\/09\/toshiba-androidtv.jpg\" alt=\"\" width=\"300\" height=\"175\" srcset=\"https:\/\/www.blackfridaydeals.ch\/wp-content\/uploads\/2021\/09\/toshiba-androidtv.jpg 300w, https:\/\/www.blackfridaydeals.ch\/wp-content\/uploads\/2021\/09\/toshiba-androidtv-1024x597.jpg 1024w, https:\/\/www.blackfridaydeals.ch\/wp-content\/uploads\/2021\/09\/toshiba-androidtv-768x448.jpg 768w, https:\/\/www.blackfridaydeals.ch\/wp-content\/uploads\/2021\/09\/toshiba-androidtv-1536x896.jpg 1536w, https:\/\/www.blackfridaydeals.ch\/wp-content\/uploads\/2021\/09\/toshiba-androidtv-2048x1195.jpg 2048w, https:\/\/www.blackfridaydeals.ch\/wp-content\/uploads\/2021\/09\/toshiba-androidtv-788x459.jpg 788w, https:\/\/www.blackfridaydeals.ch\/wp-content\/uploads\/2021\/09\/toshiba-androidtv-150x88.jpg 150w\" sizes=\"(max-width: 300px) 100vw, 300px\" \/>T\u00e9l\u00e9viseurs 4K \/ UHD bon march\u00e9 au Black Friday<\/h1>\n<p>En fait, vous pourriez tout aussi bien \u00e9crire un article sur les nouveaux t\u00e9l\u00e9viseurs SONY, Panasonic ou LG \u2013 il n\u2019y a vraiment pas beaucoup de diff\u00e9rences entre les concurrents. Sony propose \u00e9galement Ambilight, la Smart TV de Samsung est l\u2019une des meilleures et la qualit\u00e9 d\u2019image est vraiment bonne avec QLED, tandis que LG b\u00e9n\u00e9ficie aussi de nombreux fans.<\/p>\n<p>Mais vous n\u2019\u00eates probablement pas ici parce que vous voulez acqu\u00e9rir le tout dernier mod\u00e8le phare\u202f! Il s\u2019agit plut\u00f4t de trouver un bon rapport qualit\u00e9-prix, et il existe de nombreuses offres diff\u00e9rentes avec des sp\u00e9cificit\u00e9s vari\u00e9es. Philips, Sony, Samsung et LG sont tous dans la course avec des propositions int\u00e9ressantes.<\/p>\n<h2>Prix des t\u00e9l\u00e9viseurs pour le Black Friday 2026<\/h2>\n<p>En r\u00e9alit\u00e9, les t\u00e9l\u00e9viseurs sont souvent les moins chers durant la Coupe du monde de football. De nombreuses r\u00e9ductions sont propos\u00e9es \u00e9galement pendant le championnat europ\u00e9en. C\u2019est un fait bien connu. Les \u00e9v\u00e9nements commerciaux comme le Singles Day, le Black Friday et le Cyber Monday sont presque oubli\u00e9s dans ce contexte. Il est vrai que le Black Friday ne constitue pas un \u00e9v\u00e9nement grand public comme une comp\u00e9tition de football internationale, qu\u2019on peut vivre plus intens\u00e9ment gr\u00e2ce aux nouvelles technologies. D\u2019un autre c\u00f4t\u00e9, la saison froide approche, et les gens ont alors plus de temps pour visionner un film. C\u2019est un point \u00e0 ne pas n\u00e9gliger. Pourquoi ne pas, par exemple, revoir tous les \u00e9pisodes de Peaky Blinders sur Netflix avant la diffusion de la nouvelle saison, esp\u00e9r\u00e9e pour la fin de l\u2019ann\u00e9e 2026 (du moins on l\u2019esp\u00e8re)\u202f?<\/p>\n<p>Contrairement \u00e0 d\u2019autres appareils pr\u00e9sent\u00e9s, nous n\u2019entrerons pas ici dans les d\u00e9tails des nombreux mod\u00e8les de t\u00e9l\u00e9viseurs \u00e9conomiques. \u00c9tant donn\u00e9 la grande diversit\u00e9, cela deviendrait vite trop complexe.<\/p>\n<h2>Prix des t\u00e9l\u00e9viseurs 4K 65&#8243; au Black Friday 2026<\/h2>\n<p>Bien s\u00fbr, les tarifs d\u00e9pendent de certaines fonctionnalit\u00e9s. Les TV dot\u00e9s, par exemple, de la technologie OLED ou MiniLED co\u00fbtent g\u00e9n\u00e9ralement cher. Mais on peut aussi trouver des mod\u00e8les 4K avec Smart\u202fTV \u00e0 moins de 449\u202fCHF. Il ne s\u2019agira probablement pas d\u2019un \u00e9cran OLED, mais plut\u00f4t d\u2019un mod\u00e8le de l\u2019ann\u00e9e en cours qui mise sur des technologies ayant 1 \u00e0 3 ans. Nous pouvons donc esp\u00e9rer un t\u00e9l\u00e9viseur \u00e9quip\u00e9 d\u2019Android\u202fTV ou de Chromecast int\u00e9gr\u00e9. Des fonctionnalit\u00e9s comme Ambilight (Philips) ou Triluminos (Sony) restent rares \u00e0 ce prix-l\u00e0. N\u00e9anmoins, il est possible que des mod\u00e8les sup\u00e9rieurs soient brad\u00e9s.<\/p>\n<p><img decoding=\"async\" class=\"alignright size-full wp-image-37491\" src=\"https:\/\/www.blackfridaydeals.ch\/wp-content\/uploads\/2021\/10\/Samsung-TV-Black-Friday-OLED-vs-QLED-768x432-1.jpg\" alt=\"\" width=\"768\" height=\"432\" srcset=\"https:\/\/www.blackfridaydeals.ch\/wp-content\/uploads\/2021\/10\/Samsung-TV-Black-Friday-OLED-vs-QLED-768x432-1.jpg 768w, https:\/\/www.blackfridaydeals.ch\/wp-content\/uploads\/2021\/10\/Samsung-TV-Black-Friday-OLED-vs-QLED-768x432-1-300x169.jpg 300w, https:\/\/www.blackfridaydeals.ch\/wp-content\/uploads\/2021\/10\/Samsung-TV-Black-Friday-OLED-vs-QLED-768x432-1-1024x576.jpg 1024w, https:\/\/www.blackfridaydeals.ch\/wp-content\/uploads\/2021\/10\/Samsung-TV-Black-Friday-OLED-vs-QLED-768x432-1-1536x864.jpg 1536w, https:\/\/www.blackfridaydeals.ch\/wp-content\/uploads\/2021\/10\/Samsung-TV-Black-Friday-OLED-vs-QLED-768x432-1-2048x1152.jpg 2048w, https:\/\/www.blackfridaydeals.ch\/wp-content\/uploads\/2021\/10\/Samsung-TV-Black-Friday-OLED-vs-QLED-768x432-1-788x443.jpg 788w, https:\/\/www.blackfridaydeals.ch\/wp-content\/uploads\/2021\/10\/Samsung-TV-Black-Friday-OLED-vs-QLED-768x432-1-150x84.jpg 150w\" sizes=\"(max-width: 768px) 100vw, 768px\" \/><br \/>\nAvec ces appareils, la qualit\u00e9 optimale de l\u2019image sera garantie pour les ann\u00e9es \u00e0 venir. Si vous tenez absolument \u00e0 disposer d\u2019un affichage superbe, l\u2019OLED vaut la peine, surtout lorsqu\u2019il b\u00e9n\u00e9ficie d\u2019une forte r\u00e9duction lors du Black Friday.<\/p>\n<h2>T\u00e9l\u00e9viseurs 4K de 55 pouces au Black Friday 2026<\/h2>\n<p>Nous misons ici sur des prix qui d\u00e9butent aux alentours de 349\u202fCHF. Cependant, si vous le pouvez, privil\u00e9giez une plus grande diagonale, d\u2019autant plus si vous tablez sur la 4K, car vous pouvez vous asseoir plus pr\u00e8s de l\u2019\u00e9cran qu\u2019avec les anciens t\u00e9l\u00e9viseurs Full\u202fHD que l\u2019on vendait encore il y a quelques ann\u00e9es.<\/p>\n<h2>\u00c0 quoi faut-il faire attention lors de l\u2019achat d\u2019une t\u00e9l\u00e9vision au Black Friday\u202f?<\/h2>\n<ul>\n<li>La r\u00e9solution 4K est un must aujourd\u2019hui\u202f: il n\u2019est plus tr\u00e8s pertinent de se tourner vers un mod\u00e8le HD.<\/li>\n<li>Une Smart\u202fTV est indispensable. V\u00e9rifiez la fluidit\u00e9 de l\u2019interface dans le magasin. Sinon, vous pourrez toujours utiliser un dispositif externe (Apple\u202fTV, Fire\u202fTV, Chromecast).<\/li>\n<li>Faites attention \u00e0 la consommation d\u2019\u00e9nergie.<\/li>\n<li>Adaptez la taille (ou diagonale) de l\u2019\u00e9cran \u00e0 votre espace de visionnage.<\/li>\n<li>Sur place, comparez les technologies d\u2019affichage (OLED, QLED\u2026) pour d\u00e9terminer celle qui vous s\u00e9duit le plus visuellement.<\/li>\n<\/ul>\n<p>[\/vc_column_text][\/vc_column][\/vc_row]<\/p>\n","protected":false},"excerpt":{"rendered":"<p>[vc_row][vc_column][vc_column_text] T\u00e9l\u00e9viseurs 4K \/ UHD bon march\u00e9 au Black Friday En fait, vous pourriez tout aussi bien \u00e9crire un article sur les nouveaux t\u00e9l\u00e9viseurs SONY, Panasonic ou LG \u2013 il n\u2019y a vraiment pas beaucoup de diff\u00e9rences entre les concurrents. Sony propose \u00e9galement Ambilight, la Smart TV de Samsung est l\u2019une des meilleures et la [&hellip;]<\/p>\n","protected":false},"author":40,"featured_media":61997,"parent":0,"menu_order":0,"comment_status":"closed","ping_status":"closed","template":"","meta":[],"yoast_head":"<!-- This site is optimized with the Yoast SEO plugin v20.5 - https:\/\/yoast.com\/wordpress\/plugins\/seo\/ -->\n<title>T\u00e9l\u00e9viseurs 4K \/ UHD bon march\u00e9 au Black Friday 2026<\/title>\n<meta name=\"description\" content=\"Trouvez des t\u00e9l\u00e9viseurs 4K \/ UHD pas chers pour le Black Friday 2026. Profitez d&#039;offres sur OLED, QLED et bien plus !\" \/>\n<meta name=\"robots\" content=\"index, follow, max-snippet:-1, max-image-preview:large, max-video-preview:-1\" \/>\n<link rel=\"canonical\" href=\"https:\/\/www.blackfridaydeals.ch\/fr\/samsung-4k-television-black-friday\/\" \/>\n<meta property=\"og:locale\" content=\"fr_FR\" \/>\n<meta property=\"og:type\" content=\"article\" \/>\n<meta property=\"og:title\" content=\"T\u00e9l\u00e9viseurs 4K \/ UHD bon march\u00e9 au Black Friday 2026\" \/>\n<meta property=\"og:description\" content=\"Trouvez des t\u00e9l\u00e9viseurs 4K \/ UHD pas chers pour le Black Friday 2026. Profitez d&#039;offres sur OLED, QLED et bien plus !\" \/>\n<meta property=\"og:url\" content=\"https:\/\/www.blackfridaydeals.ch\/fr\/samsung-4k-television-black-friday\/\" \/>\n<meta property=\"og:site_name\" content=\"blackfridaydeals.ch\" \/>\n<meta property=\"article:publisher\" content=\"https:\/\/www.facebook.com\/blackfridaydealsch\/\" \/>\n<meta property=\"article:modified_time\" content=\"2025-02-07T15:41:45+00:00\" \/>\n<meta property=\"og:image\" content=\"https:\/\/www.blackfridaydeals.ch\/wp-content\/uploads\/2023\/06\/4k-fernseher-1.jpg\" \/>\n\t<meta property=\"og:image:width\" content=\"1657\" \/>\n\t<meta property=\"og:image:height\" content=\"1060\" \/>\n\t<meta property=\"og:image:type\" content=\"image\/jpeg\" \/>\n<meta name=\"twitter:card\" content=\"summary_large_image\" \/>\n<meta name=\"twitter:site\" content=\"@blackfridaych\" \/>\n<meta name=\"twitter:label1\" content=\"Est. reading time\" \/>\n\t<meta name=\"twitter:data1\" content=\"4 minutes\" \/>\n<script type=\"application\/ld+json\" class=\"yoast-schema-graph\">{\"@context\":\"https:\/\/schema.org\",\"@graph\":[{\"@type\":\"WebPage\",\"@id\":\"https:\/\/www.blackfridaydeals.ch\/fr\/samsung-4k-television-black-friday\/\",\"url\":\"https:\/\/www.blackfridaydeals.ch\/fr\/samsung-4k-television-black-friday\/\",\"name\":\"T\u00e9l\u00e9viseurs 4K \/ UHD bon march\u00e9 au Black Friday 2026\",\"isPartOf\":{\"@id\":\"https:\/\/www.blackfridaydeals.ch\/fr\/#website\"},\"datePublished\":\"2018-10-09T11:38:53+00:00\",\"dateModified\":\"2025-02-07T15:41:45+00:00\",\"description\":\"Trouvez des t\u00e9l\u00e9viseurs 4K \/ UHD pas chers pour le Black Friday 2026. Profitez d'offres sur OLED, QLED et bien plus !\",\"breadcrumb\":{\"@id\":\"https:\/\/www.blackfridaydeals.ch\/fr\/samsung-4k-television-black-friday\/#breadcrumb\"},\"inLanguage\":\"fr-CH\",\"potentialAction\":[{\"@type\":\"ReadAction\",\"target\":[\"https:\/\/www.blackfridaydeals.ch\/fr\/samsung-4k-television-black-friday\/\"]}]},{\"@type\":\"BreadcrumbList\",\"@id\":\"https:\/\/www.blackfridaydeals.ch\/fr\/samsung-4k-television-black-friday\/#breadcrumb\",\"itemListElement\":[{\"@type\":\"ListItem\",\"position\":1,\"name\":\"Startseite\",\"item\":\"https:\/\/www.blackfridaydeals.ch\/fr\/\"},{\"@type\":\"ListItem\",\"position\":2,\"name\":\"T\u00e9l\u00e9viseurs 4K \/ UHD bon march\u00e9 au Black Friday\"}]},{\"@type\":\"WebSite\",\"@id\":\"https:\/\/www.blackfridaydeals.ch\/fr\/#website\",\"url\":\"https:\/\/www.blackfridaydeals.ch\/fr\/\",\"name\":\"blackfridaydeals.ch\",\"description\":\"Toutes les offres du Black Friday 2025 en Suisse\",\"publisher\":{\"@id\":\"https:\/\/www.blackfridaydeals.ch\/fr\/#organization\"},\"alternateName\":\"Black Friday Deals\",\"potentialAction\":[{\"@type\":\"SearchAction\",\"target\":{\"@type\":\"EntryPoint\",\"urlTemplate\":\"https:\/\/www.blackfridaydeals.ch\/fr\/?s={search_term_string}\"},\"query-input\":\"required name=search_term_string\"}],\"inLanguage\":\"fr-CH\"},{\"@type\":\"Organization\",\"@id\":\"https:\/\/www.blackfridaydeals.ch\/fr\/#organization\",\"name\":\"blackfridaydeals.ch\",\"alternateName\":\"Black Friday Deals\",\"url\":\"https:\/\/www.blackfridaydeals.ch\/fr\/\",\"logo\":{\"@type\":\"ImageObject\",\"inLanguage\":\"fr-CH\",\"@id\":\"https:\/\/www.blackfridaydeals.ch\/fr\/#\/schema\/logo\/image\/\",\"url\":\"https:\/\/www.blackfridaydeals.ch\/wp-content\/uploads\/2023\/03\/app-icon-white-bg-jpg.jpg\",\"contentUrl\":\"https:\/\/www.blackfridaydeals.ch\/wp-content\/uploads\/2023\/03\/app-icon-white-bg-jpg.jpg\",\"width\":512,\"height\":512,\"caption\":\"blackfridaydeals.ch\"},\"image\":{\"@id\":\"https:\/\/www.blackfridaydeals.ch\/fr\/#\/schema\/logo\/image\/\"},\"sameAs\":[\"https:\/\/www.facebook.com\/blackfridaydealsch\/\",\"https:\/\/twitter.com\/blackfridaych\",\"https:\/\/www.youtube.com\/channel\/UCNKXHacMw8AS34mBgzVx3FQ\",\"https:\/\/www.instagram.com\/blackfridaydeals.ch\/\"]}]}<\/script>\n<!-- \/ Yoast SEO plugin. -->","yoast_head_json":{"title":"T\u00e9l\u00e9viseurs 4K \/ UHD bon march\u00e9 au Black Friday 2026","description":"Trouvez des t\u00e9l\u00e9viseurs 4K \/ UHD pas chers pour le Black Friday 2026. Profitez d'offres sur OLED, QLED et bien plus !","robots":{"index":"index","follow":"follow","max-snippet":"max-snippet:-1","max-image-preview":"max-image-preview:large","max-video-preview":"max-video-preview:-1"},"canonical":"https:\/\/www.blackfridaydeals.ch\/fr\/samsung-4k-television-black-friday\/","og_locale":"fr_FR","og_type":"article","og_title":"T\u00e9l\u00e9viseurs 4K \/ UHD bon march\u00e9 au Black Friday 2026","og_description":"Trouvez des t\u00e9l\u00e9viseurs 4K \/ UHD pas chers pour le Black Friday 2026. Profitez d'offres sur OLED, QLED et bien plus !","og_url":"https:\/\/www.blackfridaydeals.ch\/fr\/samsung-4k-television-black-friday\/","og_site_name":"blackfridaydeals.ch","article_publisher":"https:\/\/www.facebook.com\/blackfridaydealsch\/","article_modified_time":"2025-02-07T15:41:45+00:00","og_image":[{"width":1657,"height":1060,"url":"https:\/\/www.blackfridaydeals.ch\/wp-content\/uploads\/2023\/06\/4k-fernseher-1.jpg","type":"image\/jpeg"}],"twitter_card":"summary_large_image","twitter_site":"@blackfridaych","twitter_misc":{"Est. reading time":"4 minutes"},"schema":{"@context":"https:\/\/schema.org","@graph":[{"@type":"WebPage","@id":"https:\/\/www.blackfridaydeals.ch\/fr\/samsung-4k-television-black-friday\/","url":"https:\/\/www.blackfridaydeals.ch\/fr\/samsung-4k-television-black-friday\/","name":"T\u00e9l\u00e9viseurs 4K \/ UHD bon march\u00e9 au Black Friday 2026","isPartOf":{"@id":"https:\/\/www.blackfridaydeals.ch\/fr\/#website"},"datePublished":"2018-10-09T11:38:53+00:00","dateModified":"2025-02-07T15:41:45+00:00","description":"Trouvez des t\u00e9l\u00e9viseurs 4K \/ UHD pas chers pour le Black Friday 2026. Profitez d'offres sur OLED, QLED et bien plus !","breadcrumb":{"@id":"https:\/\/www.blackfridaydeals.ch\/fr\/samsung-4k-television-black-friday\/#breadcrumb"},"inLanguage":"fr-CH","potentialAction":[{"@type":"ReadAction","target":["https:\/\/www.blackfridaydeals.ch\/fr\/samsung-4k-television-black-friday\/"]}]},{"@type":"BreadcrumbList","@id":"https:\/\/www.blackfridaydeals.ch\/fr\/samsung-4k-television-black-friday\/#breadcrumb","itemListElement":[{"@type":"ListItem","position":1,"name":"Startseite","item":"https:\/\/www.blackfridaydeals.ch\/fr\/"},{"@type":"ListItem","position":2,"name":"T\u00e9l\u00e9viseurs 4K \/ UHD bon march\u00e9 au Black Friday"}]},{"@type":"WebSite","@id":"https:\/\/www.blackfridaydeals.ch\/fr\/#website","url":"https:\/\/www.blackfridaydeals.ch\/fr\/","name":"blackfridaydeals.ch","description":"Toutes les offres du Black Friday 2025 en Suisse","publisher":{"@id":"https:\/\/www.blackfridaydeals.ch\/fr\/#organization"},"alternateName":"Black Friday Deals","potentialAction":[{"@type":"SearchAction","target":{"@type":"EntryPoint","urlTemplate":"https:\/\/www.blackfridaydeals.ch\/fr\/?s={search_term_string}"},"query-input":"required name=search_term_string"}],"inLanguage":"fr-CH"},{"@type":"Organization","@id":"https:\/\/www.blackfridaydeals.ch\/fr\/#organization","name":"blackfridaydeals.ch","alternateName":"Black Friday Deals","url":"https:\/\/www.blackfridaydeals.ch\/fr\/","logo":{"@type":"ImageObject","inLanguage":"fr-CH","@id":"https:\/\/www.blackfridaydeals.ch\/fr\/#\/schema\/logo\/image\/","url":"https:\/\/www.blackfridaydeals.ch\/wp-content\/uploads\/2023\/03\/app-icon-white-bg-jpg.jpg","contentUrl":"https:\/\/www.blackfridaydeals.ch\/wp-content\/uploads\/2023\/03\/app-icon-white-bg-jpg.jpg","width":512,"height":512,"caption":"blackfridaydeals.ch"},"image":{"@id":"https:\/\/www.blackfridaydeals.ch\/fr\/#\/schema\/logo\/image\/"},"sameAs":["https:\/\/www.facebook.com\/blackfridaydealsch\/","https:\/\/twitter.com\/blackfridaych","https:\/\/www.youtube.com\/channel\/UCNKXHacMw8AS34mBgzVx3FQ","https:\/\/www.instagram.com\/blackfridaydeals.ch\/"]}]}},"_links":{"self":[{"href":"https:\/\/www.blackfridaydeals.ch\/fr\/wp-json\/wp\/v2\/pages\/8285"}],"collection":[{"href":"https:\/\/www.blackfridaydeals.ch\/fr\/wp-json\/wp\/v2\/pages"}],"about":[{"href":"https:\/\/www.blackfridaydeals.ch\/fr\/wp-json\/wp\/v2\/types\/page"}],"author":[{"embeddable":true,"href":"https:\/\/www.blackfridaydeals.ch\/fr\/wp-json\/wp\/v2\/users\/40"}],"replies":[{"embeddable":true,"href":"https:\/\/www.blackfridaydeals.ch\/fr\/wp-json\/wp\/v2\/comments?post=8285"}],"version-history":[{"count":18,"href":"https:\/\/www.blackfridaydeals.ch\/fr\/wp-json\/wp\/v2\/pages\/8285\/revisions"}],"predecessor-version":[{"id":98847,"href":"https:\/\/www.blackfridaydeals.ch\/fr\/wp-json\/wp\/v2\/pages\/8285\/revisions\/98847"}],"wp:featuredmedia":[{"embeddable":true,"href":"https:\/\/www.blackfridaydeals.ch\/fr\/wp-json\/wp\/v2\/media\/61997"}],"wp:attachment":[{"href":"https:\/\/www.blackfridaydeals.ch\/fr\/wp-json\/wp\/v2\/media?parent=8285"}],"curies":[{"name":"wp","href":"https:\/\/api.w.org\/{rel}","templated":true}]}}