{"id":8258,"date":"2018-10-09T11:59:06","date_gmt":"2018-10-09T09:59:06","guid":{"rendered":"https:\/\/www.blackfridaydeals.ch\/?page_id=8258"},"modified":"2025-02-07T15:39:55","modified_gmt":"2025-02-07T14:39:55","slug":"nintendo-switch-black-friday","status":"publish","type":"page","link":"https:\/\/www.blackfridaydeals.ch\/fr\/nintendo-switch-black-friday\/","title":{"rendered":"Nintendo Switch : Quel sera le prix de la console pour le Black Friday ?"},"content":{"rendered":"<p>[vc_row][vc_column]\n\n[vc_column_text]<img decoding=\"async\" class=\"alignright size-medium wp-image-5914\" src=\"https:\/\/www.blackfridaydeals.ch\/wp-content\/uploads\/2018\/04\/Nintendo-Switch-300x220.jpg\" alt=\"\" width=\"300\" height=\"220\" srcset=\"https:\/\/www.blackfridaydeals.ch\/wp-content\/uploads\/2018\/04\/Nintendo-Switch-300x220.jpg 300w, https:\/\/www.blackfridaydeals.ch\/wp-content\/uploads\/2018\/04\/Nintendo-Switch-767x563.jpg 767w, https:\/\/www.blackfridaydeals.ch\/wp-content\/uploads\/2018\/04\/Nintendo-Switch-1024x752.jpg 1024w, https:\/\/www.blackfridaydeals.ch\/wp-content\/uploads\/2018\/04\/Nintendo-Switch-788x578.jpg 788w, https:\/\/www.blackfridaydeals.ch\/wp-content\/uploads\/2018\/04\/Nintendo-Switch.jpg 425w\" sizes=\"(max-width: 300px) 100vw, 300px\" \/><br \/>\nLa Nintendo Switch compte parmi les trois consoles de jeu les plus pl\u00e9biscit\u00e9es, aux c\u00f4t\u00e9s de la PlayStation\u00a05 et de la Xbox Series\u00a0X. Lanc\u00e9e en mars\u00a02017, elle totalise d\u00e9j\u00e0 plus de six ans sur le march\u00e9. Elle s\u2019av\u00e8re donc un excellent candidat pour figurer parmi les meilleures offres au <a href=\"https:\/\/www.blackfridaydeals.ch\/fr\/\">Black Friday<\/a> 2026, \u00e0 un prix potentiellement plus avantageux.<\/p>\n<p>Rappelons que Nintendo a \u00e9toff\u00e9 sa gamme Switch au fil du temps\u00a0: la <strong>Switch Lite<\/strong> (2019) con\u00e7ue pour le jeu purement portable, puis la <strong>Switch OLED<\/strong> (2021) offrant un \u00e9cran plus lumineux et un dock r\u00e9vis\u00e9. Sur le front de la concurrence, Sony poursuit avec la <a href=\"https:\/\/www.blackfridaydeals.ch\/fr\/playstation-5-black-friday\/\">PlayStation\u00a05<\/a> et Microsoft mise sur la <a href=\"https:\/\/www.blackfridaydeals.ch\/fr\/xbox-series-x-black-friday-1\/\">Xbox\u00a0Series\u00a0X<\/a>. \u00c0 l\u2019approche du Black Friday, la curiosit\u00e9 pour ces consoles reste vive, et les joueurs esp\u00e8rent d\u00e9nicher d\u2019excellents rabais.<\/p>\n<h2>Quel est le prix de la Nintendo Switch pour le Black Friday 2026\u00a0?<\/h2>\n<p>La console Switch se trouve chez de nombreux revendeurs suisses, ce qui n\u2019a rien d\u2019\u00e9tonnant vu son succ\u00e8s. Citons par exemple <a href=\"https:\/\/www.blackfridaydeals.ch\/fr\/shops\/mediamarkt-fr\/\">MediaMarkt<\/a>, <a href=\"https:\/\/www.blackfridaydeals.ch\/fr\/shops\/digitec-fr\/\">digitec<\/a> ou <a href=\"https:\/\/www.blackfridaydeals.ch\/fr\/shops\/interdiscount-fr\/\">Interdiscount<\/a>, qui n\u2019h\u00e9sitent pas \u00e0 proposer des \u201cprix marteaux\u201d pour c\u00e9l\u00e9brer le Black Friday.<\/p>\n<p>Dans le pass\u00e9, la Switch standard (non-OLED) a parfois \u00e9t\u00e9 rep\u00e9r\u00e9e autour de 299\u00a0CHF, voire ponctuellement un peu moins, tandis que la Switch OLED stagne g\u00e9n\u00e9ralement entre 310 et 359\u00a0CHF hors promotions. Les <em>bonnes affaires<\/em> sur la console hybride se font rares, si bien que lorsqu\u2019un distributeur la brade sensiblement (\u201350\u00a0CHF ou plus en de\u00e7\u00e0 du prix habituel), il faut agir vite. \u00c0 l\u2019approche du Black Friday 2026, on peut esp\u00e9rer une offre autour de 249\u2013279\u00a0CHF pour la Switch classique et, dans le meilleur des cas, un prix peut-\u00eatre proche de 300\u00a0CHF ou moins pour la Switch OLED si un commer\u00e7ant souhaite vraiment se d\u00e9marquer.<\/p>\n<p>On se souvient que certaines consoles concurrentes se sont d\u00e9j\u00e0 vendues \u00e0 des prix tr\u00e8s bas en fin de cycle\u00a0: la Xbox One\u00a0S 500\u00a0Go est descendue sous la barre des 130\u00a0CHF, et la plus r\u00e9cente Xbox Series\u00a0S se trouve parfois autour de 270\u00a0CHF. Dans un tel contexte, Nintendo pourrait \u00eatre amen\u00e9 \u00e0 revaloriser son catalogue Switch via des rabais soutenus, histoire de rester comp\u00e9titif.<\/p>\n<h2>Pack de consoles Nintendo pour le Black Friday 2026<\/h2>\n<p>Il est probable de voir plusieurs bundles Switch brad\u00e9s durant le Black Friday 2026. Parmi les plus populaires figurent les packs avec <strong>Mario Kart\u00a08<\/strong> ou <strong>Monster\u00a0Hunter\u00a0Rise<\/strong>, sans oublier ceux d\u00e9di\u00e9s \u00e0 la franchise <strong>The\u00a0Legend\u00a0of\u00a0Zelda<\/strong> (Breath of the Wild, Tears of the Kingdom). Nintendo commercialise aussi des \u00e9ditions sp\u00e9ciales de la <strong>Switch OLED<\/strong>, d\u00e9cor\u00e9es selon l\u2019univers de Pok\u00e9mon, Splatoon\u00a03 ou Zelda, ce qui peut attiser l\u2019int\u00e9r\u00eat des collectionneurs.<\/p>\n<p>Ces packs affichent souvent un tarif avoisinant 350\u00a0CHF dans leur version la plus r\u00e9cente (OLED + jeu), bien que certains bundles plus anciens (Switch\u00a0V2 + Mario Kart, par exemple) puissent appara\u00eetre aux alentours de 300\u00a0CHF. Pour le Black Friday 2026, on peut tout \u00e0 fait imaginer un prix de d\u00e9part autour de 279\u00a0CHF pour un bundle \u201cancien jeu\u201d, et potentiellement encore moins en cas de promotion globale (genre \u201330\u00a0%). Une offre avoisinant 220\u2013250\u00a0CHF n\u2019est pas inenvisageable, selon l\u2019ampleur des remises appliqu\u00e9es.<\/p>\n<p>Difficile de pr\u00e9voir la fr\u00e9quence de ces promotions, mais il est quasi certain que plusieurs enseignes proposeront des bundles Switch \u00e0 des tarifs int\u00e9ressants. Cela vaut donc la peine de consulter r\u00e9guli\u00e8rement les flyers et sites des revendeurs d\u2019\u00e9lectronique autour du Black Friday 2026, en restant attentif aux stocks parfois limit\u00e9s sur ces offres tr\u00e8s pris\u00e9es.[\/vc_column_text][vc_video link=&#8221;https:\/\/www.youtube.com\/watch?v=vn4Nu3jmEdE&#8221;][\/vc_column][\/vc_row]<\/p>\n","protected":false},"excerpt":{"rendered":"<p>[vc_row][vc_column][vc_column_text] La Nintendo Switch compte parmi les trois consoles de jeu les plus pl\u00e9biscit\u00e9es, aux c\u00f4t\u00e9s de la PlayStation\u00a05 et de la Xbox Series\u00a0X. Lanc\u00e9e en mars\u00a02017, elle totalise d\u00e9j\u00e0 plus de six ans sur le march\u00e9. Elle s\u2019av\u00e8re donc un excellent candidat pour figurer parmi les meilleures offres au Black Friday , \u00e0 un [&hellip;]<\/p>\n","protected":false},"author":40,"featured_media":5914,"parent":0,"menu_order":0,"comment_status":"closed","ping_status":"closed","template":"","meta":[],"yoast_head":"<!-- This site is optimized with the Yoast SEO plugin v20.5 - https:\/\/yoast.com\/wordpress\/plugins\/seo\/ -->\n<title>Nintendo Switch Black Friday 2026 - les meilleurs deals<\/title>\n<meta name=\"description\" content=\"Trouve ici les meilleurs Deals &amp; Offres sur la Nintendo Switch. Tu y trouveras \u00e9galement les meilleures promotions sur les jeux.\" \/>\n<meta name=\"robots\" content=\"index, follow, max-snippet:-1, max-image-preview:large, max-video-preview:-1\" \/>\n<link rel=\"canonical\" href=\"https:\/\/www.blackfridaydeals.ch\/fr\/nintendo-switch-black-friday\/\" \/>\n<meta property=\"og:locale\" content=\"fr_FR\" \/>\n<meta property=\"og:type\" content=\"article\" \/>\n<meta property=\"og:title\" content=\"Nintendo Switch Black Friday 2026 - les meilleurs deals\" \/>\n<meta property=\"og:description\" content=\"Trouve ici les meilleurs Deals &amp; Offres sur la Nintendo Switch. Tu y trouveras \u00e9galement les meilleures promotions sur les jeux.\" \/>\n<meta property=\"og:url\" content=\"https:\/\/www.blackfridaydeals.ch\/fr\/nintendo-switch-black-friday\/\" \/>\n<meta property=\"og:site_name\" content=\"blackfridaydeals.ch\" \/>\n<meta property=\"article:publisher\" content=\"https:\/\/www.facebook.com\/blackfridaydealsch\/\" \/>\n<meta property=\"article:modified_time\" content=\"2025-02-07T14:39:55+00:00\" \/>\n<meta property=\"og:image\" content=\"https:\/\/www.blackfridaydeals.ch\/wp-content\/uploads\/2018\/04\/Nintendo-Switch.jpg\" \/>\n\t<meta property=\"og:image:width\" content=\"425\" \/>\n\t<meta property=\"og:image:height\" content=\"312\" \/>\n\t<meta property=\"og:image:type\" content=\"image\/jpeg\" \/>\n<meta name=\"twitter:card\" content=\"summary_large_image\" \/>\n<meta name=\"twitter:site\" content=\"@blackfridaych\" \/>\n<meta name=\"twitter:label1\" content=\"Est. reading time\" \/>\n\t<meta name=\"twitter:data1\" content=\"4 minutes\" \/>\n<script type=\"application\/ld+json\" class=\"yoast-schema-graph\">{\"@context\":\"https:\/\/schema.org\",\"@graph\":[{\"@type\":\"WebPage\",\"@id\":\"https:\/\/www.blackfridaydeals.ch\/fr\/nintendo-switch-black-friday\/\",\"url\":\"https:\/\/www.blackfridaydeals.ch\/fr\/nintendo-switch-black-friday\/\",\"name\":\"Nintendo Switch Black Friday 2026 - les meilleurs deals\",\"isPartOf\":{\"@id\":\"https:\/\/www.blackfridaydeals.ch\/fr\/#website\"},\"datePublished\":\"2018-10-09T09:59:06+00:00\",\"dateModified\":\"2025-02-07T14:39:55+00:00\",\"description\":\"Trouve ici les meilleurs Deals & Offres sur la Nintendo Switch. Tu y trouveras \u00e9galement les meilleures promotions sur les jeux.\",\"breadcrumb\":{\"@id\":\"https:\/\/www.blackfridaydeals.ch\/fr\/nintendo-switch-black-friday\/#breadcrumb\"},\"inLanguage\":\"fr-CH\",\"potentialAction\":[{\"@type\":\"ReadAction\",\"target\":[\"https:\/\/www.blackfridaydeals.ch\/fr\/nintendo-switch-black-friday\/\"]}]},{\"@type\":\"BreadcrumbList\",\"@id\":\"https:\/\/www.blackfridaydeals.ch\/fr\/nintendo-switch-black-friday\/#breadcrumb\",\"itemListElement\":[{\"@type\":\"ListItem\",\"position\":1,\"name\":\"Startseite\",\"item\":\"https:\/\/www.blackfridaydeals.ch\/fr\/\"},{\"@type\":\"ListItem\",\"position\":2,\"name\":\"Nintendo Switch : Quel sera le prix de la console pour le Black Friday ?\"}]},{\"@type\":\"WebSite\",\"@id\":\"https:\/\/www.blackfridaydeals.ch\/fr\/#website\",\"url\":\"https:\/\/www.blackfridaydeals.ch\/fr\/\",\"name\":\"blackfridaydeals.ch\",\"description\":\"Alle Angebote des Black Friday 2025 in der Schweiz\",\"publisher\":{\"@id\":\"https:\/\/www.blackfridaydeals.ch\/fr\/#organization\"},\"alternateName\":\"Black Friday Deals\",\"potentialAction\":[{\"@type\":\"SearchAction\",\"target\":{\"@type\":\"EntryPoint\",\"urlTemplate\":\"https:\/\/www.blackfridaydeals.ch\/fr\/?s={search_term_string}\"},\"query-input\":\"required name=search_term_string\"}],\"inLanguage\":\"fr-CH\"},{\"@type\":\"Organization\",\"@id\":\"https:\/\/www.blackfridaydeals.ch\/fr\/#organization\",\"name\":\"blackfridaydeals.ch\",\"alternateName\":\"Black Friday Deals\",\"url\":\"https:\/\/www.blackfridaydeals.ch\/fr\/\",\"logo\":{\"@type\":\"ImageObject\",\"inLanguage\":\"fr-CH\",\"@id\":\"https:\/\/www.blackfridaydeals.ch\/fr\/#\/schema\/logo\/image\/\",\"url\":\"https:\/\/www.blackfridaydeals.ch\/wp-content\/uploads\/2023\/03\/app-icon-white-bg-jpg.jpg\",\"contentUrl\":\"https:\/\/www.blackfridaydeals.ch\/wp-content\/uploads\/2023\/03\/app-icon-white-bg-jpg.jpg\",\"width\":512,\"height\":512,\"caption\":\"blackfridaydeals.ch\"},\"image\":{\"@id\":\"https:\/\/www.blackfridaydeals.ch\/fr\/#\/schema\/logo\/image\/\"},\"sameAs\":[\"https:\/\/www.facebook.com\/blackfridaydealsch\/\",\"https:\/\/twitter.com\/blackfridaych\",\"https:\/\/www.youtube.com\/channel\/UCNKXHacMw8AS34mBgzVx3FQ\",\"https:\/\/www.instagram.com\/blackfridaydeals.ch\/\"]}]}<\/script>\n<!-- \/ Yoast SEO plugin. -->","yoast_head_json":{"title":"Nintendo Switch Black Friday 2026 - les meilleurs deals","description":"Trouve ici les meilleurs Deals & Offres sur la Nintendo Switch. Tu y trouveras \u00e9galement les meilleures promotions sur les jeux.","robots":{"index":"index","follow":"follow","max-snippet":"max-snippet:-1","max-image-preview":"max-image-preview:large","max-video-preview":"max-video-preview:-1"},"canonical":"https:\/\/www.blackfridaydeals.ch\/fr\/nintendo-switch-black-friday\/","og_locale":"fr_FR","og_type":"article","og_title":"Nintendo Switch Black Friday 2026 - les meilleurs deals","og_description":"Trouve ici les meilleurs Deals & Offres sur la Nintendo Switch. Tu y trouveras \u00e9galement les meilleures promotions sur les jeux.","og_url":"https:\/\/www.blackfridaydeals.ch\/fr\/nintendo-switch-black-friday\/","og_site_name":"blackfridaydeals.ch","article_publisher":"https:\/\/www.facebook.com\/blackfridaydealsch\/","article_modified_time":"2025-02-07T14:39:55+00:00","og_image":[{"width":425,"height":312,"url":"https:\/\/www.blackfridaydeals.ch\/wp-content\/uploads\/2018\/04\/Nintendo-Switch.jpg","type":"image\/jpeg"}],"twitter_card":"summary_large_image","twitter_site":"@blackfridaych","twitter_misc":{"Est. reading time":"4 minutes"},"schema":{"@context":"https:\/\/schema.org","@graph":[{"@type":"WebPage","@id":"https:\/\/www.blackfridaydeals.ch\/fr\/nintendo-switch-black-friday\/","url":"https:\/\/www.blackfridaydeals.ch\/fr\/nintendo-switch-black-friday\/","name":"Nintendo Switch Black Friday 2026 - les meilleurs deals","isPartOf":{"@id":"https:\/\/www.blackfridaydeals.ch\/fr\/#website"},"datePublished":"2018-10-09T09:59:06+00:00","dateModified":"2025-02-07T14:39:55+00:00","description":"Trouve ici les meilleurs Deals & Offres sur la Nintendo Switch. Tu y trouveras \u00e9galement les meilleures promotions sur les jeux.","breadcrumb":{"@id":"https:\/\/www.blackfridaydeals.ch\/fr\/nintendo-switch-black-friday\/#breadcrumb"},"inLanguage":"fr-CH","potentialAction":[{"@type":"ReadAction","target":["https:\/\/www.blackfridaydeals.ch\/fr\/nintendo-switch-black-friday\/"]}]},{"@type":"BreadcrumbList","@id":"https:\/\/www.blackfridaydeals.ch\/fr\/nintendo-switch-black-friday\/#breadcrumb","itemListElement":[{"@type":"ListItem","position":1,"name":"Startseite","item":"https:\/\/www.blackfridaydeals.ch\/fr\/"},{"@type":"ListItem","position":2,"name":"Nintendo Switch : Quel sera le prix de la console pour le Black Friday ?"}]},{"@type":"WebSite","@id":"https:\/\/www.blackfridaydeals.ch\/fr\/#website","url":"https:\/\/www.blackfridaydeals.ch\/fr\/","name":"blackfridaydeals.ch","description":"Alle Angebote des Black Friday 2025 in der Schweiz","publisher":{"@id":"https:\/\/www.blackfridaydeals.ch\/fr\/#organization"},"alternateName":"Black Friday Deals","potentialAction":[{"@type":"SearchAction","target":{"@type":"EntryPoint","urlTemplate":"https:\/\/www.blackfridaydeals.ch\/fr\/?s={search_term_string}"},"query-input":"required name=search_term_string"}],"inLanguage":"fr-CH"},{"@type":"Organization","@id":"https:\/\/www.blackfridaydeals.ch\/fr\/#organization","name":"blackfridaydeals.ch","alternateName":"Black Friday Deals","url":"https:\/\/www.blackfridaydeals.ch\/fr\/","logo":{"@type":"ImageObject","inLanguage":"fr-CH","@id":"https:\/\/www.blackfridaydeals.ch\/fr\/#\/schema\/logo\/image\/","url":"https:\/\/www.blackfridaydeals.ch\/wp-content\/uploads\/2023\/03\/app-icon-white-bg-jpg.jpg","contentUrl":"https:\/\/www.blackfridaydeals.ch\/wp-content\/uploads\/2023\/03\/app-icon-white-bg-jpg.jpg","width":512,"height":512,"caption":"blackfridaydeals.ch"},"image":{"@id":"https:\/\/www.blackfridaydeals.ch\/fr\/#\/schema\/logo\/image\/"},"sameAs":["https:\/\/www.facebook.com\/blackfridaydealsch\/","https:\/\/twitter.com\/blackfridaych","https:\/\/www.youtube.com\/channel\/UCNKXHacMw8AS34mBgzVx3FQ","https:\/\/www.instagram.com\/blackfridaydeals.ch\/"]}]}},"_links":{"self":[{"href":"https:\/\/www.blackfridaydeals.ch\/fr\/wp-json\/wp\/v2\/pages\/8258"}],"collection":[{"href":"https:\/\/www.blackfridaydeals.ch\/fr\/wp-json\/wp\/v2\/pages"}],"about":[{"href":"https:\/\/www.blackfridaydeals.ch\/fr\/wp-json\/wp\/v2\/types\/page"}],"author":[{"embeddable":true,"href":"https:\/\/www.blackfridaydeals.ch\/fr\/wp-json\/wp\/v2\/users\/40"}],"replies":[{"embeddable":true,"href":"https:\/\/www.blackfridaydeals.ch\/fr\/wp-json\/wp\/v2\/comments?post=8258"}],"version-history":[{"count":24,"href":"https:\/\/www.blackfridaydeals.ch\/fr\/wp-json\/wp\/v2\/pages\/8258\/revisions"}],"predecessor-version":[{"id":98829,"href":"https:\/\/www.blackfridaydeals.ch\/fr\/wp-json\/wp\/v2\/pages\/8258\/revisions\/98829"}],"wp:featuredmedia":[{"embeddable":true,"href":"https:\/\/www.blackfridaydeals.ch\/fr\/wp-json\/wp\/v2\/media\/5914"}],"wp:attachment":[{"href":"https:\/\/www.blackfridaydeals.ch\/fr\/wp-json\/wp\/v2\/media?parent=8258"}],"curies":[{"name":"wp","href":"https:\/\/api.w.org\/{rel}","templated":true}]}}