{"id":65065,"date":"2023-10-07T07:58:03","date_gmt":"2023-10-07T05:58:03","guid":{"rendered":"https:\/\/www.blackfridaydeals.ch\/?page_id=65065"},"modified":"2025-02-07T13:37:07","modified_gmt":"2025-02-07T12:37:07","slug":"directives-publication","status":"publish","type":"page","link":"https:\/\/www.blackfridaydeals.ch\/fr\/directives-publication\/","title":{"rendered":"Directives concernant la publication des offres sur blackfridaydeals.ch"},"content":{"rendered":"<div id=\"attachment_65069\" style=\"width: 310px\" class=\"wp-caption alignright\"><a href=\"https:\/\/www.blackfridaydeals.ch\/wp-content\/uploads\/2023\/10\/Offre-verifiee-Black-Friday-blackfridaydeals.ch_.png\"><img aria-describedby=\"caption-attachment-65069\" decoding=\"async\" class=\"wp-image-65069 size-medium\" src=\"https:\/\/www.blackfridaydeals.ch\/wp-content\/uploads\/2023\/10\/Offre-verifiee-Black-Friday-blackfridaydeals.ch_-300x228.png\" alt=\"\" width=\"300\" height=\"228\" srcset=\"https:\/\/www.blackfridaydeals.ch\/wp-content\/uploads\/2023\/10\/Offre-verifiee-Black-Friday-blackfridaydeals.ch_-300x228.png 300w, https:\/\/www.blackfridaydeals.ch\/wp-content\/uploads\/2023\/10\/Offre-verifiee-Black-Friday-blackfridaydeals.ch_-1024x778.png 1024w, https:\/\/www.blackfridaydeals.ch\/wp-content\/uploads\/2023\/10\/Offre-verifiee-Black-Friday-blackfridaydeals.ch_-768x583.png 768w, https:\/\/www.blackfridaydeals.ch\/wp-content\/uploads\/2023\/10\/Offre-verifiee-Black-Friday-blackfridaydeals.ch_-1536x1166.png 1536w, https:\/\/www.blackfridaydeals.ch\/wp-content\/uploads\/2023\/10\/Offre-verifiee-Black-Friday-blackfridaydeals.ch_-2048x1555.png 2048w, https:\/\/www.blackfridaydeals.ch\/wp-content\/uploads\/2023\/10\/Offre-verifiee-Black-Friday-blackfridaydeals.ch_-198x150.png 198w, https:\/\/www.blackfridaydeals.ch\/wp-content\/uploads\/2023\/10\/Offre-verifiee-Black-Friday-blackfridaydeals.ch_-100x76.png 100w, https:\/\/www.blackfridaydeals.ch\/wp-content\/uploads\/2023\/10\/Offre-verifiee-Black-Friday-blackfridaydeals.ch_-461x350.png 461w, https:\/\/www.blackfridaydeals.ch\/wp-content\/uploads\/2023\/10\/Offre-verifiee-Black-Friday-blackfridaydeals.ch_-788x598.png 788w, https:\/\/www.blackfridaydeals.ch\/wp-content\/uploads\/2023\/10\/Offre-verifiee-Black-Friday-blackfridaydeals.ch_.png 1072w\" sizes=\"(max-width: 300px) 100vw, 300px\" \/><\/a><p id=\"caption-attachment-65069\" class=\"wp-caption-text\">Capture d&#8217;\u00e9cran: Comment reconna\u00eetre une &#8220;Offre v\u00e9rifi\u00e9e&#8221; sur blackfridaydeals.ch \u2013 Tous les deals marqu\u00e9s respectent nos strictes directives de publication.<\/p><\/div>\n<p>Afin de ne vous pr\u00e9senter que <a href=\"https:\/\/www.blackfridaydeals.ch\/fr\/\">les meilleures offres du Black Friday<\/a> et de vous pr\u00e9munir contre les faux magasins et autres arnaques, nos responsables de contenu sont tenus de suivre diff\u00e9rentes directives lors de la publication des promotions. <span>Seules les offres qui respectent nos strictes directives de publication sont marqu\u00e9es comme &#8220;Offre v\u00e9rifi\u00e9e&#8221;.<\/span><\/p>\n<ol>\n<li><strong>Boutique de confiance jouissant d\u2019excellentes \u00e9valuations:<\/strong> Seules les offres de commer\u00e7ants fiables, connus en Suisse et disposant de bonnes \u00e9valuations de la part des clients, peuvent \u00eatre publi\u00e9es. De plus, les consommateurs doivent avoir la possibilit\u00e9 de contacter le magasin. Nous publions exclusivement les actions des commer\u00e7ants avec lesquels notre \u00e9quipe de gestion de contenu a d\u00e9j\u00e0 pass\u00e9 commande sur blackfridaydeals.ch.<\/li>\n<li><strong>Les prix r\u00e9ellement les plus bas:<\/strong> Ne seront publi\u00e9s sur blackfridaydeals.ch que les produits aux prix r\u00e9ellement avantageux. Avant de mettre en ligne un article, notre r\u00e9daction v\u00e9rifie s&#8217;il n&#8217;est pas moins cher ailleurs. Outre une comparaison des prix sur Toppreise.ch et le comparateur de prix Comparis, notre r\u00e9daction v\u00e9rifie \u00e9galement les prix sur Amazon et Google Shopping. Et s\u2019il s\u2019av\u00e8re suite \u00e0 cette v\u00e9rification qu\u2019il s\u2019agit effectivement du prix le plus avantageux, l&#8217;action sera alors mise en ligne.<\/li>\n<li><strong>Pas de publication d\u2019une offre \u00e0 l\u2019aveuglette, sans expertise technique:<\/strong> Pour garantir la qualit\u00e9 des informations publi\u00e9es, nos r\u00e9dacteurs ne publient que des offres ayant trait aux produits dont ils ma\u00eetrisent les caract\u00e9ristiques techniques. Les offres d&#8217;autres domaines doivent \u00eatre pr\u00e9par\u00e9es et publi\u00e9es par un autre membre de l&#8217;\u00e9quipe.<\/li>\n<li><strong>Produits actuels vs mod\u00e8les de fin de s\u00e9rie:<\/strong> notre \u00e9quipe de gestion du contenu s\u2019engage \u00e0 v\u00e9rifier tout produit pour voir s&#8217;il s&#8217;agit d&#8217;un nouveau mod\u00e8le ou d&#8217;un mod\u00e8le de fin de s\u00e9rie. Les produits de fin de s\u00e9rie ne sont publi\u00e9s que s\u2019ils pr\u00e9sentent des prix exceptionnellement attractifs.<\/li>\n<li><strong>Petits caract\u00e8res:<\/strong> notre r\u00e9daction v\u00e9rifie \u00e9galement les petits caract\u00e8res des offres pour vous \u00e9pargner cette corv\u00e9e. Nous indiquons avec une grande pr\u00e9cision les exceptions ou les restrictions qui s\u2019appliquent aux offres.<\/li>\n<li><strong>Produit en stock:<\/strong> nous ne publions que des articles disposant d\u2019un stock suffisamment important afin que beaucoup de nos utilisateurs puissent en profiter. Les articles en stock limit\u00e9 \u00e0 un prix sp\u00e9cial ne sont pas publi\u00e9s sur blackfridaydeals.ch. De plus, les articles qui ne sont pas livr\u00e9s dans un d\u00e9lai maximum de 14 jours ne seront pas non plus publi\u00e9s. Veuillez noter qu&#8217;en raison de l&#8217;\u00e9norme affluence du Black Friday, il peut arriver qu&#8217;un produit soit \u00e9puis\u00e9 malgr\u00e9 tous les efforts que nous d\u00e9ployons.<\/li>\n<li><strong>Prix actuels:<\/strong> notre \u00e9quipe de gestion du contenu v\u00e9rifie au moins une fois par jour pendant la semaine du Black Friday si tous les prix sont toujours actuels ou si quelque chose a chang\u00e9. Veuillez noter qu&#8217;en raison de la tarification dynamique, les changements de prix peuvent parfois se produire plus rapidement. Dans de tels cas, nous vous prions de nous en informer par e-mail via redaktion@blackfridaydeals.ch afin que nous puissions retirer le produit.<\/li>\n<li><strong>Pas de titres fallacieux:<\/strong> notre \u00e9quipe de gestion de contenu n&#8217;est pas autoris\u00e9e \u00e0 utiliser des titres captieux, pompeux qui pourraient induire en erreur, au seul but d\u2019attirer l\u2019attention. Nous ne publions que de bons prix sur de bons produits.<\/li>\n<li><strong>Liens d&#8217;affiliation:<\/strong> Bien que nous recevions une commission pour une partie des achats effectu\u00e9s via notre site, les directives de publication s&#8217;appliquent ind\u00e9pendamment du fait que nous recevions ou non une commission. En d&#8217;autres termes : nous ne publions sur blackfridaydeals.ch que des offres extr\u00eamement int\u00e9ressantes, qu&#8217;elles g\u00e9n\u00e8rent ou non une commission.<\/li>\n<\/ol>\n<p>Si vous pensez ou avez l&#8217;impression qu&#8217;une offre ne correspond pas \u00e0 nos directives de publication, nous aimerions savoir comment nous pouvons nous am\u00e9liorer! Pour ce faire, <a href=\"mailto:julian@blackfridaydeals.ch\">contactez notre fondateur Julian Zrotz par e-mail<\/a>. Il se fait un point d\u2019honneur \u00e0 lire tous les messages qu&#8217;il re\u00e7oit des utilisateurs.<\/p>\n","protected":false},"excerpt":{"rendered":"<p>Afin de ne vous pr\u00e9senter que les meilleures offres du Black Friday et de vous pr\u00e9munir contre les faux magasins et autres arnaques, nos responsables de contenu sont tenus de suivre diff\u00e9rentes directives lors de la publication des promotions. Seules les offres qui respectent nos strictes directives de publication sont marqu\u00e9es comme &#8220;Offre v\u00e9rifi\u00e9e&#8221;. Boutique [&hellip;]<\/p>\n","protected":false},"author":40,"featured_media":60244,"parent":0,"menu_order":0,"comment_status":"closed","ping_status":"closed","template":"","meta":[],"yoast_head":"<!-- This site is optimized with the Yoast SEO plugin v20.5 - https:\/\/yoast.com\/wordpress\/plugins\/seo\/ -->\n<title>Directives pour offres sur blackfridaydeals.ch<\/title>\n<meta name=\"description\" content=\"Directives de publication sur blackfridaydeals.ch. Comment notre \u00e9quipe s\u00e9lectionne les meilleures deals et offres.\" \/>\n<meta name=\"robots\" content=\"index, follow, max-snippet:-1, max-image-preview:large, max-video-preview:-1\" \/>\n<link rel=\"canonical\" href=\"https:\/\/www.blackfridaydeals.ch\/fr\/directives-publication\/\" \/>\n<meta property=\"og:locale\" content=\"fr_FR\" \/>\n<meta property=\"og:type\" content=\"article\" \/>\n<meta property=\"og:title\" content=\"Directives pour offres sur blackfridaydeals.ch\" \/>\n<meta property=\"og:description\" content=\"Directives de publication sur blackfridaydeals.ch. Comment notre \u00e9quipe s\u00e9lectionne les meilleures deals et offres.\" \/>\n<meta property=\"og:url\" content=\"https:\/\/www.blackfridaydeals.ch\/fr\/directives-publication\/\" \/>\n<meta property=\"og:site_name\" content=\"blackfridaydeals.ch\" \/>\n<meta property=\"article:publisher\" content=\"https:\/\/www.facebook.com\/blackfridaydealsch\/\" \/>\n<meta property=\"article:modified_time\" content=\"2025-02-07T12:37:07+00:00\" \/>\n<meta property=\"og:image\" content=\"https:\/\/www.blackfridaydeals.ch\/wp-content\/uploads\/2023\/01\/blackfridaydeals.png\" \/>\n\t<meta property=\"og:image:width\" content=\"3750\" \/>\n\t<meta property=\"og:image:height\" content=\"2500\" \/>\n\t<meta property=\"og:image:type\" content=\"image\/png\" \/>\n<meta name=\"twitter:card\" content=\"summary_large_image\" \/>\n<meta name=\"twitter:site\" content=\"@blackfridaych\" \/>\n<meta name=\"twitter:label1\" content=\"Est. reading time\" \/>\n\t<meta name=\"twitter:data1\" content=\"4 minutes\" \/>\n<script type=\"application\/ld+json\" class=\"yoast-schema-graph\">{\"@context\":\"https:\/\/schema.org\",\"@graph\":[{\"@type\":\"WebPage\",\"@id\":\"https:\/\/www.blackfridaydeals.ch\/fr\/directives-publication\/\",\"url\":\"https:\/\/www.blackfridaydeals.ch\/fr\/directives-publication\/\",\"name\":\"Directives pour offres sur blackfridaydeals.ch\",\"isPartOf\":{\"@id\":\"https:\/\/www.blackfridaydeals.ch\/fr\/#website\"},\"datePublished\":\"2023-10-07T05:58:03+00:00\",\"dateModified\":\"2025-02-07T12:37:07+00:00\",\"description\":\"Directives de publication sur blackfridaydeals.ch. Comment notre \u00e9quipe s\u00e9lectionne les meilleures deals et offres.\",\"breadcrumb\":{\"@id\":\"https:\/\/www.blackfridaydeals.ch\/fr\/directives-publication\/#breadcrumb\"},\"inLanguage\":\"fr-CH\",\"potentialAction\":[{\"@type\":\"ReadAction\",\"target\":[\"https:\/\/www.blackfridaydeals.ch\/fr\/directives-publication\/\"]}]},{\"@type\":\"BreadcrumbList\",\"@id\":\"https:\/\/www.blackfridaydeals.ch\/fr\/directives-publication\/#breadcrumb\",\"itemListElement\":[{\"@type\":\"ListItem\",\"position\":1,\"name\":\"Startseite\",\"item\":\"https:\/\/www.blackfridaydeals.ch\/fr\/\"},{\"@type\":\"ListItem\",\"position\":2,\"name\":\"Directives concernant la publication des offres sur blackfridaydeals.ch\"}]},{\"@type\":\"WebSite\",\"@id\":\"https:\/\/www.blackfridaydeals.ch\/fr\/#website\",\"url\":\"https:\/\/www.blackfridaydeals.ch\/fr\/\",\"name\":\"blackfridaydeals.ch\",\"description\":\"Alle Angebote des Black Friday 2025 in der Schweiz\",\"publisher\":{\"@id\":\"https:\/\/www.blackfridaydeals.ch\/fr\/#organization\"},\"alternateName\":\"Black Friday Deals\",\"potentialAction\":[{\"@type\":\"SearchAction\",\"target\":{\"@type\":\"EntryPoint\",\"urlTemplate\":\"https:\/\/www.blackfridaydeals.ch\/fr\/?s={search_term_string}\"},\"query-input\":\"required name=search_term_string\"}],\"inLanguage\":\"fr-CH\"},{\"@type\":\"Organization\",\"@id\":\"https:\/\/www.blackfridaydeals.ch\/fr\/#organization\",\"name\":\"blackfridaydeals.ch\",\"alternateName\":\"Black Friday Deals\",\"url\":\"https:\/\/www.blackfridaydeals.ch\/fr\/\",\"logo\":{\"@type\":\"ImageObject\",\"inLanguage\":\"fr-CH\",\"@id\":\"https:\/\/www.blackfridaydeals.ch\/fr\/#\/schema\/logo\/image\/\",\"url\":\"https:\/\/www.blackfridaydeals.ch\/wp-content\/uploads\/2023\/03\/app-icon-white-bg-jpg.jpg\",\"contentUrl\":\"https:\/\/www.blackfridaydeals.ch\/wp-content\/uploads\/2023\/03\/app-icon-white-bg-jpg.jpg\",\"width\":512,\"height\":512,\"caption\":\"blackfridaydeals.ch\"},\"image\":{\"@id\":\"https:\/\/www.blackfridaydeals.ch\/fr\/#\/schema\/logo\/image\/\"},\"sameAs\":[\"https:\/\/www.facebook.com\/blackfridaydealsch\/\",\"https:\/\/twitter.com\/blackfridaych\",\"https:\/\/www.youtube.com\/channel\/UCNKXHacMw8AS34mBgzVx3FQ\",\"https:\/\/www.instagram.com\/blackfridaydeals.ch\/\"]}]}<\/script>\n<!-- \/ Yoast SEO plugin. -->","yoast_head_json":{"title":"Directives pour offres sur blackfridaydeals.ch","description":"Directives de publication sur blackfridaydeals.ch. Comment notre \u00e9quipe s\u00e9lectionne les meilleures deals et offres.","robots":{"index":"index","follow":"follow","max-snippet":"max-snippet:-1","max-image-preview":"max-image-preview:large","max-video-preview":"max-video-preview:-1"},"canonical":"https:\/\/www.blackfridaydeals.ch\/fr\/directives-publication\/","og_locale":"fr_FR","og_type":"article","og_title":"Directives pour offres sur blackfridaydeals.ch","og_description":"Directives de publication sur blackfridaydeals.ch. Comment notre \u00e9quipe s\u00e9lectionne les meilleures deals et offres.","og_url":"https:\/\/www.blackfridaydeals.ch\/fr\/directives-publication\/","og_site_name":"blackfridaydeals.ch","article_publisher":"https:\/\/www.facebook.com\/blackfridaydealsch\/","article_modified_time":"2025-02-07T12:37:07+00:00","og_image":[{"width":3750,"height":2500,"url":"https:\/\/www.blackfridaydeals.ch\/wp-content\/uploads\/2023\/01\/blackfridaydeals.png","type":"image\/png"}],"twitter_card":"summary_large_image","twitter_site":"@blackfridaych","twitter_misc":{"Est. reading time":"4 minutes"},"schema":{"@context":"https:\/\/schema.org","@graph":[{"@type":"WebPage","@id":"https:\/\/www.blackfridaydeals.ch\/fr\/directives-publication\/","url":"https:\/\/www.blackfridaydeals.ch\/fr\/directives-publication\/","name":"Directives pour offres sur blackfridaydeals.ch","isPartOf":{"@id":"https:\/\/www.blackfridaydeals.ch\/fr\/#website"},"datePublished":"2023-10-07T05:58:03+00:00","dateModified":"2025-02-07T12:37:07+00:00","description":"Directives de publication sur blackfridaydeals.ch. Comment notre \u00e9quipe s\u00e9lectionne les meilleures deals et offres.","breadcrumb":{"@id":"https:\/\/www.blackfridaydeals.ch\/fr\/directives-publication\/#breadcrumb"},"inLanguage":"fr-CH","potentialAction":[{"@type":"ReadAction","target":["https:\/\/www.blackfridaydeals.ch\/fr\/directives-publication\/"]}]},{"@type":"BreadcrumbList","@id":"https:\/\/www.blackfridaydeals.ch\/fr\/directives-publication\/#breadcrumb","itemListElement":[{"@type":"ListItem","position":1,"name":"Startseite","item":"https:\/\/www.blackfridaydeals.ch\/fr\/"},{"@type":"ListItem","position":2,"name":"Directives concernant la publication des offres sur blackfridaydeals.ch"}]},{"@type":"WebSite","@id":"https:\/\/www.blackfridaydeals.ch\/fr\/#website","url":"https:\/\/www.blackfridaydeals.ch\/fr\/","name":"blackfridaydeals.ch","description":"Alle Angebote des Black Friday 2025 in der Schweiz","publisher":{"@id":"https:\/\/www.blackfridaydeals.ch\/fr\/#organization"},"alternateName":"Black Friday Deals","potentialAction":[{"@type":"SearchAction","target":{"@type":"EntryPoint","urlTemplate":"https:\/\/www.blackfridaydeals.ch\/fr\/?s={search_term_string}"},"query-input":"required name=search_term_string"}],"inLanguage":"fr-CH"},{"@type":"Organization","@id":"https:\/\/www.blackfridaydeals.ch\/fr\/#organization","name":"blackfridaydeals.ch","alternateName":"Black Friday Deals","url":"https:\/\/www.blackfridaydeals.ch\/fr\/","logo":{"@type":"ImageObject","inLanguage":"fr-CH","@id":"https:\/\/www.blackfridaydeals.ch\/fr\/#\/schema\/logo\/image\/","url":"https:\/\/www.blackfridaydeals.ch\/wp-content\/uploads\/2023\/03\/app-icon-white-bg-jpg.jpg","contentUrl":"https:\/\/www.blackfridaydeals.ch\/wp-content\/uploads\/2023\/03\/app-icon-white-bg-jpg.jpg","width":512,"height":512,"caption":"blackfridaydeals.ch"},"image":{"@id":"https:\/\/www.blackfridaydeals.ch\/fr\/#\/schema\/logo\/image\/"},"sameAs":["https:\/\/www.facebook.com\/blackfridaydealsch\/","https:\/\/twitter.com\/blackfridaych","https:\/\/www.youtube.com\/channel\/UCNKXHacMw8AS34mBgzVx3FQ","https:\/\/www.instagram.com\/blackfridaydeals.ch\/"]}]}},"_links":{"self":[{"href":"https:\/\/www.blackfridaydeals.ch\/fr\/wp-json\/wp\/v2\/pages\/65065"}],"collection":[{"href":"https:\/\/www.blackfridaydeals.ch\/fr\/wp-json\/wp\/v2\/pages"}],"about":[{"href":"https:\/\/www.blackfridaydeals.ch\/fr\/wp-json\/wp\/v2\/types\/page"}],"author":[{"embeddable":true,"href":"https:\/\/www.blackfridaydeals.ch\/fr\/wp-json\/wp\/v2\/users\/40"}],"replies":[{"embeddable":true,"href":"https:\/\/www.blackfridaydeals.ch\/fr\/wp-json\/wp\/v2\/comments?post=65065"}],"version-history":[{"count":6,"href":"https:\/\/www.blackfridaydeals.ch\/fr\/wp-json\/wp\/v2\/pages\/65065\/revisions"}],"predecessor-version":[{"id":65074,"href":"https:\/\/www.blackfridaydeals.ch\/fr\/wp-json\/wp\/v2\/pages\/65065\/revisions\/65074"}],"wp:featuredmedia":[{"embeddable":true,"href":"https:\/\/www.blackfridaydeals.ch\/fr\/wp-json\/wp\/v2\/media\/60244"}],"wp:attachment":[{"href":"https:\/\/www.blackfridaydeals.ch\/fr\/wp-json\/wp\/v2\/media?parent=65065"}],"curies":[{"name":"wp","href":"https:\/\/api.w.org\/{rel}","templated":true}]}}