{"id":6501,"date":"2018-08-03T13:32:39","date_gmt":"2018-08-03T11:32:39","guid":{"rendered":"https:\/\/www.blackfridaydeals.ch\/?page_id=6501"},"modified":"2026-02-16T16:05:22","modified_gmt":"2026-02-16T15:05:22","slug":"previsions","status":"publish","type":"page","link":"https:\/\/www.blackfridaydeals.ch\/fr\/previsions\/","title":{"rendered":"Black Friday : les pr\u00e9visions"},"content":{"rendered":"<p>[vc_row][vc_column]\n[vc_column_text]Le <a href=\"https:\/\/www.blackfridaydeals.ch\/fr\/\">Black Friday<\/a> s\u2019est implant\u00e9 pour de bon dans notre pays, et pour longtemps, en devenant la journ\u00e9e la plus importante du Shopping en Suisse. On constate m\u00eame que la f\u00eate du shopping ne se limitait plus au seul Black Friday, mais s\u2019\u00e9tale sur presque 8 jours, c\u2019est la semaine du Black Friday, qu\u2019on appelle aussi la Cyber Week.<\/p>\n<p>Notre t\u00e2che consiste \u00e0 vous accompagner durant cette aventure marketing afin que vous fassiez le bon choix et que vous arriviez \u00e0 r\u00e9ussir votre Black Friday.<\/p>\n<p><strong>Saviez-vous que chaque ann\u00e9e, nous n\u00e9gocions avec les magasins des r\u00e9ductions suppl\u00e9mentaires exclusives pour les visiteurs de blackfridaydeals.ch\u00a0?<\/strong><\/p>\n<h2>Pour le Black Friday 2026, nous nous attendons \u00e0 ces bons plans durant la Cyber Week\u00a0:<\/h2>\n<ul>\n<li><a href=\"https:\/\/www.blackfridaydeals.ch\/wp-content\/uploads\/2017\/11\/manor-blackfriday.jpg\"><img decoding=\"async\" class=\"alignright size-medium wp-image-5504\" src=\"https:\/\/www.blackfridaydeals.ch\/wp-content\/uploads\/2017\/11\/manor-blackfriday-300x253.jpg\" alt=\"manor blackfriday\" width=\"300\" height=\"253\" srcset=\"https:\/\/www.blackfridaydeals.ch\/wp-content\/uploads\/2017\/11\/manor-blackfriday-300x253.jpg 300w, https:\/\/www.blackfridaydeals.ch\/wp-content\/uploads\/2017\/11\/manor-blackfriday-767x648.jpg 767w, https:\/\/www.blackfridaydeals.ch\/wp-content\/uploads\/2017\/11\/manor-blackfriday-1024x865.jpg 1024w, https:\/\/www.blackfridaydeals.ch\/wp-content\/uploads\/2017\/11\/manor-blackfriday-788x665.jpg 788w, https:\/\/www.blackfridaydeals.ch\/wp-content\/uploads\/2017\/11\/manor-blackfriday.jpg 514w\" sizes=\"(max-width: 300px) 100vw, 300px\" \/><\/a>40% de r\u00e9duction sur l&#8217;ensemble de la gamme <a href=\"https:\/\/www.blackfridaydeals.ch\/fr\/shops\/la-redoute-fr\/\">La Redoute<\/a>, valable tout au long de la Cyber Week.<\/li>\n<li>30% de r\u00e9duction sur pratiquement tout chez <a href=\"https:\/\/www.blackfridaydeals.ch\/fr\/shops\/manor-fr\/\">Manor<\/a>, \u00e9galement cette ann\u00e9e r\u00e9partie sur plusieurs jours.<\/li>\n<li>Jusqu&#8217;\u00e0 80% de r\u00e9duction chez <a href=\"https:\/\/www.blackfridaydeals.ch\/fr\/shops\/apfelkiste-fr\/\">Apfelkiste<\/a> la plus grande boutique suisse pour smartphones, tablettes et accessoires de t\u00e9l\u00e9phonie mobile, \u00e0 partir du lundi 23 novembre.<\/li>\n<li>Jusqu&#8217;\u00e0 75% de r\u00e9duction et livraison gratuite chez <a href=\"https:\/\/www.blackfridaydeals.ch\/fr\/shops\/idee-cadeau\/\">ideecadeau.ch<\/a>, le plus grand fournisseur en ligne de cadeaux, d&#8217;accessoires pour la maison et de produits lifestyle en Suisse. L\u2019offre est \u00e9galement valable pour le Cyber Monday.<\/li>\n<li><a href=\"https:\/\/www.blackfridaydeals.ch\/fr\/shops\/amazon-fr\/\">Amazon Highlights<\/a> : Kindle, Echo et Prime au prix marteau pendant la Cyber Week &#8211; mais seulement pour quelques heures \u00e0 la fois.<\/li>\n<\/ul>\n<p>On vous dira plus \u00e0 la mi-novembre 2026 ! N\u2019oubliez pas de vous abonner \u00e0 <a href=\"http:\/\/eepurl.com\/c8vcbH\">notre newsletter<\/a> pour \u00eatre inform\u00e9 en temps utile de toutes les bonnes affaires.<\/p>\n<h2>Les pr\u00e9visions pour les articles phares<\/h2>\n<p><img decoding=\"async\" class=\"alignright wp-image-6382 size-medium\" title=\"Black Friday et iPhone\" src=\"https:\/\/www.blackfridaydeals.ch\/wp-content\/uploads\/2018\/07\/iphone-x-151x300.png\" alt=\"iphone x black Friday\" width=\"151\" height=\"300\" srcset=\"https:\/\/www.blackfridaydeals.ch\/wp-content\/uploads\/2018\/07\/iphone-x-151x300.png 151w, https:\/\/www.blackfridaydeals.ch\/wp-content\/uploads\/2018\/07\/iphone-x-768x1527.png 768w, https:\/\/www.blackfridaydeals.ch\/wp-content\/uploads\/2018\/07\/iphone-x-515x1024.png 515w, https:\/\/www.blackfridaydeals.ch\/wp-content\/uploads\/2018\/07\/iphone-x-788x1567.png 788w, https:\/\/www.blackfridaydeals.ch\/wp-content\/uploads\/2018\/07\/iphone-x.png 189w\" sizes=\"(max-width: 151px) 100vw, 151px\" \/><\/p>\n<p>Ici, je vais vous montrer combien les articles comme <a href=\"https:\/\/www.blackfridaydeals.ch\/fr\/playstation-5-black-friday\/\">PlayStation 5<\/a>, <a href=\"https:\/\/www.blackfridaydeals.ch\/fr\/iphone-black-friday\/\">iPhone<\/a>, Microsoft Surface Pro,&#8230; seront chers au Black Friday.<\/p>\n<p>Il est difficile de pr\u00e9dire \u00e0 quel point certains articles phares seront bon march\u00e9 au Black Friday.<\/p>\n<p><strong>Mais je pense que vous vous demandez comment j\u2019ai pu glaner toutes ces informations\u00a0!<\/strong><\/p>\n<p>Eh, bien depuis l\u2019av\u00e8nement de grand rendez-vous du shopping en Suisse, j\u2019ai toujours \u00e9t\u00e9 \u00e0 la t\u00eate du peloton\u00a0! D&#8217;une part, je prodiguais des conseils \u00e0 de nombreux magasins et \u00e0 quelques fabricants sur leurs offres.<\/p>\n<p>D&#8217;autre part, depuis 2015, je r\u00e9sumais \u00e9galement les meilleures offres sur mon site web.<\/p>\n<p>Au cours de la derni\u00e8re semaine de Black Friday, plus de 600&#8217;000 Suisses ont visit\u00e9 mon site web et ont eu un aper\u00e7u exhaustif des meilleures offres.<\/p>\n<p>L&#8217;ann\u00e9e derni\u00e8re, pendant la &#8220;phase chaude&#8221; du Black Friday, je figurais sur la premi\u00e8re page des 20 Minutes, sur le SRF CLUB, j\u2019ai \u00e9t\u00e9 cit\u00e9 sur diverses stations de radio et bien s\u00fbr j\u2019ai accord\u00e9 des interviews \u00e0 de nombreux sites web et aux les journaux.<\/p>\n<p>C&#8217;est pourquoi je me permets d\u2019avancer des pr\u00e9visions pour vous :<\/p>\n<ul>\n<li><strong><a href=\"https:\/\/www.blackfridaydeals.ch\/wp-content\/uploads\/2017\/06\/PlayStation-4-Pro-Black-Friday.jpg\"><img decoding=\"async\" class=\"alignright size-medium wp-image-5050\" src=\"https:\/\/www.blackfridaydeals.ch\/wp-content\/uploads\/2017\/06\/PlayStation-4-Pro-Black-Friday-300x200.jpg\" alt=\"PlayStation 4 Pro Black Friday\" width=\"300\" height=\"200\" srcset=\"https:\/\/www.blackfridaydeals.ch\/wp-content\/uploads\/2017\/06\/PlayStation-4-Pro-Black-Friday-300x200.jpg 300w, https:\/\/www.blackfridaydeals.ch\/wp-content\/uploads\/2017\/06\/PlayStation-4-Pro-Black-Friday-767x511.jpg 767w, https:\/\/www.blackfridaydeals.ch\/wp-content\/uploads\/2017\/06\/PlayStation-4-Pro-Black-Friday-1024x682.jpg 1024w, https:\/\/www.blackfridaydeals.ch\/wp-content\/uploads\/2017\/06\/PlayStation-4-Pro-Black-Friday-788x524.jpg 788w, https:\/\/www.blackfridaydeals.ch\/wp-content\/uploads\/2017\/06\/PlayStation-4-Pro-Black-Friday.jpg 497w\" sizes=\"(max-width: 300px) 100vw, 300px\" \/><\/a>iPhone : <\/strong>L&#8217;iPhone 17 ne sera pas aussi bon march\u00e9 que l&#8217;an dernier (<a href=\"https:\/\/www.blackfridaydeals.ch\/digitec-black-friday-fehler\/\">cliquez ici pour plus d&#8217;informations en allemand<\/a>). Je m&#8217;attends \u00e0 un prix inf\u00e9rieur \u00e0 1&#8217;000.00 CHF pour la version 256 GB.<\/li>\n<li><strong>PlayStation 5 : <\/strong>L&#8217;ann\u00e9e derni\u00e8re, la PS5 1TB \u00e9tait propos\u00e9e \u00e0 399.90 CHF, pour cette ann\u00e9e, le prix sera inf\u00e9rieur \u00e0 349.90 CHF.<\/li>\n<li><strong>T\u00e9l\u00e9viseur Samsung 4K UHD 65&#8221;&#8217; TV :\u00a0<\/strong>Je ne suis pas encore fix\u00e9 sur le mod\u00e8le exact ! Je m&#8217;attends \u00e0 ce que les t\u00e9l\u00e9viseurs LED 65&#8221; 4K actuels de Samsung le soient pour moins de 600.<\/li>\n<li><strong>Samsung Galaxy : <\/strong>On s\u2019attend \u00e0 ce que le smartphone Samsung Galaxy S15 puisque nouvellement d\u00e9barqu\u00e9en janvier 2026, soit offert \u00e0 moins de 900 francs, dans la version 64 GB comme capacit\u00e9 de m\u00e9moire, mais sans abonnement de t\u00e9l\u00e9phonie mobile.<\/li>\n<li><strong>Microsoft Surface Pro Devices :\u00a0<\/strong>Il prendra diff\u00e9rentes variations dont le prix peut varier entre environ 150-200 francs en dessous du prix autrement offert.<\/li>\n<li><strong>MacBook<\/strong> <strong>Pro :\u00a0<\/strong>La version d&#8217;entr\u00e9e de gamme 13.3\u2033, i5, 8 GB RAM, 128 GB SSD devrait \u00eatre offerte pour moins de 950 CHF.<\/li>\n<\/ul>\n<h2>En voici \u00e9galement quelques pr\u00e9visions pour d&#8217;autres cat\u00e9gories :<\/h2>\n<p><strong><a href=\"https:\/\/www.blackfridaydeals.ch\/wp-content\/uploads\/2018\/04\/50-gabs-auf-diese-Modelle.png\"><img decoding=\"async\" class=\"alignright size-medium wp-image-5940\" src=\"https:\/\/www.blackfridaydeals.ch\/wp-content\/uploads\/2018\/04\/50-gabs-auf-diese-Modelle-300x252.png\" alt=\"\" width=\"300\" height=\"252\" srcset=\"https:\/\/www.blackfridaydeals.ch\/wp-content\/uploads\/2018\/04\/50-gabs-auf-diese-Modelle-300x252.png 300w, https:\/\/www.blackfridaydeals.ch\/wp-content\/uploads\/2018\/04\/50-gabs-auf-diese-Modelle-768x644.png 768w, https:\/\/www.blackfridaydeals.ch\/wp-content\/uploads\/2018\/04\/50-gabs-auf-diese-Modelle-1024x859.png 1024w, https:\/\/www.blackfridaydeals.ch\/wp-content\/uploads\/2018\/04\/50-gabs-auf-diese-Modelle-788x660.png 788w, https:\/\/www.blackfridaydeals.ch\/wp-content\/uploads\/2018\/04\/50-gabs-auf-diese-Modelle.png 880w\" sizes=\"(max-width: 300px) 100vw, 300px\" \/><\/a>Mode<\/strong> : Je m\u2019attends \u00e0 des rabais de 20-40% sur des gammes enti\u00e8res ou sur des composants d&#8217;assortiment chez la majorit\u00e9 des d\u00e9taillants. Certains comme <a href=\"https:\/\/www.blackfridaydeals.ch\/fr\/shops\/hm-fr\/\">H&amp;M<\/a> sont plus traditionnalistes et ne proposent de r\u00e9duction que sur les &#8220;articles s\u00e9lectionn\u00e9s&#8221;.<\/p>\n<p><strong>Beaut\u00e9<\/strong> : On peut pr\u00e9dire des r\u00e9ductions \u00e9lev\u00e9es entre 20-35% sur l\u2019int\u00e9gralit\u00e9 des collections ou sur les composants de l&#8217;assortiment. On peut esp\u00e9rer davantage pour le prochain Black Friday, c\u2019est un univers pleins de ressources. Quoique l\u2019ann\u00e9e derni\u00e8re, il n&#8217;y ait pas eu d&#8217;affaires captivantes dans ce domaine.<\/p>\n<p><strong>Home &amp; Living<\/strong> : On peut s\u2019attendre \u00e0 ce que de nombreux d\u00e9taillants tels qu\u2019IKEA, <a href=\"https:\/\/www.blackfridaydeals.ch\/fr\/shops\/conforama-fr\/\">Conforama<\/a>, <a href=\"https:\/\/www.blackfridaydeals.ch\/fr\/shops\/home24-fr\/\">Home24<\/a> et Pfister proposent des r\u00e9ductions assez cons\u00e9quentes sur des produits individuels tels que des canap\u00e9s, des commodes ou des armoires. Cependant, Home24 sera le seul \u00e0 livrer tous les articles sans le moindre sou, cette ann\u00e9e encore. Avec les autres concessionnaires, c&#8217;est vous qui passez \u00e0 la caisse.<\/p>\n<p><strong>Divers<\/strong> : Je m\u2019attends \u00e0 plusieurs bons plans dans le domaine de la nourriture pour chiens, ou dans celui des s\u00e9minaires en n\u00e9gociation ou dans l\u2019univers fabuleux des cristaux Swarovski.[\/vc_column_text][\/vc_column][\/vc_row]<\/p>\n","protected":false},"excerpt":{"rendered":"<p>[vc_row][vc_column][vc_column_text]Le Black Friday s\u2019est implant\u00e9 pour de bon dans notre pays, et pour longtemps, en devenant la journ\u00e9e la plus importante du Shopping en Suisse. On constate m\u00eame que la f\u00eate du shopping ne se limitait plus au seul Black Friday, mais s\u2019\u00e9tale sur presque 8 jours, c\u2019est la semaine du Black Friday, qu\u2019on appelle [&hellip;]<\/p>\n","protected":false},"author":40,"featured_media":0,"parent":0,"menu_order":0,"comment_status":"closed","ping_status":"closed","template":"","meta":[],"yoast_head":"<!-- This site is optimized with the Yoast SEO plugin v20.5 - https:\/\/yoast.com\/wordpress\/plugins\/seo\/ -->\n<title>Black Friday 2026 suisse : Toutes les infos et les pr\u00e9visions<\/title>\n<meta name=\"description\" content=\"Trouvez les meilleures offres du Black Friday 2026 en Suisse. Profitez de r\u00e9ductions exclusives et de conseils pour maximiser vos achats.\" \/>\n<meta name=\"robots\" content=\"noindex, follow\" \/>\n<meta property=\"og:locale\" content=\"fr_FR\" \/>\n<meta property=\"og:type\" content=\"article\" \/>\n<meta property=\"og:title\" content=\"Black Friday 2026 suisse : Toutes les infos et les pr\u00e9visions\" \/>\n<meta property=\"og:description\" content=\"Trouvez les meilleures offres du Black Friday 2026 en Suisse. Profitez de r\u00e9ductions exclusives et de conseils pour maximiser vos achats.\" \/>\n<meta property=\"og:url\" content=\"https:\/\/www.blackfridaydeals.ch\/fr\/previsions\/\" \/>\n<meta property=\"og:site_name\" content=\"blackfridaydeals.ch\" \/>\n<meta property=\"article:publisher\" content=\"https:\/\/www.facebook.com\/blackfridaydealsch\/\" \/>\n<meta property=\"article:modified_time\" content=\"2026-02-16T15:05:22+00:00\" \/>\n<meta property=\"og:image\" content=\"https:\/\/www.blackfridaydeals.ch\/wp-content\/uploads\/2017\/11\/manor-blackfriday-300x253.jpg\" \/>\n<meta name=\"twitter:card\" content=\"summary_large_image\" \/>\n<meta name=\"twitter:site\" content=\"@blackfridaych\" \/>\n<meta name=\"twitter:label1\" content=\"Est. reading time\" \/>\n\t<meta name=\"twitter:data1\" content=\"5 minutes\" \/>\n<script type=\"application\/ld+json\" class=\"yoast-schema-graph\">{\"@context\":\"https:\/\/schema.org\",\"@graph\":[{\"@type\":\"WebPage\",\"@id\":\"https:\/\/www.blackfridaydeals.ch\/fr\/previsions\/\",\"url\":\"https:\/\/www.blackfridaydeals.ch\/fr\/previsions\/\",\"name\":\"Black Friday 2026 suisse : Toutes les infos et les pr\u00e9visions\",\"isPartOf\":{\"@id\":\"https:\/\/www.blackfridaydeals.ch\/fr\/#website\"},\"datePublished\":\"2018-08-03T11:32:39+00:00\",\"dateModified\":\"2026-02-16T15:05:22+00:00\",\"description\":\"Trouvez les meilleures offres du Black Friday 2026 en Suisse. Profitez de r\u00e9ductions exclusives et de conseils pour maximiser vos achats.\",\"breadcrumb\":{\"@id\":\"https:\/\/www.blackfridaydeals.ch\/fr\/previsions\/#breadcrumb\"},\"inLanguage\":\"fr-CH\",\"potentialAction\":[{\"@type\":\"ReadAction\",\"target\":[\"https:\/\/www.blackfridaydeals.ch\/fr\/previsions\/\"]}]},{\"@type\":\"BreadcrumbList\",\"@id\":\"https:\/\/www.blackfridaydeals.ch\/fr\/previsions\/#breadcrumb\",\"itemListElement\":[{\"@type\":\"ListItem\",\"position\":1,\"name\":\"Startseite\",\"item\":\"https:\/\/www.blackfridaydeals.ch\/fr\/\"},{\"@type\":\"ListItem\",\"position\":2,\"name\":\"Black Friday : les pr\u00e9visions\"}]},{\"@type\":\"WebSite\",\"@id\":\"https:\/\/www.blackfridaydeals.ch\/fr\/#website\",\"url\":\"https:\/\/www.blackfridaydeals.ch\/fr\/\",\"name\":\"blackfridaydeals.ch\",\"description\":\"Toutes les offres du Black Friday 2025 en Suisse\",\"publisher\":{\"@id\":\"https:\/\/www.blackfridaydeals.ch\/fr\/#organization\"},\"alternateName\":\"Black Friday Deals\",\"potentialAction\":[{\"@type\":\"SearchAction\",\"target\":{\"@type\":\"EntryPoint\",\"urlTemplate\":\"https:\/\/www.blackfridaydeals.ch\/fr\/?s={search_term_string}\"},\"query-input\":\"required name=search_term_string\"}],\"inLanguage\":\"fr-CH\"},{\"@type\":\"Organization\",\"@id\":\"https:\/\/www.blackfridaydeals.ch\/fr\/#organization\",\"name\":\"blackfridaydeals.ch\",\"alternateName\":\"Black Friday Deals\",\"url\":\"https:\/\/www.blackfridaydeals.ch\/fr\/\",\"logo\":{\"@type\":\"ImageObject\",\"inLanguage\":\"fr-CH\",\"@id\":\"https:\/\/www.blackfridaydeals.ch\/fr\/#\/schema\/logo\/image\/\",\"url\":\"https:\/\/www.blackfridaydeals.ch\/wp-content\/uploads\/2023\/03\/app-icon-white-bg-jpg.jpg\",\"contentUrl\":\"https:\/\/www.blackfridaydeals.ch\/wp-content\/uploads\/2023\/03\/app-icon-white-bg-jpg.jpg\",\"width\":512,\"height\":512,\"caption\":\"blackfridaydeals.ch\"},\"image\":{\"@id\":\"https:\/\/www.blackfridaydeals.ch\/fr\/#\/schema\/logo\/image\/\"},\"sameAs\":[\"https:\/\/www.facebook.com\/blackfridaydealsch\/\",\"https:\/\/twitter.com\/blackfridaych\",\"https:\/\/www.youtube.com\/channel\/UCNKXHacMw8AS34mBgzVx3FQ\",\"https:\/\/www.instagram.com\/blackfridaydeals.ch\/\"]}]}<\/script>\n<!-- \/ Yoast SEO plugin. -->","yoast_head_json":{"title":"Black Friday 2026 suisse : Toutes les infos et les pr\u00e9visions","description":"Trouvez les meilleures offres du Black Friday 2026 en Suisse. Profitez de r\u00e9ductions exclusives et de conseils pour maximiser vos achats.","robots":{"index":"noindex","follow":"follow"},"og_locale":"fr_FR","og_type":"article","og_title":"Black Friday 2026 suisse : Toutes les infos et les pr\u00e9visions","og_description":"Trouvez les meilleures offres du Black Friday 2026 en Suisse. Profitez de r\u00e9ductions exclusives et de conseils pour maximiser vos achats.","og_url":"https:\/\/www.blackfridaydeals.ch\/fr\/previsions\/","og_site_name":"blackfridaydeals.ch","article_publisher":"https:\/\/www.facebook.com\/blackfridaydealsch\/","article_modified_time":"2026-02-16T15:05:22+00:00","og_image":[{"url":"https:\/\/www.blackfridaydeals.ch\/wp-content\/uploads\/2017\/11\/manor-blackfriday-300x253.jpg"}],"twitter_card":"summary_large_image","twitter_site":"@blackfridaych","twitter_misc":{"Est. reading time":"5 minutes"},"schema":{"@context":"https:\/\/schema.org","@graph":[{"@type":"WebPage","@id":"https:\/\/www.blackfridaydeals.ch\/fr\/previsions\/","url":"https:\/\/www.blackfridaydeals.ch\/fr\/previsions\/","name":"Black Friday 2026 suisse : Toutes les infos et les pr\u00e9visions","isPartOf":{"@id":"https:\/\/www.blackfridaydeals.ch\/fr\/#website"},"datePublished":"2018-08-03T11:32:39+00:00","dateModified":"2026-02-16T15:05:22+00:00","description":"Trouvez les meilleures offres du Black Friday 2026 en Suisse. Profitez de r\u00e9ductions exclusives et de conseils pour maximiser vos achats.","breadcrumb":{"@id":"https:\/\/www.blackfridaydeals.ch\/fr\/previsions\/#breadcrumb"},"inLanguage":"fr-CH","potentialAction":[{"@type":"ReadAction","target":["https:\/\/www.blackfridaydeals.ch\/fr\/previsions\/"]}]},{"@type":"BreadcrumbList","@id":"https:\/\/www.blackfridaydeals.ch\/fr\/previsions\/#breadcrumb","itemListElement":[{"@type":"ListItem","position":1,"name":"Startseite","item":"https:\/\/www.blackfridaydeals.ch\/fr\/"},{"@type":"ListItem","position":2,"name":"Black Friday : les pr\u00e9visions"}]},{"@type":"WebSite","@id":"https:\/\/www.blackfridaydeals.ch\/fr\/#website","url":"https:\/\/www.blackfridaydeals.ch\/fr\/","name":"blackfridaydeals.ch","description":"Toutes les offres du Black Friday 2025 en Suisse","publisher":{"@id":"https:\/\/www.blackfridaydeals.ch\/fr\/#organization"},"alternateName":"Black Friday Deals","potentialAction":[{"@type":"SearchAction","target":{"@type":"EntryPoint","urlTemplate":"https:\/\/www.blackfridaydeals.ch\/fr\/?s={search_term_string}"},"query-input":"required name=search_term_string"}],"inLanguage":"fr-CH"},{"@type":"Organization","@id":"https:\/\/www.blackfridaydeals.ch\/fr\/#organization","name":"blackfridaydeals.ch","alternateName":"Black Friday Deals","url":"https:\/\/www.blackfridaydeals.ch\/fr\/","logo":{"@type":"ImageObject","inLanguage":"fr-CH","@id":"https:\/\/www.blackfridaydeals.ch\/fr\/#\/schema\/logo\/image\/","url":"https:\/\/www.blackfridaydeals.ch\/wp-content\/uploads\/2023\/03\/app-icon-white-bg-jpg.jpg","contentUrl":"https:\/\/www.blackfridaydeals.ch\/wp-content\/uploads\/2023\/03\/app-icon-white-bg-jpg.jpg","width":512,"height":512,"caption":"blackfridaydeals.ch"},"image":{"@id":"https:\/\/www.blackfridaydeals.ch\/fr\/#\/schema\/logo\/image\/"},"sameAs":["https:\/\/www.facebook.com\/blackfridaydealsch\/","https:\/\/twitter.com\/blackfridaych","https:\/\/www.youtube.com\/channel\/UCNKXHacMw8AS34mBgzVx3FQ","https:\/\/www.instagram.com\/blackfridaydeals.ch\/"]}]}},"_links":{"self":[{"href":"https:\/\/www.blackfridaydeals.ch\/fr\/wp-json\/wp\/v2\/pages\/6501"}],"collection":[{"href":"https:\/\/www.blackfridaydeals.ch\/fr\/wp-json\/wp\/v2\/pages"}],"about":[{"href":"https:\/\/www.blackfridaydeals.ch\/fr\/wp-json\/wp\/v2\/types\/page"}],"author":[{"embeddable":true,"href":"https:\/\/www.blackfridaydeals.ch\/fr\/wp-json\/wp\/v2\/users\/40"}],"replies":[{"embeddable":true,"href":"https:\/\/www.blackfridaydeals.ch\/fr\/wp-json\/wp\/v2\/comments?post=6501"}],"version-history":[{"count":15,"href":"https:\/\/www.blackfridaydeals.ch\/fr\/wp-json\/wp\/v2\/pages\/6501\/revisions"}],"predecessor-version":[{"id":109997,"href":"https:\/\/www.blackfridaydeals.ch\/fr\/wp-json\/wp\/v2\/pages\/6501\/revisions\/109997"}],"wp:attachment":[{"href":"https:\/\/www.blackfridaydeals.ch\/fr\/wp-json\/wp\/v2\/media?parent=6501"}],"curies":[{"name":"wp","href":"https:\/\/api.w.org\/{rel}","templated":true}]}}