{"id":6499,"date":"2018-08-06T11:38:34","date_gmt":"2018-08-06T09:38:34","guid":{"rendered":"https:\/\/www.blackfridaydeals.ch\/?page_id=6499"},"modified":"2026-02-16T15:24:30","modified_gmt":"2026-02-16T14:24:30","slug":"confirmation","status":"publish","type":"page","link":"https:\/\/www.blackfridaydeals.ch\/fr\/confirmation\/","title":{"rendered":"Les meilleures offres toute l&#8217;ann\u00e9e?"},"content":{"rendered":"<p>[vc_row][vc_column][vc_column_text]Ton inscription a \u00e9t\u00e9 valid\u00e9e !<\/p>\n<p>Voici encore quelques supers astuces pour \u00e9conomiser, qui peuvent \u00eatre utilis\u00e9es toute l&#8217;ann\u00e9e.[\/vc_column_text][vc_cta h2=&#8221;R\u00e9cup\u00e8re jusqu&#8217;\u00e0 20% de cashback&#8221; color=&#8221;blue&#8221; add_button=&#8221;right&#8221; btn_title=&#8221;r\u00e9cup\u00e9ration de Cashback gratuite&#8221; btn_color=&#8221;warning&#8221; btn_css_animation=&#8221;none&#8221; btn_link=&#8221;url:https%3A%2F%2Fmonerio.ch%2Ffrsignup%3Futm_source%3Dblackfridaydeals%26utm_medium%3Dthankyoubfd-fr%26utm_campaign%3Dthankyoubfd-fr||target:%20_blank|&#8221;]Sur Monerio, tu peux \u00e9conomiser toute l&#8217;ann\u00e9e (et m\u00eame durant le Black Friday, tu as droit \u00e0 un cashback sur ta commande !) Monerio te rembourse jusqu&#8217;\u00e0 20% du montant de tes achats sous forme de cashback. Plus de 1&#8217;100 boutiques participent d\u00e9j\u00e0 \u00e0 Monerio et la participation est enti\u00e8rement gratuite pour toi ! Tu peux retirer le cashback que tu as gagn\u00e9 \u00e0 partir d&#8217;un montant de 10 CHF.[\/vc_cta][vc_empty_space][vc_cta h2=&#8221;Chaque jour les meilleures offres en suisse sur piratesdesprix&#8221; color=&#8221;blue&#8221; add_button=&#8221;right&#8221; btn_title=&#8221;Vers les offres actuelles&#8221; btn_color=&#8221;blue&#8221; btn_css_animation=&#8221;none&#8221; css_animation=&#8221;none&#8221; btn_link=&#8221;url:https%3A%2F%2Fwww.piratesdesprix.ch%2F%3Futm_source%3Dblackfridaydealsch||target:%20_blank|&#8221;]La communaut\u00e9 de Pirates des Prix collecte les meilleures offres et promotions sur une base quotidienne sur Pirates des Prix. Ainsi, vous profitez de prix tr\u00e8s interessants non seulement le jour du Black Friday, mais toute l&#8217;ann\u00e9e.[\/vc_cta][vc_separator][vc_empty_space][\/vc_column][\/vc_row]<\/p>\n","protected":false},"excerpt":{"rendered":"<p>[vc_row][vc_column][vc_column_text]Ton inscription a \u00e9t\u00e9 valid\u00e9e ! Voici encore quelques supers astuces pour \u00e9conomiser, qui peuvent \u00eatre utilis\u00e9es toute l&#8217;ann\u00e9e.[\/vc_column_text][vc_cta h2=&#8221;R\u00e9cup\u00e8re jusqu&#8217;\u00e0 20% de cashback&#8221; color=&#8221;blue&#8221; add_button=&#8221;right&#8221; btn_title=&#8221;r\u00e9cup\u00e9ration de Cashback gratuite&#8221; btn_color=&#8221;warning&#8221; btn_css_animation=&#8221;none&#8221; btn_link=&#8221;url:https%3A%2F%2Fmonerio.ch%2Ffrsignup%3Futm_source%3Dblackfridaydeals%26utm_medium%3Dthankyoubfd-fr%26utm_campaign%3Dthankyoubfd-fr||target:%20_blank|&#8221;]Sur Monerio, tu peux \u00e9conomiser toute l&#8217;ann\u00e9e (et m\u00eame durant le Black Friday, tu as droit \u00e0 un cashback sur ta commande !) [&hellip;]<\/p>\n","protected":false},"author":40,"featured_media":0,"parent":0,"menu_order":0,"comment_status":"closed","ping_status":"closed","template":"","meta":[],"yoast_head":"<!-- This site is optimized with the Yoast SEO plugin v20.5 - https:\/\/yoast.com\/wordpress\/plugins\/seo\/ -->\n<title>Les meilleures offres toute l&#039;ann\u00e9e? - blackfridaydeals.ch<\/title>\n<meta name=\"description\" content=\"Ton inscription a \u00e9t\u00e9 valid\u00e9e ! Voici encore quelques supers astuces pour \u00e9conomiser, qui peuvent \u00eatre utilis\u00e9es toute l&#039;ann\u00e9e.Sur Monerio, tu peux\" \/>\n<meta name=\"robots\" content=\"noindex, follow\" \/>\n<meta property=\"og:locale\" content=\"fr_FR\" \/>\n<meta property=\"og:type\" content=\"article\" \/>\n<meta property=\"og:title\" content=\"Les meilleures offres toute l&#039;ann\u00e9e? - blackfridaydeals.ch\" \/>\n<meta property=\"og:description\" content=\"Ton inscription a \u00e9t\u00e9 valid\u00e9e ! Voici encore quelques supers astuces pour \u00e9conomiser, qui peuvent \u00eatre utilis\u00e9es toute l&#039;ann\u00e9e.Sur Monerio, tu peux\" \/>\n<meta property=\"og:url\" content=\"https:\/\/www.blackfridaydeals.ch\/fr\/confirmation\/\" \/>\n<meta property=\"og:site_name\" content=\"blackfridaydeals.ch\" \/>\n<meta property=\"article:publisher\" content=\"https:\/\/www.facebook.com\/blackfridaydealsch\/\" \/>\n<meta property=\"article:modified_time\" content=\"2026-02-16T14:24:30+00:00\" \/>\n<meta property=\"og:image\" content=\"https:\/\/www.blackfridaydeals.ch\/wp-content\/uploads\/2025\/02\/Black-Friday-2025_2.png\" \/>\n\t<meta property=\"og:image:width\" content=\"1200\" \/>\n\t<meta property=\"og:image:height\" content=\"500\" \/>\n\t<meta property=\"og:image:type\" content=\"image\/png\" \/>\n<meta name=\"twitter:card\" content=\"summary_large_image\" \/>\n<meta name=\"twitter:site\" content=\"@blackfridaych\" \/>\n<meta name=\"twitter:label1\" content=\"Est. reading time\" \/>\n\t<meta name=\"twitter:data1\" content=\"1 minute\" \/>\n<script type=\"application\/ld+json\" class=\"yoast-schema-graph\">{\"@context\":\"https:\/\/schema.org\",\"@graph\":[{\"@type\":\"WebPage\",\"@id\":\"https:\/\/www.blackfridaydeals.ch\/fr\/confirmation\/\",\"url\":\"https:\/\/www.blackfridaydeals.ch\/fr\/confirmation\/\",\"name\":\"Les meilleures offres toute l'ann\u00e9e? - blackfridaydeals.ch\",\"isPartOf\":{\"@id\":\"https:\/\/www.blackfridaydeals.ch\/fr\/#website\"},\"datePublished\":\"2018-08-06T09:38:34+00:00\",\"dateModified\":\"2026-02-16T14:24:30+00:00\",\"description\":\"Ton inscription a \u00e9t\u00e9 valid\u00e9e ! Voici encore quelques supers astuces pour \u00e9conomiser, qui peuvent \u00eatre utilis\u00e9es toute l'ann\u00e9e.Sur Monerio, tu peux\",\"breadcrumb\":{\"@id\":\"https:\/\/www.blackfridaydeals.ch\/fr\/confirmation\/#breadcrumb\"},\"inLanguage\":\"fr-CH\",\"potentialAction\":[{\"@type\":\"ReadAction\",\"target\":[\"https:\/\/www.blackfridaydeals.ch\/fr\/confirmation\/\"]}]},{\"@type\":\"BreadcrumbList\",\"@id\":\"https:\/\/www.blackfridaydeals.ch\/fr\/confirmation\/#breadcrumb\",\"itemListElement\":[{\"@type\":\"ListItem\",\"position\":1,\"name\":\"Startseite\",\"item\":\"https:\/\/www.blackfridaydeals.ch\/fr\/\"},{\"@type\":\"ListItem\",\"position\":2,\"name\":\"Les meilleures offres toute l&#8217;ann\u00e9e?\"}]},{\"@type\":\"WebSite\",\"@id\":\"https:\/\/www.blackfridaydeals.ch\/fr\/#website\",\"url\":\"https:\/\/www.blackfridaydeals.ch\/fr\/\",\"name\":\"blackfridaydeals.ch\",\"description\":\"Alle Angebote des Black Friday 2025 in der Schweiz\",\"publisher\":{\"@id\":\"https:\/\/www.blackfridaydeals.ch\/fr\/#organization\"},\"alternateName\":\"Black Friday Deals\",\"potentialAction\":[{\"@type\":\"SearchAction\",\"target\":{\"@type\":\"EntryPoint\",\"urlTemplate\":\"https:\/\/www.blackfridaydeals.ch\/fr\/?s={search_term_string}\"},\"query-input\":\"required name=search_term_string\"}],\"inLanguage\":\"fr-CH\"},{\"@type\":\"Organization\",\"@id\":\"https:\/\/www.blackfridaydeals.ch\/fr\/#organization\",\"name\":\"blackfridaydeals.ch\",\"alternateName\":\"Black Friday Deals\",\"url\":\"https:\/\/www.blackfridaydeals.ch\/fr\/\",\"logo\":{\"@type\":\"ImageObject\",\"inLanguage\":\"fr-CH\",\"@id\":\"https:\/\/www.blackfridaydeals.ch\/fr\/#\/schema\/logo\/image\/\",\"url\":\"https:\/\/www.blackfridaydeals.ch\/wp-content\/uploads\/2023\/03\/app-icon-white-bg-jpg.jpg\",\"contentUrl\":\"https:\/\/www.blackfridaydeals.ch\/wp-content\/uploads\/2023\/03\/app-icon-white-bg-jpg.jpg\",\"width\":512,\"height\":512,\"caption\":\"blackfridaydeals.ch\"},\"image\":{\"@id\":\"https:\/\/www.blackfridaydeals.ch\/fr\/#\/schema\/logo\/image\/\"},\"sameAs\":[\"https:\/\/www.facebook.com\/blackfridaydealsch\/\",\"https:\/\/twitter.com\/blackfridaych\",\"https:\/\/www.youtube.com\/channel\/UCNKXHacMw8AS34mBgzVx3FQ\",\"https:\/\/www.instagram.com\/blackfridaydeals.ch\/\"]}]}<\/script>\n<!-- \/ Yoast SEO plugin. -->","yoast_head_json":{"title":"Les meilleures offres toute l'ann\u00e9e? - blackfridaydeals.ch","description":"Ton inscription a \u00e9t\u00e9 valid\u00e9e ! Voici encore quelques supers astuces pour \u00e9conomiser, qui peuvent \u00eatre utilis\u00e9es toute l'ann\u00e9e.Sur Monerio, tu peux","robots":{"index":"noindex","follow":"follow"},"og_locale":"fr_FR","og_type":"article","og_title":"Les meilleures offres toute l'ann\u00e9e? - blackfridaydeals.ch","og_description":"Ton inscription a \u00e9t\u00e9 valid\u00e9e ! Voici encore quelques supers astuces pour \u00e9conomiser, qui peuvent \u00eatre utilis\u00e9es toute l'ann\u00e9e.Sur Monerio, tu peux","og_url":"https:\/\/www.blackfridaydeals.ch\/fr\/confirmation\/","og_site_name":"blackfridaydeals.ch","article_publisher":"https:\/\/www.facebook.com\/blackfridaydealsch\/","article_modified_time":"2026-02-16T14:24:30+00:00","og_image":[{"width":1200,"height":500,"url":"https:\/\/www.blackfridaydeals.ch\/wp-content\/uploads\/2025\/02\/Black-Friday-2025_2.png","type":"image\/png"}],"twitter_card":"summary_large_image","twitter_site":"@blackfridaych","twitter_misc":{"Est. reading time":"1 minute"},"schema":{"@context":"https:\/\/schema.org","@graph":[{"@type":"WebPage","@id":"https:\/\/www.blackfridaydeals.ch\/fr\/confirmation\/","url":"https:\/\/www.blackfridaydeals.ch\/fr\/confirmation\/","name":"Les meilleures offres toute l'ann\u00e9e? - blackfridaydeals.ch","isPartOf":{"@id":"https:\/\/www.blackfridaydeals.ch\/fr\/#website"},"datePublished":"2018-08-06T09:38:34+00:00","dateModified":"2026-02-16T14:24:30+00:00","description":"Ton inscription a \u00e9t\u00e9 valid\u00e9e ! Voici encore quelques supers astuces pour \u00e9conomiser, qui peuvent \u00eatre utilis\u00e9es toute l'ann\u00e9e.Sur Monerio, tu peux","breadcrumb":{"@id":"https:\/\/www.blackfridaydeals.ch\/fr\/confirmation\/#breadcrumb"},"inLanguage":"fr-CH","potentialAction":[{"@type":"ReadAction","target":["https:\/\/www.blackfridaydeals.ch\/fr\/confirmation\/"]}]},{"@type":"BreadcrumbList","@id":"https:\/\/www.blackfridaydeals.ch\/fr\/confirmation\/#breadcrumb","itemListElement":[{"@type":"ListItem","position":1,"name":"Startseite","item":"https:\/\/www.blackfridaydeals.ch\/fr\/"},{"@type":"ListItem","position":2,"name":"Les meilleures offres toute l&#8217;ann\u00e9e?"}]},{"@type":"WebSite","@id":"https:\/\/www.blackfridaydeals.ch\/fr\/#website","url":"https:\/\/www.blackfridaydeals.ch\/fr\/","name":"blackfridaydeals.ch","description":"Alle Angebote des Black Friday 2025 in der Schweiz","publisher":{"@id":"https:\/\/www.blackfridaydeals.ch\/fr\/#organization"},"alternateName":"Black Friday Deals","potentialAction":[{"@type":"SearchAction","target":{"@type":"EntryPoint","urlTemplate":"https:\/\/www.blackfridaydeals.ch\/fr\/?s={search_term_string}"},"query-input":"required name=search_term_string"}],"inLanguage":"fr-CH"},{"@type":"Organization","@id":"https:\/\/www.blackfridaydeals.ch\/fr\/#organization","name":"blackfridaydeals.ch","alternateName":"Black Friday Deals","url":"https:\/\/www.blackfridaydeals.ch\/fr\/","logo":{"@type":"ImageObject","inLanguage":"fr-CH","@id":"https:\/\/www.blackfridaydeals.ch\/fr\/#\/schema\/logo\/image\/","url":"https:\/\/www.blackfridaydeals.ch\/wp-content\/uploads\/2023\/03\/app-icon-white-bg-jpg.jpg","contentUrl":"https:\/\/www.blackfridaydeals.ch\/wp-content\/uploads\/2023\/03\/app-icon-white-bg-jpg.jpg","width":512,"height":512,"caption":"blackfridaydeals.ch"},"image":{"@id":"https:\/\/www.blackfridaydeals.ch\/fr\/#\/schema\/logo\/image\/"},"sameAs":["https:\/\/www.facebook.com\/blackfridaydealsch\/","https:\/\/twitter.com\/blackfridaych","https:\/\/www.youtube.com\/channel\/UCNKXHacMw8AS34mBgzVx3FQ","https:\/\/www.instagram.com\/blackfridaydeals.ch\/"]}]}},"_links":{"self":[{"href":"https:\/\/www.blackfridaydeals.ch\/fr\/wp-json\/wp\/v2\/pages\/6499"}],"collection":[{"href":"https:\/\/www.blackfridaydeals.ch\/fr\/wp-json\/wp\/v2\/pages"}],"about":[{"href":"https:\/\/www.blackfridaydeals.ch\/fr\/wp-json\/wp\/v2\/types\/page"}],"author":[{"embeddable":true,"href":"https:\/\/www.blackfridaydeals.ch\/fr\/wp-json\/wp\/v2\/users\/40"}],"replies":[{"embeddable":true,"href":"https:\/\/www.blackfridaydeals.ch\/fr\/wp-json\/wp\/v2\/comments?post=6499"}],"version-history":[{"count":17,"href":"https:\/\/www.blackfridaydeals.ch\/fr\/wp-json\/wp\/v2\/pages\/6499\/revisions"}],"predecessor-version":[{"id":109984,"href":"https:\/\/www.blackfridaydeals.ch\/fr\/wp-json\/wp\/v2\/pages\/6499\/revisions\/109984"}],"wp:attachment":[{"href":"https:\/\/www.blackfridaydeals.ch\/fr\/wp-json\/wp\/v2\/media?parent=6499"}],"curies":[{"name":"wp","href":"https:\/\/api.w.org\/{rel}","templated":true}]}}