{"id":6456,"date":"2018-08-01T17:04:52","date_gmt":"2018-08-01T15:04:52","guid":{"rendered":"https:\/\/www.blackfridaydeals.ch\/?page_id=6456"},"modified":"2025-02-06T14:30:29","modified_gmt":"2025-02-06T13:30:29","slug":"black-week","status":"publish","type":"page","link":"https:\/\/www.blackfridaydeals.ch\/fr\/black-week\/","title":{"rendered":"Black Week en Suisse &#8211; un aper\u00e7u des bons plans"},"content":{"rendered":"<p>[vc_row][vc_column]\n[vc_column_text]La Black Week est l&#8217;\u00e9v\u00e9nement shopping le plus important de Suisse. Le <a href=\"https:\/\/www.blackfridaydeals.ch\/fr\/\">Black Friday<\/a> constitue le point culminant traditionnel de la Black Week. Officiellement, la Black Week 2026 se d\u00e9roule du lundi 23 Novembre au dimanche 29 D\u00e9cembre et est imm\u00e9diatement suivie de la Cyber Week avec le <a href=\"https:\/\/www.blackfridaydeals.ch\/fr\/cyber-monday\/\">Cyber Monday<\/a> comme point d&#8217;orgue. Pendant ces deux semaines, presque toutes les boutiques suisses font des offres. Parfois, les commer\u00e7ants font la m\u00eame offre pour les deux semaines, parfois ils changent leurs offres tous les jours ou toutes les semaines. Un peu plus bas, nous avons rassembl\u00e9 pour toi le d\u00e9roulement de la semaine du Black Friday, y compris nos pronostics.<\/p>\n<p>Un peu plus bas dans la page, nous avons d\u00e9taill\u00e9 pour vous la Black Friday Week avec nos pr\u00e9visions.<\/p>\n<p style=\"text-align: center;\"><a href=\"https:\/\/www.blackfridaydeals.ch\/fr\/\" class=\"wpsm-button blue medium\"><i class=\"rhicon rhi-none\"><\/i>Voir les meilleures offres du Black Week<\/a><\/p>\n<h2><b>Pourquoi cette invention de la Black Week\u00a0?<\/b><\/h2>\n<p>Une myriade de grandes boutiques suisses publie leurs offres d\u00e8s le lundi pr\u00e9c\u00e9dant le Black Week. Ou le mercredi \/ jeudi. Elles cherchent ainsi \u00e0 ce que le plus grand nombre possible de clients puisse profiter de leurs bons plans. Mais, elles aspirent aussi \u00e0 se distinguer dans la jungle des offres de cette semaine et \u00e0 int\u00e9resser le plus grand nombre de clients. Un autre avantage est d\u2019encourager les personnes h\u00e9sitantes, perplexes qui se d\u00e9cident \u00e0 la derni\u00e8re minute \u00e0 acheter en avance. Mais il ne faudrait pas oublier aussi que le seuil d&#8217;achat chez les commer\u00e7ants qui proposeront ensuite la marchandise \u00e0 un prix plus avantageux va augmentant massivement.<\/p>\n<p>La Black Week est donc une invention du commerce de d\u00e9tail par n\u00e9cessit\u00e9.<\/p>\n<ul>\n<li><strong>Black Week 2026<\/strong>: 23 Novembre &#8211; 30 Novembre<\/li>\n<\/ul>\n<h2>La Black Week vaut-elle la peine ?<\/h2>\n<p>Vaut-il la peine d&#8217;acheter pendant la Black Week ou vaut-il mieux attendre le <strong>Black Friday<\/strong> lui-m\u00eame ? Il n&#8217;y a pas de r\u00e9ponse g\u00e9n\u00e9rale \u00e0 cette question. Si l&#8217;on voit un produit que l&#8217;on a l&#8217;intention d&#8217;acheter \u00e0 un bon prix pendant la Black Week, on peut passer \u00e0 l&#8217;action. Si le commer\u00e7ant indique que l&#8217;offre est encore valable jusqu&#8217;au Black Friday inclus et qu&#8217;il y a un stock suffisamment important, il peut certainement valoir la peine de sp\u00e9culer sur un prix encore meilleur et d&#8217;attendre au moins jusqu&#8217;au Black Friday.<\/p>\n<h2>Black November &#8211; le nouveau standard avant le Black Friday\u00a0?<\/h2>\n<p><span style=\"font-weight: 400;\">Divers fournisseurs proposent de plus en plus souvent des rabais substantiels non seulement pendant la Cyber ou la <a href=\"https:\/\/www.blackfridaydeals.ch\/fr\/singles-day\/\">Singles Week<\/a>, mais profitent \u00e9galement de tout le mois de novembre pour partager leurs offres. Il y a une bonne raison \u00e0 cela\u00a0: un achat important doit \u00eatre bien r\u00e9fl\u00e9chi. De plus, l\u2019entreprise aura plus de possibilit\u00e9s d\u2019augmenter le nombre de ses clients. Ainsi, l\u2019entreprise montre que l&#8217;offre est disponible chez elle plus t\u00f4t que chez tous les autres et que globalement, le choix est plus important (car 30 jours sont beaucoup plus longs que 8 jours seulement).<\/span><\/p>\n<p>Cela permet \u00e9galement d&#8217;attirer les personnes qui se d\u00e9cident \u00e0 la derni\u00e8re minute et qui ne souhaitent peut-\u00eatre pas profiter de la meilleure offre, mais tout de m\u00eame d&#8217;une offre raisonnable. Il ne faut pas non plus sous-estimer la pression que beaucoup vivent en novembre. Il faut r\u00e9silier\/conclure des assurances, payer les factures annuelles, acheter des cadeaux de No\u00ebl, planifier les vacances\u2026<\/p>\n<p>Ces actions sont toutefois principalement lanc\u00e9es par des fournisseurs qui travaillent avec des marges plus \u00e9lev\u00e9es que les commer\u00e7ants en \u00e9lectronique, par exemple. Il s&#8217;agit ici d&#8217;entreprises de t\u00e9l\u00e9communication comme <a href=\"https:\/\/www.blackfridaydeals.ch\/fr\/shops\/wingo-fr\/\">Wingo<\/a> ou <a href=\"https:\/\/www.blackfridaydeals.ch\/fr\/shops\/salt-fr\/\">Salt<\/a> et d&#8217;autres prestataires de services. Si, \u00e0 la fin du mois de novembre, les chiffres d&#8217;affaires ne sont toujours pas satisfaisants, il est toujours possible de pr\u00e9senter une offre encore meilleure afin de convaincre les derniers sceptiques. <a href=\"https:\/\/www.blackfridaydeals.ch\/fr\/shops\/mediamarkt-fr\/\">MediaMarkt<\/a> commence certes aussi le mois du shopping en publiant ses offres au Black November, mais celles-ci sont g\u00e9n\u00e9ralement moins int\u00e9ressantes que les offres de la Black Week.<\/p>\n<p>En ce sens, le Black November devrait surtout devenir la norme pour les fournisseurs d&#8217;abonnements de t\u00e9l\u00e9phonie, d&#8217;assurances ou de services similaires, qui peuvent facilement supporter une petite pression sur les prix.<\/p>\n<p><img decoding=\"async\" class=\" wp-image-43321 alignnone\" src=\"https:\/\/www.blackfridaydeals.ch\/wp-content\/uploads\/2021\/11\/black_november_FR-1.png\" alt=\"\" width=\"738\" height=\"422\" srcset=\"https:\/\/www.blackfridaydeals.ch\/wp-content\/uploads\/2021\/11\/black_november_FR-1.png 892w, https:\/\/www.blackfridaydeals.ch\/wp-content\/uploads\/2021\/11\/black_november_FR-1-300x172.png 300w, https:\/\/www.blackfridaydeals.ch\/wp-content\/uploads\/2021\/11\/black_november_FR-1-1024x585.png 1024w, https:\/\/www.blackfridaydeals.ch\/wp-content\/uploads\/2021\/11\/black_november_FR-1-768x439.png 768w, https:\/\/www.blackfridaydeals.ch\/wp-content\/uploads\/2021\/11\/black_november_FR-1-1536x878.png 1536w, https:\/\/www.blackfridaydeals.ch\/wp-content\/uploads\/2021\/11\/black_november_FR-1-2048x1171.png 2048w, https:\/\/www.blackfridaydeals.ch\/wp-content\/uploads\/2021\/11\/black_november_FR-1-788x450.png 788w, https:\/\/www.blackfridaydeals.ch\/wp-content\/uploads\/2021\/11\/black_november_FR-1-150x86.png 150w\" sizes=\"(max-width: 738px) 100vw, 738px\" \/><\/p>\n<h2>Un aper\u00e7u de la Black Week en quelques mots\u00a0:<\/h2>\n<ul>\n<li><strong>Lundi\u00a0:\u00a0<\/strong>Les pr\u00e9liminaires de la Black Week<\/li>\n<li><strong>Mardi<\/strong>\u00a0:\u00a0Seulement quelques nouvelles offres<\/li>\n<li><strong>Mercredi\u00a0:\u00a0<\/strong>Cela commence \u00e0 chauffer, le rythme s\u2019acc\u00e9l\u00e8re et les bonnes affaires sont de plus en plus importantes.<\/li>\n<li><strong>Jeudi\u00a0:\u00a0<\/strong>Maintenant, les offres s\u2019affichent dans presque toutes les boutiques.<\/li>\n<li><strong>Vendredi\u00a0:\u00a0<\/strong>Le <em>Black Friday<\/em> : le point d\u2019orgue de la Black Week<\/li>\n<li><strong>Samedi \/ Dimanche\u00a0:\u00a0<\/strong>Journ\u00e9es \u00e9galement baptis\u00e9es Cyber Weekend ou Black Weekend : De nombreuses offres sont toujours d\u2019actualit\u00e9.<\/li>\n<li><strong>Lundi\u00a0:\u00a0<\/strong><em>Cyber Monday<\/em>, \u00e0 l&#8217;origine un mot de mise en march\u00e9 pour caract\u00e9riser le lundi suivant Black Friday, est le jour des offres promotionnelles lanc\u00e9es par les sites marchands. En r\u00e9alit\u00e9, tout se passe en ligne. Il y a beaucoup d&#8217;offres en Suisse, mais pas autant que le Black Friday.<\/li>\n<\/ul>\n<h2>O\u00f9 peut-on trouver les meilleures offres de Black Week ?<\/h2>\n<div class=\"zfbox\">\n<div id=\"term-14\" class=\"text\">\n<div class=\"event\">Notre \u00e9quipe fera pour vous, \u00e0 chaque fois, un r\u00e9sum\u00e9 succinct des meilleures offres pendant la phase chaude du <a href=\"https:\/\/www.blackfridaydeals.ch\/fr\/black-friday-2026\/\">Black Friday 2026<\/a> et vous d\u00e9signera les offres qui en valent vraiment la peine. Pour faire simple et \u00eatre au courant de tout, il suffit de vous abonner \u00e0 notre newsletter : nous vous fournirons en temps r\u00e9el les derni\u00e8res informations, nouveaut\u00e9s et offres concernant la Cyber Week. De cette mani\u00e8re, vous ne raterez aucun deal.<\/div>\n<\/div>\n<\/div>\n<p>Sur notre page d&#8217;accueil, vous pouvez \u00e9galement s\u00e9lectionner toutes les promotions par cat\u00e9gorie ou popularit\u00e9. C\u2019est encore une garantie que rien ne pourra vous \u00e9chapper.<\/p>\n<h2>Comment est n\u00e9e cette tradition marketing de bonnes affaires ?<\/h2>\n<p>Comme vous le savez certainement, Black Friday n&#8217;a rien \u00e0 voir avec la tradition suisse. Semblable \u00e0 Halloween, il s&#8217;agit d&#8217;une tradition import\u00e9e des \u00c9tats-Unis. Le lendemain de Thanksgiving qui a lieu le quatri\u00e8me jeudi de novembre, (Black Friday), beaucoup d&#8217;Am\u00e9ricains se paient un jour de pont et font leurs premi\u00e8res emplettes de No\u00ebl. Afin de promouvoir leur commerce et d\u2019augmenter leur chiffre d&#8217;affaires le plus possible, bon nombre de commer\u00e7ants, toujours croissant, commencent \u00e0 accorder des remises de plus en plus cons\u00e9quentes. Cela dure, d\u00e9j\u00e0, depuis un peu plus d\u2019un si\u00e8cle.<\/p>\n<p>Il y a quelques ann\u00e9es seulement &#8211; en 2015 &#8211; Manor a intronis\u00e9 la journ\u00e9e de shopping avec des rabais assez all\u00e9chants en Suisse. Depuis lors, Le Black Friday est devenu incontournable. Et, ainsi de plus en plus de commer\u00e7ants en Suisse ont suivi la m\u00eame strat\u00e9gie en accordant des r\u00e9ductions de plus en plus \u00e9lev\u00e9es.<\/p>\n<p>Cette journ\u00e9e du Black Friday commence \u00e0 prendre beaucoup d\u2019ampleur et de plus en plus de d\u00e9taillants suisses y participent en offrant de bons plans le vendredi, ce qui a peut-\u00eatre pouss\u00e9, ou inspir\u00e9, certains d\u00e9taillants \u00e0 se d\u00e9marquer de la foule et \u00e0 c\u00e9l\u00e9brer une Black Week. Ainsi, leurs offres d\u00e9butent avant toutes les autres. L\u2019objectif est, bien s\u00fbr, qu&#8217;un plus grand nombre de marchandises puissent \u00eatre vendues et que les chiffres sur leur livre de compte passent en noir, signe de leur succ\u00e8s et de leur prosp\u00e9rit\u00e9.[\/vc_column_text][\/vc_column][\/vc_row]<\/p>\n","protected":false},"excerpt":{"rendered":"<p>[vc_row][vc_column][vc_column_text]La Black Week est l&#8217;\u00e9v\u00e9nement shopping le plus important de Suisse. Le Black Friday constitue le point culminant traditionnel de la Black Week. Officiellement, la Black Week se d\u00e9roule du lundi Novembre au dimanche D\u00e9cembre et est imm\u00e9diatement suivie de la Cyber Week avec le Cyber Monday comme point d&#8217;orgue. Pendant ces deux semaines, presque [&hellip;]<\/p>\n","protected":false},"author":40,"featured_media":5884,"parent":0,"menu_order":0,"comment_status":"closed","ping_status":"closed","template":"","meta":[],"yoast_head":"<!-- This site is optimized with the Yoast SEO plugin v20.5 - https:\/\/yoast.com\/wordpress\/plugins\/seo\/ -->\n<title>Black Week 2026 : l&#039;\u00e9v\u00e9nement shopping le plus important<\/title>\n<meta name=\"description\" content=\"Vous trouverez ici tout les infos sur la Black Week, y compris sur son point d&#039;orgue : le Black Friday. Nous avons rassembl\u00e9 les bons plans.\" \/>\n<meta name=\"robots\" content=\"index, follow, max-snippet:-1, max-image-preview:large, max-video-preview:-1\" \/>\n<link rel=\"canonical\" href=\"https:\/\/www.blackfridaydeals.ch\/fr\/black-week\/\" \/>\n<meta property=\"og:locale\" content=\"fr_FR\" \/>\n<meta property=\"og:type\" content=\"article\" \/>\n<meta property=\"og:title\" content=\"Black Week 2026 : l&#039;\u00e9v\u00e9nement shopping le plus important\" \/>\n<meta property=\"og:description\" content=\"Vous trouverez ici tout les infos sur la Black Week, y compris sur son point d&#039;orgue : le Black Friday. Nous avons rassembl\u00e9 les bons plans.\" \/>\n<meta property=\"og:url\" content=\"https:\/\/www.blackfridaydeals.ch\/fr\/black-week\/\" \/>\n<meta property=\"og:site_name\" content=\"blackfridaydeals.ch\" \/>\n<meta property=\"article:publisher\" content=\"https:\/\/www.facebook.com\/blackfridaydealsch\/\" \/>\n<meta property=\"article:modified_time\" content=\"2025-02-06T13:30:29+00:00\" \/>\n<meta property=\"og:image\" content=\"https:\/\/www.blackfridaydeals.ch\/wp-content\/uploads\/2018\/03\/Black-Week.jpg\" \/>\n\t<meta property=\"og:image:width\" content=\"540\" \/>\n\t<meta property=\"og:image:height\" content=\"720\" \/>\n\t<meta property=\"og:image:type\" content=\"image\/jpeg\" \/>\n<meta name=\"twitter:card\" content=\"summary_large_image\" \/>\n<meta name=\"twitter:site\" content=\"@blackfridaych\" \/>\n<meta name=\"twitter:label1\" content=\"Est. reading time\" \/>\n\t<meta name=\"twitter:data1\" content=\"7 minutes\" \/>\n<script type=\"application\/ld+json\" class=\"yoast-schema-graph\">{\"@context\":\"https:\/\/schema.org\",\"@graph\":[{\"@type\":\"WebPage\",\"@id\":\"https:\/\/www.blackfridaydeals.ch\/fr\/black-week\/\",\"url\":\"https:\/\/www.blackfridaydeals.ch\/fr\/black-week\/\",\"name\":\"Black Week 2026 : l'\u00e9v\u00e9nement shopping le plus important\",\"isPartOf\":{\"@id\":\"https:\/\/www.blackfridaydeals.ch\/fr\/#website\"},\"datePublished\":\"2018-08-01T15:04:52+00:00\",\"dateModified\":\"2025-02-06T13:30:29+00:00\",\"description\":\"Vous trouverez ici tout les infos sur la Black Week, y compris sur son point d'orgue : le Black Friday. Nous avons rassembl\u00e9 les bons plans.\",\"breadcrumb\":{\"@id\":\"https:\/\/www.blackfridaydeals.ch\/fr\/black-week\/#breadcrumb\"},\"inLanguage\":\"fr-CH\",\"potentialAction\":[{\"@type\":\"ReadAction\",\"target\":[\"https:\/\/www.blackfridaydeals.ch\/fr\/black-week\/\"]}]},{\"@type\":\"BreadcrumbList\",\"@id\":\"https:\/\/www.blackfridaydeals.ch\/fr\/black-week\/#breadcrumb\",\"itemListElement\":[{\"@type\":\"ListItem\",\"position\":1,\"name\":\"Startseite\",\"item\":\"https:\/\/www.blackfridaydeals.ch\/fr\/\"},{\"@type\":\"ListItem\",\"position\":2,\"name\":\"Black Week en Suisse &#8211; un aper\u00e7u des bons plans\"}]},{\"@type\":\"WebSite\",\"@id\":\"https:\/\/www.blackfridaydeals.ch\/fr\/#website\",\"url\":\"https:\/\/www.blackfridaydeals.ch\/fr\/\",\"name\":\"blackfridaydeals.ch\",\"description\":\"Toutes les offres du Black Friday 2025 en Suisse\",\"publisher\":{\"@id\":\"https:\/\/www.blackfridaydeals.ch\/fr\/#organization\"},\"alternateName\":\"Black Friday Deals\",\"potentialAction\":[{\"@type\":\"SearchAction\",\"target\":{\"@type\":\"EntryPoint\",\"urlTemplate\":\"https:\/\/www.blackfridaydeals.ch\/fr\/?s={search_term_string}\"},\"query-input\":\"required name=search_term_string\"}],\"inLanguage\":\"fr-CH\"},{\"@type\":\"Organization\",\"@id\":\"https:\/\/www.blackfridaydeals.ch\/fr\/#organization\",\"name\":\"blackfridaydeals.ch\",\"alternateName\":\"Black Friday Deals\",\"url\":\"https:\/\/www.blackfridaydeals.ch\/fr\/\",\"logo\":{\"@type\":\"ImageObject\",\"inLanguage\":\"fr-CH\",\"@id\":\"https:\/\/www.blackfridaydeals.ch\/fr\/#\/schema\/logo\/image\/\",\"url\":\"https:\/\/www.blackfridaydeals.ch\/wp-content\/uploads\/2023\/03\/app-icon-white-bg-jpg.jpg\",\"contentUrl\":\"https:\/\/www.blackfridaydeals.ch\/wp-content\/uploads\/2023\/03\/app-icon-white-bg-jpg.jpg\",\"width\":512,\"height\":512,\"caption\":\"blackfridaydeals.ch\"},\"image\":{\"@id\":\"https:\/\/www.blackfridaydeals.ch\/fr\/#\/schema\/logo\/image\/\"},\"sameAs\":[\"https:\/\/www.facebook.com\/blackfridaydealsch\/\",\"https:\/\/twitter.com\/blackfridaych\",\"https:\/\/www.youtube.com\/channel\/UCNKXHacMw8AS34mBgzVx3FQ\",\"https:\/\/www.instagram.com\/blackfridaydeals.ch\/\"]}]}<\/script>\n<!-- \/ Yoast SEO plugin. -->","yoast_head_json":{"title":"Black Week 2026 : l'\u00e9v\u00e9nement shopping le plus important","description":"Vous trouverez ici tout les infos sur la Black Week, y compris sur son point d'orgue : le Black Friday. Nous avons rassembl\u00e9 les bons plans.","robots":{"index":"index","follow":"follow","max-snippet":"max-snippet:-1","max-image-preview":"max-image-preview:large","max-video-preview":"max-video-preview:-1"},"canonical":"https:\/\/www.blackfridaydeals.ch\/fr\/black-week\/","og_locale":"fr_FR","og_type":"article","og_title":"Black Week 2026 : l'\u00e9v\u00e9nement shopping le plus important","og_description":"Vous trouverez ici tout les infos sur la Black Week, y compris sur son point d'orgue : le Black Friday. Nous avons rassembl\u00e9 les bons plans.","og_url":"https:\/\/www.blackfridaydeals.ch\/fr\/black-week\/","og_site_name":"blackfridaydeals.ch","article_publisher":"https:\/\/www.facebook.com\/blackfridaydealsch\/","article_modified_time":"2025-02-06T13:30:29+00:00","og_image":[{"width":540,"height":720,"url":"https:\/\/www.blackfridaydeals.ch\/wp-content\/uploads\/2018\/03\/Black-Week.jpg","type":"image\/jpeg"}],"twitter_card":"summary_large_image","twitter_site":"@blackfridaych","twitter_misc":{"Est. reading time":"7 minutes"},"schema":{"@context":"https:\/\/schema.org","@graph":[{"@type":"WebPage","@id":"https:\/\/www.blackfridaydeals.ch\/fr\/black-week\/","url":"https:\/\/www.blackfridaydeals.ch\/fr\/black-week\/","name":"Black Week 2026 : l'\u00e9v\u00e9nement shopping le plus important","isPartOf":{"@id":"https:\/\/www.blackfridaydeals.ch\/fr\/#website"},"datePublished":"2018-08-01T15:04:52+00:00","dateModified":"2025-02-06T13:30:29+00:00","description":"Vous trouverez ici tout les infos sur la Black Week, y compris sur son point d'orgue : le Black Friday. Nous avons rassembl\u00e9 les bons plans.","breadcrumb":{"@id":"https:\/\/www.blackfridaydeals.ch\/fr\/black-week\/#breadcrumb"},"inLanguage":"fr-CH","potentialAction":[{"@type":"ReadAction","target":["https:\/\/www.blackfridaydeals.ch\/fr\/black-week\/"]}]},{"@type":"BreadcrumbList","@id":"https:\/\/www.blackfridaydeals.ch\/fr\/black-week\/#breadcrumb","itemListElement":[{"@type":"ListItem","position":1,"name":"Startseite","item":"https:\/\/www.blackfridaydeals.ch\/fr\/"},{"@type":"ListItem","position":2,"name":"Black Week en Suisse &#8211; un aper\u00e7u des bons plans"}]},{"@type":"WebSite","@id":"https:\/\/www.blackfridaydeals.ch\/fr\/#website","url":"https:\/\/www.blackfridaydeals.ch\/fr\/","name":"blackfridaydeals.ch","description":"Toutes les offres du Black Friday 2025 en Suisse","publisher":{"@id":"https:\/\/www.blackfridaydeals.ch\/fr\/#organization"},"alternateName":"Black Friday Deals","potentialAction":[{"@type":"SearchAction","target":{"@type":"EntryPoint","urlTemplate":"https:\/\/www.blackfridaydeals.ch\/fr\/?s={search_term_string}"},"query-input":"required name=search_term_string"}],"inLanguage":"fr-CH"},{"@type":"Organization","@id":"https:\/\/www.blackfridaydeals.ch\/fr\/#organization","name":"blackfridaydeals.ch","alternateName":"Black Friday Deals","url":"https:\/\/www.blackfridaydeals.ch\/fr\/","logo":{"@type":"ImageObject","inLanguage":"fr-CH","@id":"https:\/\/www.blackfridaydeals.ch\/fr\/#\/schema\/logo\/image\/","url":"https:\/\/www.blackfridaydeals.ch\/wp-content\/uploads\/2023\/03\/app-icon-white-bg-jpg.jpg","contentUrl":"https:\/\/www.blackfridaydeals.ch\/wp-content\/uploads\/2023\/03\/app-icon-white-bg-jpg.jpg","width":512,"height":512,"caption":"blackfridaydeals.ch"},"image":{"@id":"https:\/\/www.blackfridaydeals.ch\/fr\/#\/schema\/logo\/image\/"},"sameAs":["https:\/\/www.facebook.com\/blackfridaydealsch\/","https:\/\/twitter.com\/blackfridaych","https:\/\/www.youtube.com\/channel\/UCNKXHacMw8AS34mBgzVx3FQ","https:\/\/www.instagram.com\/blackfridaydeals.ch\/"]}]}},"_links":{"self":[{"href":"https:\/\/www.blackfridaydeals.ch\/fr\/wp-json\/wp\/v2\/pages\/6456"}],"collection":[{"href":"https:\/\/www.blackfridaydeals.ch\/fr\/wp-json\/wp\/v2\/pages"}],"about":[{"href":"https:\/\/www.blackfridaydeals.ch\/fr\/wp-json\/wp\/v2\/types\/page"}],"author":[{"embeddable":true,"href":"https:\/\/www.blackfridaydeals.ch\/fr\/wp-json\/wp\/v2\/users\/40"}],"replies":[{"embeddable":true,"href":"https:\/\/www.blackfridaydeals.ch\/fr\/wp-json\/wp\/v2\/comments?post=6456"}],"version-history":[{"count":21,"href":"https:\/\/www.blackfridaydeals.ch\/fr\/wp-json\/wp\/v2\/pages\/6456\/revisions"}],"predecessor-version":[{"id":98763,"href":"https:\/\/www.blackfridaydeals.ch\/fr\/wp-json\/wp\/v2\/pages\/6456\/revisions\/98763"}],"wp:featuredmedia":[{"embeddable":true,"href":"https:\/\/www.blackfridaydeals.ch\/fr\/wp-json\/wp\/v2\/media\/5884"}],"wp:attachment":[{"href":"https:\/\/www.blackfridaydeals.ch\/fr\/wp-json\/wp\/v2\/media?parent=6456"}],"curies":[{"name":"wp","href":"https:\/\/api.w.org\/{rel}","templated":true}]}}