{"id":63493,"date":"2023-07-31T16:00:17","date_gmt":"2023-07-31T14:00:17","guid":{"rendered":"https:\/\/www.blackfridaydeals.ch\/?page_id=63493"},"modified":"2025-02-07T15:30:57","modified_gmt":"2025-02-07T14:30:57","slug":"offres-tablettes-au-black-friday","status":"publish","type":"page","link":"https:\/\/www.blackfridaydeals.ch\/fr\/offres-tablettes-au-black-friday\/","title":{"rendered":"Les offres sur les tablettes au Black Friday"},"content":{"rendered":"<p>[vc_row][vc_column][vc_empty_space height=&#8221;16px&#8221;][vc_custom_heading text=&#8221;Les <strong>offres sur les tablettes<\/strong> au Black Friday&#8221; font_container=&#8221;tag:h1|font_size:30px|text_align:center|color:%2330343b|line_height:36px&#8221; google_fonts=&#8221;font_family:Raleway%3A100%2C200%2C300%2Cregular%2C500%2C600%2C700%2C800%2C900|font_style:400%20regular%3A400%3Anormal&#8221;][vc_empty_space height=&#8221;16px&#8221;]\n[vc_column_text]Vous trouverez ici un aper\u00e7u de toutes les offres sur les tablettes au Black Friday.<\/p>\n<h2><strong>Quelles seront les offres sp\u00e9ciales sur les tablettes au Black Friday 2026\u00a0?<\/strong><\/h2>\n<p><img decoding=\"async\" class=\"alignright size-medium wp-image-98818\" src=\"https:\/\/www.blackfridaydeals.ch\/wp-content\/uploads\/2025\/02\/iPad-Air-300x179.jpg\" alt=\"\" width=\"300\" height=\"179\" srcset=\"https:\/\/www.blackfridaydeals.ch\/wp-content\/uploads\/2025\/02\/iPad-Air-300x179.jpg 300w, https:\/\/www.blackfridaydeals.ch\/wp-content\/uploads\/2025\/02\/iPad-Air-1024x612.jpg 1024w, https:\/\/www.blackfridaydeals.ch\/wp-content\/uploads\/2025\/02\/iPad-Air-768x459.jpg 768w, https:\/\/www.blackfridaydeals.ch\/wp-content\/uploads\/2025\/02\/iPad-Air-1536x919.jpg 1536w, https:\/\/www.blackfridaydeals.ch\/wp-content\/uploads\/2025\/02\/iPad-Air-2048x1225.jpg 2048w, https:\/\/www.blackfridaydeals.ch\/wp-content\/uploads\/2025\/02\/iPad-Air-251x150.jpg 251w, https:\/\/www.blackfridaydeals.ch\/wp-content\/uploads\/2025\/02\/iPad-Air-100x60.jpg 100w, https:\/\/www.blackfridaydeals.ch\/wp-content\/uploads\/2025\/02\/iPad-Air-585x350.jpg 585w, https:\/\/www.blackfridaydeals.ch\/wp-content\/uploads\/2025\/02\/iPad-Air-788x471.jpg 788w, https:\/\/www.blackfridaydeals.ch\/wp-content\/uploads\/2025\/02\/iPad-Air.jpg 1617w\" sizes=\"(max-width: 300px) 100vw, 300px\" \/><\/p>\n<p>&nbsp;<\/p>\n<p>Bien entendu, les tablettes, comme <a href=\"https:\/\/www.blackfridaydeals.ch\/fr\/lipad-au-black-friday\/\">l\u2019iPad d\u2019Apple<\/a> (ex\u00a0: iPad\u00a010\u1d49 g\u00e9n\u00e9ration, iPad\u00a0Pro M2) ou <a href=\"https:\/\/www.blackfridaydeals.ch\/fr\/samsung-galaxy-black-friday\/\">les Samsung Galaxy Tabs<\/a> (ex\u00a0: Galaxy Tab\u00a0S9), figurent chaque ann\u00e9e en bonne place sur la liste de souhaits de nombreux acheteurs. Elles repr\u00e9sentent souvent un compromis ergonomique entre un smartphone et un ordinateur portable, offrant une exp\u00e9rience utilisateur polyvalente. Certaines, comme la gamme Surface de Microsoft (Surface\u00a0Pro\u00a09), peuvent m\u00eame remplacer un PC portable dans certaines situations ou se d\u00e9cliner sous forme hybride.<\/p>\n<h2><strong>Mais quelle est la probabilit\u00e9 qu\u2019il y ait des promotions sur ces tablettes\u00a0?<\/strong><\/h2>\n<p>En se basant sur l\u2019exp\u00e9rience des derni\u00e8res ann\u00e9es, on peut affirmer que divers commer\u00e7ants \u00e9lectroniques suisses proposeront presque certainement des offres sp\u00e9ciales sur un large \u00e9ventail de tablettes lors du Black Friday 2026. Des rabais importants ont d\u00e9j\u00e0 \u00e9t\u00e9 observ\u00e9s sur toutes les marques cit\u00e9es, qu\u2019il s\u2019agisse d\u2019Apple, de Samsung ou de Microsoft. Si vous pr\u00e9f\u00e9rez vous tourner vers un mod\u00e8le de la g\u00e9n\u00e9ration pr\u00e9c\u00e9dente, vous pourrez probablement b\u00e9n\u00e9ficier de r\u00e9ductions encore plus marqu\u00e9es. Souvent, les \u00e9carts de prix entre les diff\u00e9rentes g\u00e9n\u00e9rations ne refl\u00e8tent pas n\u00e9cessairement d\u2019\u00e9normes diff\u00e9rences en termes de performances.<\/p>\n<p>Ne n\u00e9gligez pas non plus les appareils d\u2019<strong>Amazon<\/strong>. Les tablettes Fire\u00a0HD (dont la Fire\u00a0HD\u00a010 r\u00e9cente) restent une option int\u00e9ressante si vous cherchez une solution bon march\u00e9 pour de la navigation ou du streaming. Elles aussi devraient figurer \u00e0 un tarif attractif pendant le Black Friday.<\/p>\n<h2><strong>Quelles sont les boutiques qui vont proposer des promotions sur les tablettes lors du Black Friday\u00a0?<\/strong><\/h2>\n<p>Les tablettes font partie des produits les plus pris\u00e9s lors du Black Friday. Vous pouvez donc esp\u00e9rer trouver des remises aupr\u00e8s de la majorit\u00e9 des grands d\u00e9taillants en \u00e9lectronique. Ci-dessous, une liste non exhaustive des boutiques o\u00f9 l\u2019on rep\u00e8re traditionnellement des promotions sur les tablettes :<\/p>\n<ul>\n<li><a href=\"https:\/\/www.blackfridaydeals.ch\/fr\/shops\/mediamarkt-fr\/\">MediaMarkt<\/a><\/li>\n<li><a href=\"https:\/\/www.blackfridaydeals.ch\/fr\/shops\/interdiscount-fr\/\">Interdiscount<\/a><\/li>\n<li><a href=\"https:\/\/www.blackfridaydeals.ch\/fr\/shops\/fust-fr\/\">Fust<\/a><\/li>\n<li><a href=\"https:\/\/www.blackfridaydeals.ch\/fr\/shops\/brack-fr\/\">Brack<\/a><\/li>\n<li><a href=\"https:\/\/www.blackfridaydeals.ch\/fr\/shops\/conrad-fr\/\">Conrad Electronics<\/a><\/li>\n<li><a href=\"https:\/\/www.blackfridaydeals.ch\/fr\/shops\/digitec-fr\/\">Digitec<\/a><\/li>\n<\/ul>\n<p>En plus des tablettes elles-m\u00eames, ces boutiques proposent souvent des accessoires \u00e0 prix r\u00e9duit\u00a0: coques de protection, stylets, c\u00e2bles de recharge, voire AirPods ou montres connect\u00e9es. En parall\u00e8le, des enseignes sp\u00e9cialis\u00e9es (par ex. Apfelkiste) se joignent g\u00e9n\u00e9ralement \u00e0 la vague de promotions. Si vous pr\u00e9voyez d\u2019utiliser une tablette compatible 4G\/5G, un abonnement ou une carte SIM de donn\u00e9es peut \u00e9galement \u00eatre propos\u00e9 en bundle ou en r\u00e9duction.<\/p>\n<h2><strong>Les bons plans sur les tablettes lors du Singles Day 2026 et du Cyber Monday 2026<\/strong><\/h2>\n<p>Les occasions de r\u00e9aliser de bonnes affaires en mati\u00e8re de tablettes ne se limitent pas au Black Friday\u00a0: d\u2019autres journ\u00e9es de shopping en novembre valent le coup d\u2019\u0153il. Durant le Singles Day, certains revendeurs appliquent en effet des r\u00e9ductions sur tout ou partie de leur stock (parfois \u201311\u00a0%, \u201322\u00a0%, etc.). Cela peut \u00eatre particuli\u00e8rement int\u00e9ressant sur un iPad (souvent peu sold\u00e9 le reste de l\u2019ann\u00e9e) ou d\u2019autres mod\u00e8les co\u00fbteux.<\/p>\n<p>Le <a href=\"https:\/\/www.blackfridaydeals.ch\/fr\/cyber-monday\/\">Cyber Monday<\/a> constitue une autre opportunit\u00e9, focalis\u00e9e sur l\u2019\u00e9lectronique. On y observe souvent des promotions similaires \u00e0 celles du Black Friday, voire des rabais additionnels sur des mod\u00e8les plus anciens. Les commer\u00e7ants peuvent profiter du Cyber Monday pour \u00e9couler les produits de g\u00e9n\u00e9ration pr\u00e9c\u00e9dente en pr\u00e9vision des nouveaut\u00e9s \u00e0 venir. Nous restons attentifs \u00e0 l\u2019\u00e9volution de ces offres et vous tiendrons inform\u00e9s des meilleures promotions sur les tablettes durant ces \u00e9v\u00e9nements-cl\u00e9s.[\/vc_column_text][\/vc_column][\/vc_row]<\/p>\n","protected":false},"excerpt":{"rendered":"<p>[vc_row][vc_column][vc_empty_space height=&#8221;16px&#8221;][vc_custom_heading text=&#8221;Les offres sur les tablettes au Black Friday&#8221; font_container=&#8221;tag:h1|font_size:30px|text_align:center|color:%2330343b|line_height:36px&#8221; google_fonts=&#8221;font_family:Raleway%3A100%2C200%2C300%2Cregular%2C500%2C600%2C700%2C800%2C900|font_style:400%20regular%3A400%3Anormal&#8221;][vc_empty_space height=&#8221;16px&#8221;][vc_column_text]Vous trouverez ici un aper\u00e7u de toutes les offres sur les tablettes au Black Friday. Quelles seront les offres sp\u00e9ciales sur les tablettes au Black Friday \u00a0? &nbsp; Bien entendu, les tablettes, comme l\u2019iPad d\u2019Apple (ex\u00a0: iPad\u00a010\u1d49 g\u00e9n\u00e9ration, iPad\u00a0Pro M2) ou les Samsung [&hellip;]<\/p>\n","protected":false},"author":319,"featured_media":98818,"parent":0,"menu_order":0,"comment_status":"closed","ping_status":"closed","template":"","meta":[],"yoast_head":"<!-- This site is optimized with the Yoast SEO plugin v20.5 - https:\/\/yoast.com\/wordpress\/plugins\/seo\/ -->\n<title>Les offres sur les tablettes au Black Friday - blackfridaydeals.ch<\/title>\n<meta name=\"description\" content=\"Les tablettes, comme l\u2019iPad d\u2019Apple, les Samsung Galaxy Tabs ou les Huawei MediaPads, figurent au Black Friday en premi\u00e8re place.\" \/>\n<meta name=\"robots\" content=\"index, follow, max-snippet:-1, max-image-preview:large, max-video-preview:-1\" \/>\n<link rel=\"canonical\" href=\"https:\/\/www.blackfridaydeals.ch\/fr\/offres-tablettes-au-black-friday\/\" \/>\n<meta property=\"og:locale\" content=\"fr_FR\" \/>\n<meta property=\"og:type\" content=\"article\" \/>\n<meta property=\"og:title\" content=\"Les offres sur les tablettes au Black Friday - blackfridaydeals.ch\" \/>\n<meta property=\"og:description\" content=\"Les tablettes, comme l\u2019iPad d\u2019Apple, les Samsung Galaxy Tabs ou les Huawei MediaPads, figurent au Black Friday en premi\u00e8re place.\" \/>\n<meta property=\"og:url\" content=\"https:\/\/www.blackfridaydeals.ch\/fr\/offres-tablettes-au-black-friday\/\" \/>\n<meta property=\"og:site_name\" content=\"blackfridaydeals.ch\" \/>\n<meta property=\"article:publisher\" content=\"https:\/\/www.facebook.com\/blackfridaydealsch\/\" \/>\n<meta property=\"article:modified_time\" content=\"2025-02-07T14:30:57+00:00\" \/>\n<meta property=\"og:image\" content=\"https:\/\/www.blackfridaydeals.ch\/wp-content\/uploads\/2025\/02\/iPad-Air.jpg\" \/>\n\t<meta property=\"og:image:width\" content=\"1617\" \/>\n\t<meta property=\"og:image:height\" content=\"967\" \/>\n\t<meta property=\"og:image:type\" content=\"image\/jpeg\" \/>\n<meta name=\"twitter:card\" content=\"summary_large_image\" \/>\n<meta name=\"twitter:site\" content=\"@blackfridaych\" \/>\n<meta name=\"twitter:label1\" content=\"Est. reading time\" \/>\n\t<meta name=\"twitter:data1\" content=\"4 minutes\" \/>\n<script type=\"application\/ld+json\" class=\"yoast-schema-graph\">{\"@context\":\"https:\/\/schema.org\",\"@graph\":[{\"@type\":\"WebPage\",\"@id\":\"https:\/\/www.blackfridaydeals.ch\/fr\/offres-tablettes-au-black-friday\/\",\"url\":\"https:\/\/www.blackfridaydeals.ch\/fr\/offres-tablettes-au-black-friday\/\",\"name\":\"Les offres sur les tablettes au Black Friday - blackfridaydeals.ch\",\"isPartOf\":{\"@id\":\"https:\/\/www.blackfridaydeals.ch\/fr\/#website\"},\"datePublished\":\"2023-07-31T14:00:17+00:00\",\"dateModified\":\"2025-02-07T14:30:57+00:00\",\"description\":\"Les tablettes, comme l\u2019iPad d\u2019Apple, les Samsung Galaxy Tabs ou les Huawei MediaPads, figurent au Black Friday en premi\u00e8re place.\",\"breadcrumb\":{\"@id\":\"https:\/\/www.blackfridaydeals.ch\/fr\/offres-tablettes-au-black-friday\/#breadcrumb\"},\"inLanguage\":\"fr-CH\",\"potentialAction\":[{\"@type\":\"ReadAction\",\"target\":[\"https:\/\/www.blackfridaydeals.ch\/fr\/offres-tablettes-au-black-friday\/\"]}]},{\"@type\":\"BreadcrumbList\",\"@id\":\"https:\/\/www.blackfridaydeals.ch\/fr\/offres-tablettes-au-black-friday\/#breadcrumb\",\"itemListElement\":[{\"@type\":\"ListItem\",\"position\":1,\"name\":\"Startseite\",\"item\":\"https:\/\/www.blackfridaydeals.ch\/fr\/\"},{\"@type\":\"ListItem\",\"position\":2,\"name\":\"Les offres sur les tablettes au Black Friday\"}]},{\"@type\":\"WebSite\",\"@id\":\"https:\/\/www.blackfridaydeals.ch\/fr\/#website\",\"url\":\"https:\/\/www.blackfridaydeals.ch\/fr\/\",\"name\":\"blackfridaydeals.ch\",\"description\":\"Toutes les offres du Black Friday 2025 en Suisse\",\"publisher\":{\"@id\":\"https:\/\/www.blackfridaydeals.ch\/fr\/#organization\"},\"alternateName\":\"Black Friday Deals\",\"potentialAction\":[{\"@type\":\"SearchAction\",\"target\":{\"@type\":\"EntryPoint\",\"urlTemplate\":\"https:\/\/www.blackfridaydeals.ch\/fr\/?s={search_term_string}\"},\"query-input\":\"required name=search_term_string\"}],\"inLanguage\":\"fr-CH\"},{\"@type\":\"Organization\",\"@id\":\"https:\/\/www.blackfridaydeals.ch\/fr\/#organization\",\"name\":\"blackfridaydeals.ch\",\"alternateName\":\"Black Friday Deals\",\"url\":\"https:\/\/www.blackfridaydeals.ch\/fr\/\",\"logo\":{\"@type\":\"ImageObject\",\"inLanguage\":\"fr-CH\",\"@id\":\"https:\/\/www.blackfridaydeals.ch\/fr\/#\/schema\/logo\/image\/\",\"url\":\"https:\/\/www.blackfridaydeals.ch\/wp-content\/uploads\/2023\/03\/app-icon-white-bg-jpg.jpg\",\"contentUrl\":\"https:\/\/www.blackfridaydeals.ch\/wp-content\/uploads\/2023\/03\/app-icon-white-bg-jpg.jpg\",\"width\":512,\"height\":512,\"caption\":\"blackfridaydeals.ch\"},\"image\":{\"@id\":\"https:\/\/www.blackfridaydeals.ch\/fr\/#\/schema\/logo\/image\/\"},\"sameAs\":[\"https:\/\/www.facebook.com\/blackfridaydealsch\/\",\"https:\/\/twitter.com\/blackfridaych\",\"https:\/\/www.youtube.com\/channel\/UCNKXHacMw8AS34mBgzVx3FQ\",\"https:\/\/www.instagram.com\/blackfridaydeals.ch\/\"]}]}<\/script>\n<!-- \/ Yoast SEO plugin. -->","yoast_head_json":{"title":"Les offres sur les tablettes au Black Friday - blackfridaydeals.ch","description":"Les tablettes, comme l\u2019iPad d\u2019Apple, les Samsung Galaxy Tabs ou les Huawei MediaPads, figurent au Black Friday en premi\u00e8re place.","robots":{"index":"index","follow":"follow","max-snippet":"max-snippet:-1","max-image-preview":"max-image-preview:large","max-video-preview":"max-video-preview:-1"},"canonical":"https:\/\/www.blackfridaydeals.ch\/fr\/offres-tablettes-au-black-friday\/","og_locale":"fr_FR","og_type":"article","og_title":"Les offres sur les tablettes au Black Friday - blackfridaydeals.ch","og_description":"Les tablettes, comme l\u2019iPad d\u2019Apple, les Samsung Galaxy Tabs ou les Huawei MediaPads, figurent au Black Friday en premi\u00e8re place.","og_url":"https:\/\/www.blackfridaydeals.ch\/fr\/offres-tablettes-au-black-friday\/","og_site_name":"blackfridaydeals.ch","article_publisher":"https:\/\/www.facebook.com\/blackfridaydealsch\/","article_modified_time":"2025-02-07T14:30:57+00:00","og_image":[{"width":1617,"height":967,"url":"https:\/\/www.blackfridaydeals.ch\/wp-content\/uploads\/2025\/02\/iPad-Air.jpg","type":"image\/jpeg"}],"twitter_card":"summary_large_image","twitter_site":"@blackfridaych","twitter_misc":{"Est. reading time":"4 minutes"},"schema":{"@context":"https:\/\/schema.org","@graph":[{"@type":"WebPage","@id":"https:\/\/www.blackfridaydeals.ch\/fr\/offres-tablettes-au-black-friday\/","url":"https:\/\/www.blackfridaydeals.ch\/fr\/offres-tablettes-au-black-friday\/","name":"Les offres sur les tablettes au Black Friday - blackfridaydeals.ch","isPartOf":{"@id":"https:\/\/www.blackfridaydeals.ch\/fr\/#website"},"datePublished":"2023-07-31T14:00:17+00:00","dateModified":"2025-02-07T14:30:57+00:00","description":"Les tablettes, comme l\u2019iPad d\u2019Apple, les Samsung Galaxy Tabs ou les Huawei MediaPads, figurent au Black Friday en premi\u00e8re place.","breadcrumb":{"@id":"https:\/\/www.blackfridaydeals.ch\/fr\/offres-tablettes-au-black-friday\/#breadcrumb"},"inLanguage":"fr-CH","potentialAction":[{"@type":"ReadAction","target":["https:\/\/www.blackfridaydeals.ch\/fr\/offres-tablettes-au-black-friday\/"]}]},{"@type":"BreadcrumbList","@id":"https:\/\/www.blackfridaydeals.ch\/fr\/offres-tablettes-au-black-friday\/#breadcrumb","itemListElement":[{"@type":"ListItem","position":1,"name":"Startseite","item":"https:\/\/www.blackfridaydeals.ch\/fr\/"},{"@type":"ListItem","position":2,"name":"Les offres sur les tablettes au Black Friday"}]},{"@type":"WebSite","@id":"https:\/\/www.blackfridaydeals.ch\/fr\/#website","url":"https:\/\/www.blackfridaydeals.ch\/fr\/","name":"blackfridaydeals.ch","description":"Toutes les offres du Black Friday 2025 en Suisse","publisher":{"@id":"https:\/\/www.blackfridaydeals.ch\/fr\/#organization"},"alternateName":"Black Friday Deals","potentialAction":[{"@type":"SearchAction","target":{"@type":"EntryPoint","urlTemplate":"https:\/\/www.blackfridaydeals.ch\/fr\/?s={search_term_string}"},"query-input":"required name=search_term_string"}],"inLanguage":"fr-CH"},{"@type":"Organization","@id":"https:\/\/www.blackfridaydeals.ch\/fr\/#organization","name":"blackfridaydeals.ch","alternateName":"Black Friday Deals","url":"https:\/\/www.blackfridaydeals.ch\/fr\/","logo":{"@type":"ImageObject","inLanguage":"fr-CH","@id":"https:\/\/www.blackfridaydeals.ch\/fr\/#\/schema\/logo\/image\/","url":"https:\/\/www.blackfridaydeals.ch\/wp-content\/uploads\/2023\/03\/app-icon-white-bg-jpg.jpg","contentUrl":"https:\/\/www.blackfridaydeals.ch\/wp-content\/uploads\/2023\/03\/app-icon-white-bg-jpg.jpg","width":512,"height":512,"caption":"blackfridaydeals.ch"},"image":{"@id":"https:\/\/www.blackfridaydeals.ch\/fr\/#\/schema\/logo\/image\/"},"sameAs":["https:\/\/www.facebook.com\/blackfridaydealsch\/","https:\/\/twitter.com\/blackfridaych","https:\/\/www.youtube.com\/channel\/UCNKXHacMw8AS34mBgzVx3FQ","https:\/\/www.instagram.com\/blackfridaydeals.ch\/"]}]}},"_links":{"self":[{"href":"https:\/\/www.blackfridaydeals.ch\/fr\/wp-json\/wp\/v2\/pages\/63493"}],"collection":[{"href":"https:\/\/www.blackfridaydeals.ch\/fr\/wp-json\/wp\/v2\/pages"}],"about":[{"href":"https:\/\/www.blackfridaydeals.ch\/fr\/wp-json\/wp\/v2\/types\/page"}],"author":[{"embeddable":true,"href":"https:\/\/www.blackfridaydeals.ch\/fr\/wp-json\/wp\/v2\/users\/319"}],"replies":[{"embeddable":true,"href":"https:\/\/www.blackfridaydeals.ch\/fr\/wp-json\/wp\/v2\/comments?post=63493"}],"version-history":[{"count":9,"href":"https:\/\/www.blackfridaydeals.ch\/fr\/wp-json\/wp\/v2\/pages\/63493\/revisions"}],"predecessor-version":[{"id":98821,"href":"https:\/\/www.blackfridaydeals.ch\/fr\/wp-json\/wp\/v2\/pages\/63493\/revisions\/98821"}],"wp:featuredmedia":[{"embeddable":true,"href":"https:\/\/www.blackfridaydeals.ch\/fr\/wp-json\/wp\/v2\/media\/98818"}],"wp:attachment":[{"href":"https:\/\/www.blackfridaydeals.ch\/fr\/wp-json\/wp\/v2\/media?parent=63493"}],"curies":[{"name":"wp","href":"https:\/\/api.w.org\/{rel}","templated":true}]}}