{"id":49534,"date":"2022-03-24T09:29:58","date_gmt":"2022-03-24T08:29:58","guid":{"rendered":"https:\/\/www.blackfridaydeals.ch\/?page_id=49534"},"modified":"2025-01-28T15:14:39","modified_gmt":"2025-01-28T14:14:39","slug":"black-friday-2027","status":"publish","type":"page","link":"https:\/\/www.blackfridaydeals.ch\/fr\/black-friday-2027\/","title":{"rendered":"Black Friday 2027"},"content":{"rendered":"<p>[vc_row css=&#8221;.vc_custom_1618582679192{background-color: #ffffff !important;}&#8221;][vc_column][vc_column_text]<\/p>\n<h1 style=\"text-align: center;\">BLACK FRIDAY 2027 &#8211; Ces offres seront au rendez-vous le 26.11.2027<\/h1>\n<p>[\/vc_column_text][vc_column_text]<div id=\"69f3e3149f203-countdown\" class=\"tminus_countdown\" style=\"width:auto; height:auto;\"><div class=\"hoth-countdown\"><div id=\"69f3e3149f203-tophtml\" class=\"hoth-tophtml\"><\/div><div id=\"69f3e3149f203-dashboard\" class=\"hoth-dashboard\"><div class=\"hoth-dash hoth-days_dash\" data-next=\"572\"><div class=\"hoth-dash_title\">jours<\/div><div class=\"hoth-digit\" data-digit=\"5\">5<\/div><div class=\"hoth-digit\" data-digit=\"7\">7<\/div><div class=\"hoth-digit\" data-digit=\"3\">3<\/div><\/div><div class=\"hoth-dash hoth-hours_dash\" data-current=\"22\"><div class=\"hoth-dash_title\">heures<\/div><div class=\"hoth-digit\" data-digit=\"2\">2<\/div><div class=\"hoth-digit\" data-digit=\"2\">2<\/div><\/div><div class=\"hoth-dash hoth-minutes_dash\" data-current=\"42\"><div class=\"hoth-dash_title\">minutes<\/div><div class=\"hoth-digit\" data-digit=\"4\">4<\/div><div class=\"hoth-digit\" data-digit=\"2\">2<\/div><\/div><div class=\"hoth-dash hoth-seconds_dash\"><div class=\"hoth-dash_title\">secondes<\/div><div class=\"hoth-digit\" data-digit=\"2\">2<\/div><div class=\"hoth-digit\" data-digit=\"0\">0<\/div><\/div><\/div><div id=\"69f3e3149f203-bothtml\" class=\"hoth-bothtml\"><\/div><\/div><\/div><input type=\"hidden\" id=\"countdown-data\" value='{\"day\":\"26\",\"month\":\"11\",\"year\":\"2027\",\"hour\":\"00\",\"min\":\"00\",\"sec\":\"01\",\"target\":\"Fri Nov 26 2027 00:00:01 +0100\",\"localtime\":\"5\\\/1\\\/2026 01:17:40\",\"style\":\"hoth\",\"id\":\"69f3e3149f203\",\"event_id\":\"\",\"debug\":\"\",\"launchtarget\":\"countdown\",\"launchwidth\":\"auto\",\"launchheight\":\"auto\",\"content\":\"\"}' \/>[\/vc_column_text][vc_empty_space][vc_column_text]<\/p>\n<h2 style=\"text-align: center;\">Black Friday 2027 Shops<\/h2>\n<p>[\/vc_column_text][vc_row_inner][vc_column_inner width=&#8221;1\/4&#8243; offset=&#8221;vc_col-xs-6&#8243;][vc_single_image image=&#8221;4229&#8243; onclick=&#8221;custom_link&#8221; link=&#8221;https:\/\/www.blackfridaydeals.ch\/fr\/shops\/manor-fr\/&#8221;][vc_single_image image=&#8221;4233&#8243; alignment=&#8221;center&#8221; onclick=&#8221;custom_link&#8221; link=&#8221;https:\/\/www.blackfridaydeals.ch\/fr\/shops\/fust-fr\/&#8221;][\/vc_column_inner][vc_column_inner width=&#8221;1\/4&#8243; offset=&#8221;vc_col-xs-6&#8243;][vc_single_image image=&#8221;4235&#8243; alignment=&#8221;center&#8221; onclick=&#8221;custom_link&#8221; link=&#8221;https:\/\/www.blackfridaydeals.ch\/fr\/shops\/interdiscount-fr\/&#8221;][vc_single_image image=&#8221;4231&#8243; alignment=&#8221;center&#8221; onclick=&#8221;custom_link&#8221; link=&#8221;https:\/\/www.blackfridaydeals.ch\/fr\/shops\/mediamarkt-fr\/&#8221;][\/vc_column_inner][vc_column_inner width=&#8221;1\/4&#8243; offset=&#8221;vc_col-xs-6&#8243;][vc_single_image image=&#8221;76395&#8243; alignment=&#8221;center&#8221; onclick=&#8221;custom_link&#8221; link=&#8221;https:\/\/www.blackfridaydeals.ch\/fr\/shops\/lipo-fr\/&#8221;][vc_single_image image=&#8221;7544&#8243; alignment=&#8221;center&#8221; onclick=&#8221;custom_link&#8221; link=&#8221;https:\/\/www.blackfridaydeals.ch\/fr\/shops\/apple-fr\/&#8221;][\/vc_column_inner][vc_column_inner width=&#8221;1\/4&#8243; offset=&#8221;vc_col-xs-6&#8243;][vc_single_image image=&#8221;7541&#8243; alignment=&#8221;center&#8221; onclick=&#8221;custom_link&#8221; link=&#8221;https:\/\/www.blackfridaydeals.ch\/fr\/shops\/amazon-fr\/&#8221;][vc_single_image image=&#8221;7547&#8243; alignment=&#8221;center&#8221; onclick=&#8221;custom_link&#8221; link=&#8221;https:\/\/www.blackfridaydeals.ch\/fr\/shops\/digitec-fr\/&#8221;][\/vc_column_inner][\/vc_row_inner][vc_empty_space][vc_column_text]Le Black Friday est un \u00e9v\u00e9nement de shopping qui a beaucoup gagn\u00e9 en popularit\u00e9 en Suisse et partout dans le monde. Cet \u00e9v\u00e9nement commercial est originaire d&#8217;Am\u00e9rique. Depuis sa cr\u00e9ation, probablement dans les ann\u00e9es soixante, cet \u00e9v\u00e9nement n\u2019a cess\u00e9 de prendre de l\u2019ampleur et de s\u2019imposer \u00e0 l\u2019\u00e9chelle plan\u00e9taire. La Suisse ne fait pas exception, ainsi vous pouvez trouver des offres int\u00e9ressantes pour le Black Friday dans d&#8217;innombrables boutiques.<\/p>\n<p>Force est de constater que les actions marketings propos\u00e9es au <a href=\"https:\/\/www.blackfridaydeals.ch\/fr\/\">Black Friday<\/a> s&#8217;am\u00e9liorent d&#8217;ann\u00e9e en ann\u00e9e, alors que les entreprises essaient de se surpasser les unes les autres. C&#8217;est pourquoi nous pensons que le Black Friday 2027 sera l&#8217;\u00e9v\u00e9nement de shopping le plus lucratif \u00e0 ce jour. Vous trouverez ici toutes les informations concernant la date exacte du Black Friday cette ann\u00e9e et les astuces auxquelles vous pouvez recourir pour tirer profit \u00e0 bon escient des bons plans propos\u00e9s\u00a0!<\/p>\n<h2>Le Black Friday a lieu \u00e0 cette date<\/h2>\n<p>Le Black Friday n&#8217;a pas de date fixe, celle-ci varie d&#8217;une ann\u00e9e \u00e0 l&#8217;autre. Mais comment savoir la date exacte. Ce que vous devez savoir c\u2019est qu\u2019il est c\u00e9l\u00e9br\u00e9 tous les ans pendant le dernier vendredi du mois de novembre, au lendemain de la traditionnelle f\u00eate am\u00e9ricaine de Thanksgiving.<\/p>\n<p>Pour cette ann\u00e9e, l\u2019\u00e9dition 2027 du Black Friday se tiendra donc le 26\u00a0novembre\u00a0! Il est donc primordial de se pr\u00e9parer et de chercher d\u00e8s maintenant les offres qui peuvent vous int\u00e9resser, car une multitude d\u2019entreprises publie d\u00e9j\u00e0 des annonces et annonce leurs offres avant l&#8217;\u00e9v\u00e9nement de shopping proprement dit.<\/p>\n<h2>\u00c0 partir de quand peut-on d\u00e9couvrir les offres propos\u00e9es au Black Friday et combien de temps restent-elles valables\u00a0?<\/h2>\n<p>La plupart des boutiques, y compris en Suisse, prolongent leurs offres lanc\u00e9es au Black Friday au-del\u00e0 de l&#8217;\u00e9v\u00e9nement de shopping proprement dit. Ainsi, vous pouvez souvent commencer \u00e0 \u00e9conomiser quelques jours en amont du Black Friday. On parle souvent de la Black Week o\u00f9 les actions lanc\u00e9es sont particuli\u00e8rement appr\u00e9ci\u00e9es. Vous recevrez alors des offres pendant toute la semaine, lesquelles offres culminent le jour du Black Friday. Parfois, chaque jour de la Black Week apporte son lot de bons plans, car, pour s\u00e9duire le maximum de clients, les magasins s\u2019emploient \u00e0 varier et changer leurs offres quotidiennement, ce qui permet de pr\u00e9senter encore plus d&#8217;articles diff\u00e9rents \u00e0 des prix avantageux. Le week-end suivant le Black Friday ainsi que le Cyber Monday sont g\u00e9n\u00e9ralement inclus dans la p\u00e9riode de promotion.<\/p>\n<p>Nous pourrions m\u00eame imaginer qu\u2019il y aurait cette ann\u00e9e des actions qui commenceraient d\u00e8s le 11\u00a0novembre, c&#8217;est-\u00e0-dire au <a href=\"https:\/\/www.blackfridaydeals.ch\/fr\/singles-day\/\">Singles Day<\/a>, et qui se prolongeraient jusqu&#8217;au <a href=\"https:\/\/www.blackfridaydeals.ch\/fr\/cyber-monday\/\">Cyber Monday<\/a>. Ainsi, la plus grande partie du mois de novembre constituerait une seule et m\u00eame saison de shopping. En changeant r\u00e9guli\u00e8rement de bons plans, les magasins pourront introduire suffisamment de vari\u00e9t\u00e9 pour maintenir l&#8217;int\u00e9r\u00eat des clients, m\u00eame sur une longue p\u00e9riode.<\/p>\n<p>Concr\u00e8tement, on peut toutefois partir du principe que la plupart des actions programm\u00e9es au Black Friday commenceront le 22\u00a0novembre, c&#8217;est-\u00e0-dire le lundi qui pr\u00e9c\u00e9dant la journ\u00e9e du Black Friday 2027. La plupart des actions se termineront probablement avec le Cyber Monday, c\u2019est-\u00e0-dire le 29\u00a0novembre 2027. Mais on a d\u00e9j\u00e0 pu observer par le pass\u00e9 que certaines boutiques avaient prolong\u00e9 les actions qu\u2019ils avaient propos\u00e9es au Black Friday jusqu&#8217;en d\u00e9cembre.<\/p>\n<p>Certaines offres lanc\u00e9es au Black Friday ne sont disponibles que pour une courte dur\u00e9e ou en quantit\u00e9 limit\u00e9e. Dans ce cas, il vaut mieux \u00eatre attentif et rester inform\u00e9 de ce qui se passe pour r\u00e9agir rapidement au moment opportun. Et l\u00e0, vous pouvez compter sur nous. En effet, nous nous engageons \u00e0 vous tenir au courant, ici et en temps r\u00e9el, sur tout ce qui concerne le Black Friday. Comme conseil suppl\u00e9mentaire, nous tenons \u00e0 vous recommander de commencer \u00e0 chercher les offres d\u00e8s minuit, au moment o\u00f9 l\u2019horloge annonce l\u2019entr\u00e9e en vigueur de la journ\u00e9e du Black Friday. En effet, de nombreuses entreprises lancent leurs promotions d\u00e8s que l&#8217;horloge passe au nouveau jour, de cette fa\u00e7on, vous pouvez prendre une longueur d&#8217;avance sur les autres amateurs de bonnes affaires.<\/p>\n<h2>Vous pouvez compter sur ces r\u00e9ductions lors du Black Friday 2027<\/h2>\n<p>Chaque ann\u00e9e, le Black Friday devient le th\u00e9\u00e2tre actif et anim\u00e9 d\u2019un grand kal\u00e9idoscope de mod\u00e8les promotionnels totalement diff\u00e9rents. Les rabais forfaitaires qui portent en g\u00e9n\u00e9ral sur tous les produits d&#8217;une boutique, sauf quelques exceptions, sont particuli\u00e8rement appr\u00e9ci\u00e9s. Il est g\u00e9n\u00e9ralement possible de b\u00e9n\u00e9ficier d&#8217;une r\u00e9duction de 20\u00a0%, m\u00eame si des rabais forfaitaires plus \u00e9lev\u00e9s ont d\u00e9j\u00e0 \u00e9t\u00e9 propos\u00e9s.<\/p>\n<p>Certaines entreprises ne proposent des r\u00e9ductions que sur certaines cat\u00e9gories d&#8217;articles. C&#8217;est le cas par exemple des r\u00e9ductions sur les chaussures dans les boutiques de mode ou sur les canap\u00e9s dans les magasins de meubles. Ces mod\u00e8les d&#8217;action offrent \u00e9galement un large \u00e9ventail de produits, mais comme les rabais se limitent \u00e0 une s\u00e9lection d\u2019articles, ils sont g\u00e9n\u00e9ralement plus lucratifs que les r\u00e9ductions forfaitaires. La plupart du temps, il est possible d&#8217;obtenir 30\u00a0% de r\u00e9duction sur des cat\u00e9gories d&#8217;articles.<\/p>\n<p>Certaines boutiques, notamment celles qui disposent d&#8217;une large gamme de produits tr\u00e8s diversifi\u00e9e ou co\u00fbteuse, proposent \u00e9galement des r\u00e9ductions individuelles uniquement sur des produits s\u00e9lectionn\u00e9s. Il est ainsi possible que vous obteniez une r\u00e9duction de 10\u00a0% sur certains articles, alors que pour d&#8217;autres, les r\u00e9ductions peuvent atteindre plus de 70\u00a0%. Cette strat\u00e9gie d&#8217;offre inclut normalement un grand nombre de produits, ce qui pourrait \u00eatre motivant pour entreprendre des recherches approfondies et faire de v\u00e9ritables \u00e9conomies.<\/p>\n<p>Par ailleurs, certaines boutiques offrent d\u2019autres mod\u00e8les d&#8217;actions lors du Black Friday. Comme, \u00e0 titre d\u2019exemple, la livraison gratuite. Ou alors, on offre aussi des articles en cadeau ou des produits sp\u00e9ciaux ou bien des packs cr\u00e9\u00e9s sp\u00e9cialement pour l&#8217;\u00e9v\u00e9nement de shopping. Nous pensons que les offres qui seront programm\u00e9es au Black Friday 2027 seront plus fructueuses que jamais. Nous ne serions donc pas surpris de voir certaines boutiques offrir la livraison gratuite et une r\u00e9duction de 30\u00a0% ou plus sur une grande partie de l&#8217;assortiment.<\/p>\n<p>&nbsp;<\/p>\n<h2>Dates du Black Friday<\/h2>\n<p><span><img decoding=\"async\" class=\"alignright size-medium wp-image-49372\" src=\"https:\/\/www.blackfridaydeals.ch\/wp-content\/uploads\/2022\/03\/Black-Friday-300x114.jpg\" alt=\"\" width=\"300\" height=\"114\" srcset=\"https:\/\/www.blackfridaydeals.ch\/wp-content\/uploads\/2022\/03\/Black-Friday-300x114.jpg 300w, https:\/\/www.blackfridaydeals.ch\/wp-content\/uploads\/2022\/03\/Black-Friday-1024x390.jpg 1024w, https:\/\/www.blackfridaydeals.ch\/wp-content\/uploads\/2022\/03\/Black-Friday-767x292.jpg 767w, https:\/\/www.blackfridaydeals.ch\/wp-content\/uploads\/2022\/03\/Black-Friday-1536x585.jpg 1536w, https:\/\/www.blackfridaydeals.ch\/wp-content\/uploads\/2022\/03\/Black-Friday-2048x780.jpg 2048w, https:\/\/www.blackfridaydeals.ch\/wp-content\/uploads\/2022\/03\/Black-Friday-788x299.jpg 788w, https:\/\/www.blackfridaydeals.ch\/wp-content\/uploads\/2022\/03\/Black-Friday-150x57.jpg 150w\" sizes=\"(max-width: 300px) 100vw, 300px\" \/>Comme le Black Friday n&#8217;est pas li\u00e9 \u00e0 une date pr\u00e9cise, il change chaque ann\u00e9e. Pour que vous puissiez avoir une vue d&#8217;ensemble, nous avons list\u00e9 ici les prochaines dates\u00a0:<\/span><\/p>\n<ul>\n<li>Black Friday 2027 : 26 novembre<\/li>\n<li>Black Friday 2028 : 24 novembre<\/li>\n<li>Black Friday 2029 : 23 novembre<\/li>\n<li>Black Friday 2030 : 29 novembre<\/li>\n<li>Black Friday 2031 : 28 novembre<\/li>\n<\/ul>\n<p>[\/vc_column_text][\/vc_column][\/vc_row]<\/p>\n","protected":false},"excerpt":{"rendered":"<p>[vc_row css=&#8221;.vc_custom_1618582679192{background-color: #ffffff !important;}&#8221;][vc_column][vc_column_text] BLACK FRIDAY 2027 &#8211; Ces offres seront au rendez-vous le 26.11.2027 [\/vc_column_text][vc_column_text][\/vc_column_text][vc_empty_space][vc_column_text] Black Friday 2027 Shops [\/vc_column_text][vc_row_inner][vc_column_inner width=&#8221;1\/4&#8243; offset=&#8221;vc_col-xs-6&#8243;][vc_single_image image=&#8221;4229&#8243; onclick=&#8221;custom_link&#8221; link=&#8221;https:\/\/www.blackfridaydeals.ch\/fr\/shops\/manor-fr\/&#8221;][vc_single_image image=&#8221;4233&#8243; alignment=&#8221;center&#8221; onclick=&#8221;custom_link&#8221; link=&#8221;https:\/\/www.blackfridaydeals.ch\/fr\/shops\/fust-fr\/&#8221;][\/vc_column_inner][vc_column_inner width=&#8221;1\/4&#8243; offset=&#8221;vc_col-xs-6&#8243;][vc_single_image image=&#8221;4235&#8243; alignment=&#8221;center&#8221; onclick=&#8221;custom_link&#8221; link=&#8221;https:\/\/www.blackfridaydeals.ch\/fr\/shops\/interdiscount-fr\/&#8221;][vc_single_image image=&#8221;4231&#8243; alignment=&#8221;center&#8221; onclick=&#8221;custom_link&#8221; link=&#8221;https:\/\/www.blackfridaydeals.ch\/fr\/shops\/mediamarkt-fr\/&#8221;][\/vc_column_inner][vc_column_inner width=&#8221;1\/4&#8243; offset=&#8221;vc_col-xs-6&#8243;][vc_single_image image=&#8221;76395&#8243; alignment=&#8221;center&#8221; onclick=&#8221;custom_link&#8221; link=&#8221;https:\/\/www.blackfridaydeals.ch\/fr\/shops\/lipo-fr\/&#8221;][vc_single_image image=&#8221;7544&#8243; alignment=&#8221;center&#8221; onclick=&#8221;custom_link&#8221; link=&#8221;https:\/\/www.blackfridaydeals.ch\/fr\/shops\/apple-fr\/&#8221;][\/vc_column_inner][vc_column_inner width=&#8221;1\/4&#8243; offset=&#8221;vc_col-xs-6&#8243;][vc_single_image image=&#8221;7541&#8243; alignment=&#8221;center&#8221; onclick=&#8221;custom_link&#8221; [&hellip;]<\/p>\n","protected":false},"author":40,"featured_media":49372,"parent":0,"menu_order":0,"comment_status":"closed","ping_status":"closed","template":"","meta":[],"yoast_head":"<!-- This site is optimized with the Yoast SEO plugin v20.5 - https:\/\/yoast.com\/wordpress\/plugins\/seo\/ -->\n<title>Black Friday 2027 | Le 26 novembre 2027 | Toutes les promos<\/title>\n<meta name=\"description\" content=\"D\u00e9couvre ici les meilleures promotions et actions du Black Friday 2027. Rendez-vous le 26 novembre pour la f\u00eate des r\u00e9ductions.\" \/>\n<meta name=\"robots\" content=\"index, follow, max-snippet:-1, max-image-preview:large, max-video-preview:-1\" \/>\n<link rel=\"canonical\" href=\"https:\/\/www.blackfridaydeals.ch\/fr\/black-friday-2027\/\" \/>\n<meta property=\"og:locale\" content=\"fr_FR\" \/>\n<meta property=\"og:type\" content=\"article\" \/>\n<meta property=\"og:title\" content=\"Black Friday 2027 | Le 26 novembre 2027 | Toutes les promos\" \/>\n<meta property=\"og:description\" content=\"D\u00e9couvre ici les meilleures promotions et actions du Black Friday 2027. Rendez-vous le 26 novembre pour la f\u00eate des r\u00e9ductions.\" \/>\n<meta property=\"og:url\" content=\"https:\/\/www.blackfridaydeals.ch\/fr\/black-friday-2027\/\" \/>\n<meta property=\"og:site_name\" content=\"blackfridaydeals.ch\" \/>\n<meta property=\"article:publisher\" content=\"https:\/\/www.facebook.com\/blackfridaydealsch\/\" \/>\n<meta property=\"article:modified_time\" content=\"2025-01-28T14:14:39+00:00\" \/>\n<meta property=\"og:image\" content=\"https:\/\/www.blackfridaydeals.ch\/wp-content\/uploads\/2022\/03\/Black-Friday-scaled.jpg\" \/>\n\t<meta property=\"og:image:width\" content=\"2560\" \/>\n\t<meta property=\"og:image:height\" content=\"975\" \/>\n\t<meta property=\"og:image:type\" content=\"image\/jpeg\" \/>\n<meta name=\"twitter:card\" content=\"summary_large_image\" \/>\n<meta name=\"twitter:site\" content=\"@blackfridaych\" \/>\n<meta name=\"twitter:label1\" content=\"Est. reading time\" \/>\n\t<meta name=\"twitter:data1\" content=\"6 minutes\" \/>\n<script type=\"application\/ld+json\" class=\"yoast-schema-graph\">{\"@context\":\"https:\/\/schema.org\",\"@graph\":[{\"@type\":\"WebPage\",\"@id\":\"https:\/\/www.blackfridaydeals.ch\/fr\/black-friday-2027\/\",\"url\":\"https:\/\/www.blackfridaydeals.ch\/fr\/black-friday-2027\/\",\"name\":\"Black Friday 2027 | Le 26 novembre 2027 | Toutes les promos\",\"isPartOf\":{\"@id\":\"https:\/\/www.blackfridaydeals.ch\/fr\/#website\"},\"datePublished\":\"2022-03-24T08:29:58+00:00\",\"dateModified\":\"2025-01-28T14:14:39+00:00\",\"description\":\"D\u00e9couvre ici les meilleures promotions et actions du Black Friday 2027. Rendez-vous le 26 novembre pour la f\u00eate des r\u00e9ductions.\",\"breadcrumb\":{\"@id\":\"https:\/\/www.blackfridaydeals.ch\/fr\/black-friday-2027\/#breadcrumb\"},\"inLanguage\":\"fr-CH\",\"potentialAction\":[{\"@type\":\"ReadAction\",\"target\":[\"https:\/\/www.blackfridaydeals.ch\/fr\/black-friday-2027\/\"]}]},{\"@type\":\"BreadcrumbList\",\"@id\":\"https:\/\/www.blackfridaydeals.ch\/fr\/black-friday-2027\/#breadcrumb\",\"itemListElement\":[{\"@type\":\"ListItem\",\"position\":1,\"name\":\"Startseite\",\"item\":\"https:\/\/www.blackfridaydeals.ch\/fr\/\"},{\"@type\":\"ListItem\",\"position\":2,\"name\":\"Black Friday 2027\"}]},{\"@type\":\"WebSite\",\"@id\":\"https:\/\/www.blackfridaydeals.ch\/fr\/#website\",\"url\":\"https:\/\/www.blackfridaydeals.ch\/fr\/\",\"name\":\"blackfridaydeals.ch\",\"description\":\"Toutes les offres du Black Friday 2025 en Suisse\",\"publisher\":{\"@id\":\"https:\/\/www.blackfridaydeals.ch\/fr\/#organization\"},\"alternateName\":\"Black Friday Deals\",\"potentialAction\":[{\"@type\":\"SearchAction\",\"target\":{\"@type\":\"EntryPoint\",\"urlTemplate\":\"https:\/\/www.blackfridaydeals.ch\/fr\/?s={search_term_string}\"},\"query-input\":\"required name=search_term_string\"}],\"inLanguage\":\"fr-CH\"},{\"@type\":\"Organization\",\"@id\":\"https:\/\/www.blackfridaydeals.ch\/fr\/#organization\",\"name\":\"blackfridaydeals.ch\",\"alternateName\":\"Black Friday Deals\",\"url\":\"https:\/\/www.blackfridaydeals.ch\/fr\/\",\"logo\":{\"@type\":\"ImageObject\",\"inLanguage\":\"fr-CH\",\"@id\":\"https:\/\/www.blackfridaydeals.ch\/fr\/#\/schema\/logo\/image\/\",\"url\":\"https:\/\/www.blackfridaydeals.ch\/wp-content\/uploads\/2023\/03\/app-icon-white-bg-jpg.jpg\",\"contentUrl\":\"https:\/\/www.blackfridaydeals.ch\/wp-content\/uploads\/2023\/03\/app-icon-white-bg-jpg.jpg\",\"width\":512,\"height\":512,\"caption\":\"blackfridaydeals.ch\"},\"image\":{\"@id\":\"https:\/\/www.blackfridaydeals.ch\/fr\/#\/schema\/logo\/image\/\"},\"sameAs\":[\"https:\/\/www.facebook.com\/blackfridaydealsch\/\",\"https:\/\/twitter.com\/blackfridaych\",\"https:\/\/www.youtube.com\/channel\/UCNKXHacMw8AS34mBgzVx3FQ\",\"https:\/\/www.instagram.com\/blackfridaydeals.ch\/\"]}]}<\/script>\n<!-- \/ Yoast SEO plugin. -->","yoast_head_json":{"title":"Black Friday 2027 | Le 26 novembre 2027 | Toutes les promos","description":"D\u00e9couvre ici les meilleures promotions et actions du Black Friday 2027. Rendez-vous le 26 novembre pour la f\u00eate des r\u00e9ductions.","robots":{"index":"index","follow":"follow","max-snippet":"max-snippet:-1","max-image-preview":"max-image-preview:large","max-video-preview":"max-video-preview:-1"},"canonical":"https:\/\/www.blackfridaydeals.ch\/fr\/black-friday-2027\/","og_locale":"fr_FR","og_type":"article","og_title":"Black Friday 2027 | Le 26 novembre 2027 | Toutes les promos","og_description":"D\u00e9couvre ici les meilleures promotions et actions du Black Friday 2027. Rendez-vous le 26 novembre pour la f\u00eate des r\u00e9ductions.","og_url":"https:\/\/www.blackfridaydeals.ch\/fr\/black-friday-2027\/","og_site_name":"blackfridaydeals.ch","article_publisher":"https:\/\/www.facebook.com\/blackfridaydealsch\/","article_modified_time":"2025-01-28T14:14:39+00:00","og_image":[{"width":2560,"height":975,"url":"https:\/\/www.blackfridaydeals.ch\/wp-content\/uploads\/2022\/03\/Black-Friday-scaled.jpg","type":"image\/jpeg"}],"twitter_card":"summary_large_image","twitter_site":"@blackfridaych","twitter_misc":{"Est. reading time":"6 minutes"},"schema":{"@context":"https:\/\/schema.org","@graph":[{"@type":"WebPage","@id":"https:\/\/www.blackfridaydeals.ch\/fr\/black-friday-2027\/","url":"https:\/\/www.blackfridaydeals.ch\/fr\/black-friday-2027\/","name":"Black Friday 2027 | Le 26 novembre 2027 | Toutes les promos","isPartOf":{"@id":"https:\/\/www.blackfridaydeals.ch\/fr\/#website"},"datePublished":"2022-03-24T08:29:58+00:00","dateModified":"2025-01-28T14:14:39+00:00","description":"D\u00e9couvre ici les meilleures promotions et actions du Black Friday 2027. Rendez-vous le 26 novembre pour la f\u00eate des r\u00e9ductions.","breadcrumb":{"@id":"https:\/\/www.blackfridaydeals.ch\/fr\/black-friday-2027\/#breadcrumb"},"inLanguage":"fr-CH","potentialAction":[{"@type":"ReadAction","target":["https:\/\/www.blackfridaydeals.ch\/fr\/black-friday-2027\/"]}]},{"@type":"BreadcrumbList","@id":"https:\/\/www.blackfridaydeals.ch\/fr\/black-friday-2027\/#breadcrumb","itemListElement":[{"@type":"ListItem","position":1,"name":"Startseite","item":"https:\/\/www.blackfridaydeals.ch\/fr\/"},{"@type":"ListItem","position":2,"name":"Black Friday 2027"}]},{"@type":"WebSite","@id":"https:\/\/www.blackfridaydeals.ch\/fr\/#website","url":"https:\/\/www.blackfridaydeals.ch\/fr\/","name":"blackfridaydeals.ch","description":"Toutes les offres du Black Friday 2025 en Suisse","publisher":{"@id":"https:\/\/www.blackfridaydeals.ch\/fr\/#organization"},"alternateName":"Black Friday Deals","potentialAction":[{"@type":"SearchAction","target":{"@type":"EntryPoint","urlTemplate":"https:\/\/www.blackfridaydeals.ch\/fr\/?s={search_term_string}"},"query-input":"required name=search_term_string"}],"inLanguage":"fr-CH"},{"@type":"Organization","@id":"https:\/\/www.blackfridaydeals.ch\/fr\/#organization","name":"blackfridaydeals.ch","alternateName":"Black Friday Deals","url":"https:\/\/www.blackfridaydeals.ch\/fr\/","logo":{"@type":"ImageObject","inLanguage":"fr-CH","@id":"https:\/\/www.blackfridaydeals.ch\/fr\/#\/schema\/logo\/image\/","url":"https:\/\/www.blackfridaydeals.ch\/wp-content\/uploads\/2023\/03\/app-icon-white-bg-jpg.jpg","contentUrl":"https:\/\/www.blackfridaydeals.ch\/wp-content\/uploads\/2023\/03\/app-icon-white-bg-jpg.jpg","width":512,"height":512,"caption":"blackfridaydeals.ch"},"image":{"@id":"https:\/\/www.blackfridaydeals.ch\/fr\/#\/schema\/logo\/image\/"},"sameAs":["https:\/\/www.facebook.com\/blackfridaydealsch\/","https:\/\/twitter.com\/blackfridaych","https:\/\/www.youtube.com\/channel\/UCNKXHacMw8AS34mBgzVx3FQ","https:\/\/www.instagram.com\/blackfridaydeals.ch\/"]}]}},"_links":{"self":[{"href":"https:\/\/www.blackfridaydeals.ch\/fr\/wp-json\/wp\/v2\/pages\/49534"}],"collection":[{"href":"https:\/\/www.blackfridaydeals.ch\/fr\/wp-json\/wp\/v2\/pages"}],"about":[{"href":"https:\/\/www.blackfridaydeals.ch\/fr\/wp-json\/wp\/v2\/types\/page"}],"author":[{"embeddable":true,"href":"https:\/\/www.blackfridaydeals.ch\/fr\/wp-json\/wp\/v2\/users\/40"}],"replies":[{"embeddable":true,"href":"https:\/\/www.blackfridaydeals.ch\/fr\/wp-json\/wp\/v2\/comments?post=49534"}],"version-history":[{"count":3,"href":"https:\/\/www.blackfridaydeals.ch\/fr\/wp-json\/wp\/v2\/pages\/49534\/revisions"}],"predecessor-version":[{"id":98576,"href":"https:\/\/www.blackfridaydeals.ch\/fr\/wp-json\/wp\/v2\/pages\/49534\/revisions\/98576"}],"wp:featuredmedia":[{"embeddable":true,"href":"https:\/\/www.blackfridaydeals.ch\/fr\/wp-json\/wp\/v2\/media\/49372"}],"wp:attachment":[{"href":"https:\/\/www.blackfridaydeals.ch\/fr\/wp-json\/wp\/v2\/media?parent=49534"}],"curies":[{"name":"wp","href":"https:\/\/api.w.org\/{rel}","templated":true}]}}