{"id":49531,"date":"2022-03-24T09:23:01","date_gmt":"2022-03-24T08:23:01","guid":{"rendered":"https:\/\/www.blackfridaydeals.ch\/?page_id=49531"},"modified":"2025-01-28T15:11:03","modified_gmt":"2025-01-28T14:11:03","slug":"black-friday-2026","status":"publish","type":"page","link":"https:\/\/www.blackfridaydeals.ch\/fr\/black-friday-2026\/","title":{"rendered":"Black Friday 2026"},"content":{"rendered":"<p>[vc_row css=&#8221;.vc_custom_1618582679192{background-color: #ffffff !important;}&#8221;][vc_column][vc_column_text]<\/p>\n<h1 style=\"text-align: center;\">BLACK FRIDAY 2026 &#8211; Le 27 novembre 2026, nous y serons \u00e0 nouveau<\/h1>\n<p>[\/vc_column_text][vc_column_text]<div id=\"69f3b8b9eb81e-countdown\" class=\"tminus_countdown\" style=\"width:auto; height:auto;\"><div class=\"hoth-countdown\"><div id=\"69f3b8b9eb81e-tophtml\" class=\"hoth-tophtml\"><\/div><div id=\"69f3b8b9eb81e-dashboard\" class=\"hoth-dashboard\"><div class=\"hoth-dash hoth-days_dash\" data-next=\"209\"><div class=\"hoth-dash_title\">jours<\/div><div class=\"hoth-digit\" data-digit=\"2\">2<\/div><div class=\"hoth-digit\" data-digit=\"1\">1<\/div><div class=\"hoth-digit\" data-digit=\"0\">0<\/div><\/div><div class=\"hoth-dash hoth-hours_dash\" data-current=\"1\"><div class=\"hoth-dash_title\">heures<\/div><div class=\"hoth-digit\" data-digit=\"0\">0<\/div><div class=\"hoth-digit\" data-digit=\"1\">1<\/div><\/div><div class=\"hoth-dash hoth-minutes_dash\" data-current=\"43\"><div class=\"hoth-dash_title\">minutes<\/div><div class=\"hoth-digit\" data-digit=\"4\">4<\/div><div class=\"hoth-digit\" data-digit=\"3\">3<\/div><\/div><div class=\"hoth-dash hoth-seconds_dash\"><div class=\"hoth-dash_title\">secondes<\/div><div class=\"hoth-digit\" data-digit=\"0\">0<\/div><div class=\"hoth-digit\" data-digit=\"3\">3<\/div><\/div><\/div><div id=\"69f3b8b9eb81e-bothtml\" class=\"hoth-bothtml\"><\/div><\/div><\/div><input type=\"hidden\" id=\"countdown-data\" value='{\"day\":\"27\",\"month\":\"11\",\"year\":\"2026\",\"hour\":\"00\",\"min\":\"00\",\"sec\":\"01\",\"target\":\"Fri Nov 27 2026 00:00:01 +0100\",\"localtime\":\"4\\\/30\\\/2026 22:16:57\",\"style\":\"hoth\",\"id\":\"69f3b8b9eb81e\",\"event_id\":\"\",\"debug\":\"\",\"launchtarget\":\"countdown\",\"launchwidth\":\"auto\",\"launchheight\":\"auto\",\"content\":\"\"}' \/>[\/vc_column_text][vc_empty_space][vc_column_text]<\/p>\n<h2 style=\"text-align: center;\">Black Friday 2026 top Shops<\/h2>\n<p>[\/vc_column_text][vc_row_inner][vc_column_inner width=&#8221;1\/4&#8243; offset=&#8221;vc_col-xs-6&#8243;][vc_single_image image=&#8221;4229&#8243; onclick=&#8221;custom_link&#8221; link=&#8221;https:\/\/www.blackfridaydeals.ch\/fr\/shops\/manor-fr\/&#8221;][vc_single_image image=&#8221;4233&#8243; alignment=&#8221;center&#8221; onclick=&#8221;custom_link&#8221; link=&#8221;https:\/\/www.blackfridaydeals.ch\/fr\/shops\/fust-fr\/&#8221;][\/vc_column_inner][vc_column_inner width=&#8221;1\/4&#8243; offset=&#8221;vc_col-xs-6&#8243;][vc_single_image image=&#8221;4235&#8243; alignment=&#8221;center&#8221; onclick=&#8221;custom_link&#8221; link=&#8221;https:\/\/www.blackfridaydeals.ch\/fr\/shops\/interdiscount-fr\/&#8221;][vc_single_image image=&#8221;4231&#8243; alignment=&#8221;center&#8221; onclick=&#8221;custom_link&#8221; link=&#8221;https:\/\/www.blackfridaydeals.ch\/fr\/shops\/mediamarkt-fr\/&#8221;][\/vc_column_inner][vc_column_inner width=&#8221;1\/4&#8243; offset=&#8221;vc_col-xs-6&#8243;][vc_single_image image=&#8221;76395&#8243; alignment=&#8221;center&#8221; onclick=&#8221;custom_link&#8221; link=&#8221;https:\/\/www.blackfridaydeals.ch\/fr\/shops\/lipo-fr\/&#8221;][vc_single_image image=&#8221;7544&#8243; alignment=&#8221;center&#8221; onclick=&#8221;custom_link&#8221; link=&#8221;https:\/\/www.blackfridaydeals.ch\/fr\/shops\/apple-fr\/&#8221;][\/vc_column_inner][vc_column_inner width=&#8221;1\/4&#8243; offset=&#8221;vc_col-xs-6&#8243;][vc_single_image image=&#8221;7541&#8243; alignment=&#8221;center&#8221; onclick=&#8221;custom_link&#8221; link=&#8221;https:\/\/www.blackfridaydeals.ch\/fr\/shops\/amazon-fr\/&#8221;][vc_single_image image=&#8221;7547&#8243; alignment=&#8221;center&#8221; onclick=&#8221;custom_link&#8221; link=&#8221;https:\/\/www.blackfridaydeals.ch\/fr\/shops\/digitec-fr\/&#8221;][\/vc_column_inner][\/vc_row_inner][vc_empty_space][vc_column_text]Le Black Friday est, avec le <a href=\"https:\/\/www.blackfridaydeals.ch\/fr\/singles-day\/\">Singles Day<\/a>, l&#8217;un des \u00e9v\u00e9nements les plus importants de l&#8217;ann\u00e9e en mati\u00e8re de shopping. En Suisse, cet \u00e9v\u00e9nement est tr\u00e8s populaire, et tous les aficionados des bonnes affaires savent que le Black Friday est le meilleur moment pour se faire plaisir. Les strat\u00e9gies de rabais sont tr\u00e8s diversifi\u00e9es et les r\u00e9ductions de prix que l&#8217;on peut obtenir sont relativement \u00e9lev\u00e9es.<\/p>\n<p>Pour pouvoir profiter des bons plans lanc\u00e9s au Black Friday, il est indispensable de Conna\u00eetre la date de l\u2019\u00e9v\u00e9nement. Vous apprendrez ici tout ce qu&#8217;il faut savoir sur le Black Friday 2026 et comment d\u00e9couvrir les meilleures affaires \u00e0 cette occasion.<\/p>\n<h2>Quand le Black Friday 2026 aura-t-il lieu\u00a0?<\/h2>\n<p>Le Black Friday n&#8217;a pas de date fixe. Mais si vous d\u00e9sirez vous pr\u00e9parer, sachez que l&#8217;\u00e9v\u00e9nement a toujours lieu le dernier vendredi de novembre, autrement dit au lendemain de la f\u00eate am\u00e9ricaine\u00a0: Thanksgiving ou l\u2019Action de gr\u00e2ce. Pour cette ann\u00e9e, l&#8217;\u00e9dition 2026 se d\u00e9roulera donc le vendredi 27\u00a0novembre. Vous pouvez donc d\u00e9j\u00e0 marquer la date sur votre calendrier et commencer \u00e0 chercher les bons plans d\u00e8s que la date approche.<\/p>\n<h2>Combien de temps peut-on profiter des offres propos\u00e9es au Black Friday 2026\u00a0?<\/h2>\n<p><span>Lors du Black Friday, il est tr\u00e8s courant que les commer\u00e7ants prolongent leurs offres. Au lieu de se limiter au Black Friday lui-m\u00eame, la plupart des boutiques suisses proposent encore des bons plans le week-end suivant. M\u00eame en amont<\/span> <span>du Black Friday, on peut tomber sur de belles actions. En effet, nombreux sont les magasins qui lancent des offres de promotion sp\u00e9ciales sur une diversit\u00e9 d\u2019articles.<\/span><\/p>\n<p>Une strat\u00e9gie tr\u00e8s r\u00e9pandue consiste \u00e0 proposer une Black Week. Il y aura de bonnes affaires pendant toute la semaine du Black Friday. Celles-ci peuvent soit rester les m\u00eames, soit changer tous les jours.<\/p>\n<p><span>Parfois, m\u00eame la campagne des promotions lanc\u00e9e au <a href=\"https:\/\/www.blackfridaydeals.ch\/fr\/\">Black Friday<\/a> se prolonge jusqu\u2019au <a href=\"https:\/\/www.blackfridaydeals.ch\/fr\/cyber-monday\/\">Cyber Monday<\/a>, une autre<\/span><span> g<\/span><span>rande journ\u00e9e de r\u00e9ductions. Vous pouvez donc vous attendre \u00e0 ce qu\u2019une myriade de boutiques suisses propose des bons plans du 23\u00a0novembre au 30\u00a0novembre 2026. Il est conseill\u00e9 de rechercher r\u00e9guli\u00e8rement de nouvelles actions, surtout en raison des offres qui changent tous les jours.<\/span><\/p>\n<p><span>La plupart des offres propos\u00e9es au Black Friday sont mises en ligne d\u00e8s que minuit sonne, donnant le coup d\u2019envoi \u00e0 cet important \u00e9v\u00e8nement de shopping. Comme certaines offres ne sont disponibles qu&#8217;en quantit\u00e9 limit\u00e9e ou pour une p\u00e9riode limit\u00e9e, il vaut mieux passer rapidement \u00e0 l\u2019action et commencer \u00e0 chercher aux premi\u00e8res heures de cette journ\u00e9e. Ainsi, vous pourrez peut-\u00eatre d\u00e9nicher quelques offres que vous pouvez trouver d\u00e9j\u00e0 \u00e9puis\u00e9es le matin.<\/span><\/p>\n<p><span>Pour pouvoir profiter des meilleures offres propos\u00e9es au Black Friday 2026, vous devriez dans tous les cas comparer les offres de diff\u00e9rentes boutiques. Comme il existe plusieurs strat\u00e9gies de r\u00e9duction diff\u00e9rentes sur les prix, et pour \u00eatre s\u00fbr de conclure de bonnes affaires, il est important de mener des recherches minutieuses, et c\u2019est un atout important qui vous aidera \u00e0 \u00e9conomiser consid\u00e9rablement.<\/span><\/p>\n<p>Nous vous tiendrons au courant de toutes les actions en cours, afin que vous puissiez avoir un aper\u00e7u en temps r\u00e9el des offres lanc\u00e9es au Black Friday.<\/p>\n<h2>Vous pourrez d\u00e9couvrir ces r\u00e9ductions lors du Black Friday 2026<\/h2>\n<p>Comme nous l&#8217;avons d\u00e9j\u00e0 mentionn\u00e9, le Black Friday est de plus en plus en vogue et la plupart des magasins suisses participent \u00e0 cet \u00e9v\u00e9nement commercial. Cela vous permettra de d\u00e9couvrir non seulement une multitude de produits \u00e0 prix r\u00e9duits, mais aussi de nombreux mod\u00e8les promotionnels diff\u00e9rents.<\/p>\n<p>L&#8217;action la plus populaire du Black Friday est sans doute une r\u00e9duction forfaitaire sur tous les produits d&#8217;un magasin, parfois avec quelques restrictions. Il n&#8217;est pas n\u00e9cessaire de faire attention aux produits que l&#8217;on choisit. Dans ce cas, vous b\u00e9n\u00e9ficiez g\u00e9n\u00e9ralement d&#8217;une r\u00e9duction de 20\u00a0%. Dans certaines boutiques, il est toutefois possible d&#8217;obtenir des r\u00e9ductions forfaitaires plus importantes. Cette strat\u00e9gie est particuli\u00e8rement r\u00e9pandue dans les entreprises du secteur de la mode.<\/p>\n<p>Plusieurs boutiques proposent \u00e9galement des r\u00e9ductions forfaitaires sur certaines cat\u00e9gories de produits. Cette solution est particuli\u00e8rement int\u00e9ressante pour les boutiques dont la gamme de produits est tr\u00e8s diversifi\u00e9e ou dont certains articles sont beaucoup plus chers que les autres. Cette strat\u00e9gie promotionnelle est donc particuli\u00e8rement fr\u00e9quente chez les fournisseurs de meubles et de produits m\u00e9nagers. Le rabais s&#8217;\u00e9l\u00e8ve g\u00e9n\u00e9ralement \u00e0 30\u00a0%, mais peut \u00e9galement atteindre les 50\u00a0%.<\/p>\n<p><span>Il est encore plus rare d&#8217;obtenir des rabais encore plus importants lors du Black Friday. En r\u00e8gle g\u00e9n\u00e9rale, il s&#8217;agit soit de promotions o\u00f9 seuls certains produits sont r\u00e9duits, le rabais variant, soit de promotions qui permettent d&#8217;obtenir des rabais suppl\u00e9mentaires sur des articles d\u00e9j\u00e0 r\u00e9duits. Les fournisseurs d&#8217;\u00e9lectronique choisissent volontiers de ne baisser le prix que de certains produits. Dans les boutiques \u00e9rotiques, on a \u00e9galement pu observer des r\u00e9ductions allant jusqu&#8217;\u00e0 90\u00a0% sur une large gamme de produits lors du Black Friday.<\/span><\/p>\n<p>Au Black Friday, vous pourrez b\u00e9n\u00e9ficier de la gratuit\u00e9 des frais de port ou d\u2019obtenir des articles gratuits. Certaines entreprises proposent m\u00eame des produits ou des packs sp\u00e9ciaux pour le Black Friday, comme cela s&#8217;est d\u00e9j\u00e0 produit dans certaines boutiques.<\/p>\n<p>Pour certaines actions, il est n\u00e9cessaire d&#8217;entrer un code de bon d&#8217;achat. Vous le trouverez bien s\u00fbr, avec toutes les autres informations, dans l&#8217;offre correspondante. Ainsi, vous n\u2019avez pas besoin de chercher longtemps, et vous commencerez \u00e0 \u00e9conomiser directement.<\/p>\n<h2>Le Black Friday dans les ann\u00e9es \u00e0 venir &#8211; Aper\u00e7u des dates<\/h2>\n<p><span><img decoding=\"async\" class=\"alignright size-medium wp-image-49372\" src=\"https:\/\/www.blackfridaydeals.ch\/wp-content\/uploads\/2022\/03\/Black-Friday-300x114.jpg\" alt=\"\" width=\"300\" height=\"114\" srcset=\"https:\/\/www.blackfridaydeals.ch\/wp-content\/uploads\/2022\/03\/Black-Friday-300x114.jpg 300w, https:\/\/www.blackfridaydeals.ch\/wp-content\/uploads\/2022\/03\/Black-Friday-1024x390.jpg 1024w, https:\/\/www.blackfridaydeals.ch\/wp-content\/uploads\/2022\/03\/Black-Friday-767x292.jpg 767w, https:\/\/www.blackfridaydeals.ch\/wp-content\/uploads\/2022\/03\/Black-Friday-1536x585.jpg 1536w, https:\/\/www.blackfridaydeals.ch\/wp-content\/uploads\/2022\/03\/Black-Friday-2048x780.jpg 2048w, https:\/\/www.blackfridaydeals.ch\/wp-content\/uploads\/2022\/03\/Black-Friday-788x299.jpg 788w, https:\/\/www.blackfridaydeals.ch\/wp-content\/uploads\/2022\/03\/Black-Friday-150x57.jpg 150w\" sizes=\"(max-width: 300px) 100vw, 300px\" \/>Comme le Black Friday a toujours lieu le dernier vendredi de novembre, la date change d&#8217;ann\u00e9e en ann\u00e9e. Pour que vous soyez au courant suffisamment t\u00f4t, nous avons list\u00e9 ici les dates du Black Friday pour les ann\u00e9es \u00e0 venir\u00a0:<\/span><\/p>\n<ul>\n<li>Black Friday 2026 : 27 novembre<\/li>\n<li><a href=\"https:\/\/www.blackfridaydeals.ch\/fr\/black-friday-2027\/\">Black Friday 2027 : 26 novembre<\/a><\/li>\n<li>Black Friday 2028 : 24 novembre<\/li>\n<li>Black Friday 2029 : 23 novembre<\/li>\n<li>Black Friday 2030 : 29 novembre<\/li>\n<li><span>Black Friday 2031 : 28 novembre<\/span><\/li>\n<\/ul>\n<p>[\/vc_column_text][\/vc_column][\/vc_row]<\/p>\n","protected":false},"excerpt":{"rendered":"<p>[vc_row css=&#8221;.vc_custom_1618582679192{background-color: #ffffff !important;}&#8221;][vc_column][vc_column_text] BLACK FRIDAY 2026 &#8211; Le 27 novembre 2026, nous y serons \u00e0 nouveau [\/vc_column_text][vc_column_text][\/vc_column_text][vc_empty_space][vc_column_text] Black Friday 2026 top Shops [\/vc_column_text][vc_row_inner][vc_column_inner width=&#8221;1\/4&#8243; offset=&#8221;vc_col-xs-6&#8243;][vc_single_image image=&#8221;4229&#8243; onclick=&#8221;custom_link&#8221; link=&#8221;https:\/\/www.blackfridaydeals.ch\/fr\/shops\/manor-fr\/&#8221;][vc_single_image image=&#8221;4233&#8243; alignment=&#8221;center&#8221; onclick=&#8221;custom_link&#8221; link=&#8221;https:\/\/www.blackfridaydeals.ch\/fr\/shops\/fust-fr\/&#8221;][\/vc_column_inner][vc_column_inner width=&#8221;1\/4&#8243; offset=&#8221;vc_col-xs-6&#8243;][vc_single_image image=&#8221;4235&#8243; alignment=&#8221;center&#8221; onclick=&#8221;custom_link&#8221; link=&#8221;https:\/\/www.blackfridaydeals.ch\/fr\/shops\/interdiscount-fr\/&#8221;][vc_single_image image=&#8221;4231&#8243; alignment=&#8221;center&#8221; onclick=&#8221;custom_link&#8221; link=&#8221;https:\/\/www.blackfridaydeals.ch\/fr\/shops\/mediamarkt-fr\/&#8221;][\/vc_column_inner][vc_column_inner width=&#8221;1\/4&#8243; offset=&#8221;vc_col-xs-6&#8243;][vc_single_image image=&#8221;76395&#8243; alignment=&#8221;center&#8221; onclick=&#8221;custom_link&#8221; link=&#8221;https:\/\/www.blackfridaydeals.ch\/fr\/shops\/lipo-fr\/&#8221;][vc_single_image image=&#8221;7544&#8243; alignment=&#8221;center&#8221; onclick=&#8221;custom_link&#8221; link=&#8221;https:\/\/www.blackfridaydeals.ch\/fr\/shops\/apple-fr\/&#8221;][\/vc_column_inner][vc_column_inner width=&#8221;1\/4&#8243; offset=&#8221;vc_col-xs-6&#8243;][vc_single_image [&hellip;]<\/p>\n","protected":false},"author":40,"featured_media":49372,"parent":0,"menu_order":0,"comment_status":"closed","ping_status":"closed","template":"","meta":[],"yoast_head":"<!-- This site is optimized with the Yoast SEO plugin v20.5 - https:\/\/yoast.com\/wordpress\/plugins\/seo\/ -->\n<title>Black Friday 2026 | 27 novembre 2026 | Toutes les promos<\/title>\n<meta name=\"description\" content=\"Retrouve ici toutes les promotions et actions du Black Friday 2026, le 27 novembre 2026. Informez-vous maintenant et \u00e9conomisez.\" \/>\n<meta name=\"robots\" content=\"index, follow, max-snippet:-1, max-image-preview:large, max-video-preview:-1\" \/>\n<link rel=\"canonical\" href=\"https:\/\/www.blackfridaydeals.ch\/fr\/black-friday-2026\/\" \/>\n<meta property=\"og:locale\" content=\"fr_FR\" \/>\n<meta property=\"og:type\" content=\"article\" \/>\n<meta property=\"og:title\" content=\"Black Friday 2026 | 27 novembre 2026 | Toutes les promos\" \/>\n<meta property=\"og:description\" content=\"Retrouve ici toutes les promotions et actions du Black Friday 2026, le 27 novembre 2026. Informez-vous maintenant et \u00e9conomisez.\" \/>\n<meta property=\"og:url\" content=\"https:\/\/www.blackfridaydeals.ch\/fr\/black-friday-2026\/\" \/>\n<meta property=\"og:site_name\" content=\"blackfridaydeals.ch\" \/>\n<meta property=\"article:publisher\" content=\"https:\/\/www.facebook.com\/blackfridaydealsch\/\" \/>\n<meta property=\"article:modified_time\" content=\"2025-01-28T14:11:03+00:00\" \/>\n<meta property=\"og:image\" content=\"https:\/\/www.blackfridaydeals.ch\/wp-content\/uploads\/2022\/03\/Black-Friday-scaled.jpg\" \/>\n\t<meta property=\"og:image:width\" content=\"2560\" \/>\n\t<meta property=\"og:image:height\" content=\"975\" \/>\n\t<meta property=\"og:image:type\" content=\"image\/jpeg\" \/>\n<meta name=\"twitter:card\" content=\"summary_large_image\" \/>\n<meta name=\"twitter:site\" content=\"@blackfridaych\" \/>\n<meta name=\"twitter:label1\" content=\"Est. reading time\" \/>\n\t<meta name=\"twitter:data1\" content=\"6 minutes\" \/>\n<script type=\"application\/ld+json\" class=\"yoast-schema-graph\">{\"@context\":\"https:\/\/schema.org\",\"@graph\":[{\"@type\":\"WebPage\",\"@id\":\"https:\/\/www.blackfridaydeals.ch\/fr\/black-friday-2026\/\",\"url\":\"https:\/\/www.blackfridaydeals.ch\/fr\/black-friday-2026\/\",\"name\":\"Black Friday 2026 | 27 novembre 2026 | Toutes les promos\",\"isPartOf\":{\"@id\":\"https:\/\/www.blackfridaydeals.ch\/fr\/#website\"},\"datePublished\":\"2022-03-24T08:23:01+00:00\",\"dateModified\":\"2025-01-28T14:11:03+00:00\",\"description\":\"Retrouve ici toutes les promotions et actions du Black Friday 2026, le 27 novembre 2026. Informez-vous maintenant et \u00e9conomisez.\",\"breadcrumb\":{\"@id\":\"https:\/\/www.blackfridaydeals.ch\/fr\/black-friday-2026\/#breadcrumb\"},\"inLanguage\":\"fr-CH\",\"potentialAction\":[{\"@type\":\"ReadAction\",\"target\":[\"https:\/\/www.blackfridaydeals.ch\/fr\/black-friday-2026\/\"]}]},{\"@type\":\"BreadcrumbList\",\"@id\":\"https:\/\/www.blackfridaydeals.ch\/fr\/black-friday-2026\/#breadcrumb\",\"itemListElement\":[{\"@type\":\"ListItem\",\"position\":1,\"name\":\"Startseite\",\"item\":\"https:\/\/www.blackfridaydeals.ch\/fr\/\"},{\"@type\":\"ListItem\",\"position\":2,\"name\":\"Black Friday 2026\"}]},{\"@type\":\"WebSite\",\"@id\":\"https:\/\/www.blackfridaydeals.ch\/fr\/#website\",\"url\":\"https:\/\/www.blackfridaydeals.ch\/fr\/\",\"name\":\"blackfridaydeals.ch\",\"description\":\"Toutes les offres du Black Friday 2025 en Suisse\",\"publisher\":{\"@id\":\"https:\/\/www.blackfridaydeals.ch\/fr\/#organization\"},\"alternateName\":\"Black Friday Deals\",\"potentialAction\":[{\"@type\":\"SearchAction\",\"target\":{\"@type\":\"EntryPoint\",\"urlTemplate\":\"https:\/\/www.blackfridaydeals.ch\/fr\/?s={search_term_string}\"},\"query-input\":\"required name=search_term_string\"}],\"inLanguage\":\"fr-CH\"},{\"@type\":\"Organization\",\"@id\":\"https:\/\/www.blackfridaydeals.ch\/fr\/#organization\",\"name\":\"blackfridaydeals.ch\",\"alternateName\":\"Black Friday Deals\",\"url\":\"https:\/\/www.blackfridaydeals.ch\/fr\/\",\"logo\":{\"@type\":\"ImageObject\",\"inLanguage\":\"fr-CH\",\"@id\":\"https:\/\/www.blackfridaydeals.ch\/fr\/#\/schema\/logo\/image\/\",\"url\":\"https:\/\/www.blackfridaydeals.ch\/wp-content\/uploads\/2023\/03\/app-icon-white-bg-jpg.jpg\",\"contentUrl\":\"https:\/\/www.blackfridaydeals.ch\/wp-content\/uploads\/2023\/03\/app-icon-white-bg-jpg.jpg\",\"width\":512,\"height\":512,\"caption\":\"blackfridaydeals.ch\"},\"image\":{\"@id\":\"https:\/\/www.blackfridaydeals.ch\/fr\/#\/schema\/logo\/image\/\"},\"sameAs\":[\"https:\/\/www.facebook.com\/blackfridaydealsch\/\",\"https:\/\/twitter.com\/blackfridaych\",\"https:\/\/www.youtube.com\/channel\/UCNKXHacMw8AS34mBgzVx3FQ\",\"https:\/\/www.instagram.com\/blackfridaydeals.ch\/\"]}]}<\/script>\n<!-- \/ Yoast SEO plugin. -->","yoast_head_json":{"title":"Black Friday 2026 | 27 novembre 2026 | Toutes les promos","description":"Retrouve ici toutes les promotions et actions du Black Friday 2026, le 27 novembre 2026. Informez-vous maintenant et \u00e9conomisez.","robots":{"index":"index","follow":"follow","max-snippet":"max-snippet:-1","max-image-preview":"max-image-preview:large","max-video-preview":"max-video-preview:-1"},"canonical":"https:\/\/www.blackfridaydeals.ch\/fr\/black-friday-2026\/","og_locale":"fr_FR","og_type":"article","og_title":"Black Friday 2026 | 27 novembre 2026 | Toutes les promos","og_description":"Retrouve ici toutes les promotions et actions du Black Friday 2026, le 27 novembre 2026. Informez-vous maintenant et \u00e9conomisez.","og_url":"https:\/\/www.blackfridaydeals.ch\/fr\/black-friday-2026\/","og_site_name":"blackfridaydeals.ch","article_publisher":"https:\/\/www.facebook.com\/blackfridaydealsch\/","article_modified_time":"2025-01-28T14:11:03+00:00","og_image":[{"width":2560,"height":975,"url":"https:\/\/www.blackfridaydeals.ch\/wp-content\/uploads\/2022\/03\/Black-Friday-scaled.jpg","type":"image\/jpeg"}],"twitter_card":"summary_large_image","twitter_site":"@blackfridaych","twitter_misc":{"Est. reading time":"6 minutes"},"schema":{"@context":"https:\/\/schema.org","@graph":[{"@type":"WebPage","@id":"https:\/\/www.blackfridaydeals.ch\/fr\/black-friday-2026\/","url":"https:\/\/www.blackfridaydeals.ch\/fr\/black-friday-2026\/","name":"Black Friday 2026 | 27 novembre 2026 | Toutes les promos","isPartOf":{"@id":"https:\/\/www.blackfridaydeals.ch\/fr\/#website"},"datePublished":"2022-03-24T08:23:01+00:00","dateModified":"2025-01-28T14:11:03+00:00","description":"Retrouve ici toutes les promotions et actions du Black Friday 2026, le 27 novembre 2026. Informez-vous maintenant et \u00e9conomisez.","breadcrumb":{"@id":"https:\/\/www.blackfridaydeals.ch\/fr\/black-friday-2026\/#breadcrumb"},"inLanguage":"fr-CH","potentialAction":[{"@type":"ReadAction","target":["https:\/\/www.blackfridaydeals.ch\/fr\/black-friday-2026\/"]}]},{"@type":"BreadcrumbList","@id":"https:\/\/www.blackfridaydeals.ch\/fr\/black-friday-2026\/#breadcrumb","itemListElement":[{"@type":"ListItem","position":1,"name":"Startseite","item":"https:\/\/www.blackfridaydeals.ch\/fr\/"},{"@type":"ListItem","position":2,"name":"Black Friday 2026"}]},{"@type":"WebSite","@id":"https:\/\/www.blackfridaydeals.ch\/fr\/#website","url":"https:\/\/www.blackfridaydeals.ch\/fr\/","name":"blackfridaydeals.ch","description":"Toutes les offres du Black Friday 2025 en Suisse","publisher":{"@id":"https:\/\/www.blackfridaydeals.ch\/fr\/#organization"},"alternateName":"Black Friday Deals","potentialAction":[{"@type":"SearchAction","target":{"@type":"EntryPoint","urlTemplate":"https:\/\/www.blackfridaydeals.ch\/fr\/?s={search_term_string}"},"query-input":"required name=search_term_string"}],"inLanguage":"fr-CH"},{"@type":"Organization","@id":"https:\/\/www.blackfridaydeals.ch\/fr\/#organization","name":"blackfridaydeals.ch","alternateName":"Black Friday Deals","url":"https:\/\/www.blackfridaydeals.ch\/fr\/","logo":{"@type":"ImageObject","inLanguage":"fr-CH","@id":"https:\/\/www.blackfridaydeals.ch\/fr\/#\/schema\/logo\/image\/","url":"https:\/\/www.blackfridaydeals.ch\/wp-content\/uploads\/2023\/03\/app-icon-white-bg-jpg.jpg","contentUrl":"https:\/\/www.blackfridaydeals.ch\/wp-content\/uploads\/2023\/03\/app-icon-white-bg-jpg.jpg","width":512,"height":512,"caption":"blackfridaydeals.ch"},"image":{"@id":"https:\/\/www.blackfridaydeals.ch\/fr\/#\/schema\/logo\/image\/"},"sameAs":["https:\/\/www.facebook.com\/blackfridaydealsch\/","https:\/\/twitter.com\/blackfridaych","https:\/\/www.youtube.com\/channel\/UCNKXHacMw8AS34mBgzVx3FQ","https:\/\/www.instagram.com\/blackfridaydeals.ch\/"]}]}},"_links":{"self":[{"href":"https:\/\/www.blackfridaydeals.ch\/fr\/wp-json\/wp\/v2\/pages\/49531"}],"collection":[{"href":"https:\/\/www.blackfridaydeals.ch\/fr\/wp-json\/wp\/v2\/pages"}],"about":[{"href":"https:\/\/www.blackfridaydeals.ch\/fr\/wp-json\/wp\/v2\/types\/page"}],"author":[{"embeddable":true,"href":"https:\/\/www.blackfridaydeals.ch\/fr\/wp-json\/wp\/v2\/users\/40"}],"replies":[{"embeddable":true,"href":"https:\/\/www.blackfridaydeals.ch\/fr\/wp-json\/wp\/v2\/comments?post=49531"}],"version-history":[{"count":5,"href":"https:\/\/www.blackfridaydeals.ch\/fr\/wp-json\/wp\/v2\/pages\/49531\/revisions"}],"predecessor-version":[{"id":98575,"href":"https:\/\/www.blackfridaydeals.ch\/fr\/wp-json\/wp\/v2\/pages\/49531\/revisions\/98575"}],"wp:featuredmedia":[{"embeddable":true,"href":"https:\/\/www.blackfridaydeals.ch\/fr\/wp-json\/wp\/v2\/media\/49372"}],"wp:attachment":[{"href":"https:\/\/www.blackfridaydeals.ch\/fr\/wp-json\/wp\/v2\/media?parent=49531"}],"curies":[{"name":"wp","href":"https:\/\/api.w.org\/{rel}","templated":true}]}}