{"id":39989,"date":"2021-11-09T12:48:19","date_gmt":"2021-11-09T11:48:19","guid":{"rendered":"https:\/\/www.blackfridaydeals.ch\/?page_id=39989"},"modified":"2025-02-07T16:50:30","modified_gmt":"2025-02-07T15:50:30","slug":"offres-de-jeux-video-black-friday","status":"publish","type":"page","link":"https:\/\/www.blackfridaydeals.ch\/fr\/offres-de-jeux-video-black-friday\/","title":{"rendered":"Voici les offres de jeux vid\u00e9o au Black Friday"},"content":{"rendered":"<p>[vc_row][vc_column]\n[vc_column_text]<\/p>\n<p style=\"text-align: center;\"><img decoding=\"async\" class=\"alignright size-medium wp-image-39990\" src=\"https:\/\/www.blackfridaydeals.ch\/wp-content\/uploads\/2021\/11\/game-console-g22b48dc14_1920-300x200.jpg\" alt=\"\" width=\"300\" height=\"200\" srcset=\"https:\/\/www.blackfridaydeals.ch\/wp-content\/uploads\/2021\/11\/game-console-g22b48dc14_1920-300x200.jpg 300w, https:\/\/www.blackfridaydeals.ch\/wp-content\/uploads\/2021\/11\/game-console-g22b48dc14_1920-1024x681.jpg 1024w, https:\/\/www.blackfridaydeals.ch\/wp-content\/uploads\/2021\/11\/game-console-g22b48dc14_1920-767x510.jpg 767w, https:\/\/www.blackfridaydeals.ch\/wp-content\/uploads\/2021\/11\/game-console-g22b48dc14_1920-1536x1022.jpg 1536w, https:\/\/www.blackfridaydeals.ch\/wp-content\/uploads\/2021\/11\/game-console-g22b48dc14_1920-2048x1362.jpg 2048w, https:\/\/www.blackfridaydeals.ch\/wp-content\/uploads\/2021\/11\/game-console-g22b48dc14_1920-788x524.jpg 788w, https:\/\/www.blackfridaydeals.ch\/wp-content\/uploads\/2021\/11\/game-console-g22b48dc14_1920-150x100.jpg 150w, https:\/\/www.blackfridaydeals.ch\/wp-content\/uploads\/2021\/11\/game-console-g22b48dc14_1920.jpg 1920w\" sizes=\"(max-width: 300px) 100vw, 300px\" \/><br \/>\n<a href=\"https:\/\/www.blackfridaydeals.ch\/fr\/electronique-divertissement\/\" target=\"_blank\" style=\"border-radius:5px\" class=\"wpsm-button btncolor medium rehub_btn_color\"><i class=\"rhicon rhi-none\"><\/i>Afficher tous les deals \u00e9lectroniques<\/a><\/p>\n<p>Le Black Friday est certainement le jour le plus propice pour les passionn\u00e9s de gaming qui souhaitent profiter de nombreuses r\u00e9ductions sur les consoles, les PC, les fauteuils gamer, les accessoires et bien plus encore. \u00c0 la fin du mois de novembre, vous trouverez chez de nombreux d\u00e9taillants en \u00e9lectronique des appareils \u00e0 des prix plus attractifs qu\u2019\u00e0 n\u2019importe quel autre moment de l\u2019ann\u00e9e. Que vous cherchiez une PlayStation ou une souris gamer, il y a de quoi d\u00e9nicher d\u2019excellentes affaires. Dans les paragraphes suivants, nous vous proposons un aper\u00e7u des offres probables au <a href=\"https:\/\/www.blackfridaydeals.ch\/fr\/\">Black Friday<\/a> 2026.<\/p>\n<h2>Des consoles \u00e0 prix r\u00e9duits au Black Friday 2026<\/h2>\n<p>De nombreux joueurs attendent la fin de l\u2019ann\u00e9e pour acqu\u00e9rir une console et saisir l\u2019opportunit\u00e9 de promotions int\u00e9ressantes. Certains Suisses ne les ach\u00e8tent pas uniquement pour eux-m\u00eames mais souhaitent \u00e9galement en glisser une sous le sapin de No\u00ebl, qu\u2019il s\u2019agisse de mod\u00e8les r\u00e9cents ou plus anciens.<\/p>\n<p>Par exemple, la MICROSOFT Xbox Series S 512\u202fGo conna\u00eet un certain succ\u00e8s gr\u00e2ce \u00e0 son catalogue vari\u00e9 de jeux accessibles. La Nintendo Switch (2019) conserve \u00e9galement une immense popularit\u00e9, notamment gr\u00e2ce \u00e0 sa jouabilit\u00e9 en mode portable. Quant \u00e0 la PlayStation\u00a05, elle demeure une v\u00e9ritable r\u00e9volution sur le march\u00e9. Il arrive souvent que les acheteurs privil\u00e9gient des offres group\u00e9es \u2013 consoles, manettes et jeux inclus \u2013 pour r\u00e9aliser des \u00e9conomies. Par exemple, la PS5 est parfois propos\u00e9e avec une manette DualSense suppl\u00e9mentaire et un jeu comme \u00ab\u202fRatchet &amp; Clank\u00a0: Rift Apart\u202f\u00bb. Des bundles analogues existent pour d\u2019autres consoles, permettant souvent de payer moins cher que l\u2019achat s\u00e9par\u00e9 de chaque \u00e9l\u00e9ment.<\/p>\n<p>Au Black Friday 2026, il est fort probable que ces packs soient vendus \u00e0 des prix encore plus avantageux. Mais vous pouvez \u00e9galement trouver des consoles \u201cnues\u201d \u00e0 un tarif r\u00e9duit. On peut m\u00eame imaginer des remises d\u00e9passant parfois les 90\u202f%.<\/p>\n<h2>Jeux sur PC\u00a0: le bon \u00e9quipement rend la chose possible<\/h2>\n<p>Si vous pr\u00e9f\u00e9rez jouer sur PC, vous pourrez aussi profiter d\u2019importantes remises lors du Black Friday 2026. \u00c0 cet \u00e9gard, disposer d\u2019un moniteur adapt\u00e9, comme le SAMSUNG Odyssey G5 LC32G55TQWR \u2013 Gaming Monitor (32\u202fpouces, WQHD, 144\u202fHz), peut faire une diff\u00e9rence notable. Les joueurs recherchent souvent une souris gamer de forme ergonomique, dont les clics sont transmis au PC avec une extr\u00eame rapidit\u00e9, \u00e0 l\u2019image de la LOGITECH G502 Lightspeed, tr\u00e8s appr\u00e9ci\u00e9e. C\u00f4t\u00e9 mat\u00e9riel, un PC gaming con\u00e7u pour g\u00e9rer rapidement d\u2019importants volumes de donn\u00e9es offre une image plus nette et plus vive. HP, Sony ou encore d\u2019autres grandes marques fournissent du mat\u00e9riel de jeu performant, qu\u2019il s\u2019agisse d\u2019ordinateurs ou de casques. Dans la cat\u00e9gorie des casques abordables, on peut citer le HYPERX CLOUD II RED \u2013 Gaming Headset, par exemple. Les opportunit\u00e9s sont presque infinies, et on ne s\u2019\u00e9tonnerait pas de voir des r\u00e9ductions de 50\u202f% ou plus dans cette gamme de produits au Black Friday.<\/p>\n<h2>Jeux\u00a0: Pour assouvir votre passion au Black Friday 2026<\/h2>\n<p>Fin novembre, des promotions s\u2019appliqueront sur des jeux de tous genres. Que vous soyez amateur de jeux de course, d\u2019action-aventure ou de titres ind\u00e9pendants, vous trouverez sans doute de quoi vous satisfaire. \u00ab\u202fNBA 2K24\u202f\u00bb par exemple, touche un large public au-del\u00e0 des seuls fans de basket. Les joueurs en qu\u00eate de sensations fortes pourront se tourner vers des titres comme \u00ab\u202fAssassin\u2019s Creed\u00a0: Mirage\u202f\u00bb (disponible aussi en \u00e9dition deluxe), ou le dernier \u00ab\u202fEA\u202fSports\u202fFC\u202f24\u202f\u00bb pour les mordus de football. Les amateurs de jeux de course ne seront pas en reste, avec des titres comme \u00ab\u202fForza\u202fMotorsport\u202f\u00bb qui suscitent l\u2019engouement.<\/p>\n<p>Par ailleurs, bonne nouvelle si vous souhaitez \u00e9viter l\u2019empressement du Black Friday\u00a0: la plupart des enseignes prolongent leurs offres jusqu\u2019au <a href=\"https:\/\/www.blackfridaydeals.ch\/fr\/cyber-monday\/\">Cyber Monday<\/a>. Vous pourrez ainsi prendre le temps de comparer et finaliser vos achats en toute tranquillit\u00e9. Apr\u00e8s tout, il serait dommage de passer \u00e0 c\u00f4t\u00e9 d\u2019une belle affaire pour avoir voulu valider sa commande dans la h\u00e2te le 23 novembre 2026. Avec un minimum d\u2019organisation, vous trouverez probablement le jeu ou l\u2019accessoire parfait \u00e0 un tarif tr\u00e8s attractif.<\/p>\n<h3>Plus d&#8217;articles int\u00e9ressants:<\/h3>\n<ul>\n<li><a href=\"https:\/\/www.blackfridaydeals.ch\/fr\/photos-video-black-friday\/\">Les meilleures affaires en photos et vid\u00e9o au Black Friday 2026<\/a><\/li>\n<li><a href=\"https:\/\/www.blackfridaydeals.ch\/fr\/meilleures-appareils-photos\/\">Les meilleures affaires sur les appareils photos au Black Friday 2026<\/a><\/li>\n<li><a href=\"https:\/\/www.blackfridaydeals.ch\/fr\/fournitures-bureau-black-friday\/\">Les meilleures affaires pour les fournitures de bureau au Black Friday 2026<\/a><\/li>\n<li><a href=\"https:\/\/www.blackfridaydeals.ch\/fr\/montres-connectees-black-friday\/\">Les meilleures affaires sur les montres connect\u00e9es au Black Friday 2026<\/a><\/li>\n<li><a href=\"https:\/\/www.blackfridaydeals.ch\/fr\/offres-jouets-black-friday\/\">Les meilleures offres sur les jouets au Black Friday 2026<\/a><\/li>\n<li><a href=\"https:\/\/www.blackfridaydeals.ch\/fr\/offres-montres-black-friday\/\">Les meilleures offres de montres pour le Black Friday 2026<\/a><\/li>\n<li><a href=\"https:\/\/www.blackfridaydeals.ch\/fr\/beaute-au-black-friday\/\">Les meilleures offres dans le monde de beaut\u00e9 au Black Friday 2026<\/a><\/li>\n<li><a href=\"https:\/\/www.blackfridaydeals.ch\/fr\/offres-de-son-black-friday\/\">Les meilleures offres de Son pendant le Black Friday 2026<\/a><\/li>\n<li><a href=\"https:\/\/www.blackfridaydeals.ch\/fr\/ordinateurs-portables-black-friday\/\">Les meilleures offres sur les ordinateurs portables au Black Friday 2026<\/a><\/li>\n<li><a href=\"https:\/\/www.blackfridaydeals.ch\/fr\/offres-smartphones-black-friday\/\">Ces offres sur les smartphones seront disponibles au Black Friday 2026<\/a><\/li>\n<li><a href=\"https:\/\/www.blackfridaydeals.ch\/fr\/parfum-prix-reduit-black-friday\/\">Comment trouver ce parfum subtil \u00e0 prix r\u00e9duit au Black Friday 2026<\/a><\/li>\n<li><a href=\"https:\/\/www.blackfridaydeals.ch\/fr\/chaussures-au-black-friday\/\">Des chaussures de haute qualit\u00e9 \u00e0 des prix abordables au Black Friday 2026<\/a><\/li>\n<li><a href=\"https:\/\/www.blackfridaydeals.ch\/fr\/black-friday-home-cinema\/\">Les meilleures affaires au Black Friday 2026 sur le Home Cin\u00e9ma<\/a><\/li>\n<li><a href=\"https:\/\/www.blackfridaydeals.ch\/fr\/black-friday-alimentaires\/\">Les meilleures affaires au Black Friday 2026 sur les produits alimentaires et les boissons<\/a><\/li>\n<li><a href=\"https:\/\/www.blackfridaydeals.ch\/fr\/meilleures-meubles-black-friday\/\">Les meilleures affaires sur les meubles au Black Friday 2026<\/a><\/li>\n<li><a href=\"https:\/\/www.blackfridaydeals.ch\/fr\/offres-fitness-black-friday-year\/\">Les meilleures offres de fitness au Black Friday 2026<\/a><\/li>\n<li><a href=\"https:\/\/www.blackfridaydeals.ch\/fr\/offres-soins-visage-black-friday\/\">Les meilleures offres pour les soins du visage au Black Friday 2026<\/a><\/li>\n<li><a href=\"https:\/\/www.blackfridaydeals.ch\/fr\/pour-le-menage-black-friday\/\">Tout ce qu&#8217;il faut pour le m\u00e9nage au Black Friday 2026<\/a><\/li>\n<li><a href=\"https:\/\/www.blackfridaydeals.ch\/fr\/voyages-vols-hotels-black-friday\/\">Voyages, vols et h\u00f4tels \u00e0 bas prix Black Friday 2026<\/a><\/li>\n<\/ul>\n<p>[\/vc_column_text][\/vc_column][\/vc_row]<\/p>\n","protected":false},"excerpt":{"rendered":"<p>[vc_row][vc_column][vc_column_text] Le Black Friday est certainement le jour le plus propice pour les passionn\u00e9s de gaming qui souhaitent profiter de nombreuses r\u00e9ductions sur les consoles, les PC, les fauteuils gamer, les accessoires et bien plus encore. \u00c0 la fin du mois de novembre, vous trouverez chez de nombreux d\u00e9taillants en \u00e9lectronique des appareils \u00e0 des [&hellip;]<\/p>\n","protected":false},"author":40,"featured_media":39990,"parent":0,"menu_order":0,"comment_status":"closed","ping_status":"closed","template":"","meta":[],"yoast_head":"<!-- This site is optimized with the Yoast SEO plugin v20.5 - https:\/\/yoast.com\/wordpress\/plugins\/seo\/ -->\n<title>Voici les offres de jeux vid\u00e9o au Black Friday 2026<\/title>\n<meta name=\"description\" content=\"Jeux vid\u00e9o : les offres du Black Friday 2026 Ici vous trouverez toutes les offres Black Friday dans l\u2019univers des jeux vid\u00e9o.\" \/>\n<meta name=\"robots\" content=\"index, follow, max-snippet:-1, max-image-preview:large, max-video-preview:-1\" \/>\n<link rel=\"canonical\" href=\"https:\/\/www.blackfridaydeals.ch\/fr\/offres-de-jeux-video-black-friday\/\" \/>\n<meta property=\"og:locale\" content=\"fr_FR\" \/>\n<meta property=\"og:type\" content=\"article\" \/>\n<meta property=\"og:title\" content=\"Voici les offres de jeux vid\u00e9o au Black Friday 2026\" \/>\n<meta property=\"og:description\" content=\"Jeux vid\u00e9o : les offres du Black Friday 2026 Ici vous trouverez toutes les offres Black Friday dans l\u2019univers des jeux vid\u00e9o.\" \/>\n<meta property=\"og:url\" content=\"https:\/\/www.blackfridaydeals.ch\/fr\/offres-de-jeux-video-black-friday\/\" \/>\n<meta property=\"og:site_name\" content=\"blackfridaydeals.ch\" \/>\n<meta property=\"article:publisher\" content=\"https:\/\/www.facebook.com\/blackfridaydealsch\/\" \/>\n<meta property=\"article:modified_time\" content=\"2025-02-07T15:50:30+00:00\" \/>\n<meta property=\"og:image\" content=\"https:\/\/www.blackfridaydeals.ch\/wp-content\/uploads\/2021\/11\/game-console-g22b48dc14_1920.jpg\" \/>\n\t<meta property=\"og:image:width\" content=\"1920\" \/>\n\t<meta property=\"og:image:height\" content=\"1277\" \/>\n\t<meta property=\"og:image:type\" content=\"image\/jpeg\" \/>\n<meta name=\"twitter:card\" content=\"summary_large_image\" \/>\n<meta name=\"twitter:site\" content=\"@blackfridaych\" \/>\n<meta name=\"twitter:label1\" content=\"Est. reading time\" \/>\n\t<meta name=\"twitter:data1\" content=\"5 minutes\" \/>\n<script type=\"application\/ld+json\" class=\"yoast-schema-graph\">{\"@context\":\"https:\/\/schema.org\",\"@graph\":[{\"@type\":\"WebPage\",\"@id\":\"https:\/\/www.blackfridaydeals.ch\/fr\/offres-de-jeux-video-black-friday\/\",\"url\":\"https:\/\/www.blackfridaydeals.ch\/fr\/offres-de-jeux-video-black-friday\/\",\"name\":\"Voici les offres de jeux vid\u00e9o au Black Friday 2026\",\"isPartOf\":{\"@id\":\"https:\/\/www.blackfridaydeals.ch\/fr\/#website\"},\"datePublished\":\"2021-11-09T11:48:19+00:00\",\"dateModified\":\"2025-02-07T15:50:30+00:00\",\"description\":\"Jeux vid\u00e9o : les offres du Black Friday 2026 Ici vous trouverez toutes les offres Black Friday dans l\u2019univers des jeux vid\u00e9o.\",\"breadcrumb\":{\"@id\":\"https:\/\/www.blackfridaydeals.ch\/fr\/offres-de-jeux-video-black-friday\/#breadcrumb\"},\"inLanguage\":\"fr-CH\",\"potentialAction\":[{\"@type\":\"ReadAction\",\"target\":[\"https:\/\/www.blackfridaydeals.ch\/fr\/offres-de-jeux-video-black-friday\/\"]}]},{\"@type\":\"BreadcrumbList\",\"@id\":\"https:\/\/www.blackfridaydeals.ch\/fr\/offres-de-jeux-video-black-friday\/#breadcrumb\",\"itemListElement\":[{\"@type\":\"ListItem\",\"position\":1,\"name\":\"Startseite\",\"item\":\"https:\/\/www.blackfridaydeals.ch\/fr\/\"},{\"@type\":\"ListItem\",\"position\":2,\"name\":\"Voici les offres de jeux vid\u00e9o au Black Friday\"}]},{\"@type\":\"WebSite\",\"@id\":\"https:\/\/www.blackfridaydeals.ch\/fr\/#website\",\"url\":\"https:\/\/www.blackfridaydeals.ch\/fr\/\",\"name\":\"blackfridaydeals.ch\",\"description\":\"Toutes les offres du Black Friday 2025 en Suisse\",\"publisher\":{\"@id\":\"https:\/\/www.blackfridaydeals.ch\/fr\/#organization\"},\"alternateName\":\"Black Friday Deals\",\"potentialAction\":[{\"@type\":\"SearchAction\",\"target\":{\"@type\":\"EntryPoint\",\"urlTemplate\":\"https:\/\/www.blackfridaydeals.ch\/fr\/?s={search_term_string}\"},\"query-input\":\"required name=search_term_string\"}],\"inLanguage\":\"fr-CH\"},{\"@type\":\"Organization\",\"@id\":\"https:\/\/www.blackfridaydeals.ch\/fr\/#organization\",\"name\":\"blackfridaydeals.ch\",\"alternateName\":\"Black Friday Deals\",\"url\":\"https:\/\/www.blackfridaydeals.ch\/fr\/\",\"logo\":{\"@type\":\"ImageObject\",\"inLanguage\":\"fr-CH\",\"@id\":\"https:\/\/www.blackfridaydeals.ch\/fr\/#\/schema\/logo\/image\/\",\"url\":\"https:\/\/www.blackfridaydeals.ch\/wp-content\/uploads\/2023\/03\/app-icon-white-bg-jpg.jpg\",\"contentUrl\":\"https:\/\/www.blackfridaydeals.ch\/wp-content\/uploads\/2023\/03\/app-icon-white-bg-jpg.jpg\",\"width\":512,\"height\":512,\"caption\":\"blackfridaydeals.ch\"},\"image\":{\"@id\":\"https:\/\/www.blackfridaydeals.ch\/fr\/#\/schema\/logo\/image\/\"},\"sameAs\":[\"https:\/\/www.facebook.com\/blackfridaydealsch\/\",\"https:\/\/twitter.com\/blackfridaych\",\"https:\/\/www.youtube.com\/channel\/UCNKXHacMw8AS34mBgzVx3FQ\",\"https:\/\/www.instagram.com\/blackfridaydeals.ch\/\"]}]}<\/script>\n<!-- \/ Yoast SEO plugin. -->","yoast_head_json":{"title":"Voici les offres de jeux vid\u00e9o au Black Friday 2026","description":"Jeux vid\u00e9o : les offres du Black Friday 2026 Ici vous trouverez toutes les offres Black Friday dans l\u2019univers des jeux vid\u00e9o.","robots":{"index":"index","follow":"follow","max-snippet":"max-snippet:-1","max-image-preview":"max-image-preview:large","max-video-preview":"max-video-preview:-1"},"canonical":"https:\/\/www.blackfridaydeals.ch\/fr\/offres-de-jeux-video-black-friday\/","og_locale":"fr_FR","og_type":"article","og_title":"Voici les offres de jeux vid\u00e9o au Black Friday 2026","og_description":"Jeux vid\u00e9o : les offres du Black Friday 2026 Ici vous trouverez toutes les offres Black Friday dans l\u2019univers des jeux vid\u00e9o.","og_url":"https:\/\/www.blackfridaydeals.ch\/fr\/offres-de-jeux-video-black-friday\/","og_site_name":"blackfridaydeals.ch","article_publisher":"https:\/\/www.facebook.com\/blackfridaydealsch\/","article_modified_time":"2025-02-07T15:50:30+00:00","og_image":[{"width":1920,"height":1277,"url":"https:\/\/www.blackfridaydeals.ch\/wp-content\/uploads\/2021\/11\/game-console-g22b48dc14_1920.jpg","type":"image\/jpeg"}],"twitter_card":"summary_large_image","twitter_site":"@blackfridaych","twitter_misc":{"Est. reading time":"5 minutes"},"schema":{"@context":"https:\/\/schema.org","@graph":[{"@type":"WebPage","@id":"https:\/\/www.blackfridaydeals.ch\/fr\/offres-de-jeux-video-black-friday\/","url":"https:\/\/www.blackfridaydeals.ch\/fr\/offres-de-jeux-video-black-friday\/","name":"Voici les offres de jeux vid\u00e9o au Black Friday 2026","isPartOf":{"@id":"https:\/\/www.blackfridaydeals.ch\/fr\/#website"},"datePublished":"2021-11-09T11:48:19+00:00","dateModified":"2025-02-07T15:50:30+00:00","description":"Jeux vid\u00e9o : les offres du Black Friday 2026 Ici vous trouverez toutes les offres Black Friday dans l\u2019univers des jeux vid\u00e9o.","breadcrumb":{"@id":"https:\/\/www.blackfridaydeals.ch\/fr\/offres-de-jeux-video-black-friday\/#breadcrumb"},"inLanguage":"fr-CH","potentialAction":[{"@type":"ReadAction","target":["https:\/\/www.blackfridaydeals.ch\/fr\/offres-de-jeux-video-black-friday\/"]}]},{"@type":"BreadcrumbList","@id":"https:\/\/www.blackfridaydeals.ch\/fr\/offres-de-jeux-video-black-friday\/#breadcrumb","itemListElement":[{"@type":"ListItem","position":1,"name":"Startseite","item":"https:\/\/www.blackfridaydeals.ch\/fr\/"},{"@type":"ListItem","position":2,"name":"Voici les offres de jeux vid\u00e9o au Black Friday"}]},{"@type":"WebSite","@id":"https:\/\/www.blackfridaydeals.ch\/fr\/#website","url":"https:\/\/www.blackfridaydeals.ch\/fr\/","name":"blackfridaydeals.ch","description":"Toutes les offres du Black Friday 2025 en Suisse","publisher":{"@id":"https:\/\/www.blackfridaydeals.ch\/fr\/#organization"},"alternateName":"Black Friday Deals","potentialAction":[{"@type":"SearchAction","target":{"@type":"EntryPoint","urlTemplate":"https:\/\/www.blackfridaydeals.ch\/fr\/?s={search_term_string}"},"query-input":"required name=search_term_string"}],"inLanguage":"fr-CH"},{"@type":"Organization","@id":"https:\/\/www.blackfridaydeals.ch\/fr\/#organization","name":"blackfridaydeals.ch","alternateName":"Black Friday Deals","url":"https:\/\/www.blackfridaydeals.ch\/fr\/","logo":{"@type":"ImageObject","inLanguage":"fr-CH","@id":"https:\/\/www.blackfridaydeals.ch\/fr\/#\/schema\/logo\/image\/","url":"https:\/\/www.blackfridaydeals.ch\/wp-content\/uploads\/2023\/03\/app-icon-white-bg-jpg.jpg","contentUrl":"https:\/\/www.blackfridaydeals.ch\/wp-content\/uploads\/2023\/03\/app-icon-white-bg-jpg.jpg","width":512,"height":512,"caption":"blackfridaydeals.ch"},"image":{"@id":"https:\/\/www.blackfridaydeals.ch\/fr\/#\/schema\/logo\/image\/"},"sameAs":["https:\/\/www.facebook.com\/blackfridaydealsch\/","https:\/\/twitter.com\/blackfridaych","https:\/\/www.youtube.com\/channel\/UCNKXHacMw8AS34mBgzVx3FQ","https:\/\/www.instagram.com\/blackfridaydeals.ch\/"]}]}},"_links":{"self":[{"href":"https:\/\/www.blackfridaydeals.ch\/fr\/wp-json\/wp\/v2\/pages\/39989"}],"collection":[{"href":"https:\/\/www.blackfridaydeals.ch\/fr\/wp-json\/wp\/v2\/pages"}],"about":[{"href":"https:\/\/www.blackfridaydeals.ch\/fr\/wp-json\/wp\/v2\/types\/page"}],"author":[{"embeddable":true,"href":"https:\/\/www.blackfridaydeals.ch\/fr\/wp-json\/wp\/v2\/users\/40"}],"replies":[{"embeddable":true,"href":"https:\/\/www.blackfridaydeals.ch\/fr\/wp-json\/wp\/v2\/comments?post=39989"}],"version-history":[{"count":9,"href":"https:\/\/www.blackfridaydeals.ch\/fr\/wp-json\/wp\/v2\/pages\/39989\/revisions"}],"predecessor-version":[{"id":98853,"href":"https:\/\/www.blackfridaydeals.ch\/fr\/wp-json\/wp\/v2\/pages\/39989\/revisions\/98853"}],"wp:featuredmedia":[{"embeddable":true,"href":"https:\/\/www.blackfridaydeals.ch\/fr\/wp-json\/wp\/v2\/media\/39990"}],"wp:attachment":[{"href":"https:\/\/www.blackfridaydeals.ch\/fr\/wp-json\/wp\/v2\/media?parent=39989"}],"curies":[{"name":"wp","href":"https:\/\/api.w.org\/{rel}","templated":true}]}}