{"id":38828,"date":"2021-11-02T18:06:17","date_gmt":"2021-11-02T17:06:17","guid":{"rendered":"https:\/\/www.blackfridaydeals.ch\/?page_id=38828"},"modified":"2025-02-07T16:51:01","modified_gmt":"2025-02-07T15:51:01","slug":"voyages-vols-hotels-black-friday","status":"publish","type":"page","link":"https:\/\/www.blackfridaydeals.ch\/fr\/voyages-vols-hotels-black-friday\/","title":{"rendered":"Voyages, vols et h\u00f4tels \u00e0 bas prix Black Friday"},"content":{"rendered":"<p>[vc_row][vc_column][vc_empty_space]\n[vc_column_text]<\/p>\n<p style=\"text-align: center;\"><img decoding=\"async\" class=\"alignright size-medium wp-image-38829\" src=\"https:\/\/www.blackfridaydeals.ch\/wp-content\/uploads\/2021\/11\/polynesia-g029d22441_1920-300x199.jpg\" alt=\"\" width=\"300\" height=\"199\" srcset=\"https:\/\/www.blackfridaydeals.ch\/wp-content\/uploads\/2021\/11\/polynesia-g029d22441_1920-300x199.jpg 300w, https:\/\/www.blackfridaydeals.ch\/wp-content\/uploads\/2021\/11\/polynesia-g029d22441_1920-1024x679.jpg 1024w, https:\/\/www.blackfridaydeals.ch\/wp-content\/uploads\/2021\/11\/polynesia-g029d22441_1920-767x509.jpg 767w, https:\/\/www.blackfridaydeals.ch\/wp-content\/uploads\/2021\/11\/polynesia-g029d22441_1920-1536x1019.jpg 1536w, https:\/\/www.blackfridaydeals.ch\/wp-content\/uploads\/2021\/11\/polynesia-g029d22441_1920-2048x1359.jpg 2048w, https:\/\/www.blackfridaydeals.ch\/wp-content\/uploads\/2021\/11\/polynesia-g029d22441_1920-788x522.jpg 788w, https:\/\/www.blackfridaydeals.ch\/wp-content\/uploads\/2021\/11\/polynesia-g029d22441_1920-150x100.jpg 150w, https:\/\/www.blackfridaydeals.ch\/wp-content\/uploads\/2021\/11\/polynesia-g029d22441_1920.jpg 1920w\" sizes=\"(max-width: 300px) 100vw, 300px\" \/><a href=\"https:\/\/www.blackfridaydeals.ch\/fr\/loisirs-voyages\/\" target=\"_blank\" style=\"border-radius:5px\" class=\"wpsm-button btncolor medium rehub_btn_color\"><i class=\"rhicon rhi-none\"><\/i>Afficher tous les deals de voyage<\/a><\/p>\n<h1>Voyages, vols et h\u00f4tels \u00e0 bas prix Black Friday 2026<\/h1>\n<p>Qui ne r\u00eaverait pas de passer quelques jours de vacances \u00e0 farnienter sur les plages sous un soleil radieux et oublier le temps maussade d&#8217;un mois de novembre typiquement froid et humide\u00a0? Mais les prix peuvent facilement faire \u00e9chouer ce r\u00eave et constituer un obstacle \u00e0 ce bonheur des vacances. Toutefois, si vous attendez le moment opportun, vous pouvez \u00e9conomiser \u00e9norm\u00e9ment de francs. C&#8217;est possible, par exemple, avec les offres sur les voyages, les vols et les h\u00f4tels que de nombreux prestataires de services de voyage pr\u00e9voient pour le Black Friday 2026. Ainsi, vous pourrez vous offrir les vacances de vos r\u00eaves au meilleur prix possible ce jour-l\u00e0.<\/p>\n<p>Nous pr\u00e9senterons les perspectives pour le <a href=\"https:\/\/www.blackfridaydeals.ch\/fr\/\">Black Friday<\/a> 2026\u00a0:<\/p>\n<h2>R\u00e9servez des vols \u00e0 prix r\u00e9duits<\/h2>\n<p>Presque toutes les compagnies a\u00e9riennes participent d\u00e9sormais au Black Friday 2026. De <a href=\"https:\/\/www.blackfridaydeals.ch\/fr\/shops\/swiss-fr\/\">SWISS<\/a> aux compagnies a\u00e9riennes \u00e0 bas co\u00fbts et aux compagnies a\u00e9riennes d&#8217;autres r\u00e9gions du monde, vous pouvez r\u00e9server presque tous les vols que vous voulez \u00e0 un prix r\u00e9duit. Vous n&#8217;y trouverez pas seulement des vols pas chers, mais souvent des offres assez complexes et l\u00e0 vous devez bien lire les petits textes de l\u2019offre \u00e9crits en petits caract\u00e8res.<\/p>\n<p>La fa\u00e7on la plus simple pour les compagnies a\u00e9riennes de c\u00e9l\u00e9brer le Black Friday est de proposer des r\u00e9ductions sur toutes sortes de vols. Avec cette promotion, par exemple, vous pouvez obtenir une r\u00e9duction de 30\u00a0% sur tous les vols, quelle que soit la classe dans laquelle vous r\u00e9servez, la date du vol et l&#8217;endroit o\u00f9 vous voulez aller. Toutefois, cette r\u00e9duction ne s&#8217;appliquera probablement pas \u00e0 tous les vols r\u00e9serv\u00e9s le jour de l&#8217;\u00e9v\u00e9nement. \u00c0 nos yeux, il est plus probable, par exemple, que la compagnie accordera des r\u00e9ductions aux 5\u00a0000 premiers clients qui ont effectu\u00e9 leur r\u00e9servation ce jour-l\u00e0.<\/p>\n<p>Une seconde formule sera une sorte de soldes, qui est \u00e9galement populaire aupr\u00e8s des fournisseurs de voyages \u00e0 forfait. Nous souhaitons vous pr\u00e9senter cela plus en d\u00e9tail ci-dessous\u00a0:<\/p>\n<h2>Vacances \u00e0 forfait avec des r\u00e9ductions importantes<\/h2>\n<p>Au Black Friday 2026, outre les vols, vous pouvez \u00e9galement obtenir des r\u00e9ductions sur des vacances enti\u00e8res. <a href=\"https:\/\/www.blackfridaydeals.ch\/fr\/shops\/tui-fr\/\">TUI<\/a>, par exemple, est un fournisseur populaire qui envoie chaque ann\u00e9e des milliers de Suisses en vacances en cr\u00e9ant pour eux une offre compl\u00e8te qui s\u2019adapte \u00e0 toutes leurs envies de vill\u00e9giatures.<\/p>\n<p>La plupart des prestataires de voyages \u00e0 forfait organisent des soldes lors d&#8217;occasions sp\u00e9ciales, ce qui permet de voyager vers des destinations populaires \u00e0 des prix r\u00e9duits. Par exemple, si vous voulez aller en Gr\u00e8ce, aux \u00c9tats-Unis ou en Tha\u00eflande, vous pouvez \u00e9conomiser beaucoup de francs. Mais, ici, vous devez toutefois lire attentivement le texte de l\u2019offre, car le prix bas annonc\u00e9 n&#8217;est souvent valable que pour une certaine p\u00e9riode de voyage. Il peut s&#8217;agir d&#8217;un s\u00e9jour dans les six prochains mois, dans l&#8217;ann\u00e9e suivante ou m\u00eame dans une autre p\u00e9riode. Parfois, les voyagistes excluent \u00e9galement les jours f\u00e9ri\u00e9s de la promotion. Mais si vous n\u2019avez aucune contrainte concernant la date du s\u00e9jour, vous pouvez faire de bonnes affaires avec de tels soldes. Avec un peu de chance, vous pouvez \u00e9conomiser jusqu&#8217;\u00e0 90\u00a0%. Les vacances de r\u00eave tant attendues sont vraiment \u00e0 port\u00e9e de main.<\/p>\n<h2>R\u00e9servez des voyages et des exp\u00e9riences sp\u00e9ciales \u00e0 bas prix<\/h2>\n<p>Si vous voulez vous \u00e9loigner de tout pendant un certain temps et oublier votre quotidien, vous ne pouvez pas vous contenter de simples vacances. Un concert, un repas savoureux, un \u00e9v\u00e9nement sportif ou une autre activit\u00e9 peuvent \u00e9galement \u00eatre int\u00e9ressants. Il existe ici de nombreux prestataires sp\u00e9cialis\u00e9s dans les aventures passionnantes, les exp\u00e9riences de luxe, la relaxation, les repas d\u00e9lectables et bien plus encore. L&#8217;un des prestataires qui a d\u00e9j\u00e0 attir\u00e9 l&#8217;attention avec de grandes campagnes de r\u00e9duction est Daimani. Cette entreprise est sp\u00e9cialis\u00e9e dans les billets de luxe pour les \u00e9v\u00e9nements sportifs, musicaux et culturels. Ainsi, m\u00eame si vous n&#8217;avez pas beaucoup de temps pour vous d\u00e9tendre, vous pouvez profiter de r\u00e9ductions pour vous \u00e9vader. Avec un peu de chance, vous trouverez au Black Friday 2026 les meilleures affaires de toute l&#8217;ann\u00e9e. Les offres propos\u00e9es par de nombreux prestataires de voyage lors du <a href=\"https:\/\/www.blackfridaydeals.ch\/fr\/singles-day\/\">Singles Day<\/a> et du <a href=\"https:\/\/www.blackfridaydeals.ch\/fr\/cyber-monday\/\">Cyber Monday<\/a> sont presque aussi bonnes.<\/p>\n<h3>Plus d&#8217;articles int\u00e9ressants:<\/h3>\n<ul>\n<li><a href=\"https:\/\/www.blackfridaydeals.ch\/fr\/photos-video-black-friday\/\">Les meilleures affaires en photos et vid\u00e9o au Black Friday 2026<\/a><\/li>\n<li><a href=\"https:\/\/www.blackfridaydeals.ch\/fr\/meilleures-appareils-photos\/\">Les meilleures affaires sur les appareils photos au Black Friday 2026<\/a><\/li>\n<li><a href=\"https:\/\/www.blackfridaydeals.ch\/fr\/fournitures-bureau-black-friday\/\">Les meilleures affaires pour les fournitures de bureau au Black Friday 2026<\/a><\/li>\n<li><a href=\"https:\/\/www.blackfridaydeals.ch\/fr\/montres-connectees-black-friday\/\">Les meilleures affaires sur les montres connect\u00e9es au Black Friday 2026<\/a><\/li>\n<li><a href=\"https:\/\/www.blackfridaydeals.ch\/fr\/offres-jouets-black-friday\/\">Les meilleures offres sur les jouets au Black Friday 2026<\/a><\/li>\n<li><a href=\"https:\/\/www.blackfridaydeals.ch\/fr\/offres-montres-black-friday\/\">Les meilleures offres de montres pour le Black Friday 2026<\/a><\/li>\n<li><a href=\"https:\/\/www.blackfridaydeals.ch\/fr\/beaute-au-black-friday\/\">Les meilleures offres dans le monde de beaut\u00e9 au Black Friday 2026<\/a><\/li>\n<li><a href=\"https:\/\/www.blackfridaydeals.ch\/fr\/offres-de-son-black-friday\/\">Les meilleures offres de Son pendant le Black Friday 2026<\/a><\/li>\n<li><a href=\"https:\/\/www.blackfridaydeals.ch\/fr\/ordinateurs-portables-black-friday\/\">Les meilleures offres sur les ordinateurs portables au Black Friday 2026<\/a><\/li>\n<li><a href=\"https:\/\/www.blackfridaydeals.ch\/fr\/offres-smartphones-black-friday\/\">Ces offres sur les smartphones seront disponibles au Black Friday 2026<\/a><\/li>\n<li><a href=\"https:\/\/www.blackfridaydeals.ch\/fr\/parfum-prix-reduit-black-friday\/\">Comment trouver ce parfum subtil \u00e0 prix r\u00e9duit au Black Friday 2026<\/a><\/li>\n<li><a href=\"https:\/\/www.blackfridaydeals.ch\/fr\/chaussures-au-black-friday\/\">Des chaussures de haute qualit\u00e9 \u00e0 des prix abordables au Black Friday 2026<\/a><\/li>\n<li><a href=\"https:\/\/www.blackfridaydeals.ch\/fr\/black-friday-home-cinema\/\">Les meilleures affaires au Black Friday 2026 sur le Home Cin\u00e9ma<\/a><\/li>\n<li><a href=\"https:\/\/www.blackfridaydeals.ch\/fr\/black-friday-alimentaires\/\">Les meilleures affaires au Black Friday 2026 sur les produits alimentaires et les boissons<\/a><\/li>\n<li><a href=\"https:\/\/www.blackfridaydeals.ch\/fr\/meilleures-meubles-black-friday\/\">Les meilleures affaires sur les meubles au Black Friday 2026<\/a><\/li>\n<li><a href=\"https:\/\/www.blackfridaydeals.ch\/fr\/offres-fitness-black-friday-year\/\">Les meilleures offres de fitness au Black Friday 2026<\/a><\/li>\n<li><a href=\"https:\/\/www.blackfridaydeals.ch\/fr\/pour-le-menage-black-friday\/\">Tout ce qu&#8217;il faut pour le m\u00e9nage au Black Friday 2026<\/a><\/li>\n<li><a href=\"https:\/\/www.blackfridaydeals.ch\/fr\/offres-de-jeux-video-black-friday\/\">Voici les offres de jeux vid\u00e9o que nous attendons avec impatience au Black Friday 2026<\/a><\/li>\n<\/ul>\n<p>[\/vc_column_text][\/vc_column][\/vc_row]<\/p>\n","protected":false},"excerpt":{"rendered":"<p>[vc_row][vc_column][vc_empty_space][vc_column_text] Voyages, vols et h\u00f4tels \u00e0 bas prix Black Friday Qui ne r\u00eaverait pas de passer quelques jours de vacances \u00e0 farnienter sur les plages sous un soleil radieux et oublier le temps maussade d&#8217;un mois de novembre typiquement froid et humide\u00a0? Mais les prix peuvent facilement faire \u00e9chouer ce r\u00eave et constituer un obstacle [&hellip;]<\/p>\n","protected":false},"author":40,"featured_media":38829,"parent":0,"menu_order":0,"comment_status":"closed","ping_status":"closed","template":"","meta":[],"yoast_head":"<!-- This site is optimized with the Yoast SEO plugin v20.5 - https:\/\/yoast.com\/wordpress\/plugins\/seo\/ -->\n<title>Voyages, vols et h\u00f4tels \u00e0 bas prix Black Friday 2026<\/title>\n<meta name=\"description\" content=\"Voyages, vols et h\u00f4tels : les offres du Black Friday 2026. Ici toutes les offres Black Friday dans l\u2019univers des voyages, vols et h\u00f4tels.\" \/>\n<meta name=\"robots\" content=\"index, follow, max-snippet:-1, max-image-preview:large, max-video-preview:-1\" \/>\n<link rel=\"canonical\" href=\"https:\/\/www.blackfridaydeals.ch\/fr\/voyages-vols-hotels-black-friday\/\" \/>\n<meta property=\"og:locale\" content=\"fr_FR\" \/>\n<meta property=\"og:type\" content=\"article\" \/>\n<meta property=\"og:title\" content=\"Voyages, vols et h\u00f4tels \u00e0 bas prix Black Friday 2026\" \/>\n<meta property=\"og:description\" content=\"Voyages, vols et h\u00f4tels : les offres du Black Friday 2026. Ici toutes les offres Black Friday dans l\u2019univers des voyages, vols et h\u00f4tels.\" \/>\n<meta property=\"og:url\" content=\"https:\/\/www.blackfridaydeals.ch\/fr\/voyages-vols-hotels-black-friday\/\" \/>\n<meta property=\"og:site_name\" content=\"blackfridaydeals.ch\" \/>\n<meta property=\"article:publisher\" content=\"https:\/\/www.facebook.com\/blackfridaydealsch\/\" \/>\n<meta property=\"article:modified_time\" content=\"2025-02-07T15:51:01+00:00\" \/>\n<meta property=\"og:image\" content=\"https:\/\/www.blackfridaydeals.ch\/wp-content\/uploads\/2021\/11\/polynesia-g029d22441_1920.jpg\" \/>\n\t<meta property=\"og:image:width\" content=\"1920\" \/>\n\t<meta property=\"og:image:height\" content=\"1274\" \/>\n\t<meta property=\"og:image:type\" content=\"image\/jpeg\" \/>\n<meta name=\"twitter:card\" content=\"summary_large_image\" \/>\n<meta name=\"twitter:site\" content=\"@blackfridaych\" \/>\n<meta name=\"twitter:label1\" content=\"Est. reading time\" \/>\n\t<meta name=\"twitter:data1\" content=\"5 minutes\" \/>\n<script type=\"application\/ld+json\" class=\"yoast-schema-graph\">{\"@context\":\"https:\/\/schema.org\",\"@graph\":[{\"@type\":\"WebPage\",\"@id\":\"https:\/\/www.blackfridaydeals.ch\/fr\/voyages-vols-hotels-black-friday\/\",\"url\":\"https:\/\/www.blackfridaydeals.ch\/fr\/voyages-vols-hotels-black-friday\/\",\"name\":\"Voyages, vols et h\u00f4tels \u00e0 bas prix Black Friday 2026\",\"isPartOf\":{\"@id\":\"https:\/\/www.blackfridaydeals.ch\/fr\/#website\"},\"datePublished\":\"2021-11-02T17:06:17+00:00\",\"dateModified\":\"2025-02-07T15:51:01+00:00\",\"description\":\"Voyages, vols et h\u00f4tels : les offres du Black Friday 2026. Ici toutes les offres Black Friday dans l\u2019univers des voyages, vols et h\u00f4tels.\",\"breadcrumb\":{\"@id\":\"https:\/\/www.blackfridaydeals.ch\/fr\/voyages-vols-hotels-black-friday\/#breadcrumb\"},\"inLanguage\":\"fr-CH\",\"potentialAction\":[{\"@type\":\"ReadAction\",\"target\":[\"https:\/\/www.blackfridaydeals.ch\/fr\/voyages-vols-hotels-black-friday\/\"]}]},{\"@type\":\"BreadcrumbList\",\"@id\":\"https:\/\/www.blackfridaydeals.ch\/fr\/voyages-vols-hotels-black-friday\/#breadcrumb\",\"itemListElement\":[{\"@type\":\"ListItem\",\"position\":1,\"name\":\"Startseite\",\"item\":\"https:\/\/www.blackfridaydeals.ch\/fr\/\"},{\"@type\":\"ListItem\",\"position\":2,\"name\":\"Voyages, vols et h\u00f4tels \u00e0 bas prix Black Friday\"}]},{\"@type\":\"WebSite\",\"@id\":\"https:\/\/www.blackfridaydeals.ch\/fr\/#website\",\"url\":\"https:\/\/www.blackfridaydeals.ch\/fr\/\",\"name\":\"blackfridaydeals.ch\",\"description\":\"Toutes les offres du Black Friday 2025 en Suisse\",\"publisher\":{\"@id\":\"https:\/\/www.blackfridaydeals.ch\/fr\/#organization\"},\"alternateName\":\"Black Friday Deals\",\"potentialAction\":[{\"@type\":\"SearchAction\",\"target\":{\"@type\":\"EntryPoint\",\"urlTemplate\":\"https:\/\/www.blackfridaydeals.ch\/fr\/?s={search_term_string}\"},\"query-input\":\"required name=search_term_string\"}],\"inLanguage\":\"fr-CH\"},{\"@type\":\"Organization\",\"@id\":\"https:\/\/www.blackfridaydeals.ch\/fr\/#organization\",\"name\":\"blackfridaydeals.ch\",\"alternateName\":\"Black Friday Deals\",\"url\":\"https:\/\/www.blackfridaydeals.ch\/fr\/\",\"logo\":{\"@type\":\"ImageObject\",\"inLanguage\":\"fr-CH\",\"@id\":\"https:\/\/www.blackfridaydeals.ch\/fr\/#\/schema\/logo\/image\/\",\"url\":\"https:\/\/www.blackfridaydeals.ch\/wp-content\/uploads\/2023\/03\/app-icon-white-bg-jpg.jpg\",\"contentUrl\":\"https:\/\/www.blackfridaydeals.ch\/wp-content\/uploads\/2023\/03\/app-icon-white-bg-jpg.jpg\",\"width\":512,\"height\":512,\"caption\":\"blackfridaydeals.ch\"},\"image\":{\"@id\":\"https:\/\/www.blackfridaydeals.ch\/fr\/#\/schema\/logo\/image\/\"},\"sameAs\":[\"https:\/\/www.facebook.com\/blackfridaydealsch\/\",\"https:\/\/twitter.com\/blackfridaych\",\"https:\/\/www.youtube.com\/channel\/UCNKXHacMw8AS34mBgzVx3FQ\",\"https:\/\/www.instagram.com\/blackfridaydeals.ch\/\"]}]}<\/script>\n<!-- \/ Yoast SEO plugin. -->","yoast_head_json":{"title":"Voyages, vols et h\u00f4tels \u00e0 bas prix Black Friday 2026","description":"Voyages, vols et h\u00f4tels : les offres du Black Friday 2026. Ici toutes les offres Black Friday dans l\u2019univers des voyages, vols et h\u00f4tels.","robots":{"index":"index","follow":"follow","max-snippet":"max-snippet:-1","max-image-preview":"max-image-preview:large","max-video-preview":"max-video-preview:-1"},"canonical":"https:\/\/www.blackfridaydeals.ch\/fr\/voyages-vols-hotels-black-friday\/","og_locale":"fr_FR","og_type":"article","og_title":"Voyages, vols et h\u00f4tels \u00e0 bas prix Black Friday 2026","og_description":"Voyages, vols et h\u00f4tels : les offres du Black Friday 2026. Ici toutes les offres Black Friday dans l\u2019univers des voyages, vols et h\u00f4tels.","og_url":"https:\/\/www.blackfridaydeals.ch\/fr\/voyages-vols-hotels-black-friday\/","og_site_name":"blackfridaydeals.ch","article_publisher":"https:\/\/www.facebook.com\/blackfridaydealsch\/","article_modified_time":"2025-02-07T15:51:01+00:00","og_image":[{"width":1920,"height":1274,"url":"https:\/\/www.blackfridaydeals.ch\/wp-content\/uploads\/2021\/11\/polynesia-g029d22441_1920.jpg","type":"image\/jpeg"}],"twitter_card":"summary_large_image","twitter_site":"@blackfridaych","twitter_misc":{"Est. reading time":"5 minutes"},"schema":{"@context":"https:\/\/schema.org","@graph":[{"@type":"WebPage","@id":"https:\/\/www.blackfridaydeals.ch\/fr\/voyages-vols-hotels-black-friday\/","url":"https:\/\/www.blackfridaydeals.ch\/fr\/voyages-vols-hotels-black-friday\/","name":"Voyages, vols et h\u00f4tels \u00e0 bas prix Black Friday 2026","isPartOf":{"@id":"https:\/\/www.blackfridaydeals.ch\/fr\/#website"},"datePublished":"2021-11-02T17:06:17+00:00","dateModified":"2025-02-07T15:51:01+00:00","description":"Voyages, vols et h\u00f4tels : les offres du Black Friday 2026. Ici toutes les offres Black Friday dans l\u2019univers des voyages, vols et h\u00f4tels.","breadcrumb":{"@id":"https:\/\/www.blackfridaydeals.ch\/fr\/voyages-vols-hotels-black-friday\/#breadcrumb"},"inLanguage":"fr-CH","potentialAction":[{"@type":"ReadAction","target":["https:\/\/www.blackfridaydeals.ch\/fr\/voyages-vols-hotels-black-friday\/"]}]},{"@type":"BreadcrumbList","@id":"https:\/\/www.blackfridaydeals.ch\/fr\/voyages-vols-hotels-black-friday\/#breadcrumb","itemListElement":[{"@type":"ListItem","position":1,"name":"Startseite","item":"https:\/\/www.blackfridaydeals.ch\/fr\/"},{"@type":"ListItem","position":2,"name":"Voyages, vols et h\u00f4tels \u00e0 bas prix Black Friday"}]},{"@type":"WebSite","@id":"https:\/\/www.blackfridaydeals.ch\/fr\/#website","url":"https:\/\/www.blackfridaydeals.ch\/fr\/","name":"blackfridaydeals.ch","description":"Toutes les offres du Black Friday 2025 en Suisse","publisher":{"@id":"https:\/\/www.blackfridaydeals.ch\/fr\/#organization"},"alternateName":"Black Friday Deals","potentialAction":[{"@type":"SearchAction","target":{"@type":"EntryPoint","urlTemplate":"https:\/\/www.blackfridaydeals.ch\/fr\/?s={search_term_string}"},"query-input":"required name=search_term_string"}],"inLanguage":"fr-CH"},{"@type":"Organization","@id":"https:\/\/www.blackfridaydeals.ch\/fr\/#organization","name":"blackfridaydeals.ch","alternateName":"Black Friday Deals","url":"https:\/\/www.blackfridaydeals.ch\/fr\/","logo":{"@type":"ImageObject","inLanguage":"fr-CH","@id":"https:\/\/www.blackfridaydeals.ch\/fr\/#\/schema\/logo\/image\/","url":"https:\/\/www.blackfridaydeals.ch\/wp-content\/uploads\/2023\/03\/app-icon-white-bg-jpg.jpg","contentUrl":"https:\/\/www.blackfridaydeals.ch\/wp-content\/uploads\/2023\/03\/app-icon-white-bg-jpg.jpg","width":512,"height":512,"caption":"blackfridaydeals.ch"},"image":{"@id":"https:\/\/www.blackfridaydeals.ch\/fr\/#\/schema\/logo\/image\/"},"sameAs":["https:\/\/www.facebook.com\/blackfridaydealsch\/","https:\/\/twitter.com\/blackfridaych","https:\/\/www.youtube.com\/channel\/UCNKXHacMw8AS34mBgzVx3FQ","https:\/\/www.instagram.com\/blackfridaydeals.ch\/"]}]}},"_links":{"self":[{"href":"https:\/\/www.blackfridaydeals.ch\/fr\/wp-json\/wp\/v2\/pages\/38828"}],"collection":[{"href":"https:\/\/www.blackfridaydeals.ch\/fr\/wp-json\/wp\/v2\/pages"}],"about":[{"href":"https:\/\/www.blackfridaydeals.ch\/fr\/wp-json\/wp\/v2\/types\/page"}],"author":[{"embeddable":true,"href":"https:\/\/www.blackfridaydeals.ch\/fr\/wp-json\/wp\/v2\/users\/40"}],"replies":[{"embeddable":true,"href":"https:\/\/www.blackfridaydeals.ch\/fr\/wp-json\/wp\/v2\/comments?post=38828"}],"version-history":[{"count":13,"href":"https:\/\/www.blackfridaydeals.ch\/fr\/wp-json\/wp\/v2\/pages\/38828\/revisions"}],"predecessor-version":[{"id":74568,"href":"https:\/\/www.blackfridaydeals.ch\/fr\/wp-json\/wp\/v2\/pages\/38828\/revisions\/74568"}],"wp:featuredmedia":[{"embeddable":true,"href":"https:\/\/www.blackfridaydeals.ch\/fr\/wp-json\/wp\/v2\/media\/38829"}],"wp:attachment":[{"href":"https:\/\/www.blackfridaydeals.ch\/fr\/wp-json\/wp\/v2\/media?parent=38828"}],"curies":[{"name":"wp","href":"https:\/\/api.w.org\/{rel}","templated":true}]}}