{"id":38822,"date":"2021-11-02T18:02:17","date_gmt":"2021-11-02T17:02:17","guid":{"rendered":"https:\/\/www.blackfridaydeals.ch\/?page_id=38822"},"modified":"2025-02-07T16:44:02","modified_gmt":"2025-02-07T15:44:02","slug":"pour-le-menage-black-friday","status":"publish","type":"page","link":"https:\/\/www.blackfridaydeals.ch\/fr\/pour-le-menage-black-friday\/","title":{"rendered":"Tout ce qu&#8217;il faut pour le m\u00e9nage au Black Friday"},"content":{"rendered":"<p>[vc_row][vc_column]\n[vc_column_text]<\/p>\n<p style=\"text-align: center;\"><img decoding=\"async\" class=\"alignright size-medium wp-image-38824\" src=\"https:\/\/www.blackfridaydeals.ch\/wp-content\/uploads\/2021\/11\/shelf-ga69a21069_1920-300x185.jpg\" alt=\"\" width=\"300\" height=\"185\" srcset=\"https:\/\/www.blackfridaydeals.ch\/wp-content\/uploads\/2021\/11\/shelf-ga69a21069_1920-300x185.jpg 300w, https:\/\/www.blackfridaydeals.ch\/wp-content\/uploads\/2021\/11\/shelf-ga69a21069_1920-1024x632.jpg 1024w, https:\/\/www.blackfridaydeals.ch\/wp-content\/uploads\/2021\/11\/shelf-ga69a21069_1920-768x474.jpg 768w, https:\/\/www.blackfridaydeals.ch\/wp-content\/uploads\/2021\/11\/shelf-ga69a21069_1920-1536x948.jpg 1536w, https:\/\/www.blackfridaydeals.ch\/wp-content\/uploads\/2021\/11\/shelf-ga69a21069_1920-2048x1264.jpg 2048w, https:\/\/www.blackfridaydeals.ch\/wp-content\/uploads\/2021\/11\/shelf-ga69a21069_1920-788x486.jpg 788w, https:\/\/www.blackfridaydeals.ch\/wp-content\/uploads\/2021\/11\/shelf-ga69a21069_1920-150x93.jpg 150w, https:\/\/www.blackfridaydeals.ch\/wp-content\/uploads\/2021\/11\/shelf-ga69a21069_1920.jpg 1920w\" sizes=\"(max-width: 300px) 100vw, 300px\" \/><a href=\"https:\/\/www.blackfridaydeals.ch\/fr\/home-living\/\" target=\"_blank\" style=\"border-radius:5px\" class=\"wpsm-button btncolor medium rehub_btn_color\"><i class=\"rhicon rhi-none\"><\/i>Afficher tous les deals de meubles<\/a><\/p>\n<p>Que vous vous installiez dans un nouvel appartement, que vous souhaitiez donner un coup de jeune \u00e0 votre ancienne maison ou que vous habitiez toujours dans le m\u00eame logement depuis des ann\u00e9es, vous aurez toujours besoin de quelque chose pour le m\u00e9nage. Il peut s&#8217;agir de quelque chose pour le nettoyage, pour la cuisine, pour l&#8217;ameublement ou pour la d\u00e9coration. Au <a href=\"https:\/\/www.blackfridaydeals.ch\/fr\/\">Black Friday<\/a> 2026, vous pouvez trouver une myriade de choses pour le m\u00e9nage \u00e0 des prix r\u00e9duits. Les magasins de meubles, les supermarch\u00e9s, les grandes surfaces et de nombreux autres magasins offrent des r\u00e9ductions sur les articles m\u00e9nagers.<\/p>\n<h2>Perspectives des offres sur les meubles pour le Black Friday 2026<\/h2>\n<p>Si vous cherchez des meubles neufs, il serait peut-\u00eatre plus avantageux d\u2019attendre le Black Friday 2026, car \u00e0 cette occasion de nombreux magasins y participent. Ainsi, vous trouverez tout ce que vous d\u00e9sirez chez des d\u00e9taillants de meubles sp\u00e9cialis\u00e9s comme <a href=\"https:\/\/www.blackfridaydeals.ch\/fr\/shops\/xxxlutz-fr\/\">XXXLutz<\/a>, ou alors dans les boutiques de mode et dans plusieurs autres endroits. Le large \u00e9ventail de magasins a de quoi satisfaire tous les budgets et tous les styles, d\u2019autant que presque tous les d\u00e9taillants du secteur participent au Black Friday en proposant une offre.<\/p>\n<p>La formule la plus en vogue que la majorit\u00e9 des d\u00e9taillants adoptent au Black Friday dans le secteur des meubles est la remise forfaitaire sur tout ou sur certaines cat\u00e9gories de l&#8217;assortiment. Cela signifie, par exemple, que vous pourrez trouver de nombreux canap\u00e9s \u00e0 moindre co\u00fbt, ou alors de bons plans sur tout ce qui est destin\u00e9 au bureau. Les r\u00e9ductions dans le secteur du mobilier sont g\u00e9n\u00e9ralement de l&#8217;ordre de 20\u00a0%. Ces derni\u00e8res ann\u00e9es, cependant, vous pouvez parfois compter sur des r\u00e9ductions de 30\u00a0% ou plus. \u00c0 quelques exceptions pr\u00e8s, cette formule est tr\u00e8s populaire dans l&#8217;industrie du meuble.<\/p>\n<p>Ces offres ne se trouvent pas exclusivement au Black Friday 2026. Avec un peu de chance, vous pourrez \u00e9galement b\u00e9n\u00e9ficier de promotions similaires lors du<a href=\"https:\/\/www.blackfridaydeals.ch\/fr\/singles-day\/\"> Singles Day<\/a> et du <a href=\"https:\/\/www.blackfridaydeals.ch\/fr\/cyber-monday\/\">Cyber Monday<\/a>. Ces derni\u00e8res ann\u00e9es, de plus en plus de magasins ont \u00e9galement propos\u00e9 des bons plans \u00e0 ces occasions.<\/p>\n<h2>D\u00e9coration\u00a0: prix r\u00e9duits chez les d\u00e9taillants de meubles et autres magasins<\/h2>\n<p>Si vous ne cherchez pas de meubles mais seulement une d\u00e9coration, vous pouvez en trouver dans d&#8217;autres magasins. De nombreux magasins de mode, par exemple, proposent une gamme d&#8217;accessoires pour la maison, et m\u00eame les grandes surfaces, les supermarch\u00e9s et les pharmacies offrent une s\u00e9lection d\u2019accessoires de d\u00e9coration.<\/p>\n<p>Pour cette raison, vous pouvez vous attendre au Black Friday 2026 \u00e0 un large festival de promotions sur les d\u00e9corations o\u00f9 vous pourrez faire des \u00e9conomies. Cela commencera par des remises g\u00e9n\u00e9rales sur l&#8217;ensemble de la gamme, qui, comme nous l&#8217;avons d\u00e9crit plus haut, se traduisent g\u00e9n\u00e9ralement par des r\u00e9ductions de 20 \u00e0 30\u00a0%. Mais vous pouvez \u00e9galement vous attendre \u00e0 des soldes, o\u00f9 les r\u00e9ductions pourront atteindre les 70\u00a0%. Alors que la plupart des d\u00e9taillants de meubles ont recours \u00e0 des rabais forfaitaires, les grands magasins ont tendance \u00e0 opter pour les soldes. Chez <a href=\"https:\/\/www.blackfridaydeals.ch\/fr\/shops\/conforama-fr\/\">Conforama<\/a>, par exemple, cela a d\u00e9j\u00e0 permis \u00e0 de nombreux clients de faire de bonnes affaires.<\/p>\n<h2>Le c\u0153ur vibrant de la maison\u00a0: la cuisine<\/h2>\n<p>Ceux qui vivent avec des adolescents savent que la cuisine peut rapidement devenir le lieu le plus important de la maison. C&#8217;est l\u00e0 que les gens cherchent des en-cas, cuisinent et souvent mangent. Outre les armoires et les plaques de cuisson, vous avez donc besoin de nombreuses planches \u00e0 d\u00e9couper, de couteaux, de casseroles et autres. Ces accessoires pourront \u00eatre l\u2019objet de belles promotions au Black Friday 2026 chez les d\u00e9taillants des meubles. De nombreux magasins se sont sp\u00e9cialis\u00e9s dans la cuisine, par exemple, et proposent des couteaux de qualit\u00e9 ou des ingr\u00e9dients d\u00e9licieux. Par exemple, Kitchen Corner s&#8217;est taill\u00e9 un nom avec une s\u00e9lection bien fournie d\u2019accessoires pour la cuisine. Mais dans les supermarch\u00e9s aussi, on trouve presque toujours les principaux appareils de cuisine et, bien s\u00fbr, des ingr\u00e9dients de diff\u00e9rentes qualit\u00e9s. De nombreux d\u00e9taillants sp\u00e9cialis\u00e9s dans la cuisine optent pour des remises g\u00e9n\u00e9rales sur tout ou sur certaines cat\u00e9gories, tandis que les supermarch\u00e9s, d&#8217;apr\u00e8s notre exp\u00e9rience, ont tendance \u00e0 planifier des soldes pour le Black Friday 2026.<\/p>\n<h3>Plus d&#8217;articles int\u00e9ressants:<\/h3>\n<ul>\n<li><a href=\"https:\/\/www.blackfridaydeals.ch\/fr\/photos-video-black-friday\/\">Les meilleures affaires en photos et vid\u00e9o au Black Friday 2026<\/a><\/li>\n<li><a href=\"https:\/\/www.blackfridaydeals.ch\/fr\/meilleures-appareils-photos\/\">Les meilleures affaires sur les appareils photos au Black Friday 2026<\/a><\/li>\n<li><a href=\"https:\/\/www.blackfridaydeals.ch\/fr\/fournitures-bureau-black-friday\/\">Les meilleures affaires pour les fournitures de bureau au Black Friday 2026<\/a><\/li>\n<li><a href=\"https:\/\/www.blackfridaydeals.ch\/fr\/montres-connectees-black-friday\/\">Les meilleures affaires sur les montres connect\u00e9es au Black Friday 2026<\/a><\/li>\n<li><a href=\"https:\/\/www.blackfridaydeals.ch\/fr\/offres-jouets-black-friday\/\">Les meilleures offres sur les jouets au Black Friday 2026<\/a><\/li>\n<li><a href=\"https:\/\/www.blackfridaydeals.ch\/fr\/offres-montres-black-friday\/\">Les meilleures offres de montres pour le Black Friday 2026<\/a><\/li>\n<li><a href=\"https:\/\/www.blackfridaydeals.ch\/fr\/beaute-au-black-friday\/\">Les meilleures offres dans le monde de beaut\u00e9 au Black Friday 2026<\/a><\/li>\n<li><a href=\"https:\/\/www.blackfridaydeals.ch\/fr\/offres-de-son-black-friday\/\">Les meilleures offres de Son pendant le Black Friday 2026<\/a><\/li>\n<li><a href=\"https:\/\/www.blackfridaydeals.ch\/fr\/ordinateurs-portables-black-friday\/\">Les meilleures offres sur les ordinateurs portables au Black Friday 2026<\/a><\/li>\n<li><a href=\"https:\/\/www.blackfridaydeals.ch\/fr\/offres-smartphones-black-friday\/\">Ces offres sur les smartphones seront disponibles au Black Friday 2026<\/a><\/li>\n<li><a href=\"https:\/\/www.blackfridaydeals.ch\/fr\/parfum-prix-reduit-black-friday\/\">Comment trouver ce parfum subtil \u00e0 prix r\u00e9duit au Black Friday 2026<\/a><\/li>\n<li><a href=\"https:\/\/www.blackfridaydeals.ch\/fr\/chaussures-au-black-friday\/\">Des chaussures de haute qualit\u00e9 \u00e0 des prix abordables au Black Friday 2026<\/a><\/li>\n<li><a href=\"https:\/\/www.blackfridaydeals.ch\/fr\/black-friday-home-cinema\/\">Les meilleures affaires au Black Friday 2026 sur le Home Cin\u00e9ma<\/a><\/li>\n<li><a href=\"https:\/\/www.blackfridaydeals.ch\/fr\/black-friday-alimentaires\/\">Les meilleures affaires au Black Friday 2026 sur les produits alimentaires et les boissons<\/a><\/li>\n<li><a href=\"https:\/\/www.blackfridaydeals.ch\/fr\/meilleures-meubles-black-friday\/\">Les meilleures affaires sur les meubles au Black Friday 2026<\/a><\/li>\n<li><a href=\"https:\/\/www.blackfridaydeals.ch\/fr\/offres-fitness-black-friday-year\/\">Les meilleures offres de fitness au Black Friday 2026<\/a><\/li>\n<li><a href=\"https:\/\/www.blackfridaydeals.ch\/fr\/voyages-vols-hotels-black-friday\/\">Voyages, vols et h\u00f4tels \u00e0 bas prix Black Friday 2026<\/a><\/li>\n<li><a href=\"https:\/\/www.blackfridaydeals.ch\/fr\/offres-de-jeux-video-black-friday\/\">Voici les offres de jeux vid\u00e9o que nous attendons avec impatience au Black Friday 2026<\/a><\/li>\n<\/ul>\n<p>[\/vc_column_text][\/vc_column][\/vc_row]<\/p>\n","protected":false},"excerpt":{"rendered":"<p>[vc_row][vc_column][vc_column_text] Que vous vous installiez dans un nouvel appartement, que vous souhaitiez donner un coup de jeune \u00e0 votre ancienne maison ou que vous habitiez toujours dans le m\u00eame logement depuis des ann\u00e9es, vous aurez toujours besoin de quelque chose pour le m\u00e9nage. Il peut s&#8217;agir de quelque chose pour le nettoyage, pour la cuisine, [&hellip;]<\/p>\n","protected":false},"author":40,"featured_media":38824,"parent":0,"menu_order":0,"comment_status":"closed","ping_status":"closed","template":"","meta":[],"yoast_head":"<!-- This site is optimized with the Yoast SEO plugin v20.5 - https:\/\/yoast.com\/wordpress\/plugins\/seo\/ -->\n<title>Tout ce qu&#039;il faut pour le m\u00e9nage au Black Friday 2026<\/title>\n<meta name=\"description\" content=\"M\u00e9nage : les offres du Black Friday 2026 Ici vous trouverez toutes les offres Black Friday dans l\u2019univers de m\u00e9nage.\" \/>\n<meta name=\"robots\" content=\"noindex, follow\" \/>\n<meta property=\"og:locale\" content=\"fr_FR\" \/>\n<meta property=\"og:type\" content=\"article\" \/>\n<meta property=\"og:title\" content=\"Tout ce qu&#039;il faut pour le m\u00e9nage au Black Friday 2026\" \/>\n<meta property=\"og:description\" content=\"M\u00e9nage : les offres du Black Friday 2026 Ici vous trouverez toutes les offres Black Friday dans l\u2019univers de m\u00e9nage.\" \/>\n<meta property=\"og:url\" content=\"https:\/\/www.blackfridaydeals.ch\/fr\/pour-le-menage-black-friday\/\" \/>\n<meta property=\"og:site_name\" content=\"blackfridaydeals.ch\" \/>\n<meta property=\"article:publisher\" content=\"https:\/\/www.facebook.com\/blackfridaydealsch\/\" \/>\n<meta property=\"article:modified_time\" content=\"2025-02-07T15:44:02+00:00\" \/>\n<meta property=\"og:image\" content=\"https:\/\/www.blackfridaydeals.ch\/wp-content\/uploads\/2021\/11\/shelf-ga69a21069_1920.jpg\" \/>\n\t<meta property=\"og:image:width\" content=\"1920\" \/>\n\t<meta property=\"og:image:height\" content=\"1185\" \/>\n\t<meta property=\"og:image:type\" content=\"image\/jpeg\" \/>\n<meta name=\"twitter:card\" content=\"summary_large_image\" \/>\n<meta name=\"twitter:site\" content=\"@blackfridaych\" \/>\n<meta name=\"twitter:label1\" content=\"Est. reading time\" \/>\n\t<meta name=\"twitter:data1\" content=\"5 minutes\" \/>\n<script type=\"application\/ld+json\" class=\"yoast-schema-graph\">{\"@context\":\"https:\/\/schema.org\",\"@graph\":[{\"@type\":\"WebPage\",\"@id\":\"https:\/\/www.blackfridaydeals.ch\/fr\/pour-le-menage-black-friday\/\",\"url\":\"https:\/\/www.blackfridaydeals.ch\/fr\/pour-le-menage-black-friday\/\",\"name\":\"Tout ce qu'il faut pour le m\u00e9nage au Black Friday 2026\",\"isPartOf\":{\"@id\":\"https:\/\/www.blackfridaydeals.ch\/fr\/#website\"},\"datePublished\":\"2021-11-02T17:02:17+00:00\",\"dateModified\":\"2025-02-07T15:44:02+00:00\",\"description\":\"M\u00e9nage : les offres du Black Friday 2026 Ici vous trouverez toutes les offres Black Friday dans l\u2019univers de m\u00e9nage.\",\"breadcrumb\":{\"@id\":\"https:\/\/www.blackfridaydeals.ch\/fr\/pour-le-menage-black-friday\/#breadcrumb\"},\"inLanguage\":\"fr-CH\",\"potentialAction\":[{\"@type\":\"ReadAction\",\"target\":[\"https:\/\/www.blackfridaydeals.ch\/fr\/pour-le-menage-black-friday\/\"]}]},{\"@type\":\"BreadcrumbList\",\"@id\":\"https:\/\/www.blackfridaydeals.ch\/fr\/pour-le-menage-black-friday\/#breadcrumb\",\"itemListElement\":[{\"@type\":\"ListItem\",\"position\":1,\"name\":\"Startseite\",\"item\":\"https:\/\/www.blackfridaydeals.ch\/fr\/\"},{\"@type\":\"ListItem\",\"position\":2,\"name\":\"Tout ce qu&#8217;il faut pour le m\u00e9nage au Black Friday\"}]},{\"@type\":\"WebSite\",\"@id\":\"https:\/\/www.blackfridaydeals.ch\/fr\/#website\",\"url\":\"https:\/\/www.blackfridaydeals.ch\/fr\/\",\"name\":\"blackfridaydeals.ch\",\"description\":\"Toutes les offres du Black Friday 2025 en Suisse\",\"publisher\":{\"@id\":\"https:\/\/www.blackfridaydeals.ch\/fr\/#organization\"},\"alternateName\":\"Black Friday Deals\",\"potentialAction\":[{\"@type\":\"SearchAction\",\"target\":{\"@type\":\"EntryPoint\",\"urlTemplate\":\"https:\/\/www.blackfridaydeals.ch\/fr\/?s={search_term_string}\"},\"query-input\":\"required name=search_term_string\"}],\"inLanguage\":\"fr-CH\"},{\"@type\":\"Organization\",\"@id\":\"https:\/\/www.blackfridaydeals.ch\/fr\/#organization\",\"name\":\"blackfridaydeals.ch\",\"alternateName\":\"Black Friday Deals\",\"url\":\"https:\/\/www.blackfridaydeals.ch\/fr\/\",\"logo\":{\"@type\":\"ImageObject\",\"inLanguage\":\"fr-CH\",\"@id\":\"https:\/\/www.blackfridaydeals.ch\/fr\/#\/schema\/logo\/image\/\",\"url\":\"https:\/\/www.blackfridaydeals.ch\/wp-content\/uploads\/2023\/03\/app-icon-white-bg-jpg.jpg\",\"contentUrl\":\"https:\/\/www.blackfridaydeals.ch\/wp-content\/uploads\/2023\/03\/app-icon-white-bg-jpg.jpg\",\"width\":512,\"height\":512,\"caption\":\"blackfridaydeals.ch\"},\"image\":{\"@id\":\"https:\/\/www.blackfridaydeals.ch\/fr\/#\/schema\/logo\/image\/\"},\"sameAs\":[\"https:\/\/www.facebook.com\/blackfridaydealsch\/\",\"https:\/\/twitter.com\/blackfridaych\",\"https:\/\/www.youtube.com\/channel\/UCNKXHacMw8AS34mBgzVx3FQ\",\"https:\/\/www.instagram.com\/blackfridaydeals.ch\/\"]}]}<\/script>\n<!-- \/ Yoast SEO plugin. -->","yoast_head_json":{"title":"Tout ce qu'il faut pour le m\u00e9nage au Black Friday 2026","description":"M\u00e9nage : les offres du Black Friday 2026 Ici vous trouverez toutes les offres Black Friday dans l\u2019univers de m\u00e9nage.","robots":{"index":"noindex","follow":"follow"},"og_locale":"fr_FR","og_type":"article","og_title":"Tout ce qu'il faut pour le m\u00e9nage au Black Friday 2026","og_description":"M\u00e9nage : les offres du Black Friday 2026 Ici vous trouverez toutes les offres Black Friday dans l\u2019univers de m\u00e9nage.","og_url":"https:\/\/www.blackfridaydeals.ch\/fr\/pour-le-menage-black-friday\/","og_site_name":"blackfridaydeals.ch","article_publisher":"https:\/\/www.facebook.com\/blackfridaydealsch\/","article_modified_time":"2025-02-07T15:44:02+00:00","og_image":[{"width":1920,"height":1185,"url":"https:\/\/www.blackfridaydeals.ch\/wp-content\/uploads\/2021\/11\/shelf-ga69a21069_1920.jpg","type":"image\/jpeg"}],"twitter_card":"summary_large_image","twitter_site":"@blackfridaych","twitter_misc":{"Est. reading time":"5 minutes"},"schema":{"@context":"https:\/\/schema.org","@graph":[{"@type":"WebPage","@id":"https:\/\/www.blackfridaydeals.ch\/fr\/pour-le-menage-black-friday\/","url":"https:\/\/www.blackfridaydeals.ch\/fr\/pour-le-menage-black-friday\/","name":"Tout ce qu'il faut pour le m\u00e9nage au Black Friday 2026","isPartOf":{"@id":"https:\/\/www.blackfridaydeals.ch\/fr\/#website"},"datePublished":"2021-11-02T17:02:17+00:00","dateModified":"2025-02-07T15:44:02+00:00","description":"M\u00e9nage : les offres du Black Friday 2026 Ici vous trouverez toutes les offres Black Friday dans l\u2019univers de m\u00e9nage.","breadcrumb":{"@id":"https:\/\/www.blackfridaydeals.ch\/fr\/pour-le-menage-black-friday\/#breadcrumb"},"inLanguage":"fr-CH","potentialAction":[{"@type":"ReadAction","target":["https:\/\/www.blackfridaydeals.ch\/fr\/pour-le-menage-black-friday\/"]}]},{"@type":"BreadcrumbList","@id":"https:\/\/www.blackfridaydeals.ch\/fr\/pour-le-menage-black-friday\/#breadcrumb","itemListElement":[{"@type":"ListItem","position":1,"name":"Startseite","item":"https:\/\/www.blackfridaydeals.ch\/fr\/"},{"@type":"ListItem","position":2,"name":"Tout ce qu&#8217;il faut pour le m\u00e9nage au Black Friday"}]},{"@type":"WebSite","@id":"https:\/\/www.blackfridaydeals.ch\/fr\/#website","url":"https:\/\/www.blackfridaydeals.ch\/fr\/","name":"blackfridaydeals.ch","description":"Toutes les offres du Black Friday 2025 en Suisse","publisher":{"@id":"https:\/\/www.blackfridaydeals.ch\/fr\/#organization"},"alternateName":"Black Friday Deals","potentialAction":[{"@type":"SearchAction","target":{"@type":"EntryPoint","urlTemplate":"https:\/\/www.blackfridaydeals.ch\/fr\/?s={search_term_string}"},"query-input":"required name=search_term_string"}],"inLanguage":"fr-CH"},{"@type":"Organization","@id":"https:\/\/www.blackfridaydeals.ch\/fr\/#organization","name":"blackfridaydeals.ch","alternateName":"Black Friday Deals","url":"https:\/\/www.blackfridaydeals.ch\/fr\/","logo":{"@type":"ImageObject","inLanguage":"fr-CH","@id":"https:\/\/www.blackfridaydeals.ch\/fr\/#\/schema\/logo\/image\/","url":"https:\/\/www.blackfridaydeals.ch\/wp-content\/uploads\/2023\/03\/app-icon-white-bg-jpg.jpg","contentUrl":"https:\/\/www.blackfridaydeals.ch\/wp-content\/uploads\/2023\/03\/app-icon-white-bg-jpg.jpg","width":512,"height":512,"caption":"blackfridaydeals.ch"},"image":{"@id":"https:\/\/www.blackfridaydeals.ch\/fr\/#\/schema\/logo\/image\/"},"sameAs":["https:\/\/www.facebook.com\/blackfridaydealsch\/","https:\/\/twitter.com\/blackfridaych","https:\/\/www.youtube.com\/channel\/UCNKXHacMw8AS34mBgzVx3FQ","https:\/\/www.instagram.com\/blackfridaydeals.ch\/"]}]}},"_links":{"self":[{"href":"https:\/\/www.blackfridaydeals.ch\/fr\/wp-json\/wp\/v2\/pages\/38822"}],"collection":[{"href":"https:\/\/www.blackfridaydeals.ch\/fr\/wp-json\/wp\/v2\/pages"}],"about":[{"href":"https:\/\/www.blackfridaydeals.ch\/fr\/wp-json\/wp\/v2\/types\/page"}],"author":[{"embeddable":true,"href":"https:\/\/www.blackfridaydeals.ch\/fr\/wp-json\/wp\/v2\/users\/40"}],"replies":[{"embeddable":true,"href":"https:\/\/www.blackfridaydeals.ch\/fr\/wp-json\/wp\/v2\/comments?post=38822"}],"version-history":[{"count":10,"href":"https:\/\/www.blackfridaydeals.ch\/fr\/wp-json\/wp\/v2\/pages\/38822\/revisions"}],"predecessor-version":[{"id":74533,"href":"https:\/\/www.blackfridaydeals.ch\/fr\/wp-json\/wp\/v2\/pages\/38822\/revisions\/74533"}],"wp:featuredmedia":[{"embeddable":true,"href":"https:\/\/www.blackfridaydeals.ch\/fr\/wp-json\/wp\/v2\/media\/38824"}],"wp:attachment":[{"href":"https:\/\/www.blackfridaydeals.ch\/fr\/wp-json\/wp\/v2\/media?parent=38822"}],"curies":[{"name":"wp","href":"https:\/\/api.w.org\/{rel}","templated":true}]}}