{"id":38815,"date":"2021-11-02T17:52:34","date_gmt":"2021-11-02T16:52:34","guid":{"rendered":"https:\/\/www.blackfridaydeals.ch\/?page_id=38815"},"modified":"2025-02-07T15:01:36","modified_gmt":"2025-02-07T14:01:36","slug":"offres-soins-visage-black-friday","status":"publish","type":"page","link":"https:\/\/www.blackfridaydeals.ch\/fr\/offres-soins-visage-black-friday\/","title":{"rendered":"Les meilleures offres pour les soins du visage au Black Friday"},"content":{"rendered":"<p>[vc_row][vc_column]\n[vc_column_text]<\/p>\n<p style=\"text-align: center;\"><img decoding=\"async\" class=\"alignright size-medium wp-image-38817\" src=\"https:\/\/www.blackfridaydeals.ch\/wp-content\/uploads\/2021\/11\/toner-g736848a7b_1920-300x208.jpg\" alt=\"\" width=\"300\" height=\"208\" srcset=\"https:\/\/www.blackfridaydeals.ch\/wp-content\/uploads\/2021\/11\/toner-g736848a7b_1920-300x208.jpg 300w, https:\/\/www.blackfridaydeals.ch\/wp-content\/uploads\/2021\/11\/toner-g736848a7b_1920-1024x711.jpg 1024w, https:\/\/www.blackfridaydeals.ch\/wp-content\/uploads\/2021\/11\/toner-g736848a7b_1920-768x533.jpg 768w, https:\/\/www.blackfridaydeals.ch\/wp-content\/uploads\/2021\/11\/toner-g736848a7b_1920-1536x1066.jpg 1536w, https:\/\/www.blackfridaydeals.ch\/wp-content\/uploads\/2021\/11\/toner-g736848a7b_1920-2048x1422.jpg 2048w, https:\/\/www.blackfridaydeals.ch\/wp-content\/uploads\/2021\/11\/toner-g736848a7b_1920-788x547.jpg 788w, https:\/\/www.blackfridaydeals.ch\/wp-content\/uploads\/2021\/11\/toner-g736848a7b_1920-150x104.jpg 150w, https:\/\/www.blackfridaydeals.ch\/wp-content\/uploads\/2021\/11\/toner-g736848a7b_1920.jpg 1920w\" sizes=\"(max-width: 300px) 100vw, 300px\" \/><a href=\"https:\/\/www.blackfridaydeals.ch\/fr\/beaute-sante\/\" target=\"_blank\" style=\"border-radius:5px\" class=\"wpsm-button btncolor medium rehub_btn_color\"><i class=\"rhicon rhi-none\"><\/i>Afficher tous les deals beaut\u00e9<\/a><\/p>\n<p>Notre visage m\u00e9rite vraiment les bons soins d\u2019autant plus qu\u2019il est en premi\u00e8re ligne face aux diff\u00e9rentes agressions ext\u00e9rieures qui risquent de le fragiliser. Mais, les gommages, les masques, cr\u00e8mes et autres co\u00fbtent un peu chers. Comment sortir alors de ce dilemme\u00a0? Eh bien, si vous pouvez attendre un peu pour vous approvisionner ou essayer de nouveaux produits, le <a href=\"https:\/\/www.blackfridaydeals.ch\/fr\/\">Black Friday<\/a> 2026 est l\u2019occasion qui tombe \u00e0 pic et o\u00f9 vous pourrez obtenir des soins du visage \u00e0 prix avantageux. D\u2019ailleurs, pour cette occasion, beaucoup de d\u00e9taillants du secteur pr\u00e9voient des remises int\u00e9ressantes. Ainsi, vous pourrez vous offrir les meilleurs soins \u00e0 moindre co\u00fbt aupr\u00e8s de grands interm\u00e9diaires ou directement aupr\u00e8s des fabricants.<\/p>\n<h2>Un regard sur les grandes pharmacies au Black Friday 2026<\/h2>\n<p>G\u00e9n\u00e9ralement, si on souhaite chercher diff\u00e9rents produits pour le soin du visage ou alors essayer de nouvelles marques, on va voir une grande pharmacie telle que <a href=\"https:\/\/www.blackfridaydeals.ch\/fr\/shops\/marionnaud-fr\/\">Marionnaud<\/a>. Vous y trouverez une large s\u00e9lection adapt\u00e9e \u00e0 tous les budgets et \u00e0 tous les types de peau.<\/p>\n<p>Par ailleurs, la plupart des pharmacies vont certainement c\u00e9l\u00e9brer le Black Friday de la m\u00eame mani\u00e8re. G\u00e9n\u00e9ralement, on y propose une remise forfaitaire sur tout. Cela repr\u00e9sente d\u2019habitude environ 30 %. Mais parfois, vous pouvez \u00e9conomiser davantage. C&#8217;est notamment le cas lorsque les pharmacies d\u00e9cident de r\u00e9duire une partie de l&#8217;assortiment. Par exemple, elles peuvent pr\u00e9voir une remise qui s\u2019applique seulement aux produits de soins de la peau, ou une remise exclusive sur les articles d&#8217;une certaine marque.<\/p>\n<h2>Achetez des soins du visage directement aupr\u00e8s du fabricant<\/h2>\n<p>Ceux qui ont d\u00e9j\u00e0 rep\u00e9r\u00e9 leurs produits pr\u00e9f\u00e9r\u00e9s peuvent les acheter directement aupr\u00e8s du fabricant pour soutenir davantage la marque. Dans ce cas \u00e9galement, vous pouvez vous attendre \u00e0 des remises au Black Friday. Et il faut s\u2019attendre \u00e0 une participation massive de tous les fabricants de toutes sortes : de <a href=\"https:\/\/www.blackfridaydeals.ch\/fr\/shops\/la-mer-fr\/\">La Mer<\/a> \u00e0 Elemis en passant par les marques bon march\u00e9, vous pouvez trouver des offres presque partout \u00e0 la fin du mois de novembre.<\/p>\n<p>Ces derni\u00e8res ann\u00e9es, les fabricants avaient toujours cr\u00e9\u00e9 la surprise avec leurs promotions. Les campagnes promotionnelles \u00e9taient diversifi\u00e9es et nombreuses. Il y avait des soldes, des remises par cat\u00e9gorie, des remises forfaitaires sur tout. On pourrait imaginer, par exemple, que certaines cr\u00e8mes et certains masques pourraient \u00eatre r\u00e9duits jusqu&#8217;\u00e0 80\u00a0%. Mais il est tout aussi probable, \u00e0 nos yeux, qu\u2019il y aura une remise forfaitaire de 40\u00a0% qui s\u2019applique sur tous les produits d\u2019une cat\u00e9gorie sp\u00e9cifique. Mais si les magasins veulent plaire \u00e0 tout le monde, ils proposeront alors une r\u00e9duction forfaitaire d&#8217;environ 30\u00a0% sur tout, vous pourriez m\u00eame \u00e9conomiser un peu plus que cela. Il y aura toujours de belles surprises au Black Friday.<\/p>\n<h2>Achetez des produits pour le visage \u00e0 la pharmacie ou au supermarch\u00e9<\/h2>\n<p>De nombreuses pharmacies ont \u00e9galement d\u00e9velopp\u00e9 une s\u00e9lection de produits de soins du visage ces derni\u00e8res ann\u00e9es, et m\u00eame les supermarch\u00e9s peuvent souvent se targuer d&#8217;avoir un rayon bien garni en cr\u00e8mes et en mousses nettoyantes. On voit bien donc que ces d\u00e9taillants int\u00e8grent une pharmacie dans leur assortiment.<\/p>\n<p>Ici, il n&#8217;y a g\u00e9n\u00e9ralement pas de remise g\u00e9n\u00e9rale sur tout. Vous trouverez plut\u00f4t des soldes ou une remise par cat\u00e9gorie. Par exemple, les supermarch\u00e9s peuvent proposer tout ce qui concerne les soins de la peau avec une r\u00e9duction de 20\u00a0%. Toutefois, il est \u00e9galement possible que la promotion s\u2019applique \u00e0 une marque particuli\u00e8re. Par exemple, vous pouvez obtenir trois produits d&#8217;une certaine marque pour le prix de deux.<\/p>\n<p>\u00c0 ce propos, alors que de nombreuses pharmacies et fabricants de produits de soins du visage c\u00e9l\u00e8brent aussi le <a href=\"https:\/\/www.blackfridaydeals.ch\/fr\/cyber-monday\/\">Cyber Monday<\/a> et le <a href=\"https:\/\/www.blackfridaydeals.ch\/fr\/singles-day\/\">Singles Day<\/a>, le ph\u00e9nom\u00e8ne ne fait que commencer dans quelques pharmacies et les supermarch\u00e9s. \u00c0 l&#8217;avenir, cependant, il est probable qu\u2019il y aura de bons plans lors de ces deux \u00e9v\u00e9nements commerciaux.<\/p>\n<h3>Plus d&#8217;articles int\u00e9ressants:<\/h3>\n<ul>\n<li><a href=\"https:\/\/www.blackfridaydeals.ch\/fr\/photos-video-black-friday\/\">Les meilleures affaires en photos et vid\u00e9o au Black Friday\u00a0<\/a><\/li>\n<li><a href=\"https:\/\/www.blackfridaydeals.ch\/fr\/meilleures-appareils-photos\/\">Les meilleures affaires sur les appareils photos au Black Friday<\/a><\/li>\n<li><a href=\"https:\/\/www.blackfridaydeals.ch\/fr\/fournitures-bureau-black-friday\/\">Les meilleures affaires pour les fournitures de bureau au Black Friday<\/a><\/li>\n<li><a href=\"https:\/\/www.blackfridaydeals.ch\/fr\/montres-connectees-black-friday\/\">Les meilleures affaires sur les montres connect\u00e9es au Black Friday\u00a0<\/a><\/li>\n<li><a href=\"https:\/\/www.blackfridaydeals.ch\/fr\/offres-jouets-black-friday\/\">Les meilleures offres sur les jouets au Black Friday\u00a0<\/a><\/li>\n<li><a href=\"https:\/\/www.blackfridaydeals.ch\/fr\/offres-montres-black-friday\/\">Les meilleures offres de montres pour le Black Friday\u00a0<\/a><\/li>\n<li><a href=\"https:\/\/www.blackfridaydeals.ch\/fr\/beaute-au-black-friday\/\">Les meilleures offres dans le monde de beaut\u00e9 au Black Friday\u00a0<\/a><\/li>\n<li><a href=\"https:\/\/www.blackfridaydeals.ch\/fr\/offres-de-son-black-friday\/\">Les meilleures offres de Son pendant le Black Friday\u00a0<\/a><\/li>\n<li><a href=\"https:\/\/www.blackfridaydeals.ch\/fr\/ordinateurs-portables-black-friday\/\">Les meilleures offres sur les ordinateurs portables au Black Friday<\/a><\/li>\n<li><a href=\"https:\/\/www.blackfridaydeals.ch\/fr\/offres-smartphones-black-friday\/\">Ces offres sur les smartphones seront disponibles au Black Friday\u00a0<\/a><\/li>\n<li><a href=\"https:\/\/www.blackfridaydeals.ch\/fr\/parfum-prix-reduit-black-friday\/\">Comment trouver ce parfum subtil \u00e0 prix r\u00e9duit au Black Friday\u00a0<\/a><\/li>\n<li><a href=\"https:\/\/www.blackfridaydeals.ch\/fr\/chaussures-au-black-friday\/\">Des chaussures de haute qualit\u00e9 \u00e0 des prix abordables au Black Friday<\/a><\/li>\n<li><a href=\"https:\/\/www.blackfridaydeals.ch\/fr\/black-friday-home-cinema\/\">Les meilleures affaires au Black Friday sur le Home Cin\u00e9ma<\/a><\/li>\n<li><a href=\"https:\/\/www.blackfridaydeals.ch\/fr\/black-friday-alimentaires\/\">Les meilleures affaires au Black Friday sur les produits alimentaires et les boissons<\/a><\/li>\n<li><a href=\"https:\/\/www.blackfridaydeals.ch\/fr\/meilleures-meubles-black-friday\/\">Les meilleures affaires sur les meubles au Black Friday\u00a0<\/a><\/li>\n<li><a href=\"https:\/\/www.blackfridaydeals.ch\/fr\/offres-fitness-black-friday-year\/\">Les meilleures offres de fitness au Black Friday <\/a><\/li>\n<li><a href=\"https:\/\/www.blackfridaydeals.ch\/fr\/pour-le-menage-black-friday\/\">Tout ce qu&#8217;il faut pour le m\u00e9nage au Black Friday<\/a><\/li>\n<li><a href=\"https:\/\/www.blackfridaydeals.ch\/fr\/voyages-vols-hotels-black-friday\/\">Voyages, vols et h\u00f4tels \u00e0 bas prix Black Friday\u00a0<\/a><\/li>\n<li><a href=\"https:\/\/www.blackfridaydeals.ch\/fr\/offres-de-jeux-video-black-friday\/\">Voici les offres de jeux vid\u00e9o que nous attendons avec impatience au Black Friday\u00a0<\/a><\/li>\n<\/ul>\n<p>[\/vc_column_text][\/vc_column][\/vc_row]<\/p>\n","protected":false},"excerpt":{"rendered":"<p>[vc_row][vc_column][vc_column_text] Notre visage m\u00e9rite vraiment les bons soins d\u2019autant plus qu\u2019il est en premi\u00e8re ligne face aux diff\u00e9rentes agressions ext\u00e9rieures qui risquent de le fragiliser. Mais, les gommages, les masques, cr\u00e8mes et autres co\u00fbtent un peu chers. Comment sortir alors de ce dilemme\u00a0? Eh bien, si vous pouvez attendre un peu pour vous approvisionner ou [&hellip;]<\/p>\n","protected":false},"author":40,"featured_media":38817,"parent":0,"menu_order":0,"comment_status":"closed","ping_status":"closed","template":"","meta":[],"yoast_head":"<!-- This site is optimized with the Yoast SEO plugin v20.5 - https:\/\/yoast.com\/wordpress\/plugins\/seo\/ -->\n<title>Les offres pour les soins du visage au Black Friday 2026<\/title>\n<meta name=\"description\" content=\"Soins du visage : les offres du Black Friday 2026 Ici vous trouverez toutes les offres Black Friday dans l\u2019univers des soins du visage.\" \/>\n<meta name=\"robots\" content=\"index, follow, max-snippet:-1, max-image-preview:large, max-video-preview:-1\" \/>\n<link rel=\"canonical\" href=\"https:\/\/www.blackfridaydeals.ch\/fr\/offres-soins-visage-black-friday\/\" \/>\n<meta property=\"og:locale\" content=\"fr_FR\" \/>\n<meta property=\"og:type\" content=\"article\" \/>\n<meta property=\"og:title\" content=\"Les offres pour les soins du visage au Black Friday 2026\" \/>\n<meta property=\"og:description\" content=\"Soins du visage : les offres du Black Friday 2026 Ici vous trouverez toutes les offres Black Friday dans l\u2019univers des soins du visage.\" \/>\n<meta property=\"og:url\" content=\"https:\/\/www.blackfridaydeals.ch\/fr\/offres-soins-visage-black-friday\/\" \/>\n<meta property=\"og:site_name\" content=\"blackfridaydeals.ch\" \/>\n<meta property=\"article:publisher\" content=\"https:\/\/www.facebook.com\/blackfridaydealsch\/\" \/>\n<meta property=\"article:modified_time\" content=\"2025-02-07T14:01:36+00:00\" \/>\n<meta property=\"og:image\" content=\"https:\/\/www.blackfridaydeals.ch\/wp-content\/uploads\/2021\/11\/toner-g736848a7b_1920.jpg\" \/>\n\t<meta property=\"og:image:width\" content=\"1920\" \/>\n\t<meta property=\"og:image:height\" content=\"1333\" \/>\n\t<meta property=\"og:image:type\" content=\"image\/jpeg\" \/>\n<meta name=\"twitter:card\" content=\"summary_large_image\" \/>\n<meta name=\"twitter:site\" content=\"@blackfridaych\" \/>\n<meta name=\"twitter:label1\" content=\"Est. reading time\" \/>\n\t<meta name=\"twitter:data1\" content=\"5 minutes\" \/>\n<script type=\"application\/ld+json\" class=\"yoast-schema-graph\">{\"@context\":\"https:\/\/schema.org\",\"@graph\":[{\"@type\":\"WebPage\",\"@id\":\"https:\/\/www.blackfridaydeals.ch\/fr\/offres-soins-visage-black-friday\/\",\"url\":\"https:\/\/www.blackfridaydeals.ch\/fr\/offres-soins-visage-black-friday\/\",\"name\":\"Les offres pour les soins du visage au Black Friday 2026\",\"isPartOf\":{\"@id\":\"https:\/\/www.blackfridaydeals.ch\/fr\/#website\"},\"datePublished\":\"2021-11-02T16:52:34+00:00\",\"dateModified\":\"2025-02-07T14:01:36+00:00\",\"description\":\"Soins du visage : les offres du Black Friday 2026 Ici vous trouverez toutes les offres Black Friday dans l\u2019univers des soins du visage.\",\"breadcrumb\":{\"@id\":\"https:\/\/www.blackfridaydeals.ch\/fr\/offres-soins-visage-black-friday\/#breadcrumb\"},\"inLanguage\":\"fr-CH\",\"potentialAction\":[{\"@type\":\"ReadAction\",\"target\":[\"https:\/\/www.blackfridaydeals.ch\/fr\/offres-soins-visage-black-friday\/\"]}]},{\"@type\":\"BreadcrumbList\",\"@id\":\"https:\/\/www.blackfridaydeals.ch\/fr\/offres-soins-visage-black-friday\/#breadcrumb\",\"itemListElement\":[{\"@type\":\"ListItem\",\"position\":1,\"name\":\"Startseite\",\"item\":\"https:\/\/www.blackfridaydeals.ch\/fr\/\"},{\"@type\":\"ListItem\",\"position\":2,\"name\":\"Les meilleures offres pour les soins du visage au Black Friday\"}]},{\"@type\":\"WebSite\",\"@id\":\"https:\/\/www.blackfridaydeals.ch\/fr\/#website\",\"url\":\"https:\/\/www.blackfridaydeals.ch\/fr\/\",\"name\":\"blackfridaydeals.ch\",\"description\":\"Toutes les offres du Black Friday 2025 en Suisse\",\"publisher\":{\"@id\":\"https:\/\/www.blackfridaydeals.ch\/fr\/#organization\"},\"alternateName\":\"Black Friday Deals\",\"potentialAction\":[{\"@type\":\"SearchAction\",\"target\":{\"@type\":\"EntryPoint\",\"urlTemplate\":\"https:\/\/www.blackfridaydeals.ch\/fr\/?s={search_term_string}\"},\"query-input\":\"required name=search_term_string\"}],\"inLanguage\":\"fr-CH\"},{\"@type\":\"Organization\",\"@id\":\"https:\/\/www.blackfridaydeals.ch\/fr\/#organization\",\"name\":\"blackfridaydeals.ch\",\"alternateName\":\"Black Friday Deals\",\"url\":\"https:\/\/www.blackfridaydeals.ch\/fr\/\",\"logo\":{\"@type\":\"ImageObject\",\"inLanguage\":\"fr-CH\",\"@id\":\"https:\/\/www.blackfridaydeals.ch\/fr\/#\/schema\/logo\/image\/\",\"url\":\"https:\/\/www.blackfridaydeals.ch\/wp-content\/uploads\/2023\/03\/app-icon-white-bg-jpg.jpg\",\"contentUrl\":\"https:\/\/www.blackfridaydeals.ch\/wp-content\/uploads\/2023\/03\/app-icon-white-bg-jpg.jpg\",\"width\":512,\"height\":512,\"caption\":\"blackfridaydeals.ch\"},\"image\":{\"@id\":\"https:\/\/www.blackfridaydeals.ch\/fr\/#\/schema\/logo\/image\/\"},\"sameAs\":[\"https:\/\/www.facebook.com\/blackfridaydealsch\/\",\"https:\/\/twitter.com\/blackfridaych\",\"https:\/\/www.youtube.com\/channel\/UCNKXHacMw8AS34mBgzVx3FQ\",\"https:\/\/www.instagram.com\/blackfridaydeals.ch\/\"]}]}<\/script>\n<!-- \/ Yoast SEO plugin. -->","yoast_head_json":{"title":"Les offres pour les soins du visage au Black Friday 2026","description":"Soins du visage : les offres du Black Friday 2026 Ici vous trouverez toutes les offres Black Friday dans l\u2019univers des soins du visage.","robots":{"index":"index","follow":"follow","max-snippet":"max-snippet:-1","max-image-preview":"max-image-preview:large","max-video-preview":"max-video-preview:-1"},"canonical":"https:\/\/www.blackfridaydeals.ch\/fr\/offres-soins-visage-black-friday\/","og_locale":"fr_FR","og_type":"article","og_title":"Les offres pour les soins du visage au Black Friday 2026","og_description":"Soins du visage : les offres du Black Friday 2026 Ici vous trouverez toutes les offres Black Friday dans l\u2019univers des soins du visage.","og_url":"https:\/\/www.blackfridaydeals.ch\/fr\/offres-soins-visage-black-friday\/","og_site_name":"blackfridaydeals.ch","article_publisher":"https:\/\/www.facebook.com\/blackfridaydealsch\/","article_modified_time":"2025-02-07T14:01:36+00:00","og_image":[{"width":1920,"height":1333,"url":"https:\/\/www.blackfridaydeals.ch\/wp-content\/uploads\/2021\/11\/toner-g736848a7b_1920.jpg","type":"image\/jpeg"}],"twitter_card":"summary_large_image","twitter_site":"@blackfridaych","twitter_misc":{"Est. reading time":"5 minutes"},"schema":{"@context":"https:\/\/schema.org","@graph":[{"@type":"WebPage","@id":"https:\/\/www.blackfridaydeals.ch\/fr\/offres-soins-visage-black-friday\/","url":"https:\/\/www.blackfridaydeals.ch\/fr\/offres-soins-visage-black-friday\/","name":"Les offres pour les soins du visage au Black Friday 2026","isPartOf":{"@id":"https:\/\/www.blackfridaydeals.ch\/fr\/#website"},"datePublished":"2021-11-02T16:52:34+00:00","dateModified":"2025-02-07T14:01:36+00:00","description":"Soins du visage : les offres du Black Friday 2026 Ici vous trouverez toutes les offres Black Friday dans l\u2019univers des soins du visage.","breadcrumb":{"@id":"https:\/\/www.blackfridaydeals.ch\/fr\/offres-soins-visage-black-friday\/#breadcrumb"},"inLanguage":"fr-CH","potentialAction":[{"@type":"ReadAction","target":["https:\/\/www.blackfridaydeals.ch\/fr\/offres-soins-visage-black-friday\/"]}]},{"@type":"BreadcrumbList","@id":"https:\/\/www.blackfridaydeals.ch\/fr\/offres-soins-visage-black-friday\/#breadcrumb","itemListElement":[{"@type":"ListItem","position":1,"name":"Startseite","item":"https:\/\/www.blackfridaydeals.ch\/fr\/"},{"@type":"ListItem","position":2,"name":"Les meilleures offres pour les soins du visage au Black Friday"}]},{"@type":"WebSite","@id":"https:\/\/www.blackfridaydeals.ch\/fr\/#website","url":"https:\/\/www.blackfridaydeals.ch\/fr\/","name":"blackfridaydeals.ch","description":"Toutes les offres du Black Friday 2025 en Suisse","publisher":{"@id":"https:\/\/www.blackfridaydeals.ch\/fr\/#organization"},"alternateName":"Black Friday Deals","potentialAction":[{"@type":"SearchAction","target":{"@type":"EntryPoint","urlTemplate":"https:\/\/www.blackfridaydeals.ch\/fr\/?s={search_term_string}"},"query-input":"required name=search_term_string"}],"inLanguage":"fr-CH"},{"@type":"Organization","@id":"https:\/\/www.blackfridaydeals.ch\/fr\/#organization","name":"blackfridaydeals.ch","alternateName":"Black Friday Deals","url":"https:\/\/www.blackfridaydeals.ch\/fr\/","logo":{"@type":"ImageObject","inLanguage":"fr-CH","@id":"https:\/\/www.blackfridaydeals.ch\/fr\/#\/schema\/logo\/image\/","url":"https:\/\/www.blackfridaydeals.ch\/wp-content\/uploads\/2023\/03\/app-icon-white-bg-jpg.jpg","contentUrl":"https:\/\/www.blackfridaydeals.ch\/wp-content\/uploads\/2023\/03\/app-icon-white-bg-jpg.jpg","width":512,"height":512,"caption":"blackfridaydeals.ch"},"image":{"@id":"https:\/\/www.blackfridaydeals.ch\/fr\/#\/schema\/logo\/image\/"},"sameAs":["https:\/\/www.facebook.com\/blackfridaydealsch\/","https:\/\/twitter.com\/blackfridaych","https:\/\/www.youtube.com\/channel\/UCNKXHacMw8AS34mBgzVx3FQ","https:\/\/www.instagram.com\/blackfridaydeals.ch\/"]}]}},"_links":{"self":[{"href":"https:\/\/www.blackfridaydeals.ch\/fr\/wp-json\/wp\/v2\/pages\/38815"}],"collection":[{"href":"https:\/\/www.blackfridaydeals.ch\/fr\/wp-json\/wp\/v2\/pages"}],"about":[{"href":"https:\/\/www.blackfridaydeals.ch\/fr\/wp-json\/wp\/v2\/types\/page"}],"author":[{"embeddable":true,"href":"https:\/\/www.blackfridaydeals.ch\/fr\/wp-json\/wp\/v2\/users\/40"}],"replies":[{"embeddable":true,"href":"https:\/\/www.blackfridaydeals.ch\/fr\/wp-json\/wp\/v2\/comments?post=38815"}],"version-history":[{"count":12,"href":"https:\/\/www.blackfridaydeals.ch\/fr\/wp-json\/wp\/v2\/pages\/38815\/revisions"}],"predecessor-version":[{"id":74473,"href":"https:\/\/www.blackfridaydeals.ch\/fr\/wp-json\/wp\/v2\/pages\/38815\/revisions\/74473"}],"wp:featuredmedia":[{"embeddable":true,"href":"https:\/\/www.blackfridaydeals.ch\/fr\/wp-json\/wp\/v2\/media\/38817"}],"wp:attachment":[{"href":"https:\/\/www.blackfridaydeals.ch\/fr\/wp-json\/wp\/v2\/media?parent=38815"}],"curies":[{"name":"wp","href":"https:\/\/api.w.org\/{rel}","templated":true}]}}