{"id":38808,"date":"2021-11-02T17:30:47","date_gmt":"2021-11-02T16:30:47","guid":{"rendered":"https:\/\/www.blackfridaydeals.ch\/?page_id=38808"},"modified":"2025-02-07T14:53:15","modified_gmt":"2025-02-07T13:53:15","slug":"offres-fitness-black-friday-year","status":"publish","type":"page","link":"https:\/\/www.blackfridaydeals.ch\/fr\/offres-fitness-black-friday-year\/","title":{"rendered":"Les meilleures offres de fitness au Black Friday"},"content":{"rendered":"<p>[vc_row][vc_column]\n[vc_column_text]<\/p>\n<p style=\"text-align: center;\"><img decoding=\"async\" class=\"alignright size-medium wp-image-38809\" src=\"https:\/\/www.blackfridaydeals.ch\/wp-content\/uploads\/2021\/11\/weight-lifting-gd97300405_1920-300x200.jpg\" alt=\"\" width=\"300\" height=\"200\" srcset=\"https:\/\/www.blackfridaydeals.ch\/wp-content\/uploads\/2021\/11\/weight-lifting-gd97300405_1920-300x200.jpg 300w, https:\/\/www.blackfridaydeals.ch\/wp-content\/uploads\/2021\/11\/weight-lifting-gd97300405_1920-1024x682.jpg 1024w, https:\/\/www.blackfridaydeals.ch\/wp-content\/uploads\/2021\/11\/weight-lifting-gd97300405_1920-767x511.jpg 767w, https:\/\/www.blackfridaydeals.ch\/wp-content\/uploads\/2021\/11\/weight-lifting-gd97300405_1920-1536x1023.jpg 1536w, https:\/\/www.blackfridaydeals.ch\/wp-content\/uploads\/2021\/11\/weight-lifting-gd97300405_1920-2048x1364.jpg 2048w, https:\/\/www.blackfridaydeals.ch\/wp-content\/uploads\/2021\/11\/weight-lifting-gd97300405_1920-788x524.jpg 788w, https:\/\/www.blackfridaydeals.ch\/wp-content\/uploads\/2021\/11\/weight-lifting-gd97300405_1920-150x100.jpg 150w, https:\/\/www.blackfridaydeals.ch\/wp-content\/uploads\/2021\/11\/weight-lifting-gd97300405_1920.jpg 1920w\" sizes=\"(max-width: 300px) 100vw, 300px\" \/><a href=\"https:\/\/www.blackfridaydeals.ch\/fr\/sports-outdoor\/\" target=\"_blank\" style=\"border-radius:5px\" class=\"wpsm-button btncolor medium rehub_btn_color\"><i class=\"rhicon rhi-none\"><\/i>Afficher tous les deals de sport<\/a><\/p>\n<p>Si vous voulez \u00eatre et rester en forme, le <a href=\"https:\/\/www.blackfridaydeals.ch\/fr\/\">Black Friday<\/a> est le moment id\u00e9al pour r\u00e9aliser vos d\u00e9sid\u00e9rata en payant peu. En effet, de nombreux rabais sont offerts par les professionnels du secteur. Des v\u00eatements aux compl\u00e9ments alimentaires en passant par les \u00e9quipements et les abonnements aux salles de sport, vous pouvez obtenir \u00e0 la fin du mois de novembre tout ce que vous pouvez imaginer en mati\u00e8re de fitness \u00e0 prix r\u00e9duit.<\/p>\n<h2>Les bons v\u00eatements r\u00e9duits pour chaque sport<\/h2>\n<p>Au Black Friday 2026, de nombreux magasins de mode, tels que <a href=\"https:\/\/www.blackfridaydeals.ch\/fr\/shops\/zalando-fr\/\">Zalando<\/a>, proposeront une grande partie de leur assortiment \u00e0 des prix r\u00e9duits. M\u00eame si les v\u00eatements de sport ne repr\u00e9sentent qu&#8217;une partie de la s\u00e9lection, de nombreux magasins proposent des centaines ou des milliers d&#8217;articles dans cette cat\u00e9gorie. Selon le d\u00e9taillant, il est \u00e9galement possible de trouver des r\u00e9ductions sur les produits de marques sportives connues, dont la qualit\u00e9 est garantie.<\/p>\n<p>Mais si vous pr\u00e9f\u00e9rez faire vos achats dans un magasin sp\u00e9cialis\u00e9 dans le sport ou m\u00eame dans certains sports, vous ne repartirez pas les mains vides. Vous pouvez faire vos achats \u00e0 moindre co\u00fbt chez de nombreux d\u00e9taillants de sport ou directement aupr\u00e8s des fabricants. Que ce soit chez <a href=\"https:\/\/www.blackfridaydeals.ch\/fr\/shops\/decathlon-fr\/\">Decathlon<\/a> ou chez un fabricant de v\u00eatements de sport haut de gamme, vous pouvez souvent vous attendre \u00e0 des \u00e9conomies importantes au Black Friday 2026. Vous pourrez aussi b\u00e9n\u00e9ficier des m\u00eames r\u00e9ductions dans les magasins de mode et de sport. Ces remises peuvent porter sur toute la gamme ou sur une cat\u00e9gorie. G\u00e9n\u00e9ralement, vous pourrez \u00e9conomiser de 20 ou 30\u00a0%, parfois un peu plus.<\/p>\n<h2>Pour encore plus de performance\u00a0: r\u00e9ductions sur les compl\u00e9ments alimentaires<\/h2>\n<p>Si vous voulez prendre du muscle, les compl\u00e9ments alimentaires pourront vous venir en aide. L&#8217;organisme recevra ainsi tous les nutriments dont il a besoin pour br\u00fbler les graisses et construire de nouvelles fibres musculaires. Ces compl\u00e9ments alimentaires pourront faire l&#8217;objet de remises lors du Black Friday 2026. <a href=\"https:\/\/www.blackfridaydeals.ch\/fr\/shops\/myprotein-fr\/\">MyProtein<\/a>, par exemple, propose souvent des offres de r\u00e9duction. De nombreux magasins du secteur offrent aussi des remises assez g\u00e9n\u00e9reuses lors du Black Friday, du <a href=\"https:\/\/www.blackfridaydeals.ch\/fr\/cyber-monday\/\">Cyber Monday<\/a> et d&#8217;autres \u00e9v\u00e9nements, ces rabais peuvent facilement aller au-del\u00e0 des 50\u00a0%. Ces campagnes de rabais sont g\u00e9n\u00e9ralement structur\u00e9es comme des soldes, de fa\u00e7on que vous ne recevez que les articles les plus populaires avec les remises les plus \u00e9lev\u00e9es. Ainsi, presque tous les clients seront satisfaits des best-sellers.<\/p>\n<h2>Rendre la formation plus efficace gr\u00e2ce \u00e0 l&#8217;\u00e9quipement<\/h2>\n<p>Les magasins de sport ne font pas seulement plaisir \u00e0 leurs clients en leur proposant des v\u00eatements et des chaussures, mais vous pouvez \u00e9galement trouver toutes sortes d&#8217;\u00e9quipements pour diff\u00e9rents sports. Par exemple, si vous \u00eates un adepte de la randonn\u00e9e, vous trouverez g\u00e9n\u00e9ralement des tentes, des sacs \u00e0 dos et bien plus encore. Pour le fitness au sens strict, il existe des halt\u00e8res, des poids, des kettlebells, des Thera-Bands et bien d&#8217;autres produits pour rendre l&#8217;entra\u00eenement aussi efficace que possible. Ceux-ci peuvent faire l&#8217;objet d&#8217;une remise suppl\u00e9mentaire en tant que cat\u00e9gorie. Toutefois, si un magasin d\u00e9cide d&#8217;offrir une remise forfaitaire sur tous les produits, ceux-ci seront bien s\u00fbr \u00e9galement r\u00e9duits. Bien que cette promotion puisse comporter de petites exceptions, celles-ci s&#8217;appliquent rarement \u00e0 une partie aussi importante de la gamme que sont les \u00e9quipements Comme pour les v\u00eatements, les remises s&#8217;\u00e9l\u00e8vent \u00e0 environ 30\u00a0%.<\/p>\n<h2>Faire de l&#8217;exercice dans la salle de gym<\/h2>\n<p>Ces derni\u00e8res ann\u00e9es, les studios de fitness individuels ont \u00e9galement d\u00e9couvert le Black Friday par eux-m\u00eames. \u00c0 <a href=\"https:\/\/www.blackfridaydeals.ch\/fr\/shops\/holmes-place-fr\/\">Holmes Place<\/a>, par exemple, vous avez d\u00e9j\u00e0 pu trouver des offres \u00e0 cette occasion. Si un studio propose un abonnement \u00e0 prix r\u00e9duit, vous pouvez vous attendre \u00e0 des remises importantes. Ici, nous pouvons imaginer des remises bien sup\u00e9rieures \u00e0 50\u00a0%. De cette mani\u00e8re, les salles de sport rendent leurs services accessibles \u00e0 un plus grand nombre de clients et gagneront \u00e9ventuellement de nouveaux clients r\u00e9guliers.<\/p>\n<p>Peut-\u00eatre que certains gymnases seront \u00e9galement inspir\u00e9s par le <a href=\"https:\/\/www.blackfridaydeals.ch\/fr\/singles-day\/\">Singles Day<\/a> en novembre prochain. Ainsi, le 11\u00a0novembre, les c\u00e9libataires et les couples pourraient s&#8217;engager sur une voie plus saine. Toutefois, les remises seront probablement un peu moins importantes que lors du Black Friday 2026.<\/p>\n<h3>Plus d&#8217;articles int\u00e9ressants:<\/h3>\n<ul>\n<li><a href=\"https:\/\/www.blackfridaydeals.ch\/fr\/photos-video-black-friday\/\">Les meilleures affaires en photos et vid\u00e9o au Black Friday 2026<\/a><\/li>\n<li><a href=\"https:\/\/www.blackfridaydeals.ch\/fr\/meilleures-appareils-photos\/\">Les meilleures affaires sur les appareils photos au Black Friday 2026<\/a><\/li>\n<li><a href=\"https:\/\/www.blackfridaydeals.ch\/fr\/fournitures-bureau-black-friday\/\">Les meilleures affaires pour les fournitures de bureau au Black Friday 2026<\/a><\/li>\n<li><a href=\"https:\/\/www.blackfridaydeals.ch\/fr\/montres-connectees-black-friday\/\">Les meilleures affaires sur les montres connect\u00e9es au Black Friday 2026<\/a><\/li>\n<li><a href=\"https:\/\/www.blackfridaydeals.ch\/fr\/offres-jouets-black-friday\/\">Les meilleures offres sur les jouets au Black Friday 2026<\/a><\/li>\n<li><a href=\"https:\/\/www.blackfridaydeals.ch\/fr\/offres-montres-black-friday\/\">Les meilleures offres de montres pour le Black Friday 2026<\/a><\/li>\n<li><a href=\"https:\/\/www.blackfridaydeals.ch\/fr\/beaute-au-black-friday\/\">Les meilleures offres dans le monde de beaut\u00e9 au Black Friday 2026<\/a><\/li>\n<li><a href=\"https:\/\/www.blackfridaydeals.ch\/fr\/offres-de-son-black-friday\/\">Les meilleures offres de Son pendant le Black Friday 2026<\/a><\/li>\n<li><a href=\"https:\/\/www.blackfridaydeals.ch\/fr\/ordinateurs-portables-black-friday\/\">Les meilleures offres sur les ordinateurs portables au Black Friday 2026<\/a><\/li>\n<li><a href=\"https:\/\/www.blackfridaydeals.ch\/fr\/offres-smartphones-black-friday\/\">Ces offres sur les smartphones seront disponibles au Black Friday 2026<\/a><\/li>\n<li><a href=\"https:\/\/www.blackfridaydeals.ch\/fr\/parfum-prix-reduit-black-friday\/\">Comment trouver ce parfum subtil \u00e0 prix r\u00e9duit au Black Friday 2026<\/a><\/li>\n<li><a href=\"https:\/\/www.blackfridaydeals.ch\/fr\/chaussures-au-black-friday\/\">Des chaussures de haute qualit\u00e9 \u00e0 des prix abordables au Black Friday 2026<\/a><\/li>\n<li><a href=\"https:\/\/www.blackfridaydeals.ch\/fr\/black-friday-home-cinema\/\">Les meilleures affaires au Black Friday 2026 sur le Home Cin\u00e9ma<\/a><\/li>\n<li><a href=\"https:\/\/www.blackfridaydeals.ch\/fr\/black-friday-alimentaires\/\">Les meilleures affaires au Black Friday 2026 sur les produits alimentaires et les boissons<\/a><\/li>\n<li><a href=\"https:\/\/www.blackfridaydeals.ch\/fr\/meilleures-meubles-black-friday\/\">Les meilleures affaires sur les meubles au Black Friday 2026<\/a><\/li>\n<li><a href=\"https:\/\/www.blackfridaydeals.ch\/fr\/pour-le-menage-black-friday\/\">Tout ce qu&#8217;il faut pour le m\u00e9nage au Black Friday 2026<\/a><\/li>\n<li><a href=\"https:\/\/www.blackfridaydeals.ch\/fr\/voyages-vols-hotels-black-friday\/\">Voyages, vols et h\u00f4tels \u00e0 bas prix Black Friday 2026<\/a><\/li>\n<li><a href=\"https:\/\/www.blackfridaydeals.ch\/fr\/offres-de-jeux-video-black-friday\/\">Voici les offres de jeux vid\u00e9o que nous attendons avec impatience au Black Friday 2026<\/a><\/li>\n<\/ul>\n<p>[\/vc_column_text][\/vc_column][\/vc_row]<\/p>\n","protected":false},"excerpt":{"rendered":"<p>[vc_row][vc_column][vc_column_text] Si vous voulez \u00eatre et rester en forme, le Black Friday est le moment id\u00e9al pour r\u00e9aliser vos d\u00e9sid\u00e9rata en payant peu. En effet, de nombreux rabais sont offerts par les professionnels du secteur. Des v\u00eatements aux compl\u00e9ments alimentaires en passant par les \u00e9quipements et les abonnements aux salles de sport, vous pouvez obtenir [&hellip;]<\/p>\n","protected":false},"author":40,"featured_media":38809,"parent":0,"menu_order":0,"comment_status":"closed","ping_status":"closed","template":"","meta":[],"yoast_head":"<!-- This site is optimized with the Yoast SEO plugin v20.5 - https:\/\/yoast.com\/wordpress\/plugins\/seo\/ -->\n<title>Les meilleures offres de fitness au Black Friday 2026<\/title>\n<meta name=\"description\" content=\"Fitness : les offres du Black Friday 2026 Ici vous trouverez toutes les offres Black Friday dans l\u2019univers de fitness.\" \/>\n<meta name=\"robots\" content=\"index, follow, max-snippet:-1, max-image-preview:large, max-video-preview:-1\" \/>\n<link rel=\"canonical\" href=\"https:\/\/www.blackfridaydeals.ch\/fr\/offres-fitness-black-friday-year\/\" \/>\n<meta property=\"og:locale\" content=\"fr_FR\" \/>\n<meta property=\"og:type\" content=\"article\" \/>\n<meta property=\"og:title\" content=\"Les meilleures offres de fitness au Black Friday 2026\" \/>\n<meta property=\"og:description\" content=\"Fitness : les offres du Black Friday 2026 Ici vous trouverez toutes les offres Black Friday dans l\u2019univers de fitness.\" \/>\n<meta property=\"og:url\" content=\"https:\/\/www.blackfridaydeals.ch\/fr\/offres-fitness-black-friday-year\/\" \/>\n<meta property=\"og:site_name\" content=\"blackfridaydeals.ch\" \/>\n<meta property=\"article:publisher\" content=\"https:\/\/www.facebook.com\/blackfridaydealsch\/\" \/>\n<meta property=\"article:modified_time\" content=\"2025-02-07T13:53:15+00:00\" \/>\n<meta property=\"og:image\" content=\"https:\/\/www.blackfridaydeals.ch\/wp-content\/uploads\/2021\/11\/weight-lifting-gd97300405_1920.jpg\" \/>\n\t<meta property=\"og:image:width\" content=\"1920\" \/>\n\t<meta property=\"og:image:height\" content=\"1279\" \/>\n\t<meta property=\"og:image:type\" content=\"image\/jpeg\" \/>\n<meta name=\"twitter:card\" content=\"summary_large_image\" \/>\n<meta name=\"twitter:site\" content=\"@blackfridaych\" \/>\n<meta name=\"twitter:label1\" content=\"Est. reading time\" \/>\n\t<meta name=\"twitter:data1\" content=\"5 minutes\" \/>\n<script type=\"application\/ld+json\" class=\"yoast-schema-graph\">{\"@context\":\"https:\/\/schema.org\",\"@graph\":[{\"@type\":\"WebPage\",\"@id\":\"https:\/\/www.blackfridaydeals.ch\/fr\/offres-fitness-black-friday-year\/\",\"url\":\"https:\/\/www.blackfridaydeals.ch\/fr\/offres-fitness-black-friday-year\/\",\"name\":\"Les meilleures offres de fitness au Black Friday 2026\",\"isPartOf\":{\"@id\":\"https:\/\/www.blackfridaydeals.ch\/fr\/#website\"},\"datePublished\":\"2021-11-02T16:30:47+00:00\",\"dateModified\":\"2025-02-07T13:53:15+00:00\",\"description\":\"Fitness : les offres du Black Friday 2026 Ici vous trouverez toutes les offres Black Friday dans l\u2019univers de fitness.\",\"breadcrumb\":{\"@id\":\"https:\/\/www.blackfridaydeals.ch\/fr\/offres-fitness-black-friday-year\/#breadcrumb\"},\"inLanguage\":\"fr-CH\",\"potentialAction\":[{\"@type\":\"ReadAction\",\"target\":[\"https:\/\/www.blackfridaydeals.ch\/fr\/offres-fitness-black-friday-year\/\"]}]},{\"@type\":\"BreadcrumbList\",\"@id\":\"https:\/\/www.blackfridaydeals.ch\/fr\/offres-fitness-black-friday-year\/#breadcrumb\",\"itemListElement\":[{\"@type\":\"ListItem\",\"position\":1,\"name\":\"Startseite\",\"item\":\"https:\/\/www.blackfridaydeals.ch\/fr\/\"},{\"@type\":\"ListItem\",\"position\":2,\"name\":\"Les meilleures offres de fitness au Black Friday\"}]},{\"@type\":\"WebSite\",\"@id\":\"https:\/\/www.blackfridaydeals.ch\/fr\/#website\",\"url\":\"https:\/\/www.blackfridaydeals.ch\/fr\/\",\"name\":\"blackfridaydeals.ch\",\"description\":\"Toutes les offres du Black Friday 2025 en Suisse\",\"publisher\":{\"@id\":\"https:\/\/www.blackfridaydeals.ch\/fr\/#organization\"},\"alternateName\":\"Black Friday Deals\",\"potentialAction\":[{\"@type\":\"SearchAction\",\"target\":{\"@type\":\"EntryPoint\",\"urlTemplate\":\"https:\/\/www.blackfridaydeals.ch\/fr\/?s={search_term_string}\"},\"query-input\":\"required name=search_term_string\"}],\"inLanguage\":\"fr-CH\"},{\"@type\":\"Organization\",\"@id\":\"https:\/\/www.blackfridaydeals.ch\/fr\/#organization\",\"name\":\"blackfridaydeals.ch\",\"alternateName\":\"Black Friday Deals\",\"url\":\"https:\/\/www.blackfridaydeals.ch\/fr\/\",\"logo\":{\"@type\":\"ImageObject\",\"inLanguage\":\"fr-CH\",\"@id\":\"https:\/\/www.blackfridaydeals.ch\/fr\/#\/schema\/logo\/image\/\",\"url\":\"https:\/\/www.blackfridaydeals.ch\/wp-content\/uploads\/2023\/03\/app-icon-white-bg-jpg.jpg\",\"contentUrl\":\"https:\/\/www.blackfridaydeals.ch\/wp-content\/uploads\/2023\/03\/app-icon-white-bg-jpg.jpg\",\"width\":512,\"height\":512,\"caption\":\"blackfridaydeals.ch\"},\"image\":{\"@id\":\"https:\/\/www.blackfridaydeals.ch\/fr\/#\/schema\/logo\/image\/\"},\"sameAs\":[\"https:\/\/www.facebook.com\/blackfridaydealsch\/\",\"https:\/\/twitter.com\/blackfridaych\",\"https:\/\/www.youtube.com\/channel\/UCNKXHacMw8AS34mBgzVx3FQ\",\"https:\/\/www.instagram.com\/blackfridaydeals.ch\/\"]}]}<\/script>\n<!-- \/ Yoast SEO plugin. -->","yoast_head_json":{"title":"Les meilleures offres de fitness au Black Friday 2026","description":"Fitness : les offres du Black Friday 2026 Ici vous trouverez toutes les offres Black Friday dans l\u2019univers de fitness.","robots":{"index":"index","follow":"follow","max-snippet":"max-snippet:-1","max-image-preview":"max-image-preview:large","max-video-preview":"max-video-preview:-1"},"canonical":"https:\/\/www.blackfridaydeals.ch\/fr\/offres-fitness-black-friday-year\/","og_locale":"fr_FR","og_type":"article","og_title":"Les meilleures offres de fitness au Black Friday 2026","og_description":"Fitness : les offres du Black Friday 2026 Ici vous trouverez toutes les offres Black Friday dans l\u2019univers de fitness.","og_url":"https:\/\/www.blackfridaydeals.ch\/fr\/offres-fitness-black-friday-year\/","og_site_name":"blackfridaydeals.ch","article_publisher":"https:\/\/www.facebook.com\/blackfridaydealsch\/","article_modified_time":"2025-02-07T13:53:15+00:00","og_image":[{"width":1920,"height":1279,"url":"https:\/\/www.blackfridaydeals.ch\/wp-content\/uploads\/2021\/11\/weight-lifting-gd97300405_1920.jpg","type":"image\/jpeg"}],"twitter_card":"summary_large_image","twitter_site":"@blackfridaych","twitter_misc":{"Est. reading time":"5 minutes"},"schema":{"@context":"https:\/\/schema.org","@graph":[{"@type":"WebPage","@id":"https:\/\/www.blackfridaydeals.ch\/fr\/offres-fitness-black-friday-year\/","url":"https:\/\/www.blackfridaydeals.ch\/fr\/offres-fitness-black-friday-year\/","name":"Les meilleures offres de fitness au Black Friday 2026","isPartOf":{"@id":"https:\/\/www.blackfridaydeals.ch\/fr\/#website"},"datePublished":"2021-11-02T16:30:47+00:00","dateModified":"2025-02-07T13:53:15+00:00","description":"Fitness : les offres du Black Friday 2026 Ici vous trouverez toutes les offres Black Friday dans l\u2019univers de fitness.","breadcrumb":{"@id":"https:\/\/www.blackfridaydeals.ch\/fr\/offres-fitness-black-friday-year\/#breadcrumb"},"inLanguage":"fr-CH","potentialAction":[{"@type":"ReadAction","target":["https:\/\/www.blackfridaydeals.ch\/fr\/offres-fitness-black-friday-year\/"]}]},{"@type":"BreadcrumbList","@id":"https:\/\/www.blackfridaydeals.ch\/fr\/offres-fitness-black-friday-year\/#breadcrumb","itemListElement":[{"@type":"ListItem","position":1,"name":"Startseite","item":"https:\/\/www.blackfridaydeals.ch\/fr\/"},{"@type":"ListItem","position":2,"name":"Les meilleures offres de fitness au Black Friday"}]},{"@type":"WebSite","@id":"https:\/\/www.blackfridaydeals.ch\/fr\/#website","url":"https:\/\/www.blackfridaydeals.ch\/fr\/","name":"blackfridaydeals.ch","description":"Toutes les offres du Black Friday 2025 en Suisse","publisher":{"@id":"https:\/\/www.blackfridaydeals.ch\/fr\/#organization"},"alternateName":"Black Friday Deals","potentialAction":[{"@type":"SearchAction","target":{"@type":"EntryPoint","urlTemplate":"https:\/\/www.blackfridaydeals.ch\/fr\/?s={search_term_string}"},"query-input":"required name=search_term_string"}],"inLanguage":"fr-CH"},{"@type":"Organization","@id":"https:\/\/www.blackfridaydeals.ch\/fr\/#organization","name":"blackfridaydeals.ch","alternateName":"Black Friday Deals","url":"https:\/\/www.blackfridaydeals.ch\/fr\/","logo":{"@type":"ImageObject","inLanguage":"fr-CH","@id":"https:\/\/www.blackfridaydeals.ch\/fr\/#\/schema\/logo\/image\/","url":"https:\/\/www.blackfridaydeals.ch\/wp-content\/uploads\/2023\/03\/app-icon-white-bg-jpg.jpg","contentUrl":"https:\/\/www.blackfridaydeals.ch\/wp-content\/uploads\/2023\/03\/app-icon-white-bg-jpg.jpg","width":512,"height":512,"caption":"blackfridaydeals.ch"},"image":{"@id":"https:\/\/www.blackfridaydeals.ch\/fr\/#\/schema\/logo\/image\/"},"sameAs":["https:\/\/www.facebook.com\/blackfridaydealsch\/","https:\/\/twitter.com\/blackfridaych","https:\/\/www.youtube.com\/channel\/UCNKXHacMw8AS34mBgzVx3FQ","https:\/\/www.instagram.com\/blackfridaydeals.ch\/"]}]}},"_links":{"self":[{"href":"https:\/\/www.blackfridaydeals.ch\/fr\/wp-json\/wp\/v2\/pages\/38808"}],"collection":[{"href":"https:\/\/www.blackfridaydeals.ch\/fr\/wp-json\/wp\/v2\/pages"}],"about":[{"href":"https:\/\/www.blackfridaydeals.ch\/fr\/wp-json\/wp\/v2\/types\/page"}],"author":[{"embeddable":true,"href":"https:\/\/www.blackfridaydeals.ch\/fr\/wp-json\/wp\/v2\/users\/40"}],"replies":[{"embeddable":true,"href":"https:\/\/www.blackfridaydeals.ch\/fr\/wp-json\/wp\/v2\/comments?post=38808"}],"version-history":[{"count":9,"href":"https:\/\/www.blackfridaydeals.ch\/fr\/wp-json\/wp\/v2\/pages\/38808\/revisions"}],"predecessor-version":[{"id":74546,"href":"https:\/\/www.blackfridaydeals.ch\/fr\/wp-json\/wp\/v2\/pages\/38808\/revisions\/74546"}],"wp:featuredmedia":[{"embeddable":true,"href":"https:\/\/www.blackfridaydeals.ch\/fr\/wp-json\/wp\/v2\/media\/38809"}],"wp:attachment":[{"href":"https:\/\/www.blackfridaydeals.ch\/fr\/wp-json\/wp\/v2\/media?parent=38808"}],"curies":[{"name":"wp","href":"https:\/\/api.w.org\/{rel}","templated":true}]}}