{"id":38803,"date":"2021-11-02T17:21:27","date_gmt":"2021-11-02T16:21:27","guid":{"rendered":"https:\/\/www.blackfridaydeals.ch\/?page_id=38803"},"modified":"2025-02-07T14:51:05","modified_gmt":"2025-02-07T13:51:05","slug":"meilleures-meubles-black-friday","status":"publish","type":"page","link":"https:\/\/www.blackfridaydeals.ch\/fr\/meilleures-meubles-black-friday\/","title":{"rendered":"Les meilleures affaires sur les meubles au Black Friday"},"content":{"rendered":"<p>[vc_row][vc_column]\n[vc_column_text]<\/p>\n<p style=\"text-align: center;\"><img decoding=\"async\" class=\"alignright size-medium wp-image-38804\" src=\"https:\/\/www.blackfridaydeals.ch\/wp-content\/uploads\/2021\/11\/bedroom-g1e74a5583_1920-300x200.jpg\" alt=\"\" width=\"300\" height=\"200\" srcset=\"https:\/\/www.blackfridaydeals.ch\/wp-content\/uploads\/2021\/11\/bedroom-g1e74a5583_1920-300x200.jpg 300w, https:\/\/www.blackfridaydeals.ch\/wp-content\/uploads\/2021\/11\/bedroom-g1e74a5583_1920-1024x683.jpg 1024w, https:\/\/www.blackfridaydeals.ch\/wp-content\/uploads\/2021\/11\/bedroom-g1e74a5583_1920-768x512.jpg 768w, https:\/\/www.blackfridaydeals.ch\/wp-content\/uploads\/2021\/11\/bedroom-g1e74a5583_1920-1536x1024.jpg 1536w, https:\/\/www.blackfridaydeals.ch\/wp-content\/uploads\/2021\/11\/bedroom-g1e74a5583_1920-2048x1365.jpg 2048w, https:\/\/www.blackfridaydeals.ch\/wp-content\/uploads\/2021\/11\/bedroom-g1e74a5583_1920-788x525.jpg 788w, https:\/\/www.blackfridaydeals.ch\/wp-content\/uploads\/2021\/11\/bedroom-g1e74a5583_1920-150x100.jpg 150w, https:\/\/www.blackfridaydeals.ch\/wp-content\/uploads\/2021\/11\/bedroom-g1e74a5583_1920.jpg 1920w\" sizes=\"(max-width: 300px) 100vw, 300px\" \/><a href=\"https:\/\/www.blackfridaydeals.ch\/fr\/home-living\/\" target=\"_blank\" style=\"border-radius:5px\" class=\"wpsm-button btncolor medium rehub_btn_color\"><i class=\"rhicon rhi-none\"><\/i>Afficher tous les deals de meubles<\/a><\/p>\n<p>Acheter de nouveaux meubles co\u00fbte de l\u2019argent. C\u2019est un fait que l\u2019on peut nier. Faut-il pour autant renoncer au plaisir de meubler et v\u00eatir sa maison de la plus belle mani\u00e8re\u00a0? Pas vraiment, car il y a toujours une solution, mais il faudrait s\u2019armer de patience et choisir le moment opportun, les promotions. Tout au long de l&#8217;ann\u00e9e, vous b\u00e9n\u00e9ficiez toujours de bonnes affaires dans les magasins de meubles. Mais le must, l\u2019apog\u00e9e des belles affaires, c\u2019est \u00e0 la fin du mois de novembre, lorsque presque toutes les enseignes proposent des promotions au <a href=\"https:\/\/www.blackfridaydeals.ch\/fr\/\">Black Friday<\/a>, ce qui vous permettra de comparer facilement les diff\u00e9rentes offres et de choisir celle qui vous fera \u00e9conomiser plus. Essayons de voir les bons plans sur les meubles ce jour-l\u00e0\u00a0:<\/p>\n<h2>Perspectives de remises dans les magasins de meubles<\/h2>\n<p>Que vous aimez faire vos achats chez <a href=\"https:\/\/www.blackfridaydeals.ch\/fr\/shops\/ikea-fr\/\">IKEA<\/a> ou dans un magasin de meubles local, presque tous les grands noms du secteur marqueront leur pr\u00e9sence au Black Friday 2026. En fait, il est assez ais\u00e9 d\u2019anticiper les offres, car les d\u00e9taillants de meubles proposent g\u00e9n\u00e9ralement des promotions assez similaires. Une tendance s&#8217;est bien install\u00e9e dans le secteur\u00a0: la plupart des magasins construisent leurs campagnes de promotions en recourant \u00e0 l&#8217;une des deux mani\u00e8res suivantes.<\/p>\n<p>Une r\u00e9duction forfaitaire sur tout est le sc\u00e9nario le plus courant dans ce secteur. Dans la plupart des cas, vous pouvez \u00e9conomiser environ 20\u00a0%. Si un magasin se montre plus g\u00e9n\u00e9reux, vous pouvez m\u00eame \u00e9conomiser 30\u00a0% de temps en temps, ce qui explique pourquoi vous voyez cela \u00e0 maintes reprises. Soyez prudent avec ces offres\u00a0: g\u00e9n\u00e9ralement, de petites parties de l&#8217;assortiment sont exclues de la promotion, ainsi, par exemple, les articles d\u00e9j\u00e0 en solde ne b\u00e9n\u00e9ficieront pas d&#8217;un rabais suppl\u00e9mentaire. \u00c0 notre avis, cela ne diminue en aucun cas l&#8217;attrait de la promotion. Mais ceux qui esp\u00e8rent des r\u00e9ductions sur un article bien pr\u00e9cis risquent d&#8217;\u00eatre d\u00e9\u00e7us.<\/p>\n<p>Les soldes sont un peu moins fr\u00e9quents. Le cas \u00e9ch\u00e9ant, il y aura des r\u00e9ductions assez importantes sur une s\u00e9lection d\u2019articles. Au Black Friday 2026, vous pourrez m\u00eame \u00e9conomiser jusqu&#8217;\u00e0 80\u00a0% avec une telle promotion. Cependant, tous les articles de la s\u00e9lection ne sont pas aussi fortement r\u00e9duits. \u00c0 titre d\u2019exemple, la plupart des armoires, tables de chevet et articles de d\u00e9coration sont r\u00e9duits de 30 \u00e0 50\u00a0%. Cela vous donne la possibilit\u00e9 de faire de grandes \u00e9conomies si vous \u00eates un peu flexible. Si vous avez d\u00e9j\u00e0 en t\u00eate une palette de couleurs, un certain mat\u00e9riau et un style pr\u00e9f\u00e9r\u00e9, vous aurez peut-\u00eatre la chance de trouver une bonne affaire. En tout cas, les magasins s&#8217;efforcent toujours de r\u00e9pondre \u00e0 tous les souhaits en proposant une s\u00e9lection aussi large que possible.<\/p>\n<h2>Vous pourrez m\u00eame conclure de belles affaires dans les magasins de meubles sp\u00e9cialis\u00e9s<\/h2>\n<p>Dans le secteur de l&#8217;ameublement, cependant, il existe aussi des d\u00e9taillants qui se sont sp\u00e9cialis\u00e9s dans un segment particulier. Casper, par exemple, s&#8217;est concentr\u00e9 sur tout ce qui rapporte au sommeil, depuis les cadres de lit et les tables de chevet jusqu&#8217;aux matelas et au linge de lit. D&#8217;autres magasins sont sp\u00e9cialis\u00e9s dans les meubles pour la chambre d&#8217;enfant, le jardin ou le bureau.<\/p>\n<p>Vous pouvez y trouver des offres au Black Friday 2026 similaires \u00e0 celles des grands magasins de meubles. Des remises forfaitaires sur tout d&#8217;environ 30\u00a0% sont tout \u00e0 fait envisageables, tandis que des soldes pourraient permettre de r\u00e9aliser des \u00e9conomies bien plus importantes. Mais on peut aussi imaginer que les magasins de meubles sp\u00e9cialis\u00e9s offrent une r\u00e9duction sur une cat\u00e9gorie de leur gamme. Cela est particuli\u00e8rement probable si une cat\u00e9gorie, comme les matelas, est clairement le centre d\u2019int\u00e9r\u00eat, tandis que le reste de la gamme sert de compl\u00e9ment \u00e0 celle-ci.<\/p>\n<p>Dans un grand magasin de meubles, il n&#8217;y a g\u00e9n\u00e9ralement pas de cat\u00e9gorie de ce type, c&#8217;est pourquoi une telle promotion au Black Friday 2026 n&#8217;y attirerait pas beaucoup de clients. On pourrait l&#8217;imaginer plut\u00f4t pour le <a href=\"https:\/\/www.blackfridaydeals.ch\/fr\/cyber-monday\/\">Cyber Monday<\/a> ou le <a href=\"https:\/\/www.blackfridaydeals.ch\/fr\/singles-day\/\">Singles Day<\/a> ou pour une promotion sans occasion sp\u00e9ciale.<\/p>\n<p>Dans les magasins sp\u00e9cialis\u00e9s, cependant, de nombreux clients viennent pr\u00e9cis\u00e9ment pour les matelas, les lits pour enfants, les chaises de jardin ou toute autre cat\u00e9gorie bien connue. Si un magasin de meubles les r\u00e9duit de 40\u00a0%, par exemple, il ne manquera pas de faire flor\u00e8s, de frapper un grand coup au Black Friday 2026.<\/p>\n<h3>Plus d&#8217;articles int\u00e9ressants:<\/h3>\n<ul>\n<li><a href=\"https:\/\/www.blackfridaydeals.ch\/fr\/photos-video-black-friday\/\">Les meilleures affaires en photos et vid\u00e9o au Black Friday 2026<\/a><\/li>\n<li><a href=\"https:\/\/www.blackfridaydeals.ch\/fr\/meilleures-appareils-photos\/\">Les meilleures affaires sur les appareils photos au Black Friday 2026<\/a><\/li>\n<li><a href=\"https:\/\/www.blackfridaydeals.ch\/fr\/fournitures-bureau-black-friday\/\">Les meilleures affaires pour les fournitures de bureau au Black Friday 2026<\/a><\/li>\n<li><a href=\"https:\/\/www.blackfridaydeals.ch\/fr\/montres-connectees-black-friday\/\">Les meilleures affaires sur les montres connect\u00e9es au Black Friday 2026<\/a><\/li>\n<li><a href=\"https:\/\/www.blackfridaydeals.ch\/fr\/offres-jouets-black-friday\/\">Les meilleures offres sur les jouets au Black Friday 2026<\/a><\/li>\n<li><a href=\"https:\/\/www.blackfridaydeals.ch\/fr\/offres-montres-black-friday\/\">Les meilleures offres de montres pour le Black Friday 2026<\/a><\/li>\n<li><a href=\"https:\/\/www.blackfridaydeals.ch\/fr\/beaute-au-black-friday\/\">Les meilleures offres dans le monde de beaut\u00e9 au Black Friday 2026<\/a><\/li>\n<li><a href=\"https:\/\/www.blackfridaydeals.ch\/fr\/offres-de-son-black-friday\/\">Les meilleures offres de Son pendant le Black Friday 2026<\/a><\/li>\n<li><a href=\"https:\/\/www.blackfridaydeals.ch\/fr\/ordinateurs-portables-black-friday\/\">Les meilleures offres sur les ordinateurs portables au Black Friday 2026<\/a><\/li>\n<li><a href=\"https:\/\/www.blackfridaydeals.ch\/fr\/offres-smartphones-black-friday\/\">Ces offres sur les smartphones seront disponibles au Black Friday 2026<\/a><\/li>\n<li><a href=\"https:\/\/www.blackfridaydeals.ch\/fr\/parfum-prix-reduit-black-friday\/\">Comment trouver ce parfum subtil \u00e0 prix r\u00e9duit au Black Friday 2026<\/a><\/li>\n<li><a href=\"https:\/\/www.blackfridaydeals.ch\/fr\/chaussures-au-black-friday\/\">Des chaussures de haute qualit\u00e9 \u00e0 des prix abordables au Black Friday 2026<\/a><\/li>\n<li><a href=\"https:\/\/www.blackfridaydeals.ch\/fr\/black-friday-home-cinema\/\">Les meilleures affaires au Black Friday 2026 sur le Home Cin\u00e9ma<\/a><\/li>\n<li><a href=\"https:\/\/www.blackfridaydeals.ch\/fr\/black-friday-alimentaires\/\">Les meilleures affaires au Black Friday 2026 sur les produits alimentaires et les boissons<\/a><\/li>\n<li><a href=\"https:\/\/www.blackfridaydeals.ch\/fr\/offres-fitness-black-friday-year\/\">Les meilleures offres de fitness au Black Friday 2026<\/a><\/li>\n<li><a href=\"https:\/\/www.blackfridaydeals.ch\/fr\/nouvelle-cuisine-black-friday\/\">Les meilleures offres de cuisine au Black Friday 2026<\/a><\/li>\n<li><a href=\"https:\/\/www.blackfridaydeals.ch\/fr\/pour-le-menage-black-friday\/\">Tout ce qu&#8217;il faut pour le m\u00e9nage au Black Friday 2026<\/a><\/li>\n<li><a href=\"https:\/\/www.blackfridaydeals.ch\/fr\/voyages-vols-hotels-black-friday\/\">Voyages, vols et h\u00f4tels \u00e0 bas prix Black Friday 2026<\/a><\/li>\n<li><a href=\"https:\/\/www.blackfridaydeals.ch\/fr\/offres-de-jeux-video-black-friday\/\">Voici les offres de jeux vid\u00e9o que nous attendons avec impatience au Black Friday 2026<\/a><\/li>\n<\/ul>\n<p>[\/vc_column_text][\/vc_column][\/vc_row]<\/p>\n","protected":false},"excerpt":{"rendered":"<p>[vc_row][vc_column][vc_column_text] Acheter de nouveaux meubles co\u00fbte de l\u2019argent. C\u2019est un fait que l\u2019on peut nier. Faut-il pour autant renoncer au plaisir de meubler et v\u00eatir sa maison de la plus belle mani\u00e8re\u00a0? Pas vraiment, car il y a toujours une solution, mais il faudrait s\u2019armer de patience et choisir le moment opportun, les promotions. Tout [&hellip;]<\/p>\n","protected":false},"author":40,"featured_media":38804,"parent":0,"menu_order":0,"comment_status":"closed","ping_status":"closed","template":"","meta":[],"yoast_head":"<!-- This site is optimized with the Yoast SEO plugin v20.5 - https:\/\/yoast.com\/wordpress\/plugins\/seo\/ -->\n<title>Les meilleures affaires sur les meubles au Black Friday 2026<\/title>\n<meta name=\"description\" content=\"Meubles : les offres du Black Friday 2026. Ici vous trouverez toutes les offres Black Friday dans l\u2019univers des meubles.\" \/>\n<meta name=\"robots\" content=\"index, follow, max-snippet:-1, max-image-preview:large, max-video-preview:-1\" \/>\n<link rel=\"canonical\" href=\"https:\/\/www.blackfridaydeals.ch\/fr\/meilleures-meubles-black-friday\/\" \/>\n<meta property=\"og:locale\" content=\"fr_FR\" \/>\n<meta property=\"og:type\" content=\"article\" \/>\n<meta property=\"og:title\" content=\"Les meilleures affaires sur les meubles au Black Friday 2026\" \/>\n<meta property=\"og:description\" content=\"Meubles : les offres du Black Friday 2026. Ici vous trouverez toutes les offres Black Friday dans l\u2019univers des meubles.\" \/>\n<meta property=\"og:url\" content=\"https:\/\/www.blackfridaydeals.ch\/fr\/meilleures-meubles-black-friday\/\" \/>\n<meta property=\"og:site_name\" content=\"blackfridaydeals.ch\" \/>\n<meta property=\"article:publisher\" content=\"https:\/\/www.facebook.com\/blackfridaydealsch\/\" \/>\n<meta property=\"article:modified_time\" content=\"2025-02-07T13:51:05+00:00\" \/>\n<meta property=\"og:image\" content=\"https:\/\/www.blackfridaydeals.ch\/wp-content\/uploads\/2021\/11\/bedroom-g1e74a5583_1920.jpg\" \/>\n\t<meta property=\"og:image:width\" content=\"1920\" \/>\n\t<meta property=\"og:image:height\" content=\"1280\" \/>\n\t<meta property=\"og:image:type\" content=\"image\/jpeg\" \/>\n<meta name=\"twitter:card\" content=\"summary_large_image\" \/>\n<meta name=\"twitter:site\" content=\"@blackfridaych\" \/>\n<meta name=\"twitter:label1\" content=\"Est. reading time\" \/>\n\t<meta name=\"twitter:data1\" content=\"6 minutes\" \/>\n<script type=\"application\/ld+json\" class=\"yoast-schema-graph\">{\"@context\":\"https:\/\/schema.org\",\"@graph\":[{\"@type\":\"WebPage\",\"@id\":\"https:\/\/www.blackfridaydeals.ch\/fr\/meilleures-meubles-black-friday\/\",\"url\":\"https:\/\/www.blackfridaydeals.ch\/fr\/meilleures-meubles-black-friday\/\",\"name\":\"Les meilleures affaires sur les meubles au Black Friday 2026\",\"isPartOf\":{\"@id\":\"https:\/\/www.blackfridaydeals.ch\/fr\/#website\"},\"datePublished\":\"2021-11-02T16:21:27+00:00\",\"dateModified\":\"2025-02-07T13:51:05+00:00\",\"description\":\"Meubles : les offres du Black Friday 2026. Ici vous trouverez toutes les offres Black Friday dans l\u2019univers des meubles.\",\"breadcrumb\":{\"@id\":\"https:\/\/www.blackfridaydeals.ch\/fr\/meilleures-meubles-black-friday\/#breadcrumb\"},\"inLanguage\":\"fr-CH\",\"potentialAction\":[{\"@type\":\"ReadAction\",\"target\":[\"https:\/\/www.blackfridaydeals.ch\/fr\/meilleures-meubles-black-friday\/\"]}]},{\"@type\":\"BreadcrumbList\",\"@id\":\"https:\/\/www.blackfridaydeals.ch\/fr\/meilleures-meubles-black-friday\/#breadcrumb\",\"itemListElement\":[{\"@type\":\"ListItem\",\"position\":1,\"name\":\"Startseite\",\"item\":\"https:\/\/www.blackfridaydeals.ch\/fr\/\"},{\"@type\":\"ListItem\",\"position\":2,\"name\":\"Les meilleures affaires sur les meubles au Black Friday\"}]},{\"@type\":\"WebSite\",\"@id\":\"https:\/\/www.blackfridaydeals.ch\/fr\/#website\",\"url\":\"https:\/\/www.blackfridaydeals.ch\/fr\/\",\"name\":\"blackfridaydeals.ch\",\"description\":\"Toutes les offres du Black Friday 2025 en Suisse\",\"publisher\":{\"@id\":\"https:\/\/www.blackfridaydeals.ch\/fr\/#organization\"},\"alternateName\":\"Black Friday Deals\",\"potentialAction\":[{\"@type\":\"SearchAction\",\"target\":{\"@type\":\"EntryPoint\",\"urlTemplate\":\"https:\/\/www.blackfridaydeals.ch\/fr\/?s={search_term_string}\"},\"query-input\":\"required name=search_term_string\"}],\"inLanguage\":\"fr-CH\"},{\"@type\":\"Organization\",\"@id\":\"https:\/\/www.blackfridaydeals.ch\/fr\/#organization\",\"name\":\"blackfridaydeals.ch\",\"alternateName\":\"Black Friday Deals\",\"url\":\"https:\/\/www.blackfridaydeals.ch\/fr\/\",\"logo\":{\"@type\":\"ImageObject\",\"inLanguage\":\"fr-CH\",\"@id\":\"https:\/\/www.blackfridaydeals.ch\/fr\/#\/schema\/logo\/image\/\",\"url\":\"https:\/\/www.blackfridaydeals.ch\/wp-content\/uploads\/2023\/03\/app-icon-white-bg-jpg.jpg\",\"contentUrl\":\"https:\/\/www.blackfridaydeals.ch\/wp-content\/uploads\/2023\/03\/app-icon-white-bg-jpg.jpg\",\"width\":512,\"height\":512,\"caption\":\"blackfridaydeals.ch\"},\"image\":{\"@id\":\"https:\/\/www.blackfridaydeals.ch\/fr\/#\/schema\/logo\/image\/\"},\"sameAs\":[\"https:\/\/www.facebook.com\/blackfridaydealsch\/\",\"https:\/\/twitter.com\/blackfridaych\",\"https:\/\/www.youtube.com\/channel\/UCNKXHacMw8AS34mBgzVx3FQ\",\"https:\/\/www.instagram.com\/blackfridaydeals.ch\/\"]}]}<\/script>\n<!-- \/ Yoast SEO plugin. -->","yoast_head_json":{"title":"Les meilleures affaires sur les meubles au Black Friday 2026","description":"Meubles : les offres du Black Friday 2026. Ici vous trouverez toutes les offres Black Friday dans l\u2019univers des meubles.","robots":{"index":"index","follow":"follow","max-snippet":"max-snippet:-1","max-image-preview":"max-image-preview:large","max-video-preview":"max-video-preview:-1"},"canonical":"https:\/\/www.blackfridaydeals.ch\/fr\/meilleures-meubles-black-friday\/","og_locale":"fr_FR","og_type":"article","og_title":"Les meilleures affaires sur les meubles au Black Friday 2026","og_description":"Meubles : les offres du Black Friday 2026. Ici vous trouverez toutes les offres Black Friday dans l\u2019univers des meubles.","og_url":"https:\/\/www.blackfridaydeals.ch\/fr\/meilleures-meubles-black-friday\/","og_site_name":"blackfridaydeals.ch","article_publisher":"https:\/\/www.facebook.com\/blackfridaydealsch\/","article_modified_time":"2025-02-07T13:51:05+00:00","og_image":[{"width":1920,"height":1280,"url":"https:\/\/www.blackfridaydeals.ch\/wp-content\/uploads\/2021\/11\/bedroom-g1e74a5583_1920.jpg","type":"image\/jpeg"}],"twitter_card":"summary_large_image","twitter_site":"@blackfridaych","twitter_misc":{"Est. reading time":"6 minutes"},"schema":{"@context":"https:\/\/schema.org","@graph":[{"@type":"WebPage","@id":"https:\/\/www.blackfridaydeals.ch\/fr\/meilleures-meubles-black-friday\/","url":"https:\/\/www.blackfridaydeals.ch\/fr\/meilleures-meubles-black-friday\/","name":"Les meilleures affaires sur les meubles au Black Friday 2026","isPartOf":{"@id":"https:\/\/www.blackfridaydeals.ch\/fr\/#website"},"datePublished":"2021-11-02T16:21:27+00:00","dateModified":"2025-02-07T13:51:05+00:00","description":"Meubles : les offres du Black Friday 2026. Ici vous trouverez toutes les offres Black Friday dans l\u2019univers des meubles.","breadcrumb":{"@id":"https:\/\/www.blackfridaydeals.ch\/fr\/meilleures-meubles-black-friday\/#breadcrumb"},"inLanguage":"fr-CH","potentialAction":[{"@type":"ReadAction","target":["https:\/\/www.blackfridaydeals.ch\/fr\/meilleures-meubles-black-friday\/"]}]},{"@type":"BreadcrumbList","@id":"https:\/\/www.blackfridaydeals.ch\/fr\/meilleures-meubles-black-friday\/#breadcrumb","itemListElement":[{"@type":"ListItem","position":1,"name":"Startseite","item":"https:\/\/www.blackfridaydeals.ch\/fr\/"},{"@type":"ListItem","position":2,"name":"Les meilleures affaires sur les meubles au Black Friday"}]},{"@type":"WebSite","@id":"https:\/\/www.blackfridaydeals.ch\/fr\/#website","url":"https:\/\/www.blackfridaydeals.ch\/fr\/","name":"blackfridaydeals.ch","description":"Toutes les offres du Black Friday 2025 en Suisse","publisher":{"@id":"https:\/\/www.blackfridaydeals.ch\/fr\/#organization"},"alternateName":"Black Friday Deals","potentialAction":[{"@type":"SearchAction","target":{"@type":"EntryPoint","urlTemplate":"https:\/\/www.blackfridaydeals.ch\/fr\/?s={search_term_string}"},"query-input":"required name=search_term_string"}],"inLanguage":"fr-CH"},{"@type":"Organization","@id":"https:\/\/www.blackfridaydeals.ch\/fr\/#organization","name":"blackfridaydeals.ch","alternateName":"Black Friday Deals","url":"https:\/\/www.blackfridaydeals.ch\/fr\/","logo":{"@type":"ImageObject","inLanguage":"fr-CH","@id":"https:\/\/www.blackfridaydeals.ch\/fr\/#\/schema\/logo\/image\/","url":"https:\/\/www.blackfridaydeals.ch\/wp-content\/uploads\/2023\/03\/app-icon-white-bg-jpg.jpg","contentUrl":"https:\/\/www.blackfridaydeals.ch\/wp-content\/uploads\/2023\/03\/app-icon-white-bg-jpg.jpg","width":512,"height":512,"caption":"blackfridaydeals.ch"},"image":{"@id":"https:\/\/www.blackfridaydeals.ch\/fr\/#\/schema\/logo\/image\/"},"sameAs":["https:\/\/www.facebook.com\/blackfridaydealsch\/","https:\/\/twitter.com\/blackfridaych","https:\/\/www.youtube.com\/channel\/UCNKXHacMw8AS34mBgzVx3FQ","https:\/\/www.instagram.com\/blackfridaydeals.ch\/"]}]}},"_links":{"self":[{"href":"https:\/\/www.blackfridaydeals.ch\/fr\/wp-json\/wp\/v2\/pages\/38803"}],"collection":[{"href":"https:\/\/www.blackfridaydeals.ch\/fr\/wp-json\/wp\/v2\/pages"}],"about":[{"href":"https:\/\/www.blackfridaydeals.ch\/fr\/wp-json\/wp\/v2\/types\/page"}],"author":[{"embeddable":true,"href":"https:\/\/www.blackfridaydeals.ch\/fr\/wp-json\/wp\/v2\/users\/40"}],"replies":[{"embeddable":true,"href":"https:\/\/www.blackfridaydeals.ch\/fr\/wp-json\/wp\/v2\/comments?post=38803"}],"version-history":[{"count":12,"href":"https:\/\/www.blackfridaydeals.ch\/fr\/wp-json\/wp\/v2\/pages\/38803\/revisions"}],"predecessor-version":[{"id":74550,"href":"https:\/\/www.blackfridaydeals.ch\/fr\/wp-json\/wp\/v2\/pages\/38803\/revisions\/74550"}],"wp:featuredmedia":[{"embeddable":true,"href":"https:\/\/www.blackfridaydeals.ch\/fr\/wp-json\/wp\/v2\/media\/38804"}],"wp:attachment":[{"href":"https:\/\/www.blackfridaydeals.ch\/fr\/wp-json\/wp\/v2\/media?parent=38803"}],"curies":[{"name":"wp","href":"https:\/\/api.w.org\/{rel}","templated":true}]}}