{"id":38795,"date":"2021-11-02T17:15:03","date_gmt":"2021-11-02T16:15:03","guid":{"rendered":"https:\/\/www.blackfridaydeals.ch\/?page_id=38795"},"modified":"2025-02-07T14:44:05","modified_gmt":"2025-02-07T13:44:05","slug":"black-friday-alimentaires","status":"publish","type":"page","link":"https:\/\/www.blackfridaydeals.ch\/fr\/black-friday-alimentaires\/","title":{"rendered":"Les meilleures affaires au Black Friday sur les produits alimentaires"},"content":{"rendered":"<p>[vc_row][vc_column]\n[vc_column_text]<\/p>\n<p style=\"text-align: center;\"><img decoding=\"async\" class=\"alignright size-medium wp-image-38797\" src=\"https:\/\/www.blackfridaydeals.ch\/wp-content\/uploads\/2021\/11\/hamburger-g73bba9687_1920-300x200.jpg\" alt=\"\" width=\"300\" height=\"200\" srcset=\"https:\/\/www.blackfridaydeals.ch\/wp-content\/uploads\/2021\/11\/hamburger-g73bba9687_1920-300x200.jpg 300w, https:\/\/www.blackfridaydeals.ch\/wp-content\/uploads\/2021\/11\/hamburger-g73bba9687_1920-1024x683.jpg 1024w, https:\/\/www.blackfridaydeals.ch\/wp-content\/uploads\/2021\/11\/hamburger-g73bba9687_1920-768x512.jpg 768w, https:\/\/www.blackfridaydeals.ch\/wp-content\/uploads\/2021\/11\/hamburger-g73bba9687_1920-1536x1024.jpg 1536w, https:\/\/www.blackfridaydeals.ch\/wp-content\/uploads\/2021\/11\/hamburger-g73bba9687_1920-2048x1365.jpg 2048w, https:\/\/www.blackfridaydeals.ch\/wp-content\/uploads\/2021\/11\/hamburger-g73bba9687_1920-788x525.jpg 788w, https:\/\/www.blackfridaydeals.ch\/wp-content\/uploads\/2021\/11\/hamburger-g73bba9687_1920-150x100.jpg 150w, https:\/\/www.blackfridaydeals.ch\/wp-content\/uploads\/2021\/11\/hamburger-g73bba9687_1920.jpg 1920w\" sizes=\"(max-width: 300px) 100vw, 300px\" \/><a href=\"https:\/\/www.blackfridaydeals.ch\/fr\/divers\/\" target=\"_blank\" style=\"border-radius:5px\" class=\"wpsm-button btncolor medium rehub_btn_color\"><i class=\"rhicon rhi-none\"><\/i>Afficher de nombreux top deals<\/a><\/p>\n<p>Il n&#8217;y a pas que la mode et l&#8217;\u00e9lectronique au <a href=\"https:\/\/www.blackfridaydeals.ch\/fr\/\">Black Friday<\/a> 2026, vous pouvez aussi trouver de bonnes affaires sur la nourriture et les boissons. Dans ce secteur, l&#8217;\u00e9v\u00e9nement en est encore \u00e0 ses d\u00e9buts, peut-\u00eatre un petit peu t\u00e2tonnant, mais ces derni\u00e8res ann\u00e9es, de plus en plus de restaurants, et de d\u00e9taillants alimentaires sp\u00e9cialis\u00e9s et de supermarch\u00e9s ont d\u00e9couvert par eux-m\u00eames les festivit\u00e9s du mois de novembre. Certains d&#8217;entre eux c\u00e9l\u00e8brent aussi le <a href=\"https:\/\/www.blackfridaydeals.ch\/fr\/singles-day\/\">Single Day<\/a> et le <a href=\"https:\/\/www.blackfridaydeals.ch\/fr\/cyber-monday\/\">Cyber Monday<\/a> en plus du Black Friday. Toutefois, nous souhaitons ici examiner de plus pr\u00e8s les offres des magasins pour le Black Friday.<\/p>\n<h2>Restaurants\u00a0: les grandes opportunit\u00e9s au Black Friday 2026<\/h2>\n<p>Ces derni\u00e8res ann\u00e9es, certains restaurants ont d\u00e9j\u00e0 franchi le pas en pr\u00e9voyant une offre pour le Black Friday. Par exemple, Miss Miu, un restaurant cor\u00e9en situ\u00e9 \u00e0 Z\u00fcrich et \u00e0 Zoug. Les promotions peuvent \u00eatre con\u00e7ues de diff\u00e9rentes mani\u00e8res. Dans un premier temps, on aimerait bien savoir, par exemple, si la remise s&#8217;applique aux commandes ou aux repas dans le restaurant. Et s\u2019il s\u2019agit de bons plans sur les commandes, allez-vous \u00e9conomiser uniquement sur la livraison ou uniquement sur la collecte\u00a0? Tous ces sc\u00e9narios sont envisageables, mais la promotion serait bien s\u00fbr plus g\u00e9n\u00e9reuse si l&#8217;on pouvait \u00e9conomiser avec les trois variantes.<\/p>\n<p>Le montant de la r\u00e9duction est presque aussi important. On peut imaginer des remises entre 10 et 50\u00a0%. Par exemple, les restaurants pourraient opter pour une remise de 15\u00a0% sur toutes les commandes. Il est tout aussi possible d&#8217;obtenir deux repas pour le prix d&#8217;un. En outre, il existe d&#8217;innombrables autres fa\u00e7ons pour les restaurants de c\u00e9l\u00e9brer le Black Friday 2026.<\/p>\n<h2>Ingr\u00e9dients pour les gourmets\u00a0: Produits alimentaires en vente au Black Friday 2026<\/h2>\n<p>Non seulement les restaurants, mais aussi les d\u00e9taillants alimentaires participent au Black Friday. Par exemple, vous pouvez faire le plein d&#8217;ustensiles, d&#8217;ingr\u00e9dients et de friandises de qualit\u00e9 sup\u00e9rieure chez Kitchen Corner, et le tout assorti de r\u00e9ductions au Black Friday 2026. De nombreux autres magasins du secteur ont \u00e9galement tent\u00e9 leur chance avec des campagnes de rabais ces derni\u00e8res ann\u00e9es. Une tendance s&#8217;est d\u00e9gag\u00e9e qui nous permet de pr\u00e9voir facilement les promotions du mois de novembre.<\/p>\n<p>De nombreux d\u00e9taillants dans le secteur de l\u2019alimentation proposent des soldes au Black Friday 2026, gr\u00e2ce auxquelles vous pouvez obtenir une r\u00e9duction sur la grande partie de l&#8217;assortiment. Il s&#8217;agit g\u00e9n\u00e9ralement d&#8217;articles populaires ou nouvellement arriv\u00e9s. Cela incite les clients \u00e0 faire des provisions de leurs produits pr\u00e9f\u00e9r\u00e9s et \u00e0 essayer quelque chose de nouveau. Pour les magasins, l\u2019objectif d\u2019atteindre tous les clients ou presque est atteint, tout le monde trouvera donc quelque chose, et d\u2019autant plus que les best-sellers plaisent \u00e0 presque tout le monde. On peut tr\u00e8s bien imaginer des soldes en \u00e9picerie avec des r\u00e9ductions allant jusqu&#8217;\u00e0 70\u00a0%. Si les magasins veulent \u00eatre g\u00e9n\u00e9reux, ils prolongeront leur promotion jusqu\u2019au Cyber Monday.<\/p>\n<h2>Des bons plans sur les cat\u00e9gories\u00a0: Id\u00e9al pour faire des provisions<\/h2>\n<p>Certains magasins optent pour des remises par cat\u00e9gorie, qui vous permettent d&#8217;obtenir une r\u00e9duction sur tout ce qui se trouve dans une certaine cat\u00e9gorie de la gamme. Elle peut \u00eatre combin\u00e9e avec des soldes. Par exemple, certains d\u00e9taillants ont d\u00e9j\u00e0 offert une r\u00e9duction sur le vin chaud au Black Friday 2026, une boisson tr\u00e8s populaire et tr\u00e8s recherch\u00e9e au d\u00e9but de l&#8217;hiver. De m\u00eame, une r\u00e9duction sur les p\u00e2tes de toutes sortes inspirerait \u00e9galement de nombreux clients. Ainsi, vous pouvez approvisionner votre garde-manger \u00e0 moindre co\u00fbt et profiter d&#8217;ingr\u00e9dients de haute qualit\u00e9 longtemps. Par rapport aux soldes, cependant, une remise par cat\u00e9gorie permet de r\u00e9aliser des \u00e9conomies un peu moins importantes. En r\u00e9alit\u00e9, vous \u00e9conomisez 20 \u00e0 30\u00a0%.<\/p>\n<p>Nous pouvons imaginer cette promotion non seulement chez les d\u00e9taillants alimentaires hautement sp\u00e9cialis\u00e9s, mais aussi dans les supermarch\u00e9s.<\/p>\n<p>Attendons de voir les bonnes affaires que vous pourrez faire sur la nourriture et les boissons \u00e0 la fin du mois de novembre\u00a0!<\/p>\n<h3>Plus d&#8217;articles int\u00e9ressants:<\/h3>\n<ul>\n<li><a href=\"https:\/\/www.blackfridaydeals.ch\/fr\/photos-video-black-friday\/\">Les meilleures affaires en photos et vid\u00e9o au Black Friday 2026<\/a><\/li>\n<li><a href=\"https:\/\/www.blackfridaydeals.ch\/fr\/meilleures-appareils-photos\/\">Les meilleures affaires sur les appareils photos au Black Friday 2026<\/a><\/li>\n<li><a href=\"https:\/\/www.blackfridaydeals.ch\/fr\/fournitures-bureau-black-friday\/\">Les meilleures affaires pour les fournitures de bureau au Black Friday 2026<\/a><\/li>\n<li><a href=\"https:\/\/www.blackfridaydeals.ch\/fr\/montres-connectees-black-friday\/\">Les meilleures affaires sur les montres connect\u00e9es au Black Friday 2026<\/a><\/li>\n<li><a href=\"https:\/\/www.blackfridaydeals.ch\/fr\/offres-jouets-black-friday\/\">Les meilleures offres sur les jouets au Black Friday 2026<\/a><\/li>\n<li><a href=\"https:\/\/www.blackfridaydeals.ch\/fr\/offres-montres-black-friday\/\">Les meilleures offres de montres pour le Black Friday 2026<\/a><\/li>\n<li><a href=\"https:\/\/www.blackfridaydeals.ch\/fr\/beaute-au-black-friday\/\">Les meilleures offres dans le monde de beaut\u00e9 au Black Friday 2026<\/a><\/li>\n<li><a href=\"https:\/\/www.blackfridaydeals.ch\/fr\/offres-de-son-black-friday\/\">Les meilleures offres de Son pendant le Black Friday 2026<\/a><\/li>\n<li><a href=\"https:\/\/www.blackfridaydeals.ch\/fr\/ordinateurs-portables-black-friday\/\">Les meilleures offres sur les ordinateurs portables au Black Friday 2026<\/a><\/li>\n<li><a href=\"https:\/\/www.blackfridaydeals.ch\/fr\/offres-smartphones-black-friday\/\">Ces offres sur les smartphones seront disponibles au Black Friday 2026<\/a><\/li>\n<li><a href=\"https:\/\/www.blackfridaydeals.ch\/fr\/parfum-prix-reduit-black-friday\/\">Comment trouver ce parfum subtil \u00e0 prix r\u00e9duit au Black Friday 2026<\/a><\/li>\n<li><a href=\"https:\/\/www.blackfridaydeals.ch\/fr\/chaussures-au-black-friday\/\">Des chaussures de haute qualit\u00e9 \u00e0 des prix abordables au Black Friday 2026<\/a><\/li>\n<li><a href=\"https:\/\/www.blackfridaydeals.ch\/fr\/black-friday-home-cinema\/\">Les meilleures affaires au Black Friday 2026 sur le Home Cin\u00e9ma<\/a><\/li>\n<li><a href=\"https:\/\/www.blackfridaydeals.ch\/fr\/meilleures-meubles-black-friday\/\">Les meilleures affaires sur les meubles au Black Friday 2026<\/a><\/li>\n<li><a href=\"https:\/\/www.blackfridaydeals.ch\/fr\/offres-fitness-black-friday-year\/\">Les meilleures offres de fitness au Black Friday 2026<\/a><\/li>\n<li><a href=\"https:\/\/www.blackfridaydeals.ch\/fr\/nouvelle-cuisine-black-friday\/\">Les meilleures offres de cuisine au Black Friday 2026<\/a><\/li>\n<li><a href=\"https:\/\/www.blackfridaydeals.ch\/fr\/pour-le-menage-black-friday\/\">Tout ce qu&#8217;il faut pour le m\u00e9nage au Black Friday 2026<\/a><\/li>\n<li><a href=\"https:\/\/www.blackfridaydeals.ch\/fr\/voyages-vols-hotels-black-friday\/\">Voyages, vols et h\u00f4tels \u00e0 bas prix Black Friday 2026<\/a><\/li>\n<li><a href=\"https:\/\/www.blackfridaydeals.ch\/fr\/offres-de-jeux-video-black-friday\/\">Voici les offres de jeux vid\u00e9o que nous attendons avec impatience au Black Friday 2026<\/a><\/li>\n<\/ul>\n<p>[\/vc_column_text][\/vc_column][\/vc_row]<\/p>\n","protected":false},"excerpt":{"rendered":"<p>[vc_row][vc_column][vc_column_text] Il n&#8217;y a pas que la mode et l&#8217;\u00e9lectronique au Black Friday , vous pouvez aussi trouver de bonnes affaires sur la nourriture et les boissons. Dans ce secteur, l&#8217;\u00e9v\u00e9nement en est encore \u00e0 ses d\u00e9buts, peut-\u00eatre un petit peu t\u00e2tonnant, mais ces derni\u00e8res ann\u00e9es, de plus en plus de restaurants, et de d\u00e9taillants [&hellip;]<\/p>\n","protected":false},"author":40,"featured_media":38797,"parent":0,"menu_order":0,"comment_status":"closed","ping_status":"closed","template":"","meta":[],"yoast_head":"<!-- This site is optimized with the Yoast SEO plugin v20.5 - https:\/\/yoast.com\/wordpress\/plugins\/seo\/ -->\n<title>Les offres au Black Friday sur les produits alimentaires<\/title>\n<meta name=\"description\" content=\"Alimentaires : les offres du Black Friday 2026. Ici vous trouverez toutes les offres Black Friday dans l\u2019univers des alimentaires.\" \/>\n<meta name=\"robots\" content=\"noindex, follow\" \/>\n<meta property=\"og:locale\" content=\"fr_FR\" \/>\n<meta property=\"og:type\" content=\"article\" \/>\n<meta property=\"og:title\" content=\"Les offres au Black Friday sur les produits alimentaires\" \/>\n<meta property=\"og:description\" content=\"Alimentaires : les offres du Black Friday 2026. Ici vous trouverez toutes les offres Black Friday dans l\u2019univers des alimentaires.\" \/>\n<meta property=\"og:url\" content=\"https:\/\/www.blackfridaydeals.ch\/fr\/black-friday-alimentaires\/\" \/>\n<meta property=\"og:site_name\" content=\"blackfridaydeals.ch\" \/>\n<meta property=\"article:publisher\" content=\"https:\/\/www.facebook.com\/blackfridaydealsch\/\" \/>\n<meta property=\"article:modified_time\" content=\"2025-02-07T13:44:05+00:00\" \/>\n<meta property=\"og:image\" content=\"https:\/\/www.blackfridaydeals.ch\/wp-content\/uploads\/2021\/11\/hamburger-g73bba9687_1920.jpg\" \/>\n\t<meta property=\"og:image:width\" content=\"1920\" \/>\n\t<meta property=\"og:image:height\" content=\"1280\" \/>\n\t<meta property=\"og:image:type\" content=\"image\/jpeg\" \/>\n<meta name=\"twitter:card\" content=\"summary_large_image\" \/>\n<meta name=\"twitter:site\" content=\"@blackfridaych\" \/>\n<meta name=\"twitter:label1\" content=\"Est. reading time\" \/>\n\t<meta name=\"twitter:data1\" content=\"5 minutes\" \/>\n<script type=\"application\/ld+json\" class=\"yoast-schema-graph\">{\"@context\":\"https:\/\/schema.org\",\"@graph\":[{\"@type\":\"WebPage\",\"@id\":\"https:\/\/www.blackfridaydeals.ch\/fr\/black-friday-alimentaires\/\",\"url\":\"https:\/\/www.blackfridaydeals.ch\/fr\/black-friday-alimentaires\/\",\"name\":\"Les offres au Black Friday sur les produits alimentaires\",\"isPartOf\":{\"@id\":\"https:\/\/www.blackfridaydeals.ch\/fr\/#website\"},\"datePublished\":\"2021-11-02T16:15:03+00:00\",\"dateModified\":\"2025-02-07T13:44:05+00:00\",\"description\":\"Alimentaires : les offres du Black Friday 2026. Ici vous trouverez toutes les offres Black Friday dans l\u2019univers des alimentaires.\",\"breadcrumb\":{\"@id\":\"https:\/\/www.blackfridaydeals.ch\/fr\/black-friday-alimentaires\/#breadcrumb\"},\"inLanguage\":\"fr-CH\",\"potentialAction\":[{\"@type\":\"ReadAction\",\"target\":[\"https:\/\/www.blackfridaydeals.ch\/fr\/black-friday-alimentaires\/\"]}]},{\"@type\":\"BreadcrumbList\",\"@id\":\"https:\/\/www.blackfridaydeals.ch\/fr\/black-friday-alimentaires\/#breadcrumb\",\"itemListElement\":[{\"@type\":\"ListItem\",\"position\":1,\"name\":\"Startseite\",\"item\":\"https:\/\/www.blackfridaydeals.ch\/fr\/\"},{\"@type\":\"ListItem\",\"position\":2,\"name\":\"Les meilleures affaires au Black Friday sur les produits alimentaires\"}]},{\"@type\":\"WebSite\",\"@id\":\"https:\/\/www.blackfridaydeals.ch\/fr\/#website\",\"url\":\"https:\/\/www.blackfridaydeals.ch\/fr\/\",\"name\":\"blackfridaydeals.ch\",\"description\":\"Alle Angebote des Black Friday 2025 in der Schweiz\",\"publisher\":{\"@id\":\"https:\/\/www.blackfridaydeals.ch\/fr\/#organization\"},\"alternateName\":\"Black Friday Deals\",\"potentialAction\":[{\"@type\":\"SearchAction\",\"target\":{\"@type\":\"EntryPoint\",\"urlTemplate\":\"https:\/\/www.blackfridaydeals.ch\/fr\/?s={search_term_string}\"},\"query-input\":\"required name=search_term_string\"}],\"inLanguage\":\"fr-CH\"},{\"@type\":\"Organization\",\"@id\":\"https:\/\/www.blackfridaydeals.ch\/fr\/#organization\",\"name\":\"blackfridaydeals.ch\",\"alternateName\":\"Black Friday Deals\",\"url\":\"https:\/\/www.blackfridaydeals.ch\/fr\/\",\"logo\":{\"@type\":\"ImageObject\",\"inLanguage\":\"fr-CH\",\"@id\":\"https:\/\/www.blackfridaydeals.ch\/fr\/#\/schema\/logo\/image\/\",\"url\":\"https:\/\/www.blackfridaydeals.ch\/wp-content\/uploads\/2023\/03\/app-icon-white-bg-jpg.jpg\",\"contentUrl\":\"https:\/\/www.blackfridaydeals.ch\/wp-content\/uploads\/2023\/03\/app-icon-white-bg-jpg.jpg\",\"width\":512,\"height\":512,\"caption\":\"blackfridaydeals.ch\"},\"image\":{\"@id\":\"https:\/\/www.blackfridaydeals.ch\/fr\/#\/schema\/logo\/image\/\"},\"sameAs\":[\"https:\/\/www.facebook.com\/blackfridaydealsch\/\",\"https:\/\/twitter.com\/blackfridaych\",\"https:\/\/www.youtube.com\/channel\/UCNKXHacMw8AS34mBgzVx3FQ\",\"https:\/\/www.instagram.com\/blackfridaydeals.ch\/\"]}]}<\/script>\n<!-- \/ Yoast SEO plugin. -->","yoast_head_json":{"title":"Les offres au Black Friday sur les produits alimentaires","description":"Alimentaires : les offres du Black Friday 2026. Ici vous trouverez toutes les offres Black Friday dans l\u2019univers des alimentaires.","robots":{"index":"noindex","follow":"follow"},"og_locale":"fr_FR","og_type":"article","og_title":"Les offres au Black Friday sur les produits alimentaires","og_description":"Alimentaires : les offres du Black Friday 2026. Ici vous trouverez toutes les offres Black Friday dans l\u2019univers des alimentaires.","og_url":"https:\/\/www.blackfridaydeals.ch\/fr\/black-friday-alimentaires\/","og_site_name":"blackfridaydeals.ch","article_publisher":"https:\/\/www.facebook.com\/blackfridaydealsch\/","article_modified_time":"2025-02-07T13:44:05+00:00","og_image":[{"width":1920,"height":1280,"url":"https:\/\/www.blackfridaydeals.ch\/wp-content\/uploads\/2021\/11\/hamburger-g73bba9687_1920.jpg","type":"image\/jpeg"}],"twitter_card":"summary_large_image","twitter_site":"@blackfridaych","twitter_misc":{"Est. reading time":"5 minutes"},"schema":{"@context":"https:\/\/schema.org","@graph":[{"@type":"WebPage","@id":"https:\/\/www.blackfridaydeals.ch\/fr\/black-friday-alimentaires\/","url":"https:\/\/www.blackfridaydeals.ch\/fr\/black-friday-alimentaires\/","name":"Les offres au Black Friday sur les produits alimentaires","isPartOf":{"@id":"https:\/\/www.blackfridaydeals.ch\/fr\/#website"},"datePublished":"2021-11-02T16:15:03+00:00","dateModified":"2025-02-07T13:44:05+00:00","description":"Alimentaires : les offres du Black Friday 2026. Ici vous trouverez toutes les offres Black Friday dans l\u2019univers des alimentaires.","breadcrumb":{"@id":"https:\/\/www.blackfridaydeals.ch\/fr\/black-friday-alimentaires\/#breadcrumb"},"inLanguage":"fr-CH","potentialAction":[{"@type":"ReadAction","target":["https:\/\/www.blackfridaydeals.ch\/fr\/black-friday-alimentaires\/"]}]},{"@type":"BreadcrumbList","@id":"https:\/\/www.blackfridaydeals.ch\/fr\/black-friday-alimentaires\/#breadcrumb","itemListElement":[{"@type":"ListItem","position":1,"name":"Startseite","item":"https:\/\/www.blackfridaydeals.ch\/fr\/"},{"@type":"ListItem","position":2,"name":"Les meilleures affaires au Black Friday sur les produits alimentaires"}]},{"@type":"WebSite","@id":"https:\/\/www.blackfridaydeals.ch\/fr\/#website","url":"https:\/\/www.blackfridaydeals.ch\/fr\/","name":"blackfridaydeals.ch","description":"Alle Angebote des Black Friday 2025 in der Schweiz","publisher":{"@id":"https:\/\/www.blackfridaydeals.ch\/fr\/#organization"},"alternateName":"Black Friday Deals","potentialAction":[{"@type":"SearchAction","target":{"@type":"EntryPoint","urlTemplate":"https:\/\/www.blackfridaydeals.ch\/fr\/?s={search_term_string}"},"query-input":"required name=search_term_string"}],"inLanguage":"fr-CH"},{"@type":"Organization","@id":"https:\/\/www.blackfridaydeals.ch\/fr\/#organization","name":"blackfridaydeals.ch","alternateName":"Black Friday Deals","url":"https:\/\/www.blackfridaydeals.ch\/fr\/","logo":{"@type":"ImageObject","inLanguage":"fr-CH","@id":"https:\/\/www.blackfridaydeals.ch\/fr\/#\/schema\/logo\/image\/","url":"https:\/\/www.blackfridaydeals.ch\/wp-content\/uploads\/2023\/03\/app-icon-white-bg-jpg.jpg","contentUrl":"https:\/\/www.blackfridaydeals.ch\/wp-content\/uploads\/2023\/03\/app-icon-white-bg-jpg.jpg","width":512,"height":512,"caption":"blackfridaydeals.ch"},"image":{"@id":"https:\/\/www.blackfridaydeals.ch\/fr\/#\/schema\/logo\/image\/"},"sameAs":["https:\/\/www.facebook.com\/blackfridaydealsch\/","https:\/\/twitter.com\/blackfridaych","https:\/\/www.youtube.com\/channel\/UCNKXHacMw8AS34mBgzVx3FQ","https:\/\/www.instagram.com\/blackfridaydeals.ch\/"]}]}},"_links":{"self":[{"href":"https:\/\/www.blackfridaydeals.ch\/fr\/wp-json\/wp\/v2\/pages\/38795"}],"collection":[{"href":"https:\/\/www.blackfridaydeals.ch\/fr\/wp-json\/wp\/v2\/pages"}],"about":[{"href":"https:\/\/www.blackfridaydeals.ch\/fr\/wp-json\/wp\/v2\/types\/page"}],"author":[{"embeddable":true,"href":"https:\/\/www.blackfridaydeals.ch\/fr\/wp-json\/wp\/v2\/users\/40"}],"replies":[{"embeddable":true,"href":"https:\/\/www.blackfridaydeals.ch\/fr\/wp-json\/wp\/v2\/comments?post=38795"}],"version-history":[{"count":10,"href":"https:\/\/www.blackfridaydeals.ch\/fr\/wp-json\/wp\/v2\/pages\/38795\/revisions"}],"predecessor-version":[{"id":61303,"href":"https:\/\/www.blackfridaydeals.ch\/fr\/wp-json\/wp\/v2\/pages\/38795\/revisions\/61303"}],"wp:featuredmedia":[{"embeddable":true,"href":"https:\/\/www.blackfridaydeals.ch\/fr\/wp-json\/wp\/v2\/media\/38797"}],"wp:attachment":[{"href":"https:\/\/www.blackfridaydeals.ch\/fr\/wp-json\/wp\/v2\/media?parent=38795"}],"curies":[{"name":"wp","href":"https:\/\/api.w.org\/{rel}","templated":true}]}}