{"id":38776,"date":"2021-11-02T16:53:17","date_gmt":"2021-11-02T15:53:17","guid":{"rendered":"https:\/\/www.blackfridaydeals.ch\/?page_id=38776"},"modified":"2025-02-06T15:14:54","modified_gmt":"2025-02-06T14:14:54","slug":"parfum-prix-reduit-black-friday","status":"publish","type":"page","link":"https:\/\/www.blackfridaydeals.ch\/fr\/parfum-prix-reduit-black-friday\/","title":{"rendered":"Comment trouver ce parfum subtil \u00e0 prix r\u00e9duit au Black Friday"},"content":{"rendered":"<p>[vc_row][vc_column]\n[vc_column_text]<\/p>\n<p style=\"text-align: center;\"><img decoding=\"async\" class=\"alignright size-medium wp-image-38778\" src=\"https:\/\/www.blackfridaydeals.ch\/wp-content\/uploads\/2021\/11\/perfume-g119e956f0_1920-300x199.jpg\" alt=\"\" width=\"300\" height=\"199\" srcset=\"https:\/\/www.blackfridaydeals.ch\/wp-content\/uploads\/2021\/11\/perfume-g119e956f0_1920-300x199.jpg 300w, https:\/\/www.blackfridaydeals.ch\/wp-content\/uploads\/2021\/11\/perfume-g119e956f0_1920-1024x680.jpg 1024w, https:\/\/www.blackfridaydeals.ch\/wp-content\/uploads\/2021\/11\/perfume-g119e956f0_1920-768x510.jpg 768w, https:\/\/www.blackfridaydeals.ch\/wp-content\/uploads\/2021\/11\/perfume-g119e956f0_1920-1536x1020.jpg 1536w, https:\/\/www.blackfridaydeals.ch\/wp-content\/uploads\/2021\/11\/perfume-g119e956f0_1920-2048x1360.jpg 2048w, https:\/\/www.blackfridaydeals.ch\/wp-content\/uploads\/2021\/11\/perfume-g119e956f0_1920-788x523.jpg 788w, https:\/\/www.blackfridaydeals.ch\/wp-content\/uploads\/2021\/11\/perfume-g119e956f0_1920-150x100.jpg 150w, https:\/\/www.blackfridaydeals.ch\/wp-content\/uploads\/2021\/11\/perfume-g119e956f0_1920.jpg 1920w\" sizes=\"(max-width: 300px) 100vw, 300px\" \/><a href=\"https:\/\/www.blackfridaydeals.ch\/fr\/beaute-sante\/\" target=\"_blank\" style=\"border-radius:5px\" class=\"wpsm-button btncolor medium rehub_btn_color\"><i class=\"rhicon rhi-none\"><\/i>Afficher tous les beauty-deals<\/a><\/p>\n<p>Vous pouvez vous offrir un nouveau parfum toute l&#8217;ann\u00e9e. Toutefois, de nombreux Suisses ach\u00e8tent des parfums vers la fin de l&#8217;ann\u00e9e. Ils peuvent ainsi acheter des cadeaux pour leurs proches \u00e0 No\u00ebl, s&#8217;offrir quelque chose de nouveau pendant les jours froids et sombres de l&#8217;hiver ou simplement faire le plein de leur parfum pr\u00e9f\u00e9r\u00e9. Tout au long de l&#8217;ann\u00e9e, il y a toujours des r\u00e9ductions dans les pharmacies et les parfumeries, mais les offres au <a href=\"https:\/\/www.blackfridaydeals.ch\/fr\/\">Black Friday<\/a> 2026 sont particuli\u00e8rement bonnes.<\/p>\n<h2>Ces magasins offrent des remises importantes sur les parfums en novembre<\/h2>\n<p>De nombreuses pharmacies vont certainement faire plaisir \u00e0 leurs clients en leur proposant de bonnes affaires au Black Friday 2026. Nous ne savons pas exactement quels magasins participeront \u00e0 l&#8217;\u00e9v\u00e9nement, mais l&#8217;exp\u00e9rience des ann\u00e9es pr\u00e9c\u00e9dentes nous permet de conclure que presque tous les commer\u00e7ants du secteur de la beaut\u00e9 pr\u00e9voient une r\u00e9duction. Ainsi, vous pourrez faire des \u00e9conomies chez de nombreux d\u00e9taillants, de <a href=\"https:\/\/www.blackfridaydeals.ch\/fr\/shops\/loccitane-fr\/\">L&#8217;Occitane<\/a> \u00e0 parfum.ch. Cela s&#8217;applique tant aux fabricants qu&#8217;aux grands revendeurs. Et ceux qui veulent acheter d&#8217;autres produits de beaut\u00e9 en plus des parfums seront probablement mieux servis avec une remise dans une grande pharmacie.<\/p>\n<p>Outre les d\u00e9taillants sp\u00e9cialis\u00e9s dans les produits de beaut\u00e9, vous pouvez d\u00e9sormais trouver des parfums dans de nombreux autres magasins. Il y a, par exemple, des nombreux d\u00e9taillants de mode qui proposent une s\u00e9lection de produits de beaut\u00e9 dans leur assortiment. Nombre d&#8217;entre eux ne proposent m\u00eame pas seulement des produits de marques connues, mais produisent \u00e9galement leurs propres parfums, les produits de maquillage et les cr\u00e8mes.<\/p>\n<h2>C&#8217;est ainsi que les parfums seront r\u00e9duits au Black Friday 2026<\/h2>\n<p>Jusqu&#8217;\u00e0 pr\u00e9sent, pratiquement aucun magasin n&#8217;a lev\u00e9 le voile sur la fa\u00e7on qu\u2019il adoptera pour c\u00e9l\u00e9brer le Black Friday. La plupart des d\u00e9taillants n&#8217;ont pas encore annonc\u00e9 s&#8217;ils pr\u00e9voient une promotion pour l&#8217;\u00e9v\u00e9nement. Ce n&#8217;est pas inhabituel et c&#8217;est \u00e9galement le cas pour le <a href=\"https:\/\/www.blackfridaydeals.ch\/fr\/cyber-monday\/\">Cyber Monday<\/a> et le <a href=\"https:\/\/www.blackfridaydeals.ch\/fr\/singles-day\/\">Singles Day<\/a>.<\/p>\n<p>N\u00e9anmoins, nous pouvons tenter quelques suppositions sur les remises qui seront probablement pr\u00e9vues sur les parfums au Black Friday 2026. \u00c0 notre avis, il y aura peut-\u00eatre une remise forfaitaire sur l&#8217;ensemble de la gamme dans de nombreux magasins. Cette op\u00e9ration permet g\u00e9n\u00e9ralement de b\u00e9n\u00e9ficier d&#8217;une r\u00e9duction de 20 ou 30\u00a0%. Ces derni\u00e8res ann\u00e9es, vous avez pu \u00e9conomiser le plus souvent de 30\u00a0%, ce qui laisse pr\u00e9sager de grandes \u00e9conomies au Black Friday 2026.<\/p>\n<p>M\u00eame si la promotion est annonc\u00e9e comme une remise forfaitaire sur l&#8217;ensemble de la gamme, il se peut que des articles individuels ou d\u00e9j\u00e0 sold\u00e9s soient exclus de la remise. Mais m\u00eame ainsi, vous pouvez obtenir presque toute la gamme \u00e0 prix r\u00e9duit, donc \u00e0 nos yeux la promotion est loin d\u2019\u00eatre inint\u00e9ressante, voire insignifiante\u00a0!<\/p>\n<h2>Une alternative au rabais g\u00e9n\u00e9ral\u00a0: les soldes<\/h2>\n<p>R\u00e9cemment, certains d\u00e9taillants de parfums se sont \u00e9galement mis aux soldes. Dans ce cas, les magasins s\u00e9lectionnent des articles individuels qui, \u00e0 leurs yeux, inspireront de nombreux clients ou devraient faire l&#8217;objet d&#8217;une promotion un peu plus importante. Les articles proviennent g\u00e9n\u00e9ralement de l&#8217;ensemble de la gamme, mais il est \u00e9galement possible que, par exemple, seuls les produits pour les soins du visage ou seuls les parfums soient r\u00e9duits.<\/p>\n<p>En r\u00e8gle g\u00e9n\u00e9rale, les magasins s&#8217;efforcent de proposer un large \u00e9ventail de produits afin que chaque client puisse trouver ce qu&#8217;il cherche. Donc, si vous \u00eates \u00e0 la recherche d&#8217;un nouveau parfum ou si vous trouvez votre parfum pr\u00e9f\u00e9r\u00e9 \u00e0 prix r\u00e9duit, vous pouvez \u00eatre satisfait de cette offre. Si vous trouvez quelque chose dans les soldes, vous pouvez profiter d&#8217;une \u00e9conomie importante. On y trouve souvent des r\u00e9ductions de plus de 50\u00a0%. Pour le Black Friday 2026, nous pouvons m\u00eame imaginer des r\u00e9ductions allant jusqu&#8217;\u00e0 80\u00a0%.<\/p>\n<h3>Plus d&#8217;articles int\u00e9ressants:<\/h3>\n<ul>\n<li><a href=\"https:\/\/www.blackfridaydeals.ch\/fr\/photos-video-black-friday\/\">Les meilleures affaires en photos et vid\u00e9o au Black Friday 2026<\/a><\/li>\n<li><a href=\"https:\/\/www.blackfridaydeals.ch\/fr\/meilleures-appareils-photos\/\">Les meilleures affaires sur les appareils photos au Black Friday 2026<\/a><\/li>\n<li><a href=\"https:\/\/www.blackfridaydeals.ch\/fr\/fournitures-bureau-black-friday\/\">Les meilleures affaires pour les fournitures de bureau au Black Friday 2026<\/a><\/li>\n<li><a href=\"https:\/\/www.blackfridaydeals.ch\/fr\/montres-connectees-black-friday\/\">Les meilleures affaires sur les montres connect\u00e9es au Black Friday 2026<\/a><\/li>\n<li><a href=\"https:\/\/www.blackfridaydeals.ch\/fr\/offres-jouets-black-friday\/\">Les meilleures offres sur les jouets au Black Friday 2026<\/a><\/li>\n<li><a href=\"https:\/\/www.blackfridaydeals.ch\/fr\/offres-montres-black-friday\/\">Les meilleures offres de montres pour le Black Friday 2026<\/a><\/li>\n<li><a href=\"https:\/\/www.blackfridaydeals.ch\/fr\/beaute-au-black-friday\/\">Les meilleures offres dans le monde de beaut\u00e9 au Black Friday 2026<\/a><\/li>\n<li><a href=\"https:\/\/www.blackfridaydeals.ch\/fr\/offres-de-son-black-friday\/\">Les meilleures offres de Son pendant le Black Friday 2026<\/a><\/li>\n<li><a href=\"https:\/\/www.blackfridaydeals.ch\/fr\/ordinateurs-portables-black-friday\/\">Les meilleures offres sur les ordinateurs portables au Black Friday 2026<\/a><\/li>\n<li><a href=\"https:\/\/www.blackfridaydeals.ch\/fr\/offres-smartphones-black-friday\/\">Ces offres sur les smartphones seront disponibles au Black Friday 2026<\/a><\/li>\n<li><a href=\"https:\/\/www.blackfridaydeals.ch\/fr\/chaussures-au-black-friday\/\">Des chaussures de haute qualit\u00e9 \u00e0 des prix abordables au Black Friday 2026<\/a><\/li>\n<li><a href=\"https:\/\/www.blackfridaydeals.ch\/fr\/black-friday-home-cinema\/\">Les meilleures affaires au Black Friday 2026 sur le Home Cin\u00e9ma<\/a><\/li>\n<li><a href=\"https:\/\/www.blackfridaydeals.ch\/fr\/black-friday-alimentaires\/\">Les meilleures affaires au Black Friday 2026 sur les produits alimentaires et les boissons<\/a><\/li>\n<li><a href=\"https:\/\/www.blackfridaydeals.ch\/fr\/meilleures-meubles-black-friday\/\">Les meilleures affaires sur les meubles au Black Friday 2026<\/a><\/li>\n<li><a href=\"https:\/\/www.blackfridaydeals.ch\/fr\/offres-fitness-black-friday-year\/\">Les meilleures offres de fitness au Black Friday 2026<\/a><\/li>\n<li><a href=\"https:\/\/www.blackfridaydeals.ch\/fr\/pour-le-menage-black-friday\/\">Tout ce qu&#8217;il faut pour le m\u00e9nage au Black Friday 2026<\/a><\/li>\n<li><a href=\"https:\/\/www.blackfridaydeals.ch\/fr\/voyages-vols-hotels-black-friday\/\">Voyages, vols et h\u00f4tels \u00e0 bas prix Black Friday 2026<\/a><\/li>\n<li><a href=\"https:\/\/www.blackfridaydeals.ch\/fr\/offres-de-jeux-video-black-friday\/\">Voici les offres de jeux vid\u00e9o que nous attendons avec impatience au Black Friday 2026<\/a><\/li>\n<\/ul>\n<p>[\/vc_column_text][\/vc_column][\/vc_row]<\/p>\n","protected":false},"excerpt":{"rendered":"<p>[vc_row][vc_column][vc_column_text] Vous pouvez vous offrir un nouveau parfum toute l&#8217;ann\u00e9e. Toutefois, de nombreux Suisses ach\u00e8tent des parfums vers la fin de l&#8217;ann\u00e9e. Ils peuvent ainsi acheter des cadeaux pour leurs proches \u00e0 No\u00ebl, s&#8217;offrir quelque chose de nouveau pendant les jours froids et sombres de l&#8217;hiver ou simplement faire le plein de leur parfum pr\u00e9f\u00e9r\u00e9. [&hellip;]<\/p>\n","protected":false},"author":40,"featured_media":38778,"parent":0,"menu_order":0,"comment_status":"closed","ping_status":"closed","template":"","meta":[],"yoast_head":"<!-- This site is optimized with the Yoast SEO plugin v20.5 - https:\/\/yoast.com\/wordpress\/plugins\/seo\/ -->\n<title>Les offres sur les parfums au Black Friday 2026<\/title>\n<meta name=\"description\" content=\"Parfum : les offres du Black Friday 2026. Ici vous trouverez toutes les offres Black Friday dans l\u2019univers des parfums.\" \/>\n<meta name=\"robots\" content=\"noindex, follow\" \/>\n<meta property=\"og:locale\" content=\"fr_FR\" \/>\n<meta property=\"og:type\" content=\"article\" \/>\n<meta property=\"og:title\" content=\"Les offres sur les parfums au Black Friday 2026\" \/>\n<meta property=\"og:description\" content=\"Parfum : les offres du Black Friday 2026. Ici vous trouverez toutes les offres Black Friday dans l\u2019univers des parfums.\" \/>\n<meta property=\"og:url\" content=\"https:\/\/www.blackfridaydeals.ch\/fr\/parfum-prix-reduit-black-friday\/\" \/>\n<meta property=\"og:site_name\" content=\"blackfridaydeals.ch\" \/>\n<meta property=\"article:publisher\" content=\"https:\/\/www.facebook.com\/blackfridaydealsch\/\" \/>\n<meta property=\"article:modified_time\" content=\"2025-02-06T14:14:54+00:00\" \/>\n<meta property=\"og:image\" content=\"https:\/\/www.blackfridaydeals.ch\/wp-content\/uploads\/2021\/11\/perfume-g119e956f0_1920.jpg\" \/>\n\t<meta property=\"og:image:width\" content=\"1920\" \/>\n\t<meta property=\"og:image:height\" content=\"1275\" \/>\n\t<meta property=\"og:image:type\" content=\"image\/jpeg\" \/>\n<meta name=\"twitter:card\" content=\"summary_large_image\" \/>\n<meta name=\"twitter:site\" content=\"@blackfridaych\" \/>\n<meta name=\"twitter:label1\" content=\"Est. reading time\" \/>\n\t<meta name=\"twitter:data1\" content=\"5 minutes\" \/>\n<script type=\"application\/ld+json\" class=\"yoast-schema-graph\">{\"@context\":\"https:\/\/schema.org\",\"@graph\":[{\"@type\":\"WebPage\",\"@id\":\"https:\/\/www.blackfridaydeals.ch\/fr\/parfum-prix-reduit-black-friday\/\",\"url\":\"https:\/\/www.blackfridaydeals.ch\/fr\/parfum-prix-reduit-black-friday\/\",\"name\":\"Les offres sur les parfums au Black Friday 2026\",\"isPartOf\":{\"@id\":\"https:\/\/www.blackfridaydeals.ch\/fr\/#website\"},\"datePublished\":\"2021-11-02T15:53:17+00:00\",\"dateModified\":\"2025-02-06T14:14:54+00:00\",\"description\":\"Parfum : les offres du Black Friday 2026. Ici vous trouverez toutes les offres Black Friday dans l\u2019univers des parfums.\",\"breadcrumb\":{\"@id\":\"https:\/\/www.blackfridaydeals.ch\/fr\/parfum-prix-reduit-black-friday\/#breadcrumb\"},\"inLanguage\":\"fr-CH\",\"potentialAction\":[{\"@type\":\"ReadAction\",\"target\":[\"https:\/\/www.blackfridaydeals.ch\/fr\/parfum-prix-reduit-black-friday\/\"]}]},{\"@type\":\"BreadcrumbList\",\"@id\":\"https:\/\/www.blackfridaydeals.ch\/fr\/parfum-prix-reduit-black-friday\/#breadcrumb\",\"itemListElement\":[{\"@type\":\"ListItem\",\"position\":1,\"name\":\"Startseite\",\"item\":\"https:\/\/www.blackfridaydeals.ch\/fr\/\"},{\"@type\":\"ListItem\",\"position\":2,\"name\":\"Comment trouver ce parfum subtil \u00e0 prix r\u00e9duit au Black Friday\"}]},{\"@type\":\"WebSite\",\"@id\":\"https:\/\/www.blackfridaydeals.ch\/fr\/#website\",\"url\":\"https:\/\/www.blackfridaydeals.ch\/fr\/\",\"name\":\"blackfridaydeals.ch\",\"description\":\"Toutes les offres du Black Friday 2025 en Suisse\",\"publisher\":{\"@id\":\"https:\/\/www.blackfridaydeals.ch\/fr\/#organization\"},\"alternateName\":\"Black Friday Deals\",\"potentialAction\":[{\"@type\":\"SearchAction\",\"target\":{\"@type\":\"EntryPoint\",\"urlTemplate\":\"https:\/\/www.blackfridaydeals.ch\/fr\/?s={search_term_string}\"},\"query-input\":\"required name=search_term_string\"}],\"inLanguage\":\"fr-CH\"},{\"@type\":\"Organization\",\"@id\":\"https:\/\/www.blackfridaydeals.ch\/fr\/#organization\",\"name\":\"blackfridaydeals.ch\",\"alternateName\":\"Black Friday Deals\",\"url\":\"https:\/\/www.blackfridaydeals.ch\/fr\/\",\"logo\":{\"@type\":\"ImageObject\",\"inLanguage\":\"fr-CH\",\"@id\":\"https:\/\/www.blackfridaydeals.ch\/fr\/#\/schema\/logo\/image\/\",\"url\":\"https:\/\/www.blackfridaydeals.ch\/wp-content\/uploads\/2023\/03\/app-icon-white-bg-jpg.jpg\",\"contentUrl\":\"https:\/\/www.blackfridaydeals.ch\/wp-content\/uploads\/2023\/03\/app-icon-white-bg-jpg.jpg\",\"width\":512,\"height\":512,\"caption\":\"blackfridaydeals.ch\"},\"image\":{\"@id\":\"https:\/\/www.blackfridaydeals.ch\/fr\/#\/schema\/logo\/image\/\"},\"sameAs\":[\"https:\/\/www.facebook.com\/blackfridaydealsch\/\",\"https:\/\/twitter.com\/blackfridaych\",\"https:\/\/www.youtube.com\/channel\/UCNKXHacMw8AS34mBgzVx3FQ\",\"https:\/\/www.instagram.com\/blackfridaydeals.ch\/\"]}]}<\/script>\n<!-- \/ Yoast SEO plugin. -->","yoast_head_json":{"title":"Les offres sur les parfums au Black Friday 2026","description":"Parfum : les offres du Black Friday 2026. Ici vous trouverez toutes les offres Black Friday dans l\u2019univers des parfums.","robots":{"index":"noindex","follow":"follow"},"og_locale":"fr_FR","og_type":"article","og_title":"Les offres sur les parfums au Black Friday 2026","og_description":"Parfum : les offres du Black Friday 2026. Ici vous trouverez toutes les offres Black Friday dans l\u2019univers des parfums.","og_url":"https:\/\/www.blackfridaydeals.ch\/fr\/parfum-prix-reduit-black-friday\/","og_site_name":"blackfridaydeals.ch","article_publisher":"https:\/\/www.facebook.com\/blackfridaydealsch\/","article_modified_time":"2025-02-06T14:14:54+00:00","og_image":[{"width":1920,"height":1275,"url":"https:\/\/www.blackfridaydeals.ch\/wp-content\/uploads\/2021\/11\/perfume-g119e956f0_1920.jpg","type":"image\/jpeg"}],"twitter_card":"summary_large_image","twitter_site":"@blackfridaych","twitter_misc":{"Est. reading time":"5 minutes"},"schema":{"@context":"https:\/\/schema.org","@graph":[{"@type":"WebPage","@id":"https:\/\/www.blackfridaydeals.ch\/fr\/parfum-prix-reduit-black-friday\/","url":"https:\/\/www.blackfridaydeals.ch\/fr\/parfum-prix-reduit-black-friday\/","name":"Les offres sur les parfums au Black Friday 2026","isPartOf":{"@id":"https:\/\/www.blackfridaydeals.ch\/fr\/#website"},"datePublished":"2021-11-02T15:53:17+00:00","dateModified":"2025-02-06T14:14:54+00:00","description":"Parfum : les offres du Black Friday 2026. Ici vous trouverez toutes les offres Black Friday dans l\u2019univers des parfums.","breadcrumb":{"@id":"https:\/\/www.blackfridaydeals.ch\/fr\/parfum-prix-reduit-black-friday\/#breadcrumb"},"inLanguage":"fr-CH","potentialAction":[{"@type":"ReadAction","target":["https:\/\/www.blackfridaydeals.ch\/fr\/parfum-prix-reduit-black-friday\/"]}]},{"@type":"BreadcrumbList","@id":"https:\/\/www.blackfridaydeals.ch\/fr\/parfum-prix-reduit-black-friday\/#breadcrumb","itemListElement":[{"@type":"ListItem","position":1,"name":"Startseite","item":"https:\/\/www.blackfridaydeals.ch\/fr\/"},{"@type":"ListItem","position":2,"name":"Comment trouver ce parfum subtil \u00e0 prix r\u00e9duit au Black Friday"}]},{"@type":"WebSite","@id":"https:\/\/www.blackfridaydeals.ch\/fr\/#website","url":"https:\/\/www.blackfridaydeals.ch\/fr\/","name":"blackfridaydeals.ch","description":"Toutes les offres du Black Friday 2025 en Suisse","publisher":{"@id":"https:\/\/www.blackfridaydeals.ch\/fr\/#organization"},"alternateName":"Black Friday Deals","potentialAction":[{"@type":"SearchAction","target":{"@type":"EntryPoint","urlTemplate":"https:\/\/www.blackfridaydeals.ch\/fr\/?s={search_term_string}"},"query-input":"required name=search_term_string"}],"inLanguage":"fr-CH"},{"@type":"Organization","@id":"https:\/\/www.blackfridaydeals.ch\/fr\/#organization","name":"blackfridaydeals.ch","alternateName":"Black Friday Deals","url":"https:\/\/www.blackfridaydeals.ch\/fr\/","logo":{"@type":"ImageObject","inLanguage":"fr-CH","@id":"https:\/\/www.blackfridaydeals.ch\/fr\/#\/schema\/logo\/image\/","url":"https:\/\/www.blackfridaydeals.ch\/wp-content\/uploads\/2023\/03\/app-icon-white-bg-jpg.jpg","contentUrl":"https:\/\/www.blackfridaydeals.ch\/wp-content\/uploads\/2023\/03\/app-icon-white-bg-jpg.jpg","width":512,"height":512,"caption":"blackfridaydeals.ch"},"image":{"@id":"https:\/\/www.blackfridaydeals.ch\/fr\/#\/schema\/logo\/image\/"},"sameAs":["https:\/\/www.facebook.com\/blackfridaydealsch\/","https:\/\/twitter.com\/blackfridaych","https:\/\/www.youtube.com\/channel\/UCNKXHacMw8AS34mBgzVx3FQ","https:\/\/www.instagram.com\/blackfridaydeals.ch\/"]}]}},"_links":{"self":[{"href":"https:\/\/www.blackfridaydeals.ch\/fr\/wp-json\/wp\/v2\/pages\/38776"}],"collection":[{"href":"https:\/\/www.blackfridaydeals.ch\/fr\/wp-json\/wp\/v2\/pages"}],"about":[{"href":"https:\/\/www.blackfridaydeals.ch\/fr\/wp-json\/wp\/v2\/types\/page"}],"author":[{"embeddable":true,"href":"https:\/\/www.blackfridaydeals.ch\/fr\/wp-json\/wp\/v2\/users\/40"}],"replies":[{"embeddable":true,"href":"https:\/\/www.blackfridaydeals.ch\/fr\/wp-json\/wp\/v2\/comments?post=38776"}],"version-history":[{"count":13,"href":"https:\/\/www.blackfridaydeals.ch\/fr\/wp-json\/wp\/v2\/pages\/38776\/revisions"}],"predecessor-version":[{"id":109992,"href":"https:\/\/www.blackfridaydeals.ch\/fr\/wp-json\/wp\/v2\/pages\/38776\/revisions\/109992"}],"wp:featuredmedia":[{"embeddable":true,"href":"https:\/\/www.blackfridaydeals.ch\/fr\/wp-json\/wp\/v2\/media\/38778"}],"wp:attachment":[{"href":"https:\/\/www.blackfridaydeals.ch\/fr\/wp-json\/wp\/v2\/media?parent=38776"}],"curies":[{"name":"wp","href":"https:\/\/api.w.org\/{rel}","templated":true}]}}