{"id":38770,"date":"2021-11-02T16:48:09","date_gmt":"2021-11-02T15:48:09","guid":{"rendered":"https:\/\/www.blackfridaydeals.ch\/?page_id=38770"},"modified":"2025-02-06T14:41:45","modified_gmt":"2025-02-06T13:41:45","slug":"offres-smartphones-black-friday","status":"publish","type":"page","link":"https:\/\/www.blackfridaydeals.ch\/fr\/offres-smartphones-black-friday\/","title":{"rendered":"Ces offres sur les smartphones seront disponibles au Black Friday"},"content":{"rendered":"<p>[vc_row][vc_column]\n[vc_column_text]<\/p>\n<p style=\"text-align: center;\"><img decoding=\"async\" class=\"alignright wp-image-98765 size-medium\" src=\"https:\/\/www.blackfridaydeals.ch\/wp-content\/uploads\/2025\/02\/iphone-300x265.jpg\" alt=\"\" width=\"300\" height=\"265\" srcset=\"https:\/\/www.blackfridaydeals.ch\/wp-content\/uploads\/2025\/02\/iphone-300x265.jpg 300w, https:\/\/www.blackfridaydeals.ch\/wp-content\/uploads\/2025\/02\/iphone-1024x906.jpg 1024w, https:\/\/www.blackfridaydeals.ch\/wp-content\/uploads\/2025\/02\/iphone-767x679.jpg 767w, https:\/\/www.blackfridaydeals.ch\/wp-content\/uploads\/2025\/02\/iphone-1536x1359.jpg 1536w, https:\/\/www.blackfridaydeals.ch\/wp-content\/uploads\/2025\/02\/iphone-2048x1812.jpg 2048w, https:\/\/www.blackfridaydeals.ch\/wp-content\/uploads\/2025\/02\/iphone-170x150.jpg 170w, https:\/\/www.blackfridaydeals.ch\/wp-content\/uploads\/2025\/02\/iphone-100x88.jpg 100w, https:\/\/www.blackfridaydeals.ch\/wp-content\/uploads\/2025\/02\/iphone-396x350.jpg 396w, https:\/\/www.blackfridaydeals.ch\/wp-content\/uploads\/2025\/02\/iphone-788x697.jpg 788w, https:\/\/www.blackfridaydeals.ch\/wp-content\/uploads\/2025\/02\/iphone.jpg 721w\" sizes=\"(max-width: 300px) 100vw, 300px\" \/><a href=\"https:\/\/www.blackfridaydeals.ch\/fr\/electronique-divertissement\/\" target=\"_blank\" style=\"border-radius:5px\" class=\"wpsm-button btncolor medium rehub_btn_color\"><i class=\"rhicon rhi-none\"><\/i>Afficher tous les deals \u00e9lectroniques<\/a><\/p>\n<p>De nombreux clients ont certainement programm\u00e9 de s\u2019offrir un nouveau smartphone au Black Friday 2026. Diff\u00e9rentes bonnes raisons pourront nous \u00e9clairer sur cette d\u00e9cision pour le moins dire judicieuse\u00a0: No\u00ebl approche, cela explique pourquoi une armada de Suisses sont en qu\u00eate de cadeaux pour leurs proches. Pour les enfants, les parents ou les conjoints, un nouveau smartphone est un cadeau tr\u00e8s appr\u00e9ci\u00e9. Certains veulent eux aussi s&#8217;octroyer un beau cadeau. Tout cela est vrai et compr\u00e9hensible, mais il reste que la raison la plus d\u00e9terminante et la plus convaincante est probablement les bonnes affaires que l&#8217;on peut trouver au <a href=\"https:\/\/www.blackfridaydeals.ch\/fr\/\">Black Friday<\/a> 2026. De nombreux smartphones sont moins chers ce jour-l\u00e0 qu\u2019\u00e0 n&#8217;importe quel autre jour de l&#8217;ann\u00e9e. Nous avons r\u00e9sum\u00e9 ici toutes les informations importantes sur les offres concernant les smartphones les plus populaires\u00a0:<\/p>\n<h2>Les meilleures offres pour les passionn\u00e9s inconditionnels d&#8217;iPhone au Black Friday 2026<\/h2>\n<p>Ceux qui ont tiss\u00e9 des liens solides avec le syst\u00e8me iOS et ont pris l\u2019habitude d\u2019utiliser pleinement toutes les applications d&#8217;Apple ne pourront pas renoncer facilement aux <a href=\"https:\/\/www.blackfridaydeals.ch\/fr\/iphone-black-friday\/\">iPhones<\/a> et il est difficile qu\u2019ils choisissent une autre marque de smartphone. En plus, il n\u2019est pas toujours facile de transf\u00e9rer toutes les donn\u00e9es vers un autre syst\u00e8me d&#8217;exploitation, d\u2019autant que les utilisateurs des iPhones connaissent d\u00e9j\u00e0 sur le bout des doigts le syst\u00e8me d&#8217;exploitation et peuvent facilement utiliser l\u2019iPhone. In fine, la simplicit\u00e9 d&#8217;utilisation et la qualit\u00e9 de la technologie pourront encourager les Suisses \u00e0 essayer un iPhone pour leur nouveau smartphone.<\/p>\n<p>Les opportunit\u00e9s pour trouver l\u2019iPhone adapt\u00e9 ne manquent pas. En effet, de nombreux mod\u00e8les plus anciens restent encore populaires. Par exemple, l&#8217;iPhone 13 jouit toujours d&#8217;une grande popularit\u00e9, et souvent l\u2019iPhone 14 et son successeur, l&#8217;iPhone 15, seront \u00e9galement sous le sapin \u00e0 No\u00ebl. L&#8217;iPhone 16 n&#8217;est sorti qu&#8217;\u00e0 l&#8217;automne. Comme ses pr\u00e9d\u00e9cesseurs, il est disponible en diff\u00e9rentes versions, en fonction de la taille du smartphone, de la couleur souhait\u00e9e et de l&#8217;espace de stockage dont il doit disposer.<\/p>\n<p>En fonction des sp\u00e9cifications que vous souhaitez, vous pouvez facilement d\u00e9penser plus de 1\u00a0000 CHF pour un iPhone. Mais nous pouvons imaginer que les prix vont baisser au Black Friday 2026, m\u00eame pour le dernier mod\u00e8le. Vous pourriez donc \u00e9conomiser jusqu&#8217;\u00e0 20\u00a0%. Il est fort probable que vous obtiendrez le meilleur prix jamais obtenu pour l&#8217;iPhone \u00e0 la fin du mois de novembre.<\/p>\n<h2>Samsung\u00a0: des smartphones populaires dot\u00e9s d&#8217;une technologie de pointe<\/h2>\n<p>Si vous \u00eates \u00e0 la recherche d&#8217;un smartphone haut de gamme, dot\u00e9 du syst\u00e8me d&#8217;exploitation Android, vous pouvez facilement trouver certains mod\u00e8les de <a href=\"https:\/\/www.blackfridaydeals.ch\/fr\/shops\/samsung-fr\/\">Samsung<\/a>. Par exemple, le Samsung Galaxy S25 Ultra inspire actuellement de nombreux clients, mais plusieurs clients sont \u00e9galement int\u00e9ress\u00e9s par le Samsung Galaxy S24 dans ses diff\u00e9rentes versions. Les s\u00e9ries Samsung Galaxy A et Samsung Galaxy Z sont \u00e9galement tr\u00e8s populaires aupr\u00e8s des clients.<\/p>\n<p>Comme pour l&#8217;iPhone, vous pouvez rapidement d\u00e9penser plus de 1\u00a0000 CHF pour s\u2019en offrir un. Mais si vous ne voulez pas n\u00e9cessairement le dernier mod\u00e8le, vous pouvez \u00e9conomiser plusieurs centaines de francs. Au Black Friday 2026, on peut imaginer des \u00e9conomies de bien plus de 100 CHF sur les diff\u00e9rents smartphones Samsung.<\/p>\n<h2>Autres smartphones populaires<\/h2>\n<p>Ces derni\u00e8res ann\u00e9es, de plus en plus de nouveaux fabricants sont entr\u00e9s dans la course, proposant des smartphones de haute qualit\u00e9 \u00e0 des prix attractifs. Huawei, par exemple, a d\u00e9j\u00e0 conquis de nombreux clients, notamment avec sa gamme Huawei P. Par ailleurs, de nombreux Suisses choisissent des smartphones de Sony, Xiaomi, LG, One Plus ou d&#8217;autres fabricants. Les smartphones de ces fabricants sont \u00e9galement r\u00e9duits lors du Black Friday 2026. Dans de nombreux cas, vous pouvez vous attendre aux meilleurs prix que vous ne pourrez pas avoir en dehors d\u2019un \u00e9v\u00e9nement commercial sp\u00e9cial.<\/p>\n<p>Vous pouvez \u00e9galement rechercher de bonnes affaires au <a href=\"https:\/\/www.blackfridaydeals.ch\/fr\/cyber-monday\/\">Cyber Monday<\/a>, car la plupart des d\u00e9taillants en \u00e9lectronique c\u00e9l\u00e8brent \u00e9galement cet \u00e9v\u00e9nement. En outre, les fabricants eux-m\u00eames proposent souvent des offres pour des occasions sp\u00e9ciales. Si vous cherchez un nouvel abonnement mobile, vous pouvez \u00e9galement obtenir l&#8217;abonnement et un nouveau smartphone au meilleur prix en novembre.<\/p>\n<h3>Plus d&#8217;articles int\u00e9ressants:<\/h3>\n<ul>\n<li><a href=\"https:\/\/www.blackfridaydeals.ch\/fr\/photos-video-black-friday\/\">Les meilleures affaires en photos et vid\u00e9o au Black Friday 2026<\/a><\/li>\n<li><a href=\"https:\/\/www.blackfridaydeals.ch\/fr\/meilleures-appareils-photos\/\">Les meilleures affaires sur les appareils photos au Black Friday 2026<\/a><\/li>\n<li><a href=\"https:\/\/www.blackfridaydeals.ch\/fr\/fournitures-bureau-black-friday\/\">Les meilleures affaires pour les fournitures de bureau au Black Friday 2026<\/a><\/li>\n<li><a href=\"https:\/\/www.blackfridaydeals.ch\/fr\/montres-connectees-black-friday\/\">Les meilleures affaires sur les montres connect\u00e9es au Black Friday 2026<\/a><\/li>\n<li><a href=\"https:\/\/www.blackfridaydeals.ch\/fr\/offres-jouets-black-friday\/\">Les meilleures offres sur les jouets au Black Friday 2026<\/a><\/li>\n<li><a href=\"https:\/\/www.blackfridaydeals.ch\/fr\/offres-montres-black-friday\/\">Les meilleures offres de montres pour le Black Friday 2026<\/a><\/li>\n<li><a href=\"https:\/\/www.blackfridaydeals.ch\/fr\/beaute-au-black-friday\/\">Les meilleures offres dans le monde de beaut\u00e9 au Black Friday 2026<\/a><\/li>\n<li><a href=\"https:\/\/www.blackfridaydeals.ch\/fr\/offres-de-son-black-friday\/\">Les meilleures offres de Son pendant le Black Friday 2026<\/a><\/li>\n<li><a href=\"https:\/\/www.blackfridaydeals.ch\/fr\/ordinateurs-portables-black-friday\/\">Les meilleures offres sur les ordinateurs portables au Black Friday 2026<\/a><\/li>\n<li><a href=\"https:\/\/www.blackfridaydeals.ch\/fr\/parfum-prix-reduit-black-friday\/\">Comment trouver ce parfum subtil \u00e0 prix r\u00e9duit au Black Friday 2026<\/a><\/li>\n<li><a href=\"https:\/\/www.blackfridaydeals.ch\/fr\/chaussures-au-black-friday\/\">Des chaussures de haute qualit\u00e9 \u00e0 des prix abordables au Black Friday 2026<\/a><\/li>\n<li><a href=\"https:\/\/www.blackfridaydeals.ch\/fr\/black-friday-home-cinema\/\">Les meilleures affaires au Black Friday 2026 sur le Home Cin\u00e9ma<\/a><\/li>\n<li><a href=\"https:\/\/www.blackfridaydeals.ch\/fr\/black-friday-alimentaires\/\">Les meilleures affaires au Black Friday 2026 sur les produits alimentaires et les boissons<\/a><\/li>\n<li><a href=\"https:\/\/www.blackfridaydeals.ch\/fr\/meilleures-meubles-black-friday\/\">Les meilleures affaires sur les meubles au Black Friday 2026<\/a><\/li>\n<li><a href=\"https:\/\/www.blackfridaydeals.ch\/fr\/offres-fitness-black-friday-year\/\">Les meilleures offres de fitness au Black Friday 2026<\/a><\/li>\n<li><a href=\"https:\/\/www.blackfridaydeals.ch\/fr\/pour-le-menage-black-friday\/\">Tout ce qu&#8217;il faut pour le m\u00e9nage au Black Friday 2026<\/a><\/li>\n<li><a href=\"https:\/\/www.blackfridaydeals.ch\/fr\/voyages-vols-hotels-black-friday\/\">Voyages, vols et h\u00f4tels \u00e0 bas prix Black Friday 2026<\/a><\/li>\n<li><a href=\"https:\/\/www.blackfridaydeals.ch\/fr\/offres-de-jeux-video-black-friday\/\">Voici les offres de jeux vid\u00e9o que nous attendons avec impatience au Black Friday 2026<\/a><\/li>\n<\/ul>\n<p>[\/vc_column_text][\/vc_column][\/vc_row]<\/p>\n","protected":false},"excerpt":{"rendered":"<p>[vc_row][vc_column][vc_column_text] De nombreux clients ont certainement programm\u00e9 de s\u2019offrir un nouveau smartphone au Black Friday . Diff\u00e9rentes bonnes raisons pourront nous \u00e9clairer sur cette d\u00e9cision pour le moins dire judicieuse\u00a0: No\u00ebl approche, cela explique pourquoi une armada de Suisses sont en qu\u00eate de cadeaux pour leurs proches. Pour les enfants, les parents ou les conjoints, [&hellip;]<\/p>\n","protected":false},"author":40,"featured_media":98765,"parent":0,"menu_order":0,"comment_status":"closed","ping_status":"closed","template":"","meta":[],"yoast_head":"<!-- This site is optimized with the Yoast SEO plugin v20.5 - https:\/\/yoast.com\/wordpress\/plugins\/seo\/ -->\n<title>Les offres sur les smartphones au Black Friday 2026<\/title>\n<meta name=\"description\" content=\"Toutes les offres et promos sur les t\u00e9l\u00e9phones portables et les smartphones pour le Black Friday 2026. Achetez maintenant et \u00e9conomisez!\" \/>\n<meta name=\"robots\" content=\"noindex, follow\" \/>\n<meta property=\"og:locale\" content=\"fr_FR\" \/>\n<meta property=\"og:type\" content=\"article\" \/>\n<meta property=\"og:title\" content=\"Les offres sur les smartphones au Black Friday 2026\" \/>\n<meta property=\"og:description\" content=\"Toutes les offres et promos sur les t\u00e9l\u00e9phones portables et les smartphones pour le Black Friday 2026. Achetez maintenant et \u00e9conomisez!\" \/>\n<meta property=\"og:url\" content=\"https:\/\/www.blackfridaydeals.ch\/fr\/offres-smartphones-black-friday\/\" \/>\n<meta property=\"og:site_name\" content=\"blackfridaydeals.ch\" \/>\n<meta property=\"article:publisher\" content=\"https:\/\/www.facebook.com\/blackfridaydealsch\/\" \/>\n<meta property=\"article:modified_time\" content=\"2025-02-06T13:41:45+00:00\" \/>\n<meta property=\"og:image\" content=\"https:\/\/www.blackfridaydeals.ch\/wp-content\/uploads\/2025\/02\/iphone.jpg\" \/>\n\t<meta property=\"og:image:width\" content=\"721\" \/>\n\t<meta property=\"og:image:height\" content=\"638\" \/>\n\t<meta property=\"og:image:type\" content=\"image\/jpeg\" \/>\n<meta name=\"twitter:card\" content=\"summary_large_image\" \/>\n<meta name=\"twitter:site\" content=\"@blackfridaych\" \/>\n<meta name=\"twitter:label1\" content=\"Est. reading time\" \/>\n\t<meta name=\"twitter:data1\" content=\"5 minutes\" \/>\n<script type=\"application\/ld+json\" class=\"yoast-schema-graph\">{\"@context\":\"https:\/\/schema.org\",\"@graph\":[{\"@type\":\"WebPage\",\"@id\":\"https:\/\/www.blackfridaydeals.ch\/fr\/offres-smartphones-black-friday\/\",\"url\":\"https:\/\/www.blackfridaydeals.ch\/fr\/offres-smartphones-black-friday\/\",\"name\":\"Les offres sur les smartphones au Black Friday 2026\",\"isPartOf\":{\"@id\":\"https:\/\/www.blackfridaydeals.ch\/fr\/#website\"},\"datePublished\":\"2021-11-02T15:48:09+00:00\",\"dateModified\":\"2025-02-06T13:41:45+00:00\",\"description\":\"Toutes les offres et promos sur les t\u00e9l\u00e9phones portables et les smartphones pour le Black Friday 2026. Achetez maintenant et \u00e9conomisez!\",\"breadcrumb\":{\"@id\":\"https:\/\/www.blackfridaydeals.ch\/fr\/offres-smartphones-black-friday\/#breadcrumb\"},\"inLanguage\":\"fr-CH\",\"potentialAction\":[{\"@type\":\"ReadAction\",\"target\":[\"https:\/\/www.blackfridaydeals.ch\/fr\/offres-smartphones-black-friday\/\"]}]},{\"@type\":\"BreadcrumbList\",\"@id\":\"https:\/\/www.blackfridaydeals.ch\/fr\/offres-smartphones-black-friday\/#breadcrumb\",\"itemListElement\":[{\"@type\":\"ListItem\",\"position\":1,\"name\":\"Startseite\",\"item\":\"https:\/\/www.blackfridaydeals.ch\/fr\/\"},{\"@type\":\"ListItem\",\"position\":2,\"name\":\"Ces offres sur les smartphones seront disponibles au Black Friday\"}]},{\"@type\":\"WebSite\",\"@id\":\"https:\/\/www.blackfridaydeals.ch\/fr\/#website\",\"url\":\"https:\/\/www.blackfridaydeals.ch\/fr\/\",\"name\":\"blackfridaydeals.ch\",\"description\":\"Toutes les offres du Black Friday 2025 en Suisse\",\"publisher\":{\"@id\":\"https:\/\/www.blackfridaydeals.ch\/fr\/#organization\"},\"alternateName\":\"Black Friday Deals\",\"potentialAction\":[{\"@type\":\"SearchAction\",\"target\":{\"@type\":\"EntryPoint\",\"urlTemplate\":\"https:\/\/www.blackfridaydeals.ch\/fr\/?s={search_term_string}\"},\"query-input\":\"required name=search_term_string\"}],\"inLanguage\":\"fr-CH\"},{\"@type\":\"Organization\",\"@id\":\"https:\/\/www.blackfridaydeals.ch\/fr\/#organization\",\"name\":\"blackfridaydeals.ch\",\"alternateName\":\"Black Friday Deals\",\"url\":\"https:\/\/www.blackfridaydeals.ch\/fr\/\",\"logo\":{\"@type\":\"ImageObject\",\"inLanguage\":\"fr-CH\",\"@id\":\"https:\/\/www.blackfridaydeals.ch\/fr\/#\/schema\/logo\/image\/\",\"url\":\"https:\/\/www.blackfridaydeals.ch\/wp-content\/uploads\/2023\/03\/app-icon-white-bg-jpg.jpg\",\"contentUrl\":\"https:\/\/www.blackfridaydeals.ch\/wp-content\/uploads\/2023\/03\/app-icon-white-bg-jpg.jpg\",\"width\":512,\"height\":512,\"caption\":\"blackfridaydeals.ch\"},\"image\":{\"@id\":\"https:\/\/www.blackfridaydeals.ch\/fr\/#\/schema\/logo\/image\/\"},\"sameAs\":[\"https:\/\/www.facebook.com\/blackfridaydealsch\/\",\"https:\/\/twitter.com\/blackfridaych\",\"https:\/\/www.youtube.com\/channel\/UCNKXHacMw8AS34mBgzVx3FQ\",\"https:\/\/www.instagram.com\/blackfridaydeals.ch\/\"]}]}<\/script>\n<!-- \/ Yoast SEO plugin. -->","yoast_head_json":{"title":"Les offres sur les smartphones au Black Friday 2026","description":"Toutes les offres et promos sur les t\u00e9l\u00e9phones portables et les smartphones pour le Black Friday 2026. Achetez maintenant et \u00e9conomisez!","robots":{"index":"noindex","follow":"follow"},"og_locale":"fr_FR","og_type":"article","og_title":"Les offres sur les smartphones au Black Friday 2026","og_description":"Toutes les offres et promos sur les t\u00e9l\u00e9phones portables et les smartphones pour le Black Friday 2026. Achetez maintenant et \u00e9conomisez!","og_url":"https:\/\/www.blackfridaydeals.ch\/fr\/offres-smartphones-black-friday\/","og_site_name":"blackfridaydeals.ch","article_publisher":"https:\/\/www.facebook.com\/blackfridaydealsch\/","article_modified_time":"2025-02-06T13:41:45+00:00","og_image":[{"width":721,"height":638,"url":"https:\/\/www.blackfridaydeals.ch\/wp-content\/uploads\/2025\/02\/iphone.jpg","type":"image\/jpeg"}],"twitter_card":"summary_large_image","twitter_site":"@blackfridaych","twitter_misc":{"Est. reading time":"5 minutes"},"schema":{"@context":"https:\/\/schema.org","@graph":[{"@type":"WebPage","@id":"https:\/\/www.blackfridaydeals.ch\/fr\/offres-smartphones-black-friday\/","url":"https:\/\/www.blackfridaydeals.ch\/fr\/offres-smartphones-black-friday\/","name":"Les offres sur les smartphones au Black Friday 2026","isPartOf":{"@id":"https:\/\/www.blackfridaydeals.ch\/fr\/#website"},"datePublished":"2021-11-02T15:48:09+00:00","dateModified":"2025-02-06T13:41:45+00:00","description":"Toutes les offres et promos sur les t\u00e9l\u00e9phones portables et les smartphones pour le Black Friday 2026. Achetez maintenant et \u00e9conomisez!","breadcrumb":{"@id":"https:\/\/www.blackfridaydeals.ch\/fr\/offres-smartphones-black-friday\/#breadcrumb"},"inLanguage":"fr-CH","potentialAction":[{"@type":"ReadAction","target":["https:\/\/www.blackfridaydeals.ch\/fr\/offres-smartphones-black-friday\/"]}]},{"@type":"BreadcrumbList","@id":"https:\/\/www.blackfridaydeals.ch\/fr\/offres-smartphones-black-friday\/#breadcrumb","itemListElement":[{"@type":"ListItem","position":1,"name":"Startseite","item":"https:\/\/www.blackfridaydeals.ch\/fr\/"},{"@type":"ListItem","position":2,"name":"Ces offres sur les smartphones seront disponibles au Black Friday"}]},{"@type":"WebSite","@id":"https:\/\/www.blackfridaydeals.ch\/fr\/#website","url":"https:\/\/www.blackfridaydeals.ch\/fr\/","name":"blackfridaydeals.ch","description":"Toutes les offres du Black Friday 2025 en Suisse","publisher":{"@id":"https:\/\/www.blackfridaydeals.ch\/fr\/#organization"},"alternateName":"Black Friday Deals","potentialAction":[{"@type":"SearchAction","target":{"@type":"EntryPoint","urlTemplate":"https:\/\/www.blackfridaydeals.ch\/fr\/?s={search_term_string}"},"query-input":"required name=search_term_string"}],"inLanguage":"fr-CH"},{"@type":"Organization","@id":"https:\/\/www.blackfridaydeals.ch\/fr\/#organization","name":"blackfridaydeals.ch","alternateName":"Black Friday Deals","url":"https:\/\/www.blackfridaydeals.ch\/fr\/","logo":{"@type":"ImageObject","inLanguage":"fr-CH","@id":"https:\/\/www.blackfridaydeals.ch\/fr\/#\/schema\/logo\/image\/","url":"https:\/\/www.blackfridaydeals.ch\/wp-content\/uploads\/2023\/03\/app-icon-white-bg-jpg.jpg","contentUrl":"https:\/\/www.blackfridaydeals.ch\/wp-content\/uploads\/2023\/03\/app-icon-white-bg-jpg.jpg","width":512,"height":512,"caption":"blackfridaydeals.ch"},"image":{"@id":"https:\/\/www.blackfridaydeals.ch\/fr\/#\/schema\/logo\/image\/"},"sameAs":["https:\/\/www.facebook.com\/blackfridaydealsch\/","https:\/\/twitter.com\/blackfridaych","https:\/\/www.youtube.com\/channel\/UCNKXHacMw8AS34mBgzVx3FQ","https:\/\/www.instagram.com\/blackfridaydeals.ch\/"]}]}},"_links":{"self":[{"href":"https:\/\/www.blackfridaydeals.ch\/fr\/wp-json\/wp\/v2\/pages\/38770"}],"collection":[{"href":"https:\/\/www.blackfridaydeals.ch\/fr\/wp-json\/wp\/v2\/pages"}],"about":[{"href":"https:\/\/www.blackfridaydeals.ch\/fr\/wp-json\/wp\/v2\/types\/page"}],"author":[{"embeddable":true,"href":"https:\/\/www.blackfridaydeals.ch\/fr\/wp-json\/wp\/v2\/users\/40"}],"replies":[{"embeddable":true,"href":"https:\/\/www.blackfridaydeals.ch\/fr\/wp-json\/wp\/v2\/comments?post=38770"}],"version-history":[{"count":14,"href":"https:\/\/www.blackfridaydeals.ch\/fr\/wp-json\/wp\/v2\/pages\/38770\/revisions"}],"predecessor-version":[{"id":98769,"href":"https:\/\/www.blackfridaydeals.ch\/fr\/wp-json\/wp\/v2\/pages\/38770\/revisions\/98769"}],"wp:featuredmedia":[{"embeddable":true,"href":"https:\/\/www.blackfridaydeals.ch\/fr\/wp-json\/wp\/v2\/media\/98765"}],"wp:attachment":[{"href":"https:\/\/www.blackfridaydeals.ch\/fr\/wp-json\/wp\/v2\/media?parent=38770"}],"curies":[{"name":"wp","href":"https:\/\/api.w.org\/{rel}","templated":true}]}}