{"id":38215,"date":"2021-10-27T10:18:34","date_gmt":"2021-10-27T08:18:34","guid":{"rendered":"https:\/\/www.blackfridaydeals.ch\/?page_id=38215"},"modified":"2025-02-07T16:47:26","modified_gmt":"2025-02-07T15:47:26","slug":"nouvelle-cuisine-black-friday","status":"publish","type":"page","link":"https:\/\/www.blackfridaydeals.ch\/fr\/nouvelle-cuisine-black-friday\/","title":{"rendered":"Une nouvelle cuisine \u00e0 prix avantageux au Black Friday"},"content":{"rendered":"<p>[vc_row][vc_column]\n[vc_column_text]<\/p>\n<p style=\"text-align: center;\"><img decoding=\"async\" class=\"alignright size-medium wp-image-37309\" src=\"https:\/\/www.blackfridaydeals.ch\/wp-content\/uploads\/2021\/10\/kitchen-gcb5534617_1920-300x199.jpg\" alt=\"\" width=\"300\" height=\"199\" srcset=\"https:\/\/www.blackfridaydeals.ch\/wp-content\/uploads\/2021\/10\/kitchen-gcb5534617_1920-300x199.jpg 300w, https:\/\/www.blackfridaydeals.ch\/wp-content\/uploads\/2021\/10\/kitchen-gcb5534617_1920-1024x678.jpg 1024w, https:\/\/www.blackfridaydeals.ch\/wp-content\/uploads\/2021\/10\/kitchen-gcb5534617_1920-767x508.jpg 767w, https:\/\/www.blackfridaydeals.ch\/wp-content\/uploads\/2021\/10\/kitchen-gcb5534617_1920-1536x1017.jpg 1536w, https:\/\/www.blackfridaydeals.ch\/wp-content\/uploads\/2021\/10\/kitchen-gcb5534617_1920-2048x1356.jpg 2048w, https:\/\/www.blackfridaydeals.ch\/wp-content\/uploads\/2021\/10\/kitchen-gcb5534617_1920-788x521.jpg 788w, https:\/\/www.blackfridaydeals.ch\/wp-content\/uploads\/2021\/10\/kitchen-gcb5534617_1920-150x99.jpg 150w, https:\/\/www.blackfridaydeals.ch\/wp-content\/uploads\/2021\/10\/kitchen-gcb5534617_1920.jpg 1920w\" sizes=\"(max-width: 300px) 100vw, 300px\" \/><a href=\"https:\/\/www.blackfridaydeals.ch\/fr\/home-living\/\" target=\"_blank\" style=\"border-radius:5px\" class=\"wpsm-button btncolor medium rehub_btn_color\"><i class=\"rhicon rhi-none\"><\/i>Afficher tous les deals logement<\/a><\/p>\n<p>Acheter une nouvelle cuisine repr\u00e9sente un budget cons\u00e9quent, m\u00eame si vous vous limitez \u00e0 l&#8217;essentiel. C&#8217;est pourquoi de nombreux Suisses sont toujours \u00e0 l&#8217;aff\u00fbt esp\u00e9rant tomber sur des offres de r\u00e9duction sur les cuisines. Le <a href=\"https:\/\/www.blackfridaydeals.ch\/fr\/\">Black Friday<\/a> 2026 pr\u00e9sente une belle opportunit\u00e9\u00a0: qu&#8217;il s&#8217;agisse d&#8217;une cuisini\u00e8re, d&#8217;une casserole ou d&#8217;un autre ustensile, tout ce dont vous avez besoin pour la cuisine peut \u00eatre trouv\u00e9 \u00e0 prix r\u00e9duit. En voil\u00e0 aper\u00e7u des bonnes affaires dans ce domaine.<\/p>\n<h2>Les remises dans les magasins de meubles au Black Friday 2026<\/h2>\n<p>Au Black Friday 2026, vous pouvez vous attendre \u00e0 des remises importantes chez de nombreux d\u00e9taillants de meubles. Bien entendu, la cuisine n\u2019en est pas exclue. Vous pouvez donc obtenir une r\u00e9duction sur tout ce qui concerne la cuisine, et cela va des armoires aux cuisini\u00e8res et aux robinets.<\/p>\n<p>Les meilleures chances d&#8217;obtenir des remises importantes, c&#8217;est lorsque le d\u00e9taillant de meubles opte pour une remise par cat\u00e9gorie. Cela permettra de r\u00e9aliser des \u00e9conomies importantes sur une partie de la gamme. Si un magasin s\u00e9lectionne les cuisines comme cat\u00e9gorie, vous pourriez obtenir votre nouvelle cuisine \u00e0 un prix avantageux. Ici, on peut tr\u00e8s bien imaginer une r\u00e9duction d\u2019environ 30 %, peut-\u00eatre m\u00eame de 40 %. Avec une cuisine qui co\u00fbte au bas mot plus de 1 000 francs, vous pourrez quand m\u00eame \u00e9conomiser plusieurs centaines de francs.<\/p>\n<p>Mais il n&#8217;est pas du tout acquis qu&#8217;un d\u00e9taillant de meubles pr\u00e9voie un rabais sur la cat\u00e9gorie des cuisines. De m\u00eame, <a href=\"https:\/\/www.blackfridaydeals.ch\/fr\/shops\/ikea-fr\/\">Ikea<\/a> et ses concurrents n\u2019opteront certainement que pour une remise forfaitaire sur tout ou alors pour des soldes.<\/p>\n<h2>Pots, couverts et vaisselle \u00e0 des prix avantageux<\/h2>\n<p>Dans une cuisine, on trouve bien s\u00fbr des ustensiles pour cuisiner et manger. Que vous recherchiez un wok ou un bol \u00e0 c\u00e9r\u00e9ales, ceux-ci seront \u00e9galement vendus \u00e0 prix r\u00e9duits au Black Friday 2026.<\/p>\n<p>Dans ce cas, une remise forfaitaire sur les ustensiles de cuisine et de table est la formule la plus avantageuse. Vous pourriez meubler vos armoires avec une telle offre chez Cornelia ou dans un grand magasin de meubles. Le seul hic peut-\u00eatre c\u2019est que la remise est un peu plus faible en comparaison d\u2019une remise par cat\u00e9gorie. En r\u00e9alit\u00e9, avec un rabais g\u00e9n\u00e9ral sur tout au Black Friday 2026, vous \u00e9conomisez g\u00e9n\u00e9ralement environ 20\u00a0%. Ces derni\u00e8res ann\u00e9es, certains magasins ont \u00e9galement opt\u00e9 pour un taux de 30\u00a0%.<\/p>\n<h2>Faites le plein d&#8217;ingr\u00e9dients de haute qualit\u00e9 \u00e0 bas prix<\/h2>\n<p>En plus de l&#8217;espace de stockage, de la technologie et des ustensiles, vous avez naturellement besoin d&#8217;ingr\u00e9dients dans la cuisine. La plupart des Suisses font leurs courses au supermarch\u00e9 du coin, mais vous pouvez aussi acheter en ligne au supermarch\u00e9 ou opter pour une charcuterie. De <a href=\"https:\/\/www.blackfridaydeals.ch\/fr\/shops\/migros-fr\/\">Migros<\/a> \u00e0 <a href=\"https:\/\/www.blackfridaydeals.ch\/fr\/shops\/fust-fr\/\">fust.ch<\/a>, vous pouvez donc vous attendre \u00e0 un large choix d&#8217;ingr\u00e9dients de haute qualit\u00e9.<\/p>\n<p>Dans ce segment, nous pensons que les soldes sont le sc\u00e9nario le plus probable pour le Black Friday 2026. Cela permettrait aux magasins de s\u00e9lectionner les articles individuels qui suscitent l&#8217;int\u00e9r\u00eat de nombreux clients, comme les produits de base ou les friandises rares. Avec cette offre, vous pourriez alors obtenir des p\u00e2tes et du riz, mais aussi des m\u00e9langes d&#8217;\u00e9pices exquis et du champagne au moindre prix. Des r\u00e9ductions allant jusqu&#8217;\u00e0 70\u00a0% sont possibles. Avec un peu de chance, vous pourrez \u00e9galement b\u00e9n\u00e9ficier d&#8217;offres au <a href=\"https:\/\/www.blackfridaydeals.ch\/fr\/singles-day\/\">Singles Day<\/a> et au <a href=\"https:\/\/www.blackfridaydeals.ch\/fr\/cyber-monday\/\">Cyber Monday<\/a>. Alors, ne perdez pas de vue ces \u00e9v\u00e9nements commerciaux qui commencent \u00e0 prendre de l\u2019ampleur en Suisse\u00a0!<\/p>\n<h3>Plus d&#8217;articles int\u00e9ressants:<\/h3>\n<ul>\n<li><a href=\"https:\/\/www.blackfridaydeals.ch\/fr\/photos-video-black-friday\/\">Les meilleures affaires en photos et vid\u00e9o au Black Friday 2026<\/a><\/li>\n<li><a href=\"https:\/\/www.blackfridaydeals.ch\/fr\/meilleures-appareils-photos\/\">Les meilleures affaires sur les appareils photos au Black Friday 2026<\/a><\/li>\n<li><a href=\"https:\/\/www.blackfridaydeals.ch\/fr\/fournitures-bureau-black-friday\/\">Les meilleures affaires pour les fournitures de bureau au Black Friday 2026<\/a><\/li>\n<li><a href=\"https:\/\/www.blackfridaydeals.ch\/fr\/montres-connectees-black-friday\/\">Les meilleures affaires sur les montres connect\u00e9es au Black Friday 2026<\/a><\/li>\n<li><a href=\"https:\/\/www.blackfridaydeals.ch\/fr\/offres-jouets-black-friday\/\">Les meilleures offres sur les jouets au Black Friday 2026<\/a><\/li>\n<li><a href=\"https:\/\/www.blackfridaydeals.ch\/fr\/offres-montres-black-friday\/\">Les meilleures offres de montres pour le Black Friday 2026<\/a><\/li>\n<li><a href=\"https:\/\/www.blackfridaydeals.ch\/fr\/beaute-au-black-friday\/\">Les meilleures offres dans le monde de beaut\u00e9 au Black Friday 2026<\/a><\/li>\n<li><a href=\"https:\/\/www.blackfridaydeals.ch\/fr\/offres-de-son-black-friday\/\">Les meilleures offres de Son pendant le Black Friday 2026<\/a><\/li>\n<li><a href=\"https:\/\/www.blackfridaydeals.ch\/fr\/ordinateurs-portables-black-friday\/\">Les meilleures offres sur les ordinateurs portables au Black Friday 2026<\/a><\/li>\n<li><a href=\"https:\/\/www.blackfridaydeals.ch\/fr\/offres-smartphones-black-friday\/\">Ces offres sur les smartphones seront disponibles au Black Friday 2026<\/a><\/li>\n<li><a href=\"https:\/\/www.blackfridaydeals.ch\/fr\/parfum-prix-reduit-black-friday\/\">Comment trouver ce parfum subtil \u00e0 prix r\u00e9duit au Black Friday 2026<\/a><\/li>\n<li><a href=\"https:\/\/www.blackfridaydeals.ch\/fr\/chaussures-au-black-friday\/\">Des chaussures de haute qualit\u00e9 \u00e0 des prix abordables au Black Friday 2026<\/a><\/li>\n<li><a href=\"https:\/\/www.blackfridaydeals.ch\/fr\/black-friday-home-cinema\/\">Les meilleures affaires au Black Friday 2026 sur le Home Cin\u00e9ma<\/a><\/li>\n<li><a href=\"https:\/\/www.blackfridaydeals.ch\/fr\/black-friday-alimentaires\/\">Les meilleures affaires au Black Friday 2026 sur les produits alimentaires et les boissons<\/a><\/li>\n<li><a href=\"https:\/\/www.blackfridaydeals.ch\/fr\/meilleures-meubles-black-friday\/\">Les meilleures affaires sur les meubles au Black Friday 2026<\/a><\/li>\n<li><a href=\"https:\/\/www.blackfridaydeals.ch\/fr\/offres-fitness-black-friday-year\/\">Les meilleures offres de fitness au Black Friday 2026<\/a><\/li>\n<li><a href=\"https:\/\/www.blackfridaydeals.ch\/fr\/pour-le-menage-black-friday\/\">Tout ce qu&#8217;il faut pour le m\u00e9nage au Black Friday 2026<\/a><\/li>\n<li><a href=\"https:\/\/www.blackfridaydeals.ch\/fr\/voyages-vols-hotels-black-friday\/\">Voyages, vols et h\u00f4tels \u00e0 bas prix Black Friday 2026<\/a><\/li>\n<li><a href=\"https:\/\/www.blackfridaydeals.ch\/fr\/offres-de-jeux-video-black-friday\/\">Voici les offres de jeux vid\u00e9o que nous attendons avec impatience au Black Friday 2026<\/a><\/li>\n<\/ul>\n<p>[\/vc_column_text][\/vc_column][\/vc_row]<\/p>\n","protected":false},"excerpt":{"rendered":"<p>[vc_row][vc_column][vc_column_text] Acheter une nouvelle cuisine repr\u00e9sente un budget cons\u00e9quent, m\u00eame si vous vous limitez \u00e0 l&#8217;essentiel. C&#8217;est pourquoi de nombreux Suisses sont toujours \u00e0 l&#8217;aff\u00fbt esp\u00e9rant tomber sur des offres de r\u00e9duction sur les cuisines. Le Black Friday pr\u00e9sente une belle opportunit\u00e9\u00a0: qu&#8217;il s&#8217;agisse d&#8217;une cuisini\u00e8re, d&#8217;une casserole ou d&#8217;un autre ustensile, tout ce dont [&hellip;]<\/p>\n","protected":false},"author":40,"featured_media":37309,"parent":0,"menu_order":0,"comment_status":"closed","ping_status":"closed","template":"","meta":[],"yoast_head":"<!-- This site is optimized with the Yoast SEO plugin v20.5 - https:\/\/yoast.com\/wordpress\/plugins\/seo\/ -->\n<title>Une nouvelle cuisine \u00e0 prix avantageux au Black Friday 2026<\/title>\n<meta name=\"description\" content=\"Cuisine : les offres du Black Friday 2026 Ici vous trouverez toutes les offres Black Friday dans l\u2019univers de cuisine.\" \/>\n<meta name=\"robots\" content=\"index, follow, max-snippet:-1, max-image-preview:large, max-video-preview:-1\" \/>\n<link rel=\"canonical\" href=\"https:\/\/www.blackfridaydeals.ch\/fr\/nouvelle-cuisine-black-friday\/\" \/>\n<meta property=\"og:locale\" content=\"fr_FR\" \/>\n<meta property=\"og:type\" content=\"article\" \/>\n<meta property=\"og:title\" content=\"Une nouvelle cuisine \u00e0 prix avantageux au Black Friday 2026\" \/>\n<meta property=\"og:description\" content=\"Cuisine : les offres du Black Friday 2026 Ici vous trouverez toutes les offres Black Friday dans l\u2019univers de cuisine.\" \/>\n<meta property=\"og:url\" content=\"https:\/\/www.blackfridaydeals.ch\/fr\/nouvelle-cuisine-black-friday\/\" \/>\n<meta property=\"og:site_name\" content=\"blackfridaydeals.ch\" \/>\n<meta property=\"article:publisher\" content=\"https:\/\/www.facebook.com\/blackfridaydealsch\/\" \/>\n<meta property=\"article:modified_time\" content=\"2025-02-07T15:47:26+00:00\" \/>\n<meta property=\"og:image\" content=\"https:\/\/www.blackfridaydeals.ch\/wp-content\/uploads\/2021\/10\/kitchen-gcb5534617_1920.jpg\" \/>\n\t<meta property=\"og:image:width\" content=\"1920\" \/>\n\t<meta property=\"og:image:height\" content=\"1271\" \/>\n\t<meta property=\"og:image:type\" content=\"image\/jpeg\" \/>\n<meta name=\"twitter:card\" content=\"summary_large_image\" \/>\n<meta name=\"twitter:site\" content=\"@blackfridaych\" \/>\n<meta name=\"twitter:label1\" content=\"Est. reading time\" \/>\n\t<meta name=\"twitter:data1\" content=\"5 minutes\" \/>\n<script type=\"application\/ld+json\" class=\"yoast-schema-graph\">{\"@context\":\"https:\/\/schema.org\",\"@graph\":[{\"@type\":\"WebPage\",\"@id\":\"https:\/\/www.blackfridaydeals.ch\/fr\/nouvelle-cuisine-black-friday\/\",\"url\":\"https:\/\/www.blackfridaydeals.ch\/fr\/nouvelle-cuisine-black-friday\/\",\"name\":\"Une nouvelle cuisine \u00e0 prix avantageux au Black Friday 2026\",\"isPartOf\":{\"@id\":\"https:\/\/www.blackfridaydeals.ch\/fr\/#website\"},\"datePublished\":\"2021-10-27T08:18:34+00:00\",\"dateModified\":\"2025-02-07T15:47:26+00:00\",\"description\":\"Cuisine : les offres du Black Friday 2026 Ici vous trouverez toutes les offres Black Friday dans l\u2019univers de cuisine.\",\"breadcrumb\":{\"@id\":\"https:\/\/www.blackfridaydeals.ch\/fr\/nouvelle-cuisine-black-friday\/#breadcrumb\"},\"inLanguage\":\"fr-CH\",\"potentialAction\":[{\"@type\":\"ReadAction\",\"target\":[\"https:\/\/www.blackfridaydeals.ch\/fr\/nouvelle-cuisine-black-friday\/\"]}]},{\"@type\":\"BreadcrumbList\",\"@id\":\"https:\/\/www.blackfridaydeals.ch\/fr\/nouvelle-cuisine-black-friday\/#breadcrumb\",\"itemListElement\":[{\"@type\":\"ListItem\",\"position\":1,\"name\":\"Startseite\",\"item\":\"https:\/\/www.blackfridaydeals.ch\/fr\/\"},{\"@type\":\"ListItem\",\"position\":2,\"name\":\"Une nouvelle cuisine \u00e0 prix avantageux au Black Friday\"}]},{\"@type\":\"WebSite\",\"@id\":\"https:\/\/www.blackfridaydeals.ch\/fr\/#website\",\"url\":\"https:\/\/www.blackfridaydeals.ch\/fr\/\",\"name\":\"blackfridaydeals.ch\",\"description\":\"Toutes les offres du Black Friday 2025 en Suisse\",\"publisher\":{\"@id\":\"https:\/\/www.blackfridaydeals.ch\/fr\/#organization\"},\"alternateName\":\"Black Friday Deals\",\"potentialAction\":[{\"@type\":\"SearchAction\",\"target\":{\"@type\":\"EntryPoint\",\"urlTemplate\":\"https:\/\/www.blackfridaydeals.ch\/fr\/?s={search_term_string}\"},\"query-input\":\"required name=search_term_string\"}],\"inLanguage\":\"fr-CH\"},{\"@type\":\"Organization\",\"@id\":\"https:\/\/www.blackfridaydeals.ch\/fr\/#organization\",\"name\":\"blackfridaydeals.ch\",\"alternateName\":\"Black Friday Deals\",\"url\":\"https:\/\/www.blackfridaydeals.ch\/fr\/\",\"logo\":{\"@type\":\"ImageObject\",\"inLanguage\":\"fr-CH\",\"@id\":\"https:\/\/www.blackfridaydeals.ch\/fr\/#\/schema\/logo\/image\/\",\"url\":\"https:\/\/www.blackfridaydeals.ch\/wp-content\/uploads\/2023\/03\/app-icon-white-bg-jpg.jpg\",\"contentUrl\":\"https:\/\/www.blackfridaydeals.ch\/wp-content\/uploads\/2023\/03\/app-icon-white-bg-jpg.jpg\",\"width\":512,\"height\":512,\"caption\":\"blackfridaydeals.ch\"},\"image\":{\"@id\":\"https:\/\/www.blackfridaydeals.ch\/fr\/#\/schema\/logo\/image\/\"},\"sameAs\":[\"https:\/\/www.facebook.com\/blackfridaydealsch\/\",\"https:\/\/twitter.com\/blackfridaych\",\"https:\/\/www.youtube.com\/channel\/UCNKXHacMw8AS34mBgzVx3FQ\",\"https:\/\/www.instagram.com\/blackfridaydeals.ch\/\"]}]}<\/script>\n<!-- \/ Yoast SEO plugin. -->","yoast_head_json":{"title":"Une nouvelle cuisine \u00e0 prix avantageux au Black Friday 2026","description":"Cuisine : les offres du Black Friday 2026 Ici vous trouverez toutes les offres Black Friday dans l\u2019univers de cuisine.","robots":{"index":"index","follow":"follow","max-snippet":"max-snippet:-1","max-image-preview":"max-image-preview:large","max-video-preview":"max-video-preview:-1"},"canonical":"https:\/\/www.blackfridaydeals.ch\/fr\/nouvelle-cuisine-black-friday\/","og_locale":"fr_FR","og_type":"article","og_title":"Une nouvelle cuisine \u00e0 prix avantageux au Black Friday 2026","og_description":"Cuisine : les offres du Black Friday 2026 Ici vous trouverez toutes les offres Black Friday dans l\u2019univers de cuisine.","og_url":"https:\/\/www.blackfridaydeals.ch\/fr\/nouvelle-cuisine-black-friday\/","og_site_name":"blackfridaydeals.ch","article_publisher":"https:\/\/www.facebook.com\/blackfridaydealsch\/","article_modified_time":"2025-02-07T15:47:26+00:00","og_image":[{"width":1920,"height":1271,"url":"https:\/\/www.blackfridaydeals.ch\/wp-content\/uploads\/2021\/10\/kitchen-gcb5534617_1920.jpg","type":"image\/jpeg"}],"twitter_card":"summary_large_image","twitter_site":"@blackfridaych","twitter_misc":{"Est. reading time":"5 minutes"},"schema":{"@context":"https:\/\/schema.org","@graph":[{"@type":"WebPage","@id":"https:\/\/www.blackfridaydeals.ch\/fr\/nouvelle-cuisine-black-friday\/","url":"https:\/\/www.blackfridaydeals.ch\/fr\/nouvelle-cuisine-black-friday\/","name":"Une nouvelle cuisine \u00e0 prix avantageux au Black Friday 2026","isPartOf":{"@id":"https:\/\/www.blackfridaydeals.ch\/fr\/#website"},"datePublished":"2021-10-27T08:18:34+00:00","dateModified":"2025-02-07T15:47:26+00:00","description":"Cuisine : les offres du Black Friday 2026 Ici vous trouverez toutes les offres Black Friday dans l\u2019univers de cuisine.","breadcrumb":{"@id":"https:\/\/www.blackfridaydeals.ch\/fr\/nouvelle-cuisine-black-friday\/#breadcrumb"},"inLanguage":"fr-CH","potentialAction":[{"@type":"ReadAction","target":["https:\/\/www.blackfridaydeals.ch\/fr\/nouvelle-cuisine-black-friday\/"]}]},{"@type":"BreadcrumbList","@id":"https:\/\/www.blackfridaydeals.ch\/fr\/nouvelle-cuisine-black-friday\/#breadcrumb","itemListElement":[{"@type":"ListItem","position":1,"name":"Startseite","item":"https:\/\/www.blackfridaydeals.ch\/fr\/"},{"@type":"ListItem","position":2,"name":"Une nouvelle cuisine \u00e0 prix avantageux au Black Friday"}]},{"@type":"WebSite","@id":"https:\/\/www.blackfridaydeals.ch\/fr\/#website","url":"https:\/\/www.blackfridaydeals.ch\/fr\/","name":"blackfridaydeals.ch","description":"Toutes les offres du Black Friday 2025 en Suisse","publisher":{"@id":"https:\/\/www.blackfridaydeals.ch\/fr\/#organization"},"alternateName":"Black Friday Deals","potentialAction":[{"@type":"SearchAction","target":{"@type":"EntryPoint","urlTemplate":"https:\/\/www.blackfridaydeals.ch\/fr\/?s={search_term_string}"},"query-input":"required name=search_term_string"}],"inLanguage":"fr-CH"},{"@type":"Organization","@id":"https:\/\/www.blackfridaydeals.ch\/fr\/#organization","name":"blackfridaydeals.ch","alternateName":"Black Friday Deals","url":"https:\/\/www.blackfridaydeals.ch\/fr\/","logo":{"@type":"ImageObject","inLanguage":"fr-CH","@id":"https:\/\/www.blackfridaydeals.ch\/fr\/#\/schema\/logo\/image\/","url":"https:\/\/www.blackfridaydeals.ch\/wp-content\/uploads\/2023\/03\/app-icon-white-bg-jpg.jpg","contentUrl":"https:\/\/www.blackfridaydeals.ch\/wp-content\/uploads\/2023\/03\/app-icon-white-bg-jpg.jpg","width":512,"height":512,"caption":"blackfridaydeals.ch"},"image":{"@id":"https:\/\/www.blackfridaydeals.ch\/fr\/#\/schema\/logo\/image\/"},"sameAs":["https:\/\/www.facebook.com\/blackfridaydealsch\/","https:\/\/twitter.com\/blackfridaych","https:\/\/www.youtube.com\/channel\/UCNKXHacMw8AS34mBgzVx3FQ","https:\/\/www.instagram.com\/blackfridaydeals.ch\/"]}]}},"_links":{"self":[{"href":"https:\/\/www.blackfridaydeals.ch\/fr\/wp-json\/wp\/v2\/pages\/38215"}],"collection":[{"href":"https:\/\/www.blackfridaydeals.ch\/fr\/wp-json\/wp\/v2\/pages"}],"about":[{"href":"https:\/\/www.blackfridaydeals.ch\/fr\/wp-json\/wp\/v2\/types\/page"}],"author":[{"embeddable":true,"href":"https:\/\/www.blackfridaydeals.ch\/fr\/wp-json\/wp\/v2\/users\/40"}],"replies":[{"embeddable":true,"href":"https:\/\/www.blackfridaydeals.ch\/fr\/wp-json\/wp\/v2\/comments?post=38215"}],"version-history":[{"count":13,"href":"https:\/\/www.blackfridaydeals.ch\/fr\/wp-json\/wp\/v2\/pages\/38215\/revisions"}],"predecessor-version":[{"id":74532,"href":"https:\/\/www.blackfridaydeals.ch\/fr\/wp-json\/wp\/v2\/pages\/38215\/revisions\/74532"}],"wp:featuredmedia":[{"embeddable":true,"href":"https:\/\/www.blackfridaydeals.ch\/fr\/wp-json\/wp\/v2\/media\/37309"}],"wp:attachment":[{"href":"https:\/\/www.blackfridaydeals.ch\/fr\/wp-json\/wp\/v2\/media?parent=38215"}],"curies":[{"name":"wp","href":"https:\/\/api.w.org\/{rel}","templated":true}]}}