{"id":38210,"date":"2021-10-27T10:11:49","date_gmt":"2021-10-27T08:11:49","guid":{"rendered":"https:\/\/www.blackfridaydeals.ch\/?page_id=38210"},"modified":"2025-02-07T14:59:47","modified_gmt":"2025-02-07T13:59:47","slug":"offres-de-son-black-friday","status":"publish","type":"page","link":"https:\/\/www.blackfridaydeals.ch\/fr\/offres-de-son-black-friday\/","title":{"rendered":"Les meilleures offres de Son pendant le Black Friday"},"content":{"rendered":"<p>[vc_row][vc_column]\n[vc_column_text]<\/p>\n<p style=\"text-align: center;\"><img decoding=\"async\" class=\"alignright size-medium wp-image-37344\" src=\"https:\/\/www.blackfridaydeals.ch\/wp-content\/uploads\/2021\/10\/electronics-g3d4e026bb_1280-300x169.jpg\" alt=\"\" width=\"300\" height=\"169\" srcset=\"https:\/\/www.blackfridaydeals.ch\/wp-content\/uploads\/2021\/10\/electronics-g3d4e026bb_1280-300x169.jpg 300w, https:\/\/www.blackfridaydeals.ch\/wp-content\/uploads\/2021\/10\/electronics-g3d4e026bb_1280-1024x576.jpg 1024w, https:\/\/www.blackfridaydeals.ch\/wp-content\/uploads\/2021\/10\/electronics-g3d4e026bb_1280-768x432.jpg 768w, https:\/\/www.blackfridaydeals.ch\/wp-content\/uploads\/2021\/10\/electronics-g3d4e026bb_1280-1536x864.jpg 1536w, https:\/\/www.blackfridaydeals.ch\/wp-content\/uploads\/2021\/10\/electronics-g3d4e026bb_1280-2048x1152.jpg 2048w, https:\/\/www.blackfridaydeals.ch\/wp-content\/uploads\/2021\/10\/electronics-g3d4e026bb_1280-788x443.jpg 788w, https:\/\/www.blackfridaydeals.ch\/wp-content\/uploads\/2021\/10\/electronics-g3d4e026bb_1280-150x84.jpg 150w, https:\/\/www.blackfridaydeals.ch\/wp-content\/uploads\/2021\/10\/electronics-g3d4e026bb_1280.jpg 1280w\" sizes=\"(max-width: 300px) 100vw, 300px\" \/><br \/>\n<a href=\"https:\/\/www.blackfridaydeals.ch\/fr\/electronique-divertissement\/\" target=\"_blank\" style=\"border-radius:5px\" class=\"wpsm-button btncolor medium rehub_btn_color\"><i class=\"rhicon rhi-none\"><\/i>Afficher tous les deals \u00e9lectroniques<\/a><\/p>\n<p>Si vous \u00eates en qu\u00eate d\u2019une excellente qualit\u00e9 audio, vous serez sans doute ravi de pouvoir acqu\u00e9rir de nouvelles enceintes ou de nouveaux \u00e9couteurs \u00e0 un tarif r\u00e9duit. Les \u00e9quipements des grandes marques peuvent se r\u00e9v\u00e9ler co\u00fbteux, mais la bonne nouvelle est que de nombreux magasins proposent des baisses de prix \u00e0 l\u2019approche des f\u00eates de fin d\u2019ann\u00e9e, notamment lors du <a href=\"https:\/\/www.blackfridaydeals.ch\/fr\/\">Black Friday<\/a>. Voici quelques exemples de bonnes affaires que vous pourriez trouver dans l\u2019univers du son :<\/p>\n<h2>Profitez des films avec un syst\u00e8me home cin\u00e9ma<\/h2>\n<p>Vous r\u00eavez de vous immerger pleinement dans vos s\u00e9ries et films pr\u00e9f\u00e9r\u00e9s, comme si vous \u00e9tiez au cin\u00e9ma ? Miser sur un syst\u00e8me home cin\u00e9ma de qualit\u00e9 est une excellente id\u00e9e. Souvent, cette configuration repose sur plusieurs enceintes \u00e0 disposer dans votre pi\u00e8ce, permettant une exp\u00e9rience sonore totalement enveloppante.<\/p>\n<p>Parmi les fabricants renomm\u00e9s, on peut citer <a href=\"https:\/\/www.blackfridaydeals.ch\/fr\/shops\/sony-fr\/\">Sony<\/a> et Bose, r\u00e9put\u00e9s pour la clart\u00e9 et la puissance de leurs \u00e9quipements audio. Le syst\u00e8me Sony HT-A9 ou la configuration Bose Smart Soundbar\u00a0900 (accompagn\u00e9e de modules de basses et d\u2019enceintes surround) incarnent l\u2019une des r\u00e9f\u00e9rences actuelles pour qui cherche \u00e0 s\u2019offrir une immersion cin\u00e9ma depuis son canap\u00e9. Les prix de ces appareils peuvent s\u2019\u00e9lever au-del\u00e0 de 2\u00a0000\u00a0CHF, voire plus pour un ensemble tr\u00e8s complet.<\/p>\n<p>\u00c0 l\u2019occasion du Black Friday 2026, des enseignes comme <a href=\"https:\/\/www.blackfridaydeals.ch\/fr\/shops\/mediamarkt-fr\/\">Media Markt<\/a> sont susceptibles de proposer des remises substantielles sur certains de ces produits, par le biais de soldes sp\u00e9cifiques. Vous pourriez alors tomber sur des r\u00e9ductions d\u00e9passant parfois les \u201350\u00a0%, rendant accessible un \u00e9quipement home cin\u00e9ma habituellement co\u00fbteux. Il n\u2019est pas exclu qu\u2019une partie des offres soit prolong\u00e9e jusqu\u2019au <a href=\"https:\/\/www.blackfridaydeals.ch\/fr\/cyber-monday\/\">Cyber Monday<\/a>, voire qu\u2019une autre vague de rabais fasse son apparition \u00e0 cette date.<\/p>\n<h2>Le plaisir du son avec des \u00e9couteurs de haute qualit\u00e9<\/h2>\n<p>Pour ceux qui souhaitent profiter d\u2019un son exceptionnel en toute discr\u00e9tion, sans incommoder leur entourage, un large choix d\u2019\u00e9couteurs est disponible. Qu\u2019il s\u2019agisse de visionner un film, d\u2019\u00e9couter de la musique ou de passer des appels, la r\u00e9duction de bruit active et une bonne autonomie de batterie font toute la diff\u00e9rence.<\/p>\n<p>Parmi les mod\u00e8les en vogue, on retrouve par exemple les <strong>Bose QuietComfort\u00a045<\/strong> ou la nouvelle gamme Bose QuietComfort Ultra, qui offrent un confort Over-Ear remarquable. De leur c\u00f4t\u00e9, Apple propose les <strong>AirPods\u00a0Pro (2\u1d49\u00a0g\u00e9n\u00e9ration avec USB\u2011C)<\/strong> ou encore les <strong>AirPods\u00a0Max<\/strong> pour ceux qui pr\u00e9f\u00e8rent un design supra-auriculaire et recherchent une int\u00e9gration parfaite dans l\u2019\u00e9cosyst\u00e8me Apple. Les adeptes de casques sans fil compacts se tournent souvent vers les <strong>Samsung Galaxy Buds\u00a02\u00a0Pro<\/strong> ou les <strong>Sony WF-1000XM5<\/strong>, \u00e9galement r\u00e9put\u00e9s pour leur qualit\u00e9 sonore.<\/p>\n<p>Beaucoup de ces appareils co\u00fbtent plus de 150\u00a0CHF, voire bien davantage pour le haut de gamme. N\u00e9anmoins, le Black Friday 2026 pourrait offrir l\u2019opportunit\u00e9 d\u2019acheter un casque ou des \u00e9couteurs \u00e0 un prix bien plus abordable. Certaines enseignes appliquent des rabais allant jusqu\u2019\u00e0 \u201380\u00a0% sur les produits s\u00e9lectionn\u00e9s, ce qui vous permettrait de faire une excellente affaire.<\/p>\n<h2>Haut-parleurs portables et autres<\/h2>\n<p>Les syst\u00e8mes home cin\u00e9ma et les casques ne sont qu\u2019une partie de l\u2019offre audio. Les enceintes portables s\u00e9duisent de nombreux utilisateurs qui souhaitent profiter de leur musique partout. On pense notamment aux mod\u00e8les d\u2019<strong>Ultimate Ears<\/strong> ou aux enceintes Bluetooth de marques comme <strong>Teufel<\/strong> ou <strong>JBL<\/strong>. Gr\u00e2ce \u00e0 leur connexion sans fil, elles sont id\u00e9ales pour les soir\u00e9es entre amis ou les sorties en ext\u00e9rieur.<\/p>\n<p>Comme pour le reste de la gamme audio, il est fort probable que ces haut-parleurs b\u00e9n\u00e9ficient de fortes r\u00e9ductions lors du Black Friday 2026. Des rabais pouvant d\u00e9passer \u201350\u00a0% sont r\u00e9guli\u00e8rement observ\u00e9s, ce qui rend ces produits bien plus accessibles \u00e0 ceux qui recherchent un son de qualit\u00e9 en mobilit\u00e9. Enfin, n\u2019oubliez pas que le <a href=\"https:\/\/www.blackfridaydeals.ch\/fr\/singles-day\/\">Singles Day<\/a> et le Cyber\u00a0Monday r\u00e9servent eux aussi leur lot de promotions\u00a0: si vous ratez une offre en novembre, vous aurez peut-\u00eatre une seconde chance au cours de ces \u00e9v\u00e9nements.<\/p>\n<h3>Plus d&#8217;articles int\u00e9ressants:<\/h3>\n<ul>\n<li><a href=\"https:\/\/www.blackfridaydeals.ch\/fr\/photos-video-black-friday\/\">Les meilleures affaires en photos et vid\u00e9o au Black Friday 2026<\/a><\/li>\n<li><a href=\"https:\/\/www.blackfridaydeals.ch\/fr\/meilleures-appareils-photos\/\">Les meilleures affaires sur les appareils photos au Black Friday 2026<\/a><\/li>\n<li><a href=\"https:\/\/www.blackfridaydeals.ch\/fr\/fournitures-bureau-black-friday\/\">Les meilleures affaires pour les fournitures de bureau au Black Friday 2026<\/a><\/li>\n<li><a href=\"https:\/\/www.blackfridaydeals.ch\/fr\/montres-connectees-black-friday\/\">Les meilleures affaires sur les montres connect\u00e9es au Black Friday 2026<\/a><\/li>\n<li><a href=\"https:\/\/www.blackfridaydeals.ch\/fr\/offres-jouets-black-friday\/\">Les meilleures offres sur les jouets au Black Friday 2026<\/a><\/li>\n<li><a href=\"https:\/\/www.blackfridaydeals.ch\/fr\/offres-montres-black-friday\/\">Les meilleures offres de montres pour le Black Friday 2026<\/a><\/li>\n<li><a href=\"https:\/\/www.blackfridaydeals.ch\/fr\/beaute-au-black-friday\/\">Les meilleures offres dans le monde de beaut\u00e9 au Black Friday 2026<\/a><\/li>\n<li><a href=\"https:\/\/www.blackfridaydeals.ch\/fr\/ordinateurs-portables-black-friday\/\">Les meilleures offres sur les ordinateurs portables au Black Friday 2026<\/a><\/li>\n<li><a href=\"https:\/\/www.blackfridaydeals.ch\/fr\/offres-smartphones-black-friday\/\">Ces offres sur les smartphones seront disponibles au Black Friday 2026<\/a><\/li>\n<li><a href=\"https:\/\/www.blackfridaydeals.ch\/fr\/parfum-prix-reduit-black-friday\/\">Comment trouver ce parfum subtil \u00e0 prix r\u00e9duit au Black Friday 2026<\/a><\/li>\n<li><a href=\"https:\/\/www.blackfridaydeals.ch\/fr\/chaussures-au-black-friday\/\">Des chaussures de haute qualit\u00e9 \u00e0 des prix abordables au Black Friday 2026<\/a><\/li>\n<li><a href=\"https:\/\/www.blackfridaydeals.ch\/fr\/black-friday-home-cinema\/\">Les meilleures affaires au Black Friday 2026 sur le Home Cin\u00e9ma<\/a><\/li>\n<li><a href=\"https:\/\/www.blackfridaydeals.ch\/fr\/black-friday-alimentaires\/\">Les meilleures affaires au Black Friday 2026 sur les produits alimentaires et les boissons<\/a><\/li>\n<li><a href=\"https:\/\/www.blackfridaydeals.ch\/fr\/meilleures-meubles-black-friday\/\">Les meilleures affaires sur les meubles au Black Friday 2026<\/a><\/li>\n<li><a href=\"https:\/\/www.blackfridaydeals.ch\/fr\/offres-fitness-black-friday-year\/\">Les meilleures offres de fitness au Black Friday 2026<\/a><\/li>\n<li><a href=\"https:\/\/www.blackfridaydeals.ch\/fr\/pour-le-menage-black-friday\/\">Tout ce qu&#8217;il faut pour le m\u00e9nage au Black Friday 2026<\/a><\/li>\n<li><a href=\"https:\/\/www.blackfridaydeals.ch\/fr\/voyages-vols-hotels-black-friday\/\">Voyages, vols et h\u00f4tels \u00e0 bas prix Black Friday 2026<\/a><\/li>\n<li><a href=\"https:\/\/www.blackfridaydeals.ch\/fr\/offres-de-jeux-video-black-friday\/\">Voici les offres de jeux vid\u00e9o que nous attendons avec impatience au Black Friday 2026<\/a><\/li>\n<\/ul>\n<p>[\/vc_column_text][\/vc_column][\/vc_row]<\/p>\n","protected":false},"excerpt":{"rendered":"<p>[vc_row][vc_column][vc_column_text] Si vous \u00eates en qu\u00eate d\u2019une excellente qualit\u00e9 audio, vous serez sans doute ravi de pouvoir acqu\u00e9rir de nouvelles enceintes ou de nouveaux \u00e9couteurs \u00e0 un tarif r\u00e9duit. Les \u00e9quipements des grandes marques peuvent se r\u00e9v\u00e9ler co\u00fbteux, mais la bonne nouvelle est que de nombreux magasins proposent des baisses de prix \u00e0 l\u2019approche des [&hellip;]<\/p>\n","protected":false},"author":40,"featured_media":37344,"parent":0,"menu_order":0,"comment_status":"closed","ping_status":"closed","template":"","meta":[],"yoast_head":"<!-- This site is optimized with the Yoast SEO plugin v20.5 - https:\/\/yoast.com\/wordpress\/plugins\/seo\/ -->\n<title>Les meilleures offres de Son pendant le Black Friday 2026<\/title>\n<meta name=\"description\" content=\"Son : les offres du Black Friday 2026 Ici vous trouverez toutes les offres Black Friday dans l\u2019univers de Son.\" \/>\n<meta name=\"robots\" content=\"noindex, follow\" \/>\n<meta property=\"og:locale\" content=\"fr_FR\" \/>\n<meta property=\"og:type\" content=\"article\" \/>\n<meta property=\"og:title\" content=\"Les meilleures offres de Son pendant le Black Friday 2026\" \/>\n<meta property=\"og:description\" content=\"Son : les offres du Black Friday 2026 Ici vous trouverez toutes les offres Black Friday dans l\u2019univers de Son.\" \/>\n<meta property=\"og:url\" content=\"https:\/\/www.blackfridaydeals.ch\/fr\/offres-de-son-black-friday\/\" \/>\n<meta property=\"og:site_name\" content=\"blackfridaydeals.ch\" \/>\n<meta property=\"article:publisher\" content=\"https:\/\/www.facebook.com\/blackfridaydealsch\/\" \/>\n<meta property=\"article:modified_time\" content=\"2025-02-07T13:59:47+00:00\" \/>\n<meta property=\"og:image\" content=\"https:\/\/www.blackfridaydeals.ch\/wp-content\/uploads\/2021\/10\/electronics-g3d4e026bb_1280.jpg\" \/>\n\t<meta property=\"og:image:width\" content=\"1280\" \/>\n\t<meta property=\"og:image:height\" content=\"720\" \/>\n\t<meta property=\"og:image:type\" content=\"image\/jpeg\" \/>\n<meta name=\"twitter:card\" content=\"summary_large_image\" \/>\n<meta name=\"twitter:site\" content=\"@blackfridaych\" \/>\n<meta name=\"twitter:label1\" content=\"Est. reading time\" \/>\n\t<meta name=\"twitter:data1\" content=\"6 minutes\" \/>\n<script type=\"application\/ld+json\" class=\"yoast-schema-graph\">{\"@context\":\"https:\/\/schema.org\",\"@graph\":[{\"@type\":\"WebPage\",\"@id\":\"https:\/\/www.blackfridaydeals.ch\/fr\/offres-de-son-black-friday\/\",\"url\":\"https:\/\/www.blackfridaydeals.ch\/fr\/offres-de-son-black-friday\/\",\"name\":\"Les meilleures offres de Son pendant le Black Friday 2026\",\"isPartOf\":{\"@id\":\"https:\/\/www.blackfridaydeals.ch\/fr\/#website\"},\"datePublished\":\"2021-10-27T08:11:49+00:00\",\"dateModified\":\"2025-02-07T13:59:47+00:00\",\"description\":\"Son : les offres du Black Friday 2026 Ici vous trouverez toutes les offres Black Friday dans l\u2019univers de Son.\",\"breadcrumb\":{\"@id\":\"https:\/\/www.blackfridaydeals.ch\/fr\/offres-de-son-black-friday\/#breadcrumb\"},\"inLanguage\":\"fr-CH\",\"potentialAction\":[{\"@type\":\"ReadAction\",\"target\":[\"https:\/\/www.blackfridaydeals.ch\/fr\/offres-de-son-black-friday\/\"]}]},{\"@type\":\"BreadcrumbList\",\"@id\":\"https:\/\/www.blackfridaydeals.ch\/fr\/offres-de-son-black-friday\/#breadcrumb\",\"itemListElement\":[{\"@type\":\"ListItem\",\"position\":1,\"name\":\"Startseite\",\"item\":\"https:\/\/www.blackfridaydeals.ch\/fr\/\"},{\"@type\":\"ListItem\",\"position\":2,\"name\":\"Les meilleures offres de Son pendant le Black Friday\"}]},{\"@type\":\"WebSite\",\"@id\":\"https:\/\/www.blackfridaydeals.ch\/fr\/#website\",\"url\":\"https:\/\/www.blackfridaydeals.ch\/fr\/\",\"name\":\"blackfridaydeals.ch\",\"description\":\"Toutes les offres du Black Friday 2025 en Suisse\",\"publisher\":{\"@id\":\"https:\/\/www.blackfridaydeals.ch\/fr\/#organization\"},\"alternateName\":\"Black Friday Deals\",\"potentialAction\":[{\"@type\":\"SearchAction\",\"target\":{\"@type\":\"EntryPoint\",\"urlTemplate\":\"https:\/\/www.blackfridaydeals.ch\/fr\/?s={search_term_string}\"},\"query-input\":\"required name=search_term_string\"}],\"inLanguage\":\"fr-CH\"},{\"@type\":\"Organization\",\"@id\":\"https:\/\/www.blackfridaydeals.ch\/fr\/#organization\",\"name\":\"blackfridaydeals.ch\",\"alternateName\":\"Black Friday Deals\",\"url\":\"https:\/\/www.blackfridaydeals.ch\/fr\/\",\"logo\":{\"@type\":\"ImageObject\",\"inLanguage\":\"fr-CH\",\"@id\":\"https:\/\/www.blackfridaydeals.ch\/fr\/#\/schema\/logo\/image\/\",\"url\":\"https:\/\/www.blackfridaydeals.ch\/wp-content\/uploads\/2023\/03\/app-icon-white-bg-jpg.jpg\",\"contentUrl\":\"https:\/\/www.blackfridaydeals.ch\/wp-content\/uploads\/2023\/03\/app-icon-white-bg-jpg.jpg\",\"width\":512,\"height\":512,\"caption\":\"blackfridaydeals.ch\"},\"image\":{\"@id\":\"https:\/\/www.blackfridaydeals.ch\/fr\/#\/schema\/logo\/image\/\"},\"sameAs\":[\"https:\/\/www.facebook.com\/blackfridaydealsch\/\",\"https:\/\/twitter.com\/blackfridaych\",\"https:\/\/www.youtube.com\/channel\/UCNKXHacMw8AS34mBgzVx3FQ\",\"https:\/\/www.instagram.com\/blackfridaydeals.ch\/\"]}]}<\/script>\n<!-- \/ Yoast SEO plugin. -->","yoast_head_json":{"title":"Les meilleures offres de Son pendant le Black Friday 2026","description":"Son : les offres du Black Friday 2026 Ici vous trouverez toutes les offres Black Friday dans l\u2019univers de Son.","robots":{"index":"noindex","follow":"follow"},"og_locale":"fr_FR","og_type":"article","og_title":"Les meilleures offres de Son pendant le Black Friday 2026","og_description":"Son : les offres du Black Friday 2026 Ici vous trouverez toutes les offres Black Friday dans l\u2019univers de Son.","og_url":"https:\/\/www.blackfridaydeals.ch\/fr\/offres-de-son-black-friday\/","og_site_name":"blackfridaydeals.ch","article_publisher":"https:\/\/www.facebook.com\/blackfridaydealsch\/","article_modified_time":"2025-02-07T13:59:47+00:00","og_image":[{"width":1280,"height":720,"url":"https:\/\/www.blackfridaydeals.ch\/wp-content\/uploads\/2021\/10\/electronics-g3d4e026bb_1280.jpg","type":"image\/jpeg"}],"twitter_card":"summary_large_image","twitter_site":"@blackfridaych","twitter_misc":{"Est. reading time":"6 minutes"},"schema":{"@context":"https:\/\/schema.org","@graph":[{"@type":"WebPage","@id":"https:\/\/www.blackfridaydeals.ch\/fr\/offres-de-son-black-friday\/","url":"https:\/\/www.blackfridaydeals.ch\/fr\/offres-de-son-black-friday\/","name":"Les meilleures offres de Son pendant le Black Friday 2026","isPartOf":{"@id":"https:\/\/www.blackfridaydeals.ch\/fr\/#website"},"datePublished":"2021-10-27T08:11:49+00:00","dateModified":"2025-02-07T13:59:47+00:00","description":"Son : les offres du Black Friday 2026 Ici vous trouverez toutes les offres Black Friday dans l\u2019univers de Son.","breadcrumb":{"@id":"https:\/\/www.blackfridaydeals.ch\/fr\/offres-de-son-black-friday\/#breadcrumb"},"inLanguage":"fr-CH","potentialAction":[{"@type":"ReadAction","target":["https:\/\/www.blackfridaydeals.ch\/fr\/offres-de-son-black-friday\/"]}]},{"@type":"BreadcrumbList","@id":"https:\/\/www.blackfridaydeals.ch\/fr\/offres-de-son-black-friday\/#breadcrumb","itemListElement":[{"@type":"ListItem","position":1,"name":"Startseite","item":"https:\/\/www.blackfridaydeals.ch\/fr\/"},{"@type":"ListItem","position":2,"name":"Les meilleures offres de Son pendant le Black Friday"}]},{"@type":"WebSite","@id":"https:\/\/www.blackfridaydeals.ch\/fr\/#website","url":"https:\/\/www.blackfridaydeals.ch\/fr\/","name":"blackfridaydeals.ch","description":"Toutes les offres du Black Friday 2025 en Suisse","publisher":{"@id":"https:\/\/www.blackfridaydeals.ch\/fr\/#organization"},"alternateName":"Black Friday Deals","potentialAction":[{"@type":"SearchAction","target":{"@type":"EntryPoint","urlTemplate":"https:\/\/www.blackfridaydeals.ch\/fr\/?s={search_term_string}"},"query-input":"required name=search_term_string"}],"inLanguage":"fr-CH"},{"@type":"Organization","@id":"https:\/\/www.blackfridaydeals.ch\/fr\/#organization","name":"blackfridaydeals.ch","alternateName":"Black Friday Deals","url":"https:\/\/www.blackfridaydeals.ch\/fr\/","logo":{"@type":"ImageObject","inLanguage":"fr-CH","@id":"https:\/\/www.blackfridaydeals.ch\/fr\/#\/schema\/logo\/image\/","url":"https:\/\/www.blackfridaydeals.ch\/wp-content\/uploads\/2023\/03\/app-icon-white-bg-jpg.jpg","contentUrl":"https:\/\/www.blackfridaydeals.ch\/wp-content\/uploads\/2023\/03\/app-icon-white-bg-jpg.jpg","width":512,"height":512,"caption":"blackfridaydeals.ch"},"image":{"@id":"https:\/\/www.blackfridaydeals.ch\/fr\/#\/schema\/logo\/image\/"},"sameAs":["https:\/\/www.facebook.com\/blackfridaydealsch\/","https:\/\/twitter.com\/blackfridaych","https:\/\/www.youtube.com\/channel\/UCNKXHacMw8AS34mBgzVx3FQ","https:\/\/www.instagram.com\/blackfridaydeals.ch\/"]}]}},"_links":{"self":[{"href":"https:\/\/www.blackfridaydeals.ch\/fr\/wp-json\/wp\/v2\/pages\/38210"}],"collection":[{"href":"https:\/\/www.blackfridaydeals.ch\/fr\/wp-json\/wp\/v2\/pages"}],"about":[{"href":"https:\/\/www.blackfridaydeals.ch\/fr\/wp-json\/wp\/v2\/types\/page"}],"author":[{"embeddable":true,"href":"https:\/\/www.blackfridaydeals.ch\/fr\/wp-json\/wp\/v2\/users\/40"}],"replies":[{"embeddable":true,"href":"https:\/\/www.blackfridaydeals.ch\/fr\/wp-json\/wp\/v2\/comments?post=38210"}],"version-history":[{"count":13,"href":"https:\/\/www.blackfridaydeals.ch\/fr\/wp-json\/wp\/v2\/pages\/38210\/revisions"}],"predecessor-version":[{"id":98803,"href":"https:\/\/www.blackfridaydeals.ch\/fr\/wp-json\/wp\/v2\/pages\/38210\/revisions\/98803"}],"wp:featuredmedia":[{"embeddable":true,"href":"https:\/\/www.blackfridaydeals.ch\/fr\/wp-json\/wp\/v2\/media\/37344"}],"wp:attachment":[{"href":"https:\/\/www.blackfridaydeals.ch\/fr\/wp-json\/wp\/v2\/media?parent=38210"}],"curies":[{"name":"wp","href":"https:\/\/api.w.org\/{rel}","templated":true}]}}